{"id":12263,"date":"2022-03-11T01:29:48","date_gmt":"2022-03-11T08:29:48","guid":{"rendered":"https:\/\/windpilot.com\/blog\/en\/?page_id=12263"},"modified":"2022-03-11T01:30:30","modified_gmt":"2022-03-11T08:30:30","slug":"12263-2","status":"publish","type":"page","link":"https:\/\/windpilot.com\/blog\/en\/tec-news\/production-2\/12263-2\/","title":{"rendered":"Working from home"},"content":{"rendered":"<p><strong>STANDARD PROCEDURE \u2013 FOR THE LAST 45 YEARS\u2028<\/strong><br \/>\n<img loading=\"lazy\" decoding=\"async\" src=\"https:\/\/windpilot.com\/blog\/wp-content\/uploads\/2021\/12\/Peter-Bademantel-kl.jpg\" alt=\"\" width=\"2388\" height=\"1770\" class=\"aligncenter size-full wp-image-26021\" \/>Working from home remains a hot topic and everyone has an opinion to share, lauding the benefits, lamenting the disadvantages, longing to be back in the office or dreading the return to commuter life. Some profess to be excited about meeting colleagues in person once more, others sad to say goodbye to the days when dressing for business meant a smart top over loungewear. Inevitably there is disagreement: different people are affected in different ways and in any case, some people just like an argument and some people just can&#8217;t stomach change. I have heard it advocated that we should simply go with the flow, that we should take the path of least resistance for an easy ride through life, but not everyone does find it easy to spend their days ducking and diving, nodding meekly and tugging the forelock. It seems expediency is often the golden rule today \u2013 expediency in the sense that when you discover something good, you keep it close to your chest to avoid throwing fuel on the fire of envy and weakening the fabric of society. Too far-fetched? I feel the ghost of a smile crossing my face; does it show?<br \/>\n<img loading=\"lazy\" decoding=\"async\" src=\"https:\/\/windpilot.com\/blog\/wp-content\/uploads\/2021\/12\/Treppenhaus.jpg\" alt=\"\" width=\"2134\" height=\"1464\" class=\"aligncenter size-full wp-image-26023\" \/>A flight of 20 steps, each 20\u00a0centimetres high, separates the white-collar world from the blue at Windpilot. Upstairs means intellectual labour, downstairs manual, and the four-metre height difference that separates the two means a change of focus (and a moment of exercise) every time I move between them \u2013 just as it has done for the last 47 years.<br \/>\nThe decision to combine work and sleep under one roof back in 1978 didn&#8217;t feel especially momentous at the time. The arrangement certainly has its benefits in a business operated by life partners. I have noticed some downsides as well (including experiencing just about every variety of close combat there is over the years), but believe me when I say I can most often be found grinning from ear to ear about it.\u2028<br \/>\n<img loading=\"lazy\" decoding=\"async\" src=\"https:\/\/windpilot.com\/blog\/wp-content\/uploads\/2021\/12\/2CV-front.jpg\" alt=\"\" width=\"2560\" height=\"1920\" class=\"aligncenter size-full wp-image-26046\" \/>We still had proper winters in those days too, which made the long commute in my cold and clunky 2CV (an hour or two every day, more if I forgot something and had to double back) even harder to enjoy. My brain prefers not to calculate exactly how much time I have saved over the decades but I feel I must have gained years. Actually I think I&#8217;d rather look at it this way: not having to travel to work every day has simply enabled me to make better use of my life. It came as quite a shock to realise this during a reflective moment in mid-December last year!\u2028<br \/>\n<img loading=\"lazy\" decoding=\"async\" src=\"https:\/\/windpilot.com\/blog\/wp-content\/uploads\/2021\/12\/Werkstatt-1977-2.jpg\" alt=\"\" width=\"1548\" height=\"1044\" class=\"aligncenter size-full wp-image-26032\" \/><img loading=\"lazy\" decoding=\"async\" src=\"https:\/\/windpilot.com\/blog\/wp-content\/uploads\/2021\/12\/Werkstatt-1977-20001.jpg\" alt=\"\" width=\"1540\" height=\"1040\" class=\"aligncenter size-full wp-image-26033\" \/>Ich wurde damals in meinem Bekanntenkreis ringsum f\u00fcr verr\u00fcckt erkl\u00e4rt: <em>\u201ewie kann man nur so dumm sein, Wohn- und Arbeitsleben so eng zu verkn\u00fcpfen?\u201c<\/em>I was roundly ridiculed when I first told my friends what I had in mind. &#8220;Are you mad? Why would anyone want to put their home and business under the same roof?&#8221; Of course soon enough those same friends thought nothing of dropping by to visit me in the workshop for help with this or that essential of the sailing life since \u2013 oh how very practical \u2013 I was almost certain to be at home.<br \/>\n<img loading=\"lazy\" decoding=\"async\" src=\"https:\/\/windpilot.com\/blog\/wp-content\/uploads\/2021\/12\/Windpilot-002.jpeg\" alt=\"\" width=\"1280\" height=\"883\" class=\"aligncenter size-full wp-image-26035\" \/>Here a pulpit &#8220;<em>You must have a bit of spare 25\u00a0mill tube here somewhere<\/em>&#8220;, there a fitting, <em>Maybe a HeliCoil for the cylinder head as well<\/em>I just need to borrow a couple of tools for a moment&#8230; Did all of this help or hinder the cause of friendship? My thoughts on the matter today run as clear as the mountain stream.<br \/>\nDisposing of the by-products was always my job: old containers full of used engine oil, defunct car bumpers and all the other waste materials produced were always left to me with a mumbled <em>You&#8217;ll be able to sell that on won&#8217;t you?<\/em> And as for the poor toilet and the abuse it took, well, it&#8217;s best not to think about it. Time and again I heard those famous words: <em>And if you need a hand with anything just give me a call.<\/em>&#8221;<\/p>\n<p>When the building works were under way in earnest during the 1980s and 1990s however, to my great surprise (as if), I was largely left to my own devices. There were professionals on site for the serious structural work of course though \u2013 and come to think of it my forklift truck was always there when I needed it too. As usual it is all about give and take. Perhaps some of us just have more to give and others have &#8230; (fill in the blank). Sharp elbows and a very short memory for favours: it&#8217;s enough (so the mirror tells me) to turn one&#8217;s hair grey.<\/p>\n<blockquote class=\"wp-embedded-content\" data-secret=\"kvUCLRAUPt\"><p><a href=\"https:\/\/windpilot.com\/blog\/biography\/maennerspielzeug\/\">M\u00e4nnerspielzeug<\/a><\/p><\/blockquote>\n<p><iframe loading=\"lazy\" class=\"wp-embedded-content\" sandbox=\"allow-scripts\" security=\"restricted\" style=\"position: absolute; clip: rect(1px, 1px, 1px, 1px);\" title=\"&#8222;M\u00e4nnerspielzeug&#8220; &#8212; Windpilot Blog\" src=\"https:\/\/windpilot.com\/blog\/biography\/maennerspielzeug\/embed\/#?secret=DeZbqCCpg0#?secret=kvUCLRAUPt\" data-secret=\"kvUCLRAUPt\" width=\"600\" height=\"338\" frameborder=\"0\" marginwidth=\"0\" marginheight=\"0\" scrolling=\"no\"><\/iframe><br \/>\n<img loading=\"lazy\" decoding=\"async\" src=\"https:\/\/windpilot.com\/blog\/wp-content\/uploads\/2021\/12\/Ohne-Titel-5.jpg\" alt=\"\" width=\"1568\" height=\"1372\" class=\"aligncenter size-full wp-image-26038\" \/>It is of course also very convenient to live at the construction site. Important delivery arriving at half five in the morning? Not a problem provided the alarm clock does its job. Pyjamas are perfectly good attire for unloading a truck after all \u2013 assuming it really is the crack of dawn and not nearly lunch time, when appearing in public in pyjamas might suggest to the suspicious-minded that whatever &#8220;ing&#8221; it is you&#8217;ve been doing at home that morning, it had nothing to do with work.<br \/>\n<img loading=\"lazy\" decoding=\"async\" src=\"https:\/\/windpilot.com\/blog\/wp-content\/uploads\/2021\/12\/Eiffel.jpg\" alt=\"\" width=\"1616\" height=\"1452\" class=\"aligncenter size-full wp-image-26028\" \/>The other, far more practical alternative to sleeping in pyjamas (although possibly even more of a turn-off than pyjamas for certain other nocturnal activities with company), is to go to bed ready dressed in work clothes. That way, there&#8217;s no need for another costume drama in the morning and the time that would have been spent changing can be dedicated to other, more productive things. Finding the time is always the problem. It always has been. Even when I first went to sea as a teenager, the crew nicknamed me for my haste. \u2028<br \/>\n<img loading=\"lazy\" decoding=\"async\" src=\"https:\/\/windpilot.com\/blog\/wp-content\/uploads\/2021\/12\/White-House.jpg\" alt=\"\" width=\"1730\" height=\"1290\" class=\"aligncenter size-full wp-image-26025\" \/>My incessant (and consistently unsuccessful) struggle to fit everything I want to do into the hours I have available played a large part in my decision 19 years ago to make my 220th international boat show appearance my last. <\/p>\n<p><img loading=\"lazy\" decoding=\"async\" src=\"https:\/\/windpilot.com\/blog\/wp-content\/uploads\/2021\/12\/PeterNeedles.jpg\" alt=\"\" width=\"2100\" height=\"1381\" class=\"aligncenter size-full wp-image-26027\" \/>The ratio of costs (travel, hotel, car rental etc.) to benefits (sales and access to prospective customers for the future) regularly ended up the wrong way around but with conditions not yet ripe for word-of-mouth to take off, the other options for throwing money at the problem were limited. Hand in hand with all the money spent though went time spent. A good few months of business might make up for the former, but it hurt me to acknowledge the latter was gone for good.\u2028<br \/>\n<img loading=\"lazy\" decoding=\"async\" src=\"https:\/\/windpilot.com\/blog\/wp-content\/uploads\/2021\/12\/Ohne-Titel-4.jpg\" alt=\"\" width=\"1056\" height=\"992\" class=\"aligncenter size-full wp-image-26030\" \/>Teams and Zoom were not even a twinkle in a developer&#8217;s eye back then of course and the internet was still in short trousers. It was the Wild West as far as marketing windvane self-steering systems goes. Travelling for work did though have a certain allure for a young man in the early days: aeroplanes, exotic-sounding destinations, the risks and opportunities of selling face-to-face all over the world and the chance to meet interesting new people for reasons of business and (less successfully, if I&#8217;m honest) fleeting pleasures.<br \/>\n<img loading=\"lazy\" decoding=\"async\" src=\"https:\/\/windpilot.com\/blog\/wp-content\/uploads\/2021\/12\/Dat-Mut-So.jpeg\" alt=\"\" width=\"1280\" height=\"960\" class=\"aligncenter size-full wp-image-26040\" \/>Even then though I was already laying the robust foundations at my home\/factory\/office that helped me hit the fast lane in international marketing when the time came. Hamburg airport is just around the corner (almost as close as the nearest good bakery) and, since we live and work under the same roof, the boss can always find me easily enough when she needs me without having to use the phone and push up our overheads. Our magic carpet ride continues.<br \/>\n\u2028Windpilot: right on trend just by carrying on doing what we&#8217;ve always done!\u2028<br \/>\nBest wishes,<br \/>\nPeter Foerthmann \u2028<br \/>\n<img loading=\"lazy\" decoding=\"async\" src=\"https:\/\/windpilot.com\/blog\/wp-content\/uploads\/2021\/12\/A.-Peter-Lions-150x150.jpg\" alt=\"\" width=\"150\" height=\"150\" class=\"alignleft size-thumbnail wp-image-25886\" \/><\/p>\n","protected":false},"excerpt":{"rendered":"<p>STANDARD PROCEDURE \u2013 FOR THE LAST 45 YEARS\u2028 Working from home remains a hot topic and everyone has an opinion to share, lauding the benefits, lamenting the disadvantages, longing to be back in the office or dreading the return to &hellip; <a href=\"https:\/\/windpilot.com\/blog\/en\/tec-news\/production-2\/12263-2\/\">Continue reading <span class=\"meta-nav\">&rarr;<\/span><\/a><\/p>\n","protected":false},"author":1,"featured_media":0,"parent":11942,"menu_order":-1,"comment_status":"open","ping_status":"closed","template":"","meta":{"footnotes":""},"class_list":["post-12263","page","type-page","status-publish","hentry"],"_links":{"self":[{"href":"https:\/\/windpilot.com\/blog\/en\/wp-json\/wp\/v2\/pages\/12263","targetHints":{"allow":["GET"]}}],"collection":[{"href":"https:\/\/windpilot.com\/blog\/en\/wp-json\/wp\/v2\/pages"}],"about":[{"href":"https:\/\/windpilot.com\/blog\/en\/wp-json\/wp\/v2\/types\/page"}],"author":[{"embeddable":true,"href":"https:\/\/windpilot.com\/blog\/en\/wp-json\/wp\/v2\/users\/1"}],"replies":[{"embeddable":true,"href":"https:\/\/windpilot.com\/blog\/en\/wp-json\/wp\/v2\/comments?post=12263"}],"version-history":[{"count":4,"href":"https:\/\/windpilot.com\/blog\/en\/wp-json\/wp\/v2\/pages\/12263\/revisions"}],"predecessor-version":[{"id":12267,"href":"https:\/\/windpilot.com\/blog\/en\/wp-json\/wp\/v2\/pages\/12263\/revisions\/12267"}],"up":[{"embeddable":true,"href":"https:\/\/windpilot.com\/blog\/en\/wp-json\/wp\/v2\/pages\/11942"}],"wp:attachment":[{"href":"https:\/\/windpilot.com\/blog\/en\/wp-json\/wp\/v2\/media?parent=12263"}],"curies":[{"name":"wp","href":"https:\/\/api.w.org\/{rel}","templated":true}]}}