{"id":12281,"date":"2022-03-20T09:31:50","date_gmt":"2022-03-20T16:31:50","guid":{"rendered":"https:\/\/windpilot.com\/blog\/en\/?page_id=12281"},"modified":"2022-08-15T05:17:23","modified_gmt":"2022-08-15T12:17:23","slug":"boreal","status":"publish","type":"page","link":"https:\/\/windpilot.com\/blog\/en\/ships\/cruising-boats\/boreal\/","title":{"rendered":"Bor\u00e9al"},"content":{"rendered":"<p><strong>A FRENCH SPECIAL WITH INTEGRAL CENTREBOARD AND BALLAST \u2028<\/strong><br \/>\n<img loading=\"lazy\" decoding=\"async\" src=\"https:\/\/windpilot.com\/blog\/wp-content\/uploads\/2021\/12\/1040624_531818926874470_1558390315_o.jpeg\" alt=\"\" width=\"2048\" height=\"1536\" class=\"aligncenter size-full wp-image-25908\" \/>When French company Alubat launched the first mass-produced boats to be built in seawater-resistant 5019 aluminium alloy 40 years ago, predictions of doom quickly followed: it will degrade in no time, it will react in seawater, there will all kinds of electrical problems and so on. Centreboards, internal ballast and lifting rudder options did nothing to dampen the chorus of condemnation. Here in Germany at least, there was no way significant numbers of sailors were going to invest in something that broke so many taboos.<br \/>\n<img loading=\"lazy\" decoding=\"async\" src=\"https:\/\/windpilot.com\/blog\/wp-content\/uploads\/2021\/12\/35240470_10155252013707827_8243713137920966656_n.jpeg\" alt=\"\" width=\"2048\" height=\"1364\" class=\"aligncenter size-full wp-image-25923\" \/><\/p>\n<blockquote class=\"wp-embedded-content\" data-secret=\"6yoQkCaT3O\"><p><a href=\"https:\/\/windpilot.com\/blog\/blog\/blogs\/sv-lunacy-charles-doane-us\/\">SV Lunacy &#8211; Charles Doane US<\/a><\/p><\/blockquote>\n<p><iframe loading=\"lazy\" class=\"wp-embedded-content\" sandbox=\"allow-scripts\" security=\"restricted\" style=\"position: absolute; clip: rect(1px, 1px, 1px, 1px);\" title=\"&#8222;SV Lunacy &#8211; Charles Doane US&#8220; &#8212; Windpilot Blog\" src=\"https:\/\/windpilot.com\/blog\/blog\/blogs\/sv-lunacy-charles-doane-us\/embed\/#?secret=gmQErhVfXt#?secret=6yoQkCaT3O\" data-secret=\"6yoQkCaT3O\" width=\"600\" height=\"338\" frameborder=\"0\" marginwidth=\"0\" marginheight=\"0\" scrolling=\"no\"><\/iframe><\/p>\n<p>Then as now, France was a hotbed of innovation not just for sailing boats but for watercraft of all types. The French \u2013 even those who live far from the country&#8217;s enormously long coasts \u2013 have an affinity for sailing unmatched elsewhere. People have traditionally turned out in their droves to cheer the stars of the Vend\u00e9e Globe down the Champs-\u00c9lys\u00e9es after each edition of the race, for example. Most of my countryfolk only seem to be able to muster that level of enthusiasm for a beer on the sofa watching football on TV.<\/p>\n<p><img loading=\"lazy\" decoding=\"async\" src=\"https:\/\/windpilot.com\/blog\/wp-content\/uploads\/2021\/12\/464332_360028144053550_1991206414_o.jpeg\" alt=\"\" width=\"2048\" height=\"1536\" class=\"aligncenter size-full wp-image-25909\" \/>Today aluminium is acknowledged throughout the cruising community as an excellent material for boatbuilding: strong, durable and proven seawater resistant.<br \/>\n<img loading=\"lazy\" decoding=\"async\" src=\"https:\/\/windpilot.com\/blog\/wp-content\/uploads\/2021\/12\/476249_505228719533491_1545034885_o.jpeg\" alt=\"\" width=\"2048\" height=\"1365\" class=\"aligncenter size-full wp-image-25910\" \/>So much for the alloy; what about the other defining features? Integral centreboard designs rely on a very generous beam for much of their form stability, so what about upwind performance? Admittedly, Bor\u00e9als are not bandits on the wind. Why should they be when they are designed and built with completely different objectives in mind? Bluewater sailors generally prefer sailing with the wind aft of the beam. Only the toughest nuts choose to do everything uphill, be it to test themselves, prove something to the world or find a different way of making an impact.<\/p>\n<p><img loading=\"lazy\" decoding=\"async\" src=\"https:\/\/windpilot.com\/blog\/wp-content\/uploads\/2021\/12\/1529844_632862063436822_873718918_o.jpeg\" alt=\"\" width=\"1700\" height=\"1133\" class=\"aligncenter size-full wp-image-25911\" \/>Each to their own, of course: every sailor should be able to follow the course they wish in the way they choose.\u2028<br \/>\n<img loading=\"lazy\" decoding=\"async\" src=\"https:\/\/windpilot.com\/blog\/wp-content\/uploads\/2021\/12\/18582110_1494153450641008_3545142617372766304_n-Kopie.jpg\" alt=\"\" width=\"960\" height=\"720\" class=\"aligncenter size-full wp-image-25916\" \/><\/p>\n<blockquote class=\"wp-embedded-content\" data-secret=\"LGuZQRPQ14\"><p><a href=\"https:\/\/windpilot.com\/blog\/blog\/blogs\/sv-sila-christopher-barnes-us\/\">SV Sila &#8211; Christopher Barnes US<\/a><\/p><\/blockquote>\n<p><iframe loading=\"lazy\" class=\"wp-embedded-content\" sandbox=\"allow-scripts\" security=\"restricted\" style=\"position: absolute; clip: rect(1px, 1px, 1px, 1px);\" title=\"&#8222;SV Sila &#8211; Christopher Barnes US&#8220; &#8212; Windpilot Blog\" src=\"https:\/\/windpilot.com\/blog\/blog\/blogs\/sv-sila-christopher-barnes-us\/embed\/#?secret=fgx7xMftLJ#?secret=LGuZQRPQ14\" data-secret=\"LGuZQRPQ14\" width=\"600\" height=\"338\" frameborder=\"0\" marginwidth=\"0\" marginheight=\"0\" scrolling=\"no\"><\/iframe><\/p>\n<p>Single-chine hulls are simple to build while round-bilged hulls make for much more elegant lines. The multi-chine hulls typical of the classic French centreboarder have turned out to be a most effective compromise: relatively inexpensive to produce but still easy on the eye. Excessive weather helm may have been a feature of Ovnis in the early years but Bor\u00e9als \u2013 like modern Ovnis for that matter \u2013 are well-balanced creations that respond most obediently to a light touch on the helm.\u2028<br \/>\n<img loading=\"lazy\" decoding=\"async\" src=\"https:\/\/windpilot.com\/blog\/wp-content\/uploads\/2021\/12\/16402618_1378830455506642_1566147317143237739_o.jpeg\" alt=\"\" width=\"2048\" height=\"1365\" class=\"aligncenter size-full wp-image-25912\" \/><br \/>\nThe pros and cons of integral centreboard boats are described<a href=\"https:\/\/www.morganscloud.com\/2010\/10\/17\/rudder-options-2\/\">here<\/a><br \/>\n<img loading=\"lazy\" decoding=\"async\" src=\"https:\/\/windpilot.com\/blog\/wp-content\/uploads\/2021\/12\/17311308_1425917437464610_6912547477003133499_o.jpeg\" alt=\"\" width=\"2048\" height=\"1152\" class=\"aligncenter size-full wp-image-25913\" \/><br \/>\nEverything I have said here about Ovni yachts applies equally to the range developed by <a href=\"http:\/\/<a href=\"https:\/\/www.boreal-yachts.com\">BOREAL<\/a>&#8220;>Bor\u00e9al<\/a>, a manufacturer that started up in Minihy-Tr\u00e9guier, Brittany, about twelve years ago and has since won international prizes for both design and realisation. Windpilot began working with Bor\u00e9al fairly soon after the company first appeared and many Bor\u00e9al yachts have subsequently been delivered with the Pacific ready installed. This ongoing collaboration has been a success for all sides.<br \/>\n<iframe loading=\"lazy\" width=\"560\" height=\"315\" src=\"https:\/\/www.youtube.com\/embed\/64D-PSV5iBs\" title=\"YouTube video player\" frameborder=\"0\" allow=\"accelerometer; autoplay; clipboard-write; encrypted-media; gyroscope; picture-in-picture\" allowfullscreen><\/iframe><br \/>\n<img loading=\"lazy\" decoding=\"async\" src=\"https:\/\/windpilot.com\/blog\/wp-content\/uploads\/2021\/12\/17757370_1447856621937358_1225347033740759477_n-Kopie.jpg\" alt=\"\" width=\"960\" height=\"540\" class=\"aligncenter size-full wp-image-25914\" \/><img loading=\"lazy\" decoding=\"async\" src=\"https:\/\/windpilot.com\/blog\/wp-content\/uploads\/2021\/12\/18921871_1513151812074505_674242339527877680_n.png\" alt=\"\" width=\"601\" height=\"797\" class=\"aligncenter size-full wp-image-25915\" \/><img loading=\"lazy\" decoding=\"async\" src=\"https:\/\/windpilot.com\/blog\/wp-content\/uploads\/2021\/12\/19780585_1540967029292983_8251601633679904908_o.jpeg\" alt=\"\" width=\"2048\" height=\"1536\" class=\"aligncenter size-full wp-image-25917\" \/><img loading=\"lazy\" decoding=\"async\" src=\"https:\/\/windpilot.com\/blog\/wp-content\/uploads\/2021\/12\/21316514_1601047706618248_4044296965917604294_o.jpeg\" alt=\"\" width=\"2048\" height=\"1536\" class=\"aligncenter size-full wp-image-25918\" \/><img loading=\"lazy\" decoding=\"async\" src=\"https:\/\/windpilot.com\/blog\/wp-content\/uploads\/2021\/12\/21741222_1614116561978029_7237666861534794728_o.jpeg\" alt=\"\" width=\"2048\" height=\"1152\" class=\"aligncenter size-full wp-image-25919\" \/><img loading=\"lazy\" decoding=\"async\" src=\"https:\/\/windpilot.com\/blog\/wp-content\/uploads\/2021\/12\/28698503_1776071985782485_3905045570734663900_o-1.jpeg\" alt=\"\" width=\"1823\" height=\"921\" class=\"aligncenter size-full wp-image-25921\" \/><img loading=\"lazy\" decoding=\"async\" src=\"https:\/\/windpilot.com\/blog\/wp-content\/uploads\/2021\/12\/61274702_2384857091570635_4983289664073891840_n.jpeg\" alt=\"\" width=\"1815\" height=\"1389\" class=\"aligncenter size-full wp-image-25926\" \/><img loading=\"lazy\" decoding=\"async\" src=\"https:\/\/windpilot.com\/blog\/wp-content\/uploads\/2021\/12\/Boreal-44-Kopie.jpg\" alt=\"\" width=\"1153\" height=\"764\" class=\"aligncenter size-full wp-image-25927\" \/><img loading=\"lazy\" decoding=\"async\" src=\"https:\/\/windpilot.com\/blog\/wp-content\/uploads\/2021\/12\/Boreal-44-Kopie-2-scaled.jpg\" alt=\"\" width=\"2560\" height=\"1920\" class=\"aligncenter size-full wp-image-25928\" \/><img loading=\"lazy\" decoding=\"async\" src=\"https:\/\/windpilot.com\/blog\/wp-content\/uploads\/2021\/12\/Boreal-47-Doane.jpeg\" alt=\"\" width=\"2048\" height=\"1152\" class=\"aligncenter size-full wp-image-25929\" \/><img loading=\"lazy\" decoding=\"async\" src=\"https:\/\/windpilot.com\/blog\/wp-content\/uploads\/2021\/12\/Boreal-47-Inuksuk-Kopie.jpg\" alt=\"\" width=\"1656\" height=\"1240\" class=\"aligncenter size-full wp-image-25930\" \/><img loading=\"lazy\" decoding=\"async\" src=\"https:\/\/windpilot.com\/blog\/wp-content\/uploads\/2021\/12\/Boreal47-kids-Kopie-2.jpeg\" alt=\"\" width=\"1280\" height=\"960\" class=\"size-full wp-image-25931\" \/><img loading=\"lazy\" decoding=\"async\" src=\"https:\/\/windpilot.com\/blog\/wp-content\/uploads\/2021\/12\/dryout.00-Kopie.jpg\" alt=\"\" width=\"576\" height=\"768\" class=\"aligncenter size-full wp-image-25932\" \/><img loading=\"lazy\" decoding=\"async\" src=\"https:\/\/windpilot.com\/blog\/wp-content\/uploads\/2021\/12\/DSCN1367-Kopie-scaled.jpg\" alt=\"\" width=\"2560\" height=\"1920\" class=\"aligncenter size-full wp-image-25933\" \/><img loading=\"lazy\" decoding=\"async\" src=\"https:\/\/windpilot.com\/blog\/wp-content\/uploads\/2021\/12\/DSCN1381-Kopie-scaled.jpg\" alt=\"\" width=\"2560\" height=\"1920\" class=\"aligncenter size-full wp-image-25934\" \/><img loading=\"lazy\" decoding=\"async\" src=\"https:\/\/windpilot.com\/blog\/wp-content\/uploads\/2021\/12\/image8-Kopie.jpeg\" alt=\"\" width=\"1280\" height=\"960\" class=\"aligncenter size-full wp-image-25935\" \/><img loading=\"lazy\" decoding=\"async\" src=\"https:\/\/windpilot.com\/blog\/wp-content\/uploads\/2021\/12\/IMG_1331-Kopie.jpeg\" alt=\"\" width=\"480\" height=\"640\" class=\"aligncenter size-full wp-image-25936\" \/><img loading=\"lazy\" decoding=\"async\" src=\"https:\/\/windpilot.com\/blog\/wp-content\/uploads\/2021\/12\/IMG_1940-Kopie.jpg\" alt=\"\" width=\"1600\" height=\"1200\" class=\"aligncenter size-full wp-image-25937\" \/><img loading=\"lazy\" decoding=\"async\" src=\"https:\/\/windpilot.com\/blog\/wp-content\/uploads\/2021\/12\/IMG_2684-Kopie.jpg\" alt=\"\" width=\"1600\" height=\"1200\" class=\"aligncenter size-full wp-image-25938\" \/><img loading=\"lazy\" decoding=\"async\" src=\"https:\/\/windpilot.com\/blog\/wp-content\/uploads\/2021\/12\/IMG_5649-Kopie.jpeg\" alt=\"\" width=\"1280\" height=\"960\" class=\"aligncenter size-full wp-image-25939\" \/><img loading=\"lazy\" decoding=\"async\" src=\"https:\/\/windpilot.com\/blog\/wp-content\/uploads\/2021\/12\/IMG_20191026_143731-Kopie-1.jpeg\" alt=\"\" width=\"1280\" height=\"960\" class=\"aligncenter size-full wp-image-25940\" \/><img loading=\"lazy\" decoding=\"async\" src=\"https:\/\/windpilot.com\/blog\/wp-content\/uploads\/2021\/12\/P1000012-Kopie.jpg\" alt=\"\" width=\"2560\" height=\"1920\" class=\"aligncenter size-full wp-image-25941\" \/><img loading=\"lazy\" decoding=\"async\" src=\"https:\/\/windpilot.com\/blog\/wp-content\/uploads\/2021\/12\/P1020040-Kopie.jpeg\" alt=\"\" width=\"1280\" height=\"960\" class=\"aligncenter size-full wp-image-25942\" \/><img loading=\"lazy\" decoding=\"async\" src=\"https:\/\/windpilot.com\/blog\/wp-content\/uploads\/2021\/12\/RCLouise.03-Kopie.jpg\" alt=\"\" width=\"800\" height=\"600\" class=\"aligncenter size-full wp-image-25943\" \/><img loading=\"lazy\" decoding=\"async\" src=\"https:\/\/windpilot.com\/blog\/wp-content\/uploads\/2021\/12\/SV-Zephyros-scaled.jpg\" alt=\"\" width=\"2560\" height=\"1928\" class=\"aligncenter size-full wp-image-25944\" \/><img loading=\"lazy\" decoding=\"async\" src=\"https:\/\/windpilot.com\/blog\/wp-content\/uploads\/2021\/12\/DSCN1750-Kopie.jpg\" alt=\"\" width=\"1024\" height=\"768\" class=\"aligncenter size-full wp-image-25945\" \/><br \/>\nWEITERLESEN:<strong>BOR\u00c9AL<\/strong> <a href=\"https:\/\/www.facebook.com\/voiliers.boreal?ref=profile\">FACEBOOK<\/a> oder <a href=\"https:\/\/www.boreal-yachts.com\">WEBSITE<\/a><\/p>\n","protected":false},"excerpt":{"rendered":"<p>A FRENCH SPECIAL WITH INTEGRAL CENTREBOARD AND BALLAST \u2028 When French company Alubat launched the first mass-produced boats to be built in seawater-resistant 5019 aluminium alloy 40 years ago, predictions of doom quickly followed: it will degrade in no time, &hellip; <a href=\"https:\/\/windpilot.com\/blog\/en\/ships\/cruising-boats\/boreal\/\">Continue reading <span class=\"meta-nav\">&rarr;<\/span><\/a><\/p>\n","protected":false},"author":1,"featured_media":0,"parent":6913,"menu_order":-8,"comment_status":"closed","ping_status":"closed","template":"","meta":{"footnotes":""},"class_list":["post-12281","page","type-page","status-publish","hentry"],"_links":{"self":[{"href":"https:\/\/windpilot.com\/blog\/en\/wp-json\/wp\/v2\/pages\/12281","targetHints":{"allow":["GET"]}}],"collection":[{"href":"https:\/\/windpilot.com\/blog\/en\/wp-json\/wp\/v2\/pages"}],"about":[{"href":"https:\/\/windpilot.com\/blog\/en\/wp-json\/wp\/v2\/types\/page"}],"author":[{"embeddable":true,"href":"https:\/\/windpilot.com\/blog\/en\/wp-json\/wp\/v2\/users\/1"}],"replies":[{"embeddable":true,"href":"https:\/\/windpilot.com\/blog\/en\/wp-json\/wp\/v2\/comments?post=12281"}],"version-history":[{"count":5,"href":"https:\/\/windpilot.com\/blog\/en\/wp-json\/wp\/v2\/pages\/12281\/revisions"}],"predecessor-version":[{"id":12591,"href":"https:\/\/windpilot.com\/blog\/en\/wp-json\/wp\/v2\/pages\/12281\/revisions\/12591"}],"up":[{"embeddable":true,"href":"https:\/\/windpilot.com\/blog\/en\/wp-json\/wp\/v2\/pages\/6913"}],"wp:attachment":[{"href":"https:\/\/windpilot.com\/blog\/en\/wp-json\/wp\/v2\/media?parent=12281"}],"curies":[{"name":"wp","href":"https:\/\/api.w.org\/{rel}","templated":true}]}}