{"id":13063,"date":"2024-11-25T04:44:28","date_gmt":"2024-11-25T11:44:28","guid":{"rendered":"https:\/\/windpilot.com\/blog\/en\/?page_id=13063"},"modified":"2024-11-25T04:48:54","modified_gmt":"2024-11-25T11:48:54","slug":"instrument-carrier","status":"publish","type":"page","link":"https:\/\/windpilot.com\/blog\/en\/equipment\/instrument-carrier\/","title":{"rendered":"Instrument carrier"},"content":{"rendered":"<p><strong>PROFESSIONAL SOLUTIONS<\/strong><br \/>\n<img loading=\"lazy\" decoding=\"async\" src=\"https:\/\/windpilot.com\/blog\/wp-content\/uploads\/2024\/11\/20160806_DSF5653-Kopie-2-1024x683.jpeg\" alt=\"\" width=\"640\" height=\"427\" class=\"aligncenter size-large wp-image-31911\" \/><img loading=\"lazy\" decoding=\"async\" src=\"https:\/\/windpilot.com\/blog\/wp-content\/uploads\/2024\/11\/Atlantik-43-Stein-Callenfels-Kopie-2-1024x676.jpg\" alt=\"\" width=\"640\" height=\"423\" class=\"size-large wp-image-31912\" \/><img loading=\"lazy\" decoding=\"async\" src=\"https:\/\/windpilot.com\/blog\/wp-content\/uploads\/2024\/11\/Boreal47-Kopie-1024x768.jpg\" alt=\"\" width=\"640\" height=\"480\" class=\"aligncenter size-large wp-image-31914\" \/><\/p>\n<p><img loading=\"lazy\" decoding=\"async\" src=\"https:\/\/windpilot.com\/blog\/wp-content\/uploads\/2024\/11\/DSC01592-Kopie.jpeg\" alt=\"\" width=\"640\" height=\"427\" class=\"aligncenter size-large wp-image-31915\" \/><\/p>\n<p><img loading=\"lazy\" decoding=\"async\" src=\"https:\/\/windpilot.com\/blog\/wp-content\/uploads\/2024\/11\/Garcia-50-Kopie-1024x669.jpg\" alt=\"\" width=\"640\" height=\"418\" class=\"aligncenter size-large wp-image-31916\" \/><\/p>\n<p><img loading=\"lazy\" decoding=\"async\" src=\"https:\/\/windpilot.com\/blog\/wp-content\/uploads\/2024\/11\/Garcia-Passoa47-Kopie-1024x768.jpg\" alt=\"\" width=\"640\" height=\"480\" class=\"aligncenter size-large wp-image-31917\" \/><br \/>\n<img loading=\"lazy\" decoding=\"async\" src=\"https:\/\/windpilot.com\/blog\/wp-content\/uploads\/2024\/11\/Garcia-50-david-Kopie.jpg\" alt=\"\" width=\"768\" height=\"1024\" class=\"aligncenter size-full wp-image-31919\" \/><\/p>\n<p><img loading=\"lazy\" decoding=\"async\" src=\"https:\/\/windpilot.com\/blog\/wp-content\/uploads\/2024\/11\/GarciaP461-Kopie.jpg\" alt=\"\" width=\"624\" height=\"468\" class=\"aligncenter size-large wp-image-31920\" \/><\/p>\n<p><img loading=\"lazy\" decoding=\"async\" src=\"https:\/\/windpilot.com\/blog\/wp-content\/uploads\/2024\/11\/image1-1-Kopie-1024x681.jpeg\" alt=\"\" width=\"640\" height=\"426\" class=\"aligncenter size-large wp-image-31921\" \/><\/p>\n<p><img loading=\"lazy\" decoding=\"async\" src=\"https:\/\/windpilot.com\/blog\/wp-content\/uploads\/2024\/11\/Kama-_21062016-12-von-13-Kopie-1024x683.jpeg\" alt=\"\" width=\"640\" height=\"427\" class=\"aligncenter size-large wp-image-31922\" \/><\/p>\n<p><img loading=\"lazy\" decoding=\"async\" src=\"https:\/\/windpilot.com\/blog\/wp-content\/uploads\/2024\/11\/Ovni-435-Wall-Kopie-1024x768.jpg\" alt=\"\" width=\"640\" height=\"480\" class=\"aligncenter size-large wp-image-31923\" \/><\/p>\n<p><img loading=\"lazy\" decoding=\"async\" src=\"https:\/\/windpilot.com\/blog\/wp-content\/uploads\/2024\/11\/Ovni435-Kopie.jpg\" alt=\"\" width=\"640\" height=\"480\" class=\"aligncenter size-large wp-image-31924\" \/><\/p>\n<p><img loading=\"lazy\" decoding=\"async\" src=\"https:\/\/windpilot.com\/blog\/wp-content\/uploads\/2024\/11\/Ovni455-CCS-Kopie-1024x683.jpg\" alt=\"\" width=\"640\" height=\"427\" class=\"aligncenter size-large wp-image-31925\" \/><\/p>\n<p><img loading=\"lazy\" decoding=\"async\" src=\"https:\/\/windpilot.com\/blog\/wp-content\/uploads\/2024\/11\/Patago39-Kopie-1024x768.jpg\" alt=\"\" width=\"640\" height=\"480\" class=\"aligncenter size-large wp-image-31926\" \/><\/p>\n<p><img loading=\"lazy\" decoding=\"async\" src=\"https:\/\/windpilot.com\/blog\/wp-content\/uploads\/2024\/11\/Sila-Windpilot-Setup-Aft-View-Kopie.jpg\" alt=\"\" width=\"448\" height=\"336\" class=\"size-large wp-image-31927\" \/><\/p>\n<p><img loading=\"lazy\" decoding=\"async\" src=\"https:\/\/windpilot.com\/blog\/wp-content\/uploads\/2024\/11\/Windpilot-0008-1024x666.jpg\" alt=\"\" width=\"640\" height=\"416\" class=\"aligncenter size-large wp-image-31928\" \/><\/p>\n<p><img loading=\"lazy\" decoding=\"async\" src=\"https:\/\/windpilot.com\/blog\/wp-content\/uploads\/2024\/11\/Windpilot-0014-1024x669.jpg\" alt=\"\" width=\"640\" height=\"418\" class=\"aligncenter size-large wp-image-31929\" \/><\/p>\n<p><img loading=\"lazy\" decoding=\"async\" src=\"https:\/\/windpilot.com\/blog\/wp-content\/uploads\/2024\/11\/Geraetetraeger-Dinghy-Kopie2-1024x660.jpeg\" alt=\"\" width=\"640\" height=\"413\" class=\"aligncenter size-large wp-image-31932\" \/><\/p>\n<p><img loading=\"lazy\" decoding=\"async\" src=\"https:\/\/windpilot.com\/blog\/wp-content\/uploads\/2024\/11\/Portique-Wilfried-Kopie-1024x980.jpg\" alt=\"\" width=\"640\" height=\"613\" class=\"aligncenter size-large wp-image-31933\" \/><\/p>\n<p><img loading=\"lazy\" decoding=\"async\" src=\"https:\/\/windpilot.com\/blog\/wp-content\/uploads\/2024\/11\/Windpilot-Books-red.jpg\" alt=\"\" width=\"613\" height=\"109\" class=\"aligncenter size-full wp-image-31938\" \/><\/p>\n<p><strong>ONE-OFF &#8211; DIY SOLUTIONS<\/strong><br \/>\n<img loading=\"lazy\" decoding=\"async\" src=\"https:\/\/windpilot.com\/blog\/wp-content\/uploads\/2024\/11\/Windpilot-0012-1024x666.jpg\" alt=\"\" width=\"640\" height=\"416\" class=\"aligncenter size-large wp-image-31936\" \/><\/p>\n<p><img loading=\"lazy\" decoding=\"async\" src=\"https:\/\/windpilot.com\/blog\/wp-content\/uploads\/2024\/11\/Numeriser-9-Kopie-2-1024x768.jpeg\" alt=\"\" width=\"640\" height=\"480\" class=\"aligncenter size-large wp-image-31934\" \/><\/p>\n<p><img loading=\"lazy\" decoding=\"async\" src=\"https:\/\/windpilot.com\/blog\/wp-content\/uploads\/2024\/11\/8.-seitliches-Lift-up-bei-Windpilot-Pacific-Kopie-3-1024x768.jpg\" alt=\"\" width=\"640\" height=\"480\" class=\"aligncenter size-large wp-image-31940\" \/><\/p>\n<p><img loading=\"lazy\" decoding=\"async\" src=\"https:\/\/windpilot.com\/blog\/wp-content\/uploads\/2024\/11\/300-Kopie-1024x576.jpeg\" alt=\"\" width=\"640\" height=\"360\" class=\"aligncenter size-large wp-image-31941\" \/><\/p>\n<p><img loading=\"lazy\" decoding=\"async\" src=\"https:\/\/windpilot.com\/blog\/wp-content\/uploads\/2024\/11\/2005.08.09.TDM_.S03.0064_DxO-Kopie.jpg\" alt=\"\" width=\"640\" height=\"426\" class=\"aligncenter size-large wp-image-31942\" \/><\/p>\n<p><img loading=\"lazy\" decoding=\"async\" src=\"https:\/\/windpilot.com\/blog\/wp-content\/uploads\/2024\/11\/20240929_103903-Kopie-2-1024x768.jpg\" alt=\"\" width=\"640\" height=\"480\" class=\"aligncenter size-large wp-image-31943\" \/><\/p>\n<p><img loading=\"lazy\" decoding=\"async\" src=\"https:\/\/windpilot.com\/blog\/wp-content\/uploads\/2024\/11\/42079465-64B6-4E8E-88D3-1867087AF848-Kopie-1024x768.jpeg\" alt=\"\" width=\"640\" height=\"480\" class=\"aligncenter size-large wp-image-31944\" \/><\/p>\n<p><img loading=\"lazy\" decoding=\"async\" src=\"https:\/\/windpilot.com\/blog\/wp-content\/uploads\/2024\/11\/455041581_8549169925093978_4140563046535615518_n-Kopie-768x1024.jpg\" alt=\"\" width=\"640\" height=\"853\" class=\"aligncenter size-large wp-image-31945\" \/><\/p>\n<p><img loading=\"lazy\" decoding=\"async\" src=\"https:\/\/windpilot.com\/blog\/wp-content\/uploads\/2024\/11\/ARpege-Geraete-Kopie-812x1024.jpg\" alt=\"\" width=\"640\" height=\"807\" class=\"size-large wp-image-31946\" \/> <\/p>\n<p><img loading=\"lazy\" decoding=\"async\" src=\"https:\/\/windpilot.com\/blog\/wp-content\/uploads\/2024\/11\/Dalu52-Kopie.jpg\" alt=\"\" width=\"640\" height=\"480\" class=\"aligncenter size-large wp-image-31947\" \/><\/p>\n<p><img loading=\"lazy\" decoding=\"async\" src=\"https:\/\/windpilot.com\/blog\/wp-content\/uploads\/2024\/11\/First-38.5.-perfect-1024x661.jpg\" alt=\"\" width=\"640\" height=\"413\" class=\"aligncenter size-large wp-image-31948\" \/><\/p>\n<p><img loading=\"lazy\" decoding=\"async\" src=\"https:\/\/windpilot.com\/blog\/wp-content\/uploads\/2024\/11\/Frankreich-Kopie.jpg\" alt=\"\" width=\"640\" height=\"456\" class=\"aligncenter size-large wp-image-31949\" \/><\/p>\n<p><img loading=\"lazy\" decoding=\"async\" src=\"https:\/\/windpilot.com\/blog\/wp-content\/uploads\/2024\/11\/GiraldiTrocken-gefallen-Kopie-1024x703.jpeg\" alt=\"\" width=\"640\" height=\"439\" class=\"aligncenter size-large wp-image-31950\" \/><\/p>\n<p><img loading=\"lazy\" decoding=\"async\" src=\"https:\/\/windpilot.com\/blog\/wp-content\/uploads\/2024\/11\/GOPR8412-for-peter-Kopie-1024x768.jpeg\" alt=\"\" width=\"640\" height=\"480\" class=\"aligncenter size-large wp-image-31951\" \/><\/p>\n<p><img loading=\"lazy\" decoding=\"async\" src=\"https:\/\/windpilot.com\/blog\/wp-content\/uploads\/2024\/11\/IMAG0340-Kopie.jpg\" alt=\"\" width=\"428\" height=\"760\" class=\"aligncenter size-large wp-image-31952\" \/><\/p>\n<p><img loading=\"lazy\" decoding=\"async\" src=\"https:\/\/windpilot.com\/blog\/wp-content\/uploads\/2024\/11\/IMG_0633-Kopie-rotated.jpg\" alt=\"\" width=\"480\" height=\"640\" class=\"aligncenter size-large wp-image-31953\" \/><\/p>\n<p><img loading=\"lazy\" decoding=\"async\" src=\"https:\/\/windpilot.com\/blog\/wp-content\/uploads\/2024\/11\/IMG_0927-Kopie-766x1024.jpeg\" alt=\"\" width=\"640\" height=\"856\" class=\"aligncenter size-large wp-image-31954\" \/><\/p>\n<p><img loading=\"lazy\" decoding=\"async\" src=\"https:\/\/windpilot.com\/blog\/wp-content\/uploads\/2024\/11\/IMG_1813-1-Kopie-904x1024.jpeg\" alt=\"\" width=\"640\" height=\"725\" class=\"aligncenter size-large wp-image-31955\" \/><\/p>\n<p><img loading=\"lazy\" decoding=\"async\" src=\"https:\/\/windpilot.com\/blog\/wp-content\/uploads\/2024\/11\/IMG_3151-Kopie-1024x768-1.jpg\" alt=\"\" width=\"640\" height=\"480\" class=\"aligncenter size-large wp-image-31956\" \/><\/p>\n<p><img loading=\"lazy\" decoding=\"async\" src=\"https:\/\/windpilot.com\/blog\/wp-content\/uploads\/2024\/11\/K091228-0293-Kopie-1024x683.jpeg\" alt=\"\" width=\"640\" height=\"427\" class=\"aligncenter size-large wp-image-31957\" \/><\/p>\n<p><img loading=\"lazy\" decoding=\"async\" src=\"https:\/\/windpilot.com\/blog\/wp-content\/uploads\/2024\/11\/Kein-Platz-fuer-WP-Kopie-1024x1014.jpg\" alt=\"\" width=\"640\" height=\"634\" class=\"aligncenter size-large wp-image-31958\" \/><\/p>\n<p><img loading=\"lazy\" decoding=\"async\" src=\"https:\/\/windpilot.com\/blog\/wp-content\/uploads\/2024\/11\/Meta-Kopie-1024x668.jpg\" alt=\"\" width=\"640\" height=\"418\" class=\"aligncenter size-large wp-image-31959\" \/><\/p>\n<p><img loading=\"lazy\" decoding=\"async\" src=\"https:\/\/windpilot.com\/blog\/wp-content\/uploads\/2024\/11\/Meta-Outre-Mer-33-Kopie.jpg\" alt=\"\" width=\"640\" height=\"480\" class=\"aligncenter size-large wp-image-31960\" \/><\/p>\n<p><img loading=\"lazy\" decoding=\"async\" src=\"https:\/\/windpilot.com\/blog\/wp-content\/uploads\/2024\/11\/Moody-425-Gomez-Kopie-1024x768-1.jpg\" alt=\"\" width=\"640\" height=\"480\" class=\"aligncenter size-large wp-image-31961\" \/><\/p>\n<p><img loading=\"lazy\" decoding=\"async\" src=\"https:\/\/windpilot.com\/blog\/wp-content\/uploads\/2024\/11\/P1040085.jpeg\" alt=\"\" width=\"640\" height=\"480\" class=\"aligncenter size-large wp-image-31962\" \/><\/p>\n<p><img loading=\"lazy\" decoding=\"async\" src=\"https:\/\/windpilot.com\/blog\/wp-content\/uploads\/2024\/11\/Super-Ile-Disko-Kopie-1024x768.jpg\" alt=\"\" width=\"640\" height=\"480\" class=\"aligncenter size-large wp-image-31963\" \/><\/p>\n<p><img loading=\"lazy\" decoding=\"async\" src=\"https:\/\/windpilot.com\/blog\/wp-content\/uploads\/2024\/11\/SV-Camaheto-Kopie-1024x768.jpg\" alt=\"\" width=\"640\" height=\"480\" class=\"aligncenter size-large wp-image-31964\" \/><\/p>\n<p><img loading=\"lazy\" decoding=\"async\" src=\"https:\/\/windpilot.com\/blog\/wp-content\/uploads\/2024\/11\/SV-Maxim-Wilterspg-Kopie-1024x768.jpg\" alt=\"\" width=\"640\" height=\"480\" class=\"aligncenter size-large wp-image-31965\" \/><\/p>\n<p><img loading=\"lazy\" decoding=\"async\" src=\"https:\/\/windpilot.com\/blog\/wp-content\/uploads\/2024\/11\/SV-Ollbrlaq-Alu-42-Kopie-1024x764.jpg\" alt=\"\" width=\"640\" height=\"478\" class=\"aligncenter size-large wp-image-31966\" \/><\/p>\n<p><img loading=\"lazy\" decoding=\"async\" src=\"https:\/\/windpilot.com\/blog\/wp-content\/uploads\/2024\/11\/Trisbal36-Cormary-Kopie-1024x766.jpg\" alt=\"\" width=\"640\" height=\"479\" class=\"size-large wp-image-31967\" \/><\/p>\n<p><img loading=\"lazy\" decoding=\"async\" src=\"https:\/\/windpilot.com\/blog\/wp-content\/uploads\/2024\/11\/VandeStadt-40.-Wanda-Kopie-2.jpg\" alt=\"\" width=\"640\" height=\"480\" class=\"aligncenter size-large wp-image-31968\" \/><\/p>\n<p><img loading=\"lazy\" decoding=\"async\" src=\"https:\/\/windpilot.com\/blog\/wp-content\/uploads\/2024\/11\/Vulcain-V-Kopie.jpg\" alt=\"\" width=\"640\" height=\"429\" class=\"aligncenter size-large wp-image-31969\" \/><\/p>\n<p><img loading=\"lazy\" decoding=\"async\" src=\"https:\/\/windpilot.com\/blog\/wp-content\/uploads\/2024\/11\/WhatsApp-Image-2017-07-11-at-20.10.05-Kopie-2-1024x768.jpeg\" alt=\"\" width=\"640\" height=\"480\" class=\"aligncenter size-large wp-image-31970\" \/><\/p>\n<p><img loading=\"lazy\" decoding=\"async\" src=\"https:\/\/windpilot.com\/blog\/wp-content\/uploads\/2024\/11\/Windpilot-Books-red-1.jpg\" alt=\"\" width=\"613\" height=\"109\" class=\"aligncenter size-full wp-image-31972\" \/><\/p>\n<p><strong>ATTENION DIAGONAL STRENGHTEN IMPORTANT<\/strong><br \/>\n<img loading=\"lazy\" decoding=\"async\" src=\"https:\/\/windpilot.com\/blog\/wp-content\/uploads\/2024\/11\/Geraetetraeger-weich-Ramisch-1024x767.jpg\" alt=\"\" width=\"640\" height=\"479\" class=\"aligncenter size-large wp-image-31974\" \/><br \/>\n<img loading=\"lazy\" decoding=\"async\" src=\"https:\/\/windpilot.com\/blog\/wp-content\/uploads\/2024\/11\/Diagonale-Marx-Kopie-768x1024.jpeg\" alt=\"\" width=\"640\" height=\"853\" class=\"aligncenter size-large wp-image-31975\" \/><\/p>\n<p><img loading=\"lazy\" decoding=\"async\" src=\"https:\/\/windpilot.com\/blog\/wp-content\/uploads\/2024\/11\/Geraetetraeger-diagonale-Kopie-2.jpeg\" alt=\"\" width=\"640\" height=\"479\" class=\"aligncenter size-large wp-image-31976\" \/><\/p>\n<p><img loading=\"lazy\" decoding=\"async\" src=\"https:\/\/windpilot.com\/blog\/wp-content\/uploads\/2024\/11\/GOPR8370-for-peter-Kopie-1024x768.jpeg\" alt=\"\" width=\"640\" height=\"480\" class=\"aligncenter size-large wp-image-31978\" \/><\/p>\n<p><img loading=\"lazy\" decoding=\"async\" src=\"https:\/\/windpilot.com\/blog\/wp-content\/uploads\/2024\/11\/P1030454.jpeg\" alt=\"\" width=\"1024\" height=\"768\" class=\"aligncenter size-full wp-image-31979\" \/><\/p>\n<p><img loading=\"lazy\" decoding=\"async\" src=\"https:\/\/windpilot.com\/blog\/wp-content\/uploads\/2024\/11\/SV-Wiking-Kopie.jpg\" alt=\"\" width=\"550\" height=\"353\" class=\"aligncenter size-full wp-image-31980\" \/><\/p>\n<p><img loading=\"lazy\" decoding=\"async\" src=\"https:\/\/windpilot.com\/blog\/wp-content\/uploads\/2024\/11\/Windpilot-0013-Kopie-2-1024x656.jpg\" alt=\"\" width=\"640\" height=\"410\" class=\"aligncenter size-large wp-image-31982\" \/><\/p>\n<p><img loading=\"lazy\" decoding=\"async\" src=\"https:\/\/windpilot.com\/blog\/wp-content\/uploads\/2024\/11\/Windpilot-Books-red-2.jpg\" alt=\"\" width=\"613\" height=\"109\" class=\"aligncenter size-full wp-image-31977\" \/><\/p>\n<p><strong>NO &#8211; PLEASE &#8211; NO<\/strong><br \/>\n<img loading=\"lazy\" decoding=\"async\" src=\"https:\/\/windpilot.com\/blog\/wp-content\/uploads\/2024\/11\/Leco-Bueno-1024x768.jpeg\" alt=\"\" width=\"640\" height=\"480\" class=\"aligncenter size-large wp-image-31988\" \/><\/p>\n<p><img loading=\"lazy\" decoding=\"async\" src=\"https:\/\/windpilot.com\/blog\/wp-content\/uploads\/2024\/11\/P1000185-Kopie-1024x768.jpg\" alt=\"\" width=\"640\" height=\"480\" class=\"aligncenter size-large wp-image-31989\" \/><\/p>\n<p><img loading=\"lazy\" decoding=\"async\" src=\"https:\/\/windpilot.com\/blog\/wp-content\/uploads\/2024\/11\/Turtle-Kopie-1024x614.jpg\" alt=\"\" width=\"640\" height=\"384\" class=\"size-large wp-image-31990\" \/><\/p>\n<p><img loading=\"lazy\" decoding=\"async\" src=\"https:\/\/windpilot.com\/blog\/wp-content\/uploads\/2024\/11\/und-wo-soll-die-Windsteuerung-hin-Kopie-1024x768.jpg\" alt=\"\" width=\"640\" height=\"480\" class=\"aligncenter size-large wp-image-31991\" \/><\/p>\n<p><img loading=\"lazy\" decoding=\"async\" src=\"https:\/\/windpilot.com\/blog\/wp-content\/uploads\/2024\/11\/Kuehl-Klima-Anlage-Kopie-1024x819.jpg\" alt=\"\" width=\"640\" height=\"512\" class=\"aligncenter size-large wp-image-31984\" \/><\/p>\n<p><img loading=\"lazy\" decoding=\"async\" src=\"https:\/\/windpilot.com\/blog\/wp-content\/uploads\/2024\/11\/Geraetetraeger-Kopie-1024x656.jpg\" alt=\"\" width=\"640\" height=\"410\" class=\"aligncenter size-large wp-image-31985\" \/><\/p>\n<p><img loading=\"lazy\" decoding=\"async\" src=\"https:\/\/windpilot.com\/blog\/wp-content\/uploads\/2024\/11\/Gunn-David-1024x767.jpg\" alt=\"\" width=\"640\" height=\"479\" class=\"aligncenter size-large wp-image-31986\" \/><\/p>\n<p><img loading=\"lazy\" decoding=\"async\" src=\"https:\/\/windpilot.com\/blog\/wp-content\/uploads\/2024\/11\/IMG_7699-Kopie-1024x768.jpg\" alt=\"\" width=\"640\" height=\"480\" class=\"aligncenter size-large wp-image-31987\" \/><\/p>\n<p><img loading=\"lazy\" decoding=\"async\" src=\"https:\/\/windpilot.com\/blog\/wp-content\/uploads\/2024\/11\/Windpilot-Books-red-2.jpg\" alt=\"\" width=\"613\" height=\"109\" class=\"aligncenter size-full wp-image-31977\" \/><\/p>\n<p><strong>OHLALA &#8211; OHLALA &#8211; OHLALA<\/strong><br \/>\n<img loading=\"lazy\" decoding=\"async\" src=\"https:\/\/windpilot.com\/blog\/wp-content\/uploads\/2024\/11\/SV-Mamoot-Combescot-Kopie-576x1024.jpeg\" alt=\"\" width=\"576\" height=\"1024\" class=\"aligncenter size-large wp-image-31993\" \/><\/p>\n<p><img loading=\"lazy\" decoding=\"async\" src=\"https:\/\/windpilot.com\/blog\/wp-content\/uploads\/2024\/11\/INSTRUMENT-CARRIER-Kopie-1024x868.jpg\" alt=\"\" width=\"640\" height=\"543\" class=\"aligncenter size-large wp-image-31997\" \/><\/p>\n<p><img loading=\"lazy\" decoding=\"async\" src=\"https:\/\/windpilot.com\/blog\/wp-content\/uploads\/2024\/11\/Portique-rustikal-Kopie.jpg\" alt=\"\" width=\"640\" height=\"477\" class=\"aligncenter size-large wp-image-31998\" \/><\/p>\n<p><img loading=\"lazy\" decoding=\"async\" src=\"https:\/\/windpilot.com\/blog\/wp-content\/uploads\/2024\/11\/ShazamTransonInLift-Kopie-984x1024.jpeg\" alt=\"\" width=\"640\" height=\"666\" class=\"aligncenter size-large wp-image-31999\" \/><\/p>\n<p><img loading=\"lazy\" decoding=\"async\" src=\"https:\/\/windpilot.com\/blog\/wp-content\/uploads\/2024\/11\/ShazamTransonInSlip-Kopie-1024x770.jpeg\" alt=\"\" width=\"640\" height=\"481\" class=\"aligncenter size-large wp-image-32000\" \/><\/p>\n<p><strong>DIE PERFEKTE ONE-OFF L\u00d6SUNG<\/strong><\/p>\n<blockquote class=\"wp-embedded-content\" data-secret=\"mzdTJKS11p\"><p><a href=\"https:\/\/windpilot.com\/blog\/ausruestung\/heckverzierungen-ii\/\">Ger\u00e4tetr\u00e4ger &#8211; Borner<\/a><\/p><\/blockquote>\n<p><iframe loading=\"lazy\" class=\"wp-embedded-content\" sandbox=\"allow-scripts\" security=\"restricted\" style=\"position: absolute; visibility: hidden;\" title=\"&#8222;Ger\u00e4tetr\u00e4ger &#8211; Borner&#8220; &#8212; Windpilot Blog\" src=\"https:\/\/windpilot.com\/blog\/ausruestung\/heckverzierungen-ii\/embed\/#?secret=JJN6iI5yHA#?secret=mzdTJKS11p\" data-secret=\"mzdTJKS11p\" width=\"600\" height=\"338\" frameborder=\"0\" marginwidth=\"0\" marginheight=\"0\" scrolling=\"no\"><\/iframe><\/p>\n","protected":false},"excerpt":{"rendered":"<p>PROFESSIONAL SOLUTIONS ONE-OFF &#8211; DIY SOLUTIONS ATTENION DIAGONAL STRENGHTEN IMPORTANT NO &#8211; PLEASE &#8211; NO OHLALA &#8211; OHLALA &#8211; OHLALA DIE PERFEKTE ONE-OFF L\u00d6SUNG Ger\u00e4tetr\u00e4ger &#8211; Borner<\/p>\n","protected":false},"author":1,"featured_media":0,"parent":11112,"menu_order":-13,"comment_status":"open","ping_status":"open","template":"","meta":{"footnotes":""},"class_list":["post-13063","page","type-page","status-publish","hentry"],"_links":{"self":[{"href":"https:\/\/windpilot.com\/blog\/en\/wp-json\/wp\/v2\/pages\/13063","targetHints":{"allow":["GET"]}}],"collection":[{"href":"https:\/\/windpilot.com\/blog\/en\/wp-json\/wp\/v2\/pages"}],"about":[{"href":"https:\/\/windpilot.com\/blog\/en\/wp-json\/wp\/v2\/types\/page"}],"author":[{"embeddable":true,"href":"https:\/\/windpilot.com\/blog\/en\/wp-json\/wp\/v2\/users\/1"}],"replies":[{"embeddable":true,"href":"https:\/\/windpilot.com\/blog\/en\/wp-json\/wp\/v2\/comments?post=13063"}],"version-history":[{"count":1,"href":"https:\/\/windpilot.com\/blog\/en\/wp-json\/wp\/v2\/pages\/13063\/revisions"}],"predecessor-version":[{"id":13064,"href":"https:\/\/windpilot.com\/blog\/en\/wp-json\/wp\/v2\/pages\/13063\/revisions\/13064"}],"up":[{"embeddable":true,"href":"https:\/\/windpilot.com\/blog\/en\/wp-json\/wp\/v2\/pages\/11112"}],"wp:attachment":[{"href":"https:\/\/windpilot.com\/blog\/en\/wp-json\/wp\/v2\/media?parent=13063"}],"curies":[{"name":"wp","href":"https:\/\/api.w.org\/{rel}","templated":true}]}}