{"id":10499,"date":"2014-11-07T06:28:57","date_gmt":"2014-11-07T13:28:57","guid":{"rendered":"https:\/\/windpilot.com\/blog\/?page_id=10499"},"modified":"2017-12-31T03:56:21","modified_gmt":"2017-12-31T10:56:21","slug":"der-flaschengeist","status":"publish","type":"page","link":"https:\/\/windpilot.com\/blog\/trans-ocean-news\/der-flaschengeist\/","title":{"rendered":"2014 Flaschengeist"},"content":{"rendered":"<p>Nach einigen Monaten stillen Beobachtens der Vereins Verkehrs Lage in Cuxhaven, einige Bemerkungen zur gef\u00e4lligen Kenntnisnahme f\u00fcr Menschen, deren Interesse an einem Turn Around noch nicht vollkommen erloschen ist.<\/p>\n<p>Die Vorg\u00e4nge in den HAPAG HALLEN sind den Beteiligten unvergessen, eine Reihe von Gerichtsverfahren seither anh\u00e4ngig, Satzungsfragen ungekl\u00e4rt. Nach zw\u00f6lf Monaten der Agonie, steht nun ein da capo in Cuxhaven zu erwarten. Die Kernfrage: Mitbestimmung in der Vereinsgestaltung, die in Cuxhaven seit Jahrzehnten verwehrt wird. <\/p>\n<p>Gleichwohl: Der Flaschengeist ist aus der Flasche und es steht zu vermuten, dass man den Vereinsfrieden weder mit den Mitteln von Zensur &#8211; noch Vereins Ausschluss &#8211;  wird wiederherstellen k\u00f6nnen. Der fragile Sockel: die Funktion\u00e4re berufen sich auf eine Mehrheit, deren Konsistenz heute gl\u00e4sern ist, deren Folgen den Verein l\u00e4hmen &#8211; und zum Verlust wertvoller Mitglieder gef\u00fchrt &#8211; Menschen, die die Hoffnung auf einen Turn Around schon verloren haben.<\/p>\n<p><a href=\"https:\/\/windpilot.com\/blog\/wp-content\/uploads\/2014\/11\/Schlepper-Cux-1935.jpg\"><img loading=\"lazy\" decoding=\"async\" src=\"https:\/\/windpilot.com\/blog\/wp-content\/uploads\/2014\/11\/Schlepper-Cux-1935-1024x760.jpg\" alt=\"Schlepper Cux 1935\" width=\"640\" height=\"475\" class=\"aligncenter size-large wp-image-10497\" srcset=\"https:\/\/windpilot.com\/blog\/wp-content\/uploads\/2014\/11\/Schlepper-Cux-1935-1024x760.jpg 1024w, https:\/\/windpilot.com\/blog\/wp-content\/uploads\/2014\/11\/Schlepper-Cux-1935-300x222.jpg 300w, https:\/\/windpilot.com\/blog\/wp-content\/uploads\/2014\/11\/Schlepper-Cux-1935.jpg 1386w\" sizes=\"auto, (max-width: 640px) 100vw, 640px\" \/><\/a>Ein Verein, der sich den W\u00fcnschen seiner Mitglieder dauerhaft verschliesst, ist ohne Zukunft &#8211; die Legende jahrzehntelanger Verfehlungen ist heute Menetekel, kann sprachlos machen. <\/p>\n<p>Es ist meiner idealistischen Grundeinstellung geschuldet, dass ich geglaubt hatte, durch intensive Berichterstattung, mit den Mitteln von Sprache, Ironie und auch  Polemik, im Verlauf von 2,5 Jahren eine Ver\u00e4nderung der Strukturen w\u00fcrde erreichen k\u00f6nnen. Es ist mir keineswegs Genugtuung, wenn ich dabei festzustellen hatte, dass ich von den &#8211; unglaublichen &#8211; Fakten immer wieder rechts und links \u00fcberholt worden bin, zumal vieles bis heute &#8211; und wohl f\u00fcr immer &#8211; im dunkeln bleiben wird. Keinesfalls ein Ruhmesblatt.<\/p>\n<p>Meine Affinit\u00e4t zur internationalen Blauwasser Community hat mich agieren lassen und ich gestehe gern, dass ich als Don Quichotte am Ende ebenso wenig geeignet bin, wie es m\u00f6glich ist, mit den Mitteln von Sprache, Menschen zu \u00fcberzeugen, wenn im Kopf meiner Gegen\u00fcber die Schranke bereits geschlossen ist. Die dann entstehende Polarisierung kennen wir alle &#8211; desgleichen, dass Gerichtsprozesse keineswegs zu Erkenntnissen f\u00fchren, die wir erhoffen und \/ oder begr\u00fcssen.<\/p>\n<p>So bleibt mir die \u00dcberzeugung, dass man Konflikte nur im Dialog wird l\u00f6sen k\u00f6nnen. Ein Verein ohne Dialog hat keine Zukunft, wobei der Kompromiss Teil des Verfahrens ist<\/p>\n<p>Dies Motto gebe ich den Parteien gern mit auf den Weg in die HAPAG HALLEN &#8230;. sowie die Empfehlung, dass Cuxhaven auch im November ein sch\u00f6nes Ziel ist, zudem die Hotels jede Menge freier Betten haben, Parkpl\u00e4tze \u00fcberall zu finden sind und das SVC Vereinsgeb\u00e4ude am Freitag 21.11.2014 zuverl\u00e4ssig aufgeheizt werden wird.<\/p>\n<p>Und so lege ich mich auf die Mauer und beobachte, ob auch mein Einsatz am Ende nicht vergebens &#8230;. und Wunder vielleicht noch m\u00f6glich sind&#8230;<\/p>\n<p>Peter Foerthmann<\/p>\n","protected":false},"excerpt":{"rendered":"<p>Nach einigen Monaten stillen Beobachtens der Vereins Verkehrs Lage in Cuxhaven, einige Bemerkungen zur gef\u00e4lligen Kenntnisnahme f\u00fcr Menschen, deren Interesse an einem Turn Around noch nicht vollkommen erloschen ist. Die Vorg\u00e4nge in den HAPAG HALLEN sind den Beteiligten unvergessen, eine &hellip; <a href=\"https:\/\/windpilot.com\/blog\/trans-ocean-news\/der-flaschengeist\/\">Weiterlesen <span class=\"meta-nav\">&rarr;<\/span><\/a><\/p>\n","protected":false},"author":1,"featured_media":0,"parent":5076,"menu_order":3,"comment_status":"open","ping_status":"closed","template":"","meta":{"footnotes":""},"class_list":["post-10499","page","type-page","status-publish","hentry"],"_links":{"self":[{"href":"https:\/\/windpilot.com\/blog\/wp-json\/wp\/v2\/pages\/10499","targetHints":{"allow":["GET"]}}],"collection":[{"href":"https:\/\/windpilot.com\/blog\/wp-json\/wp\/v2\/pages"}],"about":[{"href":"https:\/\/windpilot.com\/blog\/wp-json\/wp\/v2\/types\/page"}],"author":[{"embeddable":true,"href":"https:\/\/windpilot.com\/blog\/wp-json\/wp\/v2\/users\/1"}],"replies":[{"embeddable":true,"href":"https:\/\/windpilot.com\/blog\/wp-json\/wp\/v2\/comments?post=10499"}],"version-history":[{"count":5,"href":"https:\/\/windpilot.com\/blog\/wp-json\/wp\/v2\/pages\/10499\/revisions"}],"predecessor-version":[{"id":16722,"href":"https:\/\/windpilot.com\/blog\/wp-json\/wp\/v2\/pages\/10499\/revisions\/16722"}],"up":[{"embeddable":true,"href":"https:\/\/windpilot.com\/blog\/wp-json\/wp\/v2\/pages\/5076"}],"wp:attachment":[{"href":"https:\/\/windpilot.com\/blog\/wp-json\/wp\/v2\/media?parent=10499"}],"curies":[{"name":"wp","href":"https:\/\/api.w.org\/{rel}","templated":true}]}}