{"id":10574,"date":"2014-12-11T08:58:07","date_gmt":"2014-12-11T15:58:07","guid":{"rendered":"https:\/\/windpilot.com\/blog\/?page_id=10574"},"modified":"2017-12-31T03:57:40","modified_gmt":"2017-12-31T10:57:40","slug":"over-and-out","status":"publish","type":"page","link":"https:\/\/windpilot.com\/blog\/trans-ocean-news\/over-and-out\/","title":{"rendered":"2014 Over + out"},"content":{"rendered":"<p><strong>DEUTSCHLAND anno 2015 folgende<\/strong><br \/>\nDas Recht auf demokratische Teilhabe an der politischen Willensbildung ist nur B\u00fcrgern vorbehalten, die Willens und in der Lage sind, zum Wahltermin pers\u00f6nlich nach Berlin zu reisen. Wer das nicht leisten kann, hat Pech gehabt, denn Briefwahl und Stimmrechts\u00fcbertragung sind unzul\u00e4ssig, weil Mutti ihren B\u00fcrgern zu wenig traut bzw prophylaktisch F\u00e4lschung unterstellt. <\/p>\n<p><a href=\"https:\/\/windpilot.com\/blog\/wp-content\/uploads\/2014\/12\/Der-B\u00e4r-in-NZ.jpg\"><img loading=\"lazy\" decoding=\"async\" src=\"https:\/\/windpilot.com\/blog\/wp-content\/uploads\/2014\/12\/Der-B\u00e4r-in-NZ.jpg\" alt=\"Der B\u00e4r in NZ\" width=\"1830\" height=\"1175\" class=\"aligncenter size-full wp-image-10578\" srcset=\"https:\/\/windpilot.com\/blog\/wp-content\/uploads\/2014\/12\/Der-B\u00e4r-in-NZ.jpg 1830w, https:\/\/windpilot.com\/blog\/wp-content\/uploads\/2014\/12\/Der-B\u00e4r-in-NZ-300x192.jpg 300w, https:\/\/windpilot.com\/blog\/wp-content\/uploads\/2014\/12\/Der-B\u00e4r-in-NZ-1024x657.jpg 1024w\" sizes=\"auto, (max-width: 1830px) 100vw, 1830px\" \/><\/a><\/p>\n<p>Ein Mikrozensus von 1,5 % beschleunigt den politischen Betrieb ungemein, zudem Mutti sowieso am besten weiss, was dem ganzen Lande dient. Was gestern als Autokratie bekannt, wird heute frech Demokratie benannt &#8211; Risiken und Nebenwirkungen eingeschlossen &#8211; fragen Sie bitte nicht Ihre Regierung oder ihren Anwalt, denn Rechtsverdreher sind in Berlin ungeliebt, weil man \u00fcber die allerbeste Expertise bereits selbst verf\u00fcgt &#8211; zudem gilt: wer meckert, wird rausgeschmissen, weil dies einem gew\u00fcnschten Votum von 100% entgegensteht.<\/p>\n<p><a href=\"https:\/\/windpilot.com\/blog\/wp-content\/uploads\/2014\/12\/Freilauf-f\u00fcr-Hunde.jpg\"><img loading=\"lazy\" decoding=\"async\" src=\"https:\/\/windpilot.com\/blog\/wp-content\/uploads\/2014\/12\/Freilauf-f\u00fcr-Hunde.jpg\" alt=\"Freilauf f\u00fcr Hunde\" width=\"2560\" height=\"1920\" class=\"aligncenter size-full wp-image-10579\" srcset=\"https:\/\/windpilot.com\/blog\/wp-content\/uploads\/2014\/12\/Freilauf-f\u00fcr-Hunde.jpg 2560w, https:\/\/windpilot.com\/blog\/wp-content\/uploads\/2014\/12\/Freilauf-f\u00fcr-Hunde-300x225.jpg 300w, https:\/\/windpilot.com\/blog\/wp-content\/uploads\/2014\/12\/Freilauf-f\u00fcr-Hunde-1024x768.jpg 1024w\" sizes=\"auto, (max-width: 2560px) 100vw, 2560px\" \/><\/a><\/p>\n<p><strong>MERKE:<\/strong> Die Regierung kennt ihre Schafe, weiss, wann die Wolle zwickt, kennt die Sorgen und N\u00f6te der Herde, weil man selbst so lange das Schaf gewesen ist. Haben Sie also Vertrauen, es wird stets zugesichert, was Sie h\u00f6ren m\u00f6chten, denn mehr Demokratie braucht sowieso kein Mensch, weil Mutti alles zu Ihrem Besten regelt!  Satire erkannt? Dann d\u00fcrfen Sie weiterlesen&#8230;<\/p>\n<p>Diese Fiktion ist in Cuxhaven auch im 5.Jahrzehnt nach Vereins Gr\u00fcndung gelebte Realit\u00e4t. Zugleich erlaubt dies Einblicke, wie es wohl weitergeht: es ist ein Blick in einen Abgrund, den wir zumindest seit der Wende lange verlassen glaubten.<\/p>\n<p><a href=\"https:\/\/windpilot.com\/blog\/wp-content\/uploads\/2014\/12\/Bullen.jpg\"><img loading=\"lazy\" decoding=\"async\" src=\"https:\/\/windpilot.com\/blog\/wp-content\/uploads\/2014\/12\/Bullen.jpg\" alt=\"Bullen\" width=\"2048\" height=\"1536\" class=\"aligncenter size-full wp-image-10577\" srcset=\"https:\/\/windpilot.com\/blog\/wp-content\/uploads\/2014\/12\/Bullen.jpg 2048w, https:\/\/windpilot.com\/blog\/wp-content\/uploads\/2014\/12\/Bullen-300x225.jpg 300w, https:\/\/windpilot.com\/blog\/wp-content\/uploads\/2014\/12\/Bullen-1024x768.jpg 1024w\" sizes=\"auto, (max-width: 2048px) 100vw, 2048px\" \/><\/a><\/p>\n<p><strong>MITGLIEDERVERSAMMLUNG 2014<\/strong><br \/>\nUngef\u00e4hr 83 stramme Vorstands Unterst\u00fctzer haben am 22.11.2014 ihrem \u201eF\u00fchrer\u201c den R\u00fccken gest\u00e4rkt, wobei  jeder Zu- und Toiletten Abgang penibel festgehalten wurde. Eine geplante S\u00e4uberungs Aktion gegen\u00fcber drei Kritikern mutierte zur Light Version gegen\u00fcber einer Rechtsanw\u00e4ltin, vielleicht um den fatalen Eindruck von S\u00e4uberung elegant zu umschiffen? Ob man durch Rausschmiss allerdings laufende Gerichtsverfahren ausgehebelt? Peanuts, das wird wohl ein Syndikus zu kl\u00e4ren haben, der &#8211; oh wie praktisch &#8211; bereits im Vorstand integriert. Denkw\u00fcrdig zudem, dass gegen den vormaligen Vorstand ein Vereinsausschluss niemals postuliert, pikanterweise gleichwohl das Prozessergebnis aus einer anstehenden Klage wg. Unterschlagung, offenbar bereits im Haushaltsplan 2015 als Einnahme tituliert.<\/p>\n<p>Eine Satzung, die seit ca 14 Monaten weitgehend undiskutiert, zudem strittig, dennoch beschlossen wurde, entlarvt die Intentionen des Vorstands, die <a href=\"https:\/\/windpilot.com\/blog\/trans-ocean-news\/deutsch-to-mv-2013\/deutsch-satzungs-antrag-martin-birkhoff\/deutsch-wolfgang-reymann-stellungnahme-zum-satzungsentwurf\/\">hier nachzulesen sind.<\/a><\/p>\n<p>Die qu\u00e4lende Agonie geht nun in eine weitere Runde, weil der Vorstand nach drei Jahren des Stillstands, sowie andauernder Gerichtsprozesse, offenbar gewillt ist, den Gesamtverein weiterhin in toto in Haftung zu nehmen, um sein ihm ganz eigenes Herrschaftsverst\u00e4ndnis, auch f\u00fcr die Zukunft zu retten bzw. zu manifestieren. Wahrscheinlich ist man in Cuxhaven felsenfest davon \u00fcberzeugt, die ungute Aussenwirkung durch eigene Verlautbarungen sowie Gef\u00e4lligkeitsadressen ergebener Journalisten auf Dauer kontrollieren zu k\u00f6nnen.<\/p>\n<p>Der Exodus kluger Segler, die ihrem Verein im Stillen &#8211; oder offen &#8211; den R\u00fccken gekehrt, wird nach aussen nicht kommuniziert, zudem zuviele unliebsame Details der Vergangenheit, den Mitgliedern weiterhin vorenthalten bleiben. F\u00fcr uninformierte Neu-Mitglieder eine Erfahrung der besonderen Art, wenn sie dereinst zu entdecken haben, welchem besonderen Verein sie beigetreten sind. <\/p>\n<p>Als Idealist ist mein Glaube an Gerechtigkeit unersch\u00fctterlich, denn mir fehlt das Verst\u00e4ndnis f\u00fcr eine stille Mehrheit, die durch ihren Unwillen, sich in ihrem Verein zu engagieren, diesem System weiterhin den R\u00fccken st\u00e4rkt. Mir will nur schwer in den Kopf, dass jahrzehntelange S\u00fcnden und Verfehlungen unges\u00fchnt bleiben sollen, denn der heutige Vorstand hat f\u00fcr mich bewiesen, dass er &#8211; anstatt einen versprochenen Neuanfang &#8211; in der geraden Furche der Verhaltensweisen seiner Amtsvorg\u00e4nger verbleiben will.<\/p>\n<p><a href=\"https:\/\/windpilot.com\/blog\/wp-content\/uploads\/2014\/12\/Kuh-am-Mast.jpg\"><img loading=\"lazy\" decoding=\"async\" src=\"https:\/\/windpilot.com\/blog\/wp-content\/uploads\/2014\/12\/Kuh-am-Mast.jpg\" alt=\"Kuh am Mast\" width=\"2560\" height=\"1920\" class=\"aligncenter size-full wp-image-10580\" srcset=\"https:\/\/windpilot.com\/blog\/wp-content\/uploads\/2014\/12\/Kuh-am-Mast.jpg 2560w, https:\/\/windpilot.com\/blog\/wp-content\/uploads\/2014\/12\/Kuh-am-Mast-300x225.jpg 300w, https:\/\/windpilot.com\/blog\/wp-content\/uploads\/2014\/12\/Kuh-am-Mast-1024x768.jpg 1024w\" sizes=\"auto, (max-width: 2560px) 100vw, 2560px\" \/><\/a><\/p>\n<p>\u00dcber die Gr\u00fcnde vermag ein jeder selbst zu r\u00e4sonieren. Eitle Selbstverliebtheit schiene mir zu wenig Grund, um derart massive Eingriffe in demokratische Selbstverst\u00e4ndlichkeiten zu rechtfertigen. Was bleibt, w\u00e4re die Vermutung, dass hier mit Stringenz unheilvolle Vorf\u00e4lle in der Vergangenheit f\u00fcr alle Zukunft vor der Mitgliederschaft verschleiert werden sollen, zumal zwei heutige Vorst\u00e4nde bereits Mitglieder im fr\u00fcheren Vorstand &#8211; respektive Kassenpr\u00fcfer &#8211; gewesen sind, zudem ihr Wissen schon am <strong>RUNDEN TISCH im Januar 2012<\/strong> vermutlich nicht offen preisgegeben haben. Beim Betrachter entsteht allzu leicht das ungute Gef\u00fchl, dass der Vorstand bis heute eine Menge zu verbergen hat, zudem kritische Menschen nicht mit dem Holzhammer oder Vereinsausschluss zu befrieden sind. <\/p>\n<p>So schliesst sich der Kreis um ein Vereinsmodell, dass sich jeglicher Zukunft zu verweigern scheint. Irgendwann wird es vielleicht gelingen, r\u00fcckhaltlos die Vergangenheit zu rekapitulieren, diese Hoffnung will ich mir nicht nehmen lassen. Ob allerdings der Verein diese dauerhaften Spannungen wird aushalten k\u00f6nnen, das wage ich zu bezweifeln, weil mit dem derzeitige Vorstand eine Zukunft nicht denkbar scheint. <\/p>\n<p>Ob es dann einen neuen Verein, ob es Segler mit besseren Visionen geben wird, das liegt allein in der Hand der Menschen, die bereit sind, sich hier zu engagieren. Vielleicht werden am Ende auch einige Journalisten begreifen, dass sie ihren Lesern einen B\u00e4rendienst erwiesen, indem sie die verkrusteten Strukturen so viele Jahre unterst\u00fctzt und der Aussendarstellung der Deutschen Seglerschaft in aller Welt einen verheerenden Schaden zugef\u00fcgt. Der alte Sinnspruch hat seine G\u00fcltigkeit nicht verloren: die Wahrheit wird alles an den Tag bringen. Die Angst vor diesem Tag scheint in Cuxhaven ungeheuer, weil man ihn mit aller Kraft, List und T\u00fccke zu verhindern sucht.  <\/p>\n<p><a href=\"https:\/\/windpilot.com\/blog\/wp-content\/uploads\/2014\/12\/VogelKopf.jpg\"><img loading=\"lazy\" decoding=\"async\" src=\"https:\/\/windpilot.com\/blog\/wp-content\/uploads\/2014\/12\/VogelKopf.jpg\" alt=\"Vogel:Kopf\" width=\"1000\" height=\"740\" class=\"aligncenter size-full wp-image-10581\" srcset=\"https:\/\/windpilot.com\/blog\/wp-content\/uploads\/2014\/12\/VogelKopf.jpg 1000w, https:\/\/windpilot.com\/blog\/wp-content\/uploads\/2014\/12\/VogelKopf-300x222.jpg 300w\" sizes=\"auto, (max-width: 1000px) 100vw, 1000px\" \/><\/a><\/p>\n<p>F\u00fcr mich jedenfalls ist die Sonne im Westen untergegangen und ich habe festzustellen, dass ich mit der Denk- und Vorgehensweise dieser Menschen nicht kompatibel bin, weil sie erkennbar anderen Interessenlagen folgen, die mit meinen idealistischen Vorstellungen \u00fcber Form und Funktion eines modernen Segelvereins nicht in Einklang zu bringen sind.<\/p>\n<p>Ganz und gar nicht meine Welt, <\/p>\n<p>das gesteht<br \/>\nPeter Foerthmann<\/p>\n","protected":false},"excerpt":{"rendered":"<p>DEUTSCHLAND anno 2015 folgende Das Recht auf demokratische Teilhabe an der politischen Willensbildung ist nur B\u00fcrgern vorbehalten, die Willens und in der Lage sind, zum Wahltermin pers\u00f6nlich nach Berlin zu reisen. Wer das nicht leisten kann, hat Pech gehabt, denn &hellip; <a href=\"https:\/\/windpilot.com\/blog\/trans-ocean-news\/over-and-out\/\">Weiterlesen <span class=\"meta-nav\">&rarr;<\/span><\/a><\/p>\n","protected":false},"author":1,"featured_media":0,"parent":5076,"menu_order":4,"comment_status":"open","ping_status":"closed","template":"","meta":{"footnotes":""},"class_list":["post-10574","page","type-page","status-publish","hentry"],"_links":{"self":[{"href":"https:\/\/windpilot.com\/blog\/wp-json\/wp\/v2\/pages\/10574","targetHints":{"allow":["GET"]}}],"collection":[{"href":"https:\/\/windpilot.com\/blog\/wp-json\/wp\/v2\/pages"}],"about":[{"href":"https:\/\/windpilot.com\/blog\/wp-json\/wp\/v2\/types\/page"}],"author":[{"embeddable":true,"href":"https:\/\/windpilot.com\/blog\/wp-json\/wp\/v2\/users\/1"}],"replies":[{"embeddable":true,"href":"https:\/\/windpilot.com\/blog\/wp-json\/wp\/v2\/comments?post=10574"}],"version-history":[{"count":15,"href":"https:\/\/windpilot.com\/blog\/wp-json\/wp\/v2\/pages\/10574\/revisions"}],"predecessor-version":[{"id":16723,"href":"https:\/\/windpilot.com\/blog\/wp-json\/wp\/v2\/pages\/10574\/revisions\/16723"}],"up":[{"embeddable":true,"href":"https:\/\/windpilot.com\/blog\/wp-json\/wp\/v2\/pages\/5076"}],"wp:attachment":[{"href":"https:\/\/windpilot.com\/blog\/wp-json\/wp\/v2\/media?parent=10574"}],"curies":[{"name":"wp","href":"https:\/\/api.w.org\/{rel}","templated":true}]}}