{"id":10954,"date":"2015-02-15T03:24:24","date_gmt":"2015-02-15T10:24:24","guid":{"rendered":"https:\/\/windpilot.com\/blog\/?page_id=10954"},"modified":"2015-02-15T03:24:24","modified_gmt":"2015-02-15T10:24:24","slug":"peter-hahne","status":"publish","type":"page","link":"https:\/\/windpilot.com\/blog\/morphy-blitz\/peter-hahne\/","title":{"rendered":"Peter Hahne"},"content":{"rendered":"<p><a href=\"https:\/\/windpilot.com\/blog\/wp-content\/uploads\/2015\/02\/Pit-Kopf.jpg\"><img loading=\"lazy\" decoding=\"async\" src=\"https:\/\/windpilot.com\/blog\/wp-content\/uploads\/2015\/02\/Pit-Kopf.jpg\" alt=\"Pit Kopf\" width=\"803\" height=\"616\" class=\"aligncenter size-full wp-image-10955\" srcset=\"https:\/\/windpilot.com\/blog\/wp-content\/uploads\/2015\/02\/Pit-Kopf.jpg 803w, https:\/\/windpilot.com\/blog\/wp-content\/uploads\/2015\/02\/Pit-Kopf-300x230.jpg 300w\" sizes=\"auto, (max-width: 803px) 100vw, 803px\" \/><\/a><strong>Capt. Peter Hahne &#8211; Segler mit Weitblick<\/strong><br \/>\nEs gibt weltweit viele Berufsseeleute, die in ihrem Privatleben das Segeln als Sport und Entspannung vom beruflichen Alltag entdecken und betreiben. Ganz anders als bei normalen Freizeit Skippern, f\u00fcr die eine Seereise leicht zur unbekannten Herausforderung geraten kann, dient Berufsseeleuten das berufliches Handwerkszeug als solide Basis, um schwierigste Herausforderungen auf See stets mit Gelassenheit zu bestehen. Der berufliche Alltag auf See ver\u00e4ndert den Blick auf das Leben und die Gefahren auf See und es ist immer wieder zu beobachten, dass Segler mit der Erfahrung von Berufsseeleuten auf See besser zurecht kommen, als Freizeit Skipper, f\u00fcr die jeder Tag auf See neue Herausforderungen und Stresssituationen mit sich bringt. Es ist die Zeit auf See, die die Menschen pr\u00e4gt, und da haben Berufsseeleute ein Erfahrungskonto, das Hobbysegler selbst mit mehrmaligen Weltumsegelungen niemals werden erreichen k\u00f6nnen.<\/p>\n<p>Bei Peter Hahne ist der berufliche Werdegang diametral anders herum verlaufen, die Geschichte ist <a href=\"https:\/\/windpilot.com\/blog\/blog\/2014\/01\/25\/deutsch-peter-hahne-vom-palstek-herausgeber-zum-kapitan\/\">hier nachzulesen<\/a><\/p>\n<p>Der Perspektiv Wechsel vom Freizeit und Hobby Segler ins ernste Fach des Berufsnautikers indes, hat zur Folge, dass der Umgang von Berufsseeleuten mit Segelsportlern und Vergn\u00fcgungsskippern Raum zu Nachdenklichkeiten gibt. Peter Hahne wird hier in loser Folge Nachdenklichkeiten posten, um zu verdeutlichen, dass die enormen Unterschiede in Bezug auf die Augenh\u00f6he der Verkehrteilnehmer sehr viel weitreichendere Konsequenzen haben k\u00f6nnen, als manch ein Hobbysegler es vermutet, weil er angesichts der schieren Ungleichheit der Schiffsgr\u00f6ssen immer wieder mal die falschen Schl\u00fcsse zieht. Peter\u00b4s Blogs sind <a href=\"https:\/\/windpilot.com\/blog\/blog\/category\/co-blogger\/peter-hahne\/\">hier zu lesen<\/a><\/p>\n","protected":false},"excerpt":{"rendered":"<p>Capt. Peter Hahne &#8211; Segler mit Weitblick Es gibt weltweit viele Berufsseeleute, die in ihrem Privatleben das Segeln als Sport und Entspannung vom beruflichen Alltag entdecken und betreiben. Ganz anders als bei normalen Freizeit Skippern, f\u00fcr die eine Seereise leicht &hellip; <a href=\"https:\/\/windpilot.com\/blog\/morphy-blitz\/peter-hahne\/\">Weiterlesen <span class=\"meta-nav\">&rarr;<\/span><\/a><\/p>\n","protected":false},"author":1,"featured_media":0,"parent":10453,"menu_order":3,"comment_status":"open","ping_status":"closed","template":"","meta":{"footnotes":""},"class_list":["post-10954","page","type-page","status-publish","hentry"],"_links":{"self":[{"href":"https:\/\/windpilot.com\/blog\/wp-json\/wp\/v2\/pages\/10954","targetHints":{"allow":["GET"]}}],"collection":[{"href":"https:\/\/windpilot.com\/blog\/wp-json\/wp\/v2\/pages"}],"about":[{"href":"https:\/\/windpilot.com\/blog\/wp-json\/wp\/v2\/types\/page"}],"author":[{"embeddable":true,"href":"https:\/\/windpilot.com\/blog\/wp-json\/wp\/v2\/users\/1"}],"replies":[{"embeddable":true,"href":"https:\/\/windpilot.com\/blog\/wp-json\/wp\/v2\/comments?post=10954"}],"version-history":[{"count":1,"href":"https:\/\/windpilot.com\/blog\/wp-json\/wp\/v2\/pages\/10954\/revisions"}],"predecessor-version":[{"id":10956,"href":"https:\/\/windpilot.com\/blog\/wp-json\/wp\/v2\/pages\/10954\/revisions\/10956"}],"up":[{"embeddable":true,"href":"https:\/\/windpilot.com\/blog\/wp-json\/wp\/v2\/pages\/10453"}],"wp:attachment":[{"href":"https:\/\/windpilot.com\/blog\/wp-json\/wp\/v2\/media?parent=10954"}],"curies":[{"name":"wp","href":"https:\/\/api.w.org\/{rel}","templated":true}]}}