{"id":11639,"date":"2015-11-29T10:59:48","date_gmt":"2015-11-29T17:59:48","guid":{"rendered":"https:\/\/windpilot.com\/blog\/?page_id=11639"},"modified":"2018-01-01T02:44:51","modified_gmt":"2018-01-01T09:44:51","slug":"sv-karl-nike-steiger-ger","status":"publish","type":"page","link":"https:\/\/windpilot.com\/blog\/columns\/segeln-verdienen\/sv-karl-nike-steiger-ger\/","title":{"rendered":"White Spot Pirates"},"content":{"rendered":"<p><strong>CHRONOLOLGIE EINER ERFOLGREICHEN JAGT<\/strong><br \/>\nMit einem Video begann die Jagd, um einer jungen Dame mit erstaunlich grossen Pl\u00e4nen, zumindest f\u00fcr ihre Zeit auf See zu Steuerbefreiung zu verhelfen. <\/p>\n<p><iframe loading=\"lazy\" width=\"560\" height=\"315\" src=\"https:\/\/www.youtube.com\/embed\/_tffftL4oDY?list=PLUK8GR4xS78s8vJ89xXGWqGYAPq5bSeZ7\" frameborder=\"0\" allowfullscreen><\/iframe><\/p>\n<p>Bereits in der ersten Videominute wurde klar, dass es mit diesem Justierungsfehler niemals klappen konnte, weshalb ich die folgende Mail bereits Ende 2014 verfasste:<\/p>\n<blockquote><p>Moin aus Hamburg,<br \/>\neine sch\u00f6ne Idee, die Sie da realisieren &#8211; Kompliment.<\/p>\n<p>Auf WHITE SPOT PIRATES  sehe ich, dass ich nun auch bei Ihnen an Bord eine Anstellung gefunden habe als geschlechtsloser, wenngleich hoffentlich bald unentbehrlicher \u201eeiserner\u201c &#8211; Aluminium-Steuermann &#8230; eine PACIFIC von WINDPILOT.<\/p>\n<p>Allerdings, und das ist der Grund f\u00fcr diesen comment:<br \/>\nDAS RUDERBLATT IST ABERWITZIG FALSCH POSITIONIERT. Soooo&#8230; kanns nicht klappen mit steuerfreien Zeiten auf See &#8230; dem Grund, warum ich ja wohl erworben, montiert und eingestellt:<br \/>\nSchicken Sie meinem Chef Peter Foerthmann eine Mail &#8230; und schon gehts los.<br \/>\nBeste Gruesse aus Hamburg<br \/>\nPeter Foerthmann<\/p><\/blockquote>\n<p><a href=\"https:\/\/windpilot.com\/blog\/wp-content\/uploads\/2015\/11\/Nike-Gesicht.jpg\"><img loading=\"lazy\" decoding=\"async\" src=\"https:\/\/windpilot.com\/blog\/wp-content\/uploads\/2015\/11\/Nike-Gesicht.jpg\" alt=\"Nike Gesicht\" width=\"1022\" height=\"673\" class=\"aligncenter size-full wp-image-11641\" srcset=\"https:\/\/windpilot.com\/blog\/wp-content\/uploads\/2015\/11\/Nike-Gesicht.jpg 1022w, https:\/\/windpilot.com\/blog\/wp-content\/uploads\/2015\/11\/Nike-Gesicht-300x198.jpg 300w\" sizes=\"auto, (max-width: 1022px) 100vw, 1022px\" \/><\/a><\/p>\n<p>Es passierte wochenlang \u2013 nix. Also kreiste ich die junge Dame ein, verfasste einen comment bei YouTube und erhielt irgendwann das folgende Lebenszeichen:<\/p>\n<blockquote><p>Moin Moin von s\u00fcdlich der Elbe,<br \/>\n\u00a0<br \/>\nich residiere gerade in L\u00fcneburg f\u00fcr drei Wochen \u2013 Heimurlaub sozusagen. So hei\u00df ist es hier leider also gar nicht.<br \/>\n\u00a0<br \/>\nVielen Dank f\u00fcr das Angebot der Fernanalyse, h\u00f6rt sich ja spannend an. Das kann sehr gut sein, dass da bei meiner Leinenf\u00fchrung so einiges im Argen ist&#8230;Ich bin gespannt. Soll das Video denn dann auch auf Raumschotskurs sein oder w\u00e4re der Kurs egal?<br \/>\n\u00a0<br \/>\nWenn Sie mir Anweisungen schicken, wie ich meinen Windpiloten verbessern kann, werde ich die Umsetzung selbstverst\u00e4ndlich filmen und in einer meinen Folgen integrieren, das interessiert sicher viele. Und sollte ich tats\u00e4chlich auch vorm Wind meine 20 Minuten ruhig schlafen k\u00f6nnen (zumindest was das \u00dcberpr\u00fcfen der Anlage angeht, f\u00fcr den Rest k\u00f6nnen Sie ja nix), dann k\u00f6nnen wir auch \u00fcber ein separates Video sprechen, falls Ihnen die Integration in einer meinen Folgen nicht reichen sollte.<br \/>\n\u00a0<br \/>\nAllerdings kann ich erst in ca. 2 Monaten das Filmchen schicken, da ich bis dahin am Basteln sein werde an meinem Karl in Guatemala. Aber danach kommt es dann sofort, versprochen!<br \/>\n\u00a0<br \/>\nBeste Gr\u00fc\u00dfe,<br \/>\nNike Steiger<\/p><\/blockquote>\n<p><a href=\"https:\/\/windpilot.com\/blog\/wp-content\/uploads\/2015\/11\/11666165_845530442210334_9110112059482071843_n.jpg\"><img loading=\"lazy\" decoding=\"async\" src=\"https:\/\/windpilot.com\/blog\/wp-content\/uploads\/2015\/11\/11666165_845530442210334_9110112059482071843_n-1024x765.jpg\" alt=\"11666165_845530442210334_9110112059482071843_n\" width=\"640\" height=\"478\" class=\"aligncenter size-large wp-image-11642\" srcset=\"https:\/\/windpilot.com\/blog\/wp-content\/uploads\/2015\/11\/11666165_845530442210334_9110112059482071843_n-1024x765.jpg 1024w, https:\/\/windpilot.com\/blog\/wp-content\/uploads\/2015\/11\/11666165_845530442210334_9110112059482071843_n-300x224.jpg 300w, https:\/\/windpilot.com\/blog\/wp-content\/uploads\/2015\/11\/11666165_845530442210334_9110112059482071843_n.jpg 1360w\" sizes=\"auto, (max-width: 640px) 100vw, 640px\" \/><\/a><\/p>\n<p>Die Verbindung war also hergestellt, was mir wichtig ist, wenn es darum geht, hier und dort rund um den Globus zu verhindern, dass ein Segler \u2013 oder eine unter Seglern seltene Single Hander Dame \u2013 als Sklave pers\u00f6nlich am Ruder sitzt, obgleich am Heck die Steuerfreiheit winkt.<\/p>\n<p>Nur noch ein Wimpernschlag, mich ein wenig mehr f\u00fcr mein Gegen\u00fcber zu interessieren. Und so erfuhr ich die erstaunliche Geschichte einer jungen Frau aus L\u00fcneburg, der die Heimat zu eng geworden, die ihren Horizont entschlossen erweitern wollte \u2013 und dies segelnder Weise zu unternehmen gedachte.  Eine toughe junge Dame mit erstaunlichem Werdegang, denn, nicht wahr, ein derartiges Abenteuer ausgerechnet unter der br\u00fctenden Sonne von Panama zu beginnen, noch dazu mit einem traurig verlassenem Schiff mit korrodierter Unterhose \u2013 und dabei weder Mut, Nerven noch Kraft zu verlieren \u2013 das ist eine hard core Enfahrung mit eingebauten Fluchtgedanken, vor der ich in stillem Respekt zu Boden sinke.<\/p>\n<p><a href=\"https:\/\/windpilot.com\/blog\/wp-content\/uploads\/2015\/11\/12241582_916712355092142_8543399953598900229_n.jpg\"><img loading=\"lazy\" decoding=\"async\" src=\"https:\/\/windpilot.com\/blog\/wp-content\/uploads\/2015\/11\/12241582_916712355092142_8543399953598900229_n.jpg\" alt=\"12241582_916712355092142_8543399953598900229_n\" width=\"960\" height=\"720\" class=\"aligncenter size-full wp-image-11643\" srcset=\"https:\/\/windpilot.com\/blog\/wp-content\/uploads\/2015\/11\/12241582_916712355092142_8543399953598900229_n.jpg 960w, https:\/\/windpilot.com\/blog\/wp-content\/uploads\/2015\/11\/12241582_916712355092142_8543399953598900229_n-300x225.jpg 300w\" sizes=\"auto, (max-width: 960px) 100vw, 960px\" \/><\/a><\/p>\n<p>Ich habe in meinem Leben viele ungew\u00f6hnliche Geschichten geh\u00f6rt, stets stand der Entschluss zum Start am Ende einer langen Kette von Entscheidungen von Lebensplanung, Sparen, Schiffserwerb, Ausr\u00fcstung, nochmal Sparen \u2013 um an Ende dann Loszufahren, meist dar\u00fcber grau geworden &#8230;<\/p>\n<p>Nike &#8211; eigentlich Berenike &#8211; hat alle Schritte nahezu zeitgleich absolviert \u2013 und ist dabei erkennbar nicht untergegangen. Sie hat sich in der feindlichen Umgebung einer schw\u00fclen Dschungel Marina in Panama eingefunden, und sich einer  der finalen Verrottung \u00fcberlassenen Schiffsleiche angenommen, dabei sicher ungez\u00e4hlte innere Schweinehunde zum Schweigen gebracht und die \u00c4rmel hochgekrempelt. Sie hat ihren Karl &#8211; eine Aluminium Reinke 10S &#8211; kennen, und manchmal widerwillig, lieben gelernt, ihm zur Wiederauferstehung verholfen und dem Urwald entrissen, ihm die L\u00f6cher in der B\u00fcx zugeschweisst, sein Inventar sortiert und Krabbeltiere rausgeschmissen. Ob sie dabei an Aufgeben dachte? Egal Karl, Sie hat alle \u00fcberlistet und die Oberhand behalten &#8211; a girl with balls, wie in einem Interview nachzulesen ist. <\/p>\n<p>Kaum zu glauben, wie diese zierliche junge Dame diese Mammut Aufgabe gemeistert, sich notwendige handwerkliche Tricks und F\u00e4higkeiten angenommen, dabei Freunde gewonnen, deren Hilfe sie genossen hat. Und sie ist tats\u00e4chlich losgekommen, wenngleich zun\u00e4chst Ihre Schwimmversuche vor der T\u00fcr von Panama stattgefunden haben. 2500 Seemeilen von Kolumbien bis nach Guatemala liegen zwischenzeitlich in ihrem Kielwasser.<\/p>\n<p><iframe loading=\"lazy\" width=\"560\" height=\"315\" src=\"https:\/\/www.youtube.com\/embed\/5AHjyzj6iVA\" frameborder=\"0\" allowfullscreen><\/iframe><\/p>\n<p>Vor wenigen Tagen ist sie nun in Providencia angekommen, wobei ein Schutzengel wieder ganze Arbeit leisten musste. Die Palme ist stehen geblieben, obgleich ein Want direkt \u00fcber der Spannschraube &#8211; durch Rott &#8211; abgerissen ist.<\/p>\n<p><a href=\"https:\/\/windpilot.com\/blog\/wp-content\/uploads\/2015\/11\/Ln10ucrbLtfxSK-ENrE27qNLiN84DE3ru3mKjG-p-js3Nz9NfLo_TY8N4kc5wDVsbydcMt0lS5-Y8z0fLJ1SjA.jpeg\"><img loading=\"lazy\" decoding=\"async\" src=\"https:\/\/windpilot.com\/blog\/wp-content\/uploads\/2015\/11\/Ln10ucrbLtfxSK-ENrE27qNLiN84DE3ru3mKjG-p-js3Nz9NfLo_TY8N4kc5wDVsbydcMt0lS5-Y8z0fLJ1SjA-680x1024.jpeg\" alt=\"Ln10ucrbLtfxSK-ENrE27qNLiN84DE3ru3mKjG-p-js,3Nz9NfLo_TY8N4kc5wDVsbydcMt0lS5-Y8z0fLJ1SjA\" width=\"640\" height=\"964\" class=\"aligncenter size-large wp-image-11644\" srcset=\"https:\/\/windpilot.com\/blog\/wp-content\/uploads\/2015\/11\/Ln10ucrbLtfxSK-ENrE27qNLiN84DE3ru3mKjG-p-js3Nz9NfLo_TY8N4kc5wDVsbydcMt0lS5-Y8z0fLJ1SjA-680x1024.jpeg 680w, https:\/\/windpilot.com\/blog\/wp-content\/uploads\/2015\/11\/Ln10ucrbLtfxSK-ENrE27qNLiN84DE3ru3mKjG-p-js3Nz9NfLo_TY8N4kc5wDVsbydcMt0lS5-Y8z0fLJ1SjA-199x300.jpeg 199w, https:\/\/windpilot.com\/blog\/wp-content\/uploads\/2015\/11\/Ln10ucrbLtfxSK-ENrE27qNLiN84DE3ru3mKjG-p-js3Nz9NfLo_TY8N4kc5wDVsbydcMt0lS5-Y8z0fLJ1SjA.jpeg 850w\" sizes=\"auto, (max-width: 640px) 100vw, 640px\" \/><\/a><\/p>\n<p>Nat\u00fcrlich haben wir uns \u00fcber den finanziellen Background ausgetauscht \u2013 und so erfuhr ich eine weitere \u00dcberraschung. Denn Nike hat sich die Vorraussetzungen f\u00fcr ihre Zeit an Bord aus eigenen knappen Mitteln geschaffen \u2013 anstatt, wie heute vielfach unter jungen Leuten so sehr modern \u2013 stets und st\u00e4ndig die eigene Geldnot auf den Lippen und im Blog zu thematisieren \u2013 und dabei dann Unterst\u00fctzung zu erbetteln, weil das Geld mit den eigenen W\u00fcnschen immer wieder nicht konform.<\/p>\n<p><a href=\"http:\/\/whitespotpirates.com\" target=\"_blank\">WHITE SPOT PIRATES<\/a> ist Nikes Web-Tor zur Welt interessierter junger Menschen, denen sie durch w\u00f6chentliche Videobotschaften unverbl\u00fcmt und ehrlich von ihren Erfahrungen und Niederlagen zu erz\u00e4hlen weiss. Als Profi in Sachen Marketing, hat sie schlau erkannt, dass der deutsche Sprachraum f\u00fcr einen Fan Club in ihrer Sache nicht ausreichend ergiebig ist. Der Entschluss zu Videobotschaften in englischer Sprache erwies sich als Treffer &#8211; er muss ihr leicht gefallen sein, denn sie ist der englischen Sprache in einer Form pr\u00e4chtig m\u00e4chtig, dass es Spass macht, ihr zuzuh\u00f6ren &#8211; so ganz anders als so manch anderer Blog, in dem deutsche Segler ihr Publikum radebrechend mit abenteuerlich schlechten Sprachattacken versuchen, zu imponieren und dabei Zahnschmerzen generieren &#8211; ein Link wird hier schamhaft totgeschwiegen.<\/p>\n<p><a href=\"https:\/\/windpilot.com\/blog\/wp-content\/uploads\/2015\/11\/sY5V0QdEqGX2gVqYefh-SpGGPnN8CpSWyFpdtP0k28wdMUURCwKeYZBN7B8P3yc6dheO1qaMFQF-tTeLYWvnkw.jpeg\"><img loading=\"lazy\" decoding=\"async\" src=\"https:\/\/windpilot.com\/blog\/wp-content\/uploads\/2015\/11\/sY5V0QdEqGX2gVqYefh-SpGGPnN8CpSWyFpdtP0k28wdMUURCwKeYZBN7B8P3yc6dheO1qaMFQF-tTeLYWvnkw-1024x680.jpeg\" alt=\"sY5V0QdEqGX2gVqYefh-SpGGPnN8CpSWyFpdtP0k28w,dMUURCwKeYZBN7B8P3yc6dheO1qaMFQF-tTeLYWvnkw\" width=\"640\" height=\"425\" class=\"aligncenter size-large wp-image-11645\" srcset=\"https:\/\/windpilot.com\/blog\/wp-content\/uploads\/2015\/11\/sY5V0QdEqGX2gVqYefh-SpGGPnN8CpSWyFpdtP0k28wdMUURCwKeYZBN7B8P3yc6dheO1qaMFQF-tTeLYWvnkw-1024x680.jpeg 1024w, https:\/\/windpilot.com\/blog\/wp-content\/uploads\/2015\/11\/sY5V0QdEqGX2gVqYefh-SpGGPnN8CpSWyFpdtP0k28wdMUURCwKeYZBN7B8P3yc6dheO1qaMFQF-tTeLYWvnkw-300x199.jpeg 300w, https:\/\/windpilot.com\/blog\/wp-content\/uploads\/2015\/11\/sY5V0QdEqGX2gVqYefh-SpGGPnN8CpSWyFpdtP0k28wdMUURCwKeYZBN7B8P3yc6dheO1qaMFQF-tTeLYWvnkw.jpeg 1280w\" sizes=\"auto, (max-width: 640px) 100vw, 640px\" \/><\/a><\/p>\n<p>Wenn andere deutsche Segler tapfer jahrelang von ihren Reisen berichten, und dabei die Zahl der Follower nur m\u00fchselig nach oben schieben, so hat Nike es in nur 2 Jahren auf stattliche 9.000 FB Freunde gebracht, dank der englischen Sprache, was f\u00fcr mich der erste Schl\u00fcssel f\u00fcr ihren Erfolg gewesen scheint. Nat\u00fcrlich abgesehen von der Tatsache, dass hier eine \u00fcberaus ansehnliche junge Dame, dem Betrachter direkt in die Augen schaut \u2013 und sehnsuchtsvolle Gedanken zu befl\u00fcgeln weiss, was ja an sich nichts Schlechtes ist, zumal ihre Botschaften erstaunlich authentisch sind: Jeder kann, wenn er denn will, seine Tr\u00e4ume realisieren. Die FB Kommentare spiegeln, dass Nike mit ihrem Konzept ins Schwarze trifft.<\/p>\n<p><a href=\"https:\/\/www.facebook.com\/worldtourstories\/\" target=\"_blank\">Von Alex und Taru<\/a> wissen wir, dass das Auge stets mit am Tische sitzt, wenn es gilt, interessante Geschichten \u2013 vor allem Bilder anzusehen und eigenen Tr\u00e4umen zum Fliegen zu verhelfen. Alex und Taru haben im Verlauf von 5 Jahren, 6700 FB Freunde angezogen \u2013 ohne dass sich Taru dabei final ausgezogen hat.<\/p>\n<p>Nike erz\u00e4hlt in gekonnten Bildern und schnellen Schnitten, mit stimmiger Musik unterlegt. Ihre Botschaften stehen in Einklang mit dem, was das Auge ohnehin schon sieht. Der <a href=\"https:\/\/www.youtube.com\/playlist?list=PLUK8GR4xS78s8vJ89xXGWqGYAPq5bSeZ7\" target=\"_blank\">Fanclub ihrer YouTube Gemeinde<\/a> ist riesig, das j\u00fcngste Video verzeichnet 66.000 Besucher, die Gesamtbesucherzahl ihres Kanals verhilft ihr heute zu einem Grundeinkommen, jedenfalls solange ihr schwimmender Untersatz mit dem trockenen Namen KARL, seinen Appetit auf weitere Reparaturen in Grenzen h\u00e4lt. Nike ist frohgemut, verweist humorvoll und ganz dezent auf die M\u00f6glichkeit, <a href=\"http:\/\/whitespotpirates.com\/support\/support-the-project\/\" target=\"_blank\">sie bei Gefallen ein wenig zu unterst\u00fctzen.<\/a> Eine so ganz andere Erfahrung in einer Zeit, in der junge Menschen ansonsten gern mit Bugwelle und Pistole, die soziale Umgebung sich zum Untertan zu machen versuchen.<\/p>\n<p><a href=\"https:\/\/windpilot.com\/blog\/wp-content\/uploads\/2015\/11\/yMu8Nx0tP1JBhFV1ocUfP1yZnC_KiN6toiut78P3B1AlEUCbagUATf9iJ4LZKlAwGE-hpZiCv3K8w-tPqG4A8U.jpeg\"><img loading=\"lazy\" decoding=\"async\" src=\"https:\/\/windpilot.com\/blog\/wp-content\/uploads\/2015\/11\/yMu8Nx0tP1JBhFV1ocUfP1yZnC_KiN6toiut78P3B1AlEUCbagUATf9iJ4LZKlAwGE-hpZiCv3K8w-tPqG4A8U-1024x680.jpeg\" alt=\"yMu8Nx0tP1JBhFV1ocUfP1yZnC_KiN6toiut78P3B1A,lEUCbagUATf9iJ4LZKlAwGE-hpZiCv3K8w-tPqG4A8U\" width=\"640\" height=\"425\" class=\"aligncenter size-large wp-image-11646\" srcset=\"https:\/\/windpilot.com\/blog\/wp-content\/uploads\/2015\/11\/yMu8Nx0tP1JBhFV1ocUfP1yZnC_KiN6toiut78P3B1AlEUCbagUATf9iJ4LZKlAwGE-hpZiCv3K8w-tPqG4A8U-1024x680.jpeg 1024w, https:\/\/windpilot.com\/blog\/wp-content\/uploads\/2015\/11\/yMu8Nx0tP1JBhFV1ocUfP1yZnC_KiN6toiut78P3B1AlEUCbagUATf9iJ4LZKlAwGE-hpZiCv3K8w-tPqG4A8U-300x199.jpeg 300w, https:\/\/windpilot.com\/blog\/wp-content\/uploads\/2015\/11\/yMu8Nx0tP1JBhFV1ocUfP1yZnC_KiN6toiut78P3B1AlEUCbagUATf9iJ4LZKlAwGE-hpZiCv3K8w-tPqG4A8U.jpeg 1280w\" sizes=\"auto, (max-width: 640px) 100vw, 640px\" \/><\/a><\/p>\n<p>Wie Nike mit eigenen Worten beschreibt:<\/p>\n<blockquote><p>Ich kann \u00fcber meine Videos ein monatliches Einkommen generieren, das zumindest mich am Leben h\u00e4lt&#8230;In Zeiten, in denen ich viel in Karl investieren muss, wird es knapp, aber ich versuche, unn\u00f6tige Ausgaben zu minimieren und bis jetzt klappt es alles ganz ok. Aber ich gehe eben kaum essen, wenn, dann haupts\u00e4chlich local food \/ street food. Ich bin immer vor Anker, mache alles Reparaturen selbst oder mit kostenloser Unterst\u00fctzung von Freunden. Au\u00dferdem kaufe ich keine teuren Lebensmittel&#8230;zumindest meistens nicht \ud83d\ude42 und fische mir oft mein Essen. <\/p><\/blockquote>\n<p>Ein interessantes Interview mit Nike ist <a href=\"http:\/\/www.bruderleichtfuss.com\/white-spot-pirates\/\" target=\"_blank\">hier nachzulesen<\/a>:   <\/p>\n<p>F\u00fcr mich z\u00e4hlt Nike zu den stillen Segelhelden, die mit erfrischendem Optimismus ihr Schicksal selbst in die H\u00e4nde genommen hat und einer ganzen Generation z\u00f6gerlicher junger Menschen aufzeigt, wie man es anders machen kann, wenn man das nur will. <\/p>\n<p>meint<br \/>\nPeter Foerthmann<\/p>\n","protected":false},"excerpt":{"rendered":"<p>CHRONOLOLGIE EINER ERFOLGREICHEN JAGT Mit einem Video begann die Jagd, um einer jungen Dame mit erstaunlich grossen Pl\u00e4nen, zumindest f\u00fcr ihre Zeit auf See zu Steuerbefreiung zu verhelfen. Bereits in der ersten Videominute wurde klar, dass es mit diesem Justierungsfehler &hellip; <a href=\"https:\/\/windpilot.com\/blog\/columns\/segeln-verdienen\/sv-karl-nike-steiger-ger\/\">Weiterlesen <span class=\"meta-nav\">&rarr;<\/span><\/a><\/p>\n","protected":false},"author":1,"featured_media":0,"parent":13662,"menu_order":2,"comment_status":"open","ping_status":"closed","template":"","meta":{"footnotes":""},"class_list":["post-11639","page","type-page","status-publish","hentry"],"_links":{"self":[{"href":"https:\/\/windpilot.com\/blog\/wp-json\/wp\/v2\/pages\/11639","targetHints":{"allow":["GET"]}}],"collection":[{"href":"https:\/\/windpilot.com\/blog\/wp-json\/wp\/v2\/pages"}],"about":[{"href":"https:\/\/windpilot.com\/blog\/wp-json\/wp\/v2\/types\/page"}],"author":[{"embeddable":true,"href":"https:\/\/windpilot.com\/blog\/wp-json\/wp\/v2\/users\/1"}],"replies":[{"embeddable":true,"href":"https:\/\/windpilot.com\/blog\/wp-json\/wp\/v2\/comments?post=11639"}],"version-history":[{"count":11,"href":"https:\/\/windpilot.com\/blog\/wp-json\/wp\/v2\/pages\/11639\/revisions"}],"predecessor-version":[{"id":11659,"href":"https:\/\/windpilot.com\/blog\/wp-json\/wp\/v2\/pages\/11639\/revisions\/11659"}],"up":[{"embeddable":true,"href":"https:\/\/windpilot.com\/blog\/wp-json\/wp\/v2\/pages\/13662"}],"wp:attachment":[{"href":"https:\/\/windpilot.com\/blog\/wp-json\/wp\/v2\/media?parent=11639"}],"curies":[{"name":"wp","href":"https:\/\/api.w.org\/{rel}","templated":true}]}}