{"id":11751,"date":"2016-01-03T13:06:28","date_gmt":"2016-01-03T20:06:28","guid":{"rendered":"https:\/\/windpilot.com\/blog\/?page_id=11751"},"modified":"2023-10-27T07:29:41","modified_gmt":"2023-10-27T14:29:41","slug":"segler-als-fashion-victims","status":"publish","type":"page","link":"https:\/\/windpilot.com\/blog\/columns\/sozial-oder-nicht\/segler-als-fashion-victims\/","title":{"rendered":"Fashion Victims"},"content":{"rendered":"<p><strong>UNIMOG DER ZEITMESSUNG<\/strong><br \/>\n<img loading=\"lazy\" decoding=\"async\" src=\"https:\/\/windpilot.com\/blog\/wp-content\/uploads\/2016\/01\/Morphy-Blitz.jpg\" alt=\"Morphy Blitz\" width=\"888\" height=\"963\" class=\"aligncenter size-full wp-image-11755\" srcset=\"https:\/\/windpilot.com\/blog\/wp-content\/uploads\/2016\/01\/Morphy-Blitz.jpg 888w, https:\/\/windpilot.com\/blog\/wp-content\/uploads\/2016\/01\/Morphy-Blitz-277x300.jpg 277w, https:\/\/windpilot.com\/blog\/wp-content\/uploads\/2016\/01\/Morphy-Blitz-768x833.jpg 768w\" sizes=\"auto, (max-width: 888px) 100vw, 888px\" \/>Ohhhppps, das ist meinem Oberindianer auch passiert!  Es war an einem sch\u00f6nen Tag im Mai des Jahres 2015. Mein Chef bl\u00e4tterte entspannt im SPIEGEL rum, als ihm ein Bericht \u00fcber den UNIMOG DER ZEITMESSUNG ins Auge sprang. <\/p>\n<p>Halt Stop: zum besseren Verst\u00e4ndnis hier zun\u00e4chst die Chronologie der Geschichte eines Handgelenk Chronografen von meinem Cheffe: <\/p>\n<p>Nach jahrelanger Abrichtung durch seine weibliche Regierungszentrale, also als Resultat nervigen Trietzen\u00b4s, trug mein Cheffe &#8211; endlich! &#8211; eine respektable Schweizer Uhr an seinem bis dato jungfr\u00e4ulichen Handgelenk &#8211; jedenfalls zumindest, wenn er mit seinem weiblichen Wachhund, ausserhalb der Werkstatt, zum Beispiel auf dem Wochenmarkt, in der \u00d6ffentlichkeit zu baden hatte. Und es ist ihm dort fortan nat\u00fcrlich aufgefallen, dass viele Blicke, anstatt in seine Augen, auf das Handgelenk gerichtet wurden. Okay, damit konnte der Mann leben &#8211; die Investition hatte sich also irgendwie final gelohnt, denn billig ist das Teil ja nicht gewesen. Sein Weib jedenfalls war stolz wie Oskar, hatte sie doch final gesiegt und ihren Kerl angeh\u00fcbscht, was eben auch den anderen aufgefallen ist, dem finalen Zweck. Schuhe hier, Handgelenk dort, ein kleines Krododilchen auf dem Herzchen &#8211; schon ist er fertig, der Mann von Welt, den Jede haben will. Wie einfach man doch Unterschiede herstellen kann, ein paar Attribut\u00b4chen und schon wird aus einem Buttje ein respektabler seri\u00f6ser Kerl. Wie leicht man doch Menschen verblenden kann!<\/p>\n<p><img loading=\"lazy\" decoding=\"async\" src=\"https:\/\/windpilot.com\/blog\/wp-content\/uploads\/2016\/01\/HerbertHarley.jpg\" alt=\"Herbert&gt;Harley\" width=\"538\" height=\"878\" class=\"aligncenter size-full wp-image-11753\" srcset=\"https:\/\/windpilot.com\/blog\/wp-content\/uploads\/2016\/01\/HerbertHarley.jpg 538w, https:\/\/windpilot.com\/blog\/wp-content\/uploads\/2016\/01\/HerbertHarley-184x300.jpg 184w\" sizes=\"auto, (max-width: 538px) 100vw, 538px\" \/><\/p>\n<p>Soweit die Geschichte vom M\u00e4nnerschmuck, den mein Cheffe allerdings wenig sp\u00e4ter, zun\u00e4chst nur in der Werkstatt, sp\u00e4ter dann im ganzen Leben, abgelegt, weil ihm das Get\u00fctel am Handgelenk l\u00e4stig wurde, beim Autofahren Schweiss erzeugte, sodann juckte, und er feststellte, dass sich der Aufwand f\u00fcr wenige Neid Sekunden bei lapidaren Zeitgenossen, irgendwie nicht gelohnt. Seitdem liegt die Uhr im Schrank, wird dann und wann feminin geputzt, und waaaatet auf ihr Handgelenk, sowie passende Gelegenheiten zur Neidverst\u00e4rkung und Distanzierung. Nicht zu vergessen, in der Schublade w\u00e4chst ihr Wert nat\u00fcrlich ungemein, wenn man Presseberichten &#8211; schlau lanciert &#8211; wirklich glauben soll.<\/p>\n<p>Wie gesagt: im Mai dann der Schock, mein Cheffe las:<\/p>\n<blockquote><p>Breitling setzt im Wesentlichen das Standarduhrwerk ETA 7750 der Swatch Group ein, einen millionenfach produzierten Unimog der Zeitmesstechnik, der gerade wegen seiner \u00fcberschaubaren und robusten Bauweise gesch\u00e4tzt wird.<\/p><\/blockquote>\n<p><a href=\"http:\/\/www.spiegel.de\/spiegel\/print\/d-134762535.html\" target=\"_blank\" rel=\"noopener\">Der ganze Artikel<\/a><\/p>\n<p><img loading=\"lazy\" decoding=\"async\" src=\"https:\/\/windpilot.com\/blog\/wp-content\/uploads\/2016\/01\/Peter-Cessna-1024x669.jpg\" alt=\"Peter Cessna\" width=\"640\" height=\"418\" class=\"aligncenter size-large wp-image-11754\" srcset=\"https:\/\/windpilot.com\/blog\/wp-content\/uploads\/2016\/01\/Peter-Cessna-1024x669.jpg 1024w, https:\/\/windpilot.com\/blog\/wp-content\/uploads\/2016\/01\/Peter-Cessna-300x196.jpg 300w, https:\/\/windpilot.com\/blog\/wp-content\/uploads\/2016\/01\/Peter-Cessna-768x502.jpg 768w\" sizes=\"auto, (max-width: 640px) 100vw, 640px\" \/><\/p>\n<p>Seither hat das Selbstwertgef\u00fchl von meinem Cheffe einen Knacks. Hat ihn hier &#8211; also uns &#8211; vielleicht jemand verarscht? Er dachte n\u00e4mlich doch immer, dass ihm nun f\u00fcr den endg\u00fcltigen Durchbruch zur Elite nur doch der Retro-Jet fehlte, an den sich JOHN TRAVOLTA in der BREITLING Reklame so l\u00e4ssig lehnte. Immerhin tragen die Beiden doch nun schon die gleichen Chronometer an den muskul\u00f6s sehnigen Handgelenken. Nee, also wirklich, was f\u00fcr ein Eklat! Woran sollte man denn sonst sein Ego aufrichten? Nicht einmal auf Reklame ist noch Verlass.<\/p>\n<p>Da muss mein Cheffe wirklich mal ernsthaft mit seiner Frau schnacken &#8211; denn die ist n\u00e4mlich Schuld an diesem Desaster. <\/p>\n<p>Immerhin ist mein Cheffe seit heute nicht mehr alleine: Soeben erreicht ihn eine Mail von <strong>UWE KLIMMER<\/strong> aus M\u00fcnchen, mit dem er beruflich &#8211; einmal raten gen\u00fcgt ! &#8211; seit einigen Jahren im Gespr\u00e4ch. Es handelte sich um Details ueber den Wempe Navigator II<\/p>\n<p>Wie kommt es nur, dass ich glaube, dass mein Cheffe sich heute so viel besser f\u00fchlt? Er pl\u00f6tzlich nicht mehr so ganz allein auf diesem Planeten, der uns allen so wundervolle tolle Produkte bietet, die man nur noch kaufen braucht, um sich fortan subito so viel besser zu f\u00fchlen. Wollen wir uns nicht alle ein wenig von unseren Mit-Hamstern im Rad distanzieren? <\/p>\n<p>fragt sich und Dich<br \/>\nMORPHY BLITZ &#8211; alias Mini Cheffe<br \/>\n27.11.2023<br \/>\n<img loading=\"lazy\" decoding=\"async\" src=\"https:\/\/windpilot.com\/blog\/wp-content\/uploads\/2023\/10\/Morphy-Blitz-quadrat-150x150.jpg\" alt=\"\" width=\"150\" height=\"150\" class=\"alignleft size-thumbnail wp-image-30314\" \/><\/p>\n","protected":false},"excerpt":{"rendered":"<p>UNIMOG DER ZEITMESSUNG Ohhhppps, das ist meinem Oberindianer auch passiert! Es war an einem sch\u00f6nen Tag im Mai des Jahres 2015. Mein Chef bl\u00e4tterte entspannt im SPIEGEL rum, als ihm ein Bericht \u00fcber den UNIMOG DER ZEITMESSUNG ins Auge sprang. &hellip; <a href=\"https:\/\/windpilot.com\/blog\/columns\/sozial-oder-nicht\/segler-als-fashion-victims\/\">Weiterlesen <span class=\"meta-nav\">&rarr;<\/span><\/a><\/p>\n","protected":false},"author":1,"featured_media":0,"parent":13656,"menu_order":3,"comment_status":"open","ping_status":"closed","template":"","meta":{"footnotes":""},"class_list":["post-11751","page","type-page","status-publish","hentry"],"_links":{"self":[{"href":"https:\/\/windpilot.com\/blog\/wp-json\/wp\/v2\/pages\/11751","targetHints":{"allow":["GET"]}}],"collection":[{"href":"https:\/\/windpilot.com\/blog\/wp-json\/wp\/v2\/pages"}],"about":[{"href":"https:\/\/windpilot.com\/blog\/wp-json\/wp\/v2\/types\/page"}],"author":[{"embeddable":true,"href":"https:\/\/windpilot.com\/blog\/wp-json\/wp\/v2\/users\/1"}],"replies":[{"embeddable":true,"href":"https:\/\/windpilot.com\/blog\/wp-json\/wp\/v2\/comments?post=11751"}],"version-history":[{"count":8,"href":"https:\/\/windpilot.com\/blog\/wp-json\/wp\/v2\/pages\/11751\/revisions"}],"predecessor-version":[{"id":30316,"href":"https:\/\/windpilot.com\/blog\/wp-json\/wp\/v2\/pages\/11751\/revisions\/30316"}],"up":[{"embeddable":true,"href":"https:\/\/windpilot.com\/blog\/wp-json\/wp\/v2\/pages\/13656"}],"wp:attachment":[{"href":"https:\/\/windpilot.com\/blog\/wp-json\/wp\/v2\/media?parent=11751"}],"curies":[{"name":"wp","href":"https:\/\/api.w.org\/{rel}","templated":true}]}}