{"id":11975,"date":"2016-05-07T00:32:39","date_gmt":"2016-05-07T07:32:39","guid":{"rendered":"https:\/\/windpilot.com\/blog\/?page_id=11975"},"modified":"2019-12-14T01:44:26","modified_gmt":"2019-12-14T08:44:26","slug":"autopilot-windpilot","status":"publish","type":"page","link":"https:\/\/windpilot.com\/blog\/columns\/peter-der-markt\/windpilot\/autopilot-windpilot\/","title":{"rendered":"Autopilot &#8211; Windpilot"},"content":{"rendered":"<p><strong>PETER\u00b4S MEINUNG &#8211; EIN FORENBEITRAG<\/strong><\/p>\n<p>Der Diskussion Pro und Contra WSA w\u00fcrde ich gern ein paar sachdienliche Hinweise hinzuf\u00fcgen, ohne hier in den Verdacht von Promotion zu geraten. Logisch, eine Diskussion, bei der Standpunkte, einmal eingenommen, gern vehement vertreten werden, weil man am Stil der Argumente schnell erkennt, wo die Hose des Verfassers brennt, oder er sich verrennt, wenn er einige Fakten ggf. verkennt.<\/p>\n<p><img loading=\"lazy\" decoding=\"async\" src=\"https:\/\/windpilot.com\/blog\/wp-content\/uploads\/2016\/05\/peter-1024x756.jpg\" alt=\"peter\" width=\"640\" height=\"473\" class=\"aligncenter size-large wp-image-11976\" srcset=\"https:\/\/windpilot.com\/blog\/wp-content\/uploads\/2016\/05\/peter-1024x756.jpg 1024w, https:\/\/windpilot.com\/blog\/wp-content\/uploads\/2016\/05\/peter-300x221.jpg 300w, https:\/\/windpilot.com\/blog\/wp-content\/uploads\/2016\/05\/peter-768x567.jpg 768w, https:\/\/windpilot.com\/blog\/wp-content\/uploads\/2016\/05\/peter.jpg 1886w\" sizes=\"auto, (max-width: 640px) 100vw, 640px\" \/><\/p>\n<p>Ich bekenne, ich habe vor 30 Jahren des Nachts meine Kissen durch geheult, weil ich die Hose voll hatte, angesichts der Versprechungen der Produzenten elektrischer Zauberk\u00e4sten, den Seglern dicker Schiffe unbegrenzte Steuerfreiheit auf See zu gew\u00e4hren &#8230; zu Stromverbr\u00e4uchen mit einer Null vor dem Amp\u00e8re Komma. Wie ein hypnotisiertes Kaninchen habe ich auf den finalen Tag meiner Existenz als Hersteller stiller Steuer Fritzen gelauert &#8230; und nicht gewagt, das Undenkbare auch nur ansatzweise zu erw\u00e4gen.<\/p>\n<p>Die Praxis however hat sich enorm rosig und entspannt entwickelt: der erregte Fight der beiden Fraktionen ist friedlicher Koexistenz gewichen, weil der Mensch &#8211; zumal der segelnde &#8211; von Natur aus faul veranlagt, jedenfalls, wenn er sich an Bord seiner Yacht befindet. Steuerfreiheit ist schon an Land ein gefl\u00fcgelter Begriff &#8230; auf See hingegen tr\u00e4gt die Faulheit jeden Segler fort, solange die Steuerfreiheit garantiert.<\/p>\n<p>Nach 40 Jahre Bohren dicker Bretter habe ich dazu beigetragen, dass der Thematik der stillen Steuerfritzen zumindest das Mystische genommen wurde, denn Physik folgt klaren Regeln, die man sehr leicht versteht, zumindest wenn sie mal schl\u00fcssig erkl\u00e4rt &#8211; der Grund, warum meine Fachb\u00fccher <strong>SELFSTEERING UNDER SAIL<\/strong> heute in 6 Sprachen weltweit verbreitet sind &#8230; und verdeutlichen, dass <strong>HEXEN UND BLAUF\u00c4RBE<\/strong>N heute nicht mehr gilt.\u00a0<\/p>\n<p>Ich informiere gern, auch ohne am Ende der Holzhammer eigener Promotion aus der Kiste zu holen, weil Segler als Schlauk\u00f6pfe ihre Entscheidungen selber f\u00e4llen k\u00f6nnen.\u00a0<\/p>\n<p>Aber ich m\u00f6chte hier ein paar Dinge beitragen, die zu bedenken sind &#8211; ganz ohne hier zu polarisieren:<\/p>\n<p>100% der Segler, die sich mit mir \u00fcber mein Leib und Magenthema unterhalten, besitzen an Bord bereits einen AP.\u00a0<\/p>\n<p><img loading=\"lazy\" decoding=\"async\" src=\"https:\/\/windpilot.com\/blog\/wp-content\/uploads\/2016\/05\/siesta_auf_den_grenadinen_klein-1024x724.jpg\" alt=\"siesta_auf_den_grenadinen_klein\" width=\"640\" height=\"453\" class=\"aligncenter size-large wp-image-11977\" srcset=\"https:\/\/windpilot.com\/blog\/wp-content\/uploads\/2016\/05\/siesta_auf_den_grenadinen_klein-1024x724.jpg 1024w, https:\/\/windpilot.com\/blog\/wp-content\/uploads\/2016\/05\/siesta_auf_den_grenadinen_klein-300x212.jpg 300w, https:\/\/windpilot.com\/blog\/wp-content\/uploads\/2016\/05\/siesta_auf_den_grenadinen_klein-768x543.jpg 768w, https:\/\/windpilot.com\/blog\/wp-content\/uploads\/2016\/05\/siesta_auf_den_grenadinen_klein.jpg 1169w\" sizes=\"auto, (max-width: 640px) 100vw, 640px\" \/><\/p>\n<p>Eine WSA steuert permanent &#8211; wohingegen ein AP nur im Bereich von ca 40% der Steuerzeiten aktiv agiert, weil ihm der Zwang zum Stromverbrauch auf den Hacken sitzt. Auch wenn\u00b4s weh\u00b4tut: beim AP verbleibt das Schiff in langen Zeiten ungesteuert, selbst wenn es von einer listigen Software clever dirigiert, am Ende die Batterie sich eben gnadenlos entleert.<\/p>\n<p><strong>KISS<\/strong> liegt uns allen als Grundregel schwer im Magen. Die Regel kann nirgend besser angewendet werden, als beim Steuern einer Yacht, man muss nur die AP Alternativen bedenken: Strombedarf an Bord muss dort auch erzeugt werden, ein anspruchsvoller Kreislauf, der keinen Fehler duldet &#8211; vor allem angesichts der vielen Stromverbraucherlein, die das Leben so angenehm machen, wenn man sich an Land an sie gew\u00f6hnt.<\/p>\n<p><img loading=\"lazy\" decoding=\"async\" src=\"https:\/\/windpilot.com\/blog\/wp-content\/uploads\/2016\/05\/IMGP0892-1024x768.jpg\" alt=\"IMGP0892\" width=\"640\" height=\"480\" class=\"aligncenter size-large wp-image-11990\" srcset=\"https:\/\/windpilot.com\/blog\/wp-content\/uploads\/2016\/05\/IMGP0892.jpg 1024w, https:\/\/windpilot.com\/blog\/wp-content\/uploads\/2016\/05\/IMGP0892-300x225.jpg 300w, https:\/\/windpilot.com\/blog\/wp-content\/uploads\/2016\/05\/IMGP0892-768x576.jpg 768w\" sizes=\"auto, (max-width: 640px) 100vw, 640px\" \/><\/p>\n<p>Alltagstauglichkeit einer WSA ist gegeben, wenn die Heckverzierung nicht das ganze Heck dominiert, wenn Pendelruder schnell in Lift Up Position verbracht &#8230; Hafenman\u00f6ver erlauben, ganz ohne dass es kracht. Hilfsrudersysteme sind hier klar im Nachteil, weil sie raumgreifend und mit zus\u00e4tzlicher Lateralfl\u00e4che, dem Skipper bei Man\u00f6ver schnell den Schweiss auf die Stirn zu treiben in der Lage sind.<\/p>\n<p><img loading=\"lazy\" decoding=\"async\" src=\"https:\/\/windpilot.com\/blog\/wp-content\/uploads\/2016\/05\/Nordsee43-quer.jpg\" alt=\"Nordsee43 quer\" width=\"758\" height=\"628\" class=\"aligncenter size-full wp-image-11991\" srcset=\"https:\/\/windpilot.com\/blog\/wp-content\/uploads\/2016\/05\/Nordsee43-quer.jpg 758w, https:\/\/windpilot.com\/blog\/wp-content\/uploads\/2016\/05\/Nordsee43-quer-300x249.jpg 300w\" sizes=\"auto, (max-width: 758px) 100vw, 758px\" \/><\/p>\n<p>Tja und die Badeleiter Frage: Pendelrudersysteme sollten mittig montiiert, was sogar innerhalb der Badeleiter machbar ist, weil kein verantwortungsbewusster Segler einen Mann \u00fcber Bord, \u00fcber die Leiter achtern wieder an Bord zu holen versuchte, weil er dort vom Heck und Propeller schwerst l\u00e4diert, nur in St\u00fccken wieder an Bord zu holen w\u00e4re.<\/p>\n<p>Hydrauliksteuersysteme sind generell ein Problem, weil der meist vorhandene \u00d6lschlupf jedes Steuersystem zur Verzweiflung bringt, weil eine K\u00f6nigsspeiche eben nicht vorhanden, somit ein Hauptruder nicht pr\u00e4zise festzusetzen ist. Auch AP, die ein hydraulisches Radsteuersystem zum Gegner haben, quittieren den Job mit enormen Stromverbr\u00e4uchen, weil sie gegen Druckverlust im System gegenan zu k\u00e4mpfen haben.<\/p>\n<p>Investitionsh\u00f6he: ein WSA plus ein Schubstangen AP sind in toto stets preiswerter als ein Unterdeck AP, der im Netzverbund betrieben wird.<\/p>\n<p><strong>WERTVERLUST<\/strong>: eine WSA mit der richtigen Marke drauf, kann als Kapitalanlage betrachtet werden. Der durchschnittliche EBAY VK Preis einer 20 Jahre alten Anlage einer guten Marke&#8230; \u00fcbertrifft nahezu regelm\u00e4ssig den damaligen Neupreis &#8230; auch wenn es mir meine Ohren manchmal zum Gl\u00fchen bringt  &#8230; die Nachfrage bildet den Preis &#8230; da muss auch ich manchmal tapfer sein.<\/p>\n<p><strong>LEBENSDAUER<\/strong> einer WSA: in der Regel h\u00e4lt sie bis zum ersten kernigen Ramming achteraus &#8230; was durchaus Jahrzehnte dauern kann. <a href=\"https:\/\/windpilot.com\/blog\/blog\/2016\/05\/07\/sv-elenya-jim-dilley-nz-2\/#more-11982\">Siehe<\/a><\/p>\n<p><iframe loading=\"lazy\" width=\"560\" height=\"315\" src=\"https:\/\/www.youtube.com\/embed\/KLj3rBuiBKI\" frameborder=\"0\" allowfullscreen><\/iframe><\/p>\n<p>Die <strong>SYNTHESE<\/strong> eines kleinen TP mit einer WSA ist ein Traumgespann, das schon viele Segler hat gl\u00fccklich machen k\u00f6nnen, wobei der Unterdeck AP dann in den Tiefschlaf gehen kann.<\/p>\n<p><img loading=\"lazy\" decoding=\"async\" src=\"https:\/\/windpilot.com\/blog\/wp-content\/uploads\/2016\/05\/penner_klein-1024x775.jpg\" alt=\"penner_klein\" width=\"640\" height=\"484\" class=\"aligncenter size-large wp-image-11978\" srcset=\"https:\/\/windpilot.com\/blog\/wp-content\/uploads\/2016\/05\/penner_klein-1024x775.jpg 1024w, https:\/\/windpilot.com\/blog\/wp-content\/uploads\/2016\/05\/penner_klein-300x227.jpg 300w, https:\/\/windpilot.com\/blog\/wp-content\/uploads\/2016\/05\/penner_klein-768x581.jpg 768w, https:\/\/windpilot.com\/blog\/wp-content\/uploads\/2016\/05\/penner_klein.jpg 1219w\" sizes=\"auto, (max-width: 640px) 100vw, 640px\" \/><\/p>\n<p>Blauwasser contra Normalo Segler: die Lust zur Faulheit ist \u00fcberall die selbe. Wer einmal ein Wochenende unter WSA erlebt hat, wird ggf. seine theoretische Meinung still und \u00fcber Nacht revidieren. Wer beim BWS einen Fehler in der Planung macht &#8230;. beendet seinen T\u00f6rn manchmal unverhofft schnell, r\u00fcstet sein Schiff auf &#8230; oder f\u00e4hrt nach Haus &#8230; aus die Maus.<\/p>\n<p>Auf jedes Argument gibt es knallige Gegenargumente &#8230; das Leben ist eine nicht endende Abfolge von Kompromissen &#8230; und wer zwei \u00dcbertragungsleinen zu Rad oder Pinne als st\u00f6rend empfindet &#8230; f\u00fcr den ist vielleicht ein Motorboot die bessere Alternative &#8230; naja gut: ein wenig Spass muss sein&#8230;<\/p>\n<p>meint<br \/>\nPeter Foerthmann<\/p>\n<p><strong>EPILOG<\/strong>: Hilfsrudersysteme, die lediglich von einer Windfahne ( ohne Kraftservo ) betrieben \/ angetrieben werden, besitzen ein Ruderprofil, das erheblich vorbalanciert ist. Dies gilt fuer Hydrovane und die alten Windpilot Atlantik Systeme.<\/p>\n<p>Natuerlich koennte man das Hilfsruder zur Verbesserung der Manoevrierfaehigkeit auf engem Raum &#8222;frei&#8220; drehen lassen &#8230;. allerdings nur solange, bis das Hilfsruder im Propellerstrom ggf. \u00fcberkritisch Eigenbewegungen vollzieht&#8230; mit der Folge, dass dann das Man\u00f6ver komplett in die Hose geht, weil sich das Hilfsruder quer gestellt. Dies ist der Grund, warum Hersteller von Hilfsrudersystemen meist die Empfehlung geben, das Hilfsruder unbedingt festzusetzen.<\/p>\n<p>Aber das Thema hat bei Langkielern noch eine Zuckerseite: achteraus Fahren mit festgesetztem Hilfsruder wird pl\u00f6tzlich machbar, weil das Heck durch den Propellereffekt nicht mehr so schnell zur Seite verzogen wird.<\/p>\n<p>Noch ein Gedicht: es gibt hunderte von VEGAS, deren Eigner graue Haare wachsen, weil das Hauptruder vom Propeller nicht angestr\u00f6mt wird ( weil der Prop hinterm Ruder liegt ), mit der Folge, dass Hafenman\u00f6vern zum spektakul\u00e4ren Hafenkino geraten. Mit einer Hilfsruderanlage am Heck k\u00f6nnen Vega Eigner pl\u00f6tzlich souver\u00e4ne Man\u00f6ver fahren, weil der Prop dann auf das Hilfsruder trifft, das \u00fcber die Pinne zum Steuern der Man\u00f6ver verwendet wird.<br \/>\nMein Rat also: voooorsicht, ansonsten verlaeuft das Man\u00f6ver nach dem Motto: kernig gerammt ist besser als lahm angelegt&#8230; und ger\u00e4t zum unterhaltsamen Hafenkino&#8230; ohne GEZ &#8230; besonders nett.<\/p>\n","protected":false},"excerpt":{"rendered":"<p>PETER\u00b4S MEINUNG &#8211; EIN FORENBEITRAG Der Diskussion Pro und Contra WSA w\u00fcrde ich gern ein paar sachdienliche Hinweise hinzuf\u00fcgen, ohne hier in den Verdacht von Promotion zu geraten. Logisch, eine Diskussion, bei der Standpunkte, einmal eingenommen, gern vehement vertreten werden, &hellip; <a href=\"https:\/\/windpilot.com\/blog\/columns\/peter-der-markt\/windpilot\/autopilot-windpilot\/\">Weiterlesen <span class=\"meta-nav\">&rarr;<\/span><\/a><\/p>\n","protected":false},"author":1,"featured_media":0,"parent":21060,"menu_order":5,"comment_status":"open","ping_status":"closed","template":"","meta":{"footnotes":""},"class_list":["post-11975","page","type-page","status-publish","hentry"],"_links":{"self":[{"href":"https:\/\/windpilot.com\/blog\/wp-json\/wp\/v2\/pages\/11975","targetHints":{"allow":["GET"]}}],"collection":[{"href":"https:\/\/windpilot.com\/blog\/wp-json\/wp\/v2\/pages"}],"about":[{"href":"https:\/\/windpilot.com\/blog\/wp-json\/wp\/v2\/types\/page"}],"author":[{"embeddable":true,"href":"https:\/\/windpilot.com\/blog\/wp-json\/wp\/v2\/users\/1"}],"replies":[{"embeddable":true,"href":"https:\/\/windpilot.com\/blog\/wp-json\/wp\/v2\/comments?post=11975"}],"version-history":[{"count":4,"href":"https:\/\/windpilot.com\/blog\/wp-json\/wp\/v2\/pages\/11975\/revisions"}],"predecessor-version":[{"id":11992,"href":"https:\/\/windpilot.com\/blog\/wp-json\/wp\/v2\/pages\/11975\/revisions\/11992"}],"up":[{"embeddable":true,"href":"https:\/\/windpilot.com\/blog\/wp-json\/wp\/v2\/pages\/21060"}],"wp:attachment":[{"href":"https:\/\/windpilot.com\/blog\/wp-json\/wp\/v2\/media?parent=11975"}],"curies":[{"name":"wp","href":"https:\/\/api.w.org\/{rel}","templated":true}]}}