{"id":12007,"date":"2016-06-01T07:14:32","date_gmt":"2016-06-01T14:14:32","guid":{"rendered":"https:\/\/windpilot.com\/blog\/?page_id=12007"},"modified":"2018-01-01T02:32:11","modified_gmt":"2018-01-01T09:32:11","slug":"geschlechter-kampf-hinter-verschlossenen-tueren","status":"publish","type":"page","link":"https:\/\/windpilot.com\/blog\/columns\/sozial-oder-nicht\/geschlechter-kampf-hinter-verschlossenen-tueren\/","title":{"rendered":"Geschlechter Kampf"},"content":{"rendered":"<p><strong>M\u00c4NNER UNTER SICH<\/strong><br \/>\n<img loading=\"lazy\" decoding=\"async\" src=\"https:\/\/windpilot.com\/blog\/wp-content\/uploads\/2016\/06\/Peterchen-quer.jpg\" alt=\"Peterchen quer\" width=\"551\" height=\"437\" class=\"aligncenter size-full wp-image-12008\" srcset=\"https:\/\/windpilot.com\/blog\/wp-content\/uploads\/2016\/06\/Peterchen-quer.jpg 551w, https:\/\/windpilot.com\/blog\/wp-content\/uploads\/2016\/06\/Peterchen-quer-300x238.jpg 300w\" sizes=\"auto, (max-width: 551px) 100vw, 551px\" \/><\/p>\n<p>Als Morphy auf dem Bananen Dampfer war ich als Blitz verschrien, was mir keinesfalls ein Vorteil schien, obgleich ich mit blauen Augen jeder Volte immer nur das Positive abgewinnen wollte. Ich war der Blitz auf allen Deck\u00b4s, wenn\u00b4s \u00c4rger gab, war ich am schnellsten weg. Unter Deck hingegen, auf engen G\u00e4ngen lief ich dem Feind immer wieder in die F\u00e4nge, gleichwohl ich eigentlich bass erstaunt, weil ich ehrlich daran glaubte, dass man einen aufgeweckt fr\u00f6hlichen Fritzen \u2013 mich &#8211; eigentlich doch gar nicht sein Herz h\u00e4tte verweigern d\u00fcrfen. Cognitive Dissonanz war schon damals f\u00fcr mich ein Tanz, den ich nicht gewinnen konnte, weil ich als Menschenzufriedensteller unter W\u00f6lfen noch heute eine Fehlbesetzung bin, wohingegen ist als Wortblitz gl\u00e4nzend konnte, was mir damals nur r\u00fcckw\u00e4rts half, da ich unverstanden am unteren Hierarchie Zipfel angesiedelt, st\u00e4ndig um mein Leben rannte.<\/p>\n<p><img loading=\"lazy\" decoding=\"async\" src=\"https:\/\/windpilot.com\/blog\/wp-content\/uploads\/2016\/06\/Peter-Leiter-Kopie-679x1024.jpg\" alt=\"Peter Leiter Kopie\" width=\"640\" height=\"965\" class=\"aligncenter size-large wp-image-12009\" srcset=\"https:\/\/windpilot.com\/blog\/wp-content\/uploads\/2016\/06\/Peter-Leiter-Kopie-679x1024.jpg 679w, https:\/\/windpilot.com\/blog\/wp-content\/uploads\/2016\/06\/Peter-Leiter-Kopie-199x300.jpg 199w, https:\/\/windpilot.com\/blog\/wp-content\/uploads\/2016\/06\/Peter-Leiter-Kopie-768x1158.jpg 768w\" sizes=\"auto, (max-width: 640px) 100vw, 640px\" \/><\/p>\n<p>Also Kapital Irrtum, wie ich heute weiss, weil jeder Scheiss mit meinem Schweiss \u2026 geschrubbt, gewienert, kurz: beseitigt werden musste \u2026 von unteren R\u00e4ngen \u2026 von Morphy Blitz \u2026 der unausweichlich als Opfer dummer Machtsperenzchen den Scheiss Haus Ritzen Putzer geben musste \u2013 den Morphy eben. Das Siegergrinsen in den Augen der Herrschaften im Bord Revier hat Brandspuren \u2013 breit wie Scheisse &#8211; in meiner P\u00fcsche hinterlassen. Eigentlich ein Fall f\u00fcr Trauma Tr\u00fcffelschweine.<\/p>\n<p>Wir wissen: Machtspiele und Imponier Gehabe finden vorzugsweise auf der untersten Ebene statt \u2013 z.B. einer Toilette, die als Exerzierplatz so gern gew\u00e4hlt, weil man dort subalterne menschliche Leidensf\u00e4higkeiten am besten testen, und sie dort so grandios still qu\u00e4len und erniedrigen kann. Wertsch\u00e4tzung der besonderen Art! Eine Lektion, die lebenslange Spuren hinterlassen kann \u2013 ohne Viren zu inhalieren oder B\u00f6ses zu konterkarieren oder &#8211; zeitversetzt &#8211; in eigenen Verhaltensweisen zu reinkarnieren, wenn man endlich am dickeren Ende der Machtspirale sich angekommen f\u00fchlt. Gar nicht mein Ding. Machtspiele auf der Toilette begleiten uns wie der Wind, den wir dort vermissen, der dort eigentlich dauerhaft durchl\u00fcften sollte. Hinterlassenschaften als duftende Form von Geringsch\u00e4tzung \u2013 eine Formel, die man sich auf der Zunge zergehen lassen sollte \u2026 naja \u2026 besser nicht!<\/p>\n<p><img loading=\"lazy\" decoding=\"async\" src=\"https:\/\/windpilot.com\/blog\/wp-content\/uploads\/2016\/06\/Pinkler-Schleuse-Kopie-1024x673.jpg\" alt=\"Pinkler Schleuse Kopie\" width=\"640\" height=\"421\" class=\"aligncenter size-large wp-image-12010\" srcset=\"https:\/\/windpilot.com\/blog\/wp-content\/uploads\/2016\/06\/Pinkler-Schleuse-Kopie-1024x673.jpg 1024w, https:\/\/windpilot.com\/blog\/wp-content\/uploads\/2016\/06\/Pinkler-Schleuse-Kopie-300x197.jpg 300w, https:\/\/windpilot.com\/blog\/wp-content\/uploads\/2016\/06\/Pinkler-Schleuse-Kopie-768x505.jpg 768w\" sizes=\"auto, (max-width: 640px) 100vw, 640px\" \/><\/p>\n<p>Ich habe der M\u00e4nnergesellschaft auf See mit Begeisterung den blanken Arsch gezeigt, nicht nur deren Hinterlassenschaften wegen, sondern vor allem, weil ich den Macker Strukturen nicht dauerhaft und f\u00fcrderhin weiter meine Aufwartung machten wollte, besser konnte. Ein Kotau an der richtigen Stelle ist schlau, auch wenn der Magen gerade mau, er war hingegen f\u00fcr mich gleichwohl niemals akzeptabel, weil mir der Respekt daf\u00fcr so v\u00f6llig fehlte. Haut ein Macker auf die Kacke, weil er dumm denkt, als Verhaltens Bademeister den Oberwasser Hammer in der Hand zu halten, dann helfen nur Fluchtinstinkte \u2013 oder schlaue Gegenaktionen \u2013 um dem Agitator die Harke zu zeigen, die ihn zu Boden zwingt \u2013 die ihn gr\u00fcndlich blamiert \u2013 z.B. indem der Morphy die Klosch\u00fcssel auf dem Dampfer rigoros vom Sockel demontierte, sodass sie kippte, samt dem Mannemann, der so stolz darauf trohnte, eine ferkelige Angelegenheit, zumindest, allerdings mit dummen Folgen, denn ich bin der vorletzte Lacher geblieben. Immerhin: Sarkasmus ist das Mittel von Siegertypen, denn, nicht wahr: irgendwann verliert jeder sein Gesicht. Ich war\u00b4s nicht!<\/p>\n<p><img loading=\"lazy\" decoding=\"async\" src=\"https:\/\/windpilot.com\/blog\/wp-content\/uploads\/2016\/06\/Peter-Klo-quer.jpg\" alt=\"Peter Klo quer\" width=\"757\" height=\"782\" class=\"aligncenter size-full wp-image-12011\" srcset=\"https:\/\/windpilot.com\/blog\/wp-content\/uploads\/2016\/06\/Peter-Klo-quer.jpg 757w, https:\/\/windpilot.com\/blog\/wp-content\/uploads\/2016\/06\/Peter-Klo-quer-290x300.jpg 290w\" sizes=\"auto, (max-width: 757px) 100vw, 757px\" \/><\/p>\n<p><strong>STEHPISSER, DER UNSICHTBARE FEIND<\/strong><br \/>\nDie Kultur in Sachen Hinterlassenschaften zeigt in besonderem Masse soziale Umgangsweisen sowie fehlenden Respekt der menschlichen Rasse gegeneinander \u2013 nicht wahr, weil wir t\u00e4glich auf\u00b4s Neue zu erfahren haben, welche Abgr\u00fcnde hinter verschlossenen T\u00fcren lauern. Tiere sind dagegen manchmal die besseren Menschen. <\/p>\n<p><img loading=\"lazy\" decoding=\"async\" src=\"https:\/\/windpilot.com\/blog\/wp-content\/uploads\/2016\/06\/MamiPeterWiese-Kopie.jpg\" alt=\"MamiPeterWiese Kopie\" width=\"979\" height=\"684\" class=\"aligncenter size-full wp-image-12012\" srcset=\"https:\/\/windpilot.com\/blog\/wp-content\/uploads\/2016\/06\/MamiPeterWiese-Kopie.jpg 979w, https:\/\/windpilot.com\/blog\/wp-content\/uploads\/2016\/06\/MamiPeterWiese-Kopie-300x210.jpg 300w, https:\/\/windpilot.com\/blog\/wp-content\/uploads\/2016\/06\/MamiPeterWiese-Kopie-768x537.jpg 768w\" sizes=\"auto, (max-width: 979px) 100vw, 979px\" \/><\/p>\n<p>Meine Mami hat das elegant und rigoros gel\u00f6st, ihr Spruch klingt bis heute: Hinterlasse den stillen Ort, wie du ihn vorgefunden hast: unber\u00fchrt. Die Konsequenzen waren damals gnadenlos: ich wurde an den Ohren zum Ort des Verbrechens gezogen, um nachzubessern, bis es blitzte. Eine Lektion, die sich final gelohnt, sie hat mich zeitlebens zum SitzPisser werden lassen, zumindest in geschlossenen R\u00e4umen. <\/p>\n<p>Womit wir die Kurve zur Sonderlebenszone Segeln elegant genommen haben. Denn an Bord lauern ganz andere Konsequenzen und Gefahren auch im Freien \u2026 nicht nur beim Pinkeln. Der Hamburger Segler Martin S. hat dies vor Jahrzehnten zu seinem Nachteil erfahren m\u00fcssen: seine LM 32 ist, stur vom Windpilot auf Kurs gehalten, in D\u00e4nemark am Strand \u201eangekommen\u201c, ohne Skipper. Durchaus denkbar, dass auch Eric Tabarly auf diese Weise sein Leben verloren haben k\u00f6nnte \u2026 zumal die SV PEN DUICK, wohl der besseren Linie wegen, ohne Seezaun unterwegs gewesen ist.<\/p>\n<p><strong>UND EWIG K\u00c4MPFT DAS WEIB<\/strong><\/p>\n<p><img loading=\"lazy\" decoding=\"async\" src=\"https:\/\/windpilot.com\/blog\/wp-content\/uploads\/2016\/06\/toilette_kl-Kopie.jpg\" alt=\"toilette_kl Kopie\" width=\"726\" height=\"726\" class=\"aligncenter size-full wp-image-12013\" srcset=\"https:\/\/windpilot.com\/blog\/wp-content\/uploads\/2016\/06\/toilette_kl-Kopie.jpg 726w, https:\/\/windpilot.com\/blog\/wp-content\/uploads\/2016\/06\/toilette_kl-Kopie-150x150.jpg 150w, https:\/\/windpilot.com\/blog\/wp-content\/uploads\/2016\/06\/toilette_kl-Kopie-300x300.jpg 300w\" sizes=\"auto, (max-width: 726px) 100vw, 726px\" \/><\/p>\n<p>Wer unter Deck seinem Zwang zum Stehen nicht widerstehen kann, der sammelt vermutlich stille Feinde, solange er die viele Tropfen, die den Stein \u2013 oder die Panele &#8211; h\u00f6hlen, nicht wegzuwischen bereit oder sich in der Lage f\u00fchlt, weil dies unter der eigenen W\u00fcrde ist? Hier wird ein Machtverst\u00e4ndnis offenbar, vor dem man sich offen oder still abzuwenden hat \u2026 je nach gesellschaftlichem \u2013 oder famili\u00e4rem Rang \u2013 wird dieser Zwang still begriffen, akzeptiert, oder hinterher auf\u00b4s Brot geschmiert, sobald sich die Gelegenheit dazu bietet, also z.B., wenn der Haussegen ohnehin schief oder man in die Zielgerade zu gehen plant: die Scheidung mangels multipler Achtung \u2013 also \u00c4chtung, wenn sowieso nix mehr zu retten ist. Beim interaktiven famili\u00e4ren Gross Reine Machen halten Steh Pisser einen veritablen Platz auf der Liste der angesammelten Fehlverhaltensweisen.<\/p>\n<p>Mein Weib k\u00e4mpft vehement im letzten Hemd an vorderster Front &#8211; wer unsere stillen Orte zu besuchen plant, bekommt unmissverst\u00e4ndliche Hinweise, gemischt mit der Drohung, die Nutzung anschliessend zu kontrollieren. Normale Reaktion der meist verdutzten \u2013 scheinheiligen &#8211; Gegen\u00fcber: keine Sorge, wir sind zahm, wissen, wie man sich zu benehmen hat. Es muss also Trotz gewesen sein \u2026 wenn denn immer wieder die Versprechen gebrochen werden, frei nach dem Motto: und hier zeige ich Dir, wer der Chef auf Deinem Klo gewesen ist. Volkssport der besonderen Art, an jeder Autobahn, im G\u00e4steklo oder Marina Toilette zu besichtigen. Ein Grabenkampf der besonderen Art, bei dem man engste Freunde als intime Feinde kennen lernen k\u00f6nnte, wenn man es wollte, weil Geringsch\u00e4tzung sogar wortlos l\u00fcgt, und der Tatort Cleaner seine Abneigung stets auf Neue zu \u00fcberwinden hat. Oder macht ein Verbot alles nur noch wertvoller? Ich bin vollends verwirrt. Anscheinend sind wir als Doppel Don Quichote unterwegs!<\/p>\n<p>Der langen Eloge kurzer Sinn: Setzt Euch hin, es ist der geringste gemeinsame Nenner, der Respekt vor dem Gegen\u00fcber, was durchaus zum zarten Beginn einer Freundschaft werden k\u00f6nnte. Zumindest eine Einigung auf dem niedrigsten gemeinsamen Nenner \u2026. \u00fcber die Nutzung einer Toilette.<\/p>\n<p>Das musste ich mal loswerden \u2026 obgleich ich doch eigentlich von Seglern eine so gute Meinung kultiviere &#8230;<\/p>\n<p>Peter Foerthmann<\/p>\n","protected":false},"excerpt":{"rendered":"<p>M\u00c4NNER UNTER SICH Als Morphy auf dem Bananen Dampfer war ich als Blitz verschrien, was mir keinesfalls ein Vorteil schien, obgleich ich mit blauen Augen jeder Volte immer nur das Positive abgewinnen wollte. Ich war der Blitz auf allen Deck\u00b4s, &hellip; <a href=\"https:\/\/windpilot.com\/blog\/columns\/sozial-oder-nicht\/geschlechter-kampf-hinter-verschlossenen-tueren\/\">Weiterlesen <span class=\"meta-nav\">&rarr;<\/span><\/a><\/p>\n","protected":false},"author":1,"featured_media":0,"parent":13656,"menu_order":8,"comment_status":"open","ping_status":"closed","template":"","meta":{"footnotes":""},"class_list":["post-12007","page","type-page","status-publish","hentry"],"_links":{"self":[{"href":"https:\/\/windpilot.com\/blog\/wp-json\/wp\/v2\/pages\/12007","targetHints":{"allow":["GET"]}}],"collection":[{"href":"https:\/\/windpilot.com\/blog\/wp-json\/wp\/v2\/pages"}],"about":[{"href":"https:\/\/windpilot.com\/blog\/wp-json\/wp\/v2\/types\/page"}],"author":[{"embeddable":true,"href":"https:\/\/windpilot.com\/blog\/wp-json\/wp\/v2\/users\/1"}],"replies":[{"embeddable":true,"href":"https:\/\/windpilot.com\/blog\/wp-json\/wp\/v2\/comments?post=12007"}],"version-history":[{"count":6,"href":"https:\/\/windpilot.com\/blog\/wp-json\/wp\/v2\/pages\/12007\/revisions"}],"predecessor-version":[{"id":12025,"href":"https:\/\/windpilot.com\/blog\/wp-json\/wp\/v2\/pages\/12007\/revisions\/12025"}],"up":[{"embeddable":true,"href":"https:\/\/windpilot.com\/blog\/wp-json\/wp\/v2\/pages\/13656"}],"wp:attachment":[{"href":"https:\/\/windpilot.com\/blog\/wp-json\/wp\/v2\/media?parent=12007"}],"curies":[{"name":"wp","href":"https:\/\/api.w.org\/{rel}","templated":true}]}}