{"id":12068,"date":"2016-06-19T00:59:18","date_gmt":"2016-06-19T07:59:18","guid":{"rendered":"https:\/\/windpilot.com\/blog\/?page_id=12068"},"modified":"2018-01-01T02:51:12","modified_gmt":"2018-01-01T09:51:12","slug":"minerva-riff","status":"publish","type":"page","link":"https:\/\/windpilot.com\/blog\/blogs\/deutsch-cruising-area\/pacific\/minerva-riff\/","title":{"rendered":"Minerva Riff"},"content":{"rendered":"<p><strong>SV Atlantis &#8211; Inge + Ernst Friedrich Bartels GER<\/strong><\/p>\n<p><img loading=\"lazy\" decoding=\"async\" src=\"https:\/\/windpilot.com\/blog\/wp-content\/uploads\/2016\/06\/Atlantis-am-Wind-auf-See-1024x918.jpg\" alt=\"Atlantis am Wind auf See\" width=\"640\" height=\"574\" class=\"aligncenter size-large wp-image-12069\" srcset=\"https:\/\/windpilot.com\/blog\/wp-content\/uploads\/2016\/06\/Atlantis-am-Wind-auf-See-1024x918.jpg 1024w, https:\/\/windpilot.com\/blog\/wp-content\/uploads\/2016\/06\/Atlantis-am-Wind-auf-See-300x269.jpg 300w, https:\/\/windpilot.com\/blog\/wp-content\/uploads\/2016\/06\/Atlantis-am-Wind-auf-See-768x688.jpg 768w\" sizes=\"auto, (max-width: 640px) 100vw, 640px\" \/><\/p>\n<p>Seit vielen Jahren ist Whangarei NZ der Heimathafen von Inge + Ernst-Friedrich. Ihre Rundreisen f\u00fchren immer wieder zu den Fidschi Inseln, eine Reise von ca 1.200 sm, f\u00fcr deren Verlauf gutes Wetter nicht immer garantiert ist. In diesem Jahr gab es eine gef\u00e4hrliche Wetterverschlechterung: Sturm war angesagt, man entschied sich zum Anlaufen des MINERVA RIFFS, <a href=\"http:\/\/www.atlantis-sail.de\/Minerva201606.htm\" target=\"_blank\">hier ist der Bericht mit Fotos<\/a><\/p>\n","protected":false},"excerpt":{"rendered":"<p>SV Atlantis &#8211; Inge + Ernst Friedrich Bartels GER Seit vielen Jahren ist Whangarei NZ der Heimathafen von Inge + Ernst-Friedrich. Ihre Rundreisen f\u00fchren immer wieder zu den Fidschi Inseln, eine Reise von ca 1.200 sm, f\u00fcr deren Verlauf gutes &hellip; <a href=\"https:\/\/windpilot.com\/blog\/blogs\/deutsch-cruising-area\/pacific\/minerva-riff\/\">Weiterlesen <span class=\"meta-nav\">&rarr;<\/span><\/a><\/p>\n","protected":false},"author":1,"featured_media":0,"parent":15235,"menu_order":4,"comment_status":"open","ping_status":"closed","template":"","meta":{"footnotes":""},"class_list":["post-12068","page","type-page","status-publish","hentry"],"_links":{"self":[{"href":"https:\/\/windpilot.com\/blog\/wp-json\/wp\/v2\/pages\/12068","targetHints":{"allow":["GET"]}}],"collection":[{"href":"https:\/\/windpilot.com\/blog\/wp-json\/wp\/v2\/pages"}],"about":[{"href":"https:\/\/windpilot.com\/blog\/wp-json\/wp\/v2\/types\/page"}],"author":[{"embeddable":true,"href":"https:\/\/windpilot.com\/blog\/wp-json\/wp\/v2\/users\/1"}],"replies":[{"embeddable":true,"href":"https:\/\/windpilot.com\/blog\/wp-json\/wp\/v2\/comments?post=12068"}],"version-history":[{"count":1,"href":"https:\/\/windpilot.com\/blog\/wp-json\/wp\/v2\/pages\/12068\/revisions"}],"predecessor-version":[{"id":12070,"href":"https:\/\/windpilot.com\/blog\/wp-json\/wp\/v2\/pages\/12068\/revisions\/12070"}],"up":[{"embeddable":true,"href":"https:\/\/windpilot.com\/blog\/wp-json\/wp\/v2\/pages\/15235"}],"wp:attachment":[{"href":"https:\/\/windpilot.com\/blog\/wp-json\/wp\/v2\/media?parent=12068"}],"curies":[{"name":"wp","href":"https:\/\/api.w.org\/{rel}","templated":true}]}}