{"id":12425,"date":"2016-10-09T23:29:15","date_gmt":"2016-10-10T06:29:15","guid":{"rendered":"https:\/\/windpilot.com\/blog\/?page_id=12425"},"modified":"2018-02-15T11:02:11","modified_gmt":"2018-02-15T18:02:11","slug":"fiji-2016-ingeernst-barrels","status":"publish","type":"page","link":"https:\/\/windpilot.com\/blog\/blogs\/deutsch-cruising-area\/pacific\/fiji-2016-ingeernst-barrels\/","title":{"rendered":"Fiji  2016 &#8211; SV Atlantis"},"content":{"rendered":"<p><strong>SAVUSAVU &#8211; WAS VIELLEICHT NICHT AUF NOONSITE STEHT&#8230;<\/strong><\/p>\n<p>Dieser Artikel versucht das Fehlende aus den Lobges\u00e4ngen der Hurra-und-alles-ist-sooo-toll-Blogs der Sailing Birds zu erg\u00e4nzen. Die meisten anderen Details finden Sie bei Noonsite.<\/p>\n<p><img loading=\"lazy\" decoding=\"async\" src=\"https:\/\/windpilot.com\/blog\/wp-content\/uploads\/2016\/10\/image001.png\" alt=\"image001\" width=\"817\" height=\"575\" class=\"aligncenter size-full wp-image-12429\" srcset=\"https:\/\/windpilot.com\/blog\/wp-content\/uploads\/2016\/10\/image001.png 817w, https:\/\/windpilot.com\/blog\/wp-content\/uploads\/2016\/10\/image001-300x211.png 300w, https:\/\/windpilot.com\/blog\/wp-content\/uploads\/2016\/10\/image001-768x541.png 768w\" sizes=\"auto, (max-width: 817px) 100vw, 817px\" \/><\/p>\n<p>Savusavu ist auch nach Winston immer noch traumhaft sch\u00f6n. Der Cyclon hat so einiges zerst\u00f6rt was aber an sich ohnehin schon marode war. Leider hat es auch die Palmen erwischt und so mancher Stamm steht ohne Krone da und h\u00e4tte schon l\u00e4ngst gef\u00e4llt werden m\u00fcssen. Doch so ist Fiji. In allem ein wenig langsamer als die k\u00fchlere Welt. Wer mal, wie wir, so viele Saisons hier verbracht hat kann die Dinge besser beurteilen als ein Sailingbird oder Palangi.<\/p>\n<p>Es kann so schw\u00fcl sein dass selbst auf dem Ankerplatz nur faulenzen drin sitzt und man von Montag bis Freitag \u00fcberlegt wann man denn mal den \u00d6lwechsel angehen will. Dazu kommt dass die Fiji-Woche im Gegensatz zur internationalen Woche (168h) nur 144 Stunden hat!<\/p>\n<p>Der Grund ist dass der gesamte Sonntag der Kirche geh\u00f6rt. Freizeitbesch\u00e4ftigungen wie Angeln, Boating, Schwimmen, Sport sowie andere soziale Events wird man vergeblich suchen. Am Sonntagmorgen sieht man sie lustig und beschwingt zu den Kirchen wandern und am Abend schlapp, mit h\u00e4ngendem Kopf und irgendwie leer zur\u00fcckkommen. Kein Wunder denn das Gebr\u00fclle des Geistlichen hallt den ganzen Tag \u00fcber die Bucht. Nun er muss etwas bieten f\u00fcr das viele Geld dass die Fijianer Woche f\u00fcr Woche an ihre Kirchen abdr\u00fccken m\u00fcssen. Bei der j\u00e4hrlichen Spenderhitparade will niemand das Schlusslicht sein. Ein Lebensinhalt der besonderen Art.<\/p>\n<p>Das zehrt nat\u00fcrlich an der Entwicklung dieser verzauberten Inseln. Positiv wie auch negativ. Einerseits bleibt die Natur weitgehend erhalten aber die Eliten wandern aus sofern es die sozialen Gesichtspunkte erlauben.<\/p>\n<p>Fiji ist multikulti, wie immer man auch dazu steht. Das Gesch\u00e4ftsleben wird \u00fcberwiegend von indisch st\u00e4mmigen dominiert. Sie machen ihren Job den Umst\u00e4nden entsprechend gut.  Der Einfluss des Islams wird auch hier, wie auf dem ganzen Globus, st\u00e4rker und st\u00e4rker.<\/p>\n<p><img loading=\"lazy\" decoding=\"async\" src=\"https:\/\/windpilot.com\/blog\/wp-content\/uploads\/2016\/10\/image003.png\" alt=\"image003\" width=\"813\" height=\"583\" class=\"aligncenter size-full wp-image-12430\" srcset=\"https:\/\/windpilot.com\/blog\/wp-content\/uploads\/2016\/10\/image003.png 813w, https:\/\/windpilot.com\/blog\/wp-content\/uploads\/2016\/10\/image003-300x215.png 300w, https:\/\/windpilot.com\/blog\/wp-content\/uploads\/2016\/10\/image003-768x551.png 768w\" sizes=\"auto, (max-width: 813px) 100vw, 813px\" \/><\/p>\n<p>Schweinefleisch zu kaufen gleicht schon fast einem Schwarzmarktgesch\u00e4ft. Es wird fast nur noch bei Helen, im kleinen Fiji Meat Shop, angeboten und die Auswahl ist gering. Die Qualit\u00e4t entspricht nicht ann\u00e4hernd den westlichen Standards. R\u00e4ucherware ist mit Fiji Holz ger\u00e4uchert worden und ist f\u00fcr Europ\u00e4er sehr gew\u00f6hnungsbed\u00fcrftig. Das sollte auch beim Grillen mit Holz bedacht werden bevor man das teure Fleisch verdirbt.<\/p>\n<p><strong>DIE ANKUNFT<\/strong><\/p>\n<p>&#8230;sollte tunlichst an einem Werktag erfolgen. Sonst fallen teure \u00dcberstunden Geb\u00fchren an. Bei Ankunft meldet man sich am besten bei Jolene Sami von der Waitui Marina auf VHF16. Sie wechselt dann zumeist auf VHF14 oder 17 und wickelt die Standard-Fragen ab. Jolene hat eine exzellente Funkstimme, einen guten Sender und spricht ein hervorragend gutes Englisch. Sie ist die Managerin der Waitui Marina. Sie weist, sofern verf\u00fcgbar, eine Mooring zu und sorgt daf\u00fcr dass die Beh\u00f6rdenvertreter an Bord und wieder zur\u00fcck gebracht werden. Das gilt bei der Waitui Marina auch f\u00fcr Schiffe die aus Tonga kommen. Wir melden uns, ganz gleich, wann wir ankommen, bei   info@frca.org.fj  per Mail. Das ist die <strong>Fiji Revenue &#038; Customs Authority<\/strong>. Damit sind wir auf der legalen Seite und k\u00f6nnen diese Meldung durch Ausdruck beweisen. Das weitere Procedere muss jeder Captain nach eigenem Gusto und auf eigene Verantwortung entscheiden. Bisher war es so dass die Marina ein angekommenes Schiff melden muss sobald sie es \u201eweis\u201c. Bei Nichtbeachtung steht, f\u00fcr die jeweilige Marina, ein Bu\u00dfgeld in H\u00f6he von 1000 Dollar an. Wie der Status genau heute ist kann man erfragen wenn man schlafende Hunde wecken m\u00f6chte. Schiffe die aus Tonga kommen, werden speziell behandelt und haben auch etwas h\u00f6here Geb\u00fchren. Am besten mit Jolene in Verbindung setzen.<\/p>\n<p>Jolene Sami<br \/>\nWaitui Kelekele Marina<br \/>\nNakama Creek of Sauvsavu Bay, Vanua Levu, Fiji.<br \/>\nVHF:               Channel 16<br \/>\nAddress:        Po Box 465, Savusavu, Main Street,  Savusavu,  Fiji Islands<br \/>\nPhone:           +649 835 3913<br \/>\nEmail:             waituimarina@gmail.com<\/p>\n<p><strong>GEB\u00dcHREN DER AUTHORITIES<\/strong><\/p>\n<p>Customs  FJ$   25.55    (max. Overtime Rate pro Stunde)<br \/>\nHealth   FJ$ 172.50<br \/>\nAnti Malarial Spraying  FJ$   60.00    (nur f\u00fcr Schiffe die von Tonga kommen)<br \/>\nBio Security            F$$  89.70    (Overtimes FJ$ 182.39)<br \/>\nCruising Permit         FJ$   10.00<\/p>\n<p><strong>SUPERM\u00c4RKTE<\/strong><\/p>\n<p><img loading=\"lazy\" decoding=\"async\" src=\"https:\/\/windpilot.com\/blog\/wp-content\/uploads\/2016\/10\/image004.png\" alt=\"image004\" width=\"811\" height=\"579\" class=\"aligncenter size-full wp-image-12431\" srcset=\"https:\/\/windpilot.com\/blog\/wp-content\/uploads\/2016\/10\/image004.png 811w, https:\/\/windpilot.com\/blog\/wp-content\/uploads\/2016\/10\/image004-300x214.png 300w, https:\/\/windpilot.com\/blog\/wp-content\/uploads\/2016\/10\/image004-768x548.png 768w\" sizes=\"auto, (max-width: 811px) 100vw, 811px\" \/><\/p>\n<p><img loading=\"lazy\" decoding=\"async\" src=\"https:\/\/windpilot.com\/blog\/wp-content\/uploads\/2016\/10\/image006.png\" alt=\"image006\" width=\"811\" height=\"591\" class=\"aligncenter size-full wp-image-12432\" srcset=\"https:\/\/windpilot.com\/blog\/wp-content\/uploads\/2016\/10\/image006.png 811w, https:\/\/windpilot.com\/blog\/wp-content\/uploads\/2016\/10\/image006-300x219.png 300w, https:\/\/windpilot.com\/blog\/wp-content\/uploads\/2016\/10\/image006-768x560.png 768w\" sizes=\"auto, (max-width: 811px) 100vw, 811px\" \/><\/p>\n<p><img loading=\"lazy\" decoding=\"async\" src=\"https:\/\/windpilot.com\/blog\/wp-content\/uploads\/2016\/10\/image008.png\" alt=\"image008\" width=\"819\" height=\"613\" class=\"aligncenter size-full wp-image-12433\" srcset=\"https:\/\/windpilot.com\/blog\/wp-content\/uploads\/2016\/10\/image008.png 819w, https:\/\/windpilot.com\/blog\/wp-content\/uploads\/2016\/10\/image008-300x225.png 300w, https:\/\/windpilot.com\/blog\/wp-content\/uploads\/2016\/10\/image008-768x575.png 768w\" sizes=\"auto, (max-width: 819px) 100vw, 819px\" \/><\/p>\n<p>Es gibt MH, New World und das Dajaram. Dazu noch zahlreiche kleinere indische, pakistanische und chinesische Lebensmittelgesch\u00e4fte. Alle sind, soweit wir wissen, halal und islamkonform. Alkohol gibt es nur in speziellen Shops oder streng abgetrennten Bereichen. Die Preise wurden, zum Schutze der Bev\u00f6lkerung (Regierungsstatement), erh\u00f6ht.  Sonderangebote erscheinen erst nach Abreise der Segler-Armada.<\/p>\n<p>Einige Preise:<br \/>\nWei\u00dfwein ab                FJ$ 16.00<br \/>\nRotwein  ab                FJ$ 25.00<br \/>\nFiji Rum  1ltr ab          FJ$ 89.00<br \/>\nButter 0,5kg  ab           FJ$ 8.00<br \/>\nMilch 1 ltr. ab            FJ$ 2.70<br \/>\nSahne 1 ltr. ab            FJ$ 16.00<br \/>\nFrischk\u00e4se 1 kg ab         FJ$ 30.00<br \/>\nWeintrauben 1kg ab         FJ$ 10.00 bis 19.00<br \/>\nBrot ab                    FJ$ 3.00 \u2013 5.00<br \/>\nKartoffeln                 FJ$ 1.50 \u2013 2.90<br \/>\nZwiebeln                   FJ$ 1.10 \u2013 2.80<br \/>\nMarmelade                  FJ$ 4.00 \u2013 12.00<\/p>\n<p><strong>DIESEL<\/strong><\/p>\n<p>Es gibt 3 Tankstellen im Ort und eine vierte ist im Bau. Diesel in Mengen ab 1000 ltr. kann per Tankwagen zum Main Jetty geordert werden. Die Firma hei\u00dft Pacific Energy (Tel.8850838 Sharron). Am besten aber schlie\u00dft man sich mit Jolene Sami von der Waitui-Marina kurz VHF16. Sie wei\u00df auch wann der F\u00e4hranleger verf\u00fcgbar ist. Das Tanken dauert seine Zeit denn die Tankwagen haben nur Tankstellenequipment! Keine Z\u00e4hler, keine Drosselung zum langsamen Tanken usw. Ein Termin um 10:00 kann leicht 13:00 bedeuten. Dann ist die Tide weg und die Fender rutschen unter den rissigen Beton des vollkommen verwahrlosten Anlegers. Sch\u00e4den sind vorprogrammiert. Wir legen deshalb mit Bug-Anker und Heckleinen an um dem vorzubeugen. Also r\u00f6misch-katholisch wie im Mittelmeer. Unter 1000 ltr. bedeutet Kanister schleppen oder schleppen lassen.<\/p>\n<p>Benzin ca.  FJ$ 1.80<br \/>\nDiesel ca.  FJ$ 1.42<\/p>\n<p><strong>GAS<\/strong><\/p>\n<p>Gas holt man mit dem Taxi von Fiji Gas und ist sehr preiswert. 2,5 kg kosten etwa FJ$ 6.40. Das Taxi kostet hin und zur\u00fcck FJ$ 10.00 -12.00.<\/p>\n<p><strong>WASSER<\/strong><\/p>\n<p>Die Waitui Marina hat einen Wasserhahn am Jetty und das Wasser hat allerbeste Qualit\u00e4t. In der Coprashed Marina gibt es ebenfalls Wasser dazu auch Stegpl\u00e4tze. Die Preise sind aber fuer Fiji Verh\u00e4ltnisse hoch und werden leider nach Nase berechnet. 500 Liter Wasser kosten dort FJ$ 6.50. Deckwaschen wird extra berechnet.<\/p>\n<p><strong>MOORINGS<\/strong><\/p>\n<div id=\"attachment_12434\" style=\"width: 827px\" class=\"wp-caption aligncenter\"><img loading=\"lazy\" decoding=\"async\" aria-describedby=\"caption-attachment-12434\" src=\"https:\/\/windpilot.com\/blog\/wp-content\/uploads\/2016\/10\/image010.png\" alt=\"Mooring Feld der Waitui Marina\" width=\"817\" height=\"537\" class=\"size-full wp-image-12434\" srcset=\"https:\/\/windpilot.com\/blog\/wp-content\/uploads\/2016\/10\/image010.png 817w, https:\/\/windpilot.com\/blog\/wp-content\/uploads\/2016\/10\/image010-300x197.png 300w, https:\/\/windpilot.com\/blog\/wp-content\/uploads\/2016\/10\/image010-768x505.png 768w\" sizes=\"auto, (max-width: 817px) 100vw, 817px\" \/><p id=\"caption-attachment-12434\" class=\"wp-caption-text\">Mooring Feld der Waitui Marina<\/p><\/div>\n<div id=\"attachment_12435\" style=\"width: 831px\" class=\"wp-caption aligncenter\"><img loading=\"lazy\" decoding=\"async\" aria-describedby=\"caption-attachment-12435\" src=\"https:\/\/windpilot.com\/blog\/wp-content\/uploads\/2016\/10\/image012.png\" alt=\"Copra Shed Marina von West\" width=\"821\" height=\"513\" class=\"size-full wp-image-12435\" srcset=\"https:\/\/windpilot.com\/blog\/wp-content\/uploads\/2016\/10\/image012.png 821w, https:\/\/windpilot.com\/blog\/wp-content\/uploads\/2016\/10\/image012-300x187.png 300w, https:\/\/windpilot.com\/blog\/wp-content\/uploads\/2016\/10\/image012-768x480.png 768w\" sizes=\"auto, (max-width: 821px) 100vw, 821px\" \/><p id=\"caption-attachment-12435\" class=\"wp-caption-text\">Copra Shed Marina von West<\/p><\/div>\n<div id=\"attachment_12436\" style=\"width: 825px\" class=\"wp-caption aligncenter\"><img loading=\"lazy\" decoding=\"async\" aria-describedby=\"caption-attachment-12436\" src=\"https:\/\/windpilot.com\/blog\/wp-content\/uploads\/2016\/10\/image014.png\" alt=\"Copra Shed Marina von Ost\" width=\"815\" height=\"609\" class=\"size-full wp-image-12436\" srcset=\"https:\/\/windpilot.com\/blog\/wp-content\/uploads\/2016\/10\/image014.png 815w, https:\/\/windpilot.com\/blog\/wp-content\/uploads\/2016\/10\/image014-300x224.png 300w, https:\/\/windpilot.com\/blog\/wp-content\/uploads\/2016\/10\/image014-768x574.png 768w\" sizes=\"auto, (max-width: 815px) 100vw, 815px\" \/><p id=\"caption-attachment-12436\" class=\"wp-caption-text\">Copra Shed Marina von Ost<\/p><\/div>\n<div id=\"attachment_12437\" style=\"width: 823px\" class=\"wp-caption aligncenter\"><img loading=\"lazy\" decoding=\"async\" aria-describedby=\"caption-attachment-12437\" src=\"https:\/\/windpilot.com\/blog\/wp-content\/uploads\/2016\/10\/image016.png\" alt=\"Tief im Creek\" width=\"813\" height=\"613\" class=\"size-full wp-image-12437\" srcset=\"https:\/\/windpilot.com\/blog\/wp-content\/uploads\/2016\/10\/image016.png 813w, https:\/\/windpilot.com\/blog\/wp-content\/uploads\/2016\/10\/image016-300x226.png 300w, https:\/\/windpilot.com\/blog\/wp-content\/uploads\/2016\/10\/image016-768x579.png 768w\" sizes=\"auto, (max-width: 813px) 100vw, 813px\" \/><p id=\"caption-attachment-12437\" class=\"wp-caption-text\">Tief im Creek<\/p><\/div>\n<p>Es gibt Moorings f\u00fcr alle Geschm\u00e4cker. Wer gutes Wasser und frische Luft liebt bleibt au\u00dferhalb des verschwundenen Markers und bucht bei der Waitui Marina . Kommunikationsliebhaber finden bei der Copra Shed Marina Stegpl\u00e4tze und Moorings im inneren Bereich. Leider laufen die Abw\u00e4sser der Markthalle dort in den Creek und der Duft beherrscht zeitweise die Stimmung. Das Mosquito-Risiko nimmt zu, je tiefer man in den Creek hinein faehrt. H\u00e4lt sich aber in trockenen Zeiten in Grenzen.<\/p>\n<p><strong>WATERMAKER EINSATZ<\/strong><\/p>\n<p>Im Au\u00dfenbereich ohne weiteres m\u00f6glich aber im inneren Creek nicht zu empfehlen<\/p>\n<p><strong>INSELBESUCHE -LAU GROUP<\/strong> <\/p>\n<p>Nach Erfahrungsberichten anderer Yachten hat sich dort die Situation etwas ge\u00e4ndert. Nachdem die Einheimischen dort  jahrelang von, man kann es ruhig so nennen, Segelheuschrecken ausgenommen worden sind &#8211; sprich Schrott-T-Shirt gegen Bananenstaude, nehmen sie dort nun bis zu FJ$ 50.00 als Ankergeb\u00fchren pro Insel, die aber nicht dem Chief sondern der Gemeinde zugutekommen sollen. Wenn dies tats\u00e4chlich so ist und die Gemeinde etwas davon hat und nicht nur der Chief bzw. der Pastor ist es eine gute Sache. Andernfalls l\u00e4sst man diese Inseln dann besser links liegen.<\/p>\n<p><strong>FUNKNETZE IN SAVUSAVU<\/strong>  <\/p>\n<p>Jeden Morgen um 08:00 startet Curly Carswell sein Netz auf VHF16 um nach der Ank\u00fcndigung auf VHF68 zu gehen. Hier erf\u00e4hrt man vom Wetter bis zur Tauschb\u00f6rse alles was gerade ansteht.<br \/>\n<a href=\"http:\/\/curlycarswell.blogspot.com\/\" target=\"_blank\">Internethinweis<\/a><\/p>\n<p>F\u00fcr die Abreisenden nach Neuseeland bietet sich das Gulf Harbour Radio Net an. Es wird vorrangig von Patricia und David betrieben. Bob McDavitt gibt als Kiwi Wetter Guru seine Wetterkommentare zur aktuellen Lage hinzu.<br \/>\n<a href=\"https:\/\/www.yit.nz\/gulf-harbour-radio\" target=\"_blank\">Internethinweis<\/a><\/p>\n<p><strong>TAXEN UND BUSSE<\/strong><\/p>\n<p><img loading=\"lazy\" decoding=\"async\" src=\"https:\/\/windpilot.com\/blog\/wp-content\/uploads\/2016\/10\/image018.png\" alt=\"image018\" width=\"807\" height=\"557\" class=\"aligncenter size-full wp-image-12438\" srcset=\"https:\/\/windpilot.com\/blog\/wp-content\/uploads\/2016\/10\/image018.png 807w, https:\/\/windpilot.com\/blog\/wp-content\/uploads\/2016\/10\/image018-300x207.png 300w, https:\/\/windpilot.com\/blog\/wp-content\/uploads\/2016\/10\/image018-768x530.png 768w\" sizes=\"auto, (max-width: 807px) 100vw, 807px\" \/><\/p>\n<p><img loading=\"lazy\" decoding=\"async\" src=\"https:\/\/windpilot.com\/blog\/wp-content\/uploads\/2016\/10\/image020.png\" alt=\"image020\" width=\"813\" height=\"609\" class=\"aligncenter size-full wp-image-12439\" srcset=\"https:\/\/windpilot.com\/blog\/wp-content\/uploads\/2016\/10\/image020.png 813w, https:\/\/windpilot.com\/blog\/wp-content\/uploads\/2016\/10\/image020-300x225.png 300w, https:\/\/windpilot.com\/blog\/wp-content\/uploads\/2016\/10\/image020-768x575.png 768w\" sizes=\"auto, (max-width: 813px) 100vw, 813px\" \/><\/p>\n<p>Taxen und Busse sind preiswert in Savusavu. Die Tour von der Vaitui Marina bis zur (z.B.) Library kosten FJ$ 2.50.   Der \u00dcberlandbus nach Lambasa kostet hin FJ$ 13.00. Das wohl sauberste und gepflegteste Taxi geh\u00f6rt Mr. Sushil. Mobile 9760592<\/p>\n<p><strong>HARDWARE SHOPS<\/strong><\/p>\n<p>Es gibt einige in Savusavu. Sie sind aber vorrangig auf Landbedarf zugeschnitten. Preisvergleiche lohnen sich denn die Preise werden oft nach Nase kalkuliert. Unterschiede von 500 % sind drin. Der f\u00fcr Segler Beste ist wohl Home Depot nahe der Waitui Marina.<\/p>\n<p><strong>YACHTBEDARF<\/strong><\/p>\n<p>In der Coprashed Marina befindet sich ein kleiner Yacht Shop. Das Angebot ist leider sehr beschr\u00e4nkt und man sollte auf jeden Fall vorher den Endpreis erfragen bevor man bestellen l\u00e4sst!<\/p>\n<p><strong>AUTO ZUBEH\u00d6R<\/strong><\/p>\n<p><img loading=\"lazy\" decoding=\"async\" src=\"https:\/\/windpilot.com\/blog\/wp-content\/uploads\/2016\/10\/image021.png\" alt=\"image021\" width=\"811\" height=\"583\" class=\"aligncenter size-full wp-image-12440\" srcset=\"https:\/\/windpilot.com\/blog\/wp-content\/uploads\/2016\/10\/image021.png 811w, https:\/\/windpilot.com\/blog\/wp-content\/uploads\/2016\/10\/image021-300x216.png 300w, https:\/\/windpilot.com\/blog\/wp-content\/uploads\/2016\/10\/image021-768x552.png 768w\" sizes=\"auto, (max-width: 811px) 100vw, 811px\" \/><\/p>\n<p>Es gibt einen kleinen Laden am Ortsausgang bei der Tankstellen. Nicht teuer aber bei Bestellungen nicht so ganz zuverl\u00e4ssig. Hat Email aber schaut nie rein. Sonst ganz nett. Alles Weitere kauft man am besten in Lambasa oder man fliegt kurz nach Suva r\u00fcber.<\/p>\n<p><strong>INTERNET<\/strong><\/p>\n<p><img loading=\"lazy\" decoding=\"async\" src=\"https:\/\/windpilot.com\/blog\/wp-content\/uploads\/2016\/10\/image022.png\" alt=\"image022\" width=\"815\" height=\"603\" class=\"aligncenter size-full wp-image-12441\" srcset=\"https:\/\/windpilot.com\/blog\/wp-content\/uploads\/2016\/10\/image022.png 815w, https:\/\/windpilot.com\/blog\/wp-content\/uploads\/2016\/10\/image022-300x222.png 300w, https:\/\/windpilot.com\/blog\/wp-content\/uploads\/2016\/10\/image022-768x568.png 768w\" sizes=\"auto, (max-width: 815px) 100vw, 815px\" \/><\/p>\n<p>Bestens abgedeckt durch Vodafone und Wifi. Am besten kauft man sich einen Router wenn man l\u00e4nger in Fiji bleiben will. Wifi gibt es bei der Copra Shed Marina und im Internetcaf\u00e9 bei der Library. Eventuell auch noch andere&#8230;<\/p>\n<p>Alles andere finden Sie mit Sicherheit bei Noonsite<\/p>\n<p>Gute Reise, gutes Ankommen und eine sch\u00f6ne Zeit im \u201eHidden Paradise\u201c<\/p>\n<p>Inge + Ernst Barrels <a href=\"http:\/\/WWW.Atlantis-sail.de\/\" target=\"_blank\">SV Atlantis<\/a><\/p>\n","protected":false},"excerpt":{"rendered":"<p>SAVUSAVU &#8211; WAS VIELLEICHT NICHT AUF NOONSITE STEHT&#8230; Dieser Artikel versucht das Fehlende aus den Lobges\u00e4ngen der Hurra-und-alles-ist-sooo-toll-Blogs der Sailing Birds zu erg\u00e4nzen. Die meisten anderen Details finden Sie bei Noonsite. Savusavu ist auch nach Winston immer noch traumhaft sch\u00f6n. &hellip; <a href=\"https:\/\/windpilot.com\/blog\/blogs\/deutsch-cruising-area\/pacific\/fiji-2016-ingeernst-barrels\/\">Weiterlesen <span class=\"meta-nav\">&rarr;<\/span><\/a><\/p>\n","protected":false},"author":1,"featured_media":0,"parent":15235,"menu_order":-5,"comment_status":"open","ping_status":"closed","template":"","meta":{"footnotes":""},"class_list":["post-12425","page","type-page","status-publish","hentry"],"_links":{"self":[{"href":"https:\/\/windpilot.com\/blog\/wp-json\/wp\/v2\/pages\/12425","targetHints":{"allow":["GET"]}}],"collection":[{"href":"https:\/\/windpilot.com\/blog\/wp-json\/wp\/v2\/pages"}],"about":[{"href":"https:\/\/windpilot.com\/blog\/wp-json\/wp\/v2\/types\/page"}],"author":[{"embeddable":true,"href":"https:\/\/windpilot.com\/blog\/wp-json\/wp\/v2\/users\/1"}],"replies":[{"embeddable":true,"href":"https:\/\/windpilot.com\/blog\/wp-json\/wp\/v2\/comments?post=12425"}],"version-history":[{"count":6,"href":"https:\/\/windpilot.com\/blog\/wp-json\/wp\/v2\/pages\/12425\/revisions"}],"predecessor-version":[{"id":12444,"href":"https:\/\/windpilot.com\/blog\/wp-json\/wp\/v2\/pages\/12425\/revisions\/12444"}],"up":[{"embeddable":true,"href":"https:\/\/windpilot.com\/blog\/wp-json\/wp\/v2\/pages\/15235"}],"wp:attachment":[{"href":"https:\/\/windpilot.com\/blog\/wp-json\/wp\/v2\/media?parent=12425"}],"curies":[{"name":"wp","href":"https:\/\/api.w.org\/{rel}","templated":true}]}}