{"id":12810,"date":"2016-12-22T03:01:16","date_gmt":"2016-12-22T10:01:16","guid":{"rendered":"https:\/\/windpilot.com\/blog\/?page_id=12810"},"modified":"2017-12-03T04:14:39","modified_gmt":"2017-12-03T11:14:39","slug":"sofasegler","status":"publish","type":"page","link":"https:\/\/windpilot.com\/blog\/columns\/sozial-oder-nicht\/sofasegler\/","title":{"rendered":"Sofasegler"},"content":{"rendered":"<p><strong>SPIELPLATZ F\u00dcR BESSERWISSER<\/strong><br \/>\nSofa Segler \u2013 ein heimeliges Wort, so voller W\u00e4rme und Geborgenheit, weil man das Sofa gemeinhin ja an einem Ort zu parken pflegt, an dem man sich als Obermacker f\u00fchlt, auch wenn sogar gestandene M\u00e4nner sich auf Zuruf ihrer weiblichen Machtzentrale, pl\u00f6tzlich unter dem Couch Tisch wiederfinden.<\/p>\n<p><img loading=\"lazy\" decoding=\"async\" src=\"https:\/\/windpilot.com\/blog\/wp-content\/uploads\/2016\/12\/sofasegler_kl-Kopie-1024x745.jpg\" alt=\"\" width=\"640\" height=\"466\" class=\"aligncenter size-large wp-image-12812\" srcset=\"https:\/\/windpilot.com\/blog\/wp-content\/uploads\/2016\/12\/sofasegler_kl-Kopie-1024x745.jpg 1024w, https:\/\/windpilot.com\/blog\/wp-content\/uploads\/2016\/12\/sofasegler_kl-Kopie-300x218.jpg 300w, https:\/\/windpilot.com\/blog\/wp-content\/uploads\/2016\/12\/sofasegler_kl-Kopie-768x558.jpg 768w, https:\/\/windpilot.com\/blog\/wp-content\/uploads\/2016\/12\/sofasegler_kl-Kopie.jpg 1169w\" sizes=\"auto, (max-width: 640px) 100vw, 640px\" \/><\/p>\n<p>Denn, nicht wahr: ausserhalb dieser vermeintlich so heilen Zelle beginnt Feindesland, f\u00e4ngt beim Nachbarn an, wiederholt sich auf der Strasse, warum sollte das bei Seglern denn anders sein? Unser Leben ist bestimmt von K\u00e4mpfen auf allen Ebenen, von geopolitischen M\u00e4nner Muskel Spielen bis hinein in unsere Familienzelle, wo das starke Geschlecht durch nonverbale Rangeleien  &#8211; oder gar Sex? &#8211; unterwerfbar ist. Stets gibt es Meinungsverschiedenheiten, deren Grenzen wir mit Tricks und Raffinessen zu verschieben suchen. MERKE: Eine liebende Frau ist eine Sklavin, die ihrem Herrn die Kette anlegt. Oder anders herum: der Mann jagt die Frau solange, bis sie ihn hat.<\/p>\n<p><img loading=\"lazy\" decoding=\"async\" src=\"https:\/\/windpilot.com\/blog\/wp-content\/uploads\/2016\/12\/dinghyrace-Kopie.jpeg\" alt=\"\" width=\"842\" height=\"612\" class=\"aligncenter size-full wp-image-12813\" srcset=\"https:\/\/windpilot.com\/blog\/wp-content\/uploads\/2016\/12\/dinghyrace-Kopie.jpeg 842w, https:\/\/windpilot.com\/blog\/wp-content\/uploads\/2016\/12\/dinghyrace-Kopie-300x218.jpeg 300w, https:\/\/windpilot.com\/blog\/wp-content\/uploads\/2016\/12\/dinghyrace-Kopie-768x558.jpeg 768w\" sizes=\"auto, (max-width: 842px) 100vw, 842px\" \/><\/p>\n<p><strong>GRUNDSATZ<\/strong><br \/>\nNichts geh\u00f6rt so dringend geregelt, wie die Angewohnheiten anderer Menschen. Dabei kann man Suppen Haaren fischen, Unzul\u00e4nglichkeiten, Widerspr\u00fcche oder faustdicke L\u00fcgen aufdecken oder  bequem gleich selbst erfinden, kann sich voller Wollust und Emphase \u00fcber alles emp\u00f6ren und entr\u00fcsten, sodann gen\u00fcsslich spalten, sortieren oder sezieren, angelegentlich das eigene Spiegelbild polieren, sich minutenweise zu C\u00e4sar oder Napoleon versteigen, wird dabei kollateral und ganz praktisch, von der eigenen Unvollkommenheit abgelenkt, weil man als Herrscher im eigenen Luftraum so wunderbar stark und unverletzlich ist. Menschen brauchen stete Reibung an Widerspr\u00fcchen \u2013 Entschuldigung: an Mitmenschen, um das Ego zum Licht zu tragen, hier oder dort einen Pyrrhussieg zu erhaschen, oder am liebsten unter Vorgabe falscher Anteilnahme, still und leise Vorteile in die eigenen Taschen umzulenken. Wo ginge das besser als im sozialen virtuellen Kampfget\u00fcmmel? <\/p>\n<p>F\u00fcr das Polieren gemeiner Volks Seelen wurde Fazzebock erfunden. <\/p>\n<p><img loading=\"lazy\" decoding=\"async\" src=\"https:\/\/windpilot.com\/blog\/wp-content\/uploads\/2016\/12\/cockpit-Kopie.jpeg\" alt=\"\" width=\"842\" height=\"612\" class=\"aligncenter size-full wp-image-12814\" srcset=\"https:\/\/windpilot.com\/blog\/wp-content\/uploads\/2016\/12\/cockpit-Kopie.jpeg 842w, https:\/\/windpilot.com\/blog\/wp-content\/uploads\/2016\/12\/cockpit-Kopie-300x218.jpeg 300w, https:\/\/windpilot.com\/blog\/wp-content\/uploads\/2016\/12\/cockpit-Kopie-768x558.jpeg 768w\" sizes=\"auto, (max-width: 842px) 100vw, 842px\" \/><\/p>\n<p><strong>LANGEWEILE PARADOX<\/strong><br \/>\nDas Leben ist so be\u00e4ngstigend schnell geworden! Gleichwohl sind viele Menschen gedanklich tr\u00e4ge, vertreiben ihre Langeweile mit dem Best Buddy Smartphone in Jacke oder Hosentasche und verursachen Datenbeben in den Netzen, die als sozial benannt getarnt, was Zuckerberg Klimahallen in die W\u00fcste stellen l\u00e4sst, um dort in Ruhe und Abgeschiedenheit den Daten Tsunami zu sortieren, umzubrechen und deziderten Empf\u00e4ngern als Ordeuvre zu verkaufen. Ein One Way Deal der SuperKlasse, weil er Zugriff zu privaten Daten gegen eine B\u00fchne zur Selbstdarstellung bietet. Dort sind Zugangsrechte f\u00fcr Freund oder Feind eingerichtet, die als Stigma oder Schranke funzen, um das Faustrecht auf der Strasse virtuell zu wiederholen: \u201emit Dir spielen wir nicht\u201c. <\/p>\n<p><img loading=\"lazy\" decoding=\"async\" src=\"https:\/\/windpilot.com\/blog\/wp-content\/uploads\/2016\/12\/robbery-Kopie.jpeg\" alt=\"\" width=\"842\" height=\"612\" class=\"aligncenter size-full wp-image-12816\" srcset=\"https:\/\/windpilot.com\/blog\/wp-content\/uploads\/2016\/12\/robbery-Kopie.jpeg 842w, https:\/\/windpilot.com\/blog\/wp-content\/uploads\/2016\/12\/robbery-Kopie-300x218.jpeg 300w, https:\/\/windpilot.com\/blog\/wp-content\/uploads\/2016\/12\/robbery-Kopie-768x558.jpeg 768w\" sizes=\"auto, (max-width: 842px) 100vw, 842px\" \/><\/p>\n<p>Das Gesellschaftsspiel menschlichen Umgangs ist gnadenlos, wer sich ausschlie\u00dft, hat selber Schuld, kann Seelenschaden und somatische Krankheiten erleiden, wenn er dem Druck nicht gewachsen ist. Denn: Eine Hand w\u00e4scht die andere \u2013 meistens nicht. Ansonsten gibt es Heerscharen von Therapeuten, die gegen Bares helfen, dem Delinquenten \u2013 Pardon: Klienten, zumindest Stunden weise das Gef\u00fchl zu geben: hier bin ich Mensch, hier bin ich wichtig. Denn: im Netz ist ein jeder nur ein Wicht, der Emphase mit seiner Tastatur nicht zu erzeugen in der Lage ist.<\/p>\n<p>Und so leben wir alle in einer wundervoll prallen und heilen Welt, sind um lebt von gefakt, gepimpt- hinterspritzten Profilen von Millionen Super Nova Menschen, die auf den Netzautobahnen allesamt die linke Spur besetzen, die vermutlich vielfach arme W\u00fcrstchen sind, weil sie so offen zeigen, dass sie nach Zuspruch hecheln, derweil sie zu Liebe und Gef\u00fchlen im realen Leben immer weniger geeignet sind.<\/p>\n<p><img loading=\"lazy\" decoding=\"async\" src=\"https:\/\/windpilot.com\/blog\/wp-content\/uploads\/2016\/12\/stammtisch_klein-1024x777.jpg\" alt=\"\" width=\"640\" height=\"486\" class=\"aligncenter size-large wp-image-12820\" srcset=\"https:\/\/windpilot.com\/blog\/wp-content\/uploads\/2016\/12\/stammtisch_klein-1024x777.jpg 1024w, https:\/\/windpilot.com\/blog\/wp-content\/uploads\/2016\/12\/stammtisch_klein-300x228.jpg 300w, https:\/\/windpilot.com\/blog\/wp-content\/uploads\/2016\/12\/stammtisch_klein-768x583.jpg 768w, https:\/\/windpilot.com\/blog\/wp-content\/uploads\/2016\/12\/stammtisch_klein.jpg 1219w\" sizes=\"auto, (max-width: 640px) 100vw, 640px\" \/><\/p>\n<p><strong>HOFFNUNGSCHIMMER<\/strong><br \/>\nWie es aussieht, sind Gottseidank nur wenige Segler darunter. Wir ahnen, womit dies zusammen h\u00e4ngt! Kann es sein, dass das Leben von Seglern zu wenig Zeit f\u00fcr Langeweile l\u00e4sst? Immerhin haben Sie sich mit Schlauheit ihr Boot erk\u00e4mpft, Entschuldigung: erarbeitet.<\/p>\n<p>Zudem werden bei gescheiteren Menschen gemeinhin die Tage mit zunehmendem Lebensalter anders ausgef\u00fcllt, oder besser: f\u00fcr Endlosschleifen unsozialen Miteinanders wird die Zeit zu knapp, denn Menschen mit ausgef\u00fclltem Leben, Familie, Beruf und einem sch\u00f6nen Hobby, haben f\u00fcr Oberfl\u00e4chlichkeiten ( zu ) wenig Zeit. F\u00fcr Segler wird\u2019s ohnehin recht eng, weil die Zeit auf See alle Zeitpl\u00e4ne \u00fcber den Haufen wirft, weil Uhren zudem auf See die Zeit verlieren. Vielleicht der Grund, warum Zuckerberg an Bord kein Bein an Deck bekommt? Ich kann den Kopf vom Nagel schon ahnen.<\/p>\n<p>Immerhin, und das ist die gute Botschaft, wurde f\u00fcr Segler mit Langeweile ein ganz besonderer Bolzplatz eingerichtet, perfekt geeignet f\u00fcr Sofa Segler.<\/p>\n<p><img loading=\"lazy\" decoding=\"async\" src=\"https:\/\/windpilot.com\/blog\/wp-content\/uploads\/2016\/12\/haifische-low-Kopie-2-1024x730.jpg\" alt=\"\" width=\"640\" height=\"456\" class=\"aligncenter size-large wp-image-12815\" srcset=\"https:\/\/windpilot.com\/blog\/wp-content\/uploads\/2016\/12\/haifische-low-Kopie-2-1024x730.jpg 1024w, https:\/\/windpilot.com\/blog\/wp-content\/uploads\/2016\/12\/haifische-low-Kopie-2-300x214.jpg 300w, https:\/\/windpilot.com\/blog\/wp-content\/uploads\/2016\/12\/haifische-low-Kopie-2-768x548.jpg 768w, https:\/\/windpilot.com\/blog\/wp-content\/uploads\/2016\/12\/haifische-low-Kopie-2.jpg 1158w\" sizes=\"auto, (max-width: 640px) 100vw, 640px\" \/><\/p>\n<p><strong>DIE SEGELFOREN<\/strong><br \/>\nKettenhemd angezogen, Atemschutz vor die markante Schnauze \u2026 und hinein gesprungen ins brodelnde Haifisch Gew\u00e4sser. Ein Pseudonym als Ahornblatt gegen die gr\u00f6bsten Pfeile, denn in Foren muss man erst das Schwimmen lernen. Und Vorsicht: Sarkasmus ist nur f\u00fcr Siegertypen!<\/p>\n<p><strong>Die Spielregeln:<\/strong><br \/>\n&#8211; Bitte hau mich nicht &#8211; ich hau dich trotzdem<br \/>\n&#8211; Irgendwann verliert jeder sein Gesicht<br \/>\n&#8211; Betreute Monologe<br \/>\n&#8211; Sprachliches Waterboarding<br \/>\n&#8211; Feuchte H\u00e4nde und Angstzust\u00e4nde<br \/>\n&#8211; Mit L\u00fcgen kommt man nicht weit, sie sind wie ein Schneeball &#8211; je l\u00e4nger man sie w\u00e4lzt, desto gr\u00f6sser werden sie.<\/p>\n<p><strong>Die Zeremonien Meister als Master of Desaster:<\/strong><br \/>\nModeratoren sind die Verhaltens Bademeister, mit Bussgeld Zepter und L\u00f6schtaste ausgestattet. Sie haben daf\u00fcr zu sorgen, dass Kollisionen zu Bagatellen werden, hier und dort rote Ohren wachsen und eine Hierarchie erhalten bleibt, bei der die Spitze des Eisbergs stets zu sehen ist: der SUPERMARIO \u2013 Entschuldigung: SUPER MOD \u2026 der als Instanz den Stecker ziehen kann.<\/p>\n<p>F\u00fcr Sofa Breitensportler mit tausenden Worth\u00fclsen und Gedankensplittern sind Foren ein Paradeplatz wo er sich mit Lust Wortgefechte liefern kann. Siegen, verlieren, sich vereinen, oder sich verpi&#8230;sen! In Deutschlands Foren ist es still geworden, weil die dort herrschende Unkultur &#8211; das Fehlen von Respekt ! &#8211; viele Menschen in die Flucht geschlagen hat. <\/p>\n<p>Bei Joachim Ringelmatz gibt es Lebenshilfe: Humor ist der Knopf, der verhindert, dass einem der Kragen platzt. <\/p>\n<p><img loading=\"lazy\" decoding=\"async\" src=\"https:\/\/windpilot.com\/blog\/wp-content\/uploads\/2016\/12\/saufparty-low-1-1024x693.jpg\" alt=\"\" width=\"640\" height=\"433\" class=\"aligncenter size-large wp-image-12817\" srcset=\"https:\/\/windpilot.com\/blog\/wp-content\/uploads\/2016\/12\/saufparty-low-1-1024x693.jpg 1024w, https:\/\/windpilot.com\/blog\/wp-content\/uploads\/2016\/12\/saufparty-low-1-300x203.jpg 300w, https:\/\/windpilot.com\/blog\/wp-content\/uploads\/2016\/12\/saufparty-low-1-768x520.jpg 768w, https:\/\/windpilot.com\/blog\/wp-content\/uploads\/2016\/12\/saufparty-low-1.jpg 1275w\" sizes=\"auto, (max-width: 640px) 100vw, 640px\" \/><\/p>\n<p><strong>SELFIEMANIA<\/strong><br \/>\nLow Profile, Windschnittigkeit sind keine Markenzeichen, mit denen man in Foren \u2013 oder im wahren Leben! &#8211; \u00fcberleben kann. Das bessere Lebensmotto heisst: zeig den anderen die Kante, schaff\u00b4 dir Feinde, dann erst bekommst Du den Respekt &#8211; Seemannsweisheit, selbst entdeckt.<\/p>\n<p>Man kann\u00b4s im Leben niemals den anderen Menschen Recht machen &#8211; weil sie stets und sofort anfangen, sich abzugleichen, dabei entdecken, dass sie Unvergleichliches nicht vergleichen k\u00f6nnen &#8211; dann holen sie den Werkzeugkasten und beginnen, dich zu reparieren, zu demontieren \u2026 oder nach ihrem Gusto zu modifizieren, zu optimieren und &#8211; geht\u00b4s endlich schief  &#8211; dich am Ende zu sezieren! Bist du endlich still, oder unter der Erde, fangen sie an, dir Respekt zu zollen, auch wenn sie\u00b4s nicht wollen oder k\u00f6nnen, aber du bist dort endlich weit genug von ihnen entfernt, damit Du ihnen nun nicht mehr widersprechen \u2013 oder in die Suppe spucken &#8211; kannst &#8211; und ihre Rache sich pl\u00f6tzlich ins Gegenteil verkehrte, weil sie sich damit selbst enttarnten, ihre Umwelt warnten, sich versprechen und am Ende &#8211; wiederum ganz allein &#8211; das Spiel sich wiederholte &#8230; umgekehrt und pl\u00f6tzlich gar nicht mehr verkehrt \u2026 <\/p>\n<p><img loading=\"lazy\" decoding=\"async\" src=\"https:\/\/windpilot.com\/blog\/wp-content\/uploads\/2016\/12\/segler_ueber_segler_klein-1024x723.jpg\" alt=\"\" width=\"640\" height=\"452\" class=\"aligncenter size-large wp-image-12818\" srcset=\"https:\/\/windpilot.com\/blog\/wp-content\/uploads\/2016\/12\/segler_ueber_segler_klein-1024x723.jpg 1024w, https:\/\/windpilot.com\/blog\/wp-content\/uploads\/2016\/12\/segler_ueber_segler_klein-300x212.jpg 300w, https:\/\/windpilot.com\/blog\/wp-content\/uploads\/2016\/12\/segler_ueber_segler_klein-768x543.jpg 768w, https:\/\/windpilot.com\/blog\/wp-content\/uploads\/2016\/12\/segler_ueber_segler_klein.jpg 1155w\" sizes=\"auto, (max-width: 640px) 100vw, 640px\" \/><\/p>\n<p><strong>\u00dcBERLEBENS STRATEGIE<\/strong><br \/>\nHast Du:<br \/>\n&#8211; zuviel Knete, entzweit das jeden<br \/>\n&#8211; tolle Optik, hilft Dir wenig<br \/>\n&#8211; das Superweib an deiner Seite, wird\u00b4s immer schlimmer<br \/>\n&#8211; zu viel Freude im Gesicht &#8211; mag die Welt dich nicht<br \/>\n&#8211; beruflich den Bingo &#8211; zeigt die Welt den Ringo<br \/>\n&#8211; geht\u00b4s dir schlecht &#8211; geht\u00b4s den anderen gut<br \/>\n&#8211; geht\u00b4s dir dreckiger &#8211; lachen sie sich sch\u00e4ckiger<br \/>\n&#8211; bist Du verloren \u2013 haben sie gesiegt, denn:<\/p>\n<p><strong>WAHRE FREUNDE GIBT ES NICHT<\/strong><br \/>\nJe n\u00e4her man Menschen kennenlernt, je genauer man sie unter die Lupe nimmt, je ernster die Lage ist, je gr\u00f6sser die Not, desto schneller sind sie weg! Lebens Wei\u00dfheit selbst entdeckt!<\/p>\n<p>Gedankensplitter zu Weihnachten \u2026 nicht unbedingt beim Wort zu nehmen!<\/p>\n<p>Peter Foerthmann<\/p>\n","protected":false},"excerpt":{"rendered":"<p>SPIELPLATZ F\u00dcR BESSERWISSER Sofa Segler \u2013 ein heimeliges Wort, so voller W\u00e4rme und Geborgenheit, weil man das Sofa gemeinhin ja an einem Ort zu parken pflegt, an dem man sich als Obermacker f\u00fchlt, auch wenn sogar gestandene M\u00e4nner sich auf &hellip; <a href=\"https:\/\/windpilot.com\/blog\/columns\/sozial-oder-nicht\/sofasegler\/\">Weiterlesen <span class=\"meta-nav\">&rarr;<\/span><\/a><\/p>\n","protected":false},"author":1,"featured_media":0,"parent":13656,"menu_order":1,"comment_status":"open","ping_status":"closed","template":"","meta":{"footnotes":""},"class_list":["post-12810","page","type-page","status-publish","hentry"],"_links":{"self":[{"href":"https:\/\/windpilot.com\/blog\/wp-json\/wp\/v2\/pages\/12810","targetHints":{"allow":["GET"]}}],"collection":[{"href":"https:\/\/windpilot.com\/blog\/wp-json\/wp\/v2\/pages"}],"about":[{"href":"https:\/\/windpilot.com\/blog\/wp-json\/wp\/v2\/types\/page"}],"author":[{"embeddable":true,"href":"https:\/\/windpilot.com\/blog\/wp-json\/wp\/v2\/users\/1"}],"replies":[{"embeddable":true,"href":"https:\/\/windpilot.com\/blog\/wp-json\/wp\/v2\/comments?post=12810"}],"version-history":[{"count":6,"href":"https:\/\/windpilot.com\/blog\/wp-json\/wp\/v2\/pages\/12810\/revisions"}],"predecessor-version":[{"id":12826,"href":"https:\/\/windpilot.com\/blog\/wp-json\/wp\/v2\/pages\/12810\/revisions\/12826"}],"up":[{"embeddable":true,"href":"https:\/\/windpilot.com\/blog\/wp-json\/wp\/v2\/pages\/13656"}],"wp:attachment":[{"href":"https:\/\/windpilot.com\/blog\/wp-json\/wp\/v2\/media?parent=12810"}],"curies":[{"name":"wp","href":"https:\/\/api.w.org\/{rel}","templated":true}]}}