{"id":13063,"date":"2017-01-12T00:28:40","date_gmt":"2017-01-12T07:28:40","guid":{"rendered":"https:\/\/windpilot.com\/blog\/?page_id=13063"},"modified":"2018-01-03T07:15:38","modified_gmt":"2018-01-03T14:15:38","slug":"tracking-schlau-gemacht","status":"publish","type":"page","link":"https:\/\/windpilot.com\/blog\/ausruestung\/tracking-schlau-gemacht\/","title":{"rendered":"Tracking &#8211; schlau"},"content":{"rendered":"<p><strong>ELTERN, SCHLAUER ALS GEWOLLT<\/strong><\/p>\n<p><img loading=\"lazy\" decoding=\"async\" src=\"https:\/\/windpilot.com\/blog\/wp-content\/uploads\/2016\/12\/Alle-Drei.jpeg\" alt=\"\" width=\"999\" height=\"749\" class=\"aligncenter size-full wp-image-12689\" srcset=\"https:\/\/windpilot.com\/blog\/wp-content\/uploads\/2016\/12\/Alle-Drei.jpeg 999w, https:\/\/windpilot.com\/blog\/wp-content\/uploads\/2016\/12\/Alle-Drei-300x225.jpeg 300w, https:\/\/windpilot.com\/blog\/wp-content\/uploads\/2016\/12\/Alle-Drei-768x576.jpeg 768w\" sizes=\"auto, (max-width: 999px) 100vw, 999px\" \/><\/p>\n<p>Oberfl\u00e4chlich betrachtet ist hier ein junger Mann seinem Elternhaus entflogen, um sich auf eigene Beine zu stellen. Passiert in jeder Familie jeden Tag, allerdings nicht gleich auf Seebeine, wie in diesem Fall!<\/p>\n<p>Diskussionen \u00fcber das F\u00fcr und Wider, also \u00fcber Sicherheitsbedenken und Elternsorgen, enden dabei h\u00e4ufig gegen eine Wand un\u00fcberbr\u00fcckbarer Gegens\u00e4tze, die ein jeder f\u00fcr sich selber zu definieren hat, die f\u00fcr Konfliktstoff oder sogar am Ende f\u00fcr Stille zwischen den Parteien sorgen.<\/p>\n<p>Das Stichwort heisst NEIN. Der Generalkurs: WECH<\/p>\n<p>Eltern geraten dann in einen Prozess mit sich selbst, weil sie zu erkennen haben, dass es nur mit R\u00fccksicht vorw\u00e4rts gehen kann. Denn, nicht wahr, an dieser Nahtstelle zwischen beh\u00fctetem Leben und der Realit\u00e4t auf See, erweist sich die Qualit\u00e4t vieler Jahre der Erziehung zu einem Menschen, der in der Lage ist, seine eigenen Pl\u00e4ne mit Leben und Freude dran zu f\u00fcllen. F\u00fcr alle daran beteiligten Personen ein Prozess der besonderen Art, weil die Konsequenzen hier wie dort so gewaltig sind: zeigt sich hier erstmals, ob das Band zwischen Eltern und Kindern haltbar oder aber zerbrechlich ist. Vertrauen ger\u00e4t zum Schl\u00fcsselwort.<\/p>\n<p>Die unspektakul\u00e4re, gleichwohl sture Vorgehensweise von Christoph, einen Plan auch gegen Widerst\u00e4nde durchzusetzen und dabei  nicht zu scheitern, erkennbar mit Spass und Freude jeden neuen Tag fr\u00f6hlich zu begr\u00fcssen, hat meinen tiefen Respekt. Hier k\u00f6nnen auch Erwachsene eine Menge lernen.<\/p>\n<p>Mein besonderen Respekt gilt allerdings auch den Eltern Anke und Thomas, die ich vor kurzem kennen lernen durfte. Der Grund, der mich diese Zeilen schreiben l\u00e4sst, jedoch ist ein besonderer:<\/p>\n<p>Vater Thomas hat als IT Nerd einen virtuellen Schutzengel erfunden, um den Sohn unbemerkt zu begleiten und zu bewachen. Er hat seinem Sohn ein IRIDIUM Mobile Phone an Bord mitgegeben, das mit DELORME Technik und SMS ausger\u00fcstet ist, eine Technik, die bei Outdoor Freaks popul\u00e4r und mit elektronischem Kompass sowie Barometer ausger\u00fcstet ist. Bei eingehender Besch\u00e4ftigung mit m\u00f6glichen Optionen wird deutlich, was dies Ger\u00e4t als Schutzengel f\u00fcr einen vom Segelvirus befallenem jungen Mann zu leisten im Stande ist.<\/p>\n<p>Thomas kann eine durch Wetter- Wind &#8211; Seegangsdaten errechnete Route als Skript eingeben, bei der jede Abweichung zu Hause f\u00fcr Meldungen sorgt. So kann z.B. Christoph als begnadeter Langschl\u00e4fer, durch Alarm geweckt werden, wenn das Schiff durch Winddrehungen vom idealen Kurs abgebogen ist. Jede Ver\u00e4nderung m\u00f6glicher Parametern f\u00fcr Kurs, Geschwindigkeit oder Wetter kann zu einer Meldung f\u00fchren. <\/p>\n<p>Vater Thomas als Georg Orwell der freundlichen Art?  Jedenfalls ein Ruhekissen f\u00fcr besorgte Eltern, weil sie nun st\u00e4ndig updates \u00fcber den Reiseverlauf erhalten und nicht im Ungewissen gelassen werden, oder auf Lebenszeichen warten m\u00fcssen, die stets zu wenig und zu selten kommen.<\/p>\n<p>Vielleicht ein Gesch\u00e4ftsidee f\u00fcr einen Spezialisten, die sich ausbauen lassen k\u00f6nnte? Interessanter Weise wurde DELORME vor kurzem von GARMIN \u00fcbernommen, was erkennen l\u00e4sst, dass hier bald neue Dienste m\u00f6glich werden.<\/p>\n<p>Immerhin jedenfalls denkbar, dass Thomas hier eine Gesch\u00e4fstidee geboren hat, die man ausbauen k\u00f6nnte.<\/p>\n<p>Mal dr\u00fcber nachdenken&#8230;.<\/p>\n<p>Peter Foerthmann<\/p>\n","protected":false},"excerpt":{"rendered":"<p>ELTERN, SCHLAUER ALS GEWOLLT Oberfl\u00e4chlich betrachtet ist hier ein junger Mann seinem Elternhaus entflogen, um sich auf eigene Beine zu stellen. Passiert in jeder Familie jeden Tag, allerdings nicht gleich auf Seebeine, wie in diesem Fall! Diskussionen \u00fcber das F\u00fcr &hellip; <a href=\"https:\/\/windpilot.com\/blog\/ausruestung\/tracking-schlau-gemacht\/\">Weiterlesen <span class=\"meta-nav\">&rarr;<\/span><\/a><\/p>\n","protected":false},"author":1,"featured_media":0,"parent":16900,"menu_order":-3,"comment_status":"closed","ping_status":"closed","template":"","meta":{"footnotes":""},"class_list":["post-13063","page","type-page","status-publish","hentry"],"_links":{"self":[{"href":"https:\/\/windpilot.com\/blog\/wp-json\/wp\/v2\/pages\/13063","targetHints":{"allow":["GET"]}}],"collection":[{"href":"https:\/\/windpilot.com\/blog\/wp-json\/wp\/v2\/pages"}],"about":[{"href":"https:\/\/windpilot.com\/blog\/wp-json\/wp\/v2\/types\/page"}],"author":[{"embeddable":true,"href":"https:\/\/windpilot.com\/blog\/wp-json\/wp\/v2\/users\/1"}],"replies":[{"embeddable":true,"href":"https:\/\/windpilot.com\/blog\/wp-json\/wp\/v2\/comments?post=13063"}],"version-history":[{"count":3,"href":"https:\/\/windpilot.com\/blog\/wp-json\/wp\/v2\/pages\/13063\/revisions"}],"predecessor-version":[{"id":13068,"href":"https:\/\/windpilot.com\/blog\/wp-json\/wp\/v2\/pages\/13063\/revisions\/13068"}],"up":[{"embeddable":true,"href":"https:\/\/windpilot.com\/blog\/wp-json\/wp\/v2\/pages\/16900"}],"wp:attachment":[{"href":"https:\/\/windpilot.com\/blog\/wp-json\/wp\/v2\/media?parent=13063"}],"curies":[{"name":"wp","href":"https:\/\/api.w.org\/{rel}","templated":true}]}}