{"id":13209,"date":"2017-02-05T18:18:50","date_gmt":"2017-02-06T01:18:50","guid":{"rendered":"https:\/\/windpilot.com\/blog\/?page_id=13209"},"modified":"2017-02-06T11:38:38","modified_gmt":"2017-02-06T18:38:38","slug":"christoph-vougessis","status":"publish","type":"page","link":"https:\/\/windpilot.com\/blog\/deutsch-yacht-delius-klasing\/christoph-vougessis\/","title":{"rendered":"Christoph Vougessis"},"content":{"rendered":"<p><strong>PRESSEBERICHTE \u2013 FEHLANZEIGE &#8211; TOPFSCHLAGEN \u00dcBER DIE GR\u00dcNDE<\/strong><\/p>\n<p>Liebe Anna, lieber Christoph,<br \/>\nvielen Dank f\u00fcr wundervolle Berichte, aus denen die pure Lebensfreude str\u00f6mt.<br \/>\nF\u00fcr mich sind Sie beide bemerkenswerte junge Menschen, die mit einem L\u00e4cheln auf dem Gesicht, eine Reise unternommen haben, die ihres gleichen sucht. Low Profile, ohne viel Aufhebens, mit einer geradezu unglaublich kleinen Nussschale, sind Sie im Paradies angekommen, einen Traum, den andere lebenslang nie zu Stande bringen, in der Lage sind. Sie haben meine aufrichtige Bewunderung und Begeisterung. <\/p>\n<p><img loading=\"lazy\" decoding=\"async\" src=\"https:\/\/windpilot.com\/blog\/wp-content\/uploads\/2017\/02\/KopfLPA-Samoa.jpg\" alt=\"\" width=\"693\" height=\"445\" class=\"aligncenter size-full wp-image-13210\" srcset=\"https:\/\/windpilot.com\/blog\/wp-content\/uploads\/2017\/02\/KopfLPA-Samoa.jpg 693w, https:\/\/windpilot.com\/blog\/wp-content\/uploads\/2017\/02\/KopfLPA-Samoa-300x193.jpg 300w\" sizes=\"auto, (max-width: 693px) 100vw, 693px\" \/><\/p>\n<p>Ihre Frage nach dem Stand der Dinge in Sachen Presse, will ich ehrlich beantworten. Den Redaktionen von <strong>HAMBURGER ABENDBLATT, SPIEGEL, WELT, NDR und ZEIT<\/strong> habe ich eine Zusammenstellung Ihrer aufsehenerregenden Reise samt Fotos und Link zum Blog \u00fcbermittelt, die ersten Reaktionen und Telefon Gespr\u00e4che waren \u00fcberaus positiv. Nat\u00fcrlich ist allseits bekannt, dass Presse im Netzwerk interagiert und Ver\u00f6ffentlichungen &#8211; aus welchen Gr\u00fcnden immer &#8211; favorisiert oder alternativ als der Berichterstattung nicht f\u00fcr Wert befunden werden k\u00f6nnen. Vermutlich haben wir hier ein Beispiel. Immerhin ist <strong>MENSO HEYL<\/strong> &#8211; fr\u00fcher beim <strong>HAMBURGER ABENDBLATT<\/strong>, heute als <strong>Herausgeber der YACHT<\/strong> im Dienst. Christoph hat mir von seinen Kontakten zu <strong>YACHT<\/strong> und <strong>JOHANNES ERDMANN<\/strong> berichtet, sodass ich hier keine weiteren Informationen zugeleitet habe, weil man die Fakten bereits kennt.<\/p>\n<p><img loading=\"lazy\" decoding=\"async\" src=\"https:\/\/windpilot.com\/blog\/wp-content\/uploads\/2017\/02\/Piraten-low-1024x673.jpg\" alt=\"\" width=\"640\" height=\"421\" class=\"aligncenter size-large wp-image-13214\" srcset=\"https:\/\/windpilot.com\/blog\/wp-content\/uploads\/2017\/02\/Piraten-low-1024x673.jpg 1024w, https:\/\/windpilot.com\/blog\/wp-content\/uploads\/2017\/02\/Piraten-low-300x197.jpg 300w, https:\/\/windpilot.com\/blog\/wp-content\/uploads\/2017\/02\/Piraten-low-768x505.jpg 768w, https:\/\/windpilot.com\/blog\/wp-content\/uploads\/2017\/02\/Piraten-low.jpg 1296w\" sizes=\"auto, (max-width: 640px) 100vw, 640px\" \/><\/p>\n<p>Es hat allerdings den Anschein, dass die Presse sich einer Berichterstattung bislang verweigert. Ich hatte derartige Vermutungen zwar in Erw\u00e4gung gezogen, und darum Ihrem Vater Thomas Vougessis, vorgeschlagen, selbst f\u00fcr die Presse Kontakte zu sorgen. Meine Vorstellungskraft hat allerdings nicht ausgereicht, zu glauben, dass redaktionelle Einflussnahmen hier tats\u00e4chlich denkbar w\u00e4ren, \u00fcber eine derart aufsehenerregende Reise eben nicht zu berichten, bzw. die Berichterstattung den Kollegen in anderen Redaktionen als ggf. nicht sinnvoll  zu empfehlen. Ein veritable Blamage, wenn sich dies erwiese, zeigte es doch, dass einige Redakteure sich journalistischer Berichterstattung verweigerten, weil ihnen die professionelle Souver\u00e4nit\u00e4t abhanden gekommen ist. Es w\u00e4re allerdings kaum zu glauben! Warum? Hier sind meine Vermutungen:<\/p>\n<p>Ich habe es in den vergangenen Jahren wiederholt gewagt, die journalistische Arbeitsweise der Yacht Chefredaktion zu kritisieren, <a href=\"https:\/\/windpilot.com\/blog\/columns\/deutsch-yacht-delius-klasing\/deutsch-brief-an-konrad-delius\/\">siehe<\/a> Zudem denkbar, dass mein mit Verve gef\u00fchrtes Engagement f\u00fcr die Interessen der Blauwassersegler \u2013 und gegen dezidierte Verlagsinteressen des Delius Klasing Verlages ( in Bezug auf die Belange des Trans-Ocean e.V. und seiner Vereinszeitung ), bei einigen Damen und Herren f\u00fcr Unmut gesorgt haben. Auch die Popularit\u00e4t des Windpilot Blogs ( derzeit 3.000 Besucher \/ Tag ) kann einem Print Medienhaus wenig gefallen. Wenn all dies nun allerdings Anlass zu unprofessioneller Interaktion zwischen Journalisten kulminierte, hielte ich dies f\u00fcr eine fulminante Blamage der hier verantwortlichen Redakteure. <\/p>\n<p><img loading=\"lazy\" decoding=\"async\" src=\"https:\/\/windpilot.com\/blog\/wp-content\/uploads\/2017\/02\/Butzeman-NW-Passage-low-1024x694.jpg\" alt=\"\" width=\"640\" height=\"434\" class=\"aligncenter size-large wp-image-13212\" srcset=\"https:\/\/windpilot.com\/blog\/wp-content\/uploads\/2017\/02\/Butzeman-NW-Passage-low-1024x694.jpg 1024w, https:\/\/windpilot.com\/blog\/wp-content\/uploads\/2017\/02\/Butzeman-NW-Passage-low-300x203.jpg 300w, https:\/\/windpilot.com\/blog\/wp-content\/uploads\/2017\/02\/Butzeman-NW-Passage-low-768x520.jpg 768w, https:\/\/windpilot.com\/blog\/wp-content\/uploads\/2017\/02\/Butzeman-NW-Passage-low.jpg 1266w\" sizes=\"auto, (max-width: 640px) 100vw, 640px\" \/><\/p>\n<p>Nicht wahr, man h\u00e4tte im Verlag die Karten ggf. neu zu mischen, denn ein <strong>JOHANNES ERDMANN<\/strong>, der seine Autoren Schaft \u2013 neben der Sonder Nutzung eines ber\u00fchmten Namens \u2013 in einer Reise von Lissabon in die Karibik begr\u00fcndet, der eine ehemals propagierte Weltumsegelung \u2013 oder gar Querung  der Nord West Passage &#8211; zur Atlantik Runde reduzierte, st\u00fcnde pl\u00f6tzlich im Schatten, denn Ihre Reise von Hamburg \u00fcber Cap Verden nach Martinique in einer Hurley 22, in Lee jeglicher Presse Berichterstattung w\u00e4re <\/p>\n<p><strong>NICHTS WENIGER ALS EINE SENSATION !<\/strong><\/p>\n<p><img loading=\"lazy\" decoding=\"async\" src=\"https:\/\/windpilot.com\/blog\/wp-content\/uploads\/2017\/02\/Nonstop-Badewanne-1024x702.jpg\" alt=\"\" width=\"640\" height=\"439\" class=\"aligncenter size-large wp-image-13213\" srcset=\"https:\/\/windpilot.com\/blog\/wp-content\/uploads\/2017\/02\/Nonstop-Badewanne-1024x702.jpg 1024w, https:\/\/windpilot.com\/blog\/wp-content\/uploads\/2017\/02\/Nonstop-Badewanne-300x206.jpg 300w, https:\/\/windpilot.com\/blog\/wp-content\/uploads\/2017\/02\/Nonstop-Badewanne-768x527.jpg 768w, https:\/\/windpilot.com\/blog\/wp-content\/uploads\/2017\/02\/Nonstop-Badewanne.jpg 1267w\" sizes=\"auto, (max-width: 640px) 100vw, 640px\" \/><\/p>\n<p>Zeitgleich eine Blamage f\u00fcr eine Redaktion, die \u00fcber gescheiterte Reisen anderer Segler ansonsten im Wochentakt berichtet und sich von einem L\u00fcgenbaron aufs Glatteis f\u00fchren l\u00e4sst, sich anschliessend versch\u00e4mt zum blamablen Ausgang der Geschichte nicht weiter \u00e4ussert.<\/p>\n<p>Wenn dies wirklich so k\u00e4me, w\u00e4re f\u00fcr mich ein weiterer Beweis erbracht, dass die Interessen eines in Deutschland \u00fcberm\u00e4chtigen Verlags wie Mehltau \u00fcber den Interessen einer \u00d6ffentlichkeit liegen, der hier eine wunderbare Geschichte vorenthalten bliebe.<\/p>\n<p>Mal schaun, wie sich die Dinge weiter entwickeln, vielleicht geht einigen Damen und Herren doch noch ein Licht auf, und man wird die Reise zweier so sympathischen unpr\u00e4tenti\u00f6sen jungen Menschen der Berichterstattung durch die nationalen Journalisten Kollegen anempfehlen, f\u00fcr den Fall, dass man selbst hier zu berichten &#8211; aus welchen Gr\u00fcnden immer &#8211; sich nicht in der Lage sieht.<br \/>\nEs w\u00e4re Ihnen von Herzen zu w\u00fcnschen, dass Ihre wundersch\u00f6ne Geschichte einer breiteren \u00d6ffentlichkeit unterbreitet wird. <\/p>\n<p>Peter Foerthmann<\/p>\n","protected":false},"excerpt":{"rendered":"<p>PRESSEBERICHTE \u2013 FEHLANZEIGE &#8211; TOPFSCHLAGEN \u00dcBER DIE GR\u00dcNDE Liebe Anna, lieber Christoph, vielen Dank f\u00fcr wundervolle Berichte, aus denen die pure Lebensfreude str\u00f6mt. F\u00fcr mich sind Sie beide bemerkenswerte junge Menschen, die mit einem L\u00e4cheln auf dem Gesicht, eine Reise &hellip; <a href=\"https:\/\/windpilot.com\/blog\/deutsch-yacht-delius-klasing\/christoph-vougessis\/\">Weiterlesen <span class=\"meta-nav\">&rarr;<\/span><\/a><\/p>\n","protected":false},"author":1,"featured_media":0,"parent":9971,"menu_order":7,"comment_status":"open","ping_status":"closed","template":"","meta":{"footnotes":""},"class_list":["post-13209","page","type-page","status-publish","hentry"],"_links":{"self":[{"href":"https:\/\/windpilot.com\/blog\/wp-json\/wp\/v2\/pages\/13209","targetHints":{"allow":["GET"]}}],"collection":[{"href":"https:\/\/windpilot.com\/blog\/wp-json\/wp\/v2\/pages"}],"about":[{"href":"https:\/\/windpilot.com\/blog\/wp-json\/wp\/v2\/types\/page"}],"author":[{"embeddable":true,"href":"https:\/\/windpilot.com\/blog\/wp-json\/wp\/v2\/users\/1"}],"replies":[{"embeddable":true,"href":"https:\/\/windpilot.com\/blog\/wp-json\/wp\/v2\/comments?post=13209"}],"version-history":[{"count":12,"href":"https:\/\/windpilot.com\/blog\/wp-json\/wp\/v2\/pages\/13209\/revisions"}],"predecessor-version":[{"id":13231,"href":"https:\/\/windpilot.com\/blog\/wp-json\/wp\/v2\/pages\/13209\/revisions\/13231"}],"up":[{"embeddable":true,"href":"https:\/\/windpilot.com\/blog\/wp-json\/wp\/v2\/pages\/9971"}],"wp:attachment":[{"href":"https:\/\/windpilot.com\/blog\/wp-json\/wp\/v2\/media?parent=13209"}],"curies":[{"name":"wp","href":"https:\/\/api.w.org\/{rel}","templated":true}]}}