{"id":13249,"date":"2017-02-18T10:24:33","date_gmt":"2017-02-18T17:24:33","guid":{"rendered":"https:\/\/windpilot.com\/blog\/?page_id=13249"},"modified":"2023-12-17T06:36:07","modified_gmt":"2023-12-17T13:36:07","slug":"pacific-plus-historie","status":"publish","type":"page","link":"https:\/\/windpilot.com\/blog\/press-tv\/pacific-plus\/pacific-plus-historie\/","title":{"rendered":"Historie"},"content":{"rendered":"<p><strong>PACIFIC PLUS &#8211; NEWS<\/strong><br \/>\nDie Entwicklungsgeschichte von Windpilot weist im Verlauf von 45 Jahren wegweisende Innovationen auf: Gegr\u00fcndet im Jahre <strong>1968<\/strong> wurden die Systeme <strong>NORDSEE<\/strong>, <strong>ATLANTIK<\/strong> und <strong>PACIFIC<\/strong> bis zum Jahre 1985 in Edelstahl handwerklich hergestellt.<br \/>\nIm Jahre <strong>1985<\/strong> erfolgte die Produktionsumstellung auf Aluminium in Sandgiesverfahren sowie die Markeinf\u00fchrung der Systemschwestern <strong>PACIFIC<\/strong> und <strong>PACIFIC PLUS<\/strong>.<br \/>\nIm Jahre <strong>1998<\/strong> dann Markteinf\u00fchrung der modularen Systemschwestern <strong>PACIFIC LIGHT, PACIFIC, PACIFIC PLUS <\/strong>sowie die Umstellung auf Kokillengiesverfahren mit durchg\u00e4ngig industrieller CNC Fertigungweise. Die Systemfamilie wurde im Jahre 2007 vervollst\u00e4ndigt mit der Einf\u00fchrung der <strong>SOS Ruder<\/strong> als <strong>SOS PACIFIC<\/strong> oder <strong>SOS SOLO<\/strong>.<\/p>\n<p><a href=\"https:\/\/windpilot.com\/blog\/wp-content\/uploads\/2013\/12\/Hanseat-70.jpg\"><img loading=\"lazy\" decoding=\"async\" src=\"https:\/\/windpilot.com\/blog\/wp-content\/uploads\/2013\/12\/Hanseat-70-1024x673.jpg\" alt=\"Hanseat 70\" width=\"640\" height=\"420\" class=\"aligncenter size-large wp-image-9174\" srcset=\"https:\/\/windpilot.com\/blog\/wp-content\/uploads\/2013\/12\/Hanseat-70-1024x673.jpg 1024w, https:\/\/windpilot.com\/blog\/wp-content\/uploads\/2013\/12\/Hanseat-70-300x197.jpg 300w\" sizes=\"auto, (max-width: 640px) 100vw, 640px\" \/><\/a><br \/>\n<strong>ZEITRECHNUNG DER RUDERPROFILE<\/strong><br \/>\nDie Entwicklung der System Ruder folgte einer anderen Zeitrechnung. Wurden anf\u00e4nglich alle Hilfsruder f\u00fcr fr\u00fchere <strong>ATLANTIK<\/strong> Serien sowie der <strong>PACIFIC PLUS<\/strong> Serien von 1985 bis 1998 stets in GFK mit eingelegtem Edelstahlschaft laminiert \/ hergestellt, so wurden die Ruder f\u00fcr Pendelrudersysteme <strong>PACIFIC<\/strong> und <strong>PACIFIC LIGHT<\/strong> anf\u00e4nglich in GFK, ab 1986 in Holz ( Epoxy verleimt ) und ab 1998 bis heute in Aluminium (Strangpressprofil ) hergestellt. Den Anforderungen an ein Pendelrudersystem &#8211; maximaler Wirkungsgrad bei minimalem Anstellwinkel &#8211; ist ein schlankes Strangpressprofil in Aluminium erheblich besser gewachsen, als ein Holz-Epoxy Ruderblatt, das materialbedingt erheblich weniger tragf\u00e4hig als Aluminium ist.<\/p>\n<p><a href=\"https:\/\/windpilot.com\/blog\/wp-content\/uploads\/2013\/12\/Windpilot-0015-low.jpg\"><img loading=\"lazy\" decoding=\"async\" src=\"https:\/\/windpilot.com\/blog\/wp-content\/uploads\/2013\/12\/Windpilot-0015-low-673x1024.jpg\" alt=\"Windpilot - 0015 low\" width=\"640\" height=\"973\" class=\"aligncenter size-large wp-image-9175\" srcset=\"https:\/\/windpilot.com\/blog\/wp-content\/uploads\/2013\/12\/Windpilot-0015-low-673x1024.jpg 673w, https:\/\/windpilot.com\/blog\/wp-content\/uploads\/2013\/12\/Windpilot-0015-low-197x300.jpg 197w\" sizes=\"auto, (max-width: 640px) 100vw, 640px\" \/><\/a><\/p>\n<p><strong>PROBLEM VERPACKUNGSMASSE<\/strong><br \/>\nDie Verpackungsmasse aller Hilfs- und Doppelrudersysteme von bis zu 300 cm in der L\u00e4nge waren beim Versand innerhalb Europas mit LKW und auch im internationalen Luftfrachtversand bis zur Jahrtausendwende zun\u00e4chst unproblematisch. Mit der Jahrtausendwende allerdings ergab sich eine radikale Ver\u00e4nderung, weil nahezu s\u00e4mtliche \u00fcberseeische Destinationen der Segelkarawanen abseits der grossen internationalen Luftfracht Drehkreuze gelegen sind und damit f\u00fcr den Versand \u00fcberlanger Packst\u00fccke quasi \u00fcber Nacht nicht mehr erreichbar waren. Die sich daraus ergebenden Probleme und Notwendigkeiten waren einschneidend f\u00fcr einen Betrieb, der weltweites Marketing betreibt. Die Entwicklung eines geteilten Ruderschaftes mit abnehmbarem Ruder erforderte eine Neukonstruktion aller Hilfsruder Komponenten.<\/p>\n<p><iframe loading=\"lazy\" src=\"\/\/www.youtube.com\/embed\/oeydlYHIKPI\" height=\"315\" width=\"420\" allowfullscreen=\"\" frameborder=\"0\"><\/iframe><br \/>\nIn Kooperation mit dem <a href=\"http:\/\/www.hakoplastec.com\" target=\"_blank\" rel=\"noopener\">HAKO Technologie Zentrum<\/a> in Trappenkamp wurden neue Ruder mit Edelstahlschaft ( f\u00fcr die PACIFIC PLUS I ) und Aluminiumschaft ( PACIFIC PLUS II sowie SOS Ruder ) entwickelt und die Ruder fortan in <strong>ROTATIONAL MOULDING<\/strong> in PE produziert.<\/p>\n<p><a href=\"https:\/\/windpilot.com\/blog\/wp-content\/uploads\/2013\/12\/Hako-low.jpg\"><img loading=\"lazy\" decoding=\"async\" src=\"https:\/\/windpilot.com\/blog\/wp-content\/uploads\/2013\/12\/Hako-low-1024x682.jpg\" alt=\"Hako low\" width=\"640\" height=\"426\" class=\"aligncenter size-large wp-image-9200\" srcset=\"https:\/\/windpilot.com\/blog\/wp-content\/uploads\/2013\/12\/Hako-low-1024x682.jpg 1024w, https:\/\/windpilot.com\/blog\/wp-content\/uploads\/2013\/12\/Hako-low-300x200.jpg 300w\" sizes=\"auto, (max-width: 640px) 100vw, 640px\" \/><\/a><strong>Vorteile<\/strong>: die Ruder besassen Auftrieb, der das Gesamtgewicht des Systems am Heck verringerte ( ca 10 kg ).<br \/>\n<strong>Nachteil<\/strong>: die Ruderblatt Oberfl\u00e4che waren gegen\u00fcber mechanischen Belastungen &#8211; verglichen mit GFK &#8211; weniger robust, was durch den Werkstoff ( PE ) sowie die F\u00fcllung mit PE Schaum bedingt gewesen ist.<\/p>\n<p>Allen Hilfsrudern und SOS Rudern gemeinsam: sie basierten auf konstruktiven Erkenntnissen in Bezug auf Str\u00f6mungsverhalten und erforderliche Anstellwinkel, die Jahrzehnte in immer gleicher Weise Anwendung gefunden hatten. Die enormen Ver\u00e4nderungen heute verwendeter moderner Schiffskonstruktionen, insbesondere die heutigen Erkenntnisse in Bezug auf bessere Wirkungsweise bei gr\u00f6\u00dferem Speedpotential und geringerem Widerstand machten eine Neukonstruktion der Hilfsruder speziell f\u00fcr den Einsatz an einer Windsteueranlage reizvoll und sinnvoll.<\/p>\n<p><strong>NEUES RUDER DESIGN<\/strong><br \/>\nDie Aufgabenstellung lautete, ein Profil zu finden, das<br \/>\n&#8211; f\u00fcr den Einsatz bei geringem Ruderlagewinkel maximale Kraft produziert<br \/>\n&#8211; dessen Str\u00f6mungsverlauf geringst m\u00f6glichen Widerstand erzeugt<br \/>\n&#8211; dessen Profilierung den besonderen Anforderungen einer Windsteueranlage angepasst ist<br \/>\n&#8211; bei dem der Str\u00f6mungsabriss bei m\u00f6glichen Querbewegungen des Schiffshecks vorzugsweise erst sp\u00e4t erfolgt.<\/p>\n<p><a href=\"https:\/\/windpilot.com\/blog\/wp-content\/uploads\/2013\/12\/TRimage10.jpg\"><img loading=\"lazy\" decoding=\"async\" src=\"https:\/\/windpilot.com\/blog\/wp-content\/uploads\/2013\/12\/TRimage10-273x300.jpg\" alt=\"TRimage10\" width=\"273\" height=\"300\" class=\"alignleft size-medium wp-image-9232\" srcset=\"https:\/\/windpilot.com\/blog\/wp-content\/uploads\/2013\/12\/TRimage10-273x300.jpg 273w, https:\/\/windpilot.com\/blog\/wp-content\/uploads\/2013\/12\/TRimage10.jpg 364w\" sizes=\"auto, (max-width: 273px) 100vw, 273px\" \/><\/a>In enger Kooperation mit dem erfahrenen Kieler Yachtkonstrukteur <a href=\"http:\/\/www.thomasroeper.de\/\" target=\"_blank\" rel=\"noopener\">THOMAS ROEPER<\/a> wurden die M\u00f6glichkeiten zur Ruderblattkonstruktion in verschiedenen Materialien untersucht ( Epoxy-Schaum-Konstruktion, Aluminium Strangpressprofil, Nylon Niederdruckgiesverfahren ), ebenso wurden die besonderen Anforderungen an die Schaftkonstruktion sowie Abnehmbarkeit zum Zwecke des Transports untersucht. Zudem sollte die Kompatibilit\u00e4t mit vorhandenen Systemen sowie Vormodellen Ber\u00fccksichtigung finden, da Windpilot Systeme am Heck stets besonders exponiert positioniert und gegen Kollision oder Grundber\u00fchrung \u00fcberaus verletzlich sind.<\/p>\n<p>Eine komplexe Arbeit, die erheblich mehr Zeit erforderte, als zun\u00e4chst gedacht. <\/p>\n<p>Die Produktion der Ruder in Einzelbauweise schied schon fr\u00fch aus Kostengr\u00fcnden aus, weil dieses Produktionsverfahren den Kaufpreis der PACIFIC PLUS sowie SOS Ruder schnell vierstellig ver\u00e4ndert \/ erh\u00f6ht h\u00e4tte, ohne das Grundproblem &#8211; die Abnehmbarkeit zum Transport &#8211; sinnvoll und praxisgerecht l\u00f6sen zu k\u00f6nnen. <\/p>\n<p><a href=\"https:\/\/windpilot.com\/blog\/wp-content\/uploads\/2013\/12\/R\u00f6per-Profil.jpg\"><img loading=\"lazy\" decoding=\"async\" src=\"https:\/\/windpilot.com\/blog\/wp-content\/uploads\/2013\/12\/R\u00f6per-Profil-300x171.jpg\" alt=\"R\u00f6per Profil\" width=\"300\" height=\"171\" class=\"alignleft size-medium wp-image-9234\" srcset=\"https:\/\/windpilot.com\/blog\/wp-content\/uploads\/2013\/12\/R\u00f6per-Profil-300x171.jpg 300w, https:\/\/windpilot.com\/blog\/wp-content\/uploads\/2013\/12\/R\u00f6per-Profil.jpg 756w\" sizes=\"auto, (max-width: 300px) 100vw, 300px\" \/><\/a>Ein Strangpressprofil f\u00fcr ein Aluminiumprofil wurde bis zur Produktionsreife entwickelt, jedoch am Ende verworfen, weil nur ein Schaft aus Edelstahl in einem schlanken Alu Profil h\u00e4tte zum Einsatz kommen k\u00f6nnen, wobei erfahrungsgem\u00e4\u00df Korrosionsprobleme im kritischen Medium Seewasser zu l\u00f6sen gewesen w\u00e4ren, die nur schwer zu beherrschen gewesen w\u00e4ren, wenn \u00fcberhaupt.<\/p>\n<p><a href=\"https:\/\/windpilot.com\/blog\/wp-content\/uploads\/2013\/12\/P1000679.jpg\"><img loading=\"lazy\" decoding=\"async\" src=\"https:\/\/windpilot.com\/blog\/wp-content\/uploads\/2013\/12\/P1000679-1024x768.jpg\" alt=\"P1000679\" width=\"640\" height=\"480\" class=\"aligncenter size-large wp-image-9178\" srcset=\"https:\/\/windpilot.com\/blog\/wp-content\/uploads\/2013\/12\/P1000679-1024x768.jpg 1024w, https:\/\/windpilot.com\/blog\/wp-content\/uploads\/2013\/12\/P1000679-300x225.jpg 300w\" sizes=\"auto, (max-width: 640px) 100vw, 640px\" \/><\/a><\/p>\n<p><strong>ENTSCHEIDUNG NYRIM<\/strong><br \/>\nSo fiel am Ende die Entscheidung zugunsten eines hochfesten, gleichwohl schlagfesten <strong>NYRIM<\/strong>, das im Niederdruckgiesverfahren von einem der weltweit f\u00fchrenden Hersteller <a href=\"http:\/\/www.quadrantplastics.com\" target=\"_blank\" rel=\"noopener\">QUADRANT<\/a> produziert wird. Dies Verfahren erfolgt in einer Spezialform, die aus dem Vollen gefr\u00e4st, in jedem Bereich des Profils die gew\u00fcnschten Anforderungen zeitgleich den Anforderungen eines vollautomatischen Produktionszyklus zu erf\u00fcllen in der Lage ist.<\/p>\n<p><a href=\"https:\/\/windpilot.com\/blog\/wp-content\/uploads\/2013\/12\/P1000726.jpg\"><img loading=\"lazy\" decoding=\"async\" src=\"https:\/\/windpilot.com\/blog\/wp-content\/uploads\/2013\/12\/P1000726-1024x768.jpg\" alt=\"P1000726\" width=\"640\" height=\"480\" class=\"aligncenter size-large wp-image-9204\" srcset=\"https:\/\/windpilot.com\/blog\/wp-content\/uploads\/2013\/12\/P1000726-1024x768.jpg 1024w, https:\/\/windpilot.com\/blog\/wp-content\/uploads\/2013\/12\/P1000726-300x225.jpg 300w\" sizes=\"auto, (max-width: 640px) 100vw, 640px\" \/><\/a><a href=\"https:\/\/windpilot.com\/blog\/wp-content\/uploads\/2013\/12\/P1000720.jpg\"><img loading=\"lazy\" decoding=\"async\" src=\"https:\/\/windpilot.com\/blog\/wp-content\/uploads\/2013\/12\/P1000720-1024x768.jpg\" alt=\"P1000720\" width=\"640\" height=\"480\" class=\"aligncenter size-large wp-image-9205\" srcset=\"https:\/\/windpilot.com\/blog\/wp-content\/uploads\/2013\/12\/P1000720-1024x768.jpg 1024w, https:\/\/windpilot.com\/blog\/wp-content\/uploads\/2013\/12\/P1000720-300x225.jpg 300w\" sizes=\"auto, (max-width: 640px) 100vw, 640px\" \/><\/a><img loading=\"lazy\" decoding=\"async\" src=\"https:\/\/windpilot.com\/blog\/wp-content\/uploads\/2017\/02\/DSC06942.jpeg\" alt=\"\" width=\"640\" height=\"480\" class=\"aligncenter size-full wp-image-13253\" srcset=\"https:\/\/windpilot.com\/blog\/wp-content\/uploads\/2017\/02\/DSC06942.jpeg 640w, https:\/\/windpilot.com\/blog\/wp-content\/uploads\/2017\/02\/DSC06942-300x225.jpeg 300w\" sizes=\"auto, (max-width: 640px) 100vw, 640px\" \/><br \/>\nIm Ergebnis weist das Ruder eine geringf\u00fcgig geringere benetzte Fl\u00e4che auf, als das vorherigen PACIFIC PLUS II Ruder, besitzt gleichwohl durch seine optimierte Form erheblich mehr Lift, insbesondere im Grenzbereich. <\/p>\n<p><img loading=\"lazy\" decoding=\"async\" src=\"https:\/\/windpilot.com\/blog\/wp-content\/uploads\/2018\/04\/image5.jpeg\" alt=\"\" width=\"1280\" height=\"960\" class=\"aligncenter size-full wp-image-17908\" srcset=\"https:\/\/windpilot.com\/blog\/wp-content\/uploads\/2018\/04\/image5.jpeg 1280w, https:\/\/windpilot.com\/blog\/wp-content\/uploads\/2018\/04\/image5-300x225.jpeg 300w, https:\/\/windpilot.com\/blog\/wp-content\/uploads\/2018\/04\/image5-768x576.jpeg 768w, https:\/\/windpilot.com\/blog\/wp-content\/uploads\/2018\/04\/image5-1024x768.jpeg 1024w\" sizes=\"auto, (max-width: 1280px) 100vw, 1280px\" \/><img loading=\"lazy\" decoding=\"async\" src=\"https:\/\/windpilot.com\/blog\/wp-content\/uploads\/2018\/04\/IMG_8154.jpg\" alt=\"\" width=\"1280\" height=\"960\" class=\"aligncenter size-full wp-image-17909\" srcset=\"https:\/\/windpilot.com\/blog\/wp-content\/uploads\/2018\/04\/IMG_8154.jpg 1280w, https:\/\/windpilot.com\/blog\/wp-content\/uploads\/2018\/04\/IMG_8154-300x225.jpg 300w, https:\/\/windpilot.com\/blog\/wp-content\/uploads\/2018\/04\/IMG_8154-768x576.jpg 768w, https:\/\/windpilot.com\/blog\/wp-content\/uploads\/2018\/04\/IMG_8154-1024x768.jpg 1024w\" sizes=\"auto, (max-width: 1280px) 100vw, 1280px\" \/><img loading=\"lazy\" decoding=\"async\" src=\"https:\/\/windpilot.com\/blog\/wp-content\/uploads\/2018\/04\/IMG_7053.jpeg\" alt=\"\" width=\"1280\" height=\"854\" class=\"aligncenter size-full wp-image-17910\" srcset=\"https:\/\/windpilot.com\/blog\/wp-content\/uploads\/2018\/04\/IMG_7053.jpeg 1280w, https:\/\/windpilot.com\/blog\/wp-content\/uploads\/2018\/04\/IMG_7053-300x200.jpeg 300w, https:\/\/windpilot.com\/blog\/wp-content\/uploads\/2018\/04\/IMG_7053-768x512.jpeg 768w, https:\/\/windpilot.com\/blog\/wp-content\/uploads\/2018\/04\/IMG_7053-1024x683.jpeg 1024w\" sizes=\"auto, (max-width: 1280px) 100vw, 1280px\" \/><img loading=\"lazy\" decoding=\"async\" src=\"https:\/\/windpilot.com\/blog\/wp-content\/uploads\/2018\/04\/P1010959-1.jpeg\" alt=\"\" width=\"1280\" height=\"854\" class=\"aligncenter size-full wp-image-17911\" srcset=\"https:\/\/windpilot.com\/blog\/wp-content\/uploads\/2018\/04\/P1010959-1.jpeg 1280w, https:\/\/windpilot.com\/blog\/wp-content\/uploads\/2018\/04\/P1010959-1-300x200.jpeg 300w, https:\/\/windpilot.com\/blog\/wp-content\/uploads\/2018\/04\/P1010959-1-768x512.jpeg 768w, https:\/\/windpilot.com\/blog\/wp-content\/uploads\/2018\/04\/P1010959-1-1024x683.jpeg 1024w\" sizes=\"auto, (max-width: 1280px) 100vw, 1280px\" \/><img loading=\"lazy\" decoding=\"async\" src=\"https:\/\/windpilot.com\/blog\/wp-content\/uploads\/2018\/04\/6-Shaft-into-Nyrem-rudder.jpeg\" alt=\"\" width=\"800\" height=\"534\" class=\"aligncenter size-full wp-image-17912\" srcset=\"https:\/\/windpilot.com\/blog\/wp-content\/uploads\/2018\/04\/6-Shaft-into-Nyrem-rudder.jpeg 800w, https:\/\/windpilot.com\/blog\/wp-content\/uploads\/2018\/04\/6-Shaft-into-Nyrem-rudder-300x200.jpeg 300w, https:\/\/windpilot.com\/blog\/wp-content\/uploads\/2018\/04\/6-Shaft-into-Nyrem-rudder-768x513.jpeg 768w\" sizes=\"auto, (max-width: 800px) 100vw, 800px\" \/><br \/>\nMit Produktionsstart im Fr\u00fchjahr 2014 wird die PACIFIC PLUS ausschlie\u00dflich mit dem neuen Ruder in nur einer Gr\u00f6\u00dfe &#8211; aber verschiedenen Schaftl\u00e4ngen &#8211; ausger\u00fcstet \/ lieferbar sein. Das Ruderblatt wird an einem soliden DUPLEX EDELSTAHL SCHAFT durch Verschraubung befestigt &#8211; und ist somit zum Zwecke des Transports &#8211; wie zuvor &#8211; abnehmbar ausgef\u00fchrt. Alle vorherigen Modelljahrg\u00e4nge der PACIFIC PLUS werden mit gewissen Modifikationen (Tausch der Lagerbuchsen) auf die neuen Ruder umr\u00fcstbar sein.<\/p>\n<p>Peter Foerthmann<\/p>\n","protected":false},"excerpt":{"rendered":"<p>PACIFIC PLUS &#8211; NEWS Die Entwicklungsgeschichte von Windpilot weist im Verlauf von 45 Jahren wegweisende Innovationen auf: Gegr\u00fcndet im Jahre 1968 wurden die Systeme NORDSEE, ATLANTIK und PACIFIC bis zum Jahre 1985 in Edelstahl handwerklich hergestellt. Im Jahre 1985 erfolgte &hellip; <a href=\"https:\/\/windpilot.com\/blog\/press-tv\/pacific-plus\/pacific-plus-historie\/\">Weiterlesen <span class=\"meta-nav\">&rarr;<\/span><\/a><\/p>\n","protected":false},"author":1,"featured_media":0,"parent":14691,"menu_order":-1,"comment_status":"open","ping_status":"closed","template":"","meta":{"footnotes":""},"class_list":["post-13249","page","type-page","status-publish","hentry"],"_links":{"self":[{"href":"https:\/\/windpilot.com\/blog\/wp-json\/wp\/v2\/pages\/13249","targetHints":{"allow":["GET"]}}],"collection":[{"href":"https:\/\/windpilot.com\/blog\/wp-json\/wp\/v2\/pages"}],"about":[{"href":"https:\/\/windpilot.com\/blog\/wp-json\/wp\/v2\/types\/page"}],"author":[{"embeddable":true,"href":"https:\/\/windpilot.com\/blog\/wp-json\/wp\/v2\/users\/1"}],"replies":[{"embeddable":true,"href":"https:\/\/windpilot.com\/blog\/wp-json\/wp\/v2\/comments?post=13249"}],"version-history":[{"count":8,"href":"https:\/\/windpilot.com\/blog\/wp-json\/wp\/v2\/pages\/13249\/revisions"}],"predecessor-version":[{"id":30525,"href":"https:\/\/windpilot.com\/blog\/wp-json\/wp\/v2\/pages\/13249\/revisions\/30525"}],"up":[{"embeddable":true,"href":"https:\/\/windpilot.com\/blog\/wp-json\/wp\/v2\/pages\/14691"}],"wp:attachment":[{"href":"https:\/\/windpilot.com\/blog\/wp-json\/wp\/v2\/media?parent=13249"}],"curies":[{"name":"wp","href":"https:\/\/api.w.org\/{rel}","templated":true}]}}