{"id":13623,"date":"2017-04-07T05:33:59","date_gmt":"2017-04-07T12:33:59","guid":{"rendered":"https:\/\/windpilot.com\/blog\/?page_id=13623"},"modified":"2018-01-01T02:48:58","modified_gmt":"2018-01-01T09:48:58","slug":"atlantik-inseln","status":"publish","type":"page","link":"https:\/\/windpilot.com\/blog\/blogs\/deutsch-cruising-area\/atlantic\/atlantik-inseln\/","title":{"rendered":"Atlantik Inseln"},"content":{"rendered":"<p>SV 7Seas &#8211; Hendrik Pilz GER<\/p>\n<p>Biscaya \u00dcberquerung &#8211; Vlog # 4<\/p>\n<p><iframe loading=\"lazy\" width=\"560\" height=\"315\" src=\"https:\/\/www.youtube.com\/embed\/SsvspDQZnY4\" frameborder=\"0\" allowfullscreen><\/iframe><\/p>\n<p>Madeira  <\/p>\n<p><iframe loading=\"lazy\" width=\"560\" height=\"315\" src=\"https:\/\/www.youtube.com\/embed\/_mAk3JIW5E4\" frameborder=\"0\" allowfullscreen><\/iframe><\/p>\n<p>Afrika f\u00fcr Anf\u00e4nger &#8211; Vlog # 14<\/p>\n<p><iframe loading=\"lazy\" width=\"560\" height=\"315\" src=\"https:\/\/www.youtube.com\/embed\/EYlvpdDD8KM\" frameborder=\"0\" allowfullscreen><\/iframe><\/p>\n<p>Kap Verde Vlog &#8211; Vlog # 12<\/p>\n<p><iframe loading=\"lazy\" width=\"560\" height=\"315\" src=\"https:\/\/www.youtube.com\/embed\/pFmrMeV41MA\" frameborder=\"0\" allowfullscreen><\/iframe><\/p>\n<p>Atlantik \u00dcberquerung &#8211; Vlog # 13<\/p>\n<p><iframe loading=\"lazy\" width=\"560\" height=\"315\" src=\"https:\/\/www.youtube.com\/embed\/kaMIsfR0Q5k\" frameborder=\"0\" allowfullscreen><\/iframe><\/p>\n","protected":false},"excerpt":{"rendered":"<p>SV 7Seas &#8211; Hendrik Pilz GER Biscaya \u00dcberquerung &#8211; Vlog # 4 Madeira Afrika f\u00fcr Anf\u00e4nger &#8211; Vlog # 14 Kap Verde Vlog &#8211; Vlog # 12 Atlantik \u00dcberquerung &#8211; Vlog # 13<\/p>\n","protected":false},"author":1,"featured_media":0,"parent":15229,"menu_order":2,"comment_status":"open","ping_status":"closed","template":"","meta":{"footnotes":""},"class_list":["post-13623","page","type-page","status-publish","hentry"],"_links":{"self":[{"href":"https:\/\/windpilot.com\/blog\/wp-json\/wp\/v2\/pages\/13623","targetHints":{"allow":["GET"]}}],"collection":[{"href":"https:\/\/windpilot.com\/blog\/wp-json\/wp\/v2\/pages"}],"about":[{"href":"https:\/\/windpilot.com\/blog\/wp-json\/wp\/v2\/types\/page"}],"author":[{"embeddable":true,"href":"https:\/\/windpilot.com\/blog\/wp-json\/wp\/v2\/users\/1"}],"replies":[{"embeddable":true,"href":"https:\/\/windpilot.com\/blog\/wp-json\/wp\/v2\/comments?post=13623"}],"version-history":[{"count":1,"href":"https:\/\/windpilot.com\/blog\/wp-json\/wp\/v2\/pages\/13623\/revisions"}],"predecessor-version":[{"id":13624,"href":"https:\/\/windpilot.com\/blog\/wp-json\/wp\/v2\/pages\/13623\/revisions\/13624"}],"up":[{"embeddable":true,"href":"https:\/\/windpilot.com\/blog\/wp-json\/wp\/v2\/pages\/15229"}],"wp:attachment":[{"href":"https:\/\/windpilot.com\/blog\/wp-json\/wp\/v2\/media?parent=13623"}],"curies":[{"name":"wp","href":"https:\/\/api.w.org\/{rel}","templated":true}]}}