{"id":13717,"date":"2017-04-24T08:10:12","date_gmt":"2017-04-24T15:10:12","guid":{"rendered":"https:\/\/windpilot.com\/blog\/?page_id=13717"},"modified":"2017-04-25T03:06:05","modified_gmt":"2017-04-25T10:06:05","slug":"sv-karl-nike-steiger-ger","status":"publish","type":"page","link":"https:\/\/windpilot.com\/blog\/deutsch-yacht-delius-klasing\/sv-karl-nike-steiger-ger\/","title":{"rendered":"Nike Steiger"},"content":{"rendered":"<p><strong>DER SCHNEE VON \u00dcBERGESTERN<\/strong><br \/>\nGl\u00fcckwunsch den Damen und Herren von der YACHT<br \/>\nNun sind Sie also aufgewacht!<br \/>\nHaben Nike Steiger die T\u00fcr und Herzen aufgemacht<br \/>\nihr den roten Teppich zur deutschen Sprache ausgerollt<br \/>\nDamit man dieser attraktiven Skipper Biene<br \/>\nnun auch in unserem L\u00e4ndle Achtung zollt<br \/>\ndamit endlich auch der deutsche Segelmann versteht,<br \/>\nwie Nike Ausl\u00e4ndern den Kopf und Sinn verdreht.<\/p>\n<p><img loading=\"lazy\" decoding=\"async\" src=\"https:\/\/windpilot.com\/blog\/wp-content\/uploads\/2017\/04\/Steiger-Nike.jpg\" alt=\"\" width=\"960\" height=\"720\" class=\"aligncenter size-full wp-image-13719\" srcset=\"https:\/\/windpilot.com\/blog\/wp-content\/uploads\/2017\/04\/Steiger-Nike.jpg 960w, https:\/\/windpilot.com\/blog\/wp-content\/uploads\/2017\/04\/Steiger-Nike-300x225.jpg 300w, https:\/\/windpilot.com\/blog\/wp-content\/uploads\/2017\/04\/Steiger-Nike-768x576.jpg 768w\" sizes=\"auto, (max-width: 960px) 100vw, 960px\" \/><\/p>\n<p>Rund um Panama sammelt sie tausende von Klicks<br \/>\nverdient bei Tante Google schon mehr als nix<br \/>\nkann nun auch Einkommen durch deutsche Media generieren<br \/>\nwo man so dringend nach Marken sucht,<br \/>\num sich selbst zu propagieren,<br \/>\nden Lesern einen Augenschmaus zu servieren<br \/>\nden Werbepartnern Klicks zu generieren<br \/>\nkollateral Kostenstellen zu saturieren<br \/>\nderweil man sonst auf allen Vieren<br \/>\nden Controllern am Ende nicht entwischt,<br \/>\nweil Kosten Vorgaben dauernd auf dem Tisch.<br \/>\nEin Karussell, das Nike\u00b4s Konto nun begl\u00fcckt<br \/>\nsodann vielleicht Verleger und Controller entz\u00fcckt?<br \/>\nAllseits verz\u00fcckt vor Gl\u00fcck?<br \/>\nNa Hoffentlich!<\/p>\n<p><img loading=\"lazy\" decoding=\"async\" src=\"https:\/\/windpilot.com\/blog\/wp-content\/uploads\/2017\/04\/Dagobert-1024x768.jpg\" alt=\"\" width=\"640\" height=\"480\" class=\"aligncenter size-large wp-image-13725\" srcset=\"https:\/\/windpilot.com\/blog\/wp-content\/uploads\/2017\/04\/Dagobert-1024x768.jpg 1024w, https:\/\/windpilot.com\/blog\/wp-content\/uploads\/2017\/04\/Dagobert-300x225.jpg 300w, https:\/\/windpilot.com\/blog\/wp-content\/uploads\/2017\/04\/Dagobert-768x576.jpg 768w\" sizes=\"auto, (max-width: 640px) 100vw, 640px\" \/><\/p>\n<p>Fast k\u00f6nnte man dies als Scoop bejubeln<br \/>\nweil auf offener B\u00fchne zu erkennen ist,<br \/>\nwie Media bei Online nach Beifang und Befruchtung sucht.<br \/>\nW\u00e4ren da nicht die harten YT Fakten<br \/>\ndie entlarven, dass deutsche Segler erkennbar anders ticken,<br \/>\nund beweisen, dass das s\u00fcsse Leben unterm Palmen Dach<br \/>\nin unserem L\u00e4ndle wohl kaum den Hurrikan entfacht.<\/p>\n<p><img loading=\"lazy\" decoding=\"async\" src=\"https:\/\/windpilot.com\/blog\/wp-content\/uploads\/2017\/04\/Nike-Steiger.jpg\" alt=\"\" width=\"960\" height=\"621\" class=\"aligncenter size-full wp-image-13721\" srcset=\"https:\/\/windpilot.com\/blog\/wp-content\/uploads\/2017\/04\/Nike-Steiger.jpg 960w, https:\/\/windpilot.com\/blog\/wp-content\/uploads\/2017\/04\/Nike-Steiger-300x194.jpg 300w, https:\/\/windpilot.com\/blog\/wp-content\/uploads\/2017\/04\/Nike-Steiger-768x497.jpg 768w\" sizes=\"auto, (max-width: 960px) 100vw, 960px\" \/><\/p>\n<p>Ist es die deutsche Nischen Sprache?<br \/>\noder unsere gepflegte Neidkultur?<br \/>\nLiegt es an der Media Marke und deren bilateralen Handels Interessen?<br \/>\nIst es der Kreislauf von Hund und Katze?<br \/>\nweil hier zwei Welten miteinander tanzen?<br \/>\nweil Media mit Blogs meist den Hype qua click versucht?<br \/>\nOder liegt es daran, dass Nike bereits jeder kennt<br \/>\ntrotz ausl\u00e4ndischer Sprache, fast ganz ohne Slang?<\/p>\n<p><img loading=\"lazy\" decoding=\"async\" src=\"https:\/\/windpilot.com\/blog\/wp-content\/uploads\/2017\/04\/Pirat-quer.jpg\" alt=\"\" width=\"831\" height=\"587\" class=\"aligncenter size-full wp-image-13726\" srcset=\"https:\/\/windpilot.com\/blog\/wp-content\/uploads\/2017\/04\/Pirat-quer.jpg 831w, https:\/\/windpilot.com\/blog\/wp-content\/uploads\/2017\/04\/Pirat-quer-300x212.jpg 300w, https:\/\/windpilot.com\/blog\/wp-content\/uploads\/2017\/04\/Pirat-quer-768x542.jpg 768w\" sizes=\"auto, (max-width: 831px) 100vw, 831px\" \/><\/p>\n<p>Es stellt sich allerdings die Frage, warum man sich ziert<br \/>\nund den Vlog vom anderen Ende produziert?<br \/>\nOder warum wird deutschen Seglern der Schnee von \u00fcber Gestern vorgesetzt?<br \/>\nWelchen Sinn macht es, wenn Online nicht von heute ist?<br \/>\nWarum die Finte der Geschichte,<br \/>\nderweil Nike heute ganz woanders segelt?<\/p>\n<p>Sp\u00e4testens der <a href=\"http:\/\/whitespotpirates.com\/\" target=\"_blank\">KLICK INS JETZT<\/a> offenbart die Fakten,<br \/>\nzeigt, dass die Media Marke derzeit im Jahre 2013 unterwegs,<br \/>\nlegt offen, dass Nikes Geschichte vermutlich als Dauerfutter f\u00fcr Klick Fische angedacht,<br \/>\nfalls man keinen pl\u00f6tzlichen Salto Mortale macht.<br \/>\nOder gibt es ein Drehbuch, das wir noch nicht kennen?<br \/>\nDas sich keiner traut, es hier offen zu benennen?<\/p>\n<p>Der kluge Segler wird schnell erkennen,<br \/>\ndass man ihn per Klick ins Gestern schickt,<br \/>\nderweil Klick Vieh doch immer so gierig auf das Neue blickt<br \/>\nund genau deshalb klickt &#8230;<\/p>\n<p><strong>HONI SOIT QUI MAL Y PENSE<\/strong><br \/>\nSo stand es fr\u00fcher bei Cafe Keese \u2013 Reeperbahn &#8211; an der T\u00fcr,<br \/>\nF\u00fcr Deutsche: ein Schelm, wer B\u00f6ses dabei denkt!<\/p>\n<p>YACHT ONLINE  17.04.2017<br \/>\n<iframe loading=\"lazy\" width=\"560\" height=\"315\" src=\"https:\/\/www.youtube.com\/embed\/4iYsi-YhD7Y\" frameborder=\"0\" allowfullscreen><\/iframe><\/p>\n<p>WHITE SPOT PIRATES  06.09.2013<br \/>\n<iframe loading=\"lazy\" width=\"560\" height=\"315\" src=\"https:\/\/www.youtube.com\/embed\/ZHlG-F_B0X4\" frameborder=\"0\" allowfullscreen><\/iframe> <\/p>\n<p>YACHT ONLINE 17.04.2017<br \/>\n<iframe loading=\"lazy\" width=\"560\" height=\"315\" src=\"https:\/\/www.youtube.com\/embed\/wV-ZzAyR-uA\" frameborder=\"0\" allowfullscreen><\/iframe><\/p>\n<p>WHITE SPOT PIRATES  13.09.2013<br \/>\n<iframe loading=\"lazy\" width=\"560\" height=\"315\" src=\"https:\/\/www.youtube.com\/embed\/QC8vqt6yRrM\" frameborder=\"0\" allowfullscreen><\/iframe><\/p>\n<p><a href=\"https:\/\/windpilot.com\/blog\/columns\/segeln-verdienen\/sv-karl-nike-steiger-ger\/\">WEITERLESEN<\/a><\/p>\n","protected":false},"excerpt":{"rendered":"<p>DER SCHNEE VON \u00dcBERGESTERN Gl\u00fcckwunsch den Damen und Herren von der YACHT Nun sind Sie also aufgewacht! Haben Nike Steiger die T\u00fcr und Herzen aufgemacht ihr den roten Teppich zur deutschen Sprache ausgerollt Damit man dieser attraktiven Skipper Biene nun &hellip; <a href=\"https:\/\/windpilot.com\/blog\/deutsch-yacht-delius-klasing\/sv-karl-nike-steiger-ger\/\">Weiterlesen <span class=\"meta-nav\">&rarr;<\/span><\/a><\/p>\n","protected":false},"author":1,"featured_media":0,"parent":9971,"menu_order":10,"comment_status":"open","ping_status":"closed","template":"","meta":{"footnotes":""},"class_list":["post-13717","page","type-page","status-publish","hentry"],"_links":{"self":[{"href":"https:\/\/windpilot.com\/blog\/wp-json\/wp\/v2\/pages\/13717","targetHints":{"allow":["GET"]}}],"collection":[{"href":"https:\/\/windpilot.com\/blog\/wp-json\/wp\/v2\/pages"}],"about":[{"href":"https:\/\/windpilot.com\/blog\/wp-json\/wp\/v2\/types\/page"}],"author":[{"embeddable":true,"href":"https:\/\/windpilot.com\/blog\/wp-json\/wp\/v2\/users\/1"}],"replies":[{"embeddable":true,"href":"https:\/\/windpilot.com\/blog\/wp-json\/wp\/v2\/comments?post=13717"}],"version-history":[{"count":13,"href":"https:\/\/windpilot.com\/blog\/wp-json\/wp\/v2\/pages\/13717\/revisions"}],"predecessor-version":[{"id":13737,"href":"https:\/\/windpilot.com\/blog\/wp-json\/wp\/v2\/pages\/13717\/revisions\/13737"}],"up":[{"embeddable":true,"href":"https:\/\/windpilot.com\/blog\/wp-json\/wp\/v2\/pages\/9971"}],"wp:attachment":[{"href":"https:\/\/windpilot.com\/blog\/wp-json\/wp\/v2\/media?parent=13717"}],"curies":[{"name":"wp","href":"https:\/\/api.w.org\/{rel}","templated":true}]}}