{"id":14043,"date":"2017-06-23T00:54:12","date_gmt":"2017-06-23T07:54:12","guid":{"rendered":"https:\/\/windpilot.com\/blog\/?page_id=14043"},"modified":"2017-12-31T04:14:41","modified_gmt":"2017-12-31T11:14:41","slug":"scham-schmach","status":"publish","type":"page","link":"https:\/\/windpilot.com\/blog\/trans-ocean-news\/scham-schmach\/","title":{"rendered":"2017 Scham Schmach"},"content":{"rendered":"<p><strong>WAS VON EINEM VEREIN NOCH \u00dcBRIG BLEIBT<\/strong><\/p>\n<p>Die Meinung eines langj\u00e4hrigen Mitglieds wurde mir vom Winde zugetragen, eine Meinung, die im TO-Forum unverbl\u00fcmt die Dinge beim Namen nennt:<\/p>\n<p><img loading=\"lazy\" decoding=\"async\" src=\"https:\/\/windpilot.com\/blog\/wp-content\/uploads\/2017\/06\/P1010730-1024x768.jpg\" alt=\"\" width=\"640\" height=\"480\" class=\"aligncenter size-large wp-image-14046\" srcset=\"https:\/\/windpilot.com\/blog\/wp-content\/uploads\/2017\/06\/P1010730-1024x768.jpg 1024w, https:\/\/windpilot.com\/blog\/wp-content\/uploads\/2017\/06\/P1010730-300x225.jpg 300w, https:\/\/windpilot.com\/blog\/wp-content\/uploads\/2017\/06\/P1010730-768x576.jpg 768w\" sizes=\"auto, (max-width: 640px) 100vw, 640px\" \/><\/p>\n<blockquote><p>Du sagst es gibt gr\u00fcnde in diesem Verein zu bleiben&#8230;mir fallen zur zeit keine ein&#8230;im Gegenzug kann ich dir aber einige nennen die f\u00fcr einen Austritt sprechen&#8230;Ich bin nun doch schon einige Jahre drausen unterwegs und stelle immer das gleiche fest, Segler treffen sich \u00fcberall auf der Welt, 99% der Segler drausen helfen einander und sind wie eine gro\u00dfe Familie weil wir alles die gleichen Interessen haben&#8230;das Meer&#8230;Segeln und die Freiheit&#8230;Kommt ein gespr\u00e4ch auf den TO musste ich bisher feststellen das es meist nur Negativ war und ich habe mehr Segler getroffen die Ex Mitglieder sind als Aktive&#8230;<\/p>\n<p>Die St\u00fctzpunkte und ihre Leiter sind zu 100% Idialisten und helfen allen Segler gern mit Rat und Tat egal ob mann im TO ist oder nicht, auch wenn ich schon von Ex St\u00fctzpunktleitern geh\u00f6rt habe das aus Deutschland die &#8222;Order&#8220; kann nur noch Mitgliedern mit Standerschein zu helfen&#8230;ob das der Tatsache entspricht kann ich nicht sagen, hab es aber an mehrern unterschiedlichen stellen geh\u00f6rt und entfinde es einfach als Frechheit. ..anstatt das der Verein bem\u00fcht ist das Netz der SP auszubauen und sie zu unterst\u00fczen werden die SPL ver\u00e4rgert, siehe Berlin, oder willk\u00fcrlich geschlossen, &#8230;.. und das nur weil mann anderer Meihnung als der Vorstand ist&#8230;nat\u00fcrlich kommen auch neue jedes jahr dazu&#8230;die frage ist nur wie lange sie bleiben&#8230;den die Zahl der Sp ist so wie die der Mitglieder: R\u00fcckl\u00e4ufig<\/p>\n<p>Da werden 18.000 Euro dem Vereinsverm\u00f6gen zugef\u00fchrt obwohl es begr\u00fcndete Zweifel gibt das das Geld nicht dem Verein sondern einzelnen Mitgliedern zusteht, anstatt das sauber aufzukl\u00e4ren\u00a0und die Mitglieder dar\u00fcber zu informieren werden Antr\u00e4ge dazu einfach abgelehnt und nachfragen nicht beantwortet&#8230;nun soll ja das Urteil mit Begr\u00fcndung ver\u00f6ffentlicht werden&#8230;nur haben sie nicht gesagt wann&#8230;ist ja auch eine Menge Arbeit sowas Einzuspannen&#8230; das braucht schon Monate&#8230;<\/p>\n<p>Da spricht der Vorstand ganz \u00f6ffentlich vom &#8222;gewollten abschmelzen des Vereinsverm\u00f6gens&#8220; und will sofort eine neue Beitragserh\u00f6hung durchsetzen !!!!!!! Das sollte eigentlich die Mitgieder nachdenklich stimmen&#8230;<br \/>\nEs sollen die Emailadressen abgeschaltet werden, aber nat\u00fcrlich nur f\u00fcr die normalen Mitglieder, ohne das es eine ausreichende Begr\u00fcndung daf\u00fcr gibt&#8230;zuerst heist es es w\u00e4re zu Teuer, zu Arbeitsintensiv und nicht Rechtskonform, als das auf wiederstand st\u00f6\u00dft und mann genaueres wissen will, wie kosten daf\u00fcr usw, l\u00f6sen sich die &#8222;Begr\u00fcndungen&#8220; in luft auf aber es wird weiter daran festgehalten und mann versucht f\u00fcr Einzelf\u00e4lle eine &#8222;l\u00f6sung&#8220; zu finden&#8230;auf eine ehrliche begr\u00fcndung warum mann sie Abschalten will wartet mann immer noch&#8230; <\/p>\n<p>Das sind nur einige der gr\u00fcnde die mir aufstossen, ich k\u00f6nnte die Liste noch endlos weiterf\u00fchren genauso wie du &#8230;ich weis nicht wie es bei dir ist&#8230;aber ich merke es wenn ich verarscht werde&#8230;&#8230;. <\/p>\n<p>Schau dir das Forum an&#8230; es sind nur noch eine Handvoll Leute darin unterwegs und das meist im Flohmarkt, schreibt mann kritische Beitr\u00e4ge oder Anfragen werden die nicht Diskutiert oder von kompetenter Seite ehrlich erkl\u00e4rt sondern mann wird als Meuterer oder Querulant bezeichnet weil mann nicht mit der F\u00fchrungsriege auf einer linie l\u00e4uft und mann \u00fcber sachen Aufgekl\u00e4rt werden will die scheinbar nur Chefsache sind und das normale Fussvolk nichts angehen. Aber es ist\u00a0nicht nur der Vorstand sondern auch der gro\u00dfteil der Mitglieder die mir auf den Geist gehen, da werden Posts \u00fcber 1000 mal angeklickt, aber keines der Mitglieder, bis auf die \u00fcblichen 5 bis 10 Meuterer und die beiden die die Meihnung des Vorstandes vertreten, hat keiner eine eigene Meinung dazu oder haben einfach Angst das sie irgendwo anecken k\u00f6nnten, das ist einfach traurig und so muss ich sagen das diese Mitglieder diesen Vorstand verdient haben&#8230; wohin sie dieser Vorstand mit seinem jetzigen verhalten bringt ist uns beiden sicherlich klar&#8230; aber da muss ich nicht dabei sein, es ist nicht der erste Verein den ich sehe\u00a0 der durch den Vorstand an die Wand gefahren wird&#8230; <\/p>\n<p>ja das wars dann wohl&#8230;nach dieser MV bleibt nicht mehr&#8230;dieser Verein hat sich einen Alleinherrscher ausgesucht der sich keinen erkl\u00e4ren muss&#8230; alles was interessant w\u00e4re zu erfahren w\u00fcrde wie \u00fcblich abgelehnt&#8230;er hat seine paar treuen untergebenen gut im griff&#8230;was mich noch interessieren w\u00fcrde ist der punkt 20 der Antr\u00e4ge &#8230; \u00fcber 70 Ja-Stimmen 5 Nein-Stimmen und der Antrag ist abgelehnt, komisch&#8230; wahrscheinlich war der Boss dagegen&#8230;oder hat sich da ein Druckfehler eingeschlichen?<\/p>\n<p>Auf alle f\u00e4lle steht nun f\u00fcr mich fest das ich diesen Alleinherscher nicht mehr unterst\u00fctze und Trete aus diesem Verein nach, ich glaube 10 jahren, aus&#8230;das Geld ist besser bei jeder anderen Organisation angelegt&#8230;<br \/>\nFairWinds <\/p><\/blockquote>\n","protected":false},"excerpt":{"rendered":"<p>WAS VON EINEM VEREIN NOCH \u00dcBRIG BLEIBT Die Meinung eines langj\u00e4hrigen Mitglieds wurde mir vom Winde zugetragen, eine Meinung, die im TO-Forum unverbl\u00fcmt die Dinge beim Namen nennt: Du sagst es gibt gr\u00fcnde in diesem Verein zu bleiben&#8230;mir fallen zur &hellip; <a href=\"https:\/\/windpilot.com\/blog\/trans-ocean-news\/scham-schmach\/\">Weiterlesen <span class=\"meta-nav\">&rarr;<\/span><\/a><\/p>\n","protected":false},"author":1,"featured_media":0,"parent":5076,"menu_order":8,"comment_status":"open","ping_status":"closed","template":"","meta":{"footnotes":""},"class_list":["post-14043","page","type-page","status-publish","hentry"],"_links":{"self":[{"href":"https:\/\/windpilot.com\/blog\/wp-json\/wp\/v2\/pages\/14043","targetHints":{"allow":["GET"]}}],"collection":[{"href":"https:\/\/windpilot.com\/blog\/wp-json\/wp\/v2\/pages"}],"about":[{"href":"https:\/\/windpilot.com\/blog\/wp-json\/wp\/v2\/types\/page"}],"author":[{"embeddable":true,"href":"https:\/\/windpilot.com\/blog\/wp-json\/wp\/v2\/users\/1"}],"replies":[{"embeddable":true,"href":"https:\/\/windpilot.com\/blog\/wp-json\/wp\/v2\/comments?post=14043"}],"version-history":[{"count":5,"href":"https:\/\/windpilot.com\/blog\/wp-json\/wp\/v2\/pages\/14043\/revisions"}],"predecessor-version":[{"id":16730,"href":"https:\/\/windpilot.com\/blog\/wp-json\/wp\/v2\/pages\/14043\/revisions\/16730"}],"up":[{"embeddable":true,"href":"https:\/\/windpilot.com\/blog\/wp-json\/wp\/v2\/pages\/5076"}],"wp:attachment":[{"href":"https:\/\/windpilot.com\/blog\/wp-json\/wp\/v2\/media?parent=14043"}],"curies":[{"name":"wp","href":"https:\/\/api.w.org\/{rel}","templated":true}]}}