{"id":14338,"date":"2017-07-22T03:20:09","date_gmt":"2017-07-22T10:20:09","guid":{"rendered":"https:\/\/windpilot.com\/blog\/?page_id=14338"},"modified":"2024-04-12T02:41:41","modified_gmt":"2024-04-12T09:41:41","slug":"ruder","status":"publish","type":"page","link":"https:\/\/windpilot.com\/blog\/schiffe\/suendenfall-ruder\/ruder\/","title":{"rendered":"Pflicht + K\u00fcr"},"content":{"rendered":"<p><strong>SCHEIN UND WIRKLICHKEIT<\/strong><br \/>\nEin Rundgang durch europ\u00e4ische Messen und Marinas zeigt den Erfolg von Marketing und Promotion, zeigt Trends und Neuigkeiten, die stets als Verbesserungen apostrophiert, beworben und in der Folge dann gekauft werden. Die meisten Produzenten suchen dabei den Spagat von Performance bei zeitgleich hohem Nutzwert und Wohnlichkeit, was f\u00fcr den gemeinen Segler akzeptabel sein mag, weil er sein Schiff  \u00fcberwiegend in erreichbarer N\u00e4he von schwimmender oder fliegender Hilfe verwendet. Die Nutzung und Empfehlung dieser Schiffe f\u00fcr die hohe See hingegen, sollte nach m.E. anderen Anforderungen zu folgen haben, die bei uns, wie ich es empfinde, bei Marketing und Promotion zu selten im Vordergrund stehen: Die Solidit\u00e4t und Bauweise der Anh\u00e4nge!<\/p>\n<p><img loading=\"lazy\" decoding=\"async\" src=\"https:\/\/windpilot.com\/blog\/wp-content\/uploads\/2017\/07\/bootsbau_01_kl-1024x727.jpg\" alt=\"\" width=\"640\" height=\"454\" class=\"aligncenter size-large wp-image-14116\" srcset=\"https:\/\/windpilot.com\/blog\/wp-content\/uploads\/2017\/07\/bootsbau_01_kl-1024x727.jpg 1024w, https:\/\/windpilot.com\/blog\/wp-content\/uploads\/2017\/07\/bootsbau_01_kl-300x213.jpg 300w, https:\/\/windpilot.com\/blog\/wp-content\/uploads\/2017\/07\/bootsbau_01_kl-768x545.jpg 768w, https:\/\/windpilot.com\/blog\/wp-content\/uploads\/2017\/07\/bootsbau_01_kl.jpg 1160w\" sizes=\"auto, (max-width: 640px) 100vw, 640px\" \/><\/p>\n<p><strong>DAS WASSER HAT EBEN DOCH BALKEN<\/strong><br \/>\nEin Blick in die Akten der Versicherungen \u00fcber Schadenh\u00e4ufigkeit und Gr\u00fcnde zeigt unwiderruflich, dass Ruderkonstruktion und Ausf\u00fchrung zur Achillesferse moderner Schiffe geworden ist. Dies gilt insbesondere, weil eine Vielzahl europ\u00e4ischer  Yacht Hersteller, vermutlich aus Kostengr\u00fcnden, industriell vorgefertigte Ruder verwenden, die von einem externen Zulieferer, <a href=\"http:\/\/www.jefa.com\/rudder.htm\" target=\"_blank\" rel=\"noopener noreferrer\">wie z.B. Jefa<\/a>  qualitativ hochwertig hergestellt werden. Es liegt in der Natur der Konstruktion, dass derartige Ruder nur zweifach gelagert werden, wobei \u2013 je nach Schiffstype \u2013 die Entfernung zwischen den Lagern vergleichsweise nur gering sein kann. Auf einen Skeg wird vielfach verzichtet, was die Wirksamkeit des Ruder verbessert und zeitgleich die Kosten verringert.<\/p>\n<p><img loading=\"lazy\" decoding=\"async\" src=\"https:\/\/windpilot.com\/blog\/wp-content\/uploads\/2017\/07\/BigProp-Kopie.jpg\" alt=\"\" width=\"1023\" height=\"682\" class=\"aligncenter size-full wp-image-14117\" srcset=\"https:\/\/windpilot.com\/blog\/wp-content\/uploads\/2017\/07\/BigProp-Kopie.jpg 1023w, https:\/\/windpilot.com\/blog\/wp-content\/uploads\/2017\/07\/BigProp-Kopie-300x200.jpg 300w, https:\/\/windpilot.com\/blog\/wp-content\/uploads\/2017\/07\/BigProp-Kopie-768x512.jpg 768w\" sizes=\"auto, (max-width: 1023px) 100vw, 1023px\" \/><\/p>\n<p>Schiffe mit derartigen Rudersystemen ben\u00f6tigen auf hoher See einen Schutzengel, der ihnen Treibgut jeder Art, zuverl\u00e4ssig mit einem Schneepflug zur Seite r\u00e4umt. Das Bewusstsein der Segler, die eine grosse Reise planen, wird nach m.E. zu wenig gesch\u00e4rft, denn der Lernprozess h\u00e4tte bereits vor der Wahl eines Schiffes zu beginnen. Womit wir uns dem Auge des Hurrikans n\u00e4hern. Bei der Betreuung von Seglern bin ich immer froh, wenn ich fr\u00fch genug um einen Rat gefragt werde. Wurde das \u2013 nach meinem Empfinden \u201efalsche\u201c Schiff bereits erworben, bleiben mir nur artige Gl\u00fcckw\u00fcnsche zur Neuerwerbung. Nicht wahr, denn dann muss der Schutzengel \u201eran\u201c!<\/p>\n<p><img loading=\"lazy\" decoding=\"async\" src=\"https:\/\/windpilot.com\/blog\/wp-content\/uploads\/2017\/07\/US-Flag-1024x679.jpg\" alt=\"\" width=\"640\" height=\"424\" class=\"aligncenter size-large wp-image-14118\" srcset=\"https:\/\/windpilot.com\/blog\/wp-content\/uploads\/2017\/07\/US-Flag-1024x679.jpg 1024w, https:\/\/windpilot.com\/blog\/wp-content\/uploads\/2017\/07\/US-Flag-300x199.jpg 300w, https:\/\/windpilot.com\/blog\/wp-content\/uploads\/2017\/07\/US-Flag-768x509.jpg 768w\" sizes=\"auto, (max-width: 640px) 100vw, 640px\" \/><\/p>\n<p><strong>BERATUNG UND DIE FOLGEN &#8211; USA VERSUS EU<\/strong><br \/>\nIm US Markt liegt die Beratung und Empfehlung in den H\u00e4nden unz\u00e4hliger Blauwassersegler, die als Buchautoren eigene Erfahrungen mit vielfach soliden Langkielern, niederschreiben und \u00fcber eigene Kleinverlage publizieren. Die US typische Blauwasseryacht folgt klar den traditionellen Linien mit am Kiel 0der solidem Skeg angeh\u00e4ngten Hauptrudern, wohingegen moderne Performance Yachten dort weniger h\u00e4ufig von der Cruising Community eingesetzt werden. <\/p>\n<p><img loading=\"lazy\" decoding=\"async\" src=\"https:\/\/windpilot.com\/blog\/wp-content\/uploads\/2017\/07\/Boreal44-Simon_Delvoye-18122013-IMG_6674-Kopie-2-1024x576.jpg\" alt=\"\" width=\"640\" height=\"360\" class=\"aligncenter size-large wp-image-14120\" srcset=\"https:\/\/windpilot.com\/blog\/wp-content\/uploads\/2017\/07\/Boreal44-Simon_Delvoye-18122013-IMG_6674-Kopie-2-1024x576.jpg 1024w, https:\/\/windpilot.com\/blog\/wp-content\/uploads\/2017\/07\/Boreal44-Simon_Delvoye-18122013-IMG_6674-Kopie-2-300x169.jpg 300w, https:\/\/windpilot.com\/blog\/wp-content\/uploads\/2017\/07\/Boreal44-Simon_Delvoye-18122013-IMG_6674-Kopie-2-768x432.jpg 768w, https:\/\/windpilot.com\/blog\/wp-content\/uploads\/2017\/07\/Boreal44-Simon_Delvoye-18122013-IMG_6674-Kopie-2.jpg 1700w\" sizes=\"auto, (max-width: 640px) 100vw, 640px\" \/><\/p>\n<p>Die Situation im EU Markt ist erheblich different. Hier werden sog. Testberichte niedergeschrieben, die vielfach als Advertorial Gegenleistung f\u00fcr Inserate erkennbar sind, deren Untersuchungstiefe nicht unbedingt den Vorstellungen von einem wirklichen Test entspricht, zudem sie vielfach so wichtige Bemerkungen \u00fcber Konstruktion und Praktikabilit\u00e4t auf See vermissen lassen. Diese Berichte werden fortan von Werft und Verlag gegenseitig referenziert und jahrelang per download sogar verkauft. Die Wahl des Schiffes wird damit zu einem gewichtigen Teil dem Marketing Hebel durch Print Medien \u00fcberlassen. <\/p>\n<p><img loading=\"lazy\" decoding=\"async\" src=\"https:\/\/windpilot.com\/blog\/wp-content\/uploads\/2017\/07\/Hinckley40-totale-Kopie-1024x679.jpeg\" alt=\"\" width=\"640\" height=\"424\" class=\"aligncenter size-large wp-image-14121\" srcset=\"https:\/\/windpilot.com\/blog\/wp-content\/uploads\/2017\/07\/Hinckley40-totale-Kopie-1024x679.jpeg 1024w, https:\/\/windpilot.com\/blog\/wp-content\/uploads\/2017\/07\/Hinckley40-totale-Kopie-300x199.jpeg 300w, https:\/\/windpilot.com\/blog\/wp-content\/uploads\/2017\/07\/Hinckley40-totale-Kopie-768x509.jpeg 768w, https:\/\/windpilot.com\/blog\/wp-content\/uploads\/2017\/07\/Hinckley40-totale-Kopie.jpeg 1183w\" sizes=\"auto, (max-width: 640px) 100vw, 640px\" \/><\/p>\n<p>Der Vergleich der im Blauwasserbetrieb \u00fcberwiegend eingesetzten Schiffstypen in USA und EU, zeigen sich die enormen Unterschiede verwendeter und popul\u00e4rer Schiffstypen. Ein R\u00fcckschluss auf die Gr\u00fcnde und Ursachen der Einflussfaktoren, ist allzu verlockend: Marketing kontra WOM (Word-Of-Mouth). Es erscheint logisch, dass die Erfahrungen von Seglern bevorzugt angenommen, weil Werbung durch Anzeigen und Testberichte meist kritischer bewertet und gewogen werden. <\/p>\n<p>Meine eigene Lebenserfahrung mag best\u00e4tigen, dass Marketing auch ganz ohne mediale Erw\u00e4hnung funktioniert, wenn WOM den Vertrieb sicherstellen kann.<\/p>\n<p><img loading=\"lazy\" decoding=\"async\" src=\"https:\/\/windpilot.com\/blog\/wp-content\/uploads\/2017\/07\/DSC01652-1024x768.jpg\" alt=\"\" width=\"640\" height=\"480\" class=\"aligncenter size-large wp-image-14122\" srcset=\"https:\/\/windpilot.com\/blog\/wp-content\/uploads\/2017\/07\/DSC01652-1024x768.jpg 1024w, https:\/\/windpilot.com\/blog\/wp-content\/uploads\/2017\/07\/DSC01652-300x225.jpg 300w, https:\/\/windpilot.com\/blog\/wp-content\/uploads\/2017\/07\/DSC01652-768x576.jpg 768w\" sizes=\"auto, (max-width: 640px) 100vw, 640px\" \/><\/p>\n<p>Als Zweite Pfeiler der Kaufberatung, werden Buchinhalte und Blauwasser Seminare wichtig. Es erscheint logisch, dass hier wie dort in K\u00f6pfen von Seglern Weichen zu stellen sind. In meinen Ausf\u00fchrungen zur Monetarisierung der Seminare habe dies untersucht: <\/p>\n<blockquote class=\"wp-embedded-content\" data-secret=\"M4AIrM8ByP\"><p><a href=\"https:\/\/windpilot.com\/blog\/columns\/seminare\/die-monetarisierung-der-blauwasser-seminare\/\">Monetarisierung<\/a><\/p><\/blockquote>\n<p><iframe loading=\"lazy\" class=\"wp-embedded-content\" sandbox=\"allow-scripts\" security=\"restricted\" style=\"position: absolute; clip: rect(1px, 1px, 1px, 1px);\" title=\"&#8222;Monetarisierung&#8220; &#8212; Windpilot Blog\" src=\"https:\/\/windpilot.com\/blog\/columns\/seminare\/die-monetarisierung-der-blauwasser-seminare\/embed\/#?secret=sXc7hX4NSs#?secret=M4AIrM8ByP\" data-secret=\"M4AIrM8ByP\" width=\"600\" height=\"338\" frameborder=\"0\" marginwidth=\"0\" marginheight=\"0\" scrolling=\"no\"><\/iframe><\/p>\n<p>Wenn zum einen die Unterschiede und Wichtigkeiten von Metall- oder Aluminium Schiffen heute bei der Beratung adressiert werden, erscheint mir wichtig, dass den Anh\u00e4ngen der Schiffe unter dem Gesichtspunkt der Eignung f\u00fcr die zu befahrenden Gew\u00e4sser eine bessere Beachtung erf\u00e4hrt. Dies gilt insbesondere f\u00fcr GFK Schiffe, die teils in grossen Serien hergestellt werden. Security Tests und anderen Ausr\u00fcstungs Vorschriften seitens Flottillen Veranstaltern machen zwar Sinn, die Folgen von Rudersch\u00e4den ggf. zu mindern, weil man zumindest daf\u00fcr Sorge tr\u00e4gt, dass Notpinnen vorhanden und funktionst\u00fcchtig sind, aber die Schiffe werden konstruktiv belassen, wie sie sind, mit allen Risiken und Nebenwirkungen.<\/p>\n<p>Es ist der Sinn dieser Zeilen, auf die wirklich wichtigen Konstruktionsdetails hinzuweisen, die f\u00fcr Schiffe im Blauwasserbetrieb \u00fcberlebenswichtig werden k\u00f6nnten.<\/p>\n<p><img loading=\"lazy\" decoding=\"async\" src=\"https:\/\/windpilot.com\/blog\/wp-content\/uploads\/2017\/07\/img004-1024x709.jpg\" alt=\"\" width=\"640\" height=\"443\" class=\"aligncenter size-large wp-image-14123\" srcset=\"https:\/\/windpilot.com\/blog\/wp-content\/uploads\/2017\/07\/img004.jpg 1024w, https:\/\/windpilot.com\/blog\/wp-content\/uploads\/2017\/07\/img004-300x208.jpg 300w, https:\/\/windpilot.com\/blog\/wp-content\/uploads\/2017\/07\/img004-768x532.jpg 768w\" sizes=\"auto, (max-width: 640px) 100vw, 640px\" \/><\/p>\n<p><strong>DER TREND ZUR VERNUNFT IST VORHANDEN<\/strong><br \/>\nSeit Jahren beobachte ich in meinem Marktsegment die zunehmende Attraktivit\u00e4t bew\u00e4hrter Schiffsmuster. Schiffe mit langem Kiel werden wieder enorm popul\u00e4r, weil sich offenbar die Vernunft in vielen Segler K\u00f6pfen durchzusetzen scheint. <\/p>\n<p><img loading=\"lazy\" decoding=\"async\" src=\"https:\/\/windpilot.com\/blog\/wp-content\/uploads\/2017\/07\/magdelenefjords-1024x566.jpg\" alt=\"\" width=\"640\" height=\"354\" class=\"aligncenter size-large wp-image-14124\" srcset=\"https:\/\/windpilot.com\/blog\/wp-content\/uploads\/2017\/07\/magdelenefjords-1024x566.jpg 1024w, https:\/\/windpilot.com\/blog\/wp-content\/uploads\/2017\/07\/magdelenefjords-300x166.jpg 300w, https:\/\/windpilot.com\/blog\/wp-content\/uploads\/2017\/07\/magdelenefjords-768x424.jpg 768w, https:\/\/windpilot.com\/blog\/wp-content\/uploads\/2017\/07\/magdelenefjords.jpg 1050w\" sizes=\"auto, (max-width: 640px) 100vw, 640px\" \/><img loading=\"lazy\" decoding=\"async\" src=\"https:\/\/windpilot.com\/blog\/wp-content\/uploads\/2017\/07\/IMG_1012-klein-1024x683.jpg\" alt=\"\" width=\"640\" height=\"427\" class=\"aligncenter size-large wp-image-14126\" srcset=\"https:\/\/windpilot.com\/blog\/wp-content\/uploads\/2017\/07\/IMG_1012-klein-1024x683.jpg 1024w, https:\/\/windpilot.com\/blog\/wp-content\/uploads\/2017\/07\/IMG_1012-klein-300x200.jpg 300w, https:\/\/windpilot.com\/blog\/wp-content\/uploads\/2017\/07\/IMG_1012-klein-768x512.jpg 768w\" sizes=\"auto, (max-width: 640px) 100vw, 640px\" \/><img loading=\"lazy\" decoding=\"async\" src=\"https:\/\/windpilot.com\/blog\/wp-content\/uploads\/2017\/07\/Monsun31-mooring-beach-Kopie-1024x683.jpg\" alt=\"\" width=\"640\" height=\"427\" class=\"aligncenter size-large wp-image-14127\" srcset=\"https:\/\/windpilot.com\/blog\/wp-content\/uploads\/2017\/07\/Monsun31-mooring-beach-Kopie-1024x683.jpg 1024w, https:\/\/windpilot.com\/blog\/wp-content\/uploads\/2017\/07\/Monsun31-mooring-beach-Kopie-300x200.jpg 300w, https:\/\/windpilot.com\/blog\/wp-content\/uploads\/2017\/07\/Monsun31-mooring-beach-Kopie-768x512.jpg 768w\" sizes=\"auto, (max-width: 640px) 100vw, 640px\" \/><\/p>\n<p>In meiner Liste der besonders h\u00e4ufig mit Windpilot ausger\u00fcsteten Yachten verzeichne ich:<br \/>\n332 HR Yachten aller Gr\u00f6ssen<br \/>\n68 Monsun 31<br \/>\n72 Contessa 26 \/ 32 \/ 35<br \/>\n48 Vega 27<br \/>\n17 Tradewind 35<br \/>\n16 Rival 32 \/ 35<br \/>\n20 Rustler 36<br \/>\n17 Pacific Seacraft<br \/>\n16 OE 32<br \/>\n22 Alberg aller Gr\u00f6ssen<br \/>\n17 Allegro aller Gr\u00f6ssen<br \/>\n15 Breewijd 31<br \/>\n15 Bristol<br \/>\n32 Breehorn aller Gr\u00f6ssen<br \/>\n18 Endurance 35 \/ 37<br \/>\n63 Folkeboot \/ IF 26 \/ Marieholm 28<br \/>\n14 Island Packet 35 \/ 37 \/ 45<br \/>\n18 Laurin 28 \/ 32<br \/>\n34 Nicholson 31 \/ 32 \/ 35<br \/>\n13 Passport 40 \/ 42 \/ 45<br \/>\n85 Colin Archer jeder Gr\u00f6sse<br \/>\n22 Tayana 37 \/ 52<br \/>\n11 Westsail 32 \/ 42<\/p>\n<p>Dies ist nur ein schneller fl\u00fcchtiger Ausschnitt aus meiner Datenbank, die nahezu s\u00e4mtliche jemals weltweit in Serie gebaute Schiffs Typen umfasst, f\u00fcr die ich im Verlauf von 40 Jahren Systeme produziert und ausgeliefert habe.<\/p>\n<p><strong>GOLDEN GLOBE RACE<\/strong><br \/>\nF\u00fcr mich ist es nur logisch, dass die traditionellen Schiffstypen an Attraktivit\u00e4t gewinnen. So sind z. B. f\u00fcr das <a href=\"http:\/\/goldengloberace.com\" target=\"_blank\" rel=\"noopener noreferrer\">GGR ( Golden Globe Race ) im Jahre 2018<\/a> folgende Schiffe angemeldet:<br \/>\nRustler 36 (6)<br \/>\nBiscay 36 (4)<br \/>\nLello 34 (3)<br \/>\nBelliure Endurance 35 (3)<br \/>\nSuhaili ERIC design replica (2)<br \/>\nTa Shing Baba 35 (2)<br \/>\nTradewind 35 (2)<br \/>\nNicholson 32 Mk 10 (1)<br \/>\nOE 32 (1)<br \/>\nBenello Gaia 36 (1)<\/p>\n<p><a href=\"http:\/\/goldengloberace.com\/2018-ggr-365-days-plymouth-start\/\" target=\"_blank\" rel=\"noopener noreferrer\">News zum Golden Globe Race 2018<\/a><\/p>\n<p><strong>FUTTER F\u00dcR DIE AUGEN<\/strong><br \/>\nUm zu verdeutlichen, wie solide z.B. die Ruderaufh\u00e4ngung einer HR MONSUN 31 gebaut wurde, mag das <a href=\"http:\/\/beruta.creatica.org\/steering.html\" target=\"_blank\" rel=\"noopener noreferrer\">folgende Beispiel eines US Skippers<\/a> dienen, der an seiner Monsun die Ruderlagerung \u00fcberarbeitet hat. Ich kann mir vorstellen, dass manch ein Segler eines modernen Performance Cruisers mit Balance &#8211; Spatenruders angesichts dieser Bilder &#8230; sich mit Sorgenfalten auf der Stirn, weiter hinten am Kopf zu kratzen beginnt.<\/p>\n<p><img loading=\"lazy\" decoding=\"async\" src=\"https:\/\/windpilot.com\/blog\/wp-content\/uploads\/2017\/07\/rudder-bearing-fix.jpg\" alt=\"\" width=\"480\" height=\"270\" class=\"aligncenter size-full wp-image-14112\" srcset=\"https:\/\/windpilot.com\/blog\/wp-content\/uploads\/2017\/07\/rudder-bearing-fix.jpg 480w, https:\/\/windpilot.com\/blog\/wp-content\/uploads\/2017\/07\/rudder-bearing-fix-300x169.jpg 300w\" sizes=\"auto, (max-width: 480px) 100vw, 480px\" \/><img loading=\"lazy\" decoding=\"async\" src=\"https:\/\/windpilot.com\/blog\/wp-content\/uploads\/2017\/07\/rudder.jpg\" alt=\"\" width=\"359\" height=\"480\" class=\"aligncenter size-full wp-image-14113\" srcset=\"https:\/\/windpilot.com\/blog\/wp-content\/uploads\/2017\/07\/rudder.jpg 359w, https:\/\/windpilot.com\/blog\/wp-content\/uploads\/2017\/07\/rudder-224x300.jpg 224w\" sizes=\"auto, (max-width: 359px) 100vw, 359px\" \/><img loading=\"lazy\" decoding=\"async\" src=\"https:\/\/windpilot.com\/blog\/wp-content\/uploads\/2017\/07\/shoe-hinge.jpg\" alt=\"\" width=\"480\" height=\"359\" class=\"aligncenter size-full wp-image-14114\" srcset=\"https:\/\/windpilot.com\/blog\/wp-content\/uploads\/2017\/07\/shoe-hinge.jpg 480w, https:\/\/windpilot.com\/blog\/wp-content\/uploads\/2017\/07\/shoe-hinge-300x224.jpg 300w\" sizes=\"auto, (max-width: 480px) 100vw, 480px\" \/><\/p>\n<p>Mein Wort zum Sonntag<br \/>\nPeter Foerthmann<\/p>\n","protected":false},"excerpt":{"rendered":"<p>SCHEIN UND WIRKLICHKEIT Ein Rundgang durch europ\u00e4ische Messen und Marinas zeigt den Erfolg von Marketing und Promotion, zeigt Trends und Neuigkeiten, die stets als Verbesserungen apostrophiert, beworben und in der Folge dann gekauft werden. Die meisten Produzenten suchen dabei den &hellip; <a href=\"https:\/\/windpilot.com\/blog\/schiffe\/suendenfall-ruder\/ruder\/\">Weiterlesen <span class=\"meta-nav\">&rarr;<\/span><\/a><\/p>\n","protected":false},"author":1,"featured_media":0,"parent":23290,"menu_order":-3,"comment_status":"open","ping_status":"closed","template":"","meta":{"footnotes":""},"class_list":["post-14338","page","type-page","status-publish","hentry"],"_links":{"self":[{"href":"https:\/\/windpilot.com\/blog\/wp-json\/wp\/v2\/pages\/14338","targetHints":{"allow":["GET"]}}],"collection":[{"href":"https:\/\/windpilot.com\/blog\/wp-json\/wp\/v2\/pages"}],"about":[{"href":"https:\/\/windpilot.com\/blog\/wp-json\/wp\/v2\/types\/page"}],"author":[{"embeddable":true,"href":"https:\/\/windpilot.com\/blog\/wp-json\/wp\/v2\/users\/1"}],"replies":[{"embeddable":true,"href":"https:\/\/windpilot.com\/blog\/wp-json\/wp\/v2\/comments?post=14338"}],"version-history":[{"count":4,"href":"https:\/\/windpilot.com\/blog\/wp-json\/wp\/v2\/pages\/14338\/revisions"}],"predecessor-version":[{"id":23299,"href":"https:\/\/windpilot.com\/blog\/wp-json\/wp\/v2\/pages\/14338\/revisions\/23299"}],"up":[{"embeddable":true,"href":"https:\/\/windpilot.com\/blog\/wp-json\/wp\/v2\/pages\/23290"}],"wp:attachment":[{"href":"https:\/\/windpilot.com\/blog\/wp-json\/wp\/v2\/media?parent=14338"}],"curies":[{"name":"wp","href":"https:\/\/api.w.org\/{rel}","templated":true}]}}