{"id":15278,"date":"2017-08-16T01:29:03","date_gmt":"2017-08-16T08:29:03","guid":{"rendered":"https:\/\/windpilot.com\/blog\/?page_id=15278"},"modified":"2017-08-16T08:46:54","modified_gmt":"2017-08-16T15:46:54","slug":"sailingmisslonestar","status":"publish","type":"page","link":"https:\/\/windpilot.com\/blog\/columns\/segeln-verdienen\/sailingmisslonestar\/","title":{"rendered":"SailingMissLoneStar"},"content":{"rendered":"<p><strong>SAILING \u2013 SEX \u2013 VIDEO<\/strong><\/p>\n<p><iframe loading=\"lazy\" src=\"https:\/\/player.vimeo.com\/video\/192552197\" width=\"640\" height=\"360\" frameborder=\"0\" webkitallowfullscreen mozallowfullscreen allowfullscreen><\/iframe><\/p>\n<p>Nike Steiger sei Dank, wissen wir, wie man Sex und Sailing vor exotischer Kulisse zu Einkommen verdichtet, ein Gesch\u00e4ftsmodell, dass nur im Englischen funktioniert und keinesfalls von Nike erfunden worden ist.<\/p>\n<p>Der Hebel von Sex + Sailing erm\u00f6glicht ungew\u00f6hnliche Gesch\u00e4ftsmodelle, wie ein Traum aus heiterem Himmel<a href=\"http:\/\/sailing-lavagabonde.com\" target=\"_blank\"> der f\u00fcr das Australischen P\u00e4rchen Elayna und Riley<\/a> in Erf\u00fcllung gegangen ist, weil Ihnen von der Werft<a href=\"http:\/\/www.catamaran-outremer.com\/\" target=\"_blank\">Outremer<\/a> ein Katamaran  zur Verf\u00fcgung gestellt wurde, um mit diesem wirksamen Hebel wirkungsvolle Footage f\u00fcr das Katamaran Segeln zu erzeugen. <\/p>\n<p><strong>ONE DOLLAR BOAT &#8211; SAILING &#8211; SEX AND VIMEO<\/strong><br \/>\nist die Alternative am unteren Ende, die in den USA erkennbar bestens funktioniert. Aubrey ist eine adrette junge Mutter mit zwei Kindern, die samt Hund und Papagei in 2012 das Abenteuer  <a href=\"https:\/\/sailing-channels.com\/channel\/UCvC6orAapK1PAj9k84mVohA\" target=\"_blank\">SailingMissLoneStar<\/a>f\u00fcr <strong>EINEN DOLLAR<\/strong> aus der Taufe gehoben hat:<\/p>\n<blockquote><p>I bought a boat for a dollar and have started a full and complete refit on this 1976 CAL 2-29 Sail boat. So roll up your sleeves and get ready to get down and dirty as I try to figure out how to do all the work on this boat by myself.<\/p><\/blockquote>\n<p>Der Trick: hier geht es nicht um <a href=\"https:\/\/www.facebook.com\/SailingMissLoneStar\/\" target=\"_blank\">Sammelwut von FB followern<\/a>, hier werden YT Videos als <strong>FEEDER<\/strong> eingesetzt, um vermutlich insbesondere m\u00e4nnlichen Fans \u00fcber <strong>VIMEO<\/strong> anschliessend l\u00e4ngere Interviews online zu verkaufen.<\/p>\n<p><iframe loading=\"lazy\" width=\"560\" height=\"315\" src=\"https:\/\/www.youtube.com\/embed\/Z2rQSOj2S58?list=PLpreol34efaIdzKCX6U1zfrKHd9OCDdeF\" frameborder=\"0\" allowfullscreen><\/iframe><\/p>\n<p>Die Dialoge fallen dabei allerdings schon mal drastisch aus:<\/p>\n<p>Die Bloggering Aubrey:<\/p>\n<blockquote><p>Hi you guys, I am humbled and so blessed by all the support, phone calls, emails, likes, new subscribers, new Patrons and smiles from so many of you. Thank you from the bottom of my heart, God Bless you guys! Love Aubrey\ufeff<\/p><\/blockquote>\n<p>Kommentar:<\/p>\n<blockquote><p>I&#8217;ve purchased season 3 and season 4 on vimeo in the past for $20 each, but you&#8217;re absolutely insane if you think I&#8217;m going to pay $60 to buy season 5.\ufeff<\/p><\/blockquote>\n<p>Das Gesch\u00e4ftsmodell scheint also allerbesten zu funktionieren, zwischenzeitlich gibt es vermehrt besonders &#8222;sch\u00f6ne&#8220; Ansichten, nicht nur von exotischen Panoramen, die das Ansehen lohnen, immerhin haben sich bereits 32.000 Abonnenten angeschlossen, wie ich vermute, keineswegs von Seglern, die das Refit einer CAL 29 interessiert, zumal dort handwerkliche Arbeiten recht holperig gezeigt, daf\u00fcr schicke Footage eines Papagei, eines Hundes sowie deren menschlicher Oberindianerin. <\/p>\n<p><iframe loading=\"lazy\" width=\"560\" height=\"315\" src=\"https:\/\/www.youtube.com\/embed\/aCMgMmBQ3zc\" frameborder=\"0\" allowfullscreen><\/iframe><\/p>\n<p>Es sollte mich wundern, wenn diese Kombination zur Erzeugung von Sehnsucht Footage nicht weitere Nachahmer bekommt.<\/p>\n","protected":false},"excerpt":{"rendered":"<p>SAILING \u2013 SEX \u2013 VIDEO Nike Steiger sei Dank, wissen wir, wie man Sex und Sailing vor exotischer Kulisse zu Einkommen verdichtet, ein Gesch\u00e4ftsmodell, dass nur im Englischen funktioniert und keinesfalls von Nike erfunden worden ist. Der Hebel von Sex &hellip; <a href=\"https:\/\/windpilot.com\/blog\/columns\/segeln-verdienen\/sailingmisslonestar\/\">Weiterlesen <span class=\"meta-nav\">&rarr;<\/span><\/a><\/p>\n","protected":false},"author":1,"featured_media":0,"parent":13662,"menu_order":3,"comment_status":"open","ping_status":"closed","template":"","meta":{"footnotes":""},"class_list":["post-15278","page","type-page","status-publish","hentry"],"_links":{"self":[{"href":"https:\/\/windpilot.com\/blog\/wp-json\/wp\/v2\/pages\/15278","targetHints":{"allow":["GET"]}}],"collection":[{"href":"https:\/\/windpilot.com\/blog\/wp-json\/wp\/v2\/pages"}],"about":[{"href":"https:\/\/windpilot.com\/blog\/wp-json\/wp\/v2\/types\/page"}],"author":[{"embeddable":true,"href":"https:\/\/windpilot.com\/blog\/wp-json\/wp\/v2\/users\/1"}],"replies":[{"embeddable":true,"href":"https:\/\/windpilot.com\/blog\/wp-json\/wp\/v2\/comments?post=15278"}],"version-history":[{"count":8,"href":"https:\/\/windpilot.com\/blog\/wp-json\/wp\/v2\/pages\/15278\/revisions"}],"predecessor-version":[{"id":15290,"href":"https:\/\/windpilot.com\/blog\/wp-json\/wp\/v2\/pages\/15278\/revisions\/15290"}],"up":[{"embeddable":true,"href":"https:\/\/windpilot.com\/blog\/wp-json\/wp\/v2\/pages\/13662"}],"wp:attachment":[{"href":"https:\/\/windpilot.com\/blog\/wp-json\/wp\/v2\/media?parent=15278"}],"curies":[{"name":"wp","href":"https:\/\/api.w.org\/{rel}","templated":true}]}}