{"id":15451,"date":"2017-08-31T09:29:38","date_gmt":"2017-08-31T16:29:38","guid":{"rendered":"https:\/\/windpilot.com\/blog\/?page_id=15451"},"modified":"2017-09-01T05:11:30","modified_gmt":"2017-09-01T12:11:30","slug":"kim-hafez-fra","status":"publish","type":"page","link":"https:\/\/windpilot.com\/blog\/morphy-blitz\/kim-hafez-fra\/","title":{"rendered":"Kim Hafez FRA"},"content":{"rendered":"<p><strong>DAS TRAURIGE ENDE EINES NEUANFANGS<\/strong><\/p>\n<p><img loading=\"lazy\" decoding=\"async\" src=\"https:\/\/windpilot.com\/blog\/wp-content\/uploads\/2017\/08\/a-bm-10-1024x683.jpg\" alt=\"\" width=\"640\" height=\"427\" class=\"aligncenter size-large wp-image-15460\" srcset=\"https:\/\/windpilot.com\/blog\/wp-content\/uploads\/2017\/08\/a-bm-10-1024x683.jpg 1024w, https:\/\/windpilot.com\/blog\/wp-content\/uploads\/2017\/08\/a-bm-10-300x200.jpg 300w, https:\/\/windpilot.com\/blog\/wp-content\/uploads\/2017\/08\/a-bm-10-768x512.jpg 768w, https:\/\/windpilot.com\/blog\/wp-content\/uploads\/2017\/08\/a-bm-10.jpg 1800w\" sizes=\"auto, (max-width: 640px) 100vw, 640px\" \/><\/p>\n<p>30.08.2017<br \/>\nGestern erreichte mich diese Mail:<\/p>\n<blockquote><p>Hi Peter,<br \/>\nCould you send a copy of the invoice for the Windpilot you sent me in June, as well as the mounting instructions, to Manfred Arnold \/ Greement-Systems in Arzot? Manfred will try to sell the Windpilot for me as I have no use for it anymore: my boat burnt down last week, after some welding job on the deck. I lost everything. Happy enough the windpilot was still in it\u00b4s box, and not on the boat.<br \/>\nI guess I will have to travel on land instead, by foot&#8230;<br \/>\nThank you for your help,<br \/>\nKim.<\/p><\/blockquote>\n<p><img loading=\"lazy\" decoding=\"async\" src=\"https:\/\/windpilot.com\/blog\/wp-content\/uploads\/2017\/08\/IMG_2816-1-1024x683.jpeg\" alt=\"\" width=\"640\" height=\"427\" class=\"aligncenter size-large wp-image-15452\" srcset=\"https:\/\/windpilot.com\/blog\/wp-content\/uploads\/2017\/08\/IMG_2816-1-1024x683.jpeg 1024w, https:\/\/windpilot.com\/blog\/wp-content\/uploads\/2017\/08\/IMG_2816-1-300x200.jpeg 300w, https:\/\/windpilot.com\/blog\/wp-content\/uploads\/2017\/08\/IMG_2816-1-768x512.jpeg 768w, https:\/\/windpilot.com\/blog\/wp-content\/uploads\/2017\/08\/IMG_2816-1.jpeg 1280w\" sizes=\"auto, (max-width: 640px) 100vw, 640px\" \/><\/p>\n<p>Wenige Minuten sp\u00e4ter erfuhr ich die ganze traurige Geschichte von Kim, erz\u00e4hlt von seinem Freund Manfred Arnold, <a href=\"http:\/\/greement-systems.com\" target=\"_blank\">AGREEMENT SYSTEMS in ARZOT \/ Bretagne<\/a> der seit vielen Jahren mit Kim befreundet ist. Kim\u00b4s Schiff war klar zur Reise, sollte dieser Tage zu Wasser gehen &#8230; Eine kleine Restarbeit an Deck, eine Schweissung von aussen &#8230; hat unter Deck zum Brand und Totalverlust des Schiffes gef\u00fchrt. <\/p>\n<p>Es ist die ungew\u00f6hnliche Geschichte eines Mannes, der in seinem Leben schon viel gesehen und erlebt hat, der sich darob entschlossen hatte, sehr viel Lebenszeit mit sich allein und seinem treuen Hund zu verbringen.<\/p>\n<p><img loading=\"lazy\" decoding=\"async\" src=\"https:\/\/windpilot.com\/blog\/wp-content\/uploads\/2017\/08\/KIM-SEPTEMBER-2010.jpg\" alt=\"\" width=\"720\" height=\"480\" class=\"aligncenter size-full wp-image-15458\" srcset=\"https:\/\/windpilot.com\/blog\/wp-content\/uploads\/2017\/08\/KIM-SEPTEMBER-2010.jpg 720w, https:\/\/windpilot.com\/blog\/wp-content\/uploads\/2017\/08\/KIM-SEPTEMBER-2010-300x200.jpg 300w\" sizes=\"auto, (max-width: 720px) 100vw, 720px\" \/><\/p>\n<p>1970  in Casablanca geboren, besitzt Kim \u00e4gyptische, irische und franz\u00f6siche Wurzeln. Er verliess Marrokko im Alter von 18 Jahren, um in Frankreich zun\u00e4chst eine Ausbildung zum Ingenieur zu absolvieren. Nach einer weiteren Ausbildung zum Offizier der Fremdenlegion wurde er f\u00fcr einen Aufenthalt im Tuamotu Archipel dienstverpflichtet. <\/p>\n<p><img loading=\"lazy\" decoding=\"async\" src=\"https:\/\/windpilot.com\/blog\/wp-content\/uploads\/2017\/08\/nomade9-1.jpg\" alt=\"\" width=\"750\" height=\"500\" class=\"aligncenter size-full wp-image-15454\" srcset=\"https:\/\/windpilot.com\/blog\/wp-content\/uploads\/2017\/08\/nomade9-1.jpg 750w, https:\/\/windpilot.com\/blog\/wp-content\/uploads\/2017\/08\/nomade9-1-300x200.jpg 300w\" sizes=\"auto, (max-width: 750px) 100vw, 750px\" \/><\/p>\n<p><img loading=\"lazy\" decoding=\"async\" src=\"https:\/\/windpilot.com\/blog\/wp-content\/uploads\/2017\/08\/unghalak2.jpeg\" alt=\"\" width=\"640\" height=\"423\" class=\"aligncenter size-full wp-image-15464\" srcset=\"https:\/\/windpilot.com\/blog\/wp-content\/uploads\/2017\/08\/unghalak2.jpeg 640w, https:\/\/windpilot.com\/blog\/wp-content\/uploads\/2017\/08\/unghalak2-300x198.jpeg 300w\" sizes=\"auto, (max-width: 640px) 100vw, 640px\" \/><br \/>\nEine pr\u00e4gende Zeit, vermutlich insbesondere in Bezug die menschlichen Umg\u00e4nge. Denn Kim verl\u00e4sst die Fremdenlegion im Alter von 25 Jahren und zieht sich in die vollkommene Einsamkeit des Nordens von Canada zur\u00fcck. <\/p>\n<p><img loading=\"lazy\" decoding=\"async\" src=\"https:\/\/windpilot.com\/blog\/wp-content\/uploads\/2017\/08\/Kim.jpg\" alt=\"\" width=\"649\" height=\"658\" class=\"aligncenter size-full wp-image-15463\" srcset=\"https:\/\/windpilot.com\/blog\/wp-content\/uploads\/2017\/08\/Kim.jpg 649w, https:\/\/windpilot.com\/blog\/wp-content\/uploads\/2017\/08\/Kim-296x300.jpg 296w\" sizes=\"auto, (max-width: 649px) 100vw, 649px\" \/><\/p>\n<p>Kim durchquert Kanada mit einem Kanu vom Atlantik bis zum Pazifik, die H\u00e4lfte der Strecke gegen den Strom paddelnd und all dies praktisch ohne Geld. Er ern\u00e4hrt sich vom Fischen und Jagen. <\/p>\n<p><img loading=\"lazy\" decoding=\"async\" src=\"https:\/\/windpilot.com\/blog\/wp-content\/uploads\/2017\/08\/nomade5-1.jpg\" alt=\"\" width=\"755\" height=\"500\" class=\"aligncenter size-full wp-image-15453\" srcset=\"https:\/\/windpilot.com\/blog\/wp-content\/uploads\/2017\/08\/nomade5-1.jpg 755w, https:\/\/windpilot.com\/blog\/wp-content\/uploads\/2017\/08\/nomade5-1-300x199.jpg 300w\" sizes=\"auto, (max-width: 755px) 100vw, 755px\" \/><\/p>\n<p>Am Pazifik angekommen, schenken ihm die Inuit einen jungen Hund, seinen fortan langj\u00e4hrigen Reisebegleiter.<\/p>\n<p><img loading=\"lazy\" decoding=\"async\" src=\"https:\/\/windpilot.com\/blog\/wp-content\/uploads\/2017\/08\/10403742_10152456827738839_6150761703284429560_o-1024x762.jpg\" alt=\"\" width=\"640\" height=\"476\" class=\"aligncenter size-large wp-image-15456\" srcset=\"https:\/\/windpilot.com\/blog\/wp-content\/uploads\/2017\/08\/10403742_10152456827738839_6150761703284429560_o-1024x762.jpg 1024w, https:\/\/windpilot.com\/blog\/wp-content\/uploads\/2017\/08\/10403742_10152456827738839_6150761703284429560_o-300x223.jpg 300w, https:\/\/windpilot.com\/blog\/wp-content\/uploads\/2017\/08\/10403742_10152456827738839_6150761703284429560_o-768x572.jpg 768w, https:\/\/windpilot.com\/blog\/wp-content\/uploads\/2017\/08\/10403742_10152456827738839_6150761703284429560_o.jpg 2048w\" sizes=\"auto, (max-width: 640px) 100vw, 640px\" \/><\/p>\n<p>Zur\u00fcck in Frankreich schreibt Kim sein erstes Buch \u00fcber diese Reise. <\/p>\n<p><iframe loading=\"lazy\" src=\"https:\/\/player.vimeo.com\/video\/14171773\" width=\"640\" height=\"512\" frameborder=\"0\" webkitallowfullscreen mozallowfullscreen allowfullscreen><\/iframe><\/p>\n<p><a href=\"https:\/\/vimeo.com\/14171773\">Kim Hafez<\/a> from <a href=\"https:\/\/vimeo.com\/ymichelat\">Yannick Michelat<\/a> on <a href=\"https:\/\/vimeo.com\">Vimeo<\/a>.<\/p>\n<p>Sp\u00e4ter unternimmt Kim eine erneute Reise, nun im Zweier Kajak und mit seinem Hund! Von Paris die Seine runter bis an die K\u00fcste, anschliessend Nordfrankreich, Belgien, Holland, Deutschland, durch den Kiel Kanal in die Ostsee, entlang der schwedischen K\u00fcste bis in den hohen Norden nach Lappland, danach das Kajak mit dem Hund \u00fcber Land bis zum Nordkap geschleppt und von dort aus dann auf dem Wasser wieder in den S\u00fcden Norwegens gepaddelt. Von dort hat Kim sich von einem Fischkutter in Gr\u00f6nland aussetzen lassen und so dann Gr\u00f6nland unter dem Polarkreis umrundet.<\/p>\n<p><img loading=\"lazy\" decoding=\"async\" src=\"https:\/\/windpilot.com\/blog\/wp-content\/uploads\/2017\/08\/nomade7.jpg\" alt=\"\" width=\"750\" height=\"500\" class=\"aligncenter size-full wp-image-15455\" srcset=\"https:\/\/windpilot.com\/blog\/wp-content\/uploads\/2017\/08\/nomade7.jpg 750w, https:\/\/windpilot.com\/blog\/wp-content\/uploads\/2017\/08\/nomade7-300x200.jpg 300w\" sizes=\"auto, (max-width: 750px) 100vw, 750px\" \/><\/p>\n<p>Erneuter Transfer mit einem Fischerkutter nach Kanada, wo er noch einmal einen Drittel der ersten Reise wiederholt, mit seinem treuen Hund. Danach ist Kim nach Frankreich zur\u00fcckgekehrt, um ein weiteres Buch zu schreiben.<\/p>\n<p>Kim\u00b4s Traum war stets die Weltumsegelung. Um daf\u00fcr das n\u00f6tige Geld zu verdienen ging er wieder nach Norwegen, um in der Lachszucht zu arbeiten um sich sein Boot zu kaufen und auszur\u00fcsten. Er wohnte in Norwegen \u00fcberaus spartanisch zun\u00e4chst auf seinem Boot, das er w\u00e4hrend dieser Zeit erworben hatte und anschliessend in einer H\u00fctte im Wald, ohne Strom, derweil er das Boot dann in die Bretagne segelte, wo er Wetter bedingt, fortan besser am Schiff arbeiten konnte. <\/p>\n<p><img loading=\"lazy\" decoding=\"async\" src=\"https:\/\/windpilot.com\/blog\/wp-content\/uploads\/2017\/08\/unghalak9.jpeg\" alt=\"\" width=\"640\" height=\"428\" class=\"aligncenter size-full wp-image-15462\" srcset=\"https:\/\/windpilot.com\/blog\/wp-content\/uploads\/2017\/08\/unghalak9.jpeg 640w, https:\/\/windpilot.com\/blog\/wp-content\/uploads\/2017\/08\/unghalak9-300x201.jpeg 300w\" sizes=\"auto, (max-width: 640px) 100vw, 640px\" \/><\/p>\n<p>So hat Kim viele Jahre Non-Stop gearbeitet, um sein Boot f\u00fcr eine Nordwest-Passage und anschliessende Weltumsegelung vorzubereiten. Das Schiff stand die letzten Monate in ARZON \/ BRETAGNE an Land, um die letzten Vorbereitungen f\u00fcr den Re-Launch zu treffen.<\/p>\n<p>Die BRAVE MOLLY ist ein solider Stahl Doppelender aus dem Jahre 1996, wie er schon seit Moitessiers Zeiten popul\u00e4r geworden ist und seine Seet\u00fcchtigkeit bis heute unz\u00e4hlige Male unter Beweis gestellt hat. Das Schiff war beim Kauf des Schiffes in 2010 mit einer alten Windpilot Pacific ausgestattet. Kim hatte sich dann entschlossen, f\u00fcr die grosse Reise eine neue Anlage zu erwerben, die im Juni 2017 in die Bretagne ausgeliefert wurde.<\/p>\n<p><img loading=\"lazy\" decoding=\"async\" src=\"https:\/\/windpilot.com\/blog\/wp-content\/uploads\/2017\/08\/IMG_2817-1024x683.jpeg\" alt=\"\" width=\"640\" height=\"427\" class=\"aligncenter size-large wp-image-15457\" srcset=\"https:\/\/windpilot.com\/blog\/wp-content\/uploads\/2017\/08\/IMG_2817-1024x683.jpeg 1024w, https:\/\/windpilot.com\/blog\/wp-content\/uploads\/2017\/08\/IMG_2817-300x200.jpeg 300w, https:\/\/windpilot.com\/blog\/wp-content\/uploads\/2017\/08\/IMG_2817-768x512.jpeg 768w, https:\/\/windpilot.com\/blog\/wp-content\/uploads\/2017\/08\/IMG_2817.jpeg 1280w\" sizes=\"auto, (max-width: 640px) 100vw, 640px\" \/><\/p>\n<p>Der Schiffsverlust &#8211; ohne Versicherung &#8211; ist f\u00fcr Kim bereits der Zweite Schicksalsschlag, hatte er sich doch gerade ein wenig von einem schweren Schlaganfall erholt, der ihn im Fr\u00fchjahr 2016 in Norwegen ereilte, wo er praktisch hilflos in einem Bach liegend, erst nach 48 Std von Hilfskr\u00e4ften aufgefunden wurde. Die dann folgenden sechs Monate im Hospital haben seine W\u00fcnsche und Tr\u00e4ume befl\u00fcgelt, nun m\u00f6glichst bald endlich aufzubrechen.<\/p>\n<p><img loading=\"lazy\" decoding=\"async\" src=\"https:\/\/windpilot.com\/blog\/wp-content\/uploads\/2017\/08\/nomade6.jpg\" alt=\"\" width=\"753\" height=\"500\" class=\"aligncenter size-full wp-image-15466\" srcset=\"https:\/\/windpilot.com\/blog\/wp-content\/uploads\/2017\/08\/nomade6.jpg 753w, https:\/\/windpilot.com\/blog\/wp-content\/uploads\/2017\/08\/nomade6-300x199.jpg 300w\" sizes=\"auto, (max-width: 753px) 100vw, 753px\" \/><\/p>\n<p>Wie sein Freund Manfred Arnold \/ Arzon mir heute fr\u00fch schilderte, ist Kim ob dieser Entwicklung noch ein wenig Menschen scheuer geworden. Er hat sich vollkommen zur\u00fcckgezogen und ich schildere diese traurige Geschichte mit dem Gedanken, dass sich dereinst ein hoffnungsvoller Ausblick findet, wie man diesem tapferen Lebenshelden wieder ein wenig R\u00fcckenwind verschaffen kann, um nochmals wieder Mut zu fassen. Dass ich die Windpilot Anlage wieder zur\u00fcck nehme, versteht sich von selbst.<\/p>\n<p>Mal schaun, wie das Leben nun weiter geht &#8230;<\/p>\n<p>Peter Foerthmann<\/p>\n","protected":false},"excerpt":{"rendered":"<p>DAS TRAURIGE ENDE EINES NEUANFANGS 30.08.2017 Gestern erreichte mich diese Mail: Hi Peter, Could you send a copy of the invoice for the Windpilot you sent me in June, as well as the mounting instructions, to Manfred Arnold \/ Greement-Systems &hellip; <a href=\"https:\/\/windpilot.com\/blog\/morphy-blitz\/kim-hafez-fra\/\">Weiterlesen <span class=\"meta-nav\">&rarr;<\/span><\/a><\/p>\n","protected":false},"author":1,"featured_media":0,"parent":10453,"menu_order":11,"comment_status":"open","ping_status":"closed","template":"","meta":{"footnotes":""},"class_list":["post-15451","page","type-page","status-publish","hentry"],"_links":{"self":[{"href":"https:\/\/windpilot.com\/blog\/wp-json\/wp\/v2\/pages\/15451","targetHints":{"allow":["GET"]}}],"collection":[{"href":"https:\/\/windpilot.com\/blog\/wp-json\/wp\/v2\/pages"}],"about":[{"href":"https:\/\/windpilot.com\/blog\/wp-json\/wp\/v2\/types\/page"}],"author":[{"embeddable":true,"href":"https:\/\/windpilot.com\/blog\/wp-json\/wp\/v2\/users\/1"}],"replies":[{"embeddable":true,"href":"https:\/\/windpilot.com\/blog\/wp-json\/wp\/v2\/comments?post=15451"}],"version-history":[{"count":8,"href":"https:\/\/windpilot.com\/blog\/wp-json\/wp\/v2\/pages\/15451\/revisions"}],"predecessor-version":[{"id":15474,"href":"https:\/\/windpilot.com\/blog\/wp-json\/wp\/v2\/pages\/15451\/revisions\/15474"}],"up":[{"embeddable":true,"href":"https:\/\/windpilot.com\/blog\/wp-json\/wp\/v2\/pages\/10453"}],"wp:attachment":[{"href":"https:\/\/windpilot.com\/blog\/wp-json\/wp\/v2\/media?parent=15451"}],"curies":[{"name":"wp","href":"https:\/\/api.w.org\/{rel}","templated":true}]}}