{"id":15499,"date":"2017-09-08T11:06:04","date_gmt":"2017-09-08T18:06:04","guid":{"rendered":"https:\/\/windpilot.com\/blog\/?page_id=15499"},"modified":"2017-10-09T09:08:04","modified_gmt":"2017-10-09T16:08:04","slug":"die-blaue-torte","status":"publish","type":"page","link":"https:\/\/windpilot.com\/blog\/columns\/seminare\/die-blaue-torte\/","title":{"rendered":"Die blaue Torte"},"content":{"rendered":"<p><strong>DIE SPITZE VOM EISBERG<\/strong><br \/>\nSegler sind Traumt\u00e4nzer, oder nicht? Wie kommt es nur, dass nahezu jedem Segler der Traum von der ganz grossen Reise innewohnt? <\/p>\n<p><img loading=\"lazy\" decoding=\"async\" src=\"https:\/\/windpilot.com\/blog\/wp-content\/uploads\/2017\/09\/Bestevaer52-Kopie-1024x768.jpg\" alt=\"\" width=\"640\" height=\"480\" class=\"aligncenter size-large wp-image-15503\" srcset=\"https:\/\/windpilot.com\/blog\/wp-content\/uploads\/2017\/09\/Bestevaer52-Kopie.jpg 1024w, https:\/\/windpilot.com\/blog\/wp-content\/uploads\/2017\/09\/Bestevaer52-Kopie-300x225.jpg 300w, https:\/\/windpilot.com\/blog\/wp-content\/uploads\/2017\/09\/Bestevaer52-Kopie-768x576.jpg 768w\" sizes=\"auto, (max-width: 640px) 100vw, 640px\" \/><\/p>\n<p>Die Antwort ist einfach: weil dieser Traum im unserem Kopf stets nur um die Ecke wohnt, man ihn sorglos still und leise \u2013 und mit einem breiten Grinsen im Gesicht \u2013 stets und jederzeit ein St\u00fcckchen weiterspinnen kann, derweil man im richtigen Leben ggf. gerade im Beziehungsstau, oder dem auf der Strasse steckt, oder beim Zahnarzt wehrlos auf dem Marterstuhl das Kreischen des Bohrers allzu gern mit dem der M\u00f6ven verwechselt. Der Traum als Placebo Pille.<\/p>\n<p>Der blaue Traum ist \u2013 neben dem vom Sex \u2013 f\u00fcr einen Segler die perfekte Medizin, ein schn\u00f6des Leben sch\u00f6n zu kr\u00f6nen, auch wenn die Realit\u00e4t gerade Off Road aus der Kurve fliegt. Ohne Tr\u00e4ume ist das Leben nix, der blaue Traum ist besonders fix, weil er so wundervoll licht und rein, in der Lage ist, das Leben mit Zuckerguss zu \u00fcbers\u00fcssen und sodann die Lebens Kandare besser zu ertragen. Jedenfalls bis zum Tage X, dem Tag der Abfahrt, wenn der denn tats\u00e4chlich um die Ecke biegt. Selten genug klappt\u00b4s, weil immer wieder was dazwischen kommt, manchmal als Lebens Endlos Schleife.<\/p>\n<p><img loading=\"lazy\" decoding=\"async\" src=\"https:\/\/windpilot.com\/blog\/wp-content\/uploads\/2017\/09\/Boreal44-Simon_Delvoye-18122013-IMG_6674-1024x576.jpg\" alt=\"\" width=\"640\" height=\"360\" class=\"aligncenter size-large wp-image-15504\" srcset=\"https:\/\/windpilot.com\/blog\/wp-content\/uploads\/2017\/09\/Boreal44-Simon_Delvoye-18122013-IMG_6674-1024x576.jpg 1024w, https:\/\/windpilot.com\/blog\/wp-content\/uploads\/2017\/09\/Boreal44-Simon_Delvoye-18122013-IMG_6674-300x169.jpg 300w, https:\/\/windpilot.com\/blog\/wp-content\/uploads\/2017\/09\/Boreal44-Simon_Delvoye-18122013-IMG_6674-768x432.jpg 768w, https:\/\/windpilot.com\/blog\/wp-content\/uploads\/2017\/09\/Boreal44-Simon_Delvoye-18122013-IMG_6674.jpg 1700w\" sizes=\"auto, (max-width: 640px) 100vw, 640px\" \/><\/p>\n<p>H\u00e4ngt von einigen Faktoren ab:<br \/>\n&#8211; den Ressourcen, der Knete, mit denen man sich Schiffe, Ausr\u00fcstung, Dosenfutter, eine Schnitte Unabh\u00e4ngigkeit und vor allem Zeit kaufen kann.<br \/>\n&#8211; einer gelungenen Lebensplanung im Rahmen einer vorzugsweise symbiotischen Beziehung, die nicht gleich im n\u00e4chsten Hafen zur Bushaltestelle rennt, die dauernd kotzend in der Koje pennt, oder sich im Hafen in den Skipper vom Nachbarschiff verrennt.<br \/>\n&#8211; den mentalen F\u00e4higkeiten des Delinquenten, eigene Traumgebilde mit den Realit\u00e4ten abzugleichen, ggf. stillschweigend zu homologisieren, zu konsolidieren oder gar zu tunen, weil man ja am Ende zumindest als Held gl\u00e4nzen m\u00f6chte, notfalls mit Dellen!<\/p>\n<p><img loading=\"lazy\" decoding=\"async\" src=\"https:\/\/windpilot.com\/blog\/wp-content\/uploads\/2017\/09\/Il\u00e9na-\u00e0-Melchior-Ile-Omega-8-1-Kopie-1024x768.jpg\" alt=\"\" width=\"640\" height=\"480\" class=\"aligncenter size-large wp-image-15505\" srcset=\"https:\/\/windpilot.com\/blog\/wp-content\/uploads\/2017\/09\/Il\u00e9na-\u00e0-Melchior-Ile-Omega-8-1-Kopie.jpg 1024w, https:\/\/windpilot.com\/blog\/wp-content\/uploads\/2017\/09\/Il\u00e9na-\u00e0-Melchior-Ile-Omega-8-1-Kopie-300x225.jpg 300w, https:\/\/windpilot.com\/blog\/wp-content\/uploads\/2017\/09\/Il\u00e9na-\u00e0-Melchior-Ile-Omega-8-1-Kopie-768x576.jpg 768w\" sizes=\"auto, (max-width: 640px) 100vw, 640px\" \/><\/p>\n<p>Es d\u00fcrfte hier unzweifelhaft sein, dass die Zahl der Segler, die dereinst ihre Tr\u00e4ume umzusetzen bereit und in der Lage sind, die blaue Torte anzuschneiden, um ein St\u00fcck von ihr zu kosten, im Promillebereich zur Gesamtzahl hiesiger Tr\u00e4umer liegt, jedenfalls derjenigen, die bei einem Opti vorn von achtern unterscheiden k\u00f6nnen, wenngleich die sich beide einander so sehr gleichen! Ich habe diese Tr\u00e4umer und Gl\u00fcckskekse fr\u00fcher mit der Spitze eines Eisbergs verglichen.<\/p>\n<p>Deutschland ist und bleibt ein Land, in dem Blauwasser Segeln mit Hom\u00f6opathie in Verbindung zu bringen ist, weil hier wie dort winzige Dosen gelten. <a href=\"https:\/\/www.yacht.de\/schenk\/who\/who00.html\" target=\"_blank\">Bobby Schenk hat mit  M\u00fche und Akribie 85 deutsche Weltumsegler<\/a> im Zeitraum von bald 60 Jahren aus der Geschichte zu Tage bef\u00f6rdert, gesiebt und etliche davon interviewt, jedenfalls diejenigen, die noch nicht gestorben sind.<\/p>\n<p><img loading=\"lazy\" decoding=\"async\" src=\"https:\/\/windpilot.com\/blog\/wp-content\/uploads\/2017\/09\/Prosit-Antarktis-1024x768.jpg\" alt=\"\" width=\"640\" height=\"480\" class=\"aligncenter size-large wp-image-15506\" srcset=\"https:\/\/windpilot.com\/blog\/wp-content\/uploads\/2017\/09\/Prosit-Antarktis-1024x768.jpg 1024w, https:\/\/windpilot.com\/blog\/wp-content\/uploads\/2017\/09\/Prosit-Antarktis-300x225.jpg 300w, https:\/\/windpilot.com\/blog\/wp-content\/uploads\/2017\/09\/Prosit-Antarktis-768x576.jpg 768w\" sizes=\"auto, (max-width: 640px) 100vw, 640px\" \/><\/p>\n<p><strong>BLAUWASSESEGELN IST IN DEUTSCHLAND NUR F\u00dcR HARDCORE INDIVIDUALISTEN<\/strong><br \/>\nDie Zahl aktuell auf Reisen befindlicher deutscher Yachten liegt bei wenigen hundert, vermutlich recht \u00e4hnlich der Anzahl weiterer Segler, die in der Planungsphase stecken. Alles in allem r\u00fchrend geringe Zahlen, wenn man sie mit blauen Aktivit\u00e4ten in Holland oder Frankreich vergleicht und zu Bev\u00f6lkerungszahlen ins Verh\u00e4ltnis setzt. Dumm nur &#8211; oder wundervoll? &#8211; dass Segeln bei uns mit Fussball so herzlich wenig gemeinsam hat. Vermutlich der Grund f\u00fcr dezidierte Individualit\u00e4t des Segelsports! Schlecht auch f\u00fcr Vermarkter, die in der Szenerie leben, essen und atmen wollen.<\/p>\n<p><img loading=\"lazy\" decoding=\"async\" src=\"https:\/\/windpilot.com\/blog\/wp-content\/uploads\/2017\/09\/Blue-Lagoon-Kopie-1024x768.jpeg\" alt=\"\" width=\"640\" height=\"480\" class=\"aligncenter size-large wp-image-15508\" srcset=\"https:\/\/windpilot.com\/blog\/wp-content\/uploads\/2017\/09\/Blue-Lagoon-Kopie-1024x768.jpeg 1024w, https:\/\/windpilot.com\/blog\/wp-content\/uploads\/2017\/09\/Blue-Lagoon-Kopie-300x225.jpeg 300w, https:\/\/windpilot.com\/blog\/wp-content\/uploads\/2017\/09\/Blue-Lagoon-Kopie-768x576.jpeg 768w, https:\/\/windpilot.com\/blog\/wp-content\/uploads\/2017\/09\/Blue-Lagoon-Kopie.jpeg 1280w\" sizes=\"auto, (max-width: 640px) 100vw, 640px\" \/><\/p>\n<p>Es liegt im Wesen menschlichen Strebens, eine jede Zielgruppe kaufm\u00e4nnischem Handeln zu unterwerfen, wobei Einkommens starke Segler als Pfaue ihr Rad besonders pr\u00e4chtig im Fokus potentieller Werber schlagen. Nicht wahr, eine Segelyacht l\u00e4sst Ressourcen vermuten, die deren Mannschaft zu geh\u00e4tschelten Konsumenten werden lassen.<\/p>\n<p><img loading=\"lazy\" decoding=\"async\" src=\"https:\/\/windpilot.com\/blog\/wp-content\/uploads\/2017\/09\/SV-Kairos-van-Loon-1024x768.jpg\" alt=\"\" width=\"640\" height=\"480\" class=\"aligncenter size-large wp-image-15520\" srcset=\"https:\/\/windpilot.com\/blog\/wp-content\/uploads\/2017\/09\/SV-Kairos-van-Loon-1024x768.jpg 1024w, https:\/\/windpilot.com\/blog\/wp-content\/uploads\/2017\/09\/SV-Kairos-van-Loon-300x225.jpg 300w, https:\/\/windpilot.com\/blog\/wp-content\/uploads\/2017\/09\/SV-Kairos-van-Loon-768x576.jpg 768w, https:\/\/windpilot.com\/blog\/wp-content\/uploads\/2017\/09\/SV-Kairos-van-Loon.jpg 1280w\" sizes=\"auto, (max-width: 640px) 100vw, 640px\" \/><\/p>\n<p>Ist es nicht verwunderlich, dass im deutschen Mikrokosmos vom Blauwassersegeln neuerdings ein Hype stattzufinden scheint, der den Eindruck hinterl\u00e4sst, dass es sich hier um eine enorme gro\u00dfe Zielgruppe handeln m\u00fcsse? Haben hier einige Damen und Herren die Realit\u00e4ten ein wenig falsch eingesch\u00e4tzt, haben sie es gar ein wenig zu weit getrieben in ihrem Wunschdenken nach einer Monetarisierung der komplexen Blauwasser Thematik? Oder will man hier die Peitsche schwingen, um mehr Segler zur grossen Reise zu verleiten, in deren Folge man dann Ums\u00e4tze generieren kann? <\/p>\n<p>Meine Vermutung ist eher, dass hier zu viel Wind gemacht wird, zumal die Fakten eine ganz andere Realit\u00e4t zu spiegeln scheinen. <\/p>\n<p><img loading=\"lazy\" decoding=\"async\" src=\"https:\/\/windpilot.com\/blog\/wp-content\/uploads\/2017\/09\/warnemuende-1024x768.jpg\" alt=\"\" width=\"640\" height=\"480\" class=\"aligncenter size-large wp-image-15510\" srcset=\"https:\/\/windpilot.com\/blog\/wp-content\/uploads\/2017\/09\/warnemuende-1024x768.jpg 1024w, https:\/\/windpilot.com\/blog\/wp-content\/uploads\/2017\/09\/warnemuende-300x225.jpg 300w, https:\/\/windpilot.com\/blog\/wp-content\/uploads\/2017\/09\/warnemuende-768x576.jpg 768w, https:\/\/windpilot.com\/blog\/wp-content\/uploads\/2017\/09\/warnemuende.jpg 1280w\" sizes=\"auto, (max-width: 640px) 100vw, 640px\" \/><\/p>\n<p><strong>DIE SEMINAR ERN\u00dcCHTERUNG &#8211; ODER DAS WATERLOO?<\/strong><br \/>\nImmerhin haben ungef\u00e4hr acht ganzseitige Yacht Inserate f\u00fcr das <strong>Zweite Yacht Blauwasserseminar in Warnem\u00fcnde<\/strong>, im Verbund mit dem enormen Investment erwartungsfroher Sponsoren samt begleitender Presse Berichterstattung am Ende lediglich ca 40 Teilnehmer akquirieren k\u00f6nnen. Derart blamable Besucherzahlen lassen schon auf eine fulminante Fehleinsch\u00e4tzung schliessen. Wer h\u00e4tte das wohl gedacht? Oder sind hier einige Leute \u00fcberm\u00fctig geworden? <\/p>\n<p>Liegt es am Kooperationspartner Trans-Ocean Verein, der die Interessen der Segler- und Mitgliederschaft jahrelang erkennbar mit F\u00fcssen getreten hat und dessen Vorstand einer so ganz eigenen Vorstellung von Ausgestaltung und Ausrichtung eines Vereins zu folgen scheint, in dessen sichtbarer Folge im Verein heute Grabesstille herrscht, was einer Seminarveranstaltung wie der in Warnem\u00fcnde, vermutlich eine negative Aura verliehen haben k\u00f6nnte? Haben hier Segler und Yacht-Leser mit den F\u00fcssen abgestimmt? <\/p>\n<p><img loading=\"lazy\" decoding=\"async\" src=\"https:\/\/windpilot.com\/blog\/wp-content\/uploads\/2017\/09\/2017-03-05-photo-00001717.jpg\" alt=\"\" width=\"1000\" height=\"750\" class=\"aligncenter size-full wp-image-15515\" srcset=\"https:\/\/windpilot.com\/blog\/wp-content\/uploads\/2017\/09\/2017-03-05-photo-00001717.jpg 1000w, https:\/\/windpilot.com\/blog\/wp-content\/uploads\/2017\/09\/2017-03-05-photo-00001717-300x225.jpg 300w, https:\/\/windpilot.com\/blog\/wp-content\/uploads\/2017\/09\/2017-03-05-photo-00001717-768x576.jpg 768w\" sizes=\"auto, (max-width: 1000px) 100vw, 1000px\" \/><\/p>\n<p>Oder herrscht hier Kannibalismus im Revier, weil zu viele Interessen auf der Jagd nach dem edlen Wild potentieller Langfahrtsegler, sich gegenseitig das Wild vor der Flinte verjagen? <\/p>\n<p>Oder ist das Gleichgewicht von Macht, M\u00e4nnern und Moneten, egal in welcher Reihenfolge, aus der Balance geraten, weil man die Sorgen und N\u00f6te potentieller Blauwassersegler mit aller Kraft zu monetarisieren versucht?<\/p>\n<p>K\u00f6nnte alles sein \u2013 muss aber nicht! <\/p>\n<p><strong>DER WEBFEHLER IM SYSTEM<\/strong><br \/>\nIch vermute eher eine Fehleinsch\u00e4tzung der Gesamtsituation. Das Kr\u00e4ftemessen zwischen Print und Online scheint mir bereits entschieden, weil lebenserfahrene Menschen mit Weitblick und Beurteilungsverm\u00f6gen der Angebote \u2026 hier mit den F\u00fcssen abgestimmt haben, weil sie vielleicht erkannt haben, dass die ungeheure Vielfalt aktueller Angebote von BLOGS und Online Plattformen die Realit\u00e4ten eben doch besser spiegeln, als B\u00fccher, die nur zeitversetzt aktualisiert werden und zudem mit aktuellen Entwicklungen kaum Schritt halten k\u00f6nnen. Nicht zu reden von monet\u00e4ren Interessenlagen von Buchautoren und Verlagen, die nicht immer den realen Interessen der Segler entsprechen k\u00f6nnen oder sollen, weil das Umsatzdenken im Vordergrund zu stehen hat.<\/p>\n<blockquote class=\"wp-embedded-content\" data-secret=\"P8XtKlwhmp\"><p><a href=\"https:\/\/windpilot.com\/blog\/columns\/seminare\/die-monetarisierung-der-blauwasser-seminare\/\">Monetarisierung<\/a><\/p><\/blockquote>\n<p><iframe loading=\"lazy\" class=\"wp-embedded-content\" sandbox=\"allow-scripts\" security=\"restricted\" style=\"position: absolute; clip: rect(1px, 1px, 1px, 1px);\" title=\"&#8222;Monetarisierung&#8220; &#8212; Windpilot Blog\" src=\"https:\/\/windpilot.com\/blog\/columns\/seminare\/die-monetarisierung-der-blauwasser-seminare\/embed\/#?secret=x8aH4K3swM#?secret=P8XtKlwhmp\" data-secret=\"P8XtKlwhmp\" width=\"600\" height=\"338\" frameborder=\"0\" marginwidth=\"0\" marginheight=\"0\" scrolling=\"no\"><\/iframe><\/p>\n<p><img loading=\"lazy\" decoding=\"async\" src=\"https:\/\/windpilot.com\/blog\/wp-content\/uploads\/2017\/09\/yachtcasy-1024x768.jpg\" alt=\"\" width=\"640\" height=\"480\" class=\"aligncenter size-large wp-image-15516\" srcset=\"https:\/\/windpilot.com\/blog\/wp-content\/uploads\/2017\/09\/yachtcasy-1024x768.jpg 1024w, https:\/\/windpilot.com\/blog\/wp-content\/uploads\/2017\/09\/yachtcasy-300x225.jpg 300w, https:\/\/windpilot.com\/blog\/wp-content\/uploads\/2017\/09\/yachtcasy-768x576.jpg 768w, https:\/\/windpilot.com\/blog\/wp-content\/uploads\/2017\/09\/yachtcasy.jpg 1600w\" sizes=\"auto, (max-width: 640px) 100vw, 640px\" \/><\/p>\n<p><strong>KOMPETENZ IST DER SCHL\u00dcSSEL ZUM HIMMELREICH<\/strong><br \/>\nAuch wenn die Verquickung finanzieller Interessenlagen f\u00fcr Buchautoren und Verleger als verlockender Ausweg in wirtschaftlich schwierigeren Zeiten erscheinen m\u00f6gen, so halte ich dies f\u00fcr einen Holzweg, weil der Qualit\u00e4tsanspruch der hier adressierten Klientel \u00fcber allem steht, die die vorhandenen Angebote sehr wohl abzuw\u00e4gen weiss, zumal das Netz unbegrenzte Alternativen gratis zur Verf\u00fcgung stellt. Wenn Buchautoren und Seminar Referenten zu Aush\u00e4ngeschildern und Lautsprechern von Werbepartnern werden, treffen die Botschaften schnell auf verschlossene kluge Segler K\u00f6pfe, die derartige INFLUENCER ins Leere laufen lassen und sich den hier vermeintlich plietsch ausgedachten Verf\u00fchrungsk\u00fcnsten &#8230; elegant, gleichwohl galant zu entziehen wissen, indem sie dezidiert das nackte Hinterteil zu zeigen wagen. <\/p>\n<p><img loading=\"lazy\" decoding=\"async\" src=\"https:\/\/windpilot.com\/blog\/wp-content\/uploads\/2017\/09\/Insel-Stille-Kopie-1024x683.jpg\" alt=\"\" width=\"640\" height=\"427\" class=\"aligncenter size-large wp-image-15511\" srcset=\"https:\/\/windpilot.com\/blog\/wp-content\/uploads\/2017\/09\/Insel-Stille-Kopie-1024x683.jpg 1024w, https:\/\/windpilot.com\/blog\/wp-content\/uploads\/2017\/09\/Insel-Stille-Kopie-300x200.jpg 300w, https:\/\/windpilot.com\/blog\/wp-content\/uploads\/2017\/09\/Insel-Stille-Kopie-768x512.jpg 768w\" sizes=\"auto, (max-width: 640px) 100vw, 640px\" \/><\/p>\n<p><strong>MEIN VORGARTEN<\/strong><br \/>\nVielleicht \u00fcberfl\u00fcssig, es hier noch Mal zu wiederholen, aber dennoch: ich habe in den vergangenen Jahre immer wieder die Erfahrung gemacht, dass Segel Autoren jeder Provenienz, inklusive einiger Weltumsegler, ihre ganz pers\u00f6nliche Sichtweise auf die komplexe Thematik von Windsteuersystemen in Buch- und oder Zeitschriften Elogen niedergeschrieben haben, ohne sich inhaltlich oder ob der Technik der Richtigkeit ihrer Untersuchungen zu versichern, wobei hier unstreitig ist, dass ich mein Wissen gern zur Verf\u00fcgung stelle, ohne gleich das Eigenmarketing Karussell in Gang zu setzen. <\/p>\n<p>Es wundert mich immer wieder, dass im PRINT Fussfallen \u2013 in Form fehlerhafter Berichterstattung \u2013 selten als solche erkannt und verhindert werden, insbesondere, wenn die Fehler anschliessend einer gut informierten Leserschaft verkauft werden, die sie dann schnell entlarven. Besser kann Print den eigenen Ruf nicht konterkarieren. Ohne hier mit der Holzlatte zu winken, aber wenn Print qualitativ unvollst\u00e4ndig recherchierte &#8211; oder gar falsche! &#8211; Berichte zu Fachthemata, wie z.B. Windsteuer Systemen, verfasst, frei nach dem Motto: &#8222;ist mal wieder notwendig, dar\u00fcber zu berichten&#8220; geraten Fehlsch\u00fcsse zum Eigentor, die der Leser, der f\u00fcr Informationen hier zu bezahlen hat, nicht vergessen wird. <\/p>\n<p><img loading=\"lazy\" decoding=\"async\" src=\"https:\/\/windpilot.com\/blog\/wp-content\/uploads\/2017\/09\/BeachDream-1024x658.jpg\" alt=\"\" width=\"640\" height=\"411\" class=\"aligncenter size-large wp-image-15512\" srcset=\"https:\/\/windpilot.com\/blog\/wp-content\/uploads\/2017\/09\/BeachDream-1024x658.jpg 1024w, https:\/\/windpilot.com\/blog\/wp-content\/uploads\/2017\/09\/BeachDream-300x193.jpg 300w, https:\/\/windpilot.com\/blog\/wp-content\/uploads\/2017\/09\/BeachDream-768x494.jpg 768w\" sizes=\"auto, (max-width: 640px) 100vw, 640px\" \/><\/p>\n<p>Nat\u00fcrlich bin ich mir des Wettbewerbs bewusst, den ich hier selbst entfache, aber ich \u00fcberlasse es dem Urteil der Segler, ob sie meine Angebote honoriert, selbst wenn sie daf\u00fcr nicht an einer Kasse zu bezahlen haben. Die Zugriffszahlen dieses Blogs sind f\u00fcr mich Indiz f\u00fcr die Richtigkeit meiner Vermutungen.<\/p>\n<p>Wenn Verlage oder Magazine unter der Flagge besonderer Expertise ihren Lesern fehlerhafte Berichte unterbreiten, ist dies wie eine S\u00e4ge am Ast, auf dem man sitzt, weil am Ende der Abonnent oder Leser weggelaufen ist, wenn der Ast zu Boden kracht.<\/p>\n<p><img loading=\"lazy\" decoding=\"async\" src=\"https:\/\/windpilot.com\/blog\/wp-content\/uploads\/2017\/09\/P1010003-1024x768.jpg\" alt=\"\" width=\"640\" height=\"480\" class=\"size-large wp-image-15513\" srcset=\"https:\/\/windpilot.com\/blog\/wp-content\/uploads\/2017\/09\/P1010003-1024x768.jpg 1024w, https:\/\/windpilot.com\/blog\/wp-content\/uploads\/2017\/09\/P1010003-300x225.jpg 300w, https:\/\/windpilot.com\/blog\/wp-content\/uploads\/2017\/09\/P1010003-768x576.jpg 768w, https:\/\/windpilot.com\/blog\/wp-content\/uploads\/2017\/09\/P1010003.jpg 2048w\" sizes=\"auto, (max-width: 640px) 100vw, 640px\" \/><\/p>\n<p><strong>DIE LATTE LIEGT HOCH<\/strong><br \/>\nDas es auch anders geht, hat vor kurzem der Palstek aufgezeigt, dessen Autor Hans-Harald Schack nach umfangreicher Recherche einen lesenswerten zweiteiligen Bericht zur Thematik der Windsteueranlagen verfasst hat, auch wenn der von Nicht Abonnenten nur gegen Geb\u00fchr zu lesen ist.<\/p>\n<p><a href=\"https:\/\/palstek.de\/artikel\/windfahnen-selbststeueranlagen\" target=\"_blank\">WINDFAHNEN-SELBSTSTEUERANLAGEN TEIL 1<\/a><\/p>\n<p><a href=\"https:\/\/palstek.de\/artikel\/windfahnen-selbststeueranlagen-teil-2\" target=\"_blank\">WINDFAHNEN-SELBSTSTEUERANLAGEN TEIL 2<\/a><\/p>\n<p>Bei <a href=\"https:\/\/www.morganscloud.com\/\" target=\"_blank\">ATTAINABLE ADVENTURE CRUISING<\/a>, The Offshore Voyaging Reference Site, sind eine Reihe von Abhandlungen von engagierten Praktikern publiziert worden, die sich der <a href=\"https:\/\/www.morganscloud.com\/category\/self-steering\/self-steering-free\/\" target=\"_blank\">Thematik  von Autopiloten und Windsteuersystemen<\/a> umfangreich angenommen haben:<\/p>\n<p>Alle Berichte sind frei verf\u00fcgbar, inhaltlich detailliert, fachlich referenziert und vielfach kommentiert. Allerdings sollte man Englisch verstehen und lesen k\u00f6nnen, was ja f\u00fcr einen Segler mit Sehnsucht nach Palmen Str\u00e4nden zur Grundausstattung geh\u00f6ren sollte.<\/p>\n<p><img loading=\"lazy\" decoding=\"async\" src=\"https:\/\/windpilot.com\/blog\/wp-content\/uploads\/2017\/09\/Bretagne-Boote-1024x674.jpg\" alt=\"\" width=\"640\" height=\"421\" class=\"aligncenter size-large wp-image-15517\" srcset=\"https:\/\/windpilot.com\/blog\/wp-content\/uploads\/2017\/09\/Bretagne-Boote-1024x674.jpg 1024w, https:\/\/windpilot.com\/blog\/wp-content\/uploads\/2017\/09\/Bretagne-Boote-300x197.jpg 300w, https:\/\/windpilot.com\/blog\/wp-content\/uploads\/2017\/09\/Bretagne-Boote-768x505.jpg 768w, https:\/\/windpilot.com\/blog\/wp-content\/uploads\/2017\/09\/Bretagne-Boote.jpg 1064w\" sizes=\"auto, (max-width: 640px) 100vw, 640px\" \/><\/p>\n<p>Fehlerhafte oder tendenzi\u00f6se Berichterstattung, aus welchen Gr\u00fcnden immer, wirft einen Schatten r\u00fcckw\u00e4rts auf einen Autor oder seinen Verlag, die doch eigentlich ihre Leserschaft mit neuesten Erkenntnissen  \u00fcberraschen wollen, wof\u00fcr sowohl Autor auch auch Verlag vom Leser einen Tribut verlangen. <\/p>\n<p>Es bleibt nur die Vermutung, dass in einigen Redaktionsleitungen und Verlagen in EU oder USA der Wald vor lauter B\u00e4umen nicht mehr gesehen wird. F\u00fcr mich allerdings, sind die k\u00fcmmerlichen Auflagen Spiegelbild der Wertsch\u00e4tzung einer Leserschaft, die sich ihre Informationen anderweitig beschafft und damit den Print Verlagen verloren gegangen sind.<\/p>\n<p>Alles nachvollziehbar, weil die Gesetze des Marktes logisch und stringent klaren Regeln folgen, die uns allen bekannt sind, denen wir gr\u00f6sstenteils unser eigenes Einkommen verdanken.<\/p>\n<p>meint<\/p>\n<p>Peter Foerthmann<\/p>\n","protected":false},"excerpt":{"rendered":"<p>DIE SPITZE VOM EISBERG Segler sind Traumt\u00e4nzer, oder nicht? Wie kommt es nur, dass nahezu jedem Segler der Traum von der ganz grossen Reise innewohnt? Die Antwort ist einfach: weil dieser Traum im unserem Kopf stets nur um die Ecke &hellip; <a href=\"https:\/\/windpilot.com\/blog\/columns\/seminare\/die-blaue-torte\/\">Weiterlesen <span class=\"meta-nav\">&rarr;<\/span><\/a><\/p>\n","protected":false},"author":1,"featured_media":0,"parent":13654,"menu_order":4,"comment_status":"open","ping_status":"closed","template":"","meta":{"footnotes":""},"class_list":["post-15499","page","type-page","status-publish","hentry"],"_links":{"self":[{"href":"https:\/\/windpilot.com\/blog\/wp-json\/wp\/v2\/pages\/15499","targetHints":{"allow":["GET"]}}],"collection":[{"href":"https:\/\/windpilot.com\/blog\/wp-json\/wp\/v2\/pages"}],"about":[{"href":"https:\/\/windpilot.com\/blog\/wp-json\/wp\/v2\/types\/page"}],"author":[{"embeddable":true,"href":"https:\/\/windpilot.com\/blog\/wp-json\/wp\/v2\/users\/1"}],"replies":[{"embeddable":true,"href":"https:\/\/windpilot.com\/blog\/wp-json\/wp\/v2\/comments?post=15499"}],"version-history":[{"count":15,"href":"https:\/\/windpilot.com\/blog\/wp-json\/wp\/v2\/pages\/15499\/revisions"}],"predecessor-version":[{"id":15591,"href":"https:\/\/windpilot.com\/blog\/wp-json\/wp\/v2\/pages\/15499\/revisions\/15591"}],"up":[{"embeddable":true,"href":"https:\/\/windpilot.com\/blog\/wp-json\/wp\/v2\/pages\/13654"}],"wp:attachment":[{"href":"https:\/\/windpilot.com\/blog\/wp-json\/wp\/v2\/media?parent=15499"}],"curies":[{"name":"wp","href":"https:\/\/api.w.org\/{rel}","templated":true}]}}