{"id":16137,"date":"2017-10-17T01:20:26","date_gmt":"2017-10-17T08:20:26","guid":{"rendered":"https:\/\/windpilot.com\/blog\/?page_id=16137"},"modified":"2018-01-01T02:52:54","modified_gmt":"2018-01-01T09:52:54","slug":"sv-subeki-bilderlogbuch","status":"publish","type":"page","link":"https:\/\/windpilot.com\/blog\/blogs\/cruising-advice\/sv-subeki-bilderlogbuch\/","title":{"rendered":"Sybille+Christian Uehr"},"content":{"rendered":"<p><strong>LOCKMITTEL F\u00dcR NEUGIERIGE &#8211; ANSPORN ZUM LOSFAHREN<\/strong><\/p>\n<p>Eine lange Reise kurz erz\u00e4hlen, dies ist Menschen vorbehalten, die losgefahren und wieder angekommen sind, weil sie erst am Ende einer Reise ihre Jahre an Bord durch das Sieb von Erinnerungen r\u00fchren und verdichten k\u00f6nnen, um dann dar\u00fcber zu berichten. <\/p>\n<p><img loading=\"lazy\" decoding=\"async\" src=\"https:\/\/windpilot.com\/blog\/wp-content\/uploads\/2017\/10\/2004.DeBoyneInseln.jpg\" alt=\"\" width=\"2272\" height=\"1704\" class=\"alignleft size-full wp-image-16145\" srcset=\"https:\/\/windpilot.com\/blog\/wp-content\/uploads\/2017\/10\/2004.DeBoyneInseln.jpg 2272w, https:\/\/windpilot.com\/blog\/wp-content\/uploads\/2017\/10\/2004.DeBoyneInseln-300x225.jpg 300w, https:\/\/windpilot.com\/blog\/wp-content\/uploads\/2017\/10\/2004.DeBoyneInseln-768x576.jpg 768w, https:\/\/windpilot.com\/blog\/wp-content\/uploads\/2017\/10\/2004.DeBoyneInseln-1024x768.jpg 1024w\" sizes=\"auto, (max-width: 2272px) 100vw, 2272px\" \/><\/p>\n<p>Je nach L\u00e4nge der Reise, der Stimmung an Bord \u00fcber Jahre, sowie der Qualit\u00e4t der Beziehung der Delinquenten, ergeben sich homogene Geschichten, oder aber nur Eindr\u00fccke, die Stationen einer Reise in Bildern spiegeln. Sybille und Christian haben ein langes Buch geschrieben, das den Extrakt an Erfahrungen einer Weltumsegelung von 12 Jahren akribisch und detailliert wiedergibt. Nun sind Sie dabei, das Erlebte in ganz pers\u00f6nlichen Augenblicken auszudr\u00fccken, indem sie, scheinbar ganz zuf\u00e4llig \u00fcber Begebenheiten und Orte berichten, die sie in einem <a href=\"http:\/\/subeki.de\/bilderlogbuecher\" target=\"_blank\">BILDERLOGBUCH<\/a> wiedergeben.<\/p>\n<blockquote class=\"wp-embedded-content\" data-secret=\"qXIpBInXSP\"><p><a href=\"https:\/\/windpilot.com\/blog\/morphy-blitz\/sybillechristian-uehr\/\">Sybille+Christian Uehr<\/a><\/p><\/blockquote>\n<p><iframe loading=\"lazy\" class=\"wp-embedded-content\" sandbox=\"allow-scripts\" security=\"restricted\" style=\"position: absolute; clip: rect(1px, 1px, 1px, 1px);\" title=\"&#8222;Sybille+Christian Uehr&#8220; &#8212; Windpilot Blog\" src=\"https:\/\/windpilot.com\/blog\/morphy-blitz\/sybillechristian-uehr\/embed\/#?secret=PHtvY0IGiu#?secret=qXIpBInXSP\" data-secret=\"qXIpBInXSP\" width=\"600\" height=\"338\" frameborder=\"0\" marginwidth=\"0\" marginheight=\"0\" scrolling=\"no\"><\/iframe><\/p>\n","protected":false},"excerpt":{"rendered":"<p>LOCKMITTEL F\u00dcR NEUGIERIGE &#8211; ANSPORN ZUM LOSFAHREN Eine lange Reise kurz erz\u00e4hlen, dies ist Menschen vorbehalten, die losgefahren und wieder angekommen sind, weil sie erst am Ende einer Reise ihre Jahre an Bord durch das Sieb von Erinnerungen r\u00fchren und &hellip; <a href=\"https:\/\/windpilot.com\/blog\/blogs\/cruising-advice\/sv-subeki-bilderlogbuch\/\">Weiterlesen <span class=\"meta-nav\">&rarr;<\/span><\/a><\/p>\n","protected":false},"author":1,"featured_media":0,"parent":16135,"menu_order":-4,"comment_status":"open","ping_status":"closed","template":"","meta":{"footnotes":""},"class_list":["post-16137","page","type-page","status-publish","hentry"],"_links":{"self":[{"href":"https:\/\/windpilot.com\/blog\/wp-json\/wp\/v2\/pages\/16137","targetHints":{"allow":["GET"]}}],"collection":[{"href":"https:\/\/windpilot.com\/blog\/wp-json\/wp\/v2\/pages"}],"about":[{"href":"https:\/\/windpilot.com\/blog\/wp-json\/wp\/v2\/types\/page"}],"author":[{"embeddable":true,"href":"https:\/\/windpilot.com\/blog\/wp-json\/wp\/v2\/users\/1"}],"replies":[{"embeddable":true,"href":"https:\/\/windpilot.com\/blog\/wp-json\/wp\/v2\/comments?post=16137"}],"version-history":[{"count":6,"href":"https:\/\/windpilot.com\/blog\/wp-json\/wp\/v2\/pages\/16137\/revisions"}],"predecessor-version":[{"id":16150,"href":"https:\/\/windpilot.com\/blog\/wp-json\/wp\/v2\/pages\/16137\/revisions\/16150"}],"up":[{"embeddable":true,"href":"https:\/\/windpilot.com\/blog\/wp-json\/wp\/v2\/pages\/16135"}],"wp:attachment":[{"href":"https:\/\/windpilot.com\/blog\/wp-json\/wp\/v2\/media?parent=16137"}],"curies":[{"name":"wp","href":"https:\/\/api.w.org\/{rel}","templated":true}]}}