{"id":16461,"date":"2017-12-15T23:02:33","date_gmt":"2017-12-16T06:02:33","guid":{"rendered":"https:\/\/windpilot.com\/blog\/?page_id=16461"},"modified":"2017-12-15T23:05:42","modified_gmt":"2017-12-16T06:05:42","slug":"brasilien-erfahrungen","status":"publish","type":"page","link":"https:\/\/windpilot.com\/blog\/blogs\/deutsch-cruising-area\/sued-amerika\/brasilien-erfahrungen\/","title":{"rendered":"Brasilien Erfahrungen"},"content":{"rendered":"<p>November 2017<\/p>\n<p><strong>SALVADOR DA BAHIA, BRASILIEN<\/strong><br \/>\nBrasilien, Brasilien&#8230; hei\u00dft der bekannte Roman des brasilianischen Schriftstellers Jo\u00e3o Ubaldo Ribeiro. Er spielt genau dort, wo wir uns jetzt mit unserem Schiff befinden: in Salvador da Bahia. Es geht um die Geschichte dieser tropischen Landschaft, es geht um Krieg, Kannibalismus, Kolonialzeit, Verbrechen, Betrug, starke Frauen und gute Geister. Und dann gibt es einen Ausblick auf die Neuzeit \u2013 zwangsweise m\u00fcssen wir diesen Ausblick \u00fcberpr\u00fcfen. <\/p>\n<p><img loading=\"lazy\" decoding=\"async\" src=\"https:\/\/windpilot.com\/blog\/wp-content\/uploads\/2017\/12\/9_Fischereibecken-Eng.-White-Bahia-Blanca.jpeg\" alt=\"\" width=\"1280\" height=\"720\" class=\"alignleft size-full wp-image-16464\" srcset=\"https:\/\/windpilot.com\/blog\/wp-content\/uploads\/2017\/12\/9_Fischereibecken-Eng.-White-Bahia-Blanca.jpeg 1280w, https:\/\/windpilot.com\/blog\/wp-content\/uploads\/2017\/12\/9_Fischereibecken-Eng.-White-Bahia-Blanca-300x169.jpeg 300w, https:\/\/windpilot.com\/blog\/wp-content\/uploads\/2017\/12\/9_Fischereibecken-Eng.-White-Bahia-Blanca-768x432.jpeg 768w, https:\/\/windpilot.com\/blog\/wp-content\/uploads\/2017\/12\/9_Fischereibecken-Eng.-White-Bahia-Blanca-1024x576.jpeg 1024w\" sizes=\"auto, (max-width: 1280px) 100vw, 1280px\" \/><\/p>\n<p>Etwa 7000 km brasilianische K\u00fcste in 3 Monaten abzusegeln und auch dann und wann etwas zu besichtigen ist eine kaum l\u00f6sbare Aufgabe. Doch in der Vergangenheit konnte die Yacht-Crew ihre Aufenthaltsgenehmigung problemlos f\u00fcr sich und das Schiff um weitere 3 Monate verl\u00e4ngern. Der Tourist bringt dem Land schlie\u00dflich Devisen. <\/p>\n<p><img loading=\"lazy\" decoding=\"async\" src=\"https:\/\/windpilot.com\/blog\/wp-content\/uploads\/2017\/12\/Foz_de_Iguazu_01.jpeg\" alt=\"\" width=\"768\" height=\"432\" class=\"alignleft size-full wp-image-16465\" srcset=\"https:\/\/windpilot.com\/blog\/wp-content\/uploads\/2017\/12\/Foz_de_Iguazu_01.jpeg 768w, https:\/\/windpilot.com\/blog\/wp-content\/uploads\/2017\/12\/Foz_de_Iguazu_01-300x169.jpeg 300w\" sizes=\"auto, (max-width: 768px) 100vw, 768px\" \/><\/p>\n<p>Auf dem Weg von Argentinien nach Norden gegen den vorherrschenden Nordostwind glaubten wir vorsorglich in Cabo Frio \u2013 \u00f6stlich von Rio \u2013 beim Zoll (Receita) vorsprechen zu sollen. Man muss wissen, dass hier Beh\u00f6rden unvorhersehbar reagieren. Bei der Einreise von den Kapverden vor einigen Jahren wollte eine energische Beamtin uns nur Zutritt zum Land gew\u00e4hren, wenn wir von unserer Bank einen offiziellen Kontoauszug vorlegen. Wir kamen \u2013 ausnahmsweise \u2013 mit einem Kontostand-Download auf dem Laptop davon. Bei Nachfrage zu dieser Bestimmung in Rio meinte der Zoll-Chef lapidar: &#8222;The Lady had a bad day.&#8220; <\/p>\n<p><img loading=\"lazy\" decoding=\"async\" src=\"https:\/\/windpilot.com\/blog\/wp-content\/uploads\/2017\/12\/Fr\u00e9vo-Karnaval_in_Recife.jpeg\" alt=\"\" width=\"1280\" height=\"960\" class=\"alignleft size-full wp-image-16466\" srcset=\"https:\/\/windpilot.com\/blog\/wp-content\/uploads\/2017\/12\/Fr\u00e9vo-Karnaval_in_Recife.jpeg 1280w, https:\/\/windpilot.com\/blog\/wp-content\/uploads\/2017\/12\/Fr\u00e9vo-Karnaval_in_Recife-300x225.jpeg 300w, https:\/\/windpilot.com\/blog\/wp-content\/uploads\/2017\/12\/Fr\u00e9vo-Karnaval_in_Recife-768x576.jpeg 768w, https:\/\/windpilot.com\/blog\/wp-content\/uploads\/2017\/12\/Fr\u00e9vo-Karnaval_in_Recife-1024x768.jpeg 1024w\" sizes=\"auto, (max-width: 1280px) 100vw, 1280px\" \/><\/p>\n<p>Freundlich, englisch sprechend und hilfsbereit empfing uns der Zoll-Boss in Cabo Frio auf dem Flughafen, um unseren Verl\u00e4ngerungswunsch anzuh\u00f6ren: &#8222;No problem!&#8220; Wir sollen morgen wiederkommen &#8211; alle Wege in Brasilien sind kleine Weltreisen \u2013 und bei seiner Kollegin zuerst im Pass ein neues Visum stempeln lassen. Hartes n\u00e4chtliches Gesetzes-Studium brachte die Beamten am n\u00e4chsten Tag zu der Erkenntnis: Nix geht mehr! Die Gesetze f\u00fcr Touristen wurden ge\u00e4ndert, das Schiff darf noch (maximal 2 Jahre in einem Hafen mit allen Beh\u00f6rden vor Ort) im Land bleiben, aber die Besatzung muss mindestens f\u00fcr 3 Monate das Land verlassen: &#8222;I am sorry, you have to take that serious.&#8220; Jeder \u00fcberzogene Tag f\u00fcr die Besatzung kostet 100 Reales (ca. 27 Euro). Dies brachte uns nach Salvador da Bahia, um f\u00fcr uns einen Heimflug und das Schiff eine Bleibe zu suchen. Ein g\u00fctiges Geschick erm\u00f6glichte uns, bis zum Ablauf des Visums noch einige Tage Frist zu haben. <\/p>\n<p><img loading=\"lazy\" decoding=\"async\" src=\"https:\/\/windpilot.com\/blog\/wp-content\/uploads\/2017\/12\/Mit_dem_Wassertaxi_ueber_den_Fluss-.jpeg\" alt=\"\" width=\"768\" height=\"432\" class=\"alignleft size-full wp-image-16467\" srcset=\"https:\/\/windpilot.com\/blog\/wp-content\/uploads\/2017\/12\/Mit_dem_Wassertaxi_ueber_den_Fluss-.jpeg 768w, https:\/\/windpilot.com\/blog\/wp-content\/uploads\/2017\/12\/Mit_dem_Wassertaxi_ueber_den_Fluss--300x169.jpeg 300w\" sizes=\"auto, (max-width: 768px) 100vw, 768px\" \/><\/p>\n<p>Der erste und uns bereits bekannte Hafen in Salvador nach dem morgenlichen Einlaufen ist der zentrale Terminal Nautico. Ein herbeieilender Funktion\u00e4r wedelt mit dem Zeigfefinger: kein Zutritt, wegen Regatta geschlossen. Also nach nebenan in die Nobel-Marina &#8222;Bahia Marina&#8220; f\u00fcr reichlich 50 Euro umgerechnet pro Tag. Zum Bleiben ist das happig, aber wir fragen trotzdem nach 3 Monaten Verweildauer. Das ist auch wieder &#8222;no problem&#8220; \u2013 doch die Besatzung muss an Bord bleiben. Gleichzeitig muss sie nat\u00fcrlich das Land verlassen&#8230; <\/p>\n<p><img loading=\"lazy\" decoding=\"async\" src=\"https:\/\/windpilot.com\/blog\/wp-content\/uploads\/2017\/12\/P1000184.jpeg\" alt=\"\" width=\"1280\" height=\"960\" class=\"alignleft size-full wp-image-16468\" srcset=\"https:\/\/windpilot.com\/blog\/wp-content\/uploads\/2017\/12\/P1000184.jpeg 1280w, https:\/\/windpilot.com\/blog\/wp-content\/uploads\/2017\/12\/P1000184-300x225.jpeg 300w, https:\/\/windpilot.com\/blog\/wp-content\/uploads\/2017\/12\/P1000184-768x576.jpeg 768w, https:\/\/windpilot.com\/blog\/wp-content\/uploads\/2017\/12\/P1000184-1024x768.jpeg 1024w\" sizes=\"auto, (max-width: 1280px) 100vw, 1280px\" \/><\/p>\n<p>Mit der Taxe folgen wir den Empfehlungen der nautischen F\u00fchrer. Recht weit au\u00dferhalb der Stadt in der Baia Aratu liegt der anscheinend ideale gastfreundliche Club &#8222;Iate Club Aratu&#8220;. Der Pf\u00f6rtner, w\u00e4hrend er eine Saugevorrichtung nicht aus dem Mund nimmt, weist uns ab: keine G\u00e4ste!! Nicht mal die Stege d\u00fcrfen wir sehen. <\/p>\n<p><img loading=\"lazy\" decoding=\"async\" src=\"https:\/\/windpilot.com\/blog\/wp-content\/uploads\/2017\/12\/P1000966.jpeg\" alt=\"\" width=\"768\" height=\"432\" class=\"alignleft size-full wp-image-16469\" \/><\/p>\n<p>Uns \u00fcberkommt eine leichte Panik, aber der Franzose Philippe von der Marina Ocema gibt Entwarnung. Vorwiegend Motorboote liegen an dem langen Steg, preisg\u00fcnstig und gesch\u00fctzt. Er zeigt uns den Platz, den wir in 2 Tagen anlaufen d\u00fcrfen. Ich m\u00f6chte im voraus bezahlen, doch er will kein Geld annehmen, bevor wir nicht beim Zoll im Hafen von Salvador waren. Wir wissen aus Erfahrung, dass alle Schwierigkeiten beseitigt sind, weil wir als Beweis unserer gefordertenAusreise bereits die Flugtickets als Joker aus dem \u00c4rmel ziehen werden. <\/p>\n<p><img loading=\"lazy\" decoding=\"async\" src=\"https:\/\/windpilot.com\/blog\/wp-content\/uploads\/2017\/12\/P1010996.jpeg\" alt=\"\" width=\"1280\" height=\"722\" class=\"alignleft size-full wp-image-16470\" srcset=\"https:\/\/windpilot.com\/blog\/wp-content\/uploads\/2017\/12\/P1010996.jpeg 1280w, https:\/\/windpilot.com\/blog\/wp-content\/uploads\/2017\/12\/P1010996-300x169.jpeg 300w, https:\/\/windpilot.com\/blog\/wp-content\/uploads\/2017\/12\/P1010996-768x433.jpeg 768w, https:\/\/windpilot.com\/blog\/wp-content\/uploads\/2017\/12\/P1010996-1024x578.jpeg 1024w\" sizes=\"auto, (max-width: 1280px) 100vw, 1280px\" \/><\/p>\n<p>Mit seinem Wagen und allen von ihm ausgef\u00fcllten Papieren treten wir den langen Weg zum Zoll an. Und nun warten wir, warten und warten. Die junge Frau, die uns die Papiere abgenommen hat, l\u00e4sst sich nach 2 Stunden mal wieder blicken. Ich bekomme aber keine Anwort auf meine spanisch gestellte Frage, ob sie geschlafen hat. Kurz vor Dienstschluss dann die definitive Ansage: in dieser Marina d\u00fcrfen wir das Schiff nicht lassen. Philippe rastet aus und ergeht sich in verschiedenen Spekulationen: dieser Zollchef hat fr\u00fcher seine brasilianische Frau angebaggert&#8230;Erneut beginnt mit Philippes Hilfe die Suche. Wir landen in der Marina &#8222;Angra dos Veleiros&#8220; in Ribeiro, von wo erneut der Abmelde-Parcours (Capitania, Receita) durchlaufen werden muss. Die Vereins-Sekret\u00e4rin wei\u00df nicht, was sie machen muss. Als &#8222;Experte&#8220; in Sachen Zoll lasse ich sie das Schreiben aufsetzen, in dem best\u00e4tigt wird, das der Verein das ausl\u00e4ndische Schiff beherbergt. <\/p>\n<p><img loading=\"lazy\" decoding=\"async\" src=\"https:\/\/windpilot.com\/blog\/wp-content\/uploads\/2017\/12\/P1040457-Der-74.-Geburtstag-mit-Pingis-Geschenk.jpeg\" alt=\"\" width=\"1280\" height=\"720\" class=\"alignleft size-full wp-image-16471\" srcset=\"https:\/\/windpilot.com\/blog\/wp-content\/uploads\/2017\/12\/P1040457-Der-74.-Geburtstag-mit-Pingis-Geschenk.jpeg 1280w, https:\/\/windpilot.com\/blog\/wp-content\/uploads\/2017\/12\/P1040457-Der-74.-Geburtstag-mit-Pingis-Geschenk-300x169.jpeg 300w, https:\/\/windpilot.com\/blog\/wp-content\/uploads\/2017\/12\/P1040457-Der-74.-Geburtstag-mit-Pingis-Geschenk-768x432.jpeg 768w, https:\/\/windpilot.com\/blog\/wp-content\/uploads\/2017\/12\/P1040457-Der-74.-Geburtstag-mit-Pingis-Geschenk-1024x576.jpeg 1024w\" sizes=\"auto, (max-width: 1280px) 100vw, 1280px\" \/><\/p>\n<p>W\u00e4hrend der Abflugtermin immer n\u00e4her r\u00fcckt, hoffe ich, nur noch diesen Tag opfern zu m\u00fcssen. Beim Zoll ist ein neues Gesicht, das nicht wei\u00df, was zu tun ist. Der brasilianische Verbindungsmann zu den Regatta-Schiffen im Hafen (Jacques Vabre Regatta Le Havre \u2013 Salvador)kl\u00e4rt die Dame auf \u2013 und uns, dass das mitgef\u00fchrte Vereins-Dokument prima ist, aber es muss noch einmal auf ein Formblatt geschrieben werden. Anheften geht nicht. <\/p>\n<p><img loading=\"lazy\" decoding=\"async\" src=\"https:\/\/windpilot.com\/blog\/wp-content\/uploads\/2017\/12\/P1040731-Gegen\u00fcber-vom-Yachtclub-Angra-dos-Veleiros-eine-von-450-Favelas.jpeg\" alt=\"\" width=\"1280\" height=\"720\" class=\"alignleft size-full wp-image-16472\" srcset=\"https:\/\/windpilot.com\/blog\/wp-content\/uploads\/2017\/12\/P1040731-Gegen\u00fcber-vom-Yachtclub-Angra-dos-Veleiros-eine-von-450-Favelas.jpeg 1280w, https:\/\/windpilot.com\/blog\/wp-content\/uploads\/2017\/12\/P1040731-Gegen\u00fcber-vom-Yachtclub-Angra-dos-Veleiros-eine-von-450-Favelas-300x169.jpeg 300w, https:\/\/windpilot.com\/blog\/wp-content\/uploads\/2017\/12\/P1040731-Gegen\u00fcber-vom-Yachtclub-Angra-dos-Veleiros-eine-von-450-Favelas-768x432.jpeg 768w, https:\/\/windpilot.com\/blog\/wp-content\/uploads\/2017\/12\/P1040731-Gegen\u00fcber-vom-Yachtclub-Angra-dos-Veleiros-eine-von-450-Favelas-1024x576.jpeg 1024w\" sizes=\"auto, (max-width: 1280px) 100vw, 1280px\" \/><\/p>\n<p>Am n\u00e4chsten Tag \u00fcberlegen wir, ob wir die Fl\u00fcge sausen lassen und einfach ohne Abmeldung auslaufen. Ich widerstehe der Versuchung und opfere einen weiteren Tag. Dann quetsche ich in gl\u00fchender Hitze meine Maschinen-Wartungsarbeiten in 13 Stunden zusammen, wobei mir das Getriebe\u00f6l in die Bilge l\u00e4uft, und verfluche den Zollchef. Leider ist er keine Romanfigur&#8230; <\/p>\n<p><img loading=\"lazy\" decoding=\"async\" src=\"https:\/\/windpilot.com\/blog\/wp-content\/uploads\/2017\/12\/P1040734-SY-Nadine-am-Clubsteg-von-Angra-dos-Veleiros.jpeg\" alt=\"\" width=\"1280\" height=\"720\" class=\"alignleft size-full wp-image-16473\" srcset=\"https:\/\/windpilot.com\/blog\/wp-content\/uploads\/2017\/12\/P1040734-SY-Nadine-am-Clubsteg-von-Angra-dos-Veleiros.jpeg 1280w, https:\/\/windpilot.com\/blog\/wp-content\/uploads\/2017\/12\/P1040734-SY-Nadine-am-Clubsteg-von-Angra-dos-Veleiros-300x169.jpeg 300w, https:\/\/windpilot.com\/blog\/wp-content\/uploads\/2017\/12\/P1040734-SY-Nadine-am-Clubsteg-von-Angra-dos-Veleiros-768x432.jpeg 768w, https:\/\/windpilot.com\/blog\/wp-content\/uploads\/2017\/12\/P1040734-SY-Nadine-am-Clubsteg-von-Angra-dos-Veleiros-1024x576.jpeg 1024w\" sizes=\"auto, (max-width: 1280px) 100vw, 1280px\" \/>Was bleibt als Fazit? Variante eins: unser gesetzestreuer Weg. Variante zwei: sich in keinem Hafen anmelden, bevor man nicht sicher ist, das Land in 3 Monaten wieder verlassen zu k\u00f6nnen. Risiko: wenn der Zoll seine Beute schnappt, sind 20% des im Formular eingetragenen US-Dollar Schiffswertes f\u00e4llig. Ein mancher konnte sein Schiff nicht zur\u00fcckkaufen. Variante drei: das Land vermeiden. <\/p>\n<p>Nachsatz: Es gibt auch sehr nette und hilfsbereite Brasilianer. <\/p>\n<p>Uli Hering, SY &#8222;Nadine&#8220;, Salvador da Bahia, November 2017<\/p>\n<p><a href=\"http:\/\/www.schiffergilde-berlin.de\/nadine\/\" target=\"_blank\">WEITERLESEN<\/a><\/p>\n","protected":false},"excerpt":{"rendered":"<p>November 2017 SALVADOR DA BAHIA, BRASILIEN Brasilien, Brasilien&#8230; hei\u00dft der bekannte Roman des brasilianischen Schriftstellers Jo\u00e3o Ubaldo Ribeiro. Er spielt genau dort, wo wir uns jetzt mit unserem Schiff befinden: in Salvador da Bahia. Es geht um die Geschichte dieser &hellip; <a href=\"https:\/\/windpilot.com\/blog\/blogs\/deutsch-cruising-area\/sued-amerika\/brasilien-erfahrungen\/\">Weiterlesen <span class=\"meta-nav\">&rarr;<\/span><\/a><\/p>\n","protected":false},"author":1,"featured_media":0,"parent":15239,"menu_order":-2,"comment_status":"open","ping_status":"closed","template":"","meta":{"footnotes":""},"class_list":["post-16461","page","type-page","status-publish","hentry"],"_links":{"self":[{"href":"https:\/\/windpilot.com\/blog\/wp-json\/wp\/v2\/pages\/16461","targetHints":{"allow":["GET"]}}],"collection":[{"href":"https:\/\/windpilot.com\/blog\/wp-json\/wp\/v2\/pages"}],"about":[{"href":"https:\/\/windpilot.com\/blog\/wp-json\/wp\/v2\/types\/page"}],"author":[{"embeddable":true,"href":"https:\/\/windpilot.com\/blog\/wp-json\/wp\/v2\/users\/1"}],"replies":[{"embeddable":true,"href":"https:\/\/windpilot.com\/blog\/wp-json\/wp\/v2\/comments?post=16461"}],"version-history":[{"count":3,"href":"https:\/\/windpilot.com\/blog\/wp-json\/wp\/v2\/pages\/16461\/revisions"}],"predecessor-version":[{"id":16474,"href":"https:\/\/windpilot.com\/blog\/wp-json\/wp\/v2\/pages\/16461\/revisions\/16474"}],"up":[{"embeddable":true,"href":"https:\/\/windpilot.com\/blog\/wp-json\/wp\/v2\/pages\/15239"}],"wp:attachment":[{"href":"https:\/\/windpilot.com\/blog\/wp-json\/wp\/v2\/media?parent=16461"}],"curies":[{"name":"wp","href":"https:\/\/api.w.org\/{rel}","templated":true}]}}