{"id":16533,"date":"2017-12-24T04:52:31","date_gmt":"2017-12-24T11:52:31","guid":{"rendered":"https:\/\/windpilot.com\/blog\/?page_id=16533"},"modified":"2019-06-02T02:23:16","modified_gmt":"2019-06-02T09:23:16","slug":"ggr-longueroute-2","status":"publish","type":"page","link":"https:\/\/windpilot.com\/blog\/golden-globe-race\/ggr-llr\/ggr-longueroute-2\/","title":{"rendered":"Januar 2018"},"content":{"rendered":"<p><strong>DIE PLANUNG EINER GROSSEN REISE<\/strong><br \/>\nSechs Monate sind \u2013 eigentlich &#8211; eine lange Zeit, jedenfalls, wenn man eine Reise plant.<\/p>\n<p><img loading=\"lazy\" decoding=\"async\" class=\"alignleft size-full wp-image-16537\" src=\"https:\/\/windpilot.com\/blog\/wp-content\/uploads\/2017\/12\/golden_vendee_race_neu.jpeg\" alt=\"\" width=\"842\" height=\"612\" srcset=\"https:\/\/windpilot.com\/blog\/wp-content\/uploads\/2017\/12\/golden_vendee_race_neu.jpeg 842w, https:\/\/windpilot.com\/blog\/wp-content\/uploads\/2017\/12\/golden_vendee_race_neu-300x218.jpeg 300w, https:\/\/windpilot.com\/blog\/wp-content\/uploads\/2017\/12\/golden_vendee_race_neu-768x558.jpeg 768w\" sizes=\"auto, (max-width: 842px) 100vw, 842px\" \/><\/p>\n<p>F\u00fcr Segler, die neben den Koffern auch noch ihre Schiffe zu packen haben, kann die Zeit dann schon im Raffer flitzen, weil die Extra Aufgaben hinter jeder Ecke sitzen, und dort lauern, dass man sie nicht vergessen m\u00f6ge. Ansonsten allerdings fahren viele Segler einfach los und lassen Vergessenes mit den braunen Lastern oder Silberv\u00f6geln zum n\u00e4chsten Hafen transportieren. Logistik sei Dank, kann man sich heute sogar um die ganze Welt reparieren, vorausgesetzt, die Plastik Karten sind leidensf\u00e4hig, oder werden stillschweigend von der Restfamilie \u2013 dem Landteam oder der Oma? &#8211; aufgeladen oder nachgef\u00fcllt, weil Blut am Ende immer noch dicker als Wasser ist \u2013 und man seine Vorw\u00fcrfe ja auch im Stillen formulieren kann, wenn man das Sparschwein erst geschlachtet, die Scherben zusammengefegt, und die Tr\u00e4nen sodann getrocknet hat, weil am Ende sowieso ja immer alles anders kommt &#8211; eine Lebens-Endlos-Schlangen-Schleife.<\/p>\n<p><img loading=\"lazy\" decoding=\"async\" class=\"alignleft size-full wp-image-16540\" src=\"https:\/\/windpilot.com\/blog\/wp-content\/uploads\/2017\/12\/DSC03875.jpeg\" alt=\"\" width=\"800\" height=\"534\" srcset=\"https:\/\/windpilot.com\/blog\/wp-content\/uploads\/2017\/12\/DSC03875.jpeg 800w, https:\/\/windpilot.com\/blog\/wp-content\/uploads\/2017\/12\/DSC03875-300x200.jpeg 300w, https:\/\/windpilot.com\/blog\/wp-content\/uploads\/2017\/12\/DSC03875-768x513.jpeg 768w\" sizes=\"auto, (max-width: 800px) 100vw, 800px\" \/><\/p>\n<p>Einmal angekommen, fragt sp\u00e4ter keiner mehr nach den durchstandenen Schwierigkeiten \u2013 oder Qualen? &#8211; einer Reise, oder gar einer Weltumsegelung, weil man ja offenkundig angekommen ist und sodann &#8211; m\u00f6glichst ger\u00e4uschlos &#8211; seinen Platz im Hamsterrad &#8211; gef\u00e4lligst? &#8211; wieder einzunehmen hat. Oder anders herum: am Ende wird jede Leistung am Grad durchlittener Schwierigkeiten bemessen, damit der Heiligenschein ggf. noch ein wenig heller strahlt. Manch einer mag versucht sein, hier ein wenig nachzuhelfen, wobei Standpunkte dann schon mal dem Sonnenstand angepasst werden &#8211; also pl\u00f6tzlich lange Schatten werfen \u2013 oder eben nicht! Legenden m\u00fcssen \u2013 zumindest in der Aussendarstellung &#8211; stimmig sein, auch wenn in den K\u00f6pfen der Protagonisten ganz andere Wahrheiten schlummern oder lauern.<\/p>\n<p><img loading=\"lazy\" decoding=\"async\" class=\"alignleft size-full wp-image-16538\" src=\"https:\/\/windpilot.com\/blog\/wp-content\/uploads\/2017\/12\/DSC03881.jpeg\" alt=\"\" width=\"800\" height=\"534\" srcset=\"https:\/\/windpilot.com\/blog\/wp-content\/uploads\/2017\/12\/DSC03881.jpeg 800w, https:\/\/windpilot.com\/blog\/wp-content\/uploads\/2017\/12\/DSC03881-300x200.jpeg 300w, https:\/\/windpilot.com\/blog\/wp-content\/uploads\/2017\/12\/DSC03881-768x513.jpeg 768w\" sizes=\"auto, (max-width: 800px) 100vw, 800px\" \/><\/p>\n<p><strong>SALON NAUTIQUE DE PARIS<\/strong><br \/>\nIn Paris war alles anders. Nicht nur, weil am fr\u00fchen Morgen ein wagemutiger Hochseilartist in 100 Meter H\u00f6he seinen schwankenden Weg bei Seitenwind vom Eiffelturm zum Trocadero balancierte und damit den gesamten Verkehr ruinierte, will sagen: zum Erliegen brachte &#8211; sondern auch, weil am Porte de Versailles ca 44 Segler in zwei unterschiedlichen Versammlungen zusammen gekommen sind, die allesamt vom Solo Nonstop Segel Virus infiziert, sich auf die Reise ihres Lebens vorbereiten, darunter auch Wiederholungs Solo Nonstop Segler wie Jean Juc van den Heede, franz\u00f6sisches Segler Monument, der bereits 5 Solo Reisen im Kielwasser, nun zur 6.ten Reise \u2013 dieses Mal im Slow Motion Modus &#8211; anzutreten plant.<\/p>\n<p>Es galt also, Pressetermine in Les Sables und Paris zu absolvieren, Kurzportraits auf Video zu erstellen und sich einer staunenden \u00d6ffentlichkeit \u2013 sowie den weit ge\u00f6ffneten Kamera Linsen &#8211; zu pr\u00e4sentieren.<\/p>\n<p><iframe loading=\"lazy\" src=\"https:\/\/player.vimeo.com\/video\/246352644\" width=\"640\" height=\"360\" frameborder=\"0\" allowfullscreen=\"allowfullscreen\"><\/iframe><\/p>\n<p>Die Gemengelage der Segler war h\u00f6chst verschieden, der Kapitaleinsatz nochmals unterschiedlicher \u2013 und es wird reizvoll, die zwei Veranstaltungen ein wenig zu differenzieren, obgleich sie bereits im vorherigen Bericht grob umrissen worden sind:<\/p>\n<p>https:\/\/windpilot.com\/blog\/blogs\/gold-globe-race-2018\/ggr-longueroute\/<\/p>\n<p><img loading=\"lazy\" decoding=\"async\" class=\"alignleft size-full wp-image-16541\" src=\"https:\/\/windpilot.com\/blog\/wp-content\/uploads\/2017\/12\/DSC03915.jpeg\" alt=\"\" width=\"800\" height=\"534\" srcset=\"https:\/\/windpilot.com\/blog\/wp-content\/uploads\/2017\/12\/DSC03915.jpeg 800w, https:\/\/windpilot.com\/blog\/wp-content\/uploads\/2017\/12\/DSC03915-300x200.jpeg 300w, https:\/\/windpilot.com\/blog\/wp-content\/uploads\/2017\/12\/DSC03915-768x513.jpeg 768w\" sizes=\"auto, (max-width: 800px) 100vw, 800px\" \/><\/p>\n<p><strong>GOLDEN GLOBE ROUTE &#8211; GGR<\/strong>: eine Gruppe, die sich einer straff organisierten Veranstaltung angeschlossen hat, deren umfangreiches Regelwerk, samt finanzieller Strafen und Konsequenzen, zu befolgen, sie unterschrieben haben, um eine Zulassung zu erhalten, nat\u00fcrlich, nachdem sie das Startgeld entrichtet haben. Eine Veranstaltung, die ihnen im Gegenzug mediale Aufmerksamkeit &#8211; ggf. Ber\u00fchmtheit &#8211; verspricht und ein Preisgeld in Aussicht stellt, vermutlich der Kick und Schl\u00fcssel zur Teilnahme f\u00fcr einige Segler. Ein vorzugsweise international gestreutes Teilnehmerfeld garantiert sodann beste weltweite Verbreitung, weshalb der Veranstalter sich hier und dort Ausnahmen vorbeh\u00e4lt, um das Teilnehmerfeld zu runden bzw. besser zu streuen.<\/p>\n<p><img loading=\"lazy\" decoding=\"async\" class=\"alignleft size-full wp-image-16545\" src=\"https:\/\/windpilot.com\/blog\/wp-content\/uploads\/2017\/12\/DSC03910.jpeg\" alt=\"\" width=\"800\" height=\"534\" srcset=\"https:\/\/windpilot.com\/blog\/wp-content\/uploads\/2017\/12\/DSC03910.jpeg 800w, https:\/\/windpilot.com\/blog\/wp-content\/uploads\/2017\/12\/DSC03910-300x200.jpeg 300w, https:\/\/windpilot.com\/blog\/wp-content\/uploads\/2017\/12\/DSC03910-768x513.jpeg 768w\" sizes=\"auto, (max-width: 800px) 100vw, 800px\" \/><\/p>\n<p>Als bestes Beispiel mag der Inder Abilash Tony gelten, der in seiner Heimat durch seine fr\u00fchere Nonstop Weltumsegelung Ber\u00fchmtheit erlangt hat. Abilash wird zur GGR mit einem Neubau einer SUAHELI Replica am Start erwartet, eine Attraktion, die der Veranstaltung besonderen Glanz verleiht, weil sie ganz augenf\u00e4llig die Zeitspanne von 50 Jahren dokumentiert.<\/p>\n<p><img loading=\"lazy\" decoding=\"async\" class=\"alignleft size-full wp-image-16544\" src=\"https:\/\/windpilot.com\/blog\/wp-content\/uploads\/2017\/12\/DSC03925.jpeg\" alt=\"\" width=\"800\" height=\"534\" srcset=\"https:\/\/windpilot.com\/blog\/wp-content\/uploads\/2017\/12\/DSC03925.jpeg 800w, https:\/\/windpilot.com\/blog\/wp-content\/uploads\/2017\/12\/DSC03925-300x200.jpeg 300w, https:\/\/windpilot.com\/blog\/wp-content\/uploads\/2017\/12\/DSC03925-768x513.jpeg 768w\" sizes=\"auto, (max-width: 800px) 100vw, 800px\" \/><\/p>\n<p><strong>LA LONGUE ROUTE &#8211; LLR<\/strong>:eine Gruppe von Seglern, die \u2013 aus den unterschiedlichsten Gr\u00fcnden \u2013 einfach nur Nonstop um die Erde zu segeln planen, ganz im Sinne ihres grossen Vorbilds Bernard Moitessier, mit Schiffen und Ausr\u00fcstung, die nur wenigen Beschr\u00e4nkungen unterliegen.<\/p>\n<p>Man h\u00e4tte die GGR und LLR bis vor kurzem mit typical british oder eben franz\u00f6sisch charakterisieren k\u00f6nnen. Seit dem Umzug der GGR nach Les Sables sind diese Merkmale ein wenig durcheinander geraten, weil beide Veranstaltungen nun in Frankreich organisiert werden. So wird ein Vergleich naheliegend, der interessante R\u00fcckschl\u00fcsse m\u00f6glich macht.<\/p>\n<p>Allen hier interessierten Teilnehmern gemeinsam: sie haben sich einer gewaltigen Herausforderung gestellt, f\u00fcr Segler vermutlich die gr\u00f6sste, der man sich stellen kann und es ist kein Wunder, dass hier Menschen zusammen kommen, deren seglerische Legende auch in der Vergangenheit ganz besondere Pr\u00e4gungen erfahren hat, unter ihnen manch Segel Legende. Die Portraits der Segler sind <a href=\"http:\/\/goldengloberace.com\/fr\/skippers\/\" target=\"_blank\" rel=\"noopener noreferrer\">hier nachzulesen:<\/a><\/p>\n<p><img loading=\"lazy\" decoding=\"async\" class=\"alignleft size-full wp-image-16546\" src=\"https:\/\/windpilot.com\/blog\/wp-content\/uploads\/2017\/12\/DSC03902.jpeg\" alt=\"\" width=\"800\" height=\"534\" srcset=\"https:\/\/windpilot.com\/blog\/wp-content\/uploads\/2017\/12\/DSC03902.jpeg 800w, https:\/\/windpilot.com\/blog\/wp-content\/uploads\/2017\/12\/DSC03902-300x200.jpeg 300w, https:\/\/windpilot.com\/blog\/wp-content\/uploads\/2017\/12\/DSC03902-768x513.jpeg 768w\" sizes=\"auto, (max-width: 800px) 100vw, 800px\" \/><\/p>\n<p><strong>FRANKREICH FIRST<\/strong><br \/>\n20 Skipper aus Frankreich, keine andere Zahl spiegelt besser, wie sehr die Grande Nation den Segelsport dominiert, mit 6 Skippern repr\u00e4sentiert England die zweitgr\u00f6sste Nation, gefolgt von 3 Skippern aus den USA sowie einer weltweiten Schar, bei der auch Deutschland von einem Skipper vertreten sein wird. In toto sind im GGR Segler aus 14 Nationen repr\u00e4sentiert, wohingegen in der LLR nur <a href=\"http:\/\/longueroute2018.com\/entrants.html\" target=\"_blank\" rel=\"noopener noreferrer\">6 Nationen vertreten sind<\/a>.<\/p>\n<p><strong>DIE BUDGETS<\/strong><br \/>\nDie Teilnahmebedingung geben den Kurs vor, weil deren Erf\u00fcllung manch einen Skipper vor gewaltige Herausforderung stellt, insbesondere finanzieller Natur. Es gibt Stimmen, die das Budget zur Teilnahme an der GGR pro Skipper mit 200 \u2013 300 TEU benennen, weil technische Konformit\u00e4t mit dem Regelwerk herzustellen ist, um die Zulassung zum Start zu erhalten. Nicht alle Segler k\u00f6nnen dies leisten, f\u00fcr etliche bedeutet es einen Flaschenhals von Verzicht im Vorfeld des Races, wobei ingesamt finanziell fast zwei Jahre ohne weiteres Einkommen zu \u00fcberbr\u00fccken sein werden. F\u00fcr Familienv\u00e4ter sicher eine Herausforderung, f\u00fcr im Leben situierte M\u00e4nner ein attraktiver Zeitvertreib mit Zusatzbonus.<\/p>\n<p>Jedenfalls scheinen Spenden- oder Sponsorenaufrufe zur Unterst\u00fctzung der Segler bislang wenig Erfolg gebracht zu haben, wohingegen Sachleistungen \u00fcberall erfolgreich und willkommen sind, wie in den Websites nachzulesen ist.<\/p>\n<p><img loading=\"lazy\" decoding=\"async\" class=\"alignleft size-full wp-image-16547\" src=\"https:\/\/windpilot.com\/blog\/wp-content\/uploads\/2017\/12\/DSC03888.jpeg\" alt=\"\" width=\"800\" height=\"534\" srcset=\"https:\/\/windpilot.com\/blog\/wp-content\/uploads\/2017\/12\/DSC03888.jpeg 800w, https:\/\/windpilot.com\/blog\/wp-content\/uploads\/2017\/12\/DSC03888-300x200.jpeg 300w, https:\/\/windpilot.com\/blog\/wp-content\/uploads\/2017\/12\/DSC03888-768x513.jpeg 768w\" sizes=\"auto, (max-width: 800px) 100vw, 800px\" \/><\/p>\n<p>In der LLR gibt es keine Rahmenbedingungen, die den Seglern Kosten aufzwingen, weil ein jeder f\u00fcr seine Planungen selbst die Verantwortung zu \u00fcbernehmen hat.<\/p>\n<p><strong>VERANTWORTLICHKEITEN<\/strong><br \/>\nVielleicht sollte man die Verantwortlichkeit eines Veranstalters hier als Ma\u00dfstab nehmen, um R\u00fcckschl\u00fcsse auf die Budgets zu ziehen. Wenn kein Veranstalter vorhanden ist, kann er nicht zur Verantwortung gezogen werden. Und genau hier scheiden sich offenbar die Geister.<\/p>\n<p>Der Entschluss des franz\u00f6sischen Seglerverbandes FFV, einen Start der GGR in Les Sables infrage zu stellen, weist exakt in diese Richtung, denn er kritisiert die mangelnde Sicherheitsausr\u00fcstung der Nonstop Segler, weil ihnen modernste Kommunikationsmittel hier bewusst vorenthalten werden. Vermutlich wurde diese Entscheidung \u2013 die Segler unterwegs sozial zu isolieren &#8211; vom Veranstalter getroffen, um aus dieser Ma\u00dfname Einkommen z.B. durch footage, zu erzielen. Die Zeit wird zeigen, ob diese rigide Vorgabe bestehen bleiben wird, oder ob den Seglern soziale Interaktion z.B. mit den Familien zuhause, erlaubt werden wird, wenngleich auch erst als Nebeneffekt vergr\u00f6\u00dferter Sicherheit, um den Veranstalter von Verantwortlichkeit zu entlasten und die finale Zusage der FFV zu erhalten.<\/p>\n<p><strong>DIE ZAHLMEISTER<\/strong><br \/>\nOffenbar wurden allseits Denkfehler gemacht, wie der mehrfache Wechsel des Starthafens augenf\u00e4llig beweisen mag. Ich kann mir vorstellen, dass der Initiator der Idee zur GGR 2018, Don McIntyre, sich einen Zulauf gro\u00dfer Sponsoren Marken erhofft haben mag, in deren finanziellem Windschatten er sich ganz der komplexen Durchf\u00fchrung dieser Veranstaltung h\u00e4tte widmen k\u00f6nnen, einer Aufgabe, in der er enorm erfahren ist, wie die pr\u00e4zisen Teilnahme Bedingungen belegen m\u00f6gen.<\/p>\n<p>Die Lekt\u00fcre <a href=\"http:\/\/goldengloberace.com\/ggr-2018-why\/\" target=\"_blank\" rel=\"noopener noreferrer\">\u201eseiner Begr\u00fcndung\u201c &#8211; dem WHY?<\/a> &#8211; ist aufschlussreich und mag belegen, dass der Veranstalter nun \u201edas Beste\u201c aus der vorhandenen Situation machen wird, indem er sich voll und ganz auf die Durchf\u00fchrung konzentriert, und das R\u00fcckgrat der Veranstaltung \u2013 die Finanzierung \u2013 nun durch sein eigenes Unternehmen McIntyre Adventure sicherstellt.<\/p>\n<p><img loading=\"lazy\" decoding=\"async\" class=\"alignleft size-full wp-image-16542\" src=\"https:\/\/windpilot.com\/blog\/wp-content\/uploads\/2017\/12\/DSC03938.jpeg\" alt=\"\" width=\"800\" height=\"534\" srcset=\"https:\/\/windpilot.com\/blog\/wp-content\/uploads\/2017\/12\/DSC03938.jpeg 800w, https:\/\/windpilot.com\/blog\/wp-content\/uploads\/2017\/12\/DSC03938-300x200.jpeg 300w, https:\/\/windpilot.com\/blog\/wp-content\/uploads\/2017\/12\/DSC03938-768x513.jpeg 768w\" sizes=\"auto, (max-width: 800px) 100vw, 800px\" \/><\/p>\n<p><strong>DIE HEUTIGE RASERITIS<\/strong><br \/>\nSind wir heute \u00fcberreizt? Sind wir nur noch mit Superlativen zu fesseln? Ich bin davon \u00fcberzeugt, nicht nur, weil ich in einem Marktbereich arbeite, der Langsamsegler favorisiert und bedient. Segler, die vom Blauwassersegeln und Reisen tr\u00e4umen sind gemeinhin von den Flug f\u00e4higen Leichtgewichten heutiger Bootsbaukunst kaum zu begeistern.<\/p>\n<p>In einer Zeit, in der die Rekorde einander \u00fcberholend purzeln, in der eine Weltumseglung in Maxibooten von Singlehandern nun in 6 Wochen Realit\u00e4t geworden ist, in der Schiffe unter Zuhilfenahme gigantischer Etats von Gross Konzernen konstruiert und bezahlt werden, deren Investitionen kleinzellig auf die Bev\u00f6lkerung \u2013 also Kunden &#8211; umgelegt werden k\u00f6nnen, warten oder lauern ganze Nationen als \u201eKlick-Vieh\u201c an den Endger\u00e4ten auf Augen Futter, um am Ende die Rechnung f\u00fcr den Investor aufgehen zu lassen. Ein gelungenes Beispiel, wie man &#8222;Klick Vieh&#8220; ausserhalb einer Zielgruppe erreichen kann, ganz \u00e4hnlich wie im Formel Eins Zirkus, wo auch der Trabbi Fahrer mitfiebern und mitreden kann und am Ende latent die intraven\u00f6se Botschaft erh\u00e4lt, wo er sich zuk\u00fcnftig zu versichern habe.<\/p>\n<p>In der heutigen Zeit ist denkbar, dass die GGR einen schweren Stand haben k\u00f6nnte, weil die Dramaturgie eines Spannungsbogens schwerlich \u00fcber ca 300 Tage zu halten sein wird und auch Presseverlautbarungen einer stets hungrigen nationalen Presse ihrer Leserschaft kaum \u00fcber die t\u00e4glichen kleinen Schritte einer im Schneckentempo segelnden Flotte wird informieren wollen, weil etwaige Sensationen \u00fcber einen zu langen Zeitraum verteilt werden werden.<\/p>\n<p><strong>HECKVERZIERUNGEN<\/strong><br \/>\nOhne hier einen Anspruch auf Vollst\u00e4ndigkeit zu erheben, sei hier eine Liste der zur GGR derzeit gemeldeten Schiffe benannt, samt der hier zum Einsatz kommenden Steuersklaven.<\/p>\n<p><strong>ARIES<\/strong><\/p>\n<p>Mark John Sinclair 59 AU<br \/>\nSV Coconut<br \/>\nLello 34<br \/>\n<a href=\"http:\/\/goldengloberace.com\/skipper\/mark-john-sinclair\/\" target=\"_blank\" rel=\"noopener noreferrer\">WEBSITE<\/a><\/p>\n<p>Mark Slats 40 NED<br \/>\nSV Maverick<br \/>\nRustler 36<br \/>\n<a href=\"http:\/\/www.markslats.nl\/\" target=\"_blank\" rel=\"noopener noreferrer\">WEBSITE<\/a><\/p>\n<p><strong>BEAUFORT<\/strong><\/p>\n<p>Nabil W\u00a0Amra 42 Palestine<br \/>\nSV Lel May<br \/>\nBiscay 36<br \/>\n<a href=\"http:\/\/www.sailingwithnabil.com\/\" target=\"_blank\" rel=\"noopener noreferrer\">WEBSITE<\/a><\/p>\n<p>Francesco Cappelletti 39 ITA<br \/>\nSV Momo<br \/>\nEndurance 35 ?<br \/>\n<a href=\"http:\/\/thalassobiote.wordpress.com\/\" target=\"_blank\" rel=\"noopener noreferrer\">WEBSITE<\/a><\/p>\n<p><strong>HYDROVANE<\/strong><\/p>\n<p>Jean-Luc van den Heede 70 FR<br \/>\nSV Matmut<br \/>\nRustler 36<br \/>\n<a href=\"http:\/\/www.vdh.fr\/\" target=\"_blank\" rel=\"noopener noreferrer\">WEBSITE<\/a><\/p>\n<p>Gregor McGuckin IRE 31<br \/>\nSV Gary Luck<br \/>\nBiscay 36<br \/>\n<a href=\"http:\/\/www.gregormcguckin.com\/about\/\" target=\"_blank\" rel=\"noopener noreferrer\">WEBSITE<\/a><\/p>\n<p>Kevin Farebrother 48 AU<br \/>\nSV Silver Heels<br \/>\nTradewind 35 ex DON?<br \/>\n<a href=\"https:\/\/www.kevinfarebrother.com\/\" target=\"_blank\" rel=\"noopener noreferrer\">WEBSITE<\/a><\/p>\n<p>Loic Lepage 61 FR<br \/>\nSV Laaland<br \/>\nNicholson 32<br \/>\n<a href=\"http:\/\/goldengloberace.com\/skipper\/loic-lepage\/\" target=\"_blank\" rel=\"noopener noreferrer\">WEBSITE<\/a><\/p>\n<p><strong>SEA FEATHER + HYDROVANE<\/strong><\/p>\n<p>Ertan Beskardes 56 UK<br \/>\nSV Lazy Otter<br \/>\nRustler 36<br \/>\n<a href=\"http:\/\/goldengloberace.com\/skipper\/ertan-beskardes\/\" target=\"_blank\" rel=\"noopener noreferrer\">WEBSITE<\/a><\/p>\n<p><strong>MONITOR<\/strong><\/p>\n<p>Uku Randmaa 54 Estonia<br \/>\nSV Maibi<br \/>\nRustler 36<br \/>\n<a href=\"http:\/\/www.delfi.ee\/teemalehed\/uku-randmaa\" target=\"_blank\" rel=\"noopener noreferrer\">WEBSITE<\/a><\/p>\n<p>Philippe P\u00e9ch\u00e9 56 FR<br \/>\nSV Gr\u00e9gal<br \/>\nRustler 36<br \/>\n<a href=\"http:\/\/goldengloberace.com\/skipper\/philippe-peche\/\" target=\"_blank\" rel=\"noopener noreferrer\">WEBSITE<\/a><\/p>\n<p>Are Wig 58 NOR<br \/>\nSV Oleanna<br \/>\nOE 32<br \/>\n<a href=\"http:\/\/batogtakst.no\" target=\"_blank\" rel=\"noopener noreferrer\">WEBSITE<\/a><\/p>\n<p>Susie Bundegaard Goodall 28 UK<br \/>\nSV Ariadne<br \/>\nRustler 36<br \/>\n<a href=\"http:\/\/susiegoodall.co.uk\" target=\"_blank\" rel=\"noopener noreferrer\">WEBSITE<\/a><\/p>\n<p><strong>WINDPILOT<\/strong><\/p>\n<p>Abilash Thomy, 38 IND<br \/>\nSV Thuriya,<br \/>\nSuaheli \/ Eric Replica<br \/>\n<a href=\"https:\/\/www.facebook.com\/abhilashtomysailing\/\" target=\"_blank\" rel=\"noopener noreferrer\">WEBSITE<\/a><\/p>\n<p>Istvan Kopar, 62, US<br \/>\nSV Puffin<br \/>\nTradewind 35<br \/>\n<a href=\"http:\/\/koparsailing.com\/\" target=\"_blank\" rel=\"noopener noreferrer\">WEBSITE<\/a><\/p>\n<p>Antoine Cousot 44 FR<br \/>\nSV Goldstar<br \/>\nBiscay 36<br \/>\n<a href=\"https:\/\/www.antoine-cousot.com\/en\/home-2\/\" target=\"_blank\" rel=\"noopener noreferrer\">WEBSITE<\/a><\/p>\n<p>Igor Zaretskiy 66 RU<br \/>\nSV The Grand<br \/>\nEndurance 35<br \/>\n<a href=\"http:\/\/goldengloberace.com\/skipper\/igor-zaretskiy\/\" target=\"_blank\" rel=\"noopener noreferrer\">WEBSITE<\/a><\/p>\n<p>Tapio Lehtinen 59 FIN<br \/>\nSV Asteria<br \/>\nBenello Gaia 36<\/p>\n","protected":false},"excerpt":{"rendered":"<p>DIE PLANUNG EINER GROSSEN REISE Sechs Monate sind \u2013 eigentlich &#8211; eine lange Zeit, jedenfalls, wenn man eine Reise plant. F\u00fcr Segler, die neben den Koffern auch noch ihre Schiffe zu packen haben, kann die Zeit dann schon im Raffer &hellip; <a href=\"https:\/\/windpilot.com\/blog\/golden-globe-race\/ggr-llr\/ggr-longueroute-2\/\">Weiterlesen <span class=\"meta-nav\">&rarr;<\/span><\/a><\/p>\n","protected":false},"author":1,"featured_media":0,"parent":19952,"menu_order":-3,"comment_status":"open","ping_status":"closed","template":"","meta":{"footnotes":""},"class_list":["post-16533","page","type-page","status-publish","hentry"],"_links":{"self":[{"href":"https:\/\/windpilot.com\/blog\/wp-json\/wp\/v2\/pages\/16533","targetHints":{"allow":["GET"]}}],"collection":[{"href":"https:\/\/windpilot.com\/blog\/wp-json\/wp\/v2\/pages"}],"about":[{"href":"https:\/\/windpilot.com\/blog\/wp-json\/wp\/v2\/types\/page"}],"author":[{"embeddable":true,"href":"https:\/\/windpilot.com\/blog\/wp-json\/wp\/v2\/users\/1"}],"replies":[{"embeddable":true,"href":"https:\/\/windpilot.com\/blog\/wp-json\/wp\/v2\/comments?post=16533"}],"version-history":[{"count":30,"href":"https:\/\/windpilot.com\/blog\/wp-json\/wp\/v2\/pages\/16533\/revisions"}],"predecessor-version":[{"id":19960,"href":"https:\/\/windpilot.com\/blog\/wp-json\/wp\/v2\/pages\/16533\/revisions\/19960"}],"up":[{"embeddable":true,"href":"https:\/\/windpilot.com\/blog\/wp-json\/wp\/v2\/pages\/19952"}],"wp:attachment":[{"href":"https:\/\/windpilot.com\/blog\/wp-json\/wp\/v2\/media?parent=16533"}],"curies":[{"name":"wp","href":"https:\/\/api.w.org\/{rel}","templated":true}]}}