{"id":16641,"date":"2017-12-30T05:54:47","date_gmt":"2017-12-30T12:54:47","guid":{"rendered":"https:\/\/windpilot.com\/blog\/?page_id=16641"},"modified":"2018-01-03T09:11:05","modified_gmt":"2018-01-03T16:11:05","slug":"to-labskaus-mafia","status":"publish","type":"page","link":"https:\/\/windpilot.com\/blog\/columns\/peters-lyrikprosa\/to-labskaus-mafia\/","title":{"rendered":"TO &#8211; Labskaus Mafia"},"content":{"rendered":"<p><strong>WERTE LABSKAUS MAFIA<\/strong><\/p>\n<p>Gl\u00fcckwunsch zur erfrischenden Selbsterkenntnis!<br \/>\nWenn sie sich als Vorstand nun selbst als Mafia benennen<br \/>\nso h\u00e4tte niemand eine bessere Bezeichnung finden k\u00f6nnen<br \/>\nauch ich h\u00e4tte mich das n\u00e4mlich kaum getraut,<br \/>\nweil ich die Hosen voll h\u00e4tte,<br \/>\ndass mich Ihr Rechtsanwalt sodann verhaut<br \/>\nweil er sich insbesondere f\u00fcr banale Aktionen<br \/>\nso gern aus dem Schatten traut<br \/>\nund damit immer wieder mal die Vereinsbilanz versaut.<\/p>\n<p><img loading=\"lazy\" decoding=\"async\" src=\"https:\/\/windpilot.com\/blog\/wp-content\/uploads\/2017\/11\/3-Schnacker.jpg\" alt=\"\" width=\"1084\" height=\"759\" class=\"alignleft size-full wp-image-16289\" srcset=\"https:\/\/windpilot.com\/blog\/wp-content\/uploads\/2017\/11\/3-Schnacker.jpg 1084w, https:\/\/windpilot.com\/blog\/wp-content\/uploads\/2017\/11\/3-Schnacker-300x210.jpg 300w, https:\/\/windpilot.com\/blog\/wp-content\/uploads\/2017\/11\/3-Schnacker-768x538.jpg 768w, https:\/\/windpilot.com\/blog\/wp-content\/uploads\/2017\/11\/3-Schnacker-1024x717.jpg 1024w\" sizes=\"auto, (max-width: 1084px) 100vw, 1084px\" \/><\/p>\n<p><strong>APPLAUS AUF OFFENER B\u00dcHNE<\/strong><br \/>\nWeshalb ich meinen Schock lieber verbal verdaue<br \/>\nund meine Antwort also hier in die Tasten haue<br \/>\nUm Ihnen mein Kompliment, mit Sarkasmen verdickt<br \/>\nauf offener B\u00fchne zu verschicken, ohne eine Tr\u00e4ne zu verdr\u00fccken,<br \/>\noder ohne damit Ihren Vorstoss zu belohnen<br \/>\nweil er zwischen den Zeilen so wundervoll offenbart<br \/>\nworan es in Ihnen so besonders fehlt:<br \/>\nAn Feingef\u00fchl, zumindest f\u00fcr die Vereinsseele!<\/p>\n<blockquote class=\"wp-embedded-content\" data-secret=\"b0yDa4oMz1\"><p><a href=\"https:\/\/windpilot.com\/blog\/trans-ocean-news\/die-liebe-scholle\/\">2017 Die Scholle<\/a><\/p><\/blockquote>\n<p><iframe loading=\"lazy\" class=\"wp-embedded-content\" sandbox=\"allow-scripts\" security=\"restricted\" style=\"position: absolute; clip: rect(1px, 1px, 1px, 1px);\" title=\"&#8222;2017 Die Scholle&#8220; &#8212; Windpilot Blog\" src=\"https:\/\/windpilot.com\/blog\/trans-ocean-news\/die-liebe-scholle\/embed\/#?secret=2K8nf4oQUU#?secret=b0yDa4oMz1\" data-secret=\"b0yDa4oMz1\" width=\"600\" height=\"338\" frameborder=\"0\" marginwidth=\"0\" marginheight=\"0\" scrolling=\"no\"><\/iframe><\/p>\n<p><strong>VERLAUTBARUNGEN PARADOX<\/strong><br \/>\nNun haben Sie sich also bei Windpilot selbst verlinkt,<br \/>\neinem Blog, auf dem Sie sich erkennbar zuhause f\u00fchlen.<br \/>\nDrei Kommentare zur TO-Berichterstattung in einer Nacht?<br \/>\nHat bei Ihnen jemand \u00dcberstunden gemacht?<br \/>\nSie zeigen allerdings, soviel ist klar<br \/>\ndass meine Berichte ihr Ziel erreichen<br \/>\ndenn ein Bingo sieht ganz \u00e4hnlich aus.<br \/>\nEin guter Tag \u2013 der gleich weiter geht,<br \/>\nnicht ohne die Gelegenheit zu ergreifen,<br \/>\nein paar Fragen an Sie zu formulieren:<\/p>\n<p><img loading=\"lazy\" decoding=\"async\" src=\"https:\/\/windpilot.com\/blog\/wp-content\/uploads\/2017\/11\/Gartenteich-Nurse.jpg\" alt=\"\" width=\"1063\" height=\"761\" class=\"alignleft size-full wp-image-16290\" srcset=\"https:\/\/windpilot.com\/blog\/wp-content\/uploads\/2017\/11\/Gartenteich-Nurse.jpg 1063w, https:\/\/windpilot.com\/blog\/wp-content\/uploads\/2017\/11\/Gartenteich-Nurse-300x215.jpg 300w, https:\/\/windpilot.com\/blog\/wp-content\/uploads\/2017\/11\/Gartenteich-Nurse-768x550.jpg 768w, https:\/\/windpilot.com\/blog\/wp-content\/uploads\/2017\/11\/Gartenteich-Nurse-1024x733.jpg 1024w\" sizes=\"auto, (max-width: 1063px) 100vw, 1063px\" \/><\/p>\n<p><strong>FRAGEN<\/strong><br \/>\nIst das nun eine edle Steilvorlage?<br \/>\noder nur eine unbedachte dumme Blamage?<br \/>\nIst Ihnen der Kompass auf den Kopf gefallen?<br \/>\nHaben Sie sich nicht r\u00fcckversichert?<br \/>\nOder ist hier jemand vorgeprescht?<br \/>\nWeil er etwas nicht verstanden hat?<br \/>\nOder brennt in Cuxendorf der Dachstuhl schon vehement?<br \/>\nDass man die Kontrolle derart verliert<br \/>\nund das letzte Hemd<br \/>\nnun selbst verbrennt?<\/p>\n<p><img loading=\"lazy\" decoding=\"async\" src=\"https:\/\/windpilot.com\/blog\/wp-content\/uploads\/2017\/11\/Es-geht-um-hartes-segeln.jpg\" alt=\"\" width=\"1072\" height=\"770\" class=\"alignleft size-full wp-image-16294\" srcset=\"https:\/\/windpilot.com\/blog\/wp-content\/uploads\/2017\/11\/Es-geht-um-hartes-segeln.jpg 1072w, https:\/\/windpilot.com\/blog\/wp-content\/uploads\/2017\/11\/Es-geht-um-hartes-segeln-300x215.jpg 300w, https:\/\/windpilot.com\/blog\/wp-content\/uploads\/2017\/11\/Es-geht-um-hartes-segeln-768x552.jpg 768w, https:\/\/windpilot.com\/blog\/wp-content\/uploads\/2017\/11\/Es-geht-um-hartes-segeln-1024x736.jpg 1024w\" sizes=\"auto, (max-width: 1072px) 100vw, 1072px\" \/><\/p>\n<p><strong>VEREIN GANZ RUHIGE SCHOLLE<\/strong><br \/>\nSie haben es bald geschafft,<br \/>\nSie haben den Verein zur \u2013 letzten? &#8211; Ruhe gebracht,<br \/>\nSie haben Kritiker allesamt ausgesessen, gel\u00f6scht<br \/>\noder ihnen den blanken Achtersteven entgegen gehalten,<br \/>\nhaben zugelassen, dass sogar AKKA das Handtuch geworfen hat, zwei bis zuletzt  hoffnungsvoll treue Seelen mit hunderten wertvollen Forenbeitr\u00e4gen,<br \/>\nSie haben das Interesse der Mitglieder &#8211; mit Wonne? &#8211; mit F\u00fcssen getreten, und viele Segler damit verloren.<br \/>\nUnd nun stellen Sie verwundert fest, dass zur HV kein einziger Antrag gestellt worden ist?<br \/>\nSie stehen vor den Tr\u00fcmmern Ihrer Arbeit, die Ihre Mitglieder nur noch schweigend betreten beachten, denn im Internen Forum herrscht seit langem die Grabes Stille.<br \/>\nDenn Sie merken NIX \u2026 bleiben stur in einer unheilvollen Spur<br \/>\nwollen sogar weiter \u00fcber den Erwerb einer Segeljacht beraten<br \/>\nwerden sicher bald ein weisses Kaninchen aus dem Hut zaubern, sollen wir raten?<br \/>\nJust Do It<\/p>\n<p>Wie ein Mitglied so treffend formuliert:<\/p>\n<blockquote><p>Vereinshygiene scheint inzwischen in Cuxhaven ein Fremdwort geworden zu sein &#8211; man kann sich nur noch wundern, mit welcher Leichtigkeit hier elementare Grunds\u00e4tze von Kameradschaft und Anstand \u00fcber Bord geworfen werden.<\/p><\/blockquote>\n<p>Danke, werte Labskaus Mafia, dass Sie mir einen Fusstritt f\u00fcr diesen Blog gegeben haben<br \/>\nPeter Foerthmann<\/p>\n","protected":false},"excerpt":{"rendered":"<p>WERTE LABSKAUS MAFIA Gl\u00fcckwunsch zur erfrischenden Selbsterkenntnis! Wenn sie sich als Vorstand nun selbst als Mafia benennen so h\u00e4tte niemand eine bessere Bezeichnung finden k\u00f6nnen auch ich h\u00e4tte mich das n\u00e4mlich kaum getraut, weil ich die Hosen voll h\u00e4tte, dass &hellip; <a href=\"https:\/\/windpilot.com\/blog\/columns\/peters-lyrikprosa\/to-labskaus-mafia\/\">Weiterlesen <span class=\"meta-nav\">&rarr;<\/span><\/a><\/p>\n","protected":false},"author":1,"featured_media":0,"parent":16634,"menu_order":-2,"comment_status":"open","ping_status":"closed","template":"","meta":{"footnotes":""},"class_list":["post-16641","page","type-page","status-publish","hentry"],"_links":{"self":[{"href":"https:\/\/windpilot.com\/blog\/wp-json\/wp\/v2\/pages\/16641","targetHints":{"allow":["GET"]}}],"collection":[{"href":"https:\/\/windpilot.com\/blog\/wp-json\/wp\/v2\/pages"}],"about":[{"href":"https:\/\/windpilot.com\/blog\/wp-json\/wp\/v2\/types\/page"}],"author":[{"embeddable":true,"href":"https:\/\/windpilot.com\/blog\/wp-json\/wp\/v2\/users\/1"}],"replies":[{"embeddable":true,"href":"https:\/\/windpilot.com\/blog\/wp-json\/wp\/v2\/comments?post=16641"}],"version-history":[{"count":2,"href":"https:\/\/windpilot.com\/blog\/wp-json\/wp\/v2\/pages\/16641\/revisions"}],"predecessor-version":[{"id":16924,"href":"https:\/\/windpilot.com\/blog\/wp-json\/wp\/v2\/pages\/16641\/revisions\/16924"}],"up":[{"embeddable":true,"href":"https:\/\/windpilot.com\/blog\/wp-json\/wp\/v2\/pages\/16634"}],"wp:attachment":[{"href":"https:\/\/windpilot.com\/blog\/wp-json\/wp\/v2\/media?parent=16641"}],"curies":[{"name":"wp","href":"https:\/\/api.w.org\/{rel}","templated":true}]}}