{"id":16669,"date":"2017-12-30T22:28:50","date_gmt":"2017-12-31T05:28:50","guid":{"rendered":"https:\/\/windpilot.com\/blog\/?page_id=16669"},"modified":"2018-01-01T17:45:25","modified_gmt":"2018-01-02T00:45:25","slug":"weltumsegelung","status":"publish","type":"page","link":"https:\/\/windpilot.com\/blog\/columns\/cartoons-firlefanz\/weltumsegelung\/","title":{"rendered":"Weltumsegelung"},"content":{"rendered":"<p><strong>HEIMKEHR UND DANN<\/strong><br \/>\nDie letzten Meilen verfliegen immer im Gallopp, Willkommensfreude auf den Kreis der Lieben, der Bekannten und Verwandten, sogar der alten Tanten, die sonst nicht zum Hafen wanken. Gl\u00fcckseligkeit hier und dort, feuchte Augen sowieso, viel gewunken und Flaschen aufgeploppt, sie zur Neige ausgetrunken, sich Besuche angelegentlich zugesichert. <\/p>\n<p><a href=\"https:\/\/windpilot.com\/blog\/wp-content\/uploads\/2014\/12\/WU-suchbild-m.WP-Kopie.jpg\"><img loading=\"lazy\" decoding=\"async\" src=\"https:\/\/windpilot.com\/blog\/wp-content\/uploads\/2014\/12\/WU-suchbild-m.WP-Kopie.jpg\" alt=\"WU # suchbild m.WP Kopie\" width=\"896\" height=\"674\" class=\"aligncenter size-full wp-image-10617\" srcset=\"https:\/\/windpilot.com\/blog\/wp-content\/uploads\/2014\/12\/WU-suchbild-m.WP-Kopie.jpg 896w, https:\/\/windpilot.com\/blog\/wp-content\/uploads\/2014\/12\/WU-suchbild-m.WP-Kopie-300x226.jpg 300w\" sizes=\"auto, (max-width: 896px) 100vw, 896px\" \/><\/a><\/p>\n<p>Kurz, Familienleben, ja sogar Harmonie, kurzzeitig im Ausnahmemodus, fernab von Hauen oder Stechen, weil man lang Vermisste endlich wieder ins Sozialgef\u00fcge einzubauen hat und die Neuank\u00f6mmlinge ihren langersehnten Platz neu finden oder den alten zu entstauben haben. Hoffnungen und Erwartungen treffen Sehns\u00fcchte, W\u00fcnsche auf Vorw\u00fcrfe, weil man es dereinst gewagt, sich zu entziehen und darum sich nun gef\u00e4lligst einzuf\u00fcgen hat. Ein Prozess, der nur in gegenseitigem Respekt und W\u00fcrde  zu bestehen ist, weil ansonsten hier oder dort Seelen ramponiert und Entt\u00e4uschungen artikuliert, weil niemand gern verliert, was er als angenehm empfunden hat. Merke, eine Seereise  kann eine Z\u00e4sur im Sozialgef\u00fcge hinterlassen, wobei alte Rechnungen nach der R\u00fcckkehr allzu gern pr\u00e4sentiert. Denn, nicht wahr: Familienmitglieder sind Menschen, die zwar gern zu einer Party kommen, ansonsten nicht zwangsl\u00e4ufig Freunde sind &#8211; allen Wohlf\u00fchladressen medialer Zwangs Berieselung zum Trotz.<\/p>\n<p>Irgendwann ist die Willkommenparty dann zu Ende, jeder strebt zur heimischen Chaiselongue, das angesichts offenkundiger Enge an Bord der lieben Freunde oder Verwandten, pl\u00f6tzlich im Wolkenschloss zu stehen scheint. Es liegt im Wesen menschlicher Existenz, sich die eigene Wenigkeit stets optimal zu relativieren, selbst wenn zuhause der feuchte Wind durch die kalte Bude fegt.<\/p>\n<p><a href=\"https:\/\/windpilot.com\/blog\/wp-content\/uploads\/2014\/12\/schottsche_karre_klein.jpg\"><img loading=\"lazy\" decoding=\"async\" src=\"https:\/\/windpilot.com\/blog\/wp-content\/uploads\/2014\/12\/schottsche_karre_klein.jpg\" alt=\"schottsche_karre_klein\" width=\"1237\" height=\"936\" class=\"aligncenter size-full wp-image-10622\" srcset=\"https:\/\/windpilot.com\/blog\/wp-content\/uploads\/2014\/12\/schottsche_karre_klein.jpg 1237w, https:\/\/windpilot.com\/blog\/wp-content\/uploads\/2014\/12\/schottsche_karre_klein-300x227.jpg 300w, https:\/\/windpilot.com\/blog\/wp-content\/uploads\/2014\/12\/schottsche_karre_klein-1024x775.jpg 1024w\" sizes=\"auto, (max-width: 1237px) 100vw, 1237px\" \/><\/a><\/p>\n<p>Die letzte Nacht an Bord, danach wird freudig leerger\u00e4umt, die Klamotten auf der Schott\u00b4schen Karre oder im zu kleinen Auto transportiert. Es folgt &#8211; TRARA! &#8211; die Lebenswende, die Stunde Null, die Segler wieder mit der Heimat vereinen soll. Je nach gef\u00fchlter oder realer Grosswetterlage, der Kenntnis der Gegebenheiten, die den Segler an Land erwarten, die finale Erf\u00fcllung vergangener Sehns\u00fcchte &#8211; oder der Start in unbekanntes Territorium. The morning after the night before kann zum Schock geraten, jedenfalls f\u00fcr Menschen, die sich mental zu wenig pr\u00e4pariert. Ein enormer Vorteil, wer bereits \u00fcber eigene W\u00e4nde verf\u00fcgt und nur sein Seglerged\u00f6hns im Keller, auf dem Boden oder unterm Sofa zu drapieren hat, ansonsten nur zu L\u00fcften, zu Entstauben und ggf. zu Heizen hat. Denn, nicht wahr, wer wieder bei Null anzufangen hat, besitzt im Herzen noch kein Zuhause, weil er dies erst finden und m\u00fchsam mit Leben f\u00fcllen muss, eine zeitraubende Mechanik, bei der mancher die Lust verliert, weil zwischen zwei St\u00fchlen nur harter Boden ist &#8211; zudem das Boot immer noch klar zur n\u00e4chsten Reise an den Leinen zieht. <\/p>\n<p>Denn, was kommt dann? Es ist der Sinn dieser Zeilen, humorvoll &#8211; keinesfalls sarkastisch &#8211; zu beleuchten, bzw zu untersuchen, welche Faktoren einer Lebensgemengelange unverhofft Wichtigkeit erlangen, die man vielleicht kaum bedacht, oder die man verdr\u00e4ngt, weil man sich f\u00fcr den Tag danach, kaum detaillierte Gedanken gemacht, weil auf See ganz andere Dinge im Mittelpunkt gestanden haben. <\/p>\n<p>Ohne hier zu generalisieren, oder Unvergleichbares miteinander zu vergleichen, so gilt es zun\u00e4chst, zu differenzieren, ob die Weltumsegelung inmitten oder am Ende der beruflichen Karriere erfolgt, wobei der Zeitfaktor &#8211; also die L\u00e4nge der Reise &#8211; nat\u00fcrlich eine pr\u00e4gnante Rolle spielt.<\/p>\n<p><a href=\"https:\/\/windpilot.com\/blog\/wp-content\/uploads\/2014\/12\/1zimmerwohnung_klein.jpg\"><img loading=\"lazy\" decoding=\"async\" src=\"https:\/\/windpilot.com\/blog\/wp-content\/uploads\/2014\/12\/1zimmerwohnung_klein.jpg\" alt=\"1zimmerwohnung_klein\" width=\"1238\" height=\"942\" class=\"aligncenter size-full wp-image-10618\" srcset=\"https:\/\/windpilot.com\/blog\/wp-content\/uploads\/2014\/12\/1zimmerwohnung_klein.jpg 1238w, https:\/\/windpilot.com\/blog\/wp-content\/uploads\/2014\/12\/1zimmerwohnung_klein-300x228.jpg 300w, https:\/\/windpilot.com\/blog\/wp-content\/uploads\/2014\/12\/1zimmerwohnung_klein-1024x779.jpg 1024w\" sizes=\"auto, (max-width: 1238px) 100vw, 1238px\" \/><\/a><\/p>\n<p><strong>AKTION UND REAKTION<\/strong><br \/>\nUrsachen, Auswirkungen und ggf Folgen der Entscheidung zur grossen Reise k\u00f6nnten unterschiedlicher nicht geraten, zumal wenn an derartigen Entscheidungen das Wohl einer ganzen Familie h\u00e4ngt. In einer Zeit zunehmender beruflicher Unsicherheiten, werden ggf. Weichen falsch gestellt, wenn Eltern aus ganz egoistischen &#8211; gleichwohl sicher verst\u00e4ndlichen &#8211; Gr\u00fcnden, eine berufliche Karriere aufgeben, die sie sp\u00e4ter nie mehr zu erreichen in der Lage sind &#8211; also fr\u00fch im Leben. Die Entscheidungshoheit f\u00fcr den Kurs des eigenen Lebensschiffs bleibt der jeweiligen Risikoeinsch\u00e4tzung betroffener Menschen \u00fcberlassen, wobei eine Fehleinsch\u00e4tzung heute &#8211; im Gegensatz zur Vergangeheit &#8211; durchaus schwerwiegende Folgen f\u00fcr den weiteren Lebensverlauf haben kann, wenn n\u00e4mlich der Wiedereinstieg nicht gelingt &#8211; wof\u00fcr es zunehmend h\u00e4ufig Beispiele gibt. Der Kampf am Arbeitsplatz, steigende Anforderungen an den Bildungsstand sowie eine l\u00fcckenlos positive Legende beruflicher Aktivit\u00e4ten werden durch eine \u201ePausenzeit\u201c nicht immer positiv vermerkt. Hier haben Spezialisten, deren Expertise am Markt &#8211; oder gar beim bisherigen Arbeitgeber &#8211; nachhaltig gefragt, eindeutig Vorteile, wenn sie nahtlos an den fr\u00fcheren Arbeitsplatz retournieren k\u00f6nnen. Noch besser nat\u00fcrlich, wer sein Leben auf Selbstst\u00e4ndigkeit gebaut und seine Ankn\u00fcpfungspunkte sorgsam beh\u00fctet hat, sodass ein Wiedereinstieg dann m\u00f6glich ist.<\/p>\n<p>Eine Weltumsegelung als Sabbatical ist kaum zu realisieren, sodass die Einschnitte in eine berufliche Karriere zwangl\u00e4ufig gr\u00f6sser sind. <\/p>\n<p>F\u00fcr Kids ist eine Weltumsegelung ein Privileg und zudem ein solider Lebensbaustein, weil sie gegen\u00fcber Alterskameraden einen besseren Blick auf die Welt bekommen, zudem sprachlich gelenkiger kommunizieren k\u00f6nnen, angstfreier Neuem gegen\u00fcber aufgeschlossen sind &#8211; lebenst\u00fcchtiger in jedem Fall &#8211; selbstbewusster und selbstst\u00e4ndiger sowieso, was sie f\u00fcr den weiteren Lebensweg erheblich besser wappnet. <\/p>\n<p><a href=\"https:\/\/windpilot.com\/blog\/wp-content\/uploads\/2014\/12\/strand_klein.jpg\"><img loading=\"lazy\" decoding=\"async\" src=\"https:\/\/windpilot.com\/blog\/wp-content\/uploads\/2014\/12\/strand_klein.jpg\" alt=\"strand_klein\" width=\"1235\" height=\"936\" class=\"aligncenter size-full wp-image-10624\" srcset=\"https:\/\/windpilot.com\/blog\/wp-content\/uploads\/2014\/12\/strand_klein.jpg 1235w, https:\/\/windpilot.com\/blog\/wp-content\/uploads\/2014\/12\/strand_klein-300x227.jpg 300w, https:\/\/windpilot.com\/blog\/wp-content\/uploads\/2014\/12\/strand_klein-1024x776.jpg 1024w\" sizes=\"auto, (max-width: 1235px) 100vw, 1235px\" \/><\/a><\/p>\n<p><strong>DAS SOZIALE NETZ<\/strong><br \/>\nSegler als Weltenbummler besitzen im sozialen Netz von Familien und Freunden eine Sonderstellung, weil ihr Entschluss zum Start einer Z\u00e4sur gleichkommt, die weder mit List, noch T\u00fccke zu beeinflussen ist. Stunde der Wahrheit in Familienstrukturen, die offenlegt, wie weit man einander wirklich respektiert, oder unabh\u00e4ngig von den jeweiligen Beweggr\u00fcnden, seine eigenen W\u00fcnsche und Erwartungen entsprechend korrigiert. <\/p>\n<p>Der Entschluss von Eltern, ihre erwachsenen Kinder nach Aufzucht, Schule, Ausbildung und Studium, final in die Eigenst\u00e4ndigkeit zu entlassen, gar zu schubsen, dokumentiert sinnbildlich, dass es eben auch ein Leben nach den grossen Lebensaufgaben gibt. F\u00fcr manche Kids ein Schock der besonderen Art, weil sie sich ihre Eltern so ganz praktisch zur eigenen Lebenserleichterung erzogen zu haben glaubten. Auch in Familien gilt das Gesetz der Ellenbogen und mir sind einige F\u00e4lle bekannt, wo der Start zur grossen Reise wie eine Flucht gewirkt, weil man das Band zur Familie mit aller Kraft durchschneiden musste, heilsam f\u00fcr beide Seiten, mit manchmal unvorhersehbaren Folgen.<\/p>\n<p>Auch wenn an dieser Stelle \u00fcberall reflex- oder gebetsm\u00fchlenartig gern Gemeinpl\u00e4tze von der heiligen, vor allem heilen, Familie repetiert, offenbart die Realit\u00e4t in vielen Familien, wie schwer es ist, positiven Zusammenhalt vorzuleben und einer nachfolgenden Generation charakterlich zu implementieren, um selbst mit \u201eheiler Haut und heiler Seele\u201c dem Hexenkessel famili\u00e4rer Kriegsschaupl\u00e4tze zu entkommen. Denn sp\u00e4testens, wenn es um die Erhaltung oder Weitergabe von Verm\u00f6gensgegenst\u00e4nden &#8211; Wohnungen und H\u00e4user eingeschlossen &#8211; geht, offenbaren sich manchmal Abgr\u00fcnde, wie es um die Realit\u00e4t famili\u00e4rer Zusammenhalte tats\u00e4chlich steht. Angeheiratete Schwiegerkinder k\u00f6nnen dabei schon mal zur Tellermine werden, wenn vermeintliche Anspr\u00fcche nicht erwartungsgem\u00e4ss bedient. Es soll Familien gegeben haben, in denen Eltern vorgeworfen wurde, dass sie das finanzielle Lebensergebnis wagten, ohne R\u00fccksprache mit der Erbengemeinschaft, selbst zu verleben &#8211; bzw. zu ver-segeln. <\/p>\n<p>So gibt es kaum eine bessere Z\u00e4sur im Leben, als die Entscheidung von Eltern, sich deutlich sichtbar ihren ganz eigenen Interessen zuzuwenden: einer Segelreise, egal, wie lange sie dauern wird. Eine Stunde der Wahrheit f\u00fcr jede Familie. <\/p>\n<p><a href=\"https:\/\/windpilot.com\/blog\/wp-content\/uploads\/2014\/12\/enten_fuettern_klein.jpg\"><img loading=\"lazy\" decoding=\"async\" src=\"https:\/\/windpilot.com\/blog\/wp-content\/uploads\/2014\/12\/enten_fuettern_klein.jpg\" alt=\"enten_fuettern_klein\" width=\"1237\" height=\"932\" class=\"aligncenter size-full wp-image-10619\" srcset=\"https:\/\/windpilot.com\/blog\/wp-content\/uploads\/2014\/12\/enten_fuettern_klein.jpg 1237w, https:\/\/windpilot.com\/blog\/wp-content\/uploads\/2014\/12\/enten_fuettern_klein-300x226.jpg 300w, https:\/\/windpilot.com\/blog\/wp-content\/uploads\/2014\/12\/enten_fuettern_klein-1024x772.jpg 1024w\" sizes=\"auto, (max-width: 1237px) 100vw, 1237px\" \/><\/a><\/p>\n<p><strong>DAS BAND ZUR HEIMAT<\/strong><br \/>\nAllen kommunikativen Zaubertricks zum Trotz, das Band zur Heimat wird d\u00fcnner, je l\u00e4nger eine Reise dauert. Vielfach bleibt am Ende nur die eigene Familie, wobei auch dort das Leben weitergeht und die r\u00e4umliche Distanz zu Seglern in einem anderen Orbit, Spuren hinterl\u00e4\u00dft. Es liegt im Wesen eines eingespielten Umgangs zwischen den Generationen, dass Vorw\u00fcrfe der besonderen Art &#8211; feinsinnig verpackt &#8211; ihre Empf\u00e4nger nie verfehlen. Der Gegenpart von Vorw\u00fcrfen ist als schlechtes Gewissen unser aller st\u00e4ndiger Lebensbegleiter. Mit r\u00e4umlicher Distanz werden diese Pfeile ungleich wirksamer, die manchmal nur mit der Axt zu entsch\u00e4rfen sind. Es liegt im Wesen menschlichen \u00c4lterwerdens, dass der Dauerbeschuss mit Vorw\u00fcrfen jeder Art, am Ende fast jeden einholt, der hier nicht deutlich eine Demarkationslinie zu errichten in der Lage ist. Wer sich nicht wehrt, der lebt verkehrt, ein Lebensgrundsatz, dem wir alle unterworfen sind. Dauerhaft schlechtes Gewissen tut keinem gut, am wenigsten solchen Menschen, die vermeintlich ihr Allerbestes gegeben &#8211; und im Alter festzustellen haben, dass sie offenbar nicht gut genug gewesen sind, um den Vorw\u00fcrfen unzufriedener Nachfahren &#8211; zu entrinnen. Denn Schuld im Wortsinne hat stets der Andere, man muss ihn nur verorten und fixieren, und hoffen, dass er sich dann nicht mehr wehrt &#8211; Menschen k\u00f6nnen schon grausam sein, wenn sie ausser Ich und Mich nichts mehr zu erkennen in der Lage sind.<\/p>\n<p><a href=\"https:\/\/windpilot.com\/blog\/wp-content\/uploads\/2014\/12\/schneeschippen_klein.jpg\"><img loading=\"lazy\" decoding=\"async\" src=\"https:\/\/windpilot.com\/blog\/wp-content\/uploads\/2014\/12\/schneeschippen_klein.jpg\" alt=\"schneeschippen_klein\" width=\"1237\" height=\"938\" class=\"aligncenter size-full wp-image-10621\" srcset=\"https:\/\/windpilot.com\/blog\/wp-content\/uploads\/2014\/12\/schneeschippen_klein.jpg 1237w, https:\/\/windpilot.com\/blog\/wp-content\/uploads\/2014\/12\/schneeschippen_klein-300x227.jpg 300w, https:\/\/windpilot.com\/blog\/wp-content\/uploads\/2014\/12\/schneeschippen_klein-1024x776.jpg 1024w\" sizes=\"auto, (max-width: 1237px) 100vw, 1237px\" \/><\/a><\/p>\n<p><strong>TRENNUNG ALS KATALYSATOR<\/strong><br \/>\nTrennungen kristallisieren das Wesentliche &#8211; eliminieren Unwichtiges, das von allein verschwimmt. Manch ein Segler hat nach der Heimkehr festgestellt, dass er sich mit fr\u00fcheren Freunden nicht mehr viel zu Sagen hat, wobei die Frage erlaubt sei, ob es denn fr\u00fcher anders gewesen ist. Eine Segelreise als Lebenskatalysator? Durchaus denkbar.<\/p>\n<p>Ich habe Segler kennengelernt, deren Aussenkontakte sich zunehmend einschr\u00e4nkten, die am Ende nur noch mit engsten Familienangeh\u00f6rigen in Kontakt geblieben sind, auch wenn sie selbst dort fast zu Outlaws geworden sind.<\/p>\n<p><a href=\"https:\/\/windpilot.com\/blog\/wp-content\/uploads\/2014\/12\/gaestesofa_klein.jpg\"><img loading=\"lazy\" decoding=\"async\" src=\"https:\/\/windpilot.com\/blog\/wp-content\/uploads\/2014\/12\/gaestesofa_klein.jpg\" alt=\"gaestesofa_klein\" width=\"1199\" height=\"926\" class=\"aligncenter size-full wp-image-10620\" srcset=\"https:\/\/windpilot.com\/blog\/wp-content\/uploads\/2014\/12\/gaestesofa_klein.jpg 1199w, https:\/\/windpilot.com\/blog\/wp-content\/uploads\/2014\/12\/gaestesofa_klein-300x232.jpg 300w, https:\/\/windpilot.com\/blog\/wp-content\/uploads\/2014\/12\/gaestesofa_klein-1024x791.jpg 1024w\" sizes=\"auto, (max-width: 1199px) 100vw, 1199px\" \/><\/a><\/p>\n<p><strong>FREUNDE<\/strong><br \/>\nSelbst der Kontakt zu Freunden aus alter Zeit unterliegt Ver\u00e4nderungen, die durchaus damit zu erkl\u00e4ren sind, dass Daheimgebliebene naturgem\u00e4ss Neidgef\u00fchle entwickeln oder kultivieren, weil sie Vergleichbares nicht haben erleben d\u00fcrfen, zudem Heimkehrer nahezu regelm\u00e4ssig vom Erlebten selbst ergriffen sind und das Bed\u00fcrfnis haben, ausgiebig &#8211; oder gar \u00fcberh\u00f6ht? &#8211; zu berichten, was nicht jedem gefallen mag, weil sich mancher dabei kleiner f\u00fchlt.<\/p>\n<p>Es ist zu beobachten, dass vielfach heimgekehrte Segler in ihrem weiteren Leben den Kontakt zu anderen weitgereisten Seglern kultivieren, weil sie dann gemeinsame Erlebnisse ausgiebiger &#8211; ungest\u00f6rter? &#8211; er\u00f6rtern k\u00f6nnen und quasi auf Augenh\u00f6he mehr Verst\u00e4ndnis finden, als mit Menschen, deren Lebensrahmen dauerhaft ein anderer gewesen ist. Gegenseitige Besuche allerdings werden manches Mal zu schwierigem Terrain, weil es einige segelnde Zeitgenossen gibt, die es als kurzweiligen Zeitvertreib betrachten, ihre alten \u201eFreunde\u201c zwangsweise &#8211; heim &#8211; zu be-suchen, Besucherzimmer zu beleben und ungern wieder gehen. Vergleichsweise waren Besuche an Bord weniger verbindlich, weil das eigene Schneckenhaus unweit am eigenen Anker gedreht. Besuch an Land findet mitten im eigenen Leben statt, inkl. der Benutzung von Toilette, Wohn- und Schlafzimmer, samt aller Nebenger\u00e4usche und Ger\u00fcche. Wieviel Ehrlichkeit vertr\u00e4gt da der Mensch? Meine Frau hat hier einen praktischen Terminus erfunden: Fisch und Besuch beginnen nach drei Stunden, Duft zu verbreiten, die eigene Freiheit erf\u00e4hrt Einschr\u00e4nkungen und aufmerksame Neugierde beginnt einzuschlafen, zumindest, wenn Besucher wenig sensibel sind. Wenn man sich traut, seine Meinung authentisch zu \u00e4ussern, ist gegenseitiger Respekt schnell hergestellt, zumal man ansonsten unn\u00f6tig l\u00e4nger leidet. <\/p>\n<p><a href=\"https:\/\/windpilot.com\/blog\/wp-content\/uploads\/2014\/12\/steter_traum_klein.jpg\"><img loading=\"lazy\" decoding=\"async\" src=\"https:\/\/windpilot.com\/blog\/wp-content\/uploads\/2014\/12\/steter_traum_klein.jpg\" alt=\"steter_traum_klein\" width=\"918\" height=\"1239\" class=\"aligncenter size-full wp-image-10623\" srcset=\"https:\/\/windpilot.com\/blog\/wp-content\/uploads\/2014\/12\/steter_traum_klein.jpg 918w, https:\/\/windpilot.com\/blog\/wp-content\/uploads\/2014\/12\/steter_traum_klein-222x300.jpg 222w, https:\/\/windpilot.com\/blog\/wp-content\/uploads\/2014\/12\/steter_traum_klein-759x1024.jpg 759w\" sizes=\"auto, (max-width: 918px) 100vw, 918px\" \/><\/a><\/p>\n<p><strong>FAZIT<\/strong><br \/>\nBleibt zum Schluss die Feststellung, dass Partner, die eine Weltumsegelung durchgestanden haben, f\u00fcr gemeinsame weitere Lebensherausforderungen bestens gewappnet sind, denn wer den Anforderungen auf See die Stirn geboten hast, wird sich an Land kaum noch unterkriegen lassen. <\/p>\n<p>Der Kern jeder Weltumsegelung ist eine intensive Zeit zu Zweit, die zusammen schweisst, die jedoch gegen\u00fcber den Verbliebenen an Land ein wenig distanziert, zudem der Neid \u00fcberall nagt, weil man auf See einen anderen Blick auf die Welt erh\u00e4lt, was zuhause nicht jedem gef\u00e4llt.<\/p>\n<p>Man kann es eben nicht allen Recht machen, aber, wenn es gelingt, mit dem eigenen Leben zufrieden zu sein, ist ein sch\u00f6ner Teil des Lebens wunderbar geregelt &#8230;<\/p>\n<p>meint<br \/>\nPeter Foerthmann<\/p>\n","protected":false},"excerpt":{"rendered":"<p>HEIMKEHR UND DANN Die letzten Meilen verfliegen immer im Gallopp, Willkommensfreude auf den Kreis der Lieben, der Bekannten und Verwandten, sogar der alten Tanten, die sonst nicht zum Hafen wanken. Gl\u00fcckseligkeit hier und dort, feuchte Augen sowieso, viel gewunken und &hellip; <a href=\"https:\/\/windpilot.com\/blog\/columns\/cartoons-firlefanz\/weltumsegelung\/\">Weiterlesen <span class=\"meta-nav\">&rarr;<\/span><\/a><\/p>\n","protected":false},"author":1,"featured_media":0,"parent":16662,"menu_order":-3,"comment_status":"open","ping_status":"closed","template":"","meta":{"footnotes":""},"class_list":["post-16669","page","type-page","status-publish","hentry"],"_links":{"self":[{"href":"https:\/\/windpilot.com\/blog\/wp-json\/wp\/v2\/pages\/16669","targetHints":{"allow":["GET"]}}],"collection":[{"href":"https:\/\/windpilot.com\/blog\/wp-json\/wp\/v2\/pages"}],"about":[{"href":"https:\/\/windpilot.com\/blog\/wp-json\/wp\/v2\/types\/page"}],"author":[{"embeddable":true,"href":"https:\/\/windpilot.com\/blog\/wp-json\/wp\/v2\/users\/1"}],"replies":[{"embeddable":true,"href":"https:\/\/windpilot.com\/blog\/wp-json\/wp\/v2\/comments?post=16669"}],"version-history":[{"count":2,"href":"https:\/\/windpilot.com\/blog\/wp-json\/wp\/v2\/pages\/16669\/revisions"}],"predecessor-version":[{"id":16671,"href":"https:\/\/windpilot.com\/blog\/wp-json\/wp\/v2\/pages\/16669\/revisions\/16671"}],"up":[{"embeddable":true,"href":"https:\/\/windpilot.com\/blog\/wp-json\/wp\/v2\/pages\/16662"}],"wp:attachment":[{"href":"https:\/\/windpilot.com\/blog\/wp-json\/wp\/v2\/media?parent=16669"}],"curies":[{"name":"wp","href":"https:\/\/api.w.org\/{rel}","templated":true}]}}