{"id":16684,"date":"2017-12-30T22:43:46","date_gmt":"2017-12-31T05:43:46","guid":{"rendered":"https:\/\/windpilot.com\/blog\/?page_id=16684"},"modified":"2022-08-14T08:11:50","modified_gmt":"2022-08-14T15:11:50","slug":"pocket-cruiser","status":"publish","type":"page","link":"https:\/\/windpilot.com\/blog\/columns\/cartoons-firlefanz\/pocket-cruiser\/","title":{"rendered":"Pocket Cruiser"},"content":{"rendered":"<p><strong>NEUDEUTSCH WESTENTASCHEN KREUZER<\/strong><\/p>\n<p>Wenn in Deutschen Segler K\u00f6pfen der Begriff von Seet\u00fcchtigkeit unmittelbar an die Schiffsgr\u00f6sse gekoppelt scheint, sollten Schiffe jenseits sieben Metern L\u00e4nge auf hoher See verboten werden, oder nur an der Leine in Dorfteichen schwimmen gelassen werden. <\/p>\n<p><img loading=\"lazy\" decoding=\"async\" src=\"https:\/\/windpilot.com\/blog\/wp-content\/uploads\/2017\/12\/Nonstop-Badewanne-Kopie.jpg\" alt=\"\" width=\"1267\" height=\"869\" class=\"alignleft size-full wp-image-16422\" srcset=\"https:\/\/windpilot.com\/blog\/wp-content\/uploads\/2017\/12\/Nonstop-Badewanne-Kopie.jpg 1267w, https:\/\/windpilot.com\/blog\/wp-content\/uploads\/2017\/12\/Nonstop-Badewanne-Kopie-300x206.jpg 300w, https:\/\/windpilot.com\/blog\/wp-content\/uploads\/2017\/12\/Nonstop-Badewanne-Kopie-768x527.jpg 768w, https:\/\/windpilot.com\/blog\/wp-content\/uploads\/2017\/12\/Nonstop-Badewanne-Kopie-1024x702.jpg 1024w\" sizes=\"auto, (max-width: 1267px) 100vw, 1267px\" \/><\/p>\n<p>Denn daraus folgte: wer sich mit derartigen Schiffen auf die grausame See hinaus traute, dem wird vorauseilend der Leichtsinn vor die F\u00fcsse geworfen. Ein schn\u00f6der Popanz f\u00fcr all jene, die sich selbst versichern, dass der eigene schwimmende Untersatz f\u00fcr ausgiebige T\u00f6rns \u2013 leider? &#8211; nicht gross genug ist? Der deutsche Trick dabei: f\u00fcr zahllose m\u00e4nnliche M\u00fctter von Porzellankisten f\u00e4ngt Seet\u00fcchtigkeit stets erst in einer Gr\u00f6sse an, die man mit eigener H\u00e4nde Arbeit sowieso nicht verdienen kann. <\/p>\n<p><img loading=\"lazy\" decoding=\"async\" src=\"https:\/\/windpilot.com\/blog\/wp-content\/uploads\/2017\/12\/sofasegler_kl-Kopie.jpg\" alt=\"\" width=\"1169\" height=\"850\" class=\"alignleft size-full wp-image-16423\" srcset=\"https:\/\/windpilot.com\/blog\/wp-content\/uploads\/2017\/12\/sofasegler_kl-Kopie.jpg 1169w, https:\/\/windpilot.com\/blog\/wp-content\/uploads\/2017\/12\/sofasegler_kl-Kopie-300x218.jpg 300w, https:\/\/windpilot.com\/blog\/wp-content\/uploads\/2017\/12\/sofasegler_kl-Kopie-768x558.jpg 768w, https:\/\/windpilot.com\/blog\/wp-content\/uploads\/2017\/12\/sofasegler_kl-Kopie-1024x745.jpg 1024w\" sizes=\"auto, (max-width: 1169px) 100vw, 1169px\" \/><\/p>\n<p>Weshalb man sich fortan bequem \u2013 und lebenslang? &#8211; auf dem warmen Sofa sitzend &#8211; hinter diesem Argument verstecken kann \u2013 und von dort eigene Luftschiffe zwar fliegen lassen &#8211; dabei aber sich selbst gegen\u00fcber nie in Schwierigkeiten geraten kann &#8211; weil man am Ende dann ja loszufahren h\u00e4tte. Was man ja \u2013 um Gotteswillen! \u2013 zu vermeiden trachtet. Joking als Cayenne Pfeffer, um Wahrheiten herauszusch\u00e4len \u2013 ggf. durch \u00fcberspitzen.<\/p>\n<blockquote class=\"wp-embedded-content\" data-secret=\"ddYRSPrkTg\"><p><a href=\"https:\/\/windpilot.com\/blog\/blog\/columns\/50-jahre-ostar-1968-jester-challenge-2010-gedanken-uber-eine-etwas-andere-regatta\/\">50 Jahre OSTAR 1960 &#8211; JESTER CHALLENGE 2010 &#8211; Gedanken \u00fcber die Wurzeln aller Hochsee Regatten!\u00b0<\/a><\/p><\/blockquote>\n<p><iframe loading=\"lazy\" class=\"wp-embedded-content\" sandbox=\"allow-scripts\" security=\"restricted\" style=\"position: absolute; clip: rect(1px, 1px, 1px, 1px);\" title=\"&#8222;50 Jahre OSTAR 1960 &#8211; JESTER CHALLENGE 2010 &#8211; Gedanken \u00fcber die Wurzeln aller Hochsee Regatten!\u00b0&#8220; &#8212; Windpilot Blog\" src=\"https:\/\/windpilot.com\/blog\/blog\/columns\/50-jahre-ostar-1968-jester-challenge-2010-gedanken-uber-eine-etwas-andere-regatta\/embed\/#?secret=00fYI0RYHi#?secret=ddYRSPrkTg\" data-secret=\"ddYRSPrkTg\" width=\"600\" height=\"338\" frameborder=\"0\" marginwidth=\"0\" marginheight=\"0\" scrolling=\"no\"><\/iframe><\/p>\n<p>Jedenfalls eine argumentative Querfeldein Reise, um zum Thema Pocket Cruiser abzubiegen, von denen es weltweit so viele gibt, wenn man erst das deutsche Biotop von CE genormten Schiffen zu verlassen sich traut, um erstaunt festzustellen, dass Schiffe da draussen eben auch noch schwimmen. Donnerwetter, wer h\u00e4tte das denn nicht gedacht?<\/p>\n<p><img loading=\"lazy\" decoding=\"async\" src=\"https:\/\/windpilot.com\/blog\/wp-content\/uploads\/2016\/12\/Anna-Christoph.jpg\" alt=\"\" width=\"834\" height=\"551\" class=\"alignleft size-full wp-image-16192\" srcset=\"https:\/\/windpilot.com\/blog\/wp-content\/uploads\/2016\/12\/Anna-Christoph.jpg 834w, https:\/\/windpilot.com\/blog\/wp-content\/uploads\/2016\/12\/Anna-Christoph-300x198.jpg 300w, https:\/\/windpilot.com\/blog\/wp-content\/uploads\/2016\/12\/Anna-Christoph-768x507.jpg 768w\" sizes=\"auto, (max-width: 834px) 100vw, 834px\" \/><\/p>\n<p>Okay, es gibt Ausnahmen: Christoph Vougessis 19, hat k\u00fcrzlich 10.000 sm mit seiner Hurley 22 \u2013 einem Schiff mit AB Motor im Schacht \u2013 er- und \u00fcberlebt, einem Schiffchen, dass er f\u00fcr ein Taschengeld gekauft ( \u20ac 1.900 ) und kreuzweise \u00fcber den Atlantik gesegelt ist. <\/p>\n<blockquote class=\"wp-embedded-content\" data-secret=\"Ktt2Bb8IBM\"><p><a href=\"https:\/\/windpilot.com\/blog\/morphy-blitz\/christoph-vougessis\/\">Christoph Vougessis<\/a><\/p><\/blockquote>\n<p><iframe loading=\"lazy\" class=\"wp-embedded-content\" sandbox=\"allow-scripts\" security=\"restricted\" style=\"position: absolute; clip: rect(1px, 1px, 1px, 1px);\" title=\"&#8222;Christoph Vougessis&#8220; &#8212; Windpilot Blog\" src=\"https:\/\/windpilot.com\/blog\/morphy-blitz\/christoph-vougessis\/embed\/#?secret=N9x8enZ1fI#?secret=Ktt2Bb8IBM\" data-secret=\"Ktt2Bb8IBM\" width=\"600\" height=\"338\" frameborder=\"0\" marginwidth=\"0\" marginheight=\"0\" scrolling=\"no\"><\/iframe><\/p>\n<p>Auch sonst gibt es hier nur wenige weitere Helden, die \u00e4hnliche Reisen mit kleinen Schiffen erledigt haben. Aber wenig sp\u00e4ter geht bereits die Klappe zu, und es herrscht Ruhe im deutschen Segler Kleider Schrank, jedenfalls in Bezug auf Pocket Cruiser jenseits sicherer K\u00fcstenlinien.<\/p>\n<p><img loading=\"lazy\" decoding=\"async\" src=\"https:\/\/windpilot.com\/blog\/wp-content\/uploads\/2017\/12\/IMG_3300-768x572.jpg\" alt=\"\" width=\"768\" height=\"572\" class=\"alignleft size-full wp-image-16424\" srcset=\"https:\/\/windpilot.com\/blog\/wp-content\/uploads\/2017\/12\/IMG_3300-768x572.jpg 768w, https:\/\/windpilot.com\/blog\/wp-content\/uploads\/2017\/12\/IMG_3300-768x572-300x223.jpg 300w\" sizes=\"auto, (max-width: 768px) 100vw, 768px\" \/><\/p>\n<p>Weshalb ich hier eine Serie auflege, die sich mit diesen kleinen Schiffen besch\u00e4ftigen wird, nicht nur, um deren unerh\u00f6rte Seet\u00fcchtigkeit unter Beweis zu stellen, sondern insbesondere Mut zu machen, was mit kleinen Schiffen alles m\u00f6glich ist \u2013 jedenfalls wenn man die Generalbedenken in Bezug auf diese vermeintlichen Wasserspielzeuge erst \u00fcber Bord geworfen hat.<\/p>\n<p><img loading=\"lazy\" decoding=\"async\" src=\"https:\/\/windpilot.com\/blog\/wp-content\/uploads\/2017\/12\/Contessa2631.jpg\" alt=\"\" width=\"624\" height=\"418\" class=\"alignleft size-full wp-image-16432\" srcset=\"https:\/\/windpilot.com\/blog\/wp-content\/uploads\/2017\/12\/Contessa2631.jpg 624w, https:\/\/windpilot.com\/blog\/wp-content\/uploads\/2017\/12\/Contessa2631-300x201.jpg 300w\" sizes=\"auto, (max-width: 624px) 100vw, 624px\" \/><\/p>\n<p>Ganz vorne sind die <strong>CONTESSA 26<\/strong> und die <strong>ALBIN VEGA 27<\/strong> zu benennen, beide haben unglaublich viele Reisen erledigt, sind weltweit verbreitet und wurden in grossen St\u00fcckzahlen gebaut. Dass Schiffe deren Produktionsende Jahrzehnte zur\u00fcck liegt, noch heute lebendig und quirlig unterwegs sind, vermag einen Eindruck zu geben, f\u00fcr die unerh\u00f6rt stabile Bauweise dieser Schiffe.<\/p>\n<p><strong>CONTESSA 26<\/strong> Design Jeremy Rogers in 1966, insgesamt ca 800 Einheiten aus englischer und sp\u00e4ter canadischer Produktion. 65 davon mit Windpilot unterwegs<\/p>\n<p><img loading=\"lazy\" decoding=\"async\" src=\"https:\/\/windpilot.com\/blog\/wp-content\/uploads\/2017\/12\/jester_MG_3111.jpg\" alt=\"\" width=\"600\" height=\"398\" class=\"alignleft size-full wp-image-16433\" srcset=\"https:\/\/windpilot.com\/blog\/wp-content\/uploads\/2017\/12\/jester_MG_3111.jpg 600w, https:\/\/windpilot.com\/blog\/wp-content\/uploads\/2017\/12\/jester_MG_3111-300x199.jpg 300w\" sizes=\"auto, (max-width: 600px) 100vw, 600px\" \/><\/p>\n<p><iframe loading=\"lazy\" width=\"560\" height=\"315\" src=\"https:\/\/www.youtube.com\/embed\/xwzHd-e12EA\" frameborder=\"0\" allowfullscreen><\/iframe><\/p>\n<p><strong><a href=\"http:\/\/www.bluemoment.com\/boatreviews\/vegareview.html\" target=\"_blank\" rel=\"noopener\">ALBIN VEGA 27<\/a><\/strong> Design Per Broh\u00e4ll 1964, insgesamt 3.450 Einheiten bis zur Produktionseinstellung in 1979, 185 davon mit Windpilot unterwegs<\/p>\n<p><a href=\"http:\/\/www.albin-vega.de\/\">Deutsche Klassenvereinigung<\/a> <\/p>\n<p><a href=\"http:\/\/www.americanvega.org\/\">US Klassenvereinigung<\/a><\/p>\n<p><a href=\"http:\/\/www.albinvega.co.uk\/\">UK Klassenvereinigung<\/a> <\/p>\n<p>https:\/\/windpilot.com\/blog\/press-tv\/deutsch-windpilot-produktinformation-press-release\/pacific-light-2\/pacific-light\/<\/p>\n<blockquote class=\"wp-embedded-content\" data-secret=\"LBwGigWoQo\"><p><a href=\"https:\/\/windpilot.com\/blog\/blog\/youtube\/sv-betsy-guy-waites-uk\/\">SV Betsy &#8211; Guy Waites UK<\/a><\/p><\/blockquote>\n<p><iframe loading=\"lazy\" class=\"wp-embedded-content\" sandbox=\"allow-scripts\" security=\"restricted\" style=\"position: absolute; clip: rect(1px, 1px, 1px, 1px);\" title=\"&#8222;SV Betsy &#8211; Guy Waites UK&#8220; &#8212; Windpilot Blog\" src=\"https:\/\/windpilot.com\/blog\/blog\/youtube\/sv-betsy-guy-waites-uk\/embed\/#?secret=ThMTENtNA6#?secret=LBwGigWoQo\" data-secret=\"LBwGigWoQo\" width=\"600\" height=\"338\" frameborder=\"0\" marginwidth=\"0\" marginheight=\"0\" scrolling=\"no\"><\/iframe><\/p>\n<p>https:\/\/windpilot.com\/blog\/columns\/boote-schiffe\/gebraucht-kauf\/wert-gegen-null\/<\/p>\n","protected":false},"excerpt":{"rendered":"<p>NEUDEUTSCH WESTENTASCHEN KREUZER Wenn in Deutschen Segler K\u00f6pfen der Begriff von Seet\u00fcchtigkeit unmittelbar an die Schiffsgr\u00f6sse gekoppelt scheint, sollten Schiffe jenseits sieben Metern L\u00e4nge auf hoher See verboten werden, oder nur an der Leine in Dorfteichen schwimmen gelassen werden. Denn &hellip; <a href=\"https:\/\/windpilot.com\/blog\/columns\/cartoons-firlefanz\/pocket-cruiser\/\">Weiterlesen <span class=\"meta-nav\">&rarr;<\/span><\/a><\/p>\n","protected":false},"author":1,"featured_media":0,"parent":16662,"menu_order":3,"comment_status":"open","ping_status":"closed","template":"","meta":{"footnotes":""},"class_list":["post-16684","page","type-page","status-publish","hentry"],"_links":{"self":[{"href":"https:\/\/windpilot.com\/blog\/wp-json\/wp\/v2\/pages\/16684","targetHints":{"allow":["GET"]}}],"collection":[{"href":"https:\/\/windpilot.com\/blog\/wp-json\/wp\/v2\/pages"}],"about":[{"href":"https:\/\/windpilot.com\/blog\/wp-json\/wp\/v2\/types\/page"}],"author":[{"embeddable":true,"href":"https:\/\/windpilot.com\/blog\/wp-json\/wp\/v2\/users\/1"}],"replies":[{"embeddable":true,"href":"https:\/\/windpilot.com\/blog\/wp-json\/wp\/v2\/comments?post=16684"}],"version-history":[{"count":3,"href":"https:\/\/windpilot.com\/blog\/wp-json\/wp\/v2\/pages\/16684\/revisions"}],"predecessor-version":[{"id":27230,"href":"https:\/\/windpilot.com\/blog\/wp-json\/wp\/v2\/pages\/16684\/revisions\/27230"}],"up":[{"embeddable":true,"href":"https:\/\/windpilot.com\/blog\/wp-json\/wp\/v2\/pages\/16662"}],"wp:attachment":[{"href":"https:\/\/windpilot.com\/blog\/wp-json\/wp\/v2\/media?parent=16684"}],"curies":[{"name":"wp","href":"https:\/\/api.w.org\/{rel}","templated":true}]}}