{"id":16741,"date":"2017-12-31T05:06:30","date_gmt":"2017-12-31T12:06:30","guid":{"rendered":"https:\/\/windpilot.com\/blog\/?page_id=16741"},"modified":"2018-01-01T17:56:35","modified_gmt":"2018-01-02T00:56:35","slug":"sv-akku-ausgetreten","status":"publish","type":"page","link":"https:\/\/windpilot.com\/blog\/trans-ocean-news\/sv-akku-ausgetreten\/","title":{"rendered":"Akka ausgetreten"},"content":{"rendered":"<p><strong>DIE TREUESTEN SIND AUSGETRETEN<\/strong><\/p>\n<p>Mit weit \u00fcber 500 TO-Foren Beitr\u00e4gen, unz\u00e4hligen wertvollen Hinweisen \u00fcber Ausr\u00fcstung von Schiffen und Erfahrungen von 10 Jahren auf allen Gew\u00e4ssern dieser Welt, haben Andrea und Andreas Jahre lang erbittert f\u00fcr eine Wende in &#8222;Ihrem Verein&#8220; gek\u00e4mpft. <\/p>\n<p><img loading=\"lazy\" decoding=\"async\" src=\"https:\/\/windpilot.com\/blog\/wp-content\/uploads\/2017\/12\/IMG_8169-2_1_1.jpg\" alt=\"\" width=\"828\" height=\"600\" class=\"aligncenter size-full wp-image-16745\" srcset=\"https:\/\/windpilot.com\/blog\/wp-content\/uploads\/2017\/12\/IMG_8169-2_1_1.jpg 828w, https:\/\/windpilot.com\/blog\/wp-content\/uploads\/2017\/12\/IMG_8169-2_1_1-300x217.jpg 300w, https:\/\/windpilot.com\/blog\/wp-content\/uploads\/2017\/12\/IMG_8169-2_1_1-768x557.jpg 768w\" sizes=\"auto, (max-width: 828px) 100vw, 828px\" \/><\/p>\n<p>Sie haben im Verbund mit vielen anderen langj\u00e4hrigen und weit gereisten TO- Seglern die Hoffnung bis zuletzt nicht aufgegeben, dereinst den Vorstand von der Fehlerhaftigkeit seines Kurses zu \u00fcberzeugen. Und, sie sind bis zuletzt geblieben, haben ihre Hoffnung erkennbar aufgegeben, wie der mir zugespielte folgende  Foren Beitrag belegen mag.<\/p>\n<p><img loading=\"lazy\" decoding=\"async\" src=\"https:\/\/windpilot.com\/blog\/wp-content\/uploads\/2017\/12\/DSC_9288_3_1.jpg\" alt=\"\" width=\"902\" height=\"600\" class=\"aligncenter size-full wp-image-16746\" srcset=\"https:\/\/windpilot.com\/blog\/wp-content\/uploads\/2017\/12\/DSC_9288_3_1.jpg 902w, https:\/\/windpilot.com\/blog\/wp-content\/uploads\/2017\/12\/DSC_9288_3_1-300x200.jpg 300w, https:\/\/windpilot.com\/blog\/wp-content\/uploads\/2017\/12\/DSC_9288_3_1-768x511.jpg 768w\" sizes=\"auto, (max-width: 902px) 100vw, 902px\" \/><\/p>\n<blockquote><p>Tsch\u00fcss meine Lieben,<br \/>\nwenn etwas keinen Sinn mehr macht, soll man gehen. Allen Seglerinnen und Seglern \u00fcberall auf dieser gro\u00dfen Welt allzeit gute Fahrt, ein Glas Rotwein in der Bilge und always fair winds. All the Best to you &#8211; take care<br \/>\n\u00a0<br \/>\nAllen Vereinshanseln, die die Interessen der Mitglieder nicht wahr nehmen, die gerne Prozesse f\u00fchren, das Geld des Vereins locker und lustig verplempern, weiterhin viel Spass in ihren Hinterzimmern.<\/p>\n<p><img loading=\"lazy\" decoding=\"async\" src=\"https:\/\/windpilot.com\/blog\/wp-content\/uploads\/2017\/12\/Directions-Distances-Kopie.jpeg\" alt=\"\" width=\"1280\" height=\"960\" class=\"aligncenter size-full wp-image-16747\" srcset=\"https:\/\/windpilot.com\/blog\/wp-content\/uploads\/2017\/12\/Directions-Distances-Kopie.jpeg 1280w, https:\/\/windpilot.com\/blog\/wp-content\/uploads\/2017\/12\/Directions-Distances-Kopie-300x225.jpeg 300w, https:\/\/windpilot.com\/blog\/wp-content\/uploads\/2017\/12\/Directions-Distances-Kopie-768x576.jpeg 768w, https:\/\/windpilot.com\/blog\/wp-content\/uploads\/2017\/12\/Directions-Distances-Kopie-1024x768.jpeg 1024w\" sizes=\"auto, (max-width: 1280px) 100vw, 1280px\" \/>All die Jahre meiner TO-Mitgliedschaft war ich immer fern auf Segelreise, und dies hier war &#8222;mein Verein&#8220;, von mir aus auch Treffpunkt und Stammtisch zu TO-Belangen, wo es zeitweilig (vor Jahren) rege Diskussionen gab, aber das Interesse ist in der Mitgliederschaft wie bei mir geschwunden. Viele Engagierte von damals sind ausgeschieden, und so verlasse ich diesen Bereich nun auch zum 30.09.2017, bin aber gern hin und wieder im \u00f6ffentlichen, kann etwas lernen oder bei Fragen auch unsere Erfahrungen einbringen.<br \/>\n\u00a0<br \/>\nTsch\u00fcss! Andreas aus Trinidad<\/p><\/blockquote>\n<p><a href=\"http:\/\/www.sy-akka.de\/\" target=\"_blank\">SV Akka<\/a><\/p>\n","protected":false},"excerpt":{"rendered":"<p>DIE TREUESTEN SIND AUSGETRETEN Mit weit \u00fcber 500 TO-Foren Beitr\u00e4gen, unz\u00e4hligen wertvollen Hinweisen \u00fcber Ausr\u00fcstung von Schiffen und Erfahrungen von 10 Jahren auf allen Gew\u00e4ssern dieser Welt, haben Andrea und Andreas Jahre lang erbittert f\u00fcr eine Wende in &#8222;Ihrem Verein&#8220; &hellip; <a href=\"https:\/\/windpilot.com\/blog\/trans-ocean-news\/sv-akku-ausgetreten\/\">Weiterlesen <span class=\"meta-nav\">&rarr;<\/span><\/a><\/p>\n","protected":false},"author":1,"featured_media":0,"parent":5076,"menu_order":11,"comment_status":"open","ping_status":"closed","template":"","meta":{"footnotes":""},"class_list":["post-16741","page","type-page","status-publish","hentry"],"_links":{"self":[{"href":"https:\/\/windpilot.com\/blog\/wp-json\/wp\/v2\/pages\/16741","targetHints":{"allow":["GET"]}}],"collection":[{"href":"https:\/\/windpilot.com\/blog\/wp-json\/wp\/v2\/pages"}],"about":[{"href":"https:\/\/windpilot.com\/blog\/wp-json\/wp\/v2\/types\/page"}],"author":[{"embeddable":true,"href":"https:\/\/windpilot.com\/blog\/wp-json\/wp\/v2\/users\/1"}],"replies":[{"embeddable":true,"href":"https:\/\/windpilot.com\/blog\/wp-json\/wp\/v2\/comments?post=16741"}],"version-history":[{"count":8,"href":"https:\/\/windpilot.com\/blog\/wp-json\/wp\/v2\/pages\/16741\/revisions"}],"predecessor-version":[{"id":16839,"href":"https:\/\/windpilot.com\/blog\/wp-json\/wp\/v2\/pages\/16741\/revisions\/16839"}],"up":[{"embeddable":true,"href":"https:\/\/windpilot.com\/blog\/wp-json\/wp\/v2\/pages\/5076"}],"wp:attachment":[{"href":"https:\/\/windpilot.com\/blog\/wp-json\/wp\/v2\/media?parent=16741"}],"curies":[{"name":"wp","href":"https:\/\/api.w.org\/{rel}","templated":true}]}}