{"id":16769,"date":"2018-01-01T07:01:51","date_gmt":"2018-01-01T14:01:51","guid":{"rendered":"https:\/\/windpilot.com\/blog\/?page_id=16769"},"modified":"2022-08-03T23:00:04","modified_gmt":"2022-08-04T06:00:04","slug":"news","status":"publish","type":"page","link":"https:\/\/windpilot.com\/blog\/news\/","title":{"rendered":"News"},"content":{"rendered":"<p><img loading=\"lazy\" decoding=\"async\" src=\"https:\/\/windpilot.com\/blog\/wp-content\/uploads\/2021\/09\/Koch-low-1-scaled-1.jpg\" alt=\"\" width=\"2560\" height=\"1786\" class=\"aligncenter size-full wp-image-25505\" srcset=\"https:\/\/windpilot.com\/blog\/wp-content\/uploads\/2021\/09\/Koch-low-1-scaled-1.jpg 2560w, https:\/\/windpilot.com\/blog\/wp-content\/uploads\/2021\/09\/Koch-low-1-scaled-1-300x209.jpg 300w, https:\/\/windpilot.com\/blog\/wp-content\/uploads\/2021\/09\/Koch-low-1-scaled-1-1024x714.jpg 1024w, https:\/\/windpilot.com\/blog\/wp-content\/uploads\/2021\/09\/Koch-low-1-scaled-1-768x536.jpg 768w, https:\/\/windpilot.com\/blog\/wp-content\/uploads\/2021\/09\/Koch-low-1-scaled-1-1536x1072.jpg 1536w, https:\/\/windpilot.com\/blog\/wp-content\/uploads\/2021\/09\/Koch-low-1-scaled-1-2048x1429.jpg 2048w\" sizes=\"auto, (max-width: 2560px) 100vw, 2560px\" \/><\/p>\n<blockquote class=\"wp-embedded-content\" data-secret=\"q2lsEoDqGq\"><p><a href=\"https:\/\/windpilot.com\/blog\/news\/das-orca-raetsel\/\">Das Orca R\u00e4tsel<\/a><\/p><\/blockquote>\n<p><iframe loading=\"lazy\" class=\"wp-embedded-content\" sandbox=\"allow-scripts\" security=\"restricted\" style=\"position: absolute; clip: rect(1px, 1px, 1px, 1px);\" title=\"&#8222;Das Orca R\u00e4tsel&#8220; &#8212; Windpilot Blog\" src=\"https:\/\/windpilot.com\/blog\/news\/das-orca-raetsel\/embed\/#?secret=yLWFwWQFFT#?secret=q2lsEoDqGq\" data-secret=\"q2lsEoDqGq\" width=\"600\" height=\"338\" frameborder=\"0\" marginwidth=\"0\" marginheight=\"0\" scrolling=\"no\"><\/iframe><\/p>\n<blockquote class=\"wp-embedded-content\" data-secret=\"ynXjWbghQe\"><p><a href=\"https:\/\/windpilot.com\/blog\/news\/mutante-welt\/\">Mutante Welt<\/a><\/p><\/blockquote>\n<p><iframe loading=\"lazy\" class=\"wp-embedded-content\" sandbox=\"allow-scripts\" security=\"restricted\" style=\"position: absolute; clip: rect(1px, 1px, 1px, 1px);\" title=\"&#8222;Mutante Welt&#8220; &#8212; Windpilot Blog\" src=\"https:\/\/windpilot.com\/blog\/news\/mutante-welt\/embed\/#?secret=2mNAJA0Z5u#?secret=ynXjWbghQe\" data-secret=\"ynXjWbghQe\" width=\"600\" height=\"338\" frameborder=\"0\" marginwidth=\"0\" marginheight=\"0\" scrolling=\"no\"><\/iframe><\/p>\n<blockquote class=\"wp-embedded-content\" data-secret=\"YbgIm3p3hT\"><p><a href=\"https:\/\/windpilot.com\/blog\/news\/status-quo\/\">Status Quo<\/a><\/p><\/blockquote>\n<p><iframe loading=\"lazy\" class=\"wp-embedded-content\" sandbox=\"allow-scripts\" security=\"restricted\" style=\"position: absolute; clip: rect(1px, 1px, 1px, 1px);\" title=\"&#8222;Status Quo&#8220; &#8212; Windpilot Blog\" src=\"https:\/\/windpilot.com\/blog\/news\/status-quo\/embed\/#?secret=vAArNtyds1#?secret=YbgIm3p3hT\" data-secret=\"YbgIm3p3hT\" width=\"600\" height=\"338\" frameborder=\"0\" marginwidth=\"0\" marginheight=\"0\" scrolling=\"no\"><\/iframe><\/p>\n<blockquote class=\"wp-embedded-content\" data-secret=\"ezwq7WWgYo\"><p><a href=\"https:\/\/windpilot.com\/blog\/news\/corona-realitaeten\/\">Corona Realit\u00e4ten<\/a><\/p><\/blockquote>\n<p><iframe loading=\"lazy\" class=\"wp-embedded-content\" sandbox=\"allow-scripts\" security=\"restricted\" style=\"position: absolute; clip: rect(1px, 1px, 1px, 1px);\" title=\"&#8222;Corona Realit\u00e4ten&#8220; &#8212; Windpilot Blog\" src=\"https:\/\/windpilot.com\/blog\/news\/corona-realitaeten\/embed\/#?secret=CtUcZTCiy6#?secret=ezwq7WWgYo\" data-secret=\"ezwq7WWgYo\" width=\"600\" height=\"338\" frameborder=\"0\" marginwidth=\"0\" marginheight=\"0\" scrolling=\"no\"><\/iframe><\/p>\n<blockquote class=\"wp-embedded-content\" data-secret=\"aCXe4UnoN0\"><p><a href=\"https:\/\/windpilot.com\/blog\/news\/vom-traum-zum-albtraum\/\">Traum &#8211; Albtraum<\/a><\/p><\/blockquote>\n<p><iframe loading=\"lazy\" class=\"wp-embedded-content\" sandbox=\"allow-scripts\" security=\"restricted\" style=\"position: absolute; clip: rect(1px, 1px, 1px, 1px);\" title=\"&#8222;Traum &#8211; Albtraum&#8220; &#8212; Windpilot Blog\" src=\"https:\/\/windpilot.com\/blog\/news\/vom-traum-zum-albtraum\/embed\/#?secret=GQfmJKIsoT#?secret=aCXe4UnoN0\" data-secret=\"aCXe4UnoN0\" width=\"600\" height=\"338\" frameborder=\"0\" marginwidth=\"0\" marginheight=\"0\" scrolling=\"no\"><\/iframe><\/p>\n<blockquote class=\"wp-embedded-content\" data-secret=\"pAAJAWQFDH\"><p><a href=\"https:\/\/windpilot.com\/blog\/news\/zweitwohnsitze\/\">Zweitwohnsitze<\/a><\/p><\/blockquote>\n<p><iframe loading=\"lazy\" class=\"wp-embedded-content\" sandbox=\"allow-scripts\" security=\"restricted\" style=\"position: absolute; clip: rect(1px, 1px, 1px, 1px);\" title=\"&#8222;Zweitwohnsitze&#8220; &#8212; Windpilot Blog\" src=\"https:\/\/windpilot.com\/blog\/news\/zweitwohnsitze\/embed\/#?secret=lKslFK4FXO#?secret=pAAJAWQFDH\" data-secret=\"pAAJAWQFDH\" width=\"600\" height=\"338\" frameborder=\"0\" marginwidth=\"0\" marginheight=\"0\" scrolling=\"no\"><\/iframe><\/p>\n<blockquote class=\"wp-embedded-content\" data-secret=\"mghl2nHGoJ\"><p><a href=\"https:\/\/windpilot.com\/blog\/news\/10-jahre-windpilot-blog\/\">10 Jahre Blog<\/a><\/p><\/blockquote>\n<p><iframe loading=\"lazy\" class=\"wp-embedded-content\" sandbox=\"allow-scripts\" security=\"restricted\" style=\"position: absolute; clip: rect(1px, 1px, 1px, 1px);\" title=\"&#8222;10 Jahre Blog&#8220; &#8212; Windpilot Blog\" src=\"https:\/\/windpilot.com\/blog\/news\/10-jahre-windpilot-blog\/embed\/#?secret=WPpkhkziat#?secret=mghl2nHGoJ\" data-secret=\"mghl2nHGoJ\" width=\"600\" height=\"338\" frameborder=\"0\" marginwidth=\"0\" marginheight=\"0\" scrolling=\"no\"><\/iframe><\/p>\n<blockquote class=\"wp-embedded-content\" data-secret=\"YHGvbDIqyg\"><p><a href=\"https:\/\/windpilot.com\/blog\/news\/turbulenzen\/\">Turbulenzen<\/a><\/p><\/blockquote>\n<p><iframe loading=\"lazy\" class=\"wp-embedded-content\" sandbox=\"allow-scripts\" security=\"restricted\" style=\"position: absolute; clip: rect(1px, 1px, 1px, 1px);\" title=\"&#8222;Turbulenzen&#8220; &#8212; Windpilot Blog\" src=\"https:\/\/windpilot.com\/blog\/news\/turbulenzen\/embed\/#?secret=UeojXUDmMR#?secret=YHGvbDIqyg\" data-secret=\"YHGvbDIqyg\" width=\"600\" height=\"338\" frameborder=\"0\" marginwidth=\"0\" marginheight=\"0\" scrolling=\"no\"><\/iframe><\/p>\n<blockquote class=\"wp-embedded-content\" data-secret=\"KCoHf69nXM\"><p><a href=\"https:\/\/windpilot.com\/blog\/news\/corona-zeiten\/\">Corona Zeiten<\/a><\/p><\/blockquote>\n<p><iframe loading=\"lazy\" class=\"wp-embedded-content\" sandbox=\"allow-scripts\" security=\"restricted\" style=\"position: absolute; clip: rect(1px, 1px, 1px, 1px);\" title=\"&#8222;Corona Zeiten&#8220; &#8212; Windpilot Blog\" src=\"https:\/\/windpilot.com\/blog\/news\/corona-zeiten\/embed\/#?secret=z9aGlMr8qZ#?secret=KCoHf69nXM\" data-secret=\"KCoHf69nXM\" width=\"600\" height=\"338\" frameborder=\"0\" marginwidth=\"0\" marginheight=\"0\" scrolling=\"no\"><\/iframe><\/p>\n<blockquote class=\"wp-embedded-content\" data-secret=\"Sp0VWv0aux\"><p><a href=\"https:\/\/windpilot.com\/blog\/news\/ostern-2020\/\">Ostern 2020<\/a><\/p><\/blockquote>\n<p><iframe loading=\"lazy\" class=\"wp-embedded-content\" sandbox=\"allow-scripts\" security=\"restricted\" style=\"position: absolute; clip: rect(1px, 1px, 1px, 1px);\" title=\"&#8222;Ostern 2020&#8220; &#8212; Windpilot Blog\" src=\"https:\/\/windpilot.com\/blog\/news\/ostern-2020\/embed\/#?secret=QIveM7olmR#?secret=Sp0VWv0aux\" data-secret=\"Sp0VWv0aux\" width=\"600\" height=\"338\" frameborder=\"0\" marginwidth=\"0\" marginheight=\"0\" scrolling=\"no\"><\/iframe><\/p>\n<blockquote class=\"wp-embedded-content\" data-secret=\"iOu6mUotbL\"><p><a href=\"https:\/\/windpilot.com\/blog\/news\/2018-50-jahre-windpilot\/\">2018 Jubil\u00e4um 50J<\/a><\/p><\/blockquote>\n<p><iframe loading=\"lazy\" class=\"wp-embedded-content\" sandbox=\"allow-scripts\" security=\"restricted\" style=\"position: absolute; clip: rect(1px, 1px, 1px, 1px);\" title=\"&#8222;2018 Jubil\u00e4um 50J&#8220; &#8212; Windpilot Blog\" src=\"https:\/\/windpilot.com\/blog\/news\/2018-50-jahre-windpilot\/embed\/#?secret=yoRkvDZBD7#?secret=iOu6mUotbL\" data-secret=\"iOu6mUotbL\" width=\"600\" height=\"338\" frameborder=\"0\" marginwidth=\"0\" marginheight=\"0\" scrolling=\"no\"><\/iframe><\/p>\n<blockquote class=\"wp-embedded-content\" data-secret=\"9tdmglSzdw\"><p><a href=\"https:\/\/windpilot.com\/blog\/news\/2018-resuemee\/\">2018 Res\u00fcmee<\/a><\/p><\/blockquote>\n<p><iframe loading=\"lazy\" class=\"wp-embedded-content\" sandbox=\"allow-scripts\" security=\"restricted\" style=\"position: absolute; clip: rect(1px, 1px, 1px, 1px);\" title=\"&#8222;2018 Res\u00fcmee&#8220; &#8212; Windpilot Blog\" src=\"https:\/\/windpilot.com\/blog\/news\/2018-resuemee\/embed\/#?secret=1gn392ql0k#?secret=9tdmglSzdw\" data-secret=\"9tdmglSzdw\" width=\"600\" height=\"338\" frameborder=\"0\" marginwidth=\"0\" marginheight=\"0\" scrolling=\"no\"><\/iframe><\/p>\n<blockquote class=\"wp-embedded-content\" data-secret=\"I3ozxMc1GC\"><p><a href=\"https:\/\/windpilot.com\/blog\/news\/2018-januar-2-2\/\">2018 TO Roter Faden<\/a><\/p><\/blockquote>\n<p><iframe loading=\"lazy\" class=\"wp-embedded-content\" sandbox=\"allow-scripts\" security=\"restricted\" style=\"position: absolute; clip: rect(1px, 1px, 1px, 1px);\" title=\"&#8222;2018 TO Roter Faden&#8220; &#8212; Windpilot Blog\" src=\"https:\/\/windpilot.com\/blog\/news\/2018-januar-2-2\/embed\/#?secret=nn3SPjBA0B#?secret=I3ozxMc1GC\" data-secret=\"I3ozxMc1GC\" width=\"600\" height=\"338\" frameborder=\"0\" marginwidth=\"0\" marginheight=\"0\" scrolling=\"no\"><\/iframe><\/p>\n<blockquote class=\"wp-embedded-content\" data-secret=\"FgpSFRaoMC\"><p><a href=\"https:\/\/windpilot.com\/blog\/news\/happy-new-year\/\">2017 Happy New Year<\/a><\/p><\/blockquote>\n<p><iframe loading=\"lazy\" class=\"wp-embedded-content\" sandbox=\"allow-scripts\" security=\"restricted\" style=\"position: absolute; clip: rect(1px, 1px, 1px, 1px);\" title=\"&#8222;2017 Happy New Year&#8220; &#8212; Windpilot Blog\" src=\"https:\/\/windpilot.com\/blog\/news\/happy-new-year\/embed\/#?secret=Izrnp2uM66#?secret=FgpSFRaoMC\" data-secret=\"FgpSFRaoMC\" width=\"600\" height=\"338\" frameborder=\"0\" marginwidth=\"0\" marginheight=\"0\" scrolling=\"no\"><\/iframe><\/p>\n<blockquote class=\"wp-embedded-content\" data-secret=\"z5AfFcaFq5\"><p><a href=\"https:\/\/windpilot.com\/blog\/news\/2018-januar\/\">2017 Res\u00fcmee<\/a><\/p><\/blockquote>\n<p><iframe loading=\"lazy\" class=\"wp-embedded-content\" sandbox=\"allow-scripts\" security=\"restricted\" style=\"position: absolute; clip: rect(1px, 1px, 1px, 1px);\" title=\"&#8222;2017 Res\u00fcmee&#8220; &#8212; Windpilot Blog\" src=\"https:\/\/windpilot.com\/blog\/news\/2018-januar\/embed\/#?secret=hqyLZMzDJ9#?secret=z5AfFcaFq5\" data-secret=\"z5AfFcaFq5\" width=\"600\" height=\"338\" frameborder=\"0\" marginwidth=\"0\" marginheight=\"0\" scrolling=\"no\"><\/iframe><\/p>\n","protected":false},"excerpt":{"rendered":"<p>Das Orca R\u00e4tsel Mutante Welt Status Quo Corona Realit\u00e4ten Traum &#8211; Albtraum Zweitwohnsitze 10 Jahre Blog Turbulenzen Corona Zeiten Ostern 2020 2018 Jubil\u00e4um 50J 2018 Res\u00fcmee 2018 TO Roter Faden 2017 Happy New Year 2017 Res\u00fcmee<\/p>\n","protected":false},"author":1,"featured_media":0,"parent":0,"menu_order":-6,"comment_status":"open","ping_status":"closed","template":"","meta":{"footnotes":""},"class_list":["post-16769","page","type-page","status-publish","hentry"],"_links":{"self":[{"href":"https:\/\/windpilot.com\/blog\/wp-json\/wp\/v2\/pages\/16769","targetHints":{"allow":["GET"]}}],"collection":[{"href":"https:\/\/windpilot.com\/blog\/wp-json\/wp\/v2\/pages"}],"about":[{"href":"https:\/\/windpilot.com\/blog\/wp-json\/wp\/v2\/types\/page"}],"author":[{"embeddable":true,"href":"https:\/\/windpilot.com\/blog\/wp-json\/wp\/v2\/users\/1"}],"replies":[{"embeddable":true,"href":"https:\/\/windpilot.com\/blog\/wp-json\/wp\/v2\/comments?post=16769"}],"version-history":[{"count":4,"href":"https:\/\/windpilot.com\/blog\/wp-json\/wp\/v2\/pages\/16769\/revisions"}],"predecessor-version":[{"id":25973,"href":"https:\/\/windpilot.com\/blog\/wp-json\/wp\/v2\/pages\/16769\/revisions\/25973"}],"wp:attachment":[{"href":"https:\/\/windpilot.com\/blog\/wp-json\/wp\/v2\/media?parent=16769"}],"curies":[{"name":"wp","href":"https:\/\/api.w.org\/{rel}","templated":true}]}}