{"id":16785,"date":"2018-01-01T08:41:09","date_gmt":"2018-01-01T15:41:09","guid":{"rendered":"https:\/\/windpilot.com\/blog\/?page_id=16785"},"modified":"2020-04-09T08:20:58","modified_gmt":"2020-04-09T15:20:58","slug":"2018-januar-2","status":"publish","type":"page","link":"https:\/\/windpilot.com\/blog\/news\/2018-januar-2\/","title":{"rendered":"2018 Blog Update"},"content":{"rendered":"<p><strong>AUFR\u00c4UMEN &#8211; UMBAUEN &#8211; VERBESSERN &#8211; ERLEICHTERN<\/strong><\/p>\n<p>Zugegeben, dieser Blog ist erwachsen, aber ist er mir darum schon \u00fcber den Kopf gewachsen? <\/p>\n<p><img loading=\"lazy\" decoding=\"async\" src=\"https:\/\/windpilot.com\/blog\/wp-content\/uploads\/2018\/01\/Foto-12.jpg\" alt=\"\" width=\"640\" height=\"480\" class=\"aligncenter size-full wp-image-16800\" srcset=\"https:\/\/windpilot.com\/blog\/wp-content\/uploads\/2018\/01\/Foto-12.jpg 640w, https:\/\/windpilot.com\/blog\/wp-content\/uploads\/2018\/01\/Foto-12-300x225.jpg 300w\" sizes=\"auto, (max-width: 640px) 100vw, 640px\" \/><\/p>\n<p>Ist es zu glauben, dass hinter diesem Opus nur ein einzelner Kopf mit zwei H\u00e4nden steckt, deren Finger \u00fcber die Tasten flitzen, dem Tag und Nacht st\u00e4ndig neue Ideen an den Synapsen kratzen? Kann man sich vorstellen, dass der Rest vom Kerl gemeinsam mit seiner weiblichen Regierungszentrale auch noch einen Produktionsbetrieb organisiert? Sollten wir uns hier \u00fcber Arbeitseffizienz unterhalten? Oder sogar \u00fcber Zeit M\u00e4n\u00e4tschment abschweifen? Oder wollen wir das Ganze als Fata Morgana betrachten, also schlicht verneinen, dass sowas \u00fcberhaupt m\u00f6glich ist, nur damit wir uns dann selber wieder besser f\u00fchlen? Denn, nicht wahr: Hexen und Blauf\u00e4rben kann keiner, auch ein little Foerthmann nicht! <\/p>\n<p><img loading=\"lazy\" decoding=\"async\" src=\"https:\/\/windpilot.com\/blog\/wp-content\/uploads\/2018\/01\/Foto-24.jpg\" alt=\"\" width=\"640\" height=\"480\" class=\"aligncenter size-full wp-image-16802\" srcset=\"https:\/\/windpilot.com\/blog\/wp-content\/uploads\/2018\/01\/Foto-24.jpg 640w, https:\/\/windpilot.com\/blog\/wp-content\/uploads\/2018\/01\/Foto-24-300x225.jpg 300w\" sizes=\"auto, (max-width: 640px) 100vw, 640px\" \/><\/p>\n<p>Aber, was n\u00fctzt die ganze, teils n\u00e4chtliche Arbeit, wenn sie am Ende fast un\u00fcbersichtlich wird? Das Leben ist eine Abenteuer Spielplatz Autobahn, auf der man das Fahren organisieren muss, um nicht rechts und links von der Strasse zwischen die B\u00e4ume zu geraten. Wird die Lebens Pyramide oben spitzer &#8211; also wird man \u00e4lter &#8211; muss man sich unten besser organisieren, damit der Unterbau solide auch einen Lebens Turmbau zur Babel tragen kann. Alles Papperlapapp? Na gut, aber&#8230;<\/p>\n<p>Mit einer Datenbank kommt man schon ganz sch\u00f6n weit, auch wenn man nur zu Zweit, weil man seine Aussendarstellung in kurzer Zeit, bestens organisieren kann. Wer schreibt, der bleibt, allerdings nur, wenn Gelesenes auch findbar bleibt.<\/p>\n<p>Hier zu den <strong>NEWS<\/strong> die ab sofort unter <strong>KOLUMNEN<\/strong> zu finden sind:<\/p>\n<p><strong>CARTOONS + FIRLEFANZ<\/strong><\/p>\n<p>Eine Kolumne, also <strong>LINK HEIMAT<\/strong>, in der meine mit Inga\u00b4s Cartoons verzierten Geschichten zu lesen sind<\/p>\n<p><img loading=\"lazy\" decoding=\"async\" src=\"https:\/\/windpilot.com\/blog\/wp-content\/uploads\/2018\/01\/Gemeinste-Feinde-Ger.jpg\" alt=\"\" width=\"865\" height=\"1241\" class=\"aligncenter size-full wp-image-16803\" srcset=\"https:\/\/windpilot.com\/blog\/wp-content\/uploads\/2018\/01\/Gemeinste-Feinde-Ger.jpg 865w, https:\/\/windpilot.com\/blog\/wp-content\/uploads\/2018\/01\/Gemeinste-Feinde-Ger-209x300.jpg 209w, https:\/\/windpilot.com\/blog\/wp-content\/uploads\/2018\/01\/Gemeinste-Feinde-Ger-768x1102.jpg 768w, https:\/\/windpilot.com\/blog\/wp-content\/uploads\/2018\/01\/Gemeinste-Feinde-Ger-714x1024.jpg 714w\" sizes=\"auto, (max-width: 865px) 100vw, 865px\" \/><\/p>\n<p><strong>PETER\u00b4S LYRIK + PROSA<\/strong><\/p>\n<p>Eine Kolumne, also <strong>LINK HEIMAT<\/strong>, in der ich mich an Schiller, Goethe oder Wilhelm Busch anlehnen m\u00f6chte <\/p>\n<p><img loading=\"lazy\" decoding=\"async\" src=\"https:\/\/windpilot.com\/blog\/wp-content\/uploads\/2018\/01\/kamel.jpeg\" alt=\"\" width=\"842\" height=\"596\" class=\"aligncenter size-full wp-image-16804\" srcset=\"https:\/\/windpilot.com\/blog\/wp-content\/uploads\/2018\/01\/kamel.jpeg 842w, https:\/\/windpilot.com\/blog\/wp-content\/uploads\/2018\/01\/kamel-300x212.jpeg 300w, https:\/\/windpilot.com\/blog\/wp-content\/uploads\/2018\/01\/kamel-768x544.jpeg 768w\" sizes=\"auto, (max-width: 842px) 100vw, 842px\" \/><\/p>\n","protected":false},"excerpt":{"rendered":"<p>AUFR\u00c4UMEN &#8211; UMBAUEN &#8211; VERBESSERN &#8211; ERLEICHTERN Zugegeben, dieser Blog ist erwachsen, aber ist er mir darum schon \u00fcber den Kopf gewachsen? Ist es zu glauben, dass hinter diesem Opus nur ein einzelner Kopf mit zwei H\u00e4nden steckt, deren Finger &hellip; <a href=\"https:\/\/windpilot.com\/blog\/news\/2018-januar-2\/\">Weiterlesen <span class=\"meta-nav\">&rarr;<\/span><\/a><\/p>\n","protected":false},"author":1,"featured_media":0,"parent":16769,"menu_order":-4,"comment_status":"open","ping_status":"closed","template":"","meta":{"footnotes":""},"class_list":["post-16785","page","type-page","status-publish","hentry"],"_links":{"self":[{"href":"https:\/\/windpilot.com\/blog\/wp-json\/wp\/v2\/pages\/16785","targetHints":{"allow":["GET"]}}],"collection":[{"href":"https:\/\/windpilot.com\/blog\/wp-json\/wp\/v2\/pages"}],"about":[{"href":"https:\/\/windpilot.com\/blog\/wp-json\/wp\/v2\/types\/page"}],"author":[{"embeddable":true,"href":"https:\/\/windpilot.com\/blog\/wp-json\/wp\/v2\/users\/1"}],"replies":[{"embeddable":true,"href":"https:\/\/windpilot.com\/blog\/wp-json\/wp\/v2\/comments?post=16785"}],"version-history":[{"count":20,"href":"https:\/\/windpilot.com\/blog\/wp-json\/wp\/v2\/pages\/16785\/revisions"}],"predecessor-version":[{"id":16919,"href":"https:\/\/windpilot.com\/blog\/wp-json\/wp\/v2\/pages\/16785\/revisions\/16919"}],"up":[{"embeddable":true,"href":"https:\/\/windpilot.com\/blog\/wp-json\/wp\/v2\/pages\/16769"}],"wp:attachment":[{"href":"https:\/\/windpilot.com\/blog\/wp-json\/wp\/v2\/media?parent=16785"}],"curies":[{"name":"wp","href":"https:\/\/api.w.org\/{rel}","templated":true}]}}