{"id":16828,"date":"2018-01-01T14:05:33","date_gmt":"2018-01-01T21:05:33","guid":{"rendered":"https:\/\/windpilot.com\/blog\/?page_id=16828"},"modified":"2018-01-03T23:23:35","modified_gmt":"2018-01-04T06:23:35","slug":"2018-der-rote-faden","status":"publish","type":"page","link":"https:\/\/windpilot.com\/blog\/trans-ocean-news\/2018-der-rote-faden\/","title":{"rendered":"2018 Der rote Faden"},"content":{"rendered":"<p><strong>TRANS-OCEAN e.V. &#8211; DER ROTE FADEN<\/strong><\/p>\n<p>Ich bekomme viele Nachfragen von irritierten &#8211; gleichwohl interessierten &#8211; Seglern, die mich nach einem <strong>ROTEN FADEN<\/strong> in meiner 78 Blogs umfassenden <strong>DOKTORARBEIT ZUM THEMA TRANS OCEAN<\/strong> gefragt haben. Dies ist der Grund, weshalb ich Handlungsstr\u00e4nge &#8211; nach Jahren und Vorf\u00e4llen geordnet &#8211; sortiert und die wichtigsten Vorg\u00e4nge akzentuiert habe. <\/p>\n<p>Ich m\u00f6chte Neumitgliedern damit die M\u00f6glichkeit geben, sich einen \u00dcberblick \u00fcber ihren Verein zu verschaffen, der in der Vergangenheit in vielen Bereichen gegen die Interessen seines Souver\u00e4ns agiert, und dessen Vorstand sich bis heute erkennbar nicht an eigene Versprechungen zu halten scheint. <\/p>\n<p>Die Vorg\u00e4nge um diesen Verein sind f\u00fcr mich zum Menetekel geworden, das der Cruising Community in Deutschland einen B\u00e4rendienst erweist, weil sein Vorstand  anstelle seines Souver\u00e4n\u00b4s sich selbst in den Mittelpunkt stellt. <\/p>\n<p><strong>PETERS\u00b4S WARUM<\/strong><\/p>\n<blockquote class=\"wp-embedded-content\" data-secret=\"eW3bUp2bSy\"><p><a href=\"https:\/\/windpilot.com\/blog\/trans-ocean-news\/to-peter\/deutsch-zusammenfassung\/\">Warum?<\/a><\/p><\/blockquote>\n<p><iframe loading=\"lazy\" class=\"wp-embedded-content\" sandbox=\"allow-scripts\" security=\"restricted\" style=\"position: absolute; clip: rect(1px, 1px, 1px, 1px);\" title=\"&#8222;Warum?&#8220; &#8212; Windpilot Blog\" src=\"https:\/\/windpilot.com\/blog\/trans-ocean-news\/to-peter\/deutsch-zusammenfassung\/embed\/#?secret=iWPBQpBVDh#?secret=eW3bUp2bSy\" data-secret=\"eW3bUp2bSy\" width=\"600\" height=\"338\" frameborder=\"0\" marginwidth=\"0\" marginheight=\"0\" scrolling=\"no\"><\/iframe><\/p>\n<p><strong>2011 &#8211; WIE ALLES BEGANN<\/strong><\/p>\n<blockquote class=\"wp-embedded-content\" data-secret=\"CN1WcGGFKf\"><p><a href=\"https:\/\/windpilot.com\/blog\/trans-ocean-news\/deutsch-drifter\/deutsch-interview-sv-drifter\/\">Interview SV Drifter<\/a><\/p><\/blockquote>\n<p><iframe loading=\"lazy\" class=\"wp-embedded-content\" sandbox=\"allow-scripts\" security=\"restricted\" style=\"position: absolute; clip: rect(1px, 1px, 1px, 1px);\" title=\"&#8222;Interview SV Drifter&#8220; &#8212; Windpilot Blog\" src=\"https:\/\/windpilot.com\/blog\/trans-ocean-news\/deutsch-drifter\/deutsch-interview-sv-drifter\/embed\/#?secret=pv34GWq5p1#?secret=CN1WcGGFKf\" data-secret=\"CN1WcGGFKf\" width=\"600\" height=\"338\" frameborder=\"0\" marginwidth=\"0\" marginheight=\"0\" scrolling=\"no\"><\/iframe><\/p>\n<p><strong>2012 &#8211; LISTE DER SPENDER<\/strong><\/p>\n<blockquote class=\"wp-embedded-content\" data-secret=\"5209BqoET4\"><p><a href=\"https:\/\/windpilot.com\/blog\/trans-ocean-news\/deutsch-drifter\/deutsch-e-3-65000\/\">Spender Liste<\/a><\/p><\/blockquote>\n<p><iframe loading=\"lazy\" class=\"wp-embedded-content\" sandbox=\"allow-scripts\" security=\"restricted\" style=\"position: absolute; clip: rect(1px, 1px, 1px, 1px);\" title=\"&#8222;Spender Liste&#8220; &#8212; Windpilot Blog\" src=\"https:\/\/windpilot.com\/blog\/trans-ocean-news\/deutsch-drifter\/deutsch-e-3-65000\/embed\/#?secret=mfLysyiaNp#?secret=5209BqoET4\" data-secret=\"5209BqoET4\" width=\"600\" height=\"338\" frameborder=\"0\" marginwidth=\"0\" marginheight=\"0\" scrolling=\"no\"><\/iframe><\/p>\n<p><strong>2013 &#8211; GEGEN DIE WAND<\/strong><\/p>\n<blockquote class=\"wp-embedded-content\" data-secret=\"cPIlLZVBhh\"><p><a href=\"https:\/\/windpilot.com\/blog\/trans-ocean-news\/deutsch-trans-ocean-e-v-gate\/deutsch-14-gegen-die-wand\/\">14. Gegen die Wand<\/a><\/p><\/blockquote>\n<p><iframe loading=\"lazy\" class=\"wp-embedded-content\" sandbox=\"allow-scripts\" security=\"restricted\" style=\"position: absolute; clip: rect(1px, 1px, 1px, 1px);\" title=\"&#8222;14. Gegen die Wand&#8220; &#8212; Windpilot Blog\" src=\"https:\/\/windpilot.com\/blog\/trans-ocean-news\/deutsch-trans-ocean-e-v-gate\/deutsch-14-gegen-die-wand\/embed\/#?secret=KDfWH5Lzyb#?secret=cPIlLZVBhh\" data-secret=\"cPIlLZVBhh\" width=\"600\" height=\"338\" frameborder=\"0\" marginwidth=\"0\" marginheight=\"0\" scrolling=\"no\"><\/iframe><\/p>\n<p><strong>2013 &#8211; INITIATIVE NEW TRANS OCEAN<\/strong><\/p>\n<blockquote class=\"wp-embedded-content\" data-secret=\"odtrUmje8w\"><p><a href=\"https:\/\/windpilot.com\/blog\/trans-ocean-news\/deutsch-zum-neuen-to\/deutsch-zum-neuen-to-bitte-anschnallen\/\">Wolkenschloss<\/a><\/p><\/blockquote>\n<p><iframe loading=\"lazy\" class=\"wp-embedded-content\" sandbox=\"allow-scripts\" security=\"restricted\" style=\"position: absolute; clip: rect(1px, 1px, 1px, 1px);\" title=\"&#8222;Wolkenschloss&#8220; &#8212; Windpilot Blog\" src=\"https:\/\/windpilot.com\/blog\/trans-ocean-news\/deutsch-zum-neuen-to\/deutsch-zum-neuen-to-bitte-anschnallen\/embed\/#?secret=3HMlZMJWHN#?secret=odtrUmje8w\" data-secret=\"odtrUmje8w\" width=\"600\" height=\"338\" frameborder=\"0\" marginwidth=\"0\" marginheight=\"0\" scrolling=\"no\"><\/iframe><\/p>\n<p><strong>2013 &#8211; KOMMENTARE VON TO MITGLIEDERN<\/strong><\/p>\n<blockquote class=\"wp-embedded-content\" data-secret=\"SoSs6y80dd\"><p><a href=\"https:\/\/windpilot.com\/blog\/trans-ocean-news\/deutsch-kommentare\/\">2013 Kommentare<\/a><\/p><\/blockquote>\n<p><iframe loading=\"lazy\" class=\"wp-embedded-content\" sandbox=\"allow-scripts\" security=\"restricted\" style=\"position: absolute; clip: rect(1px, 1px, 1px, 1px);\" title=\"&#8222;2013 Kommentare&#8220; &#8212; Windpilot Blog\" src=\"https:\/\/windpilot.com\/blog\/trans-ocean-news\/deutsch-kommentare\/embed\/#?secret=3zrYOnph8t#?secret=SoSs6y80dd\" data-secret=\"SoSs6y80dd\" width=\"600\" height=\"338\" frameborder=\"0\" marginwidth=\"0\" marginheight=\"0\" scrolling=\"no\"><\/iframe><\/p>\n<p><strong>2014 &#8211; OVER AND OUT<\/strong><\/p>\n<blockquote class=\"wp-embedded-content\" data-secret=\"Q2pmhMysAP\"><p><a href=\"https:\/\/windpilot.com\/blog\/trans-ocean-news\/over-and-out\/\">2014 Over + out<\/a><\/p><\/blockquote>\n<p><iframe loading=\"lazy\" class=\"wp-embedded-content\" sandbox=\"allow-scripts\" security=\"restricted\" style=\"position: absolute; clip: rect(1px, 1px, 1px, 1px);\" title=\"&#8222;2014 Over + out&#8220; &#8212; Windpilot Blog\" src=\"https:\/\/windpilot.com\/blog\/trans-ocean-news\/over-and-out\/embed\/#?secret=6dFXphMc5g#?secret=Q2pmhMysAP\" data-secret=\"Q2pmhMysAP\" width=\"600\" height=\"338\" frameborder=\"0\" marginwidth=\"0\" marginheight=\"0\" scrolling=\"no\"><\/iframe><\/p>\n<p><strong>2015 &#8211; WER IST DER VEREIN ? DES R\u00c4TSELS L\u00d6SUNG<\/strong><\/p>\n<blockquote class=\"wp-embedded-content\" data-secret=\"ZcVwBqGz5I\"><p><a href=\"https:\/\/windpilot.com\/blog\/trans-ocean-news\/trans-ocean-e-v-martin-birkhoff-des-raetsels-loesung\/\">2015 R\u00e4tsels L\u00f6sung<\/a><\/p><\/blockquote>\n<p><iframe loading=\"lazy\" class=\"wp-embedded-content\" sandbox=\"allow-scripts\" security=\"restricted\" style=\"position: absolute; clip: rect(1px, 1px, 1px, 1px);\" title=\"&#8222;2015 R\u00e4tsels L\u00f6sung&#8220; &#8212; Windpilot Blog\" src=\"https:\/\/windpilot.com\/blog\/trans-ocean-news\/trans-ocean-e-v-martin-birkhoff-des-raetsels-loesung\/embed\/#?secret=iKeMzJ5mB1#?secret=ZcVwBqGz5I\" data-secret=\"ZcVwBqGz5I\" width=\"600\" height=\"338\" frameborder=\"0\" marginwidth=\"0\" marginheight=\"0\" scrolling=\"no\"><\/iframe><\/p>\n<p><strong>2017 &#8211; SCHAM UND SCHMACH &#8211; WAS VOM VEREIN NOCH \u00dcBRIG BLEIBT<\/strong><\/p>\n<blockquote class=\"wp-embedded-content\" data-secret=\"Be5kqBXgGk\"><p><a href=\"https:\/\/windpilot.com\/blog\/trans-ocean-news\/scham-schmach\/\">2017 Scham Schmach<\/a><\/p><\/blockquote>\n<p><iframe loading=\"lazy\" class=\"wp-embedded-content\" sandbox=\"allow-scripts\" security=\"restricted\" style=\"position: absolute; clip: rect(1px, 1px, 1px, 1px);\" title=\"&#8222;2017 Scham Schmach&#8220; &#8212; Windpilot Blog\" src=\"https:\/\/windpilot.com\/blog\/trans-ocean-news\/scham-schmach\/embed\/#?secret=ZUXu1T4Hjo#?secret=Be5kqBXgGk\" data-secret=\"Be5kqBXgGk\" width=\"600\" height=\"338\" frameborder=\"0\" marginwidth=\"0\" marginheight=\"0\" scrolling=\"no\"><\/iframe><\/p>\n<p><strong>DIE SCHOLLE<\/strong><\/p>\n<blockquote class=\"wp-embedded-content\" data-secret=\"tfjkuy75mX\"><p><a href=\"https:\/\/windpilot.com\/blog\/trans-ocean-news\/die-liebe-scholle\/\">2017 Die Scholle<\/a><\/p><\/blockquote>\n<p><iframe loading=\"lazy\" class=\"wp-embedded-content\" sandbox=\"allow-scripts\" security=\"restricted\" style=\"position: absolute; clip: rect(1px, 1px, 1px, 1px);\" title=\"&#8222;2017 Die Scholle&#8220; &#8212; Windpilot Blog\" src=\"https:\/\/windpilot.com\/blog\/trans-ocean-news\/die-liebe-scholle\/embed\/#?secret=YpLD8KsOpQ#?secret=tfjkuy75mX\" data-secret=\"tfjkuy75mX\" width=\"600\" height=\"338\" frameborder=\"0\" marginwidth=\"0\" marginheight=\"0\" scrolling=\"no\"><\/iframe><\/p>\n<p><strong>2017 &#8211; DIE LABSKAUS MAFIA<\/strong><\/p>\n<blockquote class=\"wp-embedded-content\" data-secret=\"IRNyiz4VXG\"><p><a href=\"https:\/\/windpilot.com\/blog\/trans-ocean-news\/2017-labskaus-mafia\/\">2017 Labskaus Mafia<\/a><\/p><\/blockquote>\n<p><iframe loading=\"lazy\" class=\"wp-embedded-content\" sandbox=\"allow-scripts\" security=\"restricted\" style=\"position: absolute; clip: rect(1px, 1px, 1px, 1px);\" title=\"&#8222;2017 Labskaus Mafia&#8220; &#8212; Windpilot Blog\" src=\"https:\/\/windpilot.com\/blog\/trans-ocean-news\/2017-labskaus-mafia\/embed\/#?secret=oZDJcXBwab#?secret=IRNyiz4VXG\" data-secret=\"IRNyiz4VXG\" width=\"600\" height=\"338\" frameborder=\"0\" marginwidth=\"0\" marginheight=\"0\" scrolling=\"no\"><\/iframe><\/p>\n","protected":false},"excerpt":{"rendered":"<p>TRANS-OCEAN e.V. &#8211; DER ROTE FADEN Ich bekomme viele Nachfragen von irritierten &#8211; gleichwohl interessierten &#8211; Seglern, die mich nach einem ROTEN FADEN in meiner 78 Blogs umfassenden DOKTORARBEIT ZUM THEMA TRANS OCEAN gefragt haben. Dies ist der Grund, weshalb &hellip; <a href=\"https:\/\/windpilot.com\/blog\/trans-ocean-news\/2018-der-rote-faden\/\">Weiterlesen <span class=\"meta-nav\">&rarr;<\/span><\/a><\/p>\n","protected":false},"author":1,"featured_media":0,"parent":5076,"menu_order":20,"comment_status":"closed","ping_status":"closed","template":"","meta":{"footnotes":""},"class_list":["post-16828","page","type-page","status-publish","hentry"],"_links":{"self":[{"href":"https:\/\/windpilot.com\/blog\/wp-json\/wp\/v2\/pages\/16828","targetHints":{"allow":["GET"]}}],"collection":[{"href":"https:\/\/windpilot.com\/blog\/wp-json\/wp\/v2\/pages"}],"about":[{"href":"https:\/\/windpilot.com\/blog\/wp-json\/wp\/v2\/types\/page"}],"author":[{"embeddable":true,"href":"https:\/\/windpilot.com\/blog\/wp-json\/wp\/v2\/users\/1"}],"replies":[{"embeddable":true,"href":"https:\/\/windpilot.com\/blog\/wp-json\/wp\/v2\/comments?post=16828"}],"version-history":[{"count":4,"href":"https:\/\/windpilot.com\/blog\/wp-json\/wp\/v2\/pages\/16828\/revisions"}],"predecessor-version":[{"id":16933,"href":"https:\/\/windpilot.com\/blog\/wp-json\/wp\/v2\/pages\/16828\/revisions\/16933"}],"up":[{"embeddable":true,"href":"https:\/\/windpilot.com\/blog\/wp-json\/wp\/v2\/pages\/5076"}],"wp:attachment":[{"href":"https:\/\/windpilot.com\/blog\/wp-json\/wp\/v2\/media?parent=16828"}],"curies":[{"name":"wp","href":"https:\/\/api.w.org\/{rel}","templated":true}]}}