{"id":16871,"date":"2018-01-03T06:01:12","date_gmt":"2018-01-03T13:01:12","guid":{"rendered":"https:\/\/windpilot.com\/blog\/?page_id=16871"},"modified":"2020-04-09T08:22:38","modified_gmt":"2020-04-09T15:22:38","slug":"happy-new-year","status":"publish","type":"page","link":"https:\/\/windpilot.com\/blog\/news\/happy-new-year\/","title":{"rendered":"2017 Happy New Year"},"content":{"rendered":"<p><strong>2016 &#8211; NEUJAHRS ANSPRACHE<\/strong><\/p>\n<p>Regierungserkl\u00e4rungen, Presse Konferenzen, Absichtserkl\u00e4rungen, Sch\u00f6nf\u00e4rberei, Lobhudelei und Weltumarmungen, sind heute modern, h\u00e4ufig allerdings nur Papperlapapp &#8211; warum also nicht einmal in eigener Sache ein paar Hintersinnigkeiten, quasi Dinner for One, vom Stapel lassen?  <\/p>\n<p><strong>WARUM TU ICH MIR DIESE ARBEIT AN?<\/strong><br \/>\nDie Kurzantwort: Ich wollte es mir mal zeigen! <\/p>\n<p><img loading=\"lazy\" decoding=\"async\" src=\"https:\/\/windpilot.com\/blog\/wp-content\/uploads\/2016\/12\/Peter-Nikolaus-kasper-Kopie-1024x768.jpg\" alt=\"\" width=\"640\" height=\"480\" class=\"aligncenter size-large wp-image-12949\" srcset=\"https:\/\/windpilot.com\/blog\/wp-content\/uploads\/2016\/12\/Peter-Nikolaus-kasper-Kopie-1024x768.jpg 1024w, https:\/\/windpilot.com\/blog\/wp-content\/uploads\/2016\/12\/Peter-Nikolaus-kasper-Kopie-300x225.jpg 300w, https:\/\/windpilot.com\/blog\/wp-content\/uploads\/2016\/12\/Peter-Nikolaus-kasper-Kopie-768x576.jpg 768w\" sizes=\"auto, (max-width: 640px) 100vw, 640px\" \/><\/p>\n<p>Die l\u00e4ngere Variante: Angesichts eines seit Jahrzehnten ruhig schl\u00e4frigen Nebeneinanders der Gef\u00e4lligkeits Reporter bekannter Print Organe, bei denen die Interessen unterschiedlichster Genres notorisch an Unterf\u00fctterung zu leiden hatten, empfand ich die Interessen der Blauwassersegler als chronisch zu gering beachtet. Ein schlafender Riese. Immerhin sind sie die sichtbare Spitze eines Eisbergs von tr\u00e4umenden \u2013 wasserkranken! &#8211; Seglern, deren Pl\u00e4ne vom Leben in einer Sonderlebenszone auf dem Wasser einer ganzen Branche Auftrieb verleihen, und ungez\u00e4hlte Familienv\u00e4ter tapfer das Hamsterrad weiter drehen lassen, mit dem hoffnungsvollen Ziel, dereinst wirklich wirklich und tats\u00e4chlich tats\u00e4chlich los zu segeln. <\/p>\n<p><img loading=\"lazy\" decoding=\"async\" src=\"https:\/\/windpilot.com\/blog\/wp-content\/uploads\/2016\/12\/Peter-Topfschnitt.jpg\" alt=\"\" width=\"616\" height=\"607\" class=\"aligncenter size-full wp-image-12945\" srcset=\"https:\/\/windpilot.com\/blog\/wp-content\/uploads\/2016\/12\/Peter-Topfschnitt.jpg 616w, https:\/\/windpilot.com\/blog\/wp-content\/uploads\/2016\/12\/Peter-Topfschnitt-300x296.jpg 300w\" sizes=\"auto, (max-width: 616px) 100vw, 616px\" \/><\/p>\n<p><strong>EIN INFACHER PLAN<\/strong><br \/>\nMeine gewagte These: wollte man hier vielleicht bewusst den Sauerstoff verknappen, um damit das eigene Buchgesch\u00e4ft zu forcieren? Warum sonst h\u00e4tte man den Tr\u00e4umen von Segeln zu den Palmen nicht virtuell ein wenig mehr Wasser geben sollen? Das wurde mein Plan. Gesagt getan und nicht gezittert! <\/p>\n<p><img loading=\"lazy\" decoding=\"async\" src=\"https:\/\/windpilot.com\/blog\/wp-content\/uploads\/2016\/12\/neues-Beiboot-1024x768.jpg\" alt=\"\" width=\"640\" height=\"480\" class=\"aligncenter size-large wp-image-12942\" srcset=\"https:\/\/windpilot.com\/blog\/wp-content\/uploads\/2016\/12\/neues-Beiboot-1024x768.jpg 1024w, https:\/\/windpilot.com\/blog\/wp-content\/uploads\/2016\/12\/neues-Beiboot-300x225.jpg 300w, https:\/\/windpilot.com\/blog\/wp-content\/uploads\/2016\/12\/neues-Beiboot-768x576.jpg 768w, https:\/\/windpilot.com\/blog\/wp-content\/uploads\/2016\/12\/neues-Beiboot.jpg 1426w\" sizes=\"auto, (max-width: 640px) 100vw, 640px\" \/><\/p>\n<p><strong>KOINZIDENZ<\/strong><br \/>\nZuf\u00e4lligerweise ergab es sich jener Tage, dass in einem \u2013 vermutlich obsoletten ( ! ) &#8211; K\u00fcsten Segelverein an der Mordsee, gerade ein Mitglieder Sturm das marode Gest\u00fchl samt den darauf langj\u00e4hrig festgewachsenen Herren Hintern &#8211; ohne auff\u00e4llige Affinit\u00e4t zur Segelei &#8211; die lichten Frisuren, blank gesessenen Blazer samt Messingkn\u00f6pfen &#8211; durcheinander brachte. Schlimmer: es war dummer Weise ruchbar geworden, dass man vermutlich Jahrzehnte lang die Interessen der eigenen Mitglieder hintergangen hatte, k\u00f6nnte man h\u00e4rter formulieren! F\u00fcr Verfechter einer gerechten Sache \u2013 z.B. mich &#8211; ein Schl\u00fcssel Erlebnis, dessen Diktat ich mich nicht entziehen konnte. Der Kranken Versicherungs Skandal um eine holl\u00e4ndische Rentner Familie war das T\u00fcpfelchen auf dem I, der nicht nur mich in Rage brachte, der als Offenbarungs Eid der Extra Klasse f\u00fcr einen Unverein vermutlich unsterblich bleiben wird.<\/p>\n<p>Mein soziales und geballtes Engagement verursachte abwechselnd Schluckauf und Bluthochdruck bei Verein und ausgew\u00e4hlten Presse Organen, in deren Folge dann Advokaten Soziet\u00e4ten Umsatz machen konnten. Als Kollateral Effekt sausten die Besucherzahlen im Blog auf 5000, h\u00e4tte ich gar nicht gedacht! <\/p>\n<p>Damit sind die Gr\u00fcnde umrissen, die mein Leben vehement ver\u00e4ndern sollten. Ob ich wohl ahnte, auf was ich mich da eingelassen hatte? Negativ! Immerhin war ich als Optimist geboren und hatte den Sanguiniker als Talisman in der rechten Hosentasche. Ich lernte jedenfalls \u00fcber Nacht, meine Lebens Zeit noch ein wenig schlauer einzuteilen, weil ich ansonsten \u2013 Zeit technisch \u2013 voll auf Tiefe gegangen w\u00e4re. Es herrschte Vollbesch\u00e4ftigung. <\/p>\n<p><img loading=\"lazy\" decoding=\"async\" src=\"https:\/\/windpilot.com\/blog\/wp-content\/uploads\/2016\/12\/PeterTittenlasch2-Kopie-1024x768.jpg\" alt=\"\" width=\"640\" height=\"480\" class=\"aligncenter size-large wp-image-12948\" srcset=\"https:\/\/windpilot.com\/blog\/wp-content\/uploads\/2016\/12\/PeterTittenlasch2-Kopie-1024x768.jpg 1024w, https:\/\/windpilot.com\/blog\/wp-content\/uploads\/2016\/12\/PeterTittenlasch2-Kopie-300x225.jpg 300w, https:\/\/windpilot.com\/blog\/wp-content\/uploads\/2016\/12\/PeterTittenlasch2-Kopie-768x576.jpg 768w\" sizes=\"auto, (max-width: 640px) 100vw, 640px\" \/><\/p>\n<p>Mit Hilfe meines untr\u00fcgerischen Tiefolots lernte ich Freunde von Feinden ( und -innen ) zu differenzieren, eine segensreiche Entdeckung, wobei ich relativ z\u00fcgig eine Demarkationslinie erkennen konnte:<br \/>\n&#8211; Vorsicht Feind mit finanziellen Hintergedanken!<br \/>\n&#8211; Wer Glauben schenkt, ist ihn los!<br \/>\n&#8211; Je weicher die Wahrheit, desto steifer der Standpunkt!<br \/>\n&#8211; Fahre nicht aus der Haut, wenn du kein R\u00fcckgrad hast<br \/>\n&#8211; Advokaten sind gemietetes Gewissen<\/p>\n<p><img loading=\"lazy\" decoding=\"async\" src=\"https:\/\/windpilot.com\/blog\/wp-content\/uploads\/2016\/12\/Peter-Gruss-1024x768.jpg\" alt=\"\" width=\"640\" height=\"480\" class=\"aligncenter size-large wp-image-12933\" srcset=\"https:\/\/windpilot.com\/blog\/wp-content\/uploads\/2016\/12\/Peter-Gruss-1024x768.jpg 1024w, https:\/\/windpilot.com\/blog\/wp-content\/uploads\/2016\/12\/Peter-Gruss-300x225.jpg 300w, https:\/\/windpilot.com\/blog\/wp-content\/uploads\/2016\/12\/Peter-Gruss-768x576.jpg 768w, https:\/\/windpilot.com\/blog\/wp-content\/uploads\/2016\/12\/Peter-Gruss.jpg 1422w\" sizes=\"auto, (max-width: 640px) 100vw, 640px\" \/><\/p>\n<p>Immerhin: Mein Selbstbewusstsein erlitt keinen Herzstillstand, ich habe mich von falschen Freunden ( und -innen ) befreit und habe meinen Kompass besser ausgerichtet. Die Welt sah pl\u00f6tzlich ganz anders aus \u2013 war \u00fcberschaubarer, ehrlicher und authentischer geworden. Gar nicht bl\u00f6d!<\/p>\n<p><img loading=\"lazy\" decoding=\"async\" src=\"https:\/\/windpilot.com\/blog\/wp-content\/uploads\/2016\/12\/PeterKlo-768x1024.jpg\" alt=\"\" width=\"640\" height=\"853\" class=\"aligncenter size-large wp-image-12934\" srcset=\"https:\/\/windpilot.com\/blog\/wp-content\/uploads\/2016\/12\/PeterKlo.jpg 768w, https:\/\/windpilot.com\/blog\/wp-content\/uploads\/2016\/12\/PeterKlo-225x300.jpg 225w\" sizes=\"auto, (max-width: 640px) 100vw, 640px\" \/><\/p>\n<p><strong>DATEN UND FAKTEN ZU DIESEM BLOG<\/strong><br \/>\nSoll ich oder soll ich nicht? Die Grenzen zwischen L\u00fcgen und Wirklichkeit sind heute fliessend, insbesondere, wenn sie von Narzissten verk\u00fcndet werden, deren Wunschdenken mit einer langen Zunge Kunstfl\u00fcge exerzieren. <\/p>\n<p><img loading=\"lazy\" decoding=\"async\" src=\"https:\/\/windpilot.com\/blog\/wp-content\/uploads\/2016\/12\/Schlange-schmal-1024x515.jpg\" alt=\"\" width=\"640\" height=\"322\" class=\"aligncenter size-large wp-image-12936\" srcset=\"https:\/\/windpilot.com\/blog\/wp-content\/uploads\/2016\/12\/Schlange-schmal-1024x515.jpg 1024w, https:\/\/windpilot.com\/blog\/wp-content\/uploads\/2016\/12\/Schlange-schmal-300x151.jpg 300w, https:\/\/windpilot.com\/blog\/wp-content\/uploads\/2016\/12\/Schlange-schmal-768x386.jpg 768w, https:\/\/windpilot.com\/blog\/wp-content\/uploads\/2016\/12\/Schlange-schmal.jpg 1492w\" sizes=\"auto, (max-width: 640px) 100vw, 640px\" \/><\/p>\n<p>L\u00fcge und Wahrheit befinden sich in unserer virtuellen Welt im steten Zweikampf, weil man mit n\u00fcchternen Zahlen, z.B. \u00fcber Zugriffszahlen, wundervolle Wirkungstreffer &#8211; oder aber Neid! &#8211; erzielen kann. Ob ich mich hier unterscheide, sei Ihrer Wertsch\u00e4tzung \u00fcberlassen! Hier sind meine vergleichsweise ungeschminkten Wahrheiten \u00fcber den Windpilot.com\/blog:<\/p>\n<p>&#8211; Geburt:   26.08.2010<br \/>\n&#8211; Status:   31.12.2016<br \/>\n&#8211; Beitr\u00e4ge in 2 Sprachen: 1412<br \/>\n&#8211; Kommentare: 1598<br \/>\n&#8211; Links: 7248<br \/>\n&#8211; Blauwasser Blog Portal mit 2.700 Schiffen<br \/>\n&#8211; 350 \u2013 500 ts indiv. visitors p.a.<br \/>\n&#8211; Die Anzahl der Hits wird mir vermutlich keiner glauben<br \/>\n&#8211; Banner frei \u2026 das habe ich irgendwo schon Mal gelesen?<br \/>\n&#8211; Eine Ein Personen Operette, stimmt nicht ganz, weil Inga mit ihren wundervollen Cartoons und Chris, mein \u00dcbersetzer, hier auch auf dem Hosenboden sitzen und schwitzen.<\/p>\n<p><img loading=\"lazy\" decoding=\"async\" src=\"https:\/\/windpilot.com\/blog\/wp-content\/uploads\/2016\/12\/76-Fasching-WP.jpg\" alt=\"\" width=\"738\" height=\"476\" class=\"aligncenter size-full wp-image-12930\" srcset=\"https:\/\/windpilot.com\/blog\/wp-content\/uploads\/2016\/12\/76-Fasching-WP.jpg 738w, https:\/\/windpilot.com\/blog\/wp-content\/uploads\/2016\/12\/76-Fasching-WP-300x193.jpg 300w\" sizes=\"auto, (max-width: 738px) 100vw, 738px\" \/><\/p>\n<p>Wieviel Zeit ich investiere? Mit einer guten Datenbank weniger, als einige Menschen glauben m\u00f6gen, zumal mir der Umgang mit Sprache und Wortspiel von meiner Lebens Heldin \u2013 meiner Mutter ! &#8211; als Gratis Mitgift in die Papp Wiege gelegt worden ist. Als <strong>WORD SMITH<\/strong> bedeutet Schreiben f\u00fcr mich Kurzweil, Gelenkigkeit und Spass Sport Vergn\u00fcgen, wobei mich Grammatik wenig schert, weil ich auch ohne ihr leben und atmen kann \u2026 zumal als Kerl Priorit\u00e4ten zu setzen habe, wenn der auch noch<br \/>\n&#8211; windige Piloten zusammen zu schrauben hat,<br \/>\n&#8211; seiner Frau die W\u00fcnsche von den Lippen abzulesen hat,<br \/>\n&#8211; viele Interessen zeitgleich jagt<br \/>\n&#8211; als Perpetuum Mobile unterwegs<br \/>\n&#8211; seit 4 Jahren einen Renten Ausweis dicht am K\u00f6rper tr\u00e4gt<br \/>\n&#8211; Sunk cost fallacy verinnerlicht und lebt und darum<br \/>\n&#8211; jeden Tag freudig aufs Neue begr\u00fcsst.<\/p>\n<p><img loading=\"lazy\" decoding=\"async\" src=\"https:\/\/windpilot.com\/blog\/wp-content\/uploads\/2016\/12\/Truppentransporter.jpg\" alt=\"\" width=\"1000\" height=\"685\" class=\"aligncenter size-full wp-image-12939\" srcset=\"https:\/\/windpilot.com\/blog\/wp-content\/uploads\/2016\/12\/Truppentransporter.jpg 1000w, https:\/\/windpilot.com\/blog\/wp-content\/uploads\/2016\/12\/Truppentransporter-300x206.jpg 300w, https:\/\/windpilot.com\/blog\/wp-content\/uploads\/2016\/12\/Truppentransporter-768x526.jpg 768w\" sizes=\"auto, (max-width: 1000px) 100vw, 1000px\" \/><\/p>\n<p>Dieser Blog lebt von der aktiven Unterst\u00fctzung einer weltweiten Blauwasser Community, die mich auf dem Laufenden h\u00e4lt, die mich in ihre Reisen mit einbezieht, die mich mit Informationen \u00fcber ihr Leben, Leiden und Pl\u00e4ne versorgen, die dabei garnicht zwangsl\u00e4ufig ihr Schiff  mit meinen Heckverzierungen zu verschandeln haben, die erkannt haben, dass ein idealistisch betriebener Blog wohltuend in eine ansonsten so kommerziell orientierte Zeit passt, und dabei wie ein Unicorn seinem Verfasser, Betreiber, Eigensponsor, den Spass beschert, der sich zwischen den Zeilen nicht verstecken will. Der Plan ist mehr als aufgegangen, er hat meine k\u00fchnsten Vorstellungen rechts und links \u00fcberholt.<\/p>\n<p><img loading=\"lazy\" decoding=\"async\" src=\"https:\/\/windpilot.com\/blog\/wp-content\/uploads\/2016\/12\/Marzena-Gem\u00e4lde-1024x768.jpeg\" alt=\"\" width=\"640\" height=\"480\" class=\"aligncenter size-large wp-image-12947\" srcset=\"https:\/\/windpilot.com\/blog\/wp-content\/uploads\/2016\/12\/Marzena-Gem\u00e4lde.jpeg 1024w, https:\/\/windpilot.com\/blog\/wp-content\/uploads\/2016\/12\/Marzena-Gem\u00e4lde-300x225.jpeg 300w, https:\/\/windpilot.com\/blog\/wp-content\/uploads\/2016\/12\/Marzena-Gem\u00e4lde-768x576.jpeg 768w\" sizes=\"auto, (max-width: 640px) 100vw, 640px\" \/><\/p>\n<p>Wenn ich am Ende dann meiner bezaubernden femininen Regierungszentrale auf maroden Knien danke, dass sie mich Stunden weise aus ihrem Einfluss Bereich entlassen, geduldet hat, dass ich des Nachts dem eheliche Federbett \u2013 sowie den dort lauernden Pflichten &#8211; heimlich entfliehe, um auf dem Klo oder Sofa neue Wortspielereien zu formulieren, so geschieht dies, um mir f\u00fcr zuk\u00fcnftige Eskapaden bereits prophylaktisch f\u00fcr 2017 einen Freibrief zu verschaffen. <\/p>\n<p><img loading=\"lazy\" decoding=\"async\" src=\"https:\/\/windpilot.com\/blog\/wp-content\/uploads\/2016\/12\/MarzenaFledermaus3-1024x768.jpg\" alt=\"\" width=\"640\" height=\"480\" class=\"aligncenter size-large wp-image-12973\" srcset=\"https:\/\/windpilot.com\/blog\/wp-content\/uploads\/2016\/12\/MarzenaFledermaus3-1024x768.jpg 1024w, https:\/\/windpilot.com\/blog\/wp-content\/uploads\/2016\/12\/MarzenaFledermaus3-300x225.jpg 300w, https:\/\/windpilot.com\/blog\/wp-content\/uploads\/2016\/12\/MarzenaFledermaus3-768x576.jpg 768w\" sizes=\"auto, (max-width: 640px) 100vw, 640px\" \/><\/p>\n<p>Nicht nur darum werde ich sie weiter achten, weil ich ansonsten n\u00e4mlich verhungern w\u00fcrde, seelisch und physisch, weil sie die Hand ist, die mir mein Futter gibt, die mich als weiblicher \u00c4rger Fritze st\u00e4ndig piesert und korreliert, die mich besser als Botox jung erh\u00e4lt \u2026 die meine Welt und mein Leben teilt und \u00fcber allem schwebt, die ich gefunden habe, um sie m\u00f6glichst nur Minuten weise zu verlassen &#8230; Amen!<\/p>\n<p>Musste mal sein \u2026 bin schon weg&#8230; !<\/p>\n<p>Peter Foerthmann<\/p>\n","protected":false},"excerpt":{"rendered":"<p>2016 &#8211; NEUJAHRS ANSPRACHE Regierungserkl\u00e4rungen, Presse Konferenzen, Absichtserkl\u00e4rungen, Sch\u00f6nf\u00e4rberei, Lobhudelei und Weltumarmungen, sind heute modern, h\u00e4ufig allerdings nur Papperlapapp &#8211; warum also nicht einmal in eigener Sache ein paar Hintersinnigkeiten, quasi Dinner for One, vom Stapel lassen? WARUM TU ICH &hellip; <a href=\"https:\/\/windpilot.com\/blog\/news\/happy-new-year\/\">Weiterlesen <span class=\"meta-nav\">&rarr;<\/span><\/a><\/p>\n","protected":false},"author":1,"featured_media":0,"parent":16769,"menu_order":-2,"comment_status":"closed","ping_status":"closed","template":"","meta":{"footnotes":""},"class_list":["post-16871","page","type-page","status-publish","hentry"],"_links":{"self":[{"href":"https:\/\/windpilot.com\/blog\/wp-json\/wp\/v2\/pages\/16871","targetHints":{"allow":["GET"]}}],"collection":[{"href":"https:\/\/windpilot.com\/blog\/wp-json\/wp\/v2\/pages"}],"about":[{"href":"https:\/\/windpilot.com\/blog\/wp-json\/wp\/v2\/types\/page"}],"author":[{"embeddable":true,"href":"https:\/\/windpilot.com\/blog\/wp-json\/wp\/v2\/users\/1"}],"replies":[{"embeddable":true,"href":"https:\/\/windpilot.com\/blog\/wp-json\/wp\/v2\/comments?post=16871"}],"version-history":[{"count":2,"href":"https:\/\/windpilot.com\/blog\/wp-json\/wp\/v2\/pages\/16871\/revisions"}],"predecessor-version":[{"id":16917,"href":"https:\/\/windpilot.com\/blog\/wp-json\/wp\/v2\/pages\/16871\/revisions\/16917"}],"up":[{"embeddable":true,"href":"https:\/\/windpilot.com\/blog\/wp-json\/wp\/v2\/pages\/16769"}],"wp:attachment":[{"href":"https:\/\/windpilot.com\/blog\/wp-json\/wp\/v2\/media?parent=16871"}],"curies":[{"name":"wp","href":"https:\/\/api.w.org\/{rel}","templated":true}]}}