{"id":16983,"date":"2018-01-28T12:15:40","date_gmt":"2018-01-28T19:15:40","guid":{"rendered":"https:\/\/windpilot.com\/blog\/?page_id=16983"},"modified":"2018-03-12T11:56:42","modified_gmt":"2018-03-12T18:56:42","slug":"maschine-wasser","status":"publish","type":"page","link":"https:\/\/windpilot.com\/blog\/schiffe\/oyster-daemmerung\/maschine-wasser\/","title":{"rendered":"Maschine + Wasser"},"content":{"rendered":"<p><strong>WIE PASST DAS ZUSAMMEN?<\/strong><br \/>\nEigentlich passt es garnicht, weil ein jeder der Feind des anderen ist, weil man hier L\u00f6sungen zu finden hat, die mit Segeln unvertr\u00e4glich sind, <\/p>\n<p><img loading=\"lazy\" decoding=\"async\" src=\"https:\/\/windpilot.com\/blog\/wp-content\/uploads\/2018\/01\/IMG_2396-Kopie.jpg\" alt=\"\" width=\"1620\" height=\"1080\" class=\"aligncenter size-full wp-image-16986\" srcset=\"https:\/\/windpilot.com\/blog\/wp-content\/uploads\/2018\/01\/IMG_2396-Kopie.jpg 1620w, https:\/\/windpilot.com\/blog\/wp-content\/uploads\/2018\/01\/IMG_2396-Kopie-300x200.jpg 300w, https:\/\/windpilot.com\/blog\/wp-content\/uploads\/2018\/01\/IMG_2396-Kopie-768x512.jpg 768w, https:\/\/windpilot.com\/blog\/wp-content\/uploads\/2018\/01\/IMG_2396-Kopie-1024x683.jpg 1024w\" sizes=\"auto, (max-width: 1620px) 100vw, 1620px\" \/><\/p>\n<p>weil Regeln zu erf\u00fcllen sind, an die sich das Wasser zumindest selten h\u00e4lt, jedenfalls bei einem Segelboot, bei dem die Physik Kapriolen schl\u00e4gt, weil Motoren bei unterschiedlicher Schr\u00e4glage, teils tief unter Wasser, aber eben auch in gleicher Ebene oder sogar hoch in der Luft liegen k\u00f6nnen, wobei Auspuffsysteme gleichermassen zuverl\u00e4ssig zu funktionieren haben:<br \/>\n&#8211; Auspuffgase und K\u00fchlwasser sollen stetig auf einer Einbahnstrasse nach draussen<br \/>\n&#8211; Seewasser im Gegenverkehr niemals bis zur Maschine gelangen k\u00f6nnen<br \/>\n&#8211; desgleichen K\u00fchlwasser bei abgestellter Maschine keinen Weg r\u00fcckw\u00e4rts zur Maschine finden<br \/>\n&#8211; Vibrationen der Maschine sind zuverl\u00e4ssig vom Rumpf zu trennen<br \/>\n&#8211; Schalld\u00e4mpfung ist zwingend als Nebenjob zu erledigen<br \/>\n&#8211; Und beim Segeln &#8211; also abgestellter Maschine \u2013 ebenso zuverl\u00e4ssig jedes Eindringen von Wasser in den Motor verhindert werden <\/p>\n<p><img loading=\"lazy\" decoding=\"async\" src=\"https:\/\/windpilot.com\/blog\/wp-content\/uploads\/2018\/01\/Shark-Boot-Kopie.jpg\" alt=\"\" width=\"1836\" height=\"1205\" class=\"aligncenter size-full wp-image-16987\" srcset=\"https:\/\/windpilot.com\/blog\/wp-content\/uploads\/2018\/01\/Shark-Boot-Kopie.jpg 1836w, https:\/\/windpilot.com\/blog\/wp-content\/uploads\/2018\/01\/Shark-Boot-Kopie-300x197.jpg 300w, https:\/\/windpilot.com\/blog\/wp-content\/uploads\/2018\/01\/Shark-Boot-Kopie-768x504.jpg 768w, https:\/\/windpilot.com\/blog\/wp-content\/uploads\/2018\/01\/Shark-Boot-Kopie-1024x672.jpg 1024w\" sizes=\"auto, (max-width: 1836px) 100vw, 1836px\" \/><\/p>\n<p><strong>EINE HARDCORE HERAUSFORDERUNG<\/strong><br \/>\ndie zumindest bei Motorbooten leicht beherrschbar ist, weil:<br \/>\n&#8211; Die Maschine unter Fahrt im Auspuffsystem stetig Druck erzeugt<br \/>\n&#8211; Schr\u00e4glage im Rhythmus erfolgt und einseitig dauerhaft starke Kr\u00e4ngung vermieden wird.<br \/>\n&#8211; Vertikaler Abstand zu WL dabei stets moderat, Maschinenabgase selten gro\u00dfe H\u00f6henunterschiede zu bew\u00e4ltigen haben.<\/p>\n<p><img loading=\"lazy\" decoding=\"async\" src=\"https:\/\/windpilot.com\/blog\/wp-content\/uploads\/2018\/01\/Saveol-achtern-Kopie.jpg\" alt=\"\" width=\"4546\" height=\"2691\" class=\"aligncenter size-full wp-image-16988\" srcset=\"https:\/\/windpilot.com\/blog\/wp-content\/uploads\/2018\/01\/Saveol-achtern-Kopie.jpg 4546w, https:\/\/windpilot.com\/blog\/wp-content\/uploads\/2018\/01\/Saveol-achtern-Kopie-300x178.jpg 300w, https:\/\/windpilot.com\/blog\/wp-content\/uploads\/2018\/01\/Saveol-achtern-Kopie-768x455.jpg 768w, https:\/\/windpilot.com\/blog\/wp-content\/uploads\/2018\/01\/Saveol-achtern-Kopie-1024x606.jpg 1024w\" sizes=\"auto, (max-width: 4546px) 100vw, 4546px\" \/><\/p>\n<p>Bei Segelyachten ger\u00e4t die Thematik schwierig, wenn St\u00f6rf\u00e4lle eine theoretisch durchdachte Konzeption in der Praxis konterkarieren k\u00f6nnen:<br \/>\n&#8211; wenn eine Entl\u00fcftung im Schwanenhals den Dienst versagt ( Verstopfung oder Kristallisierung ) und im Siphon das Wasser r\u00fcckw\u00e4rts in die Tiefe zur Maschine l\u00e4uft oder gesogen wird<br \/>\n&#8211; wenn Auspuffteile aus armierten Gummischl\u00e4uchen, die zur Verringerung von Vibrationen und K\u00f6rperschall montiert, durch \u00dcberhitzung schmelzen k\u00f6nnen, z.B. bei Ausfall der K\u00fchlwasser Zufuhr ( Verstopfung der K\u00fchlwasser Zuleitung \u2013 z.B. Qualle oder Plastik )<br \/>\n&#8211; wenn Auspuffteile ( Wassersammler ) aus kosteng\u00fcnstigen oder preiswerten Thermoplasten hergestellt, die jenseits normaler Betriebstemperaturen schmelzen k\u00f6nnen<br \/>\n&#8211; wenn R\u00fccklaufklappen oder Ventile durch Dreck oder R\u00fcckst\u00e4nde mechanisch nicht mehr funktionieren, in deren Folge das Wasser zur Maschine gelangen kann<br \/>\n&#8211; wenn extreme Schr\u00e4glagen im Verbund mit schwerer See von achtern alle Systeme auf die Probe stellen, weil bei 90 Grad Kr\u00e4ngung jeder Schwanenhals zur geraden Ebene wird, die von Wasser dann einfach \u00fcberwunden werden kann.<\/p>\n<p>Bei einer Segelyacht steht also alles Kopf, weil der Art und Beschaffenheit des Auspuffsystems die alles entscheidende Bedeutung zukommt: <\/p>\n<p><strong>KANN WASSEREINTRITT ZUVERL\u00c4SSIG VERHINDERT WERDEN?<\/strong><\/p>\n<p><img loading=\"lazy\" decoding=\"async\" src=\"https:\/\/windpilot.com\/blog\/wp-content\/uploads\/2018\/01\/Welle-No-1-Kopie-2.jpg\" alt=\"\" width=\"1546\" height=\"1018\" class=\"aligncenter size-full wp-image-16989\" srcset=\"https:\/\/windpilot.com\/blog\/wp-content\/uploads\/2018\/01\/Welle-No-1-Kopie-2.jpg 1546w, https:\/\/windpilot.com\/blog\/wp-content\/uploads\/2018\/01\/Welle-No-1-Kopie-2-300x198.jpg 300w, https:\/\/windpilot.com\/blog\/wp-content\/uploads\/2018\/01\/Welle-No-1-Kopie-2-768x506.jpg 768w, https:\/\/windpilot.com\/blog\/wp-content\/uploads\/2018\/01\/Welle-No-1-Kopie-2-1024x674.jpg 1024w\" sizes=\"auto, (max-width: 1546px) 100vw, 1546px\" \/><\/p>\n<p>Ohne hier Radio Eriwan zu zitieren, aber die richtige Antwort w\u00e4re: <strong>NEIN!<\/strong><br \/>\nDenn eine \u201eim Prinzip korrekte Antwort\u201c hilft einem Segler in gef\u00e4hrlichen Situationen wenig, wenn er gerade in der Praxis eines besseren belehrt worden ist. Denn, nicht wahr, was ist der Sinn einer Einbahnstrasse, wenn ein Geisterfahrer die Regeln st\u00f6rt?<\/p>\n<p><img loading=\"lazy\" decoding=\"async\" src=\"https:\/\/windpilot.com\/blog\/wp-content\/uploads\/2018\/01\/NLP40-50-1.jpg\" alt=\"\" width=\"600\" height=\"500\" class=\"aligncenter size-full wp-image-17013\" srcset=\"https:\/\/windpilot.com\/blog\/wp-content\/uploads\/2018\/01\/NLP40-50-1.jpg 600w, https:\/\/windpilot.com\/blog\/wp-content\/uploads\/2018\/01\/NLP40-50-1-300x250.jpg 300w\" sizes=\"auto, (max-width: 600px) 100vw, 600px\" \/><\/p>\n<p><strong>SEEWASSER ALS GEISTERFAHRER<\/strong><br \/>\nEs muss nicht immer gleich der Wasserschlag sein, der vehement den Motor zerst\u00f6rt, weil Wasser im Verbrennungsraum durch Kolben nicht zu komprimieren ist. Schon kleine Wassermengen sind genug, um das Innere eines Motors auf Dauer zu sch\u00e4digen. Es gilt die schlichte Regel, dass Wasser jeder Art im Verbrennungsraum eines  Motor nichts zu suchen  hat. Dies zu verhindern, werden Schwanenh\u00e4lse und Vakuumventile eingebaut, zudem Wassersammler gen\u00fcgender Gr\u00f6sse tief genug montiert. <\/p>\n<p>Im Heckbereich sind sodann Breite des Spiegels und Position des Endrohres kritisch zu beachten, weil jede aussermittige Montage das Abgasrohr &#8211; bei Schr\u00e4glage &#8211; unter Wasser geraten lassen w\u00fcrde, was ggf. Unterdruck bzw Sogeffekte ergeben k\u00f6nnte, falls die Entl\u00fcftung im Schwanenhals nicht funktionierte.<\/p>\n<p>Zudem k\u00f6nnen Saugeffekte bei Kontraktion der Abgase durch Erkalten, im Verlauf einiger Minuten nach dem Abstellen des Motors eintreten, einem Ph\u00e4nomen, das zu bedenken ist, wenn der horizontale Abstand zwischen Wassersammler und Zylinderkopf zu gering gew\u00e4hlt, was bei Schiffen mit flachem U-Spant kaum zu beeinflussen ist. Dies ger\u00e4t dann zu einer Frage der Volumenverh\u00e4ltnisse und L\u00e4nge der Abgasleitung zwischen Motor und Wassersammler um Wasser zuverl\u00e4ssig im Sammler zu belassen.<\/p>\n<p><img loading=\"lazy\" decoding=\"async\" src=\"https:\/\/windpilot.com\/blog\/wp-content\/uploads\/2018\/01\/CocaCola-LKW-Kopie.jpg\" alt=\"\" width=\"550\" height=\"453\" class=\"aligncenter size-full wp-image-16991\" srcset=\"https:\/\/windpilot.com\/blog\/wp-content\/uploads\/2018\/01\/CocaCola-LKW-Kopie.jpg 550w, https:\/\/windpilot.com\/blog\/wp-content\/uploads\/2018\/01\/CocaCola-LKW-Kopie-300x247.jpg 300w\" sizes=\"auto, (max-width: 550px) 100vw, 550px\" \/><\/p>\n<p><strong>DIE L\u00d6SUNG ALLER PROBLEME HAT EINEN NAMEN &#8211; ABSPERRVENTIL<\/strong><br \/>\nSeit Jahrzehnten mein Credo, mit der Montage eines Absperrventils im Auspuffsystems, werden s\u00e4mtliche potentiellen Probleme auf einmal erledigt. Es liegt lediglich in der Obhut des Skippers \u2013 oder des unerfahrenen Bordpersonals \u2013 vor dem Starten des Motors das <strong>ABSPERRVENTIL ZU \u00d6FFNEN<\/strong>. <\/p>\n<p>Ob dies einem verantwortungsbewu\u00dften Skipper zumutbar erscheint, mag jeder &#8211; und mit Bedacht &#8211; am besten selbst entscheiden.<\/p>\n<p><img loading=\"lazy\" decoding=\"async\" src=\"https:\/\/windpilot.com\/blog\/wp-content\/uploads\/2018\/01\/DSC01592-Kopie.jpeg\" alt=\"\" width=\"800\" height=\"534\" class=\"aligncenter size-full wp-image-16993\" srcset=\"https:\/\/windpilot.com\/blog\/wp-content\/uploads\/2018\/01\/DSC01592-Kopie.jpeg 800w, https:\/\/windpilot.com\/blog\/wp-content\/uploads\/2018\/01\/DSC01592-Kopie-300x200.jpeg 300w, https:\/\/windpilot.com\/blog\/wp-content\/uploads\/2018\/01\/DSC01592-Kopie-768x513.jpeg 768w\" sizes=\"auto, (max-width: 800px) 100vw, 800px\" \/><\/p>\n<p><strong>ZWEI AKTUELLE F\u00c4LLE<\/strong><br \/>\nGanz aktuell sind mir zwei F\u00e4lle gegenw\u00e4rtig, bei denen brandneue Schiffe mit neuesten Systemen, durch Wasser im Motor Sch\u00e4den erlitten haben. Bei einer Garcia Exploration 45 ist vermutlich der Motor ersetzt worden.<\/p>\n<p><img loading=\"lazy\" decoding=\"async\" src=\"https:\/\/windpilot.com\/blog\/wp-content\/uploads\/2018\/01\/dryout.09.jpg\" alt=\"\" width=\"800\" height=\"600\" class=\"aligncenter size-full wp-image-16992\" srcset=\"https:\/\/windpilot.com\/blog\/wp-content\/uploads\/2018\/01\/dryout.09.jpg 800w, https:\/\/windpilot.com\/blog\/wp-content\/uploads\/2018\/01\/dryout.09-300x225.jpg 300w, https:\/\/windpilot.com\/blog\/wp-content\/uploads\/2018\/01\/dryout.09-768x576.jpg 768w\" sizes=\"auto, (max-width: 800px) 100vw, 800px\" \/><\/p>\n<p>Die aktuellste Geschichte ist im <a href=\"http:\/\/www.wavetrain.net\/the-lunacy-report\/804-lunacy-s-flooded-engine-the-final-solution\" target=\"_blank\">THE LUNACY REPORT<\/a> in den USA niedergeschrieben. Es ist die Geschichte, die <strong>CHARLES DOANE<\/strong>,  Cruising editor for SAIL, k\u00fcrzlich mit seiner in 2017 erworbenen BOREAL 47 widerfahren ist, in deren Folge er  \u2026 <strong>EIN ABSPERRVENTIL  montierte.<\/strong><\/p>\n<p>Ohne hier den Besserwisser zu apostrophieren, aber die alten Regeln sind f\u00fcr mich immer noch h\u00f6chst lebendig.<\/p>\n<p>Jedenfalls bis auf weiteres<br \/>\nPeter Foerthmann<\/p>\n","protected":false},"excerpt":{"rendered":"<p>WIE PASST DAS ZUSAMMEN? Eigentlich passt es garnicht, weil ein jeder der Feind des anderen ist, weil man hier L\u00f6sungen zu finden hat, die mit Segeln unvertr\u00e4glich sind, weil Regeln zu erf\u00fcllen sind, an die sich das Wasser zumindest selten &hellip; <a href=\"https:\/\/windpilot.com\/blog\/schiffe\/oyster-daemmerung\/maschine-wasser\/\">Weiterlesen <span class=\"meta-nav\">&rarr;<\/span><\/a><\/p>\n","protected":false},"author":1,"featured_media":0,"parent":11710,"menu_order":4,"comment_status":"open","ping_status":"closed","template":"","meta":{"footnotes":""},"class_list":["post-16983","page","type-page","status-publish","hentry"],"_links":{"self":[{"href":"https:\/\/windpilot.com\/blog\/wp-json\/wp\/v2\/pages\/16983","targetHints":{"allow":["GET"]}}],"collection":[{"href":"https:\/\/windpilot.com\/blog\/wp-json\/wp\/v2\/pages"}],"about":[{"href":"https:\/\/windpilot.com\/blog\/wp-json\/wp\/v2\/types\/page"}],"author":[{"embeddable":true,"href":"https:\/\/windpilot.com\/blog\/wp-json\/wp\/v2\/users\/1"}],"replies":[{"embeddable":true,"href":"https:\/\/windpilot.com\/blog\/wp-json\/wp\/v2\/comments?post=16983"}],"version-history":[{"count":8,"href":"https:\/\/windpilot.com\/blog\/wp-json\/wp\/v2\/pages\/16983\/revisions"}],"predecessor-version":[{"id":17014,"href":"https:\/\/windpilot.com\/blog\/wp-json\/wp\/v2\/pages\/16983\/revisions\/17014"}],"up":[{"embeddable":true,"href":"https:\/\/windpilot.com\/blog\/wp-json\/wp\/v2\/pages\/11710"}],"wp:attachment":[{"href":"https:\/\/windpilot.com\/blog\/wp-json\/wp\/v2\/media?parent=16983"}],"curies":[{"name":"wp","href":"https:\/\/api.w.org\/{rel}","templated":true}]}}