{"id":17001,"date":"2018-01-28T13:04:44","date_gmt":"2018-01-28T20:04:44","guid":{"rendered":"https:\/\/windpilot.com\/blog\/?page_id=17001"},"modified":"2020-04-09T08:20:32","modified_gmt":"2020-04-09T15:20:32","slug":"2018-50-jahre-windpilot","status":"publish","type":"page","link":"https:\/\/windpilot.com\/blog\/news\/2018-50-jahre-windpilot\/","title":{"rendered":"2018 Jubil\u00e4um 50J"},"content":{"rendered":"<p><strong>WINDPILOT JUBIL\u00c4UM &#8211; FAST H\u00c4TTE ICH ES NICHT GEMERKT!<\/strong><\/p>\n<p><img loading=\"lazy\" decoding=\"async\" src=\"https:\/\/windpilot.com\/blog\/wp-content\/uploads\/2018\/01\/Rio-789-Kopie.jpeg\" alt=\"\" width=\"1280\" height=\"960\" class=\"aligncenter size-full wp-image-17002\" srcset=\"https:\/\/windpilot.com\/blog\/wp-content\/uploads\/2018\/01\/Rio-789-Kopie.jpeg 1280w, https:\/\/windpilot.com\/blog\/wp-content\/uploads\/2018\/01\/Rio-789-Kopie-300x225.jpeg 300w, https:\/\/windpilot.com\/blog\/wp-content\/uploads\/2018\/01\/Rio-789-Kopie-768x576.jpeg 768w, https:\/\/windpilot.com\/blog\/wp-content\/uploads\/2018\/01\/Rio-789-Kopie-1024x768.jpeg 1024w\" sizes=\"auto, (max-width: 1280px) 100vw, 1280px\" \/><\/p>\n<p>Zum Gl\u00fcck besitzt die Hansestadt Hamburg eine offenbar tadellos funktionierende Verwaltung. Denn ich erhielt vor einigen Wochen ein Schreiben, das mich an ein halbes Jahrhundert des Existierens der Firma Windpilot erinnerte. Man wolle mir gratulieren und bot an, mir u.a. eine Urkunde zu verleihen, die ich bei der Auswahl mit Goldrand dann mit \u20ac 17,50 zu bezahlen haben w\u00fcrde. Eine Ehre, der ein Schriftwechsel folgte, den ich hier wiedergebe &#8211; ohne weitere Worte.<\/p>\n<blockquote><p>Guten Morgen Herr Bergmann,<br \/>\nich bedanke mich gern f\u00fcr zwei Mails aus unterschiedlichen Etagen, was erkennen l\u00e4sst, dass mein Protest bei Ihnen wahrgenommen wurde &#8211; was ich als improvement bezeichne!<\/p>\n<p>Sie werden gleichwohl die grauenvollen Erfahrungen jahrzehntelangen Leidens unter einer in sich geschlossenen Beh\u00f6rde, die sich aus Zwangsbeitr\u00e4gen ein sanftes Ruhekissen inklusive eklatanter Altersversorgung, hat einrichten k\u00f6nnen &#8211; nicht \u00fcber Nacht vergessen machen k\u00f6nnen.<\/p>\n<p><img loading=\"lazy\" decoding=\"async\" src=\"https:\/\/windpilot.com\/blog\/wp-content\/uploads\/2018\/01\/Rio-766-Kopie.jpeg\" alt=\"\" width=\"1280\" height=\"960\" class=\"aligncenter size-full wp-image-17003\" srcset=\"https:\/\/windpilot.com\/blog\/wp-content\/uploads\/2018\/01\/Rio-766-Kopie.jpeg 1280w, https:\/\/windpilot.com\/blog\/wp-content\/uploads\/2018\/01\/Rio-766-Kopie-300x225.jpeg 300w, https:\/\/windpilot.com\/blog\/wp-content\/uploads\/2018\/01\/Rio-766-Kopie-768x576.jpeg 768w, https:\/\/windpilot.com\/blog\/wp-content\/uploads\/2018\/01\/Rio-766-Kopie-1024x768.jpeg 1024w\" sizes=\"auto, (max-width: 1280px) 100vw, 1280px\" \/><\/p>\n<p>Denn, nicht wahr, der Widerspruch wiegt schwer, wenn in Interviews \u201e vom coolen Laden\u201c die Rede ist, dabei dann allerdings nicht zeitgleich vorhandene Strukturen schleunigst kontrolliert, bzw. \u00fcber den Haufen geworfen und abgestellt werden. Ganz besonders im Fokus: der sensible Kontakt zum \u201eTafelsilber\u201c, jenen langj\u00e4hrigen Mitgliedern &#8211; deren Wut und Entt\u00e4uschung mit der Summe jahrzehntelanger Beitrags &#8211; und Steuerzahlungen in einer Lufth\u00f6he angekommen ist, bei der es dann nur noch eines kleines Funkens bedarf, um eine Explosion zu verursachen &#8211; wie Ihr Jubil\u00e4umsangebot! Ungeachtet Ihres Gratis &#8211; Angebotes f\u00fcr v\u00f6llig verarmte Beitragszahler, halte ich Ihre Vorgehensweise f\u00fcr einen bemerkenswerten Fauxpas, der erkennen l\u00e4sst, dass man sich seitens der HK ( Handelskammer ) der Brisanz derartiger Schreiben keineswegs bewusst zu sein scheint. Trotz Auswechselns des Oberindianers! <\/p>\n<p><img loading=\"lazy\" decoding=\"async\" src=\"https:\/\/windpilot.com\/blog\/wp-content\/uploads\/2018\/01\/Rio-742-Kopie.jpeg\" alt=\"\" width=\"1280\" height=\"960\" class=\"aligncenter size-full wp-image-17004\" srcset=\"https:\/\/windpilot.com\/blog\/wp-content\/uploads\/2018\/01\/Rio-742-Kopie.jpeg 1280w, https:\/\/windpilot.com\/blog\/wp-content\/uploads\/2018\/01\/Rio-742-Kopie-300x225.jpeg 300w, https:\/\/windpilot.com\/blog\/wp-content\/uploads\/2018\/01\/Rio-742-Kopie-768x576.jpeg 768w, https:\/\/windpilot.com\/blog\/wp-content\/uploads\/2018\/01\/Rio-742-Kopie-1024x768.jpeg 1024w\" sizes=\"auto, (max-width: 1280px) 100vw, 1280px\" \/><\/p>\n<p>Wenn zudem Entscheidungstr\u00e4ger wie Herr Senator Horch, Herr Aufderheide, oder Herr Guido Neumann ( Hamburg Marketing ), ihres Zeichens als Vertreter der Hamburger Wirtschaft in Bezug auf dezidierte Belange nicht einmal eine Antwort verfassen m\u00f6gen, so frage ich mich allen Ernstes, wof\u00fcr ich seit Jahrzehnten exorbitante  Gewerbesteuer Hebes\u00e4tze und Kammerbeitr\u00e4ge ertrage und bezahle, ohne daf\u00fcr eine Gegenleistung zu erhalten. F\u00fcr mich sieht dies eher nach einem nackten Arsch aus, der sich mir keck entgegenstreckt, weil der Respekt vor den Beitrags- und Steuerzahlern erkennbar vollkommen verloren gegangen scheint.<\/p>\n<p>Ohne hier nun den Eindruck eines ged\u00e4mlackten Narzissten oder einer beleidigten Leberwurst, zu hinterlassen, aber meine Verwunderung grenzt an Atemlosigkeit, dass eine Stadt, die ich mit  Steuern und Geb\u00fchren lebenslang unterst\u00fctze, keinerlei Wahrnehmungsf\u00e4higkeit oder Interesse zu besitzen scheint &#8211; oder gar Anerkennung? &#8211; f\u00fcr ein Firmenjuwel wie der Firma Windpilot, die als Weltmarktf\u00fchrer f\u00fcr Windsteuer Systeme und zugleich vermutlich Deutschlands kleinstem industriell produzierenden Unternehmen, f\u00fcr die Au\u00dfendarstellung von Hamburg \u00fcber Jahrzehnte einen wertvollen Beitrag leistet&#8230;.<\/p>\n<p><img loading=\"lazy\" decoding=\"async\" src=\"https:\/\/windpilot.com\/blog\/wp-content\/uploads\/2018\/01\/Milka-Kuh-HH.jpeg\" alt=\"\" width=\"640\" height=\"480\" class=\"aligncenter size-full wp-image-17005\" srcset=\"https:\/\/windpilot.com\/blog\/wp-content\/uploads\/2018\/01\/Milka-Kuh-HH.jpeg 640w, https:\/\/windpilot.com\/blog\/wp-content\/uploads\/2018\/01\/Milka-Kuh-HH-300x225.jpeg 300w\" sizes=\"auto, (max-width: 640px) 100vw, 640px\" \/><\/p>\n<p>&#8230;. Hamburg als Tor zur Welt? Ich vermute eher, dass hier einige Menschen die Bodenhaftung verloren haben und jene Menschen vergessen, die diesen Anspruch lebenslang mit ihrer H\u00e4nde Arbeit erf\u00fcllen.<\/p>\n<p>mit freundlichem Gruss vom Tafelsilber einer Hansestadt, deren Verwaltungs Personal sich m.E. unn\u00f6tig blamiert hat.<\/p>\n<p>Peter Foerthmann<\/p><\/blockquote>\n","protected":false},"excerpt":{"rendered":"<p>WINDPILOT JUBIL\u00c4UM &#8211; FAST H\u00c4TTE ICH ES NICHT GEMERKT! Zum Gl\u00fcck besitzt die Hansestadt Hamburg eine offenbar tadellos funktionierende Verwaltung. Denn ich erhielt vor einigen Wochen ein Schreiben, das mich an ein halbes Jahrhundert des Existierens der Firma Windpilot erinnerte. &hellip; <a href=\"https:\/\/windpilot.com\/blog\/news\/2018-50-jahre-windpilot\/\">Weiterlesen <span class=\"meta-nav\">&rarr;<\/span><\/a><\/p>\n","protected":false},"author":1,"featured_media":0,"parent":16769,"menu_order":-5,"comment_status":"open","ping_status":"closed","template":"","meta":{"footnotes":""},"class_list":["post-17001","page","type-page","status-publish","hentry"],"_links":{"self":[{"href":"https:\/\/windpilot.com\/blog\/wp-json\/wp\/v2\/pages\/17001","targetHints":{"allow":["GET"]}}],"collection":[{"href":"https:\/\/windpilot.com\/blog\/wp-json\/wp\/v2\/pages"}],"about":[{"href":"https:\/\/windpilot.com\/blog\/wp-json\/wp\/v2\/types\/page"}],"author":[{"embeddable":true,"href":"https:\/\/windpilot.com\/blog\/wp-json\/wp\/v2\/users\/1"}],"replies":[{"embeddable":true,"href":"https:\/\/windpilot.com\/blog\/wp-json\/wp\/v2\/comments?post=17001"}],"version-history":[{"count":5,"href":"https:\/\/windpilot.com\/blog\/wp-json\/wp\/v2\/pages\/17001\/revisions"}],"predecessor-version":[{"id":17010,"href":"https:\/\/windpilot.com\/blog\/wp-json\/wp\/v2\/pages\/17001\/revisions\/17010"}],"up":[{"embeddable":true,"href":"https:\/\/windpilot.com\/blog\/wp-json\/wp\/v2\/pages\/16769"}],"wp:attachment":[{"href":"https:\/\/windpilot.com\/blog\/wp-json\/wp\/v2\/media?parent=17001"}],"curies":[{"name":"wp","href":"https:\/\/api.w.org\/{rel}","templated":true}]}}