{"id":17289,"date":"2018-03-10T06:44:38","date_gmt":"2018-03-10T13:44:38","guid":{"rendered":"https:\/\/windpilot.com\/blog\/?page_id=17289"},"modified":"2019-12-14T02:26:17","modified_gmt":"2019-12-14T09:26:17","slug":"falsch-verstanden","status":"publish","type":"page","link":"https:\/\/windpilot.com\/blog\/columns\/peter-der-markt\/sponsoring\/falsch-verstanden\/","title":{"rendered":"Falsch verstanden"},"content":{"rendered":"<p><strong>SPONSORING &#8211; IRGENDWIE FALSCH VERSTANDEN<\/strong><\/p>\n<p><img loading=\"lazy\" decoding=\"async\" src=\"https:\/\/windpilot.com\/blog\/wp-content\/uploads\/2018\/03\/Cap-Hoorn-low.jpg\" alt=\"\" width=\"1262\" height=\"851\" class=\"aligncenter size-full wp-image-17291\" srcset=\"https:\/\/windpilot.com\/blog\/wp-content\/uploads\/2018\/03\/Cap-Hoorn-low.jpg 1262w, https:\/\/windpilot.com\/blog\/wp-content\/uploads\/2018\/03\/Cap-Hoorn-low-300x202.jpg 300w, https:\/\/windpilot.com\/blog\/wp-content\/uploads\/2018\/03\/Cap-Hoorn-low-768x518.jpg 768w, https:\/\/windpilot.com\/blog\/wp-content\/uploads\/2018\/03\/Cap-Hoorn-low-1024x691.jpg 1024w\" sizes=\"auto, (max-width: 1262px) 100vw, 1262px\" \/><\/p>\n<p>Sponsoring Ersuchen geh\u00f6ren zu meinem Alltag, wie das Kikeriki des Hahn\u00b4s am fr\u00fchen Morgen, weshalb ich mir im Verlauf einiger Jahrzehnte eine Lebensphilosophie zurecht gebastelt habe, die verhindert, dass ich einen Teil meiner Jahres Arbeits Leistung gegen Versprechungen versende, zumal ich erfahre musste, wie schnell Versprechungen um Ecken flitzen k\u00f6nnen. Mein Credo: die beste Anerkennung f\u00fcr ein Produkt ist die Bereitschaft zur Zahlung an der Kasse, denn von Luft und Liebe funzt auch mein Leben nicht. <\/p>\n<p><strong>Am 07.M\u00e4rz erreicht mich folgende Mail<\/strong><\/p>\n<blockquote><p>Liebes Windpilotteam!<br \/>\nIch werde mit meiner Stahlyacht  W&#8230;.,  als erster \u00f6sterreichischer Fahrtensegler EINHAND und NONSTOP um die Welt segeln.<br \/>\nF\u00fcr das Gelingen meines Projektes bin ich auf Sachsponsoren angewiesen.<br \/>\nAnbei finden Sie eine Pr\u00e4sentation meines Projektes mit verschiedenen Sponsorpaketen.<br \/>\nIch w\u00fcrde mich freuen, wenn Sie Teil dieses spannenden Projektes werden k\u00f6nnten und Sie mich mit einem Sachsponsoring unterst\u00fctzen!<br \/>\n&#8230;. Testen Sie IHR Produkt aus dem Yachtbereich auf der h\u00e4rtest m\u00f6glichen Routeu \u00fcber einen Zeitraum von 6 Monaten!<\/p><\/blockquote>\n<p><strong>Mein Replik folgte wenige Stunden sp\u00e4ter:<\/strong><\/p>\n<blockquote><p>Guten Morgen,<br \/>\nund so reiht sich nun also ein weiterer Segler in die weltweite Karawane von Frauen und M\u00e4nnern, die eine NONSTOP REISE zu machen planen. Allein in diesem Jahr sind ungef\u00e4hr 40 Yachten am Start.<\/p>\n<p>Zum Thema SPONSORING ist meine Meinung hier nachzulesen:<\/p>\n<blockquote class=\"wp-embedded-content\" data-secret=\"VoV9yh8HAF\"><p><a href=\"https:\/\/windpilot.com\/blog\/columns\/peter-der-markt\/sponsoring\/sponsoring-%e2%80%93-competing-priorities\/\">Sponsoring<\/a><\/p><\/blockquote>\n<p><iframe loading=\"lazy\" class=\"wp-embedded-content\" sandbox=\"allow-scripts\" security=\"restricted\" style=\"position: absolute; clip: rect(1px, 1px, 1px, 1px);\" title=\"&#8222;Sponsoring&#8220; &#8212; Windpilot Blog\" src=\"https:\/\/windpilot.com\/blog\/columns\/peter-der-markt\/sponsoring\/sponsoring-%e2%80%93-competing-priorities\/embed\/#?secret=y7SG3vFVEG#?secret=VoV9yh8HAF\" data-secret=\"VoV9yh8HAF\" width=\"600\" height=\"338\" frameborder=\"0\" marginwidth=\"0\" marginheight=\"0\" scrolling=\"no\"><\/iframe><\/p>\n<p>Als genauer Beobachter in diesem Marktbereich habe ich einen recht speziellen Einblick in die Gemengelage im Bereich von wichtiger Ausr\u00fcstung f\u00fcr eine derartige Reise. Wenn es also hier um m\u00f6glichst Kosten effiziente Ausr\u00fcstung f\u00fcr Ihre Reise geht, bitte ich um Verst\u00e4ndnis, wenn ich mich an dieser Stelle nicht vordr\u00e4ngen m\u00f6chte, denn ich betreibe mein Gesch\u00e4ft seit Jahrzehnten ausschliesslich \u00fcber WORD OF MOUTH innerhalb der weltweiten Cruising Community, ohne jegliche Werbemassnahmen \/ Boat Shows oder Inserate.<\/p>\n<p>Wenn fachliche Gr\u00fcnde f\u00fcr Sie wichtig werden, ggf. Ihr Schiff mit einer Windpilot Anlage auszur\u00fcsten, k\u00f6nnen wir uns gern dar\u00fcber austauschen.<\/p>\n<p>mit freundlichem Gruss<br \/>\nPeter Foerthmann<\/p><\/blockquote>\n<p><strong>Minuten sp\u00e4ter dann vermutlich das wahre Gesicht meines Gegen\u00fcbers:<\/strong><\/p>\n<blockquote><p>hallo, liest sich wie ein automatisierte antwort. und wird wohl auch eine sein. also dass eine karawane(!) von fahrtenseglern nonstop einhand um die welt segelt, m\u00f6chte ich bezweifeln. in \u00f6sterreich hat s noch keiner versucht und wenn ich Vendee globe ausklammere, auch kein schweizer. und 3 deutsche in den letzten 2 jahren.<br \/>\nein einfaches nein h\u00e4tte es auch getan\u2026.<br \/>\nstattdessen muss ich mir vortr\u00e4ge anh\u00f6ren\/lesen;-(<br \/>\nMit seglerischen Gr\u00fcssen<br \/>\nA &#038; W<\/p><\/blockquote>\n<p><strong>Meine Antwort:<\/strong><\/p>\n<blockquote><p>Wenn Sie als Replik Unterstellungen, Vermutungen, Zweifel und Belehrungen formulieren, wird zwischen den Zeilen allzu leicht erkennbar, dass Sie meine Ausf\u00fchrungen weder interessieren noch respektieren. Ganz offenbar sind Sie an Feedback kaum interessiert, wenn Sie sogar vorzuschreiben versuchen, dass Ihnen ein \u201eeinfaches nein\u201c gen\u00fcgt h\u00e4tte und \u201eVortr\u00e4ge\u201c als st\u00f6rend empfinden.<br \/>\nPF<\/p><\/blockquote>\n<p><strong>Nachsatz der Gegenseite:<\/strong><\/p>\n<blockquote><p>wie auch immer. ich mag halt keine belehrungen. auch nicht von deutschen.<\/p><\/blockquote>\n<p><strong>Mein Epilog:<\/strong><\/p>\n<blockquote><p>Wenn ein jeder Denkanstoss von aussen als Belehrung verstanden wird, noch dazu nationale Zugeh\u00f6rigkeit als Stigma genommen wird\u2026 werden Sie auf See am besten aufgehoben sein, weil man sie dort nicht st\u00f6ren kann\u2026.<\/p><\/blockquote>\n<p>Insgesamt ein erheiternder Gedankenaustausch, dessen Inhalt gleichwohl ungew\u00f6hnlich ist, weil hier eine Erwartungshaltung erkennbar wird, die dem Gegen\u00fcber &#8211; ausser der angelegentlichen Frage nach einer Konto Nummer oder Lieferanschrift &#8211; eigentlich kein Spielraum zur eleganten Ausflucht &#8211; oder gar versuchter Gegenwehr erlaubt.<\/p>\n<p>habe die Ehre &#8230; eher nicht!<br \/>\nPeter Foerthmann<\/p>\n","protected":false},"excerpt":{"rendered":"<p>SPONSORING &#8211; IRGENDWIE FALSCH VERSTANDEN Sponsoring Ersuchen geh\u00f6ren zu meinem Alltag, wie das Kikeriki des Hahn\u00b4s am fr\u00fchen Morgen, weshalb ich mir im Verlauf einiger Jahrzehnte eine Lebensphilosophie zurecht gebastelt habe, die verhindert, dass ich einen Teil meiner Jahres Arbeits &hellip; <a href=\"https:\/\/windpilot.com\/blog\/columns\/peter-der-markt\/sponsoring\/falsch-verstanden\/\">Weiterlesen <span class=\"meta-nav\">&rarr;<\/span><\/a><\/p>\n","protected":false},"author":1,"featured_media":0,"parent":21068,"menu_order":2,"comment_status":"open","ping_status":"closed","template":"","meta":{"footnotes":""},"class_list":["post-17289","page","type-page","status-publish","hentry"],"_links":{"self":[{"href":"https:\/\/windpilot.com\/blog\/wp-json\/wp\/v2\/pages\/17289","targetHints":{"allow":["GET"]}}],"collection":[{"href":"https:\/\/windpilot.com\/blog\/wp-json\/wp\/v2\/pages"}],"about":[{"href":"https:\/\/windpilot.com\/blog\/wp-json\/wp\/v2\/types\/page"}],"author":[{"embeddable":true,"href":"https:\/\/windpilot.com\/blog\/wp-json\/wp\/v2\/users\/1"}],"replies":[{"embeddable":true,"href":"https:\/\/windpilot.com\/blog\/wp-json\/wp\/v2\/comments?post=17289"}],"version-history":[{"count":10,"href":"https:\/\/windpilot.com\/blog\/wp-json\/wp\/v2\/pages\/17289\/revisions"}],"predecessor-version":[{"id":21086,"href":"https:\/\/windpilot.com\/blog\/wp-json\/wp\/v2\/pages\/17289\/revisions\/21086"}],"up":[{"embeddable":true,"href":"https:\/\/windpilot.com\/blog\/wp-json\/wp\/v2\/pages\/21068"}],"wp:attachment":[{"href":"https:\/\/windpilot.com\/blog\/wp-json\/wp\/v2\/media?parent=17289"}],"curies":[{"name":"wp","href":"https:\/\/api.w.org\/{rel}","templated":true}]}}