{"id":17460,"date":"2018-03-19T12:06:31","date_gmt":"2018-03-19T19:06:31","guid":{"rendered":"https:\/\/windpilot.com\/blog\/?page_id=17460"},"modified":"2018-03-19T15:07:59","modified_gmt":"2018-03-19T22:07:59","slug":"sailing-conductors-ben-schaschek-ger","status":"publish","type":"page","link":"https:\/\/windpilot.com\/blog\/morphy-blitz\/sailing-conductors-ben-schaschek-ger\/","title":{"rendered":"Sailing Conductors"},"content":{"rendered":"<p><strong>WILLKOMMEN IN PETER\u00b4S RUDEL<\/strong><\/p>\n<p><img loading=\"lazy\" decoding=\"async\" src=\"https:\/\/windpilot.com\/blog\/wp-content\/uploads\/2018\/03\/DSC00479.jpeg\" alt=\"\" width=\"800\" height=\"534\" class=\"aligncenter size-full wp-image-17462\" srcset=\"https:\/\/windpilot.com\/blog\/wp-content\/uploads\/2018\/03\/DSC00479.jpeg 800w, https:\/\/windpilot.com\/blog\/wp-content\/uploads\/2018\/03\/DSC00479-300x200.jpeg 300w, https:\/\/windpilot.com\/blog\/wp-content\/uploads\/2018\/03\/DSC00479-768x513.jpeg 768w\" sizes=\"auto, (max-width: 800px) 100vw, 800px\" \/><\/p>\n<p>Heute erz\u00e4hle ich eine kleine Geschichte, wie ich sie in meiner Birne \u2013 als Schatzkiste &#8211; so sehr gerne sammele.  Meine heutige Lieblingsgeschichte geht so:<\/p>\n<p><strong>Am 10.11.2011 schrieb Ben:<\/strong><\/p>\n<blockquote><p>Hallo Peter,<br \/>\nich bin Ben, einer der Gr\u00fcnder von den \u201eSailing Conductors\u201c. Ich glaube, Du hast schon von uns geh\u00f6rt, denn wir sind k\u00fcrzlich von Euch auf Eurem WINDPILOT\/\/BLOG geposted worden. Hier ist eine lustige Geschichte dazu:<br \/>\n<img loading=\"lazy\" decoding=\"async\" src=\"https:\/\/windpilot.com\/blog\/wp-content\/uploads\/2018\/03\/Ben-Mast.jpg\" alt=\"\" width=\"1277\" height=\"719\" class=\"aligncenter size-full wp-image-17463\" srcset=\"https:\/\/windpilot.com\/blog\/wp-content\/uploads\/2018\/03\/Ben-Mast.jpg 1277w, https:\/\/windpilot.com\/blog\/wp-content\/uploads\/2018\/03\/Ben-Mast-300x169.jpg 300w, https:\/\/windpilot.com\/blog\/wp-content\/uploads\/2018\/03\/Ben-Mast-768x432.jpg 768w, https:\/\/windpilot.com\/blog\/wp-content\/uploads\/2018\/03\/Ben-Mast-1024x577.jpg 1024w\" sizes=\"auto, (max-width: 1277px) 100vw, 1277px\" \/><\/p>\n<p>Als ich gestern zum ersten Mal bei Google nach \u201eSailing Conductors\u201c gegoogelt habe, tauchte neben unseren eigenen Eintr\u00e4gen auch ein Post von Windpilot.com auf. Ich war erstaunt und erfreut zugleich, habe aber nicht weiter nachgeforscht.<\/p>\n<p><img loading=\"lazy\" decoding=\"async\" src=\"https:\/\/windpilot.com\/blog\/wp-content\/uploads\/2018\/03\/Captain-Ben.jpg\" alt=\"\" width=\"1920\" height=\"1272\" class=\"aligncenter size-full wp-image-17464\" srcset=\"https:\/\/windpilot.com\/blog\/wp-content\/uploads\/2018\/03\/Captain-Ben.jpg 1920w, https:\/\/windpilot.com\/blog\/wp-content\/uploads\/2018\/03\/Captain-Ben-300x199.jpg 300w, https:\/\/windpilot.com\/blog\/wp-content\/uploads\/2018\/03\/Captain-Ben-768x509.jpg 768w, https:\/\/windpilot.com\/blog\/wp-content\/uploads\/2018\/03\/Captain-Ben-1024x678.jpg 1024w\" sizes=\"auto, (max-width: 1920px) 100vw, 1920px\" \/><\/p>\n<p>Wir sind f\u00fcr unsere Marianne (Rawson 30 Sloop aus Seattle) grade auf der Suche nach einer neuen Windvane, da unser 35 Jahre altes Navik wohl langsam zu viel Seewasser geschluckt hat. Und da st\u00f6bere ich heute durch die verschiedenen Self-Steering Systeme und lande letztendlich wieder auf Eurer Webseite. Dein Buch \u201eSelf-Steering Under Sail\u201c ist schon runtergeladen, ich schaue fl\u00fcchtig mal bei Company und neben dem \u201eWillkommen bei Windpilot\u201c denke ich so bei mir: \u201eDieses Gesicht kennst Du doch\u201c! Der gleiche Peter wie vom neuen Webpost! Was ein Zufall! Und was ein Windpilot!<br \/>\nBeste Gr\u00fcsse<br \/>\nBen<\/p><\/blockquote>\n<p><img loading=\"lazy\" decoding=\"async\" src=\"https:\/\/windpilot.com\/blog\/wp-content\/uploads\/2018\/03\/DSC00468.jpeg\" alt=\"\" width=\"800\" height=\"534\" class=\"aligncenter size-full wp-image-17465\" srcset=\"https:\/\/windpilot.com\/blog\/wp-content\/uploads\/2018\/03\/DSC00468.jpeg 800w, https:\/\/windpilot.com\/blog\/wp-content\/uploads\/2018\/03\/DSC00468-300x200.jpeg 300w, https:\/\/windpilot.com\/blog\/wp-content\/uploads\/2018\/03\/DSC00468-768x513.jpeg 768w\" sizes=\"auto, (max-width: 800px) 100vw, 800px\" \/><\/p>\n<p>Die Jungs sind innerhalb von 2 Jahren dann von Australien bis nach Kolumbien gesegelt, und ich habe logisch schnell bemerkt, dass ich von einem Marktbegleiter aus Holland schneidig recht \u00fcberholt worden bin. Sven Heestermann hatte sich also frech vorgedr\u00e4ngelt, wobei ich bei der Aussprache des Wortes Sponsoring immer Husten bekomme, gefolgt von Schluckauf, manchmal roten Ohren, wenn ich unwillk\u00fcrlich ein schlechtes Gewissen bekomme, weil ich den Liebesdienst am Segler Mann verweigere \u2026 weil ich als Ego Fritze lieber auf meiner eigenen Tageskasse sitze, weil ich einfach weiss: ist meine Kasse leer, hilft mir keiner mehr&#8230;<\/p>\n<p><iframe loading=\"lazy\" src=\"https:\/\/player.vimeo.com\/video\/45811531\" width=\"640\" height=\"272\" frameborder=\"0\" webkitallowfullscreen mozallowfullscreen allowfullscreen><\/iframe><\/p>\n<p><a href=\"https:\/\/vimeo.com\/45811531\">Mister Vee &#8211; To the far side of the world<\/a> from <a href=\"https:\/\/vimeo.com\/sailingconductors\">Sailing Conductors<\/a> on <a href=\"https:\/\/vimeo.com\">Vimeo<\/a>.<\/p>\n<p>Jedenfalls habe ich nachts meine Kissen durch geheult und mir die Haare ausgerauft, als ich das Dankesch\u00f6n von Ben und Hannes an den grossz\u00fcgigen Sponsor ihres neuen Steuersklaven \u2013 mit Percussion &#8211; ansehen musste. Ich habe 2 Jahre gebraucht, mein Trauma zu therapieren und mich von meiner Niederlage zu erholen, zuf\u00e4llig waren das genau die selben Jahre, in denen ich von Ben und Hannes nix mehr geh\u00f6rt hatte. Keine Ahnung, wie das zusammen h\u00e4ngt.<\/p>\n<p><strong>Am 21.11.2013 kam aus Kolumbien diese Mail<\/strong><\/p>\n<blockquote><p>Ahoi lieber Peter,<br \/>\nhier ist Captain Ben von den Sailing Conductors. Du hattest vor zwei Jahren mal etwas \u00fcber unser Projekt gebloggt und wir hatten uns zeitgleich nach einer neuen Selbststeueranlage umgeschaut und Windpilot stand da ganz oben auf der Liste. Du hattest uns ein unschlagbares Preisangebot gemacht. Doch dann kam Sven und wollte uns ein System umsonst geben. Tja, da konnten wir nat\u00fcrlich nicht nein sagen. Jedenfalls haben wir nun eine Menge Erfahrungen gesammelt, und sind zu dem gemeinsamen Schluss gekommen, dass nun ein Windpilot her muss, um uns noch besser schlafen zu lassen.<\/p>\n<p><img loading=\"lazy\" decoding=\"async\" src=\"https:\/\/windpilot.com\/blog\/wp-content\/uploads\/2018\/03\/Marianne2.jpg\" alt=\"\" width=\"1812\" height=\"2010\" class=\"aligncenter size-full wp-image-17466\" srcset=\"https:\/\/windpilot.com\/blog\/wp-content\/uploads\/2018\/03\/Marianne2.jpg 1812w, https:\/\/windpilot.com\/blog\/wp-content\/uploads\/2018\/03\/Marianne2-270x300.jpg 270w, https:\/\/windpilot.com\/blog\/wp-content\/uploads\/2018\/03\/Marianne2-768x852.jpg 768w, https:\/\/windpilot.com\/blog\/wp-content\/uploads\/2018\/03\/Marianne2-923x1024.jpg 923w\" sizes=\"auto, (max-width: 1812px) 100vw, 1812px\" \/><\/p>\n<p>Und ich will dir nicht schmeicheln, aber wen auch immer wir getroffen haben, der einen Windpiloten hatte, der war hochzufrieden und hat nichts auf sein System kommen lassen. Und nachdem mein Kumpel Smutje Hannes und ich schon stundenlang &#8211; ach, was red ich &#8211; wochenlang auf unserem Boot gesessen haben, wollen wir nun auch so ein Profi Teil haben.<\/p>\n<p>Wir sind mittlerweile mit unserem Segelb\u00f6\u00f6tchen Marianne in Trinidad und Tobago und setzen in ein paar Tagen Segel nach Kolumbien. Es sind noch einige Tausend Seemeilen, bis wir wieder in der Heimat sein werden und wir w\u00fcrden uns sehr freuen, diese Strecke mit einem Windpilot zu meistern. <\/p>\n<p><img loading=\"lazy\" decoding=\"async\" src=\"https:\/\/windpilot.com\/blog\/wp-content\/uploads\/2018\/03\/Marianne3.jpg\" alt=\"\" width=\"1920\" height=\"1080\" class=\"aligncenter size-full wp-image-17467\" srcset=\"https:\/\/windpilot.com\/blog\/wp-content\/uploads\/2018\/03\/Marianne3.jpg 1920w, https:\/\/windpilot.com\/blog\/wp-content\/uploads\/2018\/03\/Marianne3-300x169.jpg 300w, https:\/\/windpilot.com\/blog\/wp-content\/uploads\/2018\/03\/Marianne3-768x432.jpg 768w, https:\/\/windpilot.com\/blog\/wp-content\/uploads\/2018\/03\/Marianne3-1024x576.jpg 1024w\" sizes=\"auto, (max-width: 1920px) 100vw, 1920px\" \/><\/p>\n<p>Wir w\u00fcrden uns sehr freuen, wenn du uns noch mal ein unschlagbares Angebot f\u00fcr unseren eigenen Windpilot machen w\u00fcrdest.<br \/>\nWir freuen uns schon jetzt auf eine baldige Antwort.<br \/>\nMit windigen Gr\u00fc\u00dfen aus der Karibik,<br \/>\nCaptain Ben, Smutje Hannes und ihre Marianne von den Sailing Conductors<\/p><\/blockquote>\n<p><img loading=\"lazy\" decoding=\"async\" src=\"https:\/\/windpilot.com\/blog\/wp-content\/uploads\/2018\/03\/Mister-Vee-kaputt2.jpg\" alt=\"\" width=\"2048\" height=\"1357\" class=\"aligncenter size-full wp-image-17468\" srcset=\"https:\/\/windpilot.com\/blog\/wp-content\/uploads\/2018\/03\/Mister-Vee-kaputt2.jpg 2048w, https:\/\/windpilot.com\/blog\/wp-content\/uploads\/2018\/03\/Mister-Vee-kaputt2-300x199.jpg 300w, https:\/\/windpilot.com\/blog\/wp-content\/uploads\/2018\/03\/Mister-Vee-kaputt2-768x509.jpg 768w, https:\/\/windpilot.com\/blog\/wp-content\/uploads\/2018\/03\/Mister-Vee-kaputt2-1024x679.jpg 1024w\" sizes=\"auto, (max-width: 2048px) 100vw, 2048px\" \/><\/p>\n<p>Es galt also, die schwierige Klippe Kap Hoorn zu umschiffen, den Systemwechsel in Sachen Steuersklaven der Welt\u00f6ffentlichkeit angelegentlich zu erkl\u00e4ren, ohne hier offene Fleisch Wunden zu reissen oder Tr\u00e4nen der Trauer zu verursachen. Es gibt Fakten, denen man tapfer ins Auge sehen muss, wenn man z.B. in Ruhe schlafen will und sodann zu entdecken hat, dass der Steuersklave stante pede die gleichen W\u00fcnsche hat, derweil das Schiff dann ganz eigene Wege segelt. Dann schl\u00e4gt die Stunde der Wahrheit, die nur durch heroische Entscheidungen zu l\u00f6sen ist. <\/p>\n<p><strong>Darum war dies am 23.11.2013 meine Antwort:<\/strong><\/p>\n<blockquote><p>Weisst Du Ben,<br \/>\neigentlich ist alles ganz einfach &#8211; und ich liebe stets das offene Wort gegen ueber Seglern und auch Marktbegleitern, die mir abwechselnd ans Bein pinkeln, mich kopiert haben, oder nur meine Systeme in Frage gestellt haben&#8230;. es ist immer die gleiche Gruetze&#8230;.<\/p>\n<p><img loading=\"lazy\" decoding=\"async\" src=\"https:\/\/windpilot.com\/blog\/wp-content\/uploads\/2018\/03\/Mister-Vee.jpg\" alt=\"\" width=\"1920\" height=\"1080\" class=\"aligncenter size-full wp-image-17469\" srcset=\"https:\/\/windpilot.com\/blog\/wp-content\/uploads\/2018\/03\/Mister-Vee.jpg 1920w, https:\/\/windpilot.com\/blog\/wp-content\/uploads\/2018\/03\/Mister-Vee-300x169.jpg 300w, https:\/\/windpilot.com\/blog\/wp-content\/uploads\/2018\/03\/Mister-Vee-768x432.jpg 768w, https:\/\/windpilot.com\/blog\/wp-content\/uploads\/2018\/03\/Mister-Vee-1024x576.jpg 1024w\" sizes=\"auto, (max-width: 1920px) 100vw, 1920px\" \/><\/p>\n<p>Wenn man als alter Knochen von 66 Jahren nunmehr viele Jahrzehnte im marine business sein Geld verdient &#8211; dabei immer gerade und straight mit der Seglerschaft umgegangen ist &#8230; kommt am Ende was Gutes raus &#8230; es ist eine Freude, auch nach so vielen Jahren immer noch Spass dabei zu haben.<\/p>\n<p>Mach Dir keinen Kopp, es ist nicht meine Art, mich auf dem Ruecken anderer Marktbegleiter zu profilieren&#8230;. das geht erheblich leiser und eleganter &#8230; keine Sorge&#8230;. manchmal genuegt schon ein stilles Foto einer Anlage am Heck, was soll man dann denn noch gross erzaehlen?<\/p>\n<p>Wie gesagt, ich mache ein anderes Marketing &#8230; das in die Koepfe der Segler direkt hineingeht&#8230;. WORD OF MOUTH &#8230; funzt lautlos und kostet nix&#8230; <\/p>\n<p>Nun hast Du ein ungefaehres Bild, mit wem Du hier umgehst&#8230;<br \/>\nbeste Gruesse<br \/>\nPeter<\/p><\/blockquote>\n<p><img loading=\"lazy\" decoding=\"async\" src=\"https:\/\/windpilot.com\/blog\/wp-content\/uploads\/2018\/03\/Auf-Angeltour-und-wer-steuert.jpg\" alt=\"\" width=\"1920\" height=\"1080\" class=\"aligncenter size-full wp-image-17470\" srcset=\"https:\/\/windpilot.com\/blog\/wp-content\/uploads\/2018\/03\/Auf-Angeltour-und-wer-steuert.jpg 1920w, https:\/\/windpilot.com\/blog\/wp-content\/uploads\/2018\/03\/Auf-Angeltour-und-wer-steuert-300x169.jpg 300w, https:\/\/windpilot.com\/blog\/wp-content\/uploads\/2018\/03\/Auf-Angeltour-und-wer-steuert-768x432.jpg 768w, https:\/\/windpilot.com\/blog\/wp-content\/uploads\/2018\/03\/Auf-Angeltour-und-wer-steuert-1024x576.jpg 1024w\" sizes=\"auto, (max-width: 1920px) 100vw, 1920px\" \/><\/p>\n<p>Jedenfalls haben wir wenige Tage sp\u00e4ter eine Windpilot Anlage nach Cartagena Kolumbien verladen, einer Destination, die bei blosser Namensnennung Sch\u00fcttelfrost erzeugt, weil sie gleichbedeutend mit einem Hindernislauf von Zollm\u00fctzen mit leeren Taschen, bei zwei m\u00e4nnlichen Low Budget Sailors ad hoc Paradontose in der Hose verursachen kann. <\/p>\n<p><img loading=\"lazy\" decoding=\"async\" src=\"https:\/\/windpilot.com\/blog\/wp-content\/uploads\/2018\/03\/Ben-Schaschek.jpg\" alt=\"\" width=\"1200\" height=\"1600\" class=\"aligncenter size-full wp-image-17473\" srcset=\"https:\/\/windpilot.com\/blog\/wp-content\/uploads\/2018\/03\/Ben-Schaschek.jpg 1200w, https:\/\/windpilot.com\/blog\/wp-content\/uploads\/2018\/03\/Ben-Schaschek-225x300.jpg 225w, https:\/\/windpilot.com\/blog\/wp-content\/uploads\/2018\/03\/Ben-Schaschek-768x1024.jpg 768w\" sizes=\"auto, (max-width: 1200px) 100vw, 1200px\" \/><\/p>\n<p>Immerhin, am Ende kam das Beweis Sicherungs Foto \u2026 und ich legte mich auf die Mauer auf die Lauer, weil ich auf ein Video wartete, das mich zum Weinen bringen sollte \u2026 denn die Latte lag hoch, mit dem Video an meinen Vorg\u00e4nger Marktbegleiter.<\/p>\n<p><img loading=\"lazy\" decoding=\"async\" src=\"https:\/\/windpilot.com\/blog\/wp-content\/uploads\/2018\/03\/IMG_0912.jpeg\" alt=\"\" width=\"1280\" height=\"960\" class=\"aligncenter size-full wp-image-17480\" srcset=\"https:\/\/windpilot.com\/blog\/wp-content\/uploads\/2018\/03\/IMG_0912.jpeg 1280w, https:\/\/windpilot.com\/blog\/wp-content\/uploads\/2018\/03\/IMG_0912-300x225.jpeg 300w, https:\/\/windpilot.com\/blog\/wp-content\/uploads\/2018\/03\/IMG_0912-768x576.jpeg 768w, https:\/\/windpilot.com\/blog\/wp-content\/uploads\/2018\/03\/IMG_0912-1024x768.jpeg 1024w\" sizes=\"auto, (max-width: 1280px) 100vw, 1280px\" \/><\/p>\n<p><strong>15.03.2018 &#8211; UNSER D-DAY<\/strong><br \/>\nManchmal muss man lange warten, hat inzwischen sein Bild von seinem Gegen\u00fcber fertig und lauert nur noch darauf, ob man richtig oder daneben gelegen hat. Unser D-DAY war ein Volltreffer. Einige Stunden mit Ben perlten rasend schnell dahin,<br \/>\nweil wir subito entdeckt, dass unser Frequenz \u00e4hnlich tickt,<br \/>\nwir einen schicken Blick auf\u00b4s Weltgeschick,<br \/>\nauf soziale Umgehensweisen und lange Reisen,<br \/>\nauf menschliche Fehlger\u00fcche abseits jeder K\u00fcche,<br \/>\nund schnell entdeckt,<br \/>\ndass wir uns n\u00e4her kennenlernen werden, auf Erden.<\/p>\n<p>Ben, Willkommen in unserem Rudel!<\/p>\n","protected":false},"excerpt":{"rendered":"<p>WILLKOMMEN IN PETER\u00b4S RUDEL Heute erz\u00e4hle ich eine kleine Geschichte, wie ich sie in meiner Birne \u2013 als Schatzkiste &#8211; so sehr gerne sammele. Meine heutige Lieblingsgeschichte geht so: Am 10.11.2011 schrieb Ben: Hallo Peter, ich bin Ben, einer der &hellip; <a href=\"https:\/\/windpilot.com\/blog\/morphy-blitz\/sailing-conductors-ben-schaschek-ger\/\">Weiterlesen <span class=\"meta-nav\">&rarr;<\/span><\/a><\/p>\n","protected":false},"author":1,"featured_media":0,"parent":10453,"menu_order":-5,"comment_status":"open","ping_status":"closed","template":"","meta":{"footnotes":""},"class_list":["post-17460","page","type-page","status-publish","hentry"],"_links":{"self":[{"href":"https:\/\/windpilot.com\/blog\/wp-json\/wp\/v2\/pages\/17460","targetHints":{"allow":["GET"]}}],"collection":[{"href":"https:\/\/windpilot.com\/blog\/wp-json\/wp\/v2\/pages"}],"about":[{"href":"https:\/\/windpilot.com\/blog\/wp-json\/wp\/v2\/types\/page"}],"author":[{"embeddable":true,"href":"https:\/\/windpilot.com\/blog\/wp-json\/wp\/v2\/users\/1"}],"replies":[{"embeddable":true,"href":"https:\/\/windpilot.com\/blog\/wp-json\/wp\/v2\/comments?post=17460"}],"version-history":[{"count":13,"href":"https:\/\/windpilot.com\/blog\/wp-json\/wp\/v2\/pages\/17460\/revisions"}],"predecessor-version":[{"id":17487,"href":"https:\/\/windpilot.com\/blog\/wp-json\/wp\/v2\/pages\/17460\/revisions\/17487"}],"up":[{"embeddable":true,"href":"https:\/\/windpilot.com\/blog\/wp-json\/wp\/v2\/pages\/10453"}],"wp:attachment":[{"href":"https:\/\/windpilot.com\/blog\/wp-json\/wp\/v2\/media?parent=17460"}],"curies":[{"name":"wp","href":"https:\/\/api.w.org\/{rel}","templated":true}]}}