{"id":17526,"date":"2018-03-23T23:49:40","date_gmt":"2018-03-24T06:49:40","guid":{"rendered":"https:\/\/windpilot.com\/blog\/?page_id=17526"},"modified":"2019-12-14T05:37:44","modified_gmt":"2019-12-14T12:37:44","slug":"fehlentscheidungen","status":"publish","type":"page","link":"https:\/\/windpilot.com\/blog\/columns\/peter-der-markt\/windvane-politics-2\/fehlentscheidungen\/","title":{"rendered":"Fehlentscheidungen"},"content":{"rendered":"<p><strong>BERATUNGSFEHLER<\/strong><br \/>\n<img loading=\"lazy\" decoding=\"async\" src=\"https:\/\/windpilot.com\/blog\/wp-content\/uploads\/2019\/11\/Strand.jpg\" alt=\"\" width=\"1067\" height=\"758\" class=\"aligncenter size-full wp-image-20701\" srcset=\"https:\/\/windpilot.com\/blog\/wp-content\/uploads\/2019\/11\/Strand.jpg 1067w, https:\/\/windpilot.com\/blog\/wp-content\/uploads\/2019\/11\/Strand-300x213.jpg 300w, https:\/\/windpilot.com\/blog\/wp-content\/uploads\/2019\/11\/Strand-768x546.jpg 768w, https:\/\/windpilot.com\/blog\/wp-content\/uploads\/2019\/11\/Strand-1024x727.jpg 1024w\" sizes=\"auto, (max-width: 1067px) 100vw, 1067px\" \/><br \/>\nBeratungsfehler &#8211; im Volksmund Missverst\u00e4ndnisse genannt &#8211; besitzen eine kurze Halbwertzeit: ein paar N\u00e4chte auf See und jeder Segler lernt Fakten von der Theorie schnell zu differenzieren. In Bezug auf die Funktionsf\u00e4higkeit einer Windsteueranlage k\u00f6nnten die Folgen mangelnder Beratung kaum dramatischer sein: wenn der Automat seinen Job nicht macht, muss der Skipper aus der Koje, was schnell das Ende des T\u00f6rns bedeuten kann.<\/p>\n<p>Mein Respekt vor Seglern, die getroffene \u201efalsche\u201c Entscheidungen korrigieren und sich ein weiteres Mal auf eine andere Erfahrung einlassen, hoffend, dass sie dabei mehr Gl\u00fcck besitzen, dieser Respekt ist gewaltig, zumal ein Neukauf ein weiteres Loch in die Kasse reisst.<\/p>\n<p>Auch wenn ich hier sensibles Terrain betrete, ist mir nat\u00fcrlich bewu\u00dft, dass ich als einer von 30 Herstellern weltweit eine besondere Marktposition innehabe: Es ist die Position eines Markteilnehmers, dessen Design und Ausf\u00fchrungen rund um den Globus, vielfach nachempfunden worden ist. Anstatt mich hier nun dauerhaft zu \u00e4rgern, empfinde ich die Situation eher als Kompliment, denn, wenn so viele Wettbewerber sich von der Formensprache meiner Produkte \u201einspirieren lassen\u201c, kann mein Weg ja kaum falsch gewesen sein. Zudem sind preisliche Argumente nicht immer die wichtigsten, wenn es doch darum ginge, wichtige technische Ausf\u00fchrungen der Produkte miteinander zu vergleichen und man derartige \u00dcberlegungen vernachl\u00e4ssigt, aus welchen Gr\u00fcnden immer. Bei einer falschen Entscheidung kann der Wertverlust durchaus abrupt eintreten. Dies haben Segler immer wieder zu ihrem eigenen Schaden erfahren m\u00fcssen.<\/p>\n<p><a href=\"https:\/\/windpilot.com\/blog\/wp-content\/uploads\/2014\/03\/CopyCat-Kopie.jpg\"><img loading=\"lazy\" decoding=\"async\" class=\"aligncenter size-large wp-image-9672\" alt=\"CopyCat Kopie\" src=\"https:\/\/windpilot.com\/blog\/wp-content\/uploads\/2014\/03\/CopyCat-Kopie-679x1024.jpg\" width=\"640\" height=\"965\" srcset=\"https:\/\/windpilot.com\/blog\/wp-content\/uploads\/2014\/03\/CopyCat-Kopie-679x1024.jpg 679w, https:\/\/windpilot.com\/blog\/wp-content\/uploads\/2014\/03\/CopyCat-Kopie-198x300.jpg 198w, https:\/\/windpilot.com\/blog\/wp-content\/uploads\/2014\/03\/CopyCat-Kopie.jpg 1389w\" sizes=\"auto, (max-width: 640px) 100vw, 640px\" \/><\/a><a href=\"https:\/\/windpilot.com\/blog\/wp-content\/uploads\/2014\/03\/Moliner-FRA-Kopie.jpg\"><img loading=\"lazy\" decoding=\"async\" class=\"aligncenter size-large wp-image-9653\" alt=\"Moliner FRA Kopie\" src=\"https:\/\/windpilot.com\/blog\/wp-content\/uploads\/2014\/03\/Moliner-FRA-Kopie-819x1024.jpg\" width=\"640\" height=\"800\" srcset=\"https:\/\/windpilot.com\/blog\/wp-content\/uploads\/2014\/03\/Moliner-FRA-Kopie-819x1024.jpg 819w, https:\/\/windpilot.com\/blog\/wp-content\/uploads\/2014\/03\/Moliner-FRA-Kopie-240x300.jpg 240w, https:\/\/windpilot.com\/blog\/wp-content\/uploads\/2014\/03\/Moliner-FRA-Kopie.jpg 1024w\" sizes=\"auto, (max-width: 640px) 100vw, 640px\" \/><\/a><\/p>\n<p><strong>COPYCAT DESIGN<\/strong><br \/>\nEgal ob handwerklich in DIY ( Do-It-Yourself ) oder professionell hergestellt, egal ob zu L\u00f6hnen in \u00dcbersee oder in der EU produziert, Copycat Produzenten unterliegen Martktspielregeln, die weltweit gelten.<\/p>\n<p>Als Voraussetzungen f\u00fcr den weltweiten Erfolg einer Marke gelten heute:<br \/>\n&#8211; Kontinuit\u00e4t am Markt sowie Innovationssbereitschaft.<br \/>\n&#8211; Entwicklungsh\u00f6he, Stand der Technik, sowie Modularit\u00e4t eines Produktes,<br \/>\n&#8211; Servicebereitschaft vor Abschlu\u00df und After Sales Service sowieso<br \/>\n&#8211; eine Marke, die all dies in sich vereinigt.<br \/>\nAls deutschlands <a href=\"https:\/\/windpilot.com\/blog\/de\/2011\/01\/26\/windpilot-mikro-weltmarktfuhrer-fur-windfahnen\/ \">kleinster Weltmarktf\u00fchrer<\/a> produzieren wir industriell, was uns international wettbewerbsf\u00e4hig macht. Hier liegen die Gr\u00fcnde, die mich ruhig schlafen lassen, zumal mir bewusst ist, dass <strong>WORD OF MOUTH<\/strong> unter Seglern eines der besten Argumente ist &#8211; das zudem nix kostet, wenn man den Seglern den R\u00fccken st\u00e4rkt und sich an Regeln h\u00e4lt, die unter Seglern meist gel\u00e4ufig sind.<\/p>\n<p>Nachfolgend einige Beispiele von Seglern, die <strong>ZWEIMAL<\/strong> gekauft haben, aus welchen Gr\u00fcnden auch immer.<\/p>\n<p><strong>VORHER &#8211; NACHHER<\/strong><\/p>\n<p><a href=\"https:\/\/windpilot.com\/blog\/wp-content\/uploads\/2014\/03\/sailing-conductors-interview-12-seemeilen-blog_3-klein.jpg\"><img loading=\"lazy\" decoding=\"async\" class=\"aligncenter size-full wp-image-9686\" alt=\"sailing-conductors-interview-12-seemeilen-blog_3-klein\" src=\"https:\/\/windpilot.com\/blog\/wp-content\/uploads\/2014\/03\/sailing-conductors-interview-12-seemeilen-blog_3-klein.jpg\" width=\"900\" height=\"506\" srcset=\"https:\/\/windpilot.com\/blog\/wp-content\/uploads\/2014\/03\/sailing-conductors-interview-12-seemeilen-blog_3-klein.jpg 900w, https:\/\/windpilot.com\/blog\/wp-content\/uploads\/2014\/03\/sailing-conductors-interview-12-seemeilen-blog_3-klein-300x168.jpg 300w\" sizes=\"auto, (max-width: 900px) 100vw, 900px\" \/><\/a><a href=\"https:\/\/windpilot.com\/blog\/wp-content\/uploads\/2013\/12\/IMG_8462.jpg\"><img loading=\"lazy\" decoding=\"async\" class=\"aligncenter size-large wp-image-9225\" alt=\"IMG_8462\" src=\"https:\/\/windpilot.com\/blog\/wp-content\/uploads\/2013\/12\/IMG_8462-768x1024.jpg\" width=\"640\" height=\"853\" srcset=\"https:\/\/windpilot.com\/blog\/wp-content\/uploads\/2013\/12\/IMG_8462-768x1024.jpg 768w, https:\/\/windpilot.com\/blog\/wp-content\/uploads\/2013\/12\/IMG_8462-225x300.jpg 225w, https:\/\/windpilot.com\/blog\/wp-content\/uploads\/2013\/12\/IMG_8462.jpg 1200w\" sizes=\"auto, (max-width: 640px) 100vw, 640px\" \/><\/a><strong>SV Marianne<\/strong>, <a href=\"https:\/\/windpilot.com\/blog\/de\/2013\/11\/27\/deutsch-sv-marianne-ben-schaschek-sailing-conductors\/\"><strong>SV Marianne<\/strong>, Ben Schaschek and the Sailing Conductors GER<\/a><\/p>\n<p><a href=\"https:\/\/windpilot.com\/blog\/wp-content\/uploads\/2014\/03\/Bassols-Kopie.jpg\"><img loading=\"lazy\" decoding=\"async\" class=\"aligncenter size-full wp-image-9654\" alt=\"Bassols Kopie\" src=\"https:\/\/windpilot.com\/blog\/wp-content\/uploads\/2014\/03\/Bassols-Kopie.jpg\" width=\"640\" height=\"480\" srcset=\"https:\/\/windpilot.com\/blog\/wp-content\/uploads\/2014\/03\/Bassols-Kopie.jpg 640w, https:\/\/windpilot.com\/blog\/wp-content\/uploads\/2014\/03\/Bassols-Kopie-300x225.jpg 300w\" sizes=\"auto, (max-width: 640px) 100vw, 640px\" \/><\/a><a href=\"https:\/\/windpilot.com\/blog\/wp-content\/uploads\/2014\/03\/DSCN1504-Kopie.jpg\"><img loading=\"lazy\" decoding=\"async\" class=\"aligncenter size-large wp-image-9655\" alt=\"DSCN1504 Kopie\" src=\"https:\/\/windpilot.com\/blog\/wp-content\/uploads\/2014\/03\/DSCN1504-Kopie-1024x768.jpg\" width=\"640\" height=\"480\" srcset=\"https:\/\/windpilot.com\/blog\/wp-content\/uploads\/2014\/03\/DSCN1504-Kopie-1024x768.jpg 1024w, https:\/\/windpilot.com\/blog\/wp-content\/uploads\/2014\/03\/DSCN1504-Kopie-300x225.jpg 300w, https:\/\/windpilot.com\/blog\/wp-content\/uploads\/2014\/03\/DSCN1504-Kopie.jpg 1280w\" sizes=\"auto, (max-width: 640px) 100vw, 640px\" \/><\/a><strong>SV Trotamar<\/strong>, <a href=\"https:\/\/windpilot.com\/blog\/de\/2012\/09\/04\/sv-trotamar-iii-juan-bassols-be\/\">Joan Bassols BE\u00a0<\/a><\/p>\n<p><a href=\"https:\/\/windpilot.com\/blog\/wp-content\/uploads\/2014\/03\/K800_DSC08040-Kopie.jpg\"><img loading=\"lazy\" decoding=\"async\" class=\"aligncenter size-full wp-image-9656\" alt=\"K800_DSC08040 Kopie\" src=\"https:\/\/windpilot.com\/blog\/wp-content\/uploads\/2014\/03\/K800_DSC08040-Kopie.jpg\" width=\"600\" height=\"800\" srcset=\"https:\/\/windpilot.com\/blog\/wp-content\/uploads\/2014\/03\/K800_DSC08040-Kopie.jpg 600w, https:\/\/windpilot.com\/blog\/wp-content\/uploads\/2014\/03\/K800_DSC08040-Kopie-225x300.jpg 225w\" sizes=\"auto, (max-width: 600px) 100vw, 600px\" \/><\/a><a href=\"https:\/\/windpilot.com\/blog\/wp-content\/uploads\/2014\/03\/K800_DSC08221-Kopie.jpg\"><img loading=\"lazy\" decoding=\"async\" class=\"aligncenter size-full wp-image-9657\" alt=\"K800_DSC08221 Kopie\" src=\"https:\/\/windpilot.com\/blog\/wp-content\/uploads\/2014\/03\/K800_DSC08221-Kopie.jpg\" width=\"800\" height=\"600\" srcset=\"https:\/\/windpilot.com\/blog\/wp-content\/uploads\/2014\/03\/K800_DSC08221-Kopie.jpg 800w, https:\/\/windpilot.com\/blog\/wp-content\/uploads\/2014\/03\/K800_DSC08221-Kopie-300x225.jpg 300w\" sizes=\"auto, (max-width: 800px) 100vw, 800px\" \/><\/a><strong>SV Arwen-of-B.<\/strong>, Klaus W. Martinique French W.I.<\/p>\n<p><a href=\"https:\/\/windpilot.com\/blog\/wp-content\/uploads\/2014\/03\/DSC_0124.jpg\"><img loading=\"lazy\" decoding=\"async\" class=\"aligncenter size-full wp-image-9658\" alt=\"DSC_0124\" src=\"https:\/\/windpilot.com\/blog\/wp-content\/uploads\/2014\/03\/DSC_0124.jpg\" width=\"1024\" height=\"645\" srcset=\"https:\/\/windpilot.com\/blog\/wp-content\/uploads\/2014\/03\/DSC_0124.jpg 1024w, https:\/\/windpilot.com\/blog\/wp-content\/uploads\/2014\/03\/DSC_0124-300x188.jpg 300w\" sizes=\"auto, (max-width: 1024px) 100vw, 1024px\" \/><\/a><br \/>\n<a href=\"https:\/\/windpilot.com\/blog\/wp-content\/uploads\/2014\/03\/IMG_1726-Kopie1.jpg\"><img loading=\"lazy\" decoding=\"async\" class=\"aligncenter size-large wp-image-9660\" alt=\"IMG_1726 Kopie\" src=\"https:\/\/windpilot.com\/blog\/wp-content\/uploads\/2014\/03\/IMG_1726-Kopie1-682x1024.jpg\" width=\"640\" height=\"960\" srcset=\"https:\/\/windpilot.com\/blog\/wp-content\/uploads\/2014\/03\/IMG_1726-Kopie1-682x1024.jpg 682w, https:\/\/windpilot.com\/blog\/wp-content\/uploads\/2014\/03\/IMG_1726-Kopie1-200x300.jpg 200w\" sizes=\"auto, (max-width: 640px) 100vw, 640px\" \/><\/a><strong>SV Svalbard<\/strong>, Oliver Haase GER<\/p>\n<p><a href=\"https:\/\/windpilot.com\/blog\/wp-content\/uploads\/2014\/03\/IMG_5793-Kopie.jpg\"><img loading=\"lazy\" decoding=\"async\" class=\"aligncenter size-full wp-image-9661\" alt=\"IMG_5793 Kopie\" src=\"https:\/\/windpilot.com\/blog\/wp-content\/uploads\/2014\/03\/IMG_5793-Kopie.jpg\" width=\"720\" height=\"540\" srcset=\"https:\/\/windpilot.com\/blog\/wp-content\/uploads\/2014\/03\/IMG_5793-Kopie.jpg 720w, https:\/\/windpilot.com\/blog\/wp-content\/uploads\/2014\/03\/IMG_5793-Kopie-300x225.jpg 300w\" sizes=\"auto, (max-width: 720px) 100vw, 720px\" \/><\/a><strong>SV Inge<\/strong>, Ben Wedlock march 2014 in Falklands expecting delivery of his new Windpilot in Port Stanley<\/p>\n<p><a href=\"https:\/\/windpilot.com\/blog\/wp-content\/uploads\/2014\/03\/Valiant-40-Kopie.jpg\"><img loading=\"lazy\" decoding=\"async\" class=\"aligncenter size-large wp-image-9662\" alt=\"Valiant 40 Kopie\" src=\"https:\/\/windpilot.com\/blog\/wp-content\/uploads\/2014\/03\/Valiant-40-Kopie-678x1024.jpg\" width=\"640\" height=\"966\" srcset=\"https:\/\/windpilot.com\/blog\/wp-content\/uploads\/2014\/03\/Valiant-40-Kopie-678x1024.jpg 678w, https:\/\/windpilot.com\/blog\/wp-content\/uploads\/2014\/03\/Valiant-40-Kopie-198x300.jpg 198w, https:\/\/windpilot.com\/blog\/wp-content\/uploads\/2014\/03\/Valiant-40-Kopie.jpg 861w\" sizes=\"auto, (max-width: 640px) 100vw, 640px\" \/><\/a><strong>SV True Love<\/strong>, Chuck Haines US<\/p>\n<p><a href=\"https:\/\/windpilot.com\/blog\/wp-content\/uploads\/2014\/03\/pacific-+-Royal-Plewiki-Kopie.jpg\"><img loading=\"lazy\" decoding=\"async\" class=\"aligncenter size-large wp-image-9663\" alt=\"pacific + Royal, Plewiki Kopie\" src=\"https:\/\/windpilot.com\/blog\/wp-content\/uploads\/2014\/03\/pacific-+-Royal-Plewiki-Kopie-1024x768.jpg\" width=\"640\" height=\"480\" srcset=\"https:\/\/windpilot.com\/blog\/wp-content\/uploads\/2014\/03\/pacific-+-Royal-Plewiki-Kopie-1024x768.jpg 1024w, https:\/\/windpilot.com\/blog\/wp-content\/uploads\/2014\/03\/pacific-+-Royal-Plewiki-Kopie-300x225.jpg 300w, https:\/\/windpilot.com\/blog\/wp-content\/uploads\/2014\/03\/pacific-+-Royal-Plewiki-Kopie.jpg 1280w\" sizes=\"auto, (max-width: 640px) 100vw, 640px\" \/><\/a><strong>SV Panika<\/strong>, Krystyna + Andrzey Plewiki US<\/p>\n<p><a href=\"https:\/\/windpilot.com\/blog\/wp-content\/uploads\/2014\/03\/Aries-Windpilot-Kopie.jpg\"><img loading=\"lazy\" decoding=\"async\" class=\"aligncenter size-large wp-image-9652\" alt=\"OLYMPUS DIGITAL CAMERA\" src=\"https:\/\/windpilot.com\/blog\/wp-content\/uploads\/2014\/03\/Aries-Windpilot-Kopie-1024x768.jpg\" width=\"640\" height=\"480\" srcset=\"https:\/\/windpilot.com\/blog\/wp-content\/uploads\/2014\/03\/Aries-Windpilot-Kopie-1024x768.jpg 1024w, https:\/\/windpilot.com\/blog\/wp-content\/uploads\/2014\/03\/Aries-Windpilot-Kopie-300x225.jpg 300w, https:\/\/windpilot.com\/blog\/wp-content\/uploads\/2014\/03\/Aries-Windpilot-Kopie.jpg 2048w\" sizes=\"auto, (max-width: 640px) 100vw, 640px\" \/><\/a><br \/>\n<strong>NIMM ZWEI<\/strong> &#8211; und Du bist f\u00fcr alle Eventualit\u00e4ten am besten ger\u00fcstet.<\/p>\n","protected":false},"excerpt":{"rendered":"<p>BERATUNGSFEHLER Beratungsfehler &#8211; im Volksmund Missverst\u00e4ndnisse genannt &#8211; besitzen eine kurze Halbwertzeit: ein paar N\u00e4chte auf See und jeder Segler lernt Fakten von der Theorie schnell zu differenzieren. In Bezug auf die Funktionsf\u00e4higkeit einer Windsteueranlage k\u00f6nnten die Folgen mangelnder Beratung &hellip; <a href=\"https:\/\/windpilot.com\/blog\/columns\/peter-der-markt\/windvane-politics-2\/fehlentscheidungen\/\">Weiterlesen <span class=\"meta-nav\">&rarr;<\/span><\/a><\/p>\n","protected":false},"author":1,"featured_media":0,"parent":21073,"menu_order":7,"comment_status":"open","ping_status":"closed","template":"","meta":{"footnotes":""},"class_list":["post-17526","page","type-page","status-publish","hentry"],"_links":{"self":[{"href":"https:\/\/windpilot.com\/blog\/wp-json\/wp\/v2\/pages\/17526","targetHints":{"allow":["GET"]}}],"collection":[{"href":"https:\/\/windpilot.com\/blog\/wp-json\/wp\/v2\/pages"}],"about":[{"href":"https:\/\/windpilot.com\/blog\/wp-json\/wp\/v2\/types\/page"}],"author":[{"embeddable":true,"href":"https:\/\/windpilot.com\/blog\/wp-json\/wp\/v2\/users\/1"}],"replies":[{"embeddable":true,"href":"https:\/\/windpilot.com\/blog\/wp-json\/wp\/v2\/comments?post=17526"}],"version-history":[{"count":5,"href":"https:\/\/windpilot.com\/blog\/wp-json\/wp\/v2\/pages\/17526\/revisions"}],"predecessor-version":[{"id":20702,"href":"https:\/\/windpilot.com\/blog\/wp-json\/wp\/v2\/pages\/17526\/revisions\/20702"}],"up":[{"embeddable":true,"href":"https:\/\/windpilot.com\/blog\/wp-json\/wp\/v2\/pages\/21073"}],"wp:attachment":[{"href":"https:\/\/windpilot.com\/blog\/wp-json\/wp\/v2\/media?parent=17526"}],"curies":[{"name":"wp","href":"https:\/\/api.w.org\/{rel}","templated":true}]}}