{"id":17568,"date":"2018-03-25T07:55:27","date_gmt":"2018-03-25T14:55:27","guid":{"rendered":"https:\/\/windpilot.com\/blog\/?page_id=17568"},"modified":"2018-03-25T07:56:36","modified_gmt":"2018-03-25T14:56:36","slug":"vassilingalou","status":"publish","type":"page","link":"https:\/\/windpilot.com\/blog\/columns\/segeln-verdienen\/vassilingalou\/","title":{"rendered":"Vassilingalou"},"content":{"rendered":"<p><strong>WORK AND TRAVEL IN FEUCHTGEBIETEN<\/strong><\/p>\n<p><img loading=\"lazy\" decoding=\"async\" src=\"https:\/\/windpilot.com\/blog\/wp-content\/uploads\/2018\/03\/arbeit_rundumdiewelt.jpg\" alt=\"\" width=\"502\" height=\"710\" class=\"aligncenter size-full wp-image-17569\" srcset=\"https:\/\/windpilot.com\/blog\/wp-content\/uploads\/2018\/03\/arbeit_rundumdiewelt.jpg 502w, https:\/\/windpilot.com\/blog\/wp-content\/uploads\/2018\/03\/arbeit_rundumdiewelt-212x300.jpg 212w\" sizes=\"auto, (max-width: 502px) 100vw, 502px\" \/><\/p>\n<p>Am Nachbartisch im kleinen Caf\u00e9, wo wir die lang ersehnte Pause einlegen, sitzen drei M\u00e4nner. Zwei dunkelh\u00e4utige Einheimische, der eine deutlich j\u00fcnger, als der andere d\u00fcmmlich und ein Wei\u00dfer, mit h\u00e4ngenden Schultern und Zahnl\u00fccke. Auf der Fl\u00e4che zwischen den dreien ein blendend wei\u00dfes Tuch mit gesch\u00e4tzten drei Kilo schwarzen Perlen drauf. Dem Volumen zweier Packungen Wei\u00dfmehl entsprechen sie allemal. Die Bedienung, wir, die beil\u00e4ufigen Kunden, alle starren diesen Haufen Wohlstands-Versprechen an. Die Stra\u00dfe hoch und runter unter der verfallenen Kolonnade, die Markthalle mit den bepissten Ecken, die gehobene Uferstra\u00dfe, alle sind \u00fcbers\u00e4t mit kleinen und gr\u00f6\u00dferen Gesch\u00e4ften, in denen Perlen ihren Besitzer wechseln, aber hier im Caf\u00e9, zwischen den Sahnetorten und dem Bl\u00e4tterteig f\u00fchlt es sich an wie im Esszimmer von Scrooge.<\/p>\n<p>Der j\u00fcngere, t\u00e4towierte Polynesier mit den schwarzen Fersen an abgenutzten Badelatschen hat ein Jahr lang gearbeitet. Er, sein Bruder, sein Schwager, dessen Schwester und ihr Vater haben die Perlenfarm, irgendwo in den Tuamotus beackert und gemolken. Bei rasierendem Maramu, bei gl\u00fchender Sonne, hat er sein teures Bier ausgeschwitzt, und hofft jetzt endlich anderes als Hundefleisch essen zu d\u00fcrfen.<\/p>\n<p>Sein plumper Vermittler, braun-schwarz und seit Generationen im Gesch\u00e4ft, seine violetten, aufgedunsenen Kn\u00f6chel und verrauchte Lunge anstrengend, arbeitet ununterbrochen mit Honigstimme auf seine Provision hin.<\/p>\n<p>Die bleiche H\u00e4nge-Schulter ist Ex-perte. Ich habe mich schon immer gefragt was ein \u201ePerte\u201c ist, dass man davon auch in Rente profitieren kann, aber er hat meine Spielerei nicht n\u00f6tig. Seine Finger arbeiten sehr geschickt. Schnell entstehen auf dem wei\u00dfen Tuch drei Haufen, unterschiedlicher Gr\u00f6\u00dfe, Glanz und Farbe und der Kalkulator ermittelt sofort einen Mittelwert f\u00fcrs Ganze&#8230;.<br \/>\nHandschlag. Fertig! Drei Leute haben gerade gearbeitet.<\/p>\n<p>Ja, die Orts-spezifische Arbeit gibt es \u00fcberall.<\/p>\n<p>Nicht f\u00fcr uns Reisende. Madame Unterwegs-sein nimmt einem sein Ganzes in Anspruch. Das Boot den Rest. Wir f\u00fcr unseren Teil haben uns auf den Weg gemacht, weil wir nicht annehmen wollten, dass die S\u00fcdsee, oder wie alle anderen Traumziele hei\u00dfen, nur den \u201ePrivilegierten\u201c vorbehalten sind. Dass die Welt in der wir leben so weit gekr\u00fcmmt worden ist, dass Everest nur auf eine Zahl, auf den Preis f\u00fcr die Teilnahme an der n\u00e4chsten Schlepp-Expedition, geschrumpft ist.  Weil Moitessier nie f\u00fcr einen Hafen bezahlt hat, geschweige eine Marina. Warum sollten wir? Die Sonne, der Sand, die Luft, der Regen, das Meer \u2013 m\u00fcssen wir mittlerweile auch daf\u00fcr bezahlen?<\/p>\n<p>Doch, man muss schon f\u00fcr seine Reise selber aufkommen.Und so sieht es mit mir auf diesem Gebiet aus: Ich kann schwei\u00dfen, splei\u00dfen, schneidern und n\u00e4hen, auch Segel, tischlern und schnitzen, einen mittleren Motor auseinander nehmen und wieder gesund zusammen bauen, die Spule einer Quarzuhr auf einen Zahnstocher aufwickeln oder ein SSB-Radio zum Senden und Empfangen \u00fcberzeugen. Ich kann drei Instrumente spielen, in sechs Sprachen kommunizieren und Leute mit diesen F\u00e4higkeiten zum Lachen bringen. Ich bin kr\u00e4ftig gebaut und kann sogar einen ganzen Tag lang in der Nase bohren. Wenn ich was nicht kann, wei\u00df ich wo ich nachlesen muss. Bevor ich etwas kaufe, schaue ich im M\u00fcll nach, denn irgendetwas anderes wird sich meistens f\u00fcr meinen Zweck improvisieren lassen.<br \/>\nWas ich nicht sehr gut kann ist l\u00e4cheln, wenn mein \u201eKunde\u201c seinen Au\u00dfenborder schon vor einer Woche im Meer gebadet hat und der Vergaser voller Sand ist, wenn er dies leugnet, damit seine Frau ihn nicht hungern l\u00e4sst, wenn sie wiederum, den angebotenen Tee als meine Anzahlung ansieht und kurz vor der Ohnmacht steht, einen Tropfen \u00d6l auf dem Teak sehen zu m\u00fcssen.<\/p>\n<p>Sogar weniger gut kann ich den anderen drei Technikern bei der Charterfirma, die mich gerade angestellt hat, ein Bier spendieren. Sie k\u00f6nnen eine Holz- von einer Maschinenschraube nicht unterscheiden und das Bier w\u00fcrde nur dem Zweck dienen, dass ich beim n\u00e4chsten Kunden, mit fehlendem Geschirr das Ankerman\u00f6ver erkl\u00e4ren muss. <\/p>\n<p>In einem fremden Land Arbeit zu suchen, hat mich in die Rolle von Georgos, oder Ahmed unten an der Ecke bei uns versetzt. Leider habe ich mich damals nicht rechtzeitig mit ihnen angefreundet, um von ihrer reichhaltigen Erfahrung zu sch\u00f6pfen. Diese w\u00e4re zum Beispiel: <\/p>\n<p>Zwei sitzen im Paradies und langweilen sich zu Tode \u2013 V\u00f6gelchen zwitschern, Schmetterlinge flattern, K\u00fche wagen nicht mal die Fliegen von ihren \u00c4rschen zu verjagen. Pl\u00f6tzlich wird, auf einem gro\u00dfen Plakat vorbei-geflogen, sonder-angeboten, ein Wochenendausflug in die H\u00f6lle. Die zwei nehmen begeistert an. Unten \u2013 Party ohne Ende, mit was auch immer das Herz begehrt. Ein herrliches, buntes, feuchtes Wochenende. Am Montag, mit dickem Sch\u00e4del stehen die zwei vor Petrus und bitten um Versetzung. Keine Warnung, dass ihre Entscheidung endg\u00fcltig ist, kann sie davon abhalten \u2013 sie wollen f\u00fcr immer nach unten! So soll es also sein, hop&#8230;, und sie sind wieder unten. Da wo gestern Bar war steht Kessel, da wo Puff &#8211; auch. \u00dcberall Feuer, Hitze und h\u00e4ssliche Teufel mit gelben Augen und krummen Fingern. \u201eAber&#8230;, gestern war hier&#8230;, ganz anders!\u201c beschweren sich die beiden Helden. \u201eJungs, verwechselt nie Tourismus mit Emigration\u201c erwidert beil\u00e4ufig der n\u00e4chst-stehende Teufel.<\/p>\n<p>Was ich damit sagen will, m\u00f6chtest Du unterwegs arbeiten, muss Du dich sehr wahrscheinlich mit dem Niederlassen anfreunden. Mit annehmen von Sitten und Br\u00e4uchen. Dich einleben. Alle Einheimischen als deine Kollegen und Nachbarn im Leben ansehen, denn ihr w\u00fcrdet dann an der gleichen Zitze nuckeln, oder? Ich bin sicher, Dein Herz wird Dir schon das Richtige zu fl\u00fcstern.<\/p>\n<p>Vassil, Papeete, 15\/16.03.2018<\/p>\n","protected":false},"excerpt":{"rendered":"<p>WORK AND TRAVEL IN FEUCHTGEBIETEN Am Nachbartisch im kleinen Caf\u00e9, wo wir die lang ersehnte Pause einlegen, sitzen drei M\u00e4nner. Zwei dunkelh\u00e4utige Einheimische, der eine deutlich j\u00fcnger, als der andere d\u00fcmmlich und ein Wei\u00dfer, mit h\u00e4ngenden Schultern und Zahnl\u00fccke. Auf &hellip; <a href=\"https:\/\/windpilot.com\/blog\/columns\/segeln-verdienen\/vassilingalou\/\">Weiterlesen <span class=\"meta-nav\">&rarr;<\/span><\/a><\/p>\n","protected":false},"author":1,"featured_media":0,"parent":13662,"menu_order":-8,"comment_status":"closed","ping_status":"closed","template":"","meta":{"footnotes":""},"class_list":["post-17568","page","type-page","status-publish","hentry"],"_links":{"self":[{"href":"https:\/\/windpilot.com\/blog\/wp-json\/wp\/v2\/pages\/17568","targetHints":{"allow":["GET"]}}],"collection":[{"href":"https:\/\/windpilot.com\/blog\/wp-json\/wp\/v2\/pages"}],"about":[{"href":"https:\/\/windpilot.com\/blog\/wp-json\/wp\/v2\/types\/page"}],"author":[{"embeddable":true,"href":"https:\/\/windpilot.com\/blog\/wp-json\/wp\/v2\/users\/1"}],"replies":[{"embeddable":true,"href":"https:\/\/windpilot.com\/blog\/wp-json\/wp\/v2\/comments?post=17568"}],"version-history":[{"count":3,"href":"https:\/\/windpilot.com\/blog\/wp-json\/wp\/v2\/pages\/17568\/revisions"}],"predecessor-version":[{"id":17572,"href":"https:\/\/windpilot.com\/blog\/wp-json\/wp\/v2\/pages\/17568\/revisions\/17572"}],"up":[{"embeddable":true,"href":"https:\/\/windpilot.com\/blog\/wp-json\/wp\/v2\/pages\/13662"}],"wp:attachment":[{"href":"https:\/\/windpilot.com\/blog\/wp-json\/wp\/v2\/media?parent=17568"}],"curies":[{"name":"wp","href":"https:\/\/api.w.org\/{rel}","templated":true}]}}