{"id":17667,"date":"2018-04-13T04:02:18","date_gmt":"2018-04-13T11:02:18","guid":{"rendered":"https:\/\/windpilot.com\/blog\/?page_id=17667"},"modified":"2018-04-13T04:02:18","modified_gmt":"2018-04-13T11:02:18","slug":"ausruestung-subeki","status":"publish","type":"page","link":"https:\/\/windpilot.com\/blog\/ausruestung\/ausruestung-subeki\/","title":{"rendered":"Ausr\u00fcstung Subeki"},"content":{"rendered":"<p><strong>ZUSAMMENSTELLUNG AUSR\u00dcSTUNG F\u00dcR EINE WELTUMSEGELUNG<\/strong><\/p>\n<p><img loading=\"lazy\" decoding=\"async\" src=\"https:\/\/windpilot.com\/blog\/wp-content\/uploads\/2018\/04\/2004.DeBoyneInseln.jpg\" alt=\"\" width=\"2272\" height=\"1704\" class=\"aligncenter size-full wp-image-17669\" srcset=\"https:\/\/windpilot.com\/blog\/wp-content\/uploads\/2018\/04\/2004.DeBoyneInseln.jpg 2272w, https:\/\/windpilot.com\/blog\/wp-content\/uploads\/2018\/04\/2004.DeBoyneInseln-300x225.jpg 300w, https:\/\/windpilot.com\/blog\/wp-content\/uploads\/2018\/04\/2004.DeBoyneInseln-768x576.jpg 768w, https:\/\/windpilot.com\/blog\/wp-content\/uploads\/2018\/04\/2004.DeBoyneInseln-1024x768.jpg 1024w\" sizes=\"auto, (max-width: 2272px) 100vw, 2272px\" \/><\/p>\n<p>Sieben Jahre Weltumsegelung, da kommt einiges an Erfahrung zusammen. Sybille und Christian Uehr haben einmal zusammengestellt, was hier zu bedenken ist, was \u00fcberfl\u00fcssig und was nur angenehm ist, wenn man lange unterwegs. Oder wie der Germanische Lloyd beschreibt:<\/p>\n<blockquote><p>Ein Boot ist dann hochsee-geeignet, wenn es, auf sich selbst angewiesen, ohne Hilfe von au\u00dfen zu erwarten, zu uneingeschr\u00e4nkter Seefahrt f\u00e4hig ist<\/p><\/blockquote>\n<p><a href=\"http:\/\/subeki.de\/weltumsegelung-ausruestung\" target=\"_blank\">Hier geht es zur Lekt\u00fcre<\/a><\/p>\n","protected":false},"excerpt":{"rendered":"<p>ZUSAMMENSTELLUNG AUSR\u00dcSTUNG F\u00dcR EINE WELTUMSEGELUNG Sieben Jahre Weltumsegelung, da kommt einiges an Erfahrung zusammen. Sybille und Christian Uehr haben einmal zusammengestellt, was hier zu bedenken ist, was \u00fcberfl\u00fcssig und was nur angenehm ist, wenn man lange unterwegs. Oder wie der &hellip; <a href=\"https:\/\/windpilot.com\/blog\/ausruestung\/ausruestung-subeki\/\">Weiterlesen <span class=\"meta-nav\">&rarr;<\/span><\/a><\/p>\n","protected":false},"author":1,"featured_media":0,"parent":16900,"menu_order":2,"comment_status":"closed","ping_status":"closed","template":"","meta":{"footnotes":""},"class_list":["post-17667","page","type-page","status-publish","hentry"],"_links":{"self":[{"href":"https:\/\/windpilot.com\/blog\/wp-json\/wp\/v2\/pages\/17667","targetHints":{"allow":["GET"]}}],"collection":[{"href":"https:\/\/windpilot.com\/blog\/wp-json\/wp\/v2\/pages"}],"about":[{"href":"https:\/\/windpilot.com\/blog\/wp-json\/wp\/v2\/types\/page"}],"author":[{"embeddable":true,"href":"https:\/\/windpilot.com\/blog\/wp-json\/wp\/v2\/users\/1"}],"replies":[{"embeddable":true,"href":"https:\/\/windpilot.com\/blog\/wp-json\/wp\/v2\/comments?post=17667"}],"version-history":[{"count":2,"href":"https:\/\/windpilot.com\/blog\/wp-json\/wp\/v2\/pages\/17667\/revisions"}],"predecessor-version":[{"id":17670,"href":"https:\/\/windpilot.com\/blog\/wp-json\/wp\/v2\/pages\/17667\/revisions\/17670"}],"up":[{"embeddable":true,"href":"https:\/\/windpilot.com\/blog\/wp-json\/wp\/v2\/pages\/16900"}],"wp:attachment":[{"href":"https:\/\/windpilot.com\/blog\/wp-json\/wp\/v2\/media?parent=17667"}],"curies":[{"name":"wp","href":"https:\/\/api.w.org\/{rel}","templated":true}]}}