{"id":17828,"date":"2018-04-18T23:41:43","date_gmt":"2018-04-19T06:41:43","guid":{"rendered":"https:\/\/windpilot.com\/blog\/?page_id=17828"},"modified":"2018-04-23T00:36:20","modified_gmt":"2018-04-23T07:36:20","slug":"trotamar-iv","status":"publish","type":"page","link":"https:\/\/windpilot.com\/blog\/schiffe\/die-ideale-y\/trotamar-iv\/","title":{"rendered":"Trotamar IV"},"content":{"rendered":"<p><strong>TR\u00c4UME SCHMIEDEN UND REALISIEREN<\/strong><\/p>\n<p><img loading=\"lazy\" decoding=\"async\" src=\"https:\/\/windpilot.com\/blog\/wp-content\/uploads\/2018\/04\/Tr\u00e4umen-Schneiden-3.png\" alt=\"\" width=\"640\" height=\"320\" class=\"aligncenter size-full wp-image-17829\" srcset=\"https:\/\/windpilot.com\/blog\/wp-content\/uploads\/2018\/04\/Tr\u00e4umen-Schneiden-3.png 640w, https:\/\/windpilot.com\/blog\/wp-content\/uploads\/2018\/04\/Tr\u00e4umen-Schneiden-3-300x150.png 300w\" sizes=\"auto, (max-width: 640px) 100vw, 640px\" \/><\/p>\n<p>Es ist wie ein Traum, aber in einem Jahr wird dieser Rumpf die Wellen schneiden und das Wasser wird sich auf ihm spiegeln. Obwohl er sehr robust ist und jetzt so schwer aussieht, wird er leicht \u00fcber die Wellen gleiten. Dieser gl\u00e4nzende Rumpf, dieses geschwei\u00dfte Gerippe, in ihm werden unsere Tr\u00e4ume geschmiedet.<\/p>\n<div id=\"attachment_17830\" style=\"width: 1290px\" class=\"wp-caption aligncenter\"><img loading=\"lazy\" decoding=\"async\" aria-describedby=\"caption-attachment-17830\" src=\"https:\/\/windpilot.com\/blog\/wp-content\/uploads\/2018\/04\/Timshel_2.jpeg\" alt=\"\" width=\"1280\" height=\"854\" class=\"size-full wp-image-17830\" srcset=\"https:\/\/windpilot.com\/blog\/wp-content\/uploads\/2018\/04\/Timshel_2.jpeg 1280w, https:\/\/windpilot.com\/blog\/wp-content\/uploads\/2018\/04\/Timshel_2-300x200.jpeg 300w, https:\/\/windpilot.com\/blog\/wp-content\/uploads\/2018\/04\/Timshel_2-768x512.jpeg 768w, https:\/\/windpilot.com\/blog\/wp-content\/uploads\/2018\/04\/Timshel_2-1024x683.jpeg 1024w\" sizes=\"auto, (max-width: 1280px) 100vw, 1280px\" \/><p id=\"caption-attachment-17830\" class=\"wp-caption-text\">FX De Cr\u00e9cy \/ Normandy Yacht Service<\/p><\/div>\n<p>Es ist noch schwer vorstellbar, dass dieser Rumpf unser schwimmendes Zuhause werden wird. Wir studieren die vielen Pl\u00e4ne vom Architekten Jean-Fran\u00e7ois Andr\u00e9, der die verschiedensten M\u00f6glichkeiten betrachtet und mit seinem weitem Erfahrungsfeld L\u00f6sungen f\u00fcr all unsere Ideen findet. Wir stehen im Gerippe,\u2026 hier wird die Pantry sein, dort der Salon, die gro\u00dfen Fenster, ..<\/p>\n<div id=\"attachment_17831\" style=\"width: 1034px\" class=\"wp-caption aligncenter\"><img loading=\"lazy\" decoding=\"async\" aria-describedby=\"caption-attachment-17831\" src=\"https:\/\/windpilot.com\/blog\/wp-content\/uploads\/2018\/04\/05_IMG_5753.jpg\" alt=\"\" width=\"1024\" height=\"683\" class=\"size-full wp-image-17831\" srcset=\"https:\/\/windpilot.com\/blog\/wp-content\/uploads\/2018\/04\/05_IMG_5753.jpg 1024w, https:\/\/windpilot.com\/blog\/wp-content\/uploads\/2018\/04\/05_IMG_5753-300x200.jpg 300w, https:\/\/windpilot.com\/blog\/wp-content\/uploads\/2018\/04\/05_IMG_5753-768x512.jpg 768w\" sizes=\"auto, (max-width: 1024px) 100vw, 1024px\" \/><p id=\"caption-attachment-17831\" class=\"wp-caption-text\">FX De Cr\u00e9cy \/ Normandy Yacht Service<\/p><\/div>\n<p>Sie ist 12 m lang, ein Meter k\u00fcrzer als die Trotamar III, obwohl es im Innenraum kaum bemerkbar sein wird. Ganz aus Aluminium, stark und resistent, um uns ins Eismeer zu bringen, mit einem Schwenkkiel um den Tiefgang auf 70 cm zu reduzieren um auch in den sch\u00f6nten Buchten  und in Ufern\u00e4he ankern zu k\u00f6nnen. Gut isoliert und mit einer starken Heizung, um in den hohen Breiten nicht zu frieren\u2026 leicht bedienbar und komfortabel.<\/p>\n<div id=\"attachment_17832\" style=\"width: 1290px\" class=\"wp-caption aligncenter\"><img loading=\"lazy\" decoding=\"async\" aria-describedby=\"caption-attachment-17832\" src=\"https:\/\/windpilot.com\/blog\/wp-content\/uploads\/2018\/04\/Timshel_3.jpeg\" alt=\"\" width=\"1280\" height=\"854\" class=\"size-full wp-image-17832\" srcset=\"https:\/\/windpilot.com\/blog\/wp-content\/uploads\/2018\/04\/Timshel_3.jpeg 1280w, https:\/\/windpilot.com\/blog\/wp-content\/uploads\/2018\/04\/Timshel_3-300x200.jpeg 300w, https:\/\/windpilot.com\/blog\/wp-content\/uploads\/2018\/04\/Timshel_3-768x512.jpeg 768w, https:\/\/windpilot.com\/blog\/wp-content\/uploads\/2018\/04\/Timshel_3-1024x683.jpeg 1024w\" sizes=\"auto, (max-width: 1280px) 100vw, 1280px\" \/><p id=\"caption-attachment-17832\" class=\"wp-caption-text\">FX De Cr\u00e9cy \/ Normandy Yacht Service<\/p><\/div>\n<p>Wir m\u00fcssen noch vieles entscheiden. Ana muss das Holz f\u00fcr den Innenausbau bestimmen, dunkel wie bei der Trotamar III oder hell um ein neues Ambiente zu erzeugen. Ich kann\u2019s mir nicht vorstellen! Und der Kapit\u00e4n der Trotamar muss \u00fcber all die Technik entscheiden, die wichtig sein wird, um uns durch diese Ozeane zu bringen: Autopilot, Windpilot, Reffsystem, Motor, \u2026. er studiert alle M\u00f6glichkeiten und macht den Konstrukteur ganz verr\u00fcckt.<\/p>\n<div id=\"attachment_17833\" style=\"width: 650px\" class=\"wp-caption aligncenter\"><img loading=\"lazy\" decoding=\"async\" aria-describedby=\"caption-attachment-17833\" src=\"https:\/\/windpilot.com\/blog\/wp-content\/uploads\/2018\/04\/IMG_3912.jpeg\" alt=\"\" width=\"640\" height=\"480\" class=\"size-full wp-image-17833\" srcset=\"https:\/\/windpilot.com\/blog\/wp-content\/uploads\/2018\/04\/IMG_3912.jpeg 640w, https:\/\/windpilot.com\/blog\/wp-content\/uploads\/2018\/04\/IMG_3912-300x225.jpeg 300w\" sizes=\"auto, (max-width: 640px) 100vw, 640px\" \/><p id=\"caption-attachment-17833\" class=\"wp-caption-text\">FX De Cr\u00e9cy \/ Normandy Yacht Service<\/p><\/div>\n<p>Seit unserem Startschuss arbeitet das Team vom Normandy Yacht Service unter Leitung von Patrick Lenormand ununterbrochen, um die Trotamar 4 ins Leben zu rufen und damit sie unseren Tr\u00e4umen entspricht. Ihr Namen steht schon in blauer Kreide auf dem gl\u00e4nzenden Rumpf. Das Tr\u00e4umen von der 4 macht es leichter sich von der 3 zu verabschieden.<\/p>\n<p><a href=\"http:\/\/normandy-ys.fr\/\" target=\"_blank\">NORMANDY YACHT SERVICE<\/a><\/p>\n","protected":false},"excerpt":{"rendered":"<p>TR\u00c4UME SCHMIEDEN UND REALISIEREN Es ist wie ein Traum, aber in einem Jahr wird dieser Rumpf die Wellen schneiden und das Wasser wird sich auf ihm spiegeln. Obwohl er sehr robust ist und jetzt so schwer aussieht, wird er leicht &hellip; <a href=\"https:\/\/windpilot.com\/blog\/schiffe\/die-ideale-y\/trotamar-iv\/\">Weiterlesen <span class=\"meta-nav\">&rarr;<\/span><\/a><\/p>\n","protected":false},"author":1,"featured_media":0,"parent":17702,"menu_order":-5,"comment_status":"open","ping_status":"closed","template":"","meta":{"footnotes":""},"class_list":["post-17828","page","type-page","status-publish","hentry"],"_links":{"self":[{"href":"https:\/\/windpilot.com\/blog\/wp-json\/wp\/v2\/pages\/17828","targetHints":{"allow":["GET"]}}],"collection":[{"href":"https:\/\/windpilot.com\/blog\/wp-json\/wp\/v2\/pages"}],"about":[{"href":"https:\/\/windpilot.com\/blog\/wp-json\/wp\/v2\/types\/page"}],"author":[{"embeddable":true,"href":"https:\/\/windpilot.com\/blog\/wp-json\/wp\/v2\/users\/1"}],"replies":[{"embeddable":true,"href":"https:\/\/windpilot.com\/blog\/wp-json\/wp\/v2\/comments?post=17828"}],"version-history":[{"count":4,"href":"https:\/\/windpilot.com\/blog\/wp-json\/wp\/v2\/pages\/17828\/revisions"}],"predecessor-version":[{"id":17901,"href":"https:\/\/windpilot.com\/blog\/wp-json\/wp\/v2\/pages\/17828\/revisions\/17901"}],"up":[{"embeddable":true,"href":"https:\/\/windpilot.com\/blog\/wp-json\/wp\/v2\/pages\/17702"}],"wp:attachment":[{"href":"https:\/\/windpilot.com\/blog\/wp-json\/wp\/v2\/media?parent=17828"}],"curies":[{"name":"wp","href":"https:\/\/api.w.org\/{rel}","templated":true}]}}