{"id":17852,"date":"2018-04-21T04:21:59","date_gmt":"2018-04-21T11:21:59","guid":{"rendered":"https:\/\/windpilot.com\/blog\/?page_id=17852"},"modified":"2019-12-14T05:04:05","modified_gmt":"2019-12-14T12:04:05","slug":"gebrauchtmarkt","status":"publish","type":"page","link":"https:\/\/windpilot.com\/blog\/press-tv\/gebrauchtmarkt\/","title":{"rendered":"Gebrauchtmarkt"},"content":{"rendered":"<p><strong>AUSFLUG AUF DEN MARKT F\u00dcR GEBRAUCHTE WINDPILOT SYSTEME<\/strong><\/p>\n<p><img loading=\"lazy\" decoding=\"async\" src=\"https:\/\/windpilot.com\/blog\/wp-content\/uploads\/2018\/04\/ThaiWaterMarkt.jpg\" alt=\"\" width=\"2100\" height=\"1405\" class=\"aligncenter size-full wp-image-17856\" srcset=\"https:\/\/windpilot.com\/blog\/wp-content\/uploads\/2018\/04\/ThaiWaterMarkt.jpg 2100w, https:\/\/windpilot.com\/blog\/wp-content\/uploads\/2018\/04\/ThaiWaterMarkt-300x201.jpg 300w, https:\/\/windpilot.com\/blog\/wp-content\/uploads\/2018\/04\/ThaiWaterMarkt-768x514.jpg 768w, https:\/\/windpilot.com\/blog\/wp-content\/uploads\/2018\/04\/ThaiWaterMarkt-1024x685.jpg 1024w\" sizes=\"auto, (max-width: 2100px) 100vw, 2100px\" \/><\/p>\n<p>Das Preis Niveau im Markt f\u00fcr gebrauchte Windpilot Systeme, k\u00f6nnte ich mir als Kompliment ausdrucken, rahmen und meine Wand damit tapezieren. Immerhin spiegelt die hohe Nachfrage nach meinen Systemen eine Wertsch\u00e4tzung, f\u00fcr die ich seit Jahrzehnten arbeite bzw. morgens aus der Koje steige. Meine Datenbank verzeichnet seit Jahren hunderte Anfragen, die ich regelm\u00e4ssig nicht erf\u00fcllen kann, weil ich gebrauchte System ja nicht produzieren kann.<\/p>\n<p><img loading=\"lazy\" decoding=\"async\" src=\"https:\/\/windpilot.com\/blog\/wp-content\/uploads\/2018\/04\/Windpilot-0016.jpg\" alt=\"\" width=\"1840\" height=\"1175\" class=\"aligncenter size-full wp-image-17857\" srcset=\"https:\/\/windpilot.com\/blog\/wp-content\/uploads\/2018\/04\/Windpilot-0016.jpg 1840w, https:\/\/windpilot.com\/blog\/wp-content\/uploads\/2018\/04\/Windpilot-0016-300x192.jpg 300w, https:\/\/windpilot.com\/blog\/wp-content\/uploads\/2018\/04\/Windpilot-0016-768x490.jpg 768w, https:\/\/windpilot.com\/blog\/wp-content\/uploads\/2018\/04\/Windpilot-0016-1024x654.jpg 1024w\" sizes=\"auto, (max-width: 1840px) 100vw, 1840px\" \/><\/p>\n<p>Weshalb ich hier und heute einen kleinen Ausflug mache, um potentiellen Interessenten aufzuzeigen, worauf sie zu achten haben, wenn sie sich f\u00fcr gebrauchte Windpilot Systeme interessieren, um Entt\u00e4uschungen zu ersparen. <\/p>\n<p><img loading=\"lazy\" decoding=\"async\" src=\"https:\/\/windpilot.com\/blog\/wp-content\/uploads\/2018\/04\/Hamburgo-055-Kopie.jpeg\" alt=\"\" width=\"1280\" height=\"720\" class=\"aligncenter size-full wp-image-17858\" srcset=\"https:\/\/windpilot.com\/blog\/wp-content\/uploads\/2018\/04\/Hamburgo-055-Kopie.jpeg 1280w, https:\/\/windpilot.com\/blog\/wp-content\/uploads\/2018\/04\/Hamburgo-055-Kopie-300x169.jpeg 300w, https:\/\/windpilot.com\/blog\/wp-content\/uploads\/2018\/04\/Hamburgo-055-Kopie-768x432.jpeg 768w, https:\/\/windpilot.com\/blog\/wp-content\/uploads\/2018\/04\/Hamburgo-055-Kopie-1024x576.jpeg 1024w\" sizes=\"auto, (max-width: 1280px) 100vw, 1280px\" \/><\/p>\n<p><strong>Darum mein erster Rat:<\/strong><br \/>\nPeter Foerthmann fragen, um Details eines Angebots zu kl\u00e4ren, allerdings sollten Sie mit einer deutlichen Antwort leben k\u00f6nnen und nicht sogleich nach dem Arzt rufen.<\/p>\n<p>Bei EBAY und auch bei Privat Verk\u00e4ufen werden teilweise Traumpreise gefragt und bezahlt &#8211; toll f\u00fcr die Verk\u00e4ufer &#8211; nicht immer fair f\u00fcr die Erwerber, da sie manchmal Preise zu zahlen haben, die nicht unbedingt realistisch sind.<\/p>\n<p><img loading=\"lazy\" decoding=\"async\" src=\"https:\/\/windpilot.com\/blog\/wp-content\/uploads\/2018\/04\/Nakajima-Kopie.jpg\" alt=\"\" width=\"1173\" height=\"849\" class=\"aligncenter size-full wp-image-17861\" srcset=\"https:\/\/windpilot.com\/blog\/wp-content\/uploads\/2018\/04\/Nakajima-Kopie.jpg 1173w, https:\/\/windpilot.com\/blog\/wp-content\/uploads\/2018\/04\/Nakajima-Kopie-300x217.jpg 300w, https:\/\/windpilot.com\/blog\/wp-content\/uploads\/2018\/04\/Nakajima-Kopie-768x556.jpg 768w, https:\/\/windpilot.com\/blog\/wp-content\/uploads\/2018\/04\/Nakajima-Kopie-1024x741.jpg 1024w\" sizes=\"auto, (max-width: 1173px) 100vw, 1173px\" \/><\/p>\n<p><strong>DER MODULARE SYSTEM BAUKASTEN<\/strong><br \/>\nWichtig zun\u00e4chst, dass jedes Windpilot System aus einem modularen Baukasten, individuell passend f\u00fcr das jeweilige Schiff zusammen gebaut wird. <\/p>\n<p>Wir unterscheiden bei den heutigen Systemen > 1998<br \/>\n<strong>PACIFIC LIGHT<\/strong><br \/>\n2 Montage Optionen<br \/>\n3 Ruderschaft L\u00e4ngen<br \/>\n1 Windfahnenschaft L\u00e4ngen<br \/>\n3 \u00dcbertragungsvarianten<\/p>\n<p><strong>PACIFIC<\/strong><br \/>\n5 Montage Optionen<br \/>\n7 Ruderschaft L\u00e4ngen<br \/>\n2 Windfahnenschaft L\u00e4ngen<br \/>\n5 \u00dcbertragungsvarianten<\/p>\n<p><strong>PACIFIC PLUS<\/strong><br \/>\n3 Ruderschaft L\u00e4ngen<br \/>\n1 Windfahnenschaft L\u00e4ngen<br \/>\n33 Montage Varianten<\/p>\n<p>Die Entwicklungsgeschichte der PACIFIC PLUS ist <a href=\"https:\/\/windpilot.com\/blog\/press-tv\/pacific-plus\/pacific-plus-historie\/\">hier<\/a> zu lesen<\/p>\n<p>Die Chance, ein f\u00fcr das eigene Schiff passendes System am Gebrauchtmarkt zu erwerben wird damit vergleichsweise gering und bedeutet ggf. dann Zukauf der entsprechenden Neuteile &#8211; und am Ende dann manchmal lange Gesichter, wenn der g\u00fcnstig geglaubte Deal, sich am Ende dann als weniger g\u00fcnstig heraus gestellt haben wird.<\/p>\n<p><img loading=\"lazy\" decoding=\"async\" src=\"https:\/\/windpilot.com\/blog\/wp-content\/uploads\/2018\/04\/Ankerfeld-Tahiti-Kopie.jpeg\" alt=\"\" width=\"1280\" height=\"960\" class=\"aligncenter size-full wp-image-17862\" srcset=\"https:\/\/windpilot.com\/blog\/wp-content\/uploads\/2018\/04\/Ankerfeld-Tahiti-Kopie.jpeg 1280w, https:\/\/windpilot.com\/blog\/wp-content\/uploads\/2018\/04\/Ankerfeld-Tahiti-Kopie-300x225.jpeg 300w, https:\/\/windpilot.com\/blog\/wp-content\/uploads\/2018\/04\/Ankerfeld-Tahiti-Kopie-768x576.jpeg 768w, https:\/\/windpilot.com\/blog\/wp-content\/uploads\/2018\/04\/Ankerfeld-Tahiti-Kopie-1024x768.jpeg 1024w\" sizes=\"auto, (max-width: 1280px) 100vw, 1280px\" \/><br \/>\n<strong>DER WINDPILOT SYSTEMCODE<\/strong><br \/>\nIn unserer Datenbank sind s\u00e4mtliche Systemcodes aller weltweit je in Serie gebauten Schiffstypen vermerkt. Eine Mail an uns \u2013 oder Anruf! &#8211; gen\u00fcgt, um zu pr\u00fcfen, ob ein angebotenes System am eigenen Schiff \u2013 ggf. mit Umbauten &#8211; zu montieren ist. Mein direkter Rat: Mail schreiben unter Nennung des eigenen Schiffes sowie Foto des geplanten Erwerbs eines gebrauchten Systems. <\/p>\n<p><img loading=\"lazy\" decoding=\"async\" src=\"https:\/\/windpilot.com\/blog\/wp-content\/uploads\/2018\/04\/on-anchorage-Kopie.jpeg\" alt=\"\" width=\"1280\" height=\"719\" class=\"aligncenter size-full wp-image-17865\" srcset=\"https:\/\/windpilot.com\/blog\/wp-content\/uploads\/2018\/04\/on-anchorage-Kopie.jpeg 1280w, https:\/\/windpilot.com\/blog\/wp-content\/uploads\/2018\/04\/on-anchorage-Kopie-300x169.jpeg 300w, https:\/\/windpilot.com\/blog\/wp-content\/uploads\/2018\/04\/on-anchorage-Kopie-768x431.jpeg 768w, https:\/\/windpilot.com\/blog\/wp-content\/uploads\/2018\/04\/on-anchorage-Kopie-1024x575.jpeg 1024w\" sizes=\"auto, (max-width: 1280px) 100vw, 1280px\" \/><\/p>\n<p>Manchmal wird die nat\u00fcrliche Tr\u00e4gheit von Seglern zu wenig bedacht, die ihre Windpilot Systeme \u00fcber lange Zeitr\u00e4ume kaum beachten, selten reinigen, mit der Folge, dass dann Systeme zum Verkauf kommen, die durchaus viele Jahre Dreck und Salz in den Lagern haben sammeln k\u00f6nnen, was am Ende dann schon mal richtige Arbeit bedeuten kann, um derartige Nachl\u00e4ssigkeiten zu bereinigen.<\/p>\n<p><img loading=\"lazy\" decoding=\"async\" src=\"https:\/\/windpilot.com\/blog\/wp-content\/uploads\/2018\/04\/SV-Milan.jpg\" alt=\"\" width=\"1000\" height=\"750\" class=\"aligncenter size-full wp-image-17866\" srcset=\"https:\/\/windpilot.com\/blog\/wp-content\/uploads\/2018\/04\/SV-Milan.jpg 1000w, https:\/\/windpilot.com\/blog\/wp-content\/uploads\/2018\/04\/SV-Milan-300x225.jpg 300w, https:\/\/windpilot.com\/blog\/wp-content\/uploads\/2018\/04\/SV-Milan-768x576.jpg 768w\" sizes=\"auto, (max-width: 1000px) 100vw, 1000px\" \/><\/p>\n<p>Viele Segler haben dies begriffen und kl\u00e4ren vor einem Gebrauchtkauf zun\u00e4chst die Details mit uns, weil damit recht einfach Entt\u00e4uschungen zu verhindern sind. Guter Rat kostet NIX &#8211;  wohlgemerkt, wir leisten diese Beratung gerne, und sind keinesfalls unterwegs, Nachfragen als Ankurbelung unseres Neuverkaufs von Systemen Mist zu verstehen. <\/p>\n<p><img loading=\"lazy\" decoding=\"async\" src=\"https:\/\/windpilot.com\/blog\/wp-content\/uploads\/2018\/04\/Worldi-Martinique.png\" alt=\"\" width=\"640\" height=\"480\" class=\"aligncenter size-full wp-image-17867\" srcset=\"https:\/\/windpilot.com\/blog\/wp-content\/uploads\/2018\/04\/Worldi-Martinique.png 640w, https:\/\/windpilot.com\/blog\/wp-content\/uploads\/2018\/04\/Worldi-Martinique-300x225.png 300w\" sizes=\"auto, (max-width: 640px) 100vw, 640px\" \/><\/p>\n<p>Selten bedacht, werden bei gebrauchten Systemen in der Regel nicht s\u00e4mtliche \u00dcbertragungskomponenten wie Leinen, Bl\u00f6cke, Spanner, Karabiner, Sch\u00e4kel mitgeliefert.<\/p>\n<p>Ich sollte nicht vergessen, darauf hinzuweisen, dass wir seit unserem R\u00fcckzug von der Pr\u00e4sentation unserer Systeme auf den Boots Messen dieser Welt &#8211; das war im Jahre 2003 &#8211; unsere Preise vergleich Weise geringf\u00fcgig angehoben haben!<\/p>\n<p>Hier die <a href=\"https:\/\/windpilot.com\/n\/wind\/de\/prod\/prei\/\">aktuellen Preise<\/a>.<\/p>\n<p><strong>LIEFERUMFANG BEI NEUSYSTEMEN<\/strong><\/p>\n<p><strong>PACIFIC LIGHT<\/strong><br \/>\n<img loading=\"lazy\" decoding=\"async\" src=\"https:\/\/windpilot.com\/blog\/wp-content\/uploads\/2018\/04\/PL-Lieferumfang-Kopie.jpeg\" alt=\"\" width=\"800\" height=\"534\" class=\"aligncenter size-full wp-image-17868\" srcset=\"https:\/\/windpilot.com\/blog\/wp-content\/uploads\/2018\/04\/PL-Lieferumfang-Kopie.jpeg 800w, https:\/\/windpilot.com\/blog\/wp-content\/uploads\/2018\/04\/PL-Lieferumfang-Kopie-300x200.jpeg 300w, https:\/\/windpilot.com\/blog\/wp-content\/uploads\/2018\/04\/PL-Lieferumfang-Kopie-768x513.jpeg 768w\" sizes=\"auto, (max-width: 800px) 100vw, 800px\" \/><\/p>\n<p><strong>PACIFIC MF0<\/strong><br \/>\n<img loading=\"lazy\" decoding=\"async\" src=\"https:\/\/windpilot.com\/blog\/wp-content\/uploads\/2018\/04\/DSC04206.jpeg\" alt=\"\" width=\"800\" height=\"534\" class=\"aligncenter size-full wp-image-17870\" srcset=\"https:\/\/windpilot.com\/blog\/wp-content\/uploads\/2018\/04\/DSC04206.jpeg 800w, https:\/\/windpilot.com\/blog\/wp-content\/uploads\/2018\/04\/DSC04206-300x200.jpeg 300w, https:\/\/windpilot.com\/blog\/wp-content\/uploads\/2018\/04\/DSC04206-768x513.jpeg 768w\" sizes=\"auto, (max-width: 800px) 100vw, 800px\" \/><\/p>\n<p><strong>PACIFIC MF1 \u2013 2<\/strong><br \/>\n<img loading=\"lazy\" decoding=\"async\" src=\"https:\/\/windpilot.com\/blog\/wp-content\/uploads\/2018\/04\/P1010227.jpg\" alt=\"\" width=\"2560\" height=\"1920\" class=\"aligncenter size-full wp-image-17871\" srcset=\"https:\/\/windpilot.com\/blog\/wp-content\/uploads\/2018\/04\/P1010227.jpg 2560w, https:\/\/windpilot.com\/blog\/wp-content\/uploads\/2018\/04\/P1010227-300x225.jpg 300w, https:\/\/windpilot.com\/blog\/wp-content\/uploads\/2018\/04\/P1010227-768x576.jpg 768w, https:\/\/windpilot.com\/blog\/wp-content\/uploads\/2018\/04\/P1010227-1024x768.jpg 1024w\" sizes=\"auto, (max-width: 2560px) 100vw, 2560px\" \/><\/p>\n<p><strong>PACIFIC MF 3 \u2013 4<\/strong><br \/>\n<img loading=\"lazy\" decoding=\"async\" src=\"https:\/\/windpilot.com\/blog\/wp-content\/uploads\/2018\/04\/IMG_0201.jpeg\" alt=\"\" width=\"1280\" height=\"960\" class=\"aligncenter size-full wp-image-17869\" srcset=\"https:\/\/windpilot.com\/blog\/wp-content\/uploads\/2018\/04\/IMG_0201.jpeg 1280w, https:\/\/windpilot.com\/blog\/wp-content\/uploads\/2018\/04\/IMG_0201-300x225.jpeg 300w, https:\/\/windpilot.com\/blog\/wp-content\/uploads\/2018\/04\/IMG_0201-768x576.jpeg 768w, https:\/\/windpilot.com\/blog\/wp-content\/uploads\/2018\/04\/IMG_0201-1024x768.jpeg 1024w\" sizes=\"auto, (max-width: 1280px) 100vw, 1280px\" \/><\/p>\n<p><strong>PACIFIC PLUS<\/strong><br \/>\n<img loading=\"lazy\" decoding=\"async\" src=\"https:\/\/windpilot.com\/blog\/wp-content\/uploads\/2018\/04\/PP-Lieferumfang.jpg\" alt=\"\" width=\"2560\" height=\"1920\" class=\"aligncenter size-full wp-image-17872\" srcset=\"https:\/\/windpilot.com\/blog\/wp-content\/uploads\/2018\/04\/PP-Lieferumfang.jpg 2560w, https:\/\/windpilot.com\/blog\/wp-content\/uploads\/2018\/04\/PP-Lieferumfang-300x225.jpg 300w, https:\/\/windpilot.com\/blog\/wp-content\/uploads\/2018\/04\/PP-Lieferumfang-768x576.jpg 768w, https:\/\/windpilot.com\/blog\/wp-content\/uploads\/2018\/04\/PP-Lieferumfang-1024x768.jpg 1024w\" sizes=\"auto, (max-width: 2560px) 100vw, 2560px\" \/><\/p>\n","protected":false},"excerpt":{"rendered":"<p>AUSFLUG AUF DEN MARKT F\u00dcR GEBRAUCHTE WINDPILOT SYSTEME Das Preis Niveau im Markt f\u00fcr gebrauchte Windpilot Systeme, k\u00f6nnte ich mir als Kompliment ausdrucken, rahmen und meine Wand damit tapezieren. Immerhin spiegelt die hohe Nachfrage nach meinen Systemen eine Wertsch\u00e4tzung, f\u00fcr &hellip; <a href=\"https:\/\/windpilot.com\/blog\/press-tv\/gebrauchtmarkt\/\">Weiterlesen <span class=\"meta-nav\">&rarr;<\/span><\/a><\/p>\n","protected":false},"author":1,"featured_media":0,"parent":9169,"menu_order":2,"comment_status":"open","ping_status":"closed","template":"","meta":{"footnotes":""},"class_list":["post-17852","page","type-page","status-publish","hentry"],"_links":{"self":[{"href":"https:\/\/windpilot.com\/blog\/wp-json\/wp\/v2\/pages\/17852","targetHints":{"allow":["GET"]}}],"collection":[{"href":"https:\/\/windpilot.com\/blog\/wp-json\/wp\/v2\/pages"}],"about":[{"href":"https:\/\/windpilot.com\/blog\/wp-json\/wp\/v2\/types\/page"}],"author":[{"embeddable":true,"href":"https:\/\/windpilot.com\/blog\/wp-json\/wp\/v2\/users\/1"}],"replies":[{"embeddable":true,"href":"https:\/\/windpilot.com\/blog\/wp-json\/wp\/v2\/comments?post=17852"}],"version-history":[{"count":10,"href":"https:\/\/windpilot.com\/blog\/wp-json\/wp\/v2\/pages\/17852\/revisions"}],"predecessor-version":[{"id":17878,"href":"https:\/\/windpilot.com\/blog\/wp-json\/wp\/v2\/pages\/17852\/revisions\/17878"}],"up":[{"embeddable":true,"href":"https:\/\/windpilot.com\/blog\/wp-json\/wp\/v2\/pages\/9169"}],"wp:attachment":[{"href":"https:\/\/windpilot.com\/blog\/wp-json\/wp\/v2\/media?parent=17852"}],"curies":[{"name":"wp","href":"https:\/\/api.w.org\/{rel}","templated":true}]}}