{"id":18196,"date":"2018-07-18T10:46:08","date_gmt":"2018-07-18T17:46:08","guid":{"rendered":"https:\/\/windpilot.com\/blog\/?page_id=18196"},"modified":"2019-06-03T21:06:59","modified_gmt":"2019-06-04T04:06:59","slug":"public-dialog","status":"publish","type":"page","link":"https:\/\/windpilot.com\/blog\/golden-globe-race\/die-segler\/public-dialog\/","title":{"rendered":"Antoine Cousot"},"content":{"rendered":"<p><strong>DAS EIN MAL EINS DER WINDSTEUERSYSTEME<\/strong><\/p>\n<p><img loading=\"lazy\" decoding=\"async\" class=\"aligncenter size-full wp-image-18201\" src=\"https:\/\/windpilot.com\/blog\/wp-content\/uploads\/2018\/07\/IMG_2350.jpeg\" alt=\"\" width=\"640\" height=\"480\" srcset=\"https:\/\/windpilot.com\/blog\/wp-content\/uploads\/2018\/07\/IMG_2350.jpeg 640w, https:\/\/windpilot.com\/blog\/wp-content\/uploads\/2018\/07\/IMG_2350-300x225.jpeg 300w\" sizes=\"auto, (max-width: 640px) 100vw, 640px\" \/><\/p>\n<p>Seit dem Start sind 16 Tage vergangen &#8211; eine f\u00fcr die Teilnehmer schwierige und m\u00fchevolle Zeit ist endlich zu Ende &#8211; 18 Segler hatten sich versammelt &#8211; 17 haben das Nadel\u00f6hr Green Card bezwungen &#8211; die See hat nun das Wort. Sie hat die Zahl der Teilnehmer innerhalb 2000 Meilen \u2013 bei sch\u00f6nstem Segelwetter! &#8211; auf nunmehr 13 erodiert. Dabei sind mechanische Steuersklaven in den Fokus ger\u00fcckt &#8211; die symbolisch f\u00fcr Erfolg oder Niederlage der Segelmatadoren in die Pflicht genommen werden &#8211; ohne dass sie widersprechen k\u00f6nnten. Vielleicht der richtige Zeitpunkt, als Gebetsm\u00fchle hier ein paar Grunds\u00e4tzlichkeiten zu benennen.<\/p>\n<p><img loading=\"lazy\" decoding=\"async\" class=\"aligncenter size-full wp-image-18204\" src=\"https:\/\/windpilot.com\/blog\/wp-content\/uploads\/2018\/07\/IMG_2603-2.jpeg\" alt=\"\" width=\"640\" height=\"480\" srcset=\"https:\/\/windpilot.com\/blog\/wp-content\/uploads\/2018\/07\/IMG_2603-2.jpeg 640w, https:\/\/windpilot.com\/blog\/wp-content\/uploads\/2018\/07\/IMG_2603-2-300x225.jpeg 300w\" sizes=\"auto, (max-width: 640px) 100vw, 640px\" \/><\/p>\n<p>Windsteuersysteme folgen Gesetzen der Physik \u2013 was sie f\u00fcr den Einsatz bei einem Race weniger geeignet macht, weil sie weder \u00fcber Augen verf\u00fcgen \u2013 um brechende Wellen zu erkennen oder ihnen auszuweichen &#8211; noch gr\u00f6ssere Gegenruder Bewegungen vornehmen k\u00f6nnen, als ihnen konstruktiv zur Verf\u00fcgung steht. Ein Segler unter Wettbewerbs \u2013 oder Sponsoren \u2013 Druck, wird sich zu entscheiden haben, wie er seine Zeit auf See verbringen will: den Gesetzen verantwortlicher Seemannschaft folgend, oder im Regatta Modus um einen Sieg zu jagen bzw. dem Ego ersatzweise dem Sponsor zu Wichtigkeit zu verhelfen. Ich nenne das einen Ritt auf der Rasierklinge. Es liegt in der Entscheidung jeden Seglers, den f\u00fcr ihn selbst richtigen Weg zu w\u00e4hlen. Beide Gruppen sind im GGR vertreten und es wundert wenig, wieviel r\u00e4umliche Distanz zwischen ihnen liegt.<\/p>\n<p>Nach 16 Tagen liegen die Karten auf dem Tisch und einige Nerven blank, Zeit, einige Zusammenh\u00e4nge zu fokussieren, damit in Zukunft nicht noch weitere Einhand Matadore auf allen Vieren nach dem n\u00e4chsten Hafen gieren und als probates Mittel zum Zweck, das Argument erneut strapazieren: die Windsteueranlage hat Schuld!<\/p>\n<p>Bei allem Verst\u00e4ndnis f\u00fcr den Wunsch eines Veranstalters, der Welt die Dramaturgie einer Spannung geladenen Show k\u00fchner Nonstop Artisten zu pr\u00e4sentieren, wof\u00fcr Meldungen \u00fcber dramatische Navigationsfehler, Schlafmangel, Halluzinationen, Wassereinbruch am Kartentisch, Verletzungen und \u2013 mit besonderer Spannungs W\u00fcrze \u2013 nichtfunktionierende Steuerautomaten, als Futter dienen, sei erlaubt, hier ein paar Hinweise gebe, um das Vakuum offener Fragen mit Inhalten zu f\u00fcllen.<\/p>\n<p><img loading=\"lazy\" decoding=\"async\" class=\"aligncenter size-full wp-image-18205\" src=\"https:\/\/windpilot.com\/blog\/wp-content\/uploads\/2018\/07\/IMG_2099.jpeg\" alt=\"\" width=\"640\" height=\"480\" srcset=\"https:\/\/windpilot.com\/blog\/wp-content\/uploads\/2018\/07\/IMG_2099.jpeg 640w, https:\/\/windpilot.com\/blog\/wp-content\/uploads\/2018\/07\/IMG_2099-300x225.jpeg 300w\" sizes=\"auto, (max-width: 640px) 100vw, 640px\" \/><\/p>\n<p>Wenn angesichts vielfach undichter Stellen unz\u00e4hliger Kommunikations Kan\u00e4le, Segler unterwegs mit Informationen versorgt werden und mit der Aussenwelt \u2013 nicht nur zum GGR Team &#8211; direkt in Kontakt treten k\u00f6nnen, w\u00e4hrend der Veranstalter zeitgleich das M\u00e4rchen von ALONE WITH NO OUTSIDE ASSISTANCE medienwirksam proklamiert, er darum sogar am drop off point den Handschlag verweigert, kein Bier anbietet, und stetig das Mantra interessanter Regeln repetiert, w\u00fcrde ich vorschlagen, die Thematik der Windsteuer Systeme dahingehend zu vertiefen, dass den Seglern geholfen wird, ihre Reise in Sicherheit fort zu setzen, anstatt ihnen jeglichen Rat zu verweigern, sie wegen \u201eassistence\u201c ggf. sogar zu bestrafen. Denn, nicht wahr, im Verlauf jener kurzweiligen Interviews am drop off point werden die Segler mit viel \u201eassistence\u201c und Informationen versorgt, insbesondere \u00fcber ihre Konkurrenten.<\/p>\n<p><img loading=\"lazy\" decoding=\"async\" class=\"aligncenter size-full wp-image-18206\" src=\"https:\/\/windpilot.com\/blog\/wp-content\/uploads\/2018\/07\/IMG_2174.jpeg\" alt=\"\" width=\"640\" height=\"480\" srcset=\"https:\/\/windpilot.com\/blog\/wp-content\/uploads\/2018\/07\/IMG_2174.jpeg 640w, https:\/\/windpilot.com\/blog\/wp-content\/uploads\/2018\/07\/IMG_2174-300x225.jpeg 300w\" sizes=\"auto, (max-width: 640px) 100vw, 640px\" \/><\/p>\n<p><strong>URSACHE UND WIRKUNG<\/strong><br \/>\nEs kann niemand daran Interesse haben, wenn Solo Segler auf Grund technischer Probleme den Spagat, Weitersegeln oder nicht, zu Ungunsten eigener Sicherheit und Gesundheit zu entscheiden haben, zumindest, wenn es sich um Probleme mit einer Windsteueranlage handelt. Die Folgen hat Kevin Farebrother drastisch beschrieben, indem er von Halluzinationen berichtet, die ihm der Mangel an Schlaf eingebracht hat. Auch wenn es widersinnig klingt: aber der Nutzen f\u00fcr einen Veranstalter schwindet, wenn sich weitere Segler vom Rennen zur\u00fcckziehen, insbesondere wenn es sich um Kleinigkeiten handelt, die durch Kommunikation leicht zu l\u00f6sen w\u00e4ren.<\/p>\n<p>Das GGR Team hat Interviews mit zwei Seglern online gestellt, deren Botschaft alarmierend ist, beide haben aus den gleichen Gr\u00fcnden unterschiedlich entschieden, wobei Istvan sich unter sarkastischen Kommentaren zu Lasten seines Windsteuer System Lieferanten, zur Weiterfahrt entschieden hat. Unabh\u00e4ngig von vertraglichen Vereinbarungen und ungeachtet von pers\u00f6nlichen Animosit\u00e4ten, h\u00e4tte ich es sinnvoll gefunden, den Hersteller der fraglichen Systeme zur Beratung heran zu ziehen anstatt einen Segler f\u00fcr die vor ihm liegende Seestrecke auf sich alleine gestellt, ggf. den Kampf gegen die M\u00fcdigkeit verlieren zu lassen.<\/p>\n<p><img loading=\"lazy\" decoding=\"async\" class=\"aligncenter size-full wp-image-18207\" src=\"https:\/\/windpilot.com\/blog\/wp-content\/uploads\/2018\/07\/IMG_2318.jpeg\" alt=\"\" width=\"640\" height=\"480\" srcset=\"https:\/\/windpilot.com\/blog\/wp-content\/uploads\/2018\/07\/IMG_2318.jpeg 640w, https:\/\/windpilot.com\/blog\/wp-content\/uploads\/2018\/07\/IMG_2318-300x225.jpeg 300w\" sizes=\"auto, (max-width: 640px) 100vw, 640px\" \/><\/p>\n<p>Wenn vor diesem Hintergrund statt dessen der Online Gemeinde eine GGR LESSON zum Fachthema Windsteuer Systeme in die Kamera diktiert wird, ohne den hier betroffenen Seglern zu aller erst Hilfe zu verschaffen, mag dies nur unter sehr besonderen Aspekten Sinn ergeben. F\u00fcr mich ein vermeidbarer Fauxpas, der im doppelten Sinne wenig hilfreich ist, insbesondere wenn allzu deutlich wird, dass der Referent eklatante Fehler in seinem Vortrag macht, die unn\u00f6tig Verwirrung stiften, anstatt eine komplizierte Materie zu verdeutlichen.<\/p>\n<p>Im Netz kursieren seither Ger\u00fcchte, Recherchen und \u00dcberlegungen, die die Ursachen f\u00fcr die Probleme der Segler zum Inhalt haben. Ich habe diese Diskussionen zum Anlass genommen, nach 35 Std des Wartens auf ein Hilfeersuchen bzw. Lebenszeichen aus Lanzarote, den Blog vom Schwarzen Peter zu publizieren:<\/p>\n<p><img loading=\"lazy\" decoding=\"async\" class=\"aligncenter size-full wp-image-18211\" src=\"https:\/\/windpilot.com\/blog\/wp-content\/uploads\/2018\/07\/P1010040.jpeg\" alt=\"\" width=\"1280\" height=\"960\" srcset=\"https:\/\/windpilot.com\/blog\/wp-content\/uploads\/2018\/07\/P1010040.jpeg 1280w, https:\/\/windpilot.com\/blog\/wp-content\/uploads\/2018\/07\/P1010040-300x225.jpeg 300w, https:\/\/windpilot.com\/blog\/wp-content\/uploads\/2018\/07\/P1010040-768x576.jpeg 768w, https:\/\/windpilot.com\/blog\/wp-content\/uploads\/2018\/07\/P1010040-1024x768.jpeg 1024w\" sizes=\"auto, (max-width: 1280px) 100vw, 1280px\" \/><\/p>\n<p>Interessanter Weise hat sich wenige Stunden nach dem Posting folgender Mail Wechsel mit Antoine ergeben \u2013 sollte ich hier Zufall vermuten?<\/p>\n<p><strong>17.07.2018 \u2013 10:30 H <\/strong><\/p>\n<blockquote><p>Hi Peter<br \/>\nQuick update on windvane. Firstly I lost nut 116 and 113 started to unscrewed itself. I fixed it. Ring nut 345 got loose completely &#8211; perhaps too much grease. 801 and 805 got loose as well. All been fixed<br \/>\nNow, I still have issue using the windvane downwind. I have to considerably reduce the sails. Any tips? \u00a0Shall I move 345 a little down to get more force?<\/p>\n<p>Otherwise I am fine. It was good to stop here in Lanzarote to release the pressure after the start and give a good look at the boat.<br \/>\nI am leaving early afternoon.<br \/>\nBest regards,<br \/>\nAntoine<\/p><\/blockquote>\n<p><img loading=\"lazy\" decoding=\"async\" class=\"aligncenter size-full wp-image-18209\" src=\"https:\/\/windpilot.com\/blog\/wp-content\/uploads\/2018\/07\/IMG_2342.jpeg\" alt=\"\" width=\"640\" height=\"480\" srcset=\"https:\/\/windpilot.com\/blog\/wp-content\/uploads\/2018\/07\/IMG_2342.jpeg 640w, https:\/\/windpilot.com\/blog\/wp-content\/uploads\/2018\/07\/IMG_2342-300x225.jpeg 300w\" sizes=\"auto, (max-width: 640px) 100vw, 640px\" \/><\/p>\n<p><strong>Meine Antwort 30 Minuten sp\u00e4ter:<\/strong><\/p>\n<p>Dear Antoine,<br \/>\nnice to get your email today, thanks for that.<\/p>\n<p>Having seen Don\u00b4s video upon your arrival It has been my distinct conviction that you might send a message to me within minutes after arrival or picking up the phone to get any advice, as you very obviously have been in need to get support&#8230;<\/p>\n<p>Guess you may have seen my yesterdays Blog posting, see below at the end<\/p>\n<p>translation will follow within some days.<\/p>\n<p><img loading=\"lazy\" decoding=\"async\" class=\"aligncenter size-full wp-image-18220\" src=\"https:\/\/windpilot.com\/blog\/wp-content\/uploads\/2018\/07\/IMG_2164.jpeg\" alt=\"\" width=\"640\" height=\"480\" srcset=\"https:\/\/windpilot.com\/blog\/wp-content\/uploads\/2018\/07\/IMG_2164.jpeg 640w, https:\/\/windpilot.com\/blog\/wp-content\/uploads\/2018\/07\/IMG_2164-300x225.jpeg 300w\" sizes=\"auto, (max-width: 640px) 100vw, 640px\" \/><\/p>\n<p><strong>FACTS AND ADVICE<\/strong><\/p>\n<p><a href=\"https:\/\/windpilot.com\/n\/wind\/de\/serv\/manu\/zeipacific\">Manual of the Windpilot Pacific<\/a><\/p>\n<p>Any SS bolts \/ nuts have been fitted with the use of LANOLIN to prevent problemss about contact with AlMg5 aluminium. Lanolin however is no grease, it will never disappear from the surface it has been fitted. So constantly corrosion proof.<\/p>\n<p>Mind that nut # 116 is just for countering ( securing ) purpose, to ensure perfect positioning of bolt #113 &#8230; leaving enough room for sensitive operation \/ free swing of the vane holder #110<\/p>\n<p>From my knowledge the wheel steering on your boat has a 2,25 turn between both endstops &#8211; so the positiong of RINGNUT 345 will be fine as it is.<\/p>\n<p><strong>SIMPLE TEST<\/strong> about perfect ratio of line transfer from the windpilot to your boats wheel steering, to achieve information about poor \/ perfect\u00a0 positioning of ringnut 345, as per manual:<\/p>\n<p>Please move wind vane by hand between both endstop rather suddenly at full speed of vessel:<\/p>\n<p><img loading=\"lazy\" decoding=\"async\" class=\"aligncenter size-full wp-image-18213\" src=\"https:\/\/windpilot.com\/blog\/wp-content\/uploads\/2018\/07\/IMG_3303.jpeg\" alt=\"\" width=\"1280\" height=\"960\" srcset=\"https:\/\/windpilot.com\/blog\/wp-content\/uploads\/2018\/07\/IMG_3303.jpeg 1280w, https:\/\/windpilot.com\/blog\/wp-content\/uploads\/2018\/07\/IMG_3303-300x225.jpeg 300w, https:\/\/windpilot.com\/blog\/wp-content\/uploads\/2018\/07\/IMG_3303-768x576.jpeg 768w, https:\/\/windpilot.com\/blog\/wp-content\/uploads\/2018\/07\/IMG_3303-1024x768.jpeg 1024w\" sizes=\"auto, (max-width: 1280px) 100vw, 1280px\" \/><\/p>\n<p><strong>QUESTION<\/strong>: does the pendulum rudder FOLLOW ALMOST IMMIDIATELY &#8211; or does it move SLOWLY ONLY. In first case all is fine &#8211; in second case adjust ringnut 345 more to the lower end. REPEAT PROCEDURE until the unit will be able to convert any steering signal from the vane into IMMIDIATE sideward move of the pendulum carriage #330. You have got the perfect ratio!<\/p>\n<p>Fixing, checking bolts at the unit always needs control from time to time. You may have realize that almost any bolt on your unit will be in the spare part pack I have stored in your cockpit during your absence &#8230; including a spare wheel coupling, a full set up for line transfer to emergency tiller conversion &#8230; Hopefully you still have the entire replacement unit with you on board!?<\/p>\n<p><img loading=\"lazy\" decoding=\"async\" class=\"aligncenter size-full wp-image-18214\" src=\"https:\/\/windpilot.com\/blog\/wp-content\/uploads\/2018\/07\/IMG_3305.jpeg\" alt=\"\" width=\"1280\" height=\"960\" srcset=\"https:\/\/windpilot.com\/blog\/wp-content\/uploads\/2018\/07\/IMG_3305.jpeg 1280w, https:\/\/windpilot.com\/blog\/wp-content\/uploads\/2018\/07\/IMG_3305-300x225.jpeg 300w, https:\/\/windpilot.com\/blog\/wp-content\/uploads\/2018\/07\/IMG_3305-768x576.jpeg 768w, https:\/\/windpilot.com\/blog\/wp-content\/uploads\/2018\/07\/IMG_3305-1024x768.jpeg 1024w\" sizes=\"auto, (max-width: 1280px) 100vw, 1280px\" \/><\/p>\n<p><strong>DOWNWIND PERFORMANCE<\/strong><br \/>\nThe unit will tell you on her own about limitations and needs for trim and balancing as any pendulum unit will be able to provide a max angle of rudder to counter steering needs.<\/p>\n<p>If you will need wider angle to counter on the main rudder, any unit will fail to provide this, as any of the todays pendulum units &#8211; unless the Beaufort which lacks to existence of yawdamping by set of bevel gears &#8211; are identical in terms of these design features ( Aries, Monitor, Windpilot ).<\/p>\n<p>Get the horses pull in front, reducing main sail to avoid shadow for the headsail and you will have the best steering slave at your boat transom. If you are overpowering because you want to race &#8230; you will find yourself at the helm sooner or later.<\/p>\n<p><img loading=\"lazy\" decoding=\"async\" class=\"aligncenter size-full wp-image-18215\" src=\"https:\/\/windpilot.com\/blog\/wp-content\/uploads\/2018\/07\/IMG_3306.jpeg\" alt=\"\" width=\"960\" height=\"1280\" srcset=\"https:\/\/windpilot.com\/blog\/wp-content\/uploads\/2018\/07\/IMG_3306.jpeg 960w, https:\/\/windpilot.com\/blog\/wp-content\/uploads\/2018\/07\/IMG_3306-225x300.jpeg 225w, https:\/\/windpilot.com\/blog\/wp-content\/uploads\/2018\/07\/IMG_3306-768x1024.jpeg 768w\" sizes=\"auto, (max-width: 960px) 100vw, 960px\" \/><\/p>\n<p><strong>MOST IMPORTANTY &#8211; REREAD MANUAL PLEASE<\/strong>:\u00a0 General course setting at the vane &#8211; fine tuning ALWAYS at the helms position \/ wheel steering. NEVER BE ATTEMPTED to change course by just pulling the remote control setting, as pendulum rudder will never be in alignment to the positioning of the main rudder &#8211; which always has to be locked slightly off centre due to weather helm.<\/p>\n<p><img loading=\"lazy\" decoding=\"async\" class=\"aligncenter size-full wp-image-18222\" src=\"https:\/\/windpilot.com\/blog\/wp-content\/uploads\/2018\/07\/IMG_2169.jpeg\" alt=\"\" width=\"640\" height=\"480\" srcset=\"https:\/\/windpilot.com\/blog\/wp-content\/uploads\/2018\/07\/IMG_2169.jpeg 640w, https:\/\/windpilot.com\/blog\/wp-content\/uploads\/2018\/07\/IMG_2169-300x225.jpeg 300w\" sizes=\"auto, (max-width: 640px) 100vw, 640px\" \/><\/p>\n<p><strong>PLEASE PLEASE PLEASE<\/strong>: send me some pictures of the entire set-up BEFORE your departure enabling me to provide further hints and tipps &#8230; to coming back to earth about wind vane steering again &#8211; which is just following basic physical rules &#8230; you will have to learn rather quickly &#8230; to avoid hand steering and achieve a nice sleep overnicht &#8230; whilst your boat will silenty perform &#8230; even without his skippers hands frozen to the wheel.<\/p>\n<p>Take care &#8230; and in case of further queries&#8230; you will find me almost always as to be just a mouseclick away from you&#8230;<\/p>\n<p>Cheers<br \/>\nPeter<\/p>\n<p><img loading=\"lazy\" decoding=\"async\" class=\"aligncenter size-full wp-image-18208\" src=\"https:\/\/windpilot.com\/blog\/wp-content\/uploads\/2018\/07\/IMG_2330.jpeg\" alt=\"\" width=\"640\" height=\"480\" srcset=\"https:\/\/windpilot.com\/blog\/wp-content\/uploads\/2018\/07\/IMG_2330.jpeg 640w, https:\/\/windpilot.com\/blog\/wp-content\/uploads\/2018\/07\/IMG_2330-300x225.jpeg 300w\" sizes=\"auto, (max-width: 640px) 100vw, 640px\" \/><\/p>\n<p><strong>Antoine has sent pictures some minutes later<\/strong>.<\/p>\n<p><strong>My immidiate answer:<\/strong><\/p>\n<p>Thanks for the picts \u2026 I can hardly recognize some details, so my question:<\/p>\n<p>The rope thats is fitted at pendulum carriage port side \u2026 needs to turn the wheel steering CLOCKWISE&#8230; compare encl picture. Please confirm.<br \/>\nGood Luck \u2026. the unit will teach you \u2013 be asured<br \/>\nbest<br \/>\nPeter<\/p>\n<p><strong>a minute later Antoine:<\/strong><\/p>\n<blockquote><p>Yes I confirm portside rope pulling the wheel clockwise.<\/p><\/blockquote>\n<p>Peter:<br \/>\nGood Luck to you \u2026 you have got the lesson the hard way, now its time to enjoy the life on the cruel sea from the more pleasent side.<br \/>\ntake care<br \/>\nPeter<\/p>\n<blockquote class=\"wp-embedded-content\" data-secret=\"NXCO1rqObk\"><p><a href=\"https:\/\/windpilot.com\/blog\/golden-globe-race\/antoine-cousot-istvan-kopar\/\">Der Schwarze Peter<\/a><\/p><\/blockquote>\n<p><iframe loading=\"lazy\" class=\"wp-embedded-content\" sandbox=\"allow-scripts\" security=\"restricted\" style=\"position: absolute; clip: rect(1px, 1px, 1px, 1px);\" title=\"&#8222;Der Schwarze Peter&#8220; &#8212; Windpilot Blog\" src=\"https:\/\/windpilot.com\/blog\/golden-globe-race\/antoine-cousot-istvan-kopar\/embed\/#?secret=WPPT9jw3jM#?secret=NXCO1rqObk\" data-secret=\"NXCO1rqObk\" width=\"600\" height=\"338\" frameborder=\"0\" marginwidth=\"0\" marginheight=\"0\" scrolling=\"no\"><\/iframe><\/p>\n<blockquote class=\"wp-embedded-content\" data-secret=\"xZaVnoKmwc\"><p><a href=\"https:\/\/windpilot.com\/blog\/blog\/golden-globe-race\/golden-globe-race-antoine-cousot-istvan-kopar\/\">Golden Globe Race &#8211; Antoine Cousot &#8211; Istvan Kopar<\/a><\/p><\/blockquote>\n<p><iframe loading=\"lazy\" class=\"wp-embedded-content\" sandbox=\"allow-scripts\" security=\"restricted\" style=\"position: absolute; clip: rect(1px, 1px, 1px, 1px);\" title=\"&#8222;Golden Globe Race &#8211; Antoine Cousot &#8211; Istvan Kopar&#8220; &#8212; Windpilot Blog\" src=\"https:\/\/windpilot.com\/blog\/blog\/golden-globe-race\/golden-globe-race-antoine-cousot-istvan-kopar\/embed\/#?secret=gCKpHywgiL#?secret=xZaVnoKmwc\" data-secret=\"xZaVnoKmwc\" width=\"600\" height=\"338\" frameborder=\"0\" marginwidth=\"0\" marginheight=\"0\" scrolling=\"no\"><\/iframe><\/p>\n","protected":false},"excerpt":{"rendered":"<p>DAS EIN MAL EINS DER WINDSTEUERSYSTEME Seit dem Start sind 16 Tage vergangen &#8211; eine f\u00fcr die Teilnehmer schwierige und m\u00fchevolle Zeit ist endlich zu Ende &#8211; 18 Segler hatten sich versammelt &#8211; 17 haben das Nadel\u00f6hr Green Card bezwungen &hellip; <a href=\"https:\/\/windpilot.com\/blog\/golden-globe-race\/die-segler\/public-dialog\/\">Weiterlesen <span class=\"meta-nav\">&rarr;<\/span><\/a><\/p>\n","protected":false},"author":1,"featured_media":0,"parent":19837,"menu_order":-1,"comment_status":"open","ping_status":"closed","template":"","meta":{"footnotes":""},"class_list":["post-18196","page","type-page","status-publish","hentry"],"_links":{"self":[{"href":"https:\/\/windpilot.com\/blog\/wp-json\/wp\/v2\/pages\/18196","targetHints":{"allow":["GET"]}}],"collection":[{"href":"https:\/\/windpilot.com\/blog\/wp-json\/wp\/v2\/pages"}],"about":[{"href":"https:\/\/windpilot.com\/blog\/wp-json\/wp\/v2\/types\/page"}],"author":[{"embeddable":true,"href":"https:\/\/windpilot.com\/blog\/wp-json\/wp\/v2\/users\/1"}],"replies":[{"embeddable":true,"href":"https:\/\/windpilot.com\/blog\/wp-json\/wp\/v2\/comments?post=18196"}],"version-history":[{"count":20,"href":"https:\/\/windpilot.com\/blog\/wp-json\/wp\/v2\/pages\/18196\/revisions"}],"predecessor-version":[{"id":20028,"href":"https:\/\/windpilot.com\/blog\/wp-json\/wp\/v2\/pages\/18196\/revisions\/20028"}],"up":[{"embeddable":true,"href":"https:\/\/windpilot.com\/blog\/wp-json\/wp\/v2\/pages\/19837"}],"wp:attachment":[{"href":"https:\/\/windpilot.com\/blog\/wp-json\/wp\/v2\/media?parent=18196"}],"curies":[{"name":"wp","href":"https:\/\/api.w.org\/{rel}","templated":true}]}}