{"id":18791,"date":"2018-11-04T11:47:06","date_gmt":"2018-11-04T18:47:06","guid":{"rendered":"https:\/\/windpilot.com\/blog\/?page_id=18791"},"modified":"2025-09-13T23:23:20","modified_gmt":"2025-09-14T06:23:20","slug":"50-jahre-stillstand","status":"publish","type":"page","link":"https:\/\/windpilot.com\/blog\/trans-ocean-news\/50-jahre-stillstand\/","title":{"rendered":"50 Jahre Stillstand"},"content":{"rendered":"<p><strong>TRANS-OCEAN.E.V. &#8211; 50 JAHRE STILLSTAND<\/strong><\/p>\n<p><img loading=\"lazy\" decoding=\"async\" src=\"https:\/\/windpilot.com\/blog\/wp-content\/uploads\/2018\/11\/Dia086-20.jpg\" alt=\"\" width=\"1669\" height=\"1080\" class=\"aligncenter size-full wp-image-18793\" srcset=\"https:\/\/windpilot.com\/blog\/wp-content\/uploads\/2018\/11\/Dia086-20.jpg 1669w, https:\/\/windpilot.com\/blog\/wp-content\/uploads\/2018\/11\/Dia086-20-300x194.jpg 300w, https:\/\/windpilot.com\/blog\/wp-content\/uploads\/2018\/11\/Dia086-20-768x497.jpg 768w, https:\/\/windpilot.com\/blog\/wp-content\/uploads\/2018\/11\/Dia086-20-1024x663.jpg 1024w\" sizes=\"auto, (max-width: 1669px) 100vw, 1669px\" \/><\/p>\n<p>Werter Martin Birkhoff, <\/p>\n<p>Wer h\u00e4tte denn gedacht,<br \/>\ndass du sechs lange Jahre Unsinn machst?<br \/>\ndu nach konzertierter Machtergreifung<br \/>\nimmer noch den Sattel dr\u00fcckst,<br \/>\ndir deine kleine Welt immer wieder hinger\u00fcckt,<br \/>\neiner stattlichen Strecke missliebiger Vorstandshasen<br \/>\neine lange Nase gezeigt,<br \/>\nsie in den Wahn oder zur Flucht vertreibst,<br \/>\ndurch Sturheit sogar Enthusiasten in Berlin,<br \/>\ndie Nerven raubst,<br \/>\ndass sogar ex Hardcore Unterst\u00fctzer<br \/>\ndir final das Hinterteil gezeigt.<\/p>\n<p><img loading=\"lazy\" decoding=\"async\" src=\"https:\/\/windpilot.com\/blog\/wp-content\/uploads\/2018\/11\/Miki3.jpg\" alt=\"\" width=\"2592\" height=\"1944\" class=\"aligncenter size-full wp-image-18795\" srcset=\"https:\/\/windpilot.com\/blog\/wp-content\/uploads\/2018\/11\/Miki3.jpg 2592w, https:\/\/windpilot.com\/blog\/wp-content\/uploads\/2018\/11\/Miki3-300x225.jpg 300w, https:\/\/windpilot.com\/blog\/wp-content\/uploads\/2018\/11\/Miki3-768x576.jpg 768w, https:\/\/windpilot.com\/blog\/wp-content\/uploads\/2018\/11\/Miki3-1024x768.jpg 1024w\" sizes=\"auto, (max-width: 2592px) 100vw, 2592px\" \/><\/p>\n<p>Du hast vergeigt,<br \/>\nweil als Stand der Technik im TO,<br \/>\nDialog bei dir wohl nur vor dem Spiegel funktioniert<br \/>\ndem du jedwede Epiphamie stante pede selbst erkl\u00e4rst,<br \/>\ndabei, wie eine Schweizer Uhr, immer wieder gleich verf\u00e4hrst:<br \/>\nDer Souver\u00e4n ist nur wohlgelitten, solange er die Klappe h\u00e4lt<br \/>\nund als Claqueur den Platzhirsch nicht infrage stellt.<br \/>\nWir wissen: wer nicht artig ist, wird verjagt, verklagt, vertrieben,<br \/>\nkritische Masse sodann ausgesessen und zerrieben,<br \/>\nder Gesamtverein dabei mit Wucht,<br \/>\nin die Bedeutungslosigkeit getrieben.<br \/>\nDeine Masche ist dechiffriert<br \/>\nallseits bekannt, dass sie nicht funktioniert.<\/p>\n<p><img loading=\"lazy\" decoding=\"async\" src=\"https:\/\/windpilot.com\/blog\/wp-content\/uploads\/2018\/11\/crazy-boat-SV-Dinghy.jpg\" alt=\"\" width=\"800\" height=\"600\" class=\"size-full wp-image-18798\" srcset=\"https:\/\/windpilot.com\/blog\/wp-content\/uploads\/2018\/11\/crazy-boat-SV-Dinghy.jpg 800w, https:\/\/windpilot.com\/blog\/wp-content\/uploads\/2018\/11\/crazy-boat-SV-Dinghy-300x225.jpg 300w, https:\/\/windpilot.com\/blog\/wp-content\/uploads\/2018\/11\/crazy-boat-SV-Dinghy-768x576.jpg 768w\" sizes=\"auto, (max-width: 800px) 100vw, 800px\" \/><\/p>\n<p>Merkst du nix?<br \/>\nMuss man deine Nase in Fakten dr\u00fccken, wie beim Hund?<br \/>\nTr\u00e4umst du nicht im Stillen vom Ende deiner Qualen?<br \/>\nDer TO ist am Ende angekommen,<br \/>\nweil sein Vorstand im R\u00fcckstand<br \/>\neinfach nicht kapiert,<br \/>\ndass er statt F\u00fchrer<br \/>\ndoch nur der Diener ist.<br \/>\nDein kolossales Missgeschick!<\/p>\n<p><img loading=\"lazy\" decoding=\"async\" src=\"https:\/\/windpilot.com\/blog\/wp-content\/uploads\/2018\/11\/Freilauf-f\u00fcr-Hunde.jpg\" alt=\"\" width=\"2560\" height=\"1920\" class=\"aligncenter size-full wp-image-18800\" srcset=\"https:\/\/windpilot.com\/blog\/wp-content\/uploads\/2018\/11\/Freilauf-f\u00fcr-Hunde.jpg 2560w, https:\/\/windpilot.com\/blog\/wp-content\/uploads\/2018\/11\/Freilauf-f\u00fcr-Hunde-300x225.jpg 300w, https:\/\/windpilot.com\/blog\/wp-content\/uploads\/2018\/11\/Freilauf-f\u00fcr-Hunde-768x576.jpg 768w, https:\/\/windpilot.com\/blog\/wp-content\/uploads\/2018\/11\/Freilauf-f\u00fcr-Hunde-1024x768.jpg 1024w\" sizes=\"auto, (max-width: 2560px) 100vw, 2560px\" \/><\/p>\n<p>Der Laden ist ungesund im Kern, weil sein \u201eVorsteherhund\u201c<br \/>\ndie Regeln von Physik nicht zu akzeptieren scheint,<br \/>\ndass ein Schwanz mit dem Hund zu wedeln, nicht in der Lage ist.<br \/>\nOder, um das Bild nochmals zu strapazieren:<br \/>\nder Hund hier bereits weggelaufen ist,<br \/>\nderweil der Schwanz auf der B\u00fchne die Cave Man Show zelebriert.<br \/>\nDabei ungeniert<br \/>\nnur noch nach Aussenwirkung giert.<br \/>\nVermutlich weil sein H\u00f6rrohr verstopft oder verbogen ist,<br \/>\ndass er die Grabesstille nicht bemerkt,<br \/>\nweil kluge Segler \u2013 ich nenne sie das Tafelsilber \u2013 still geworden oder ausgetreten sind?<\/p>\n<p><img loading=\"lazy\" decoding=\"async\" src=\"https:\/\/windpilot.com\/blog\/wp-content\/uploads\/2018\/11\/NZ-Affen-Parlament.jpg\" alt=\"\" width=\"2036\" height=\"1229\" class=\"aligncenter size-full wp-image-18801\" srcset=\"https:\/\/windpilot.com\/blog\/wp-content\/uploads\/2018\/11\/NZ-Affen-Parlament.jpg 2036w, https:\/\/windpilot.com\/blog\/wp-content\/uploads\/2018\/11\/NZ-Affen-Parlament-300x181.jpg 300w, https:\/\/windpilot.com\/blog\/wp-content\/uploads\/2018\/11\/NZ-Affen-Parlament-768x464.jpg 768w, https:\/\/windpilot.com\/blog\/wp-content\/uploads\/2018\/11\/NZ-Affen-Parlament-1024x618.jpg 1024w\" sizes=\"auto, (max-width: 2036px) 100vw, 2036px\" \/><\/p>\n<p>Nach 50 Jahre geht der Zirkus in Cuxhaven also unverdrossen immer weiter.<br \/>\nWie in alten Tagen<br \/>\nist in panischen K\u00fcstenlagen<br \/>\nnur noch die nackte Selbstdarstellung wichtig.<br \/>\nDenn neuerdings werden Heroen sogar importiert<br \/>\nqua Dolmetscher von Verlags Autoren pr\u00e4sentiert<br \/>\nvon hungrigen Kameras sodann abgeschossen und pr\u00e4miiert,<br \/>\num unbefleckte Beitragszahler anzulocken,<br \/>\ndoch bitte bei einem Wasserkopf anzudocken<br \/>\nder den L\u00f6wenteil des Budgets subito vor Ort verbr\u00e4t<br \/>\nwobei man, ganz wie Rumpelstilzchen, im Stillen hofft,  dass keiner merkt,<br \/>\nwelchem Popanz die Neulinge aufgesessen sind,<br \/>\neinem Vereinsgebilde, das ihnen Luft verkauft,<br \/>\nmit Stander drauf.<\/p>\n<p><img loading=\"lazy\" decoding=\"async\" src=\"https:\/\/windpilot.com\/blog\/wp-content\/uploads\/2018\/11\/P1030615.jpg\" alt=\"\" width=\"2560\" height=\"1920\" class=\"aligncenter size-full wp-image-18802\" srcset=\"https:\/\/windpilot.com\/blog\/wp-content\/uploads\/2018\/11\/P1030615.jpg 2560w, https:\/\/windpilot.com\/blog\/wp-content\/uploads\/2018\/11\/P1030615-300x225.jpg 300w, https:\/\/windpilot.com\/blog\/wp-content\/uploads\/2018\/11\/P1030615-768x576.jpg 768w, https:\/\/windpilot.com\/blog\/wp-content\/uploads\/2018\/11\/P1030615-1024x768.jpg 1024w\" sizes=\"auto, (max-width: 2560px) 100vw, 2560px\" \/><\/p>\n<p>Dein General Irrtum!<br \/>\nSegler sind schlau, denn sonst h\u00e4tten sie kein Schiff,<br \/>\nweil das mit Hartz 4 nicht zu erwerben ist.<br \/>\nOder h\u00e4ltst Du Segler generell f\u00fcr dumm?<br \/>\nDein Bild ist falsch<br \/>\nmit dem Du den Turn Around zu schaffen glaubst,<br \/>\nweil der Ruf des Vereins im Eimer ist,<br \/>\nweil du deinem Souver\u00e4n den Respekt verweigerst,<br \/>\nweil du zu viele Scherben hinterlassen hast<br \/>\nweil die Vergangenheit lebendig bleibt<br \/>\nweil Erinnerungen sich eingegraben haben<br \/>\nweil deine Untaten unvergessen bleiben.<br \/>\nIch wiederhole mich gern:<br \/>\nMartin, so ward\u00b4 dat nix!<\/p>\n<p><img loading=\"lazy\" decoding=\"async\" src=\"https:\/\/windpilot.com\/blog\/wp-content\/uploads\/2018\/11\/20180929_184847.jpeg\" alt=\"\" width=\"1280\" height=\"720\" class=\"aligncenter size-full wp-image-18804\" srcset=\"https:\/\/windpilot.com\/blog\/wp-content\/uploads\/2018\/11\/20180929_184847.jpeg 1280w, https:\/\/windpilot.com\/blog\/wp-content\/uploads\/2018\/11\/20180929_184847-300x169.jpeg 300w, https:\/\/windpilot.com\/blog\/wp-content\/uploads\/2018\/11\/20180929_184847-768x432.jpeg 768w, https:\/\/windpilot.com\/blog\/wp-content\/uploads\/2018\/11\/20180929_184847-1024x576.jpeg 1024w\" sizes=\"auto, (max-width: 1280px) 100vw, 1280px\" \/><\/p>\n<blockquote class=\"wp-embedded-content\" data-secret=\"6RaDrVoTmL\"><p><a href=\"https:\/\/windpilot.com\/blog\/trans-ocean-news\/2017-labskaus-mafia\/\">2017 Labskaus Mafia<\/a><\/p><\/blockquote>\n<p><iframe loading=\"lazy\" class=\"wp-embedded-content\" sandbox=\"allow-scripts\" security=\"restricted\" style=\"position: absolute; visibility: hidden;\" title=\"&#8222;2017 Labskaus Mafia&#8220; &#8212; Windpilot Blog\" src=\"https:\/\/windpilot.com\/blog\/trans-ocean-news\/2017-labskaus-mafia\/embed\/#?secret=EOASB1uCUa#?secret=6RaDrVoTmL\" data-secret=\"6RaDrVoTmL\" width=\"600\" height=\"338\" frameborder=\"0\" marginwidth=\"0\" marginheight=\"0\" scrolling=\"no\"><\/iframe><\/p>\n<p>Im internen TO-Forum herrscht bleierne Totenstille. Umso ersch\u00fctternder der vermutlich einzige Beitrag in 2018:<\/p>\n<blockquote><p>Inzwischen wurde das Strafverfahren gegen Luetgebrune u.a. nach \u00a7 154 StPO eingestellt.<br \/>\nF\u00fcr Nicht-Juristen: es liegt inzwischen eine rechtskr\u00e4ftige Verurteilung des Angeklagten in einer anderen Strafsache vor, der gegen\u00fcber die im aktuellen Verfahren zu erwartende Verurteilung strafrechtlich nicht mehr ins Gewicht f\u00e4llt.<br \/>\nWas das andere Strafverfahren war, konnte ich noch nicht herausfinden &#8211; vermute aber Insolvenzstraftaten.<br \/>\nDamit ist das Thema Krankenversicherung \/ Drifter \/ Luetgebrune straf- und zivilrechtlich abschliessend aufgearbeitet.<br \/>\nMit diesem Abschluss ist auch mein Engagement in dieser Sache und in TO nach >30 Jahren Mitgliedschaft beendet.<\/p><\/blockquote>\n<p>Mir zugetragen von einem langj\u00e4hrigen Weltumsegler mit den Worten:<\/p>\n<blockquote><p>Der Verein TO ist aus unserer Gedankenwelt verschwunden.<\/p><\/blockquote>\n<p><img loading=\"lazy\" decoding=\"async\" src=\"https:\/\/windpilot.com\/blog\/wp-content\/uploads\/2018\/11\/20180929_184834.jpeg\" alt=\"\" width=\"1280\" height=\"720\" class=\"aligncenter size-full wp-image-18805\" srcset=\"https:\/\/windpilot.com\/blog\/wp-content\/uploads\/2018\/11\/20180929_184834.jpeg 1280w, https:\/\/windpilot.com\/blog\/wp-content\/uploads\/2018\/11\/20180929_184834-300x169.jpeg 300w, https:\/\/windpilot.com\/blog\/wp-content\/uploads\/2018\/11\/20180929_184834-768x432.jpeg 768w, https:\/\/windpilot.com\/blog\/wp-content\/uploads\/2018\/11\/20180929_184834-1024x576.jpeg 1024w\" sizes=\"auto, (max-width: 1280px) 100vw, 1280px\" \/><\/p>\n<blockquote class=\"wp-embedded-content\" data-secret=\"Uqx89JHNET\"><p><a href=\"https:\/\/windpilot.com\/blog\/blog\/columns\/deutsch-to-weckruf-oder-schlafgesang\/\">Trans Ocean &#8211; Weckruf oder Schlummerlied?<\/a><\/p><\/blockquote>\n<p><iframe loading=\"lazy\" class=\"wp-embedded-content\" sandbox=\"allow-scripts\" security=\"restricted\" style=\"position: absolute; visibility: hidden;\" title=\"&#8222;Trans Ocean &#8211; Weckruf oder Schlummerlied?&#8220; &#8212; Windpilot Blog\" src=\"https:\/\/windpilot.com\/blog\/blog\/columns\/deutsch-to-weckruf-oder-schlafgesang\/embed\/#?secret=9kWItVW8s3#?secret=Uqx89JHNET\" data-secret=\"Uqx89JHNET\" width=\"600\" height=\"338\" frameborder=\"0\" marginwidth=\"0\" marginheight=\"0\" scrolling=\"no\"><\/iframe><\/p>\n<p>Als engagierter Chronist sind seit meinem 1. Blog nun sieben Jahre vergangen. Ich bin aufgestanden, meine Meinung zu artikulieren, wobei sich die gewaltige Tragweite der Vereinstrag\u00f6die erst langsam aus dem Nebel sch\u00e4len sollte.<\/p>\n<p>Wie h\u00e4tte ich ahnen k\u00f6nnen, dass ich weitere 80 Blogs zu verfassen h\u00e4tte, um dem K\u00fcstennebel ein skurriles Vereinsgebilde zu entrreissen, mit Worten zu umfassen zu versuchen, was schon fr\u00fch von beredter Stelle wie folgt beschrieben wurde:<\/p>\n<p><strong>Zitat: Uwe Janssen, Stellvertretender Chefredakteur Yacht <\/strong><\/p>\n<blockquote><p>Inhaltlich und ob seines Niveaus \u2013 unwesentlich \u00fcber der Grasnarbe \u2013 war der lange g\u00e4rende Zwist in der Hochseesegler-Vereinigung Trans-Ocean (TO) bis vor wenigen Tagen keinerlei Erw\u00e4hnung wert. \u00d6des Vereinsgemeier, R\u00e4nkespielchen hier und Vorw\u00fcrfe dort, der dilettantische Vorstand, keine Kommunikation, kurz: ganz das \u00dcbliche \u2013 Disput gewordene Langeweile, ein laues L\u00fcftchen im Wasserglas, nicht interessanter als die erbitterte Auseinandersetzung \u00fcber Ruhezeiten im Kleingartenverein \u201eMeine liebe Scholle\u201c.<\/p><\/blockquote>\n<p>Ein Mann mit Weitsicht, wenn man ihn falsch verstehen wollte, denn diese Beschreibung wurde damals vermutlich als veritable Nebelkerze formuliert, um ein heisses Thema in den Nebel zur\u00fcck zu zw\u00e4ngen, hoffend, dass man abseits \u00f6ffentlichen Interesses, im engen Schulterschluss mit einem strammen Neu-Vorstand, vermutlich \u201ebesondere Verlagsinteressen\u201c durchsetzen k\u00f6nne. Erkennbar hat das nicht geklappt, weshalb die Aussage heute fast schmerzhaft voll ins Schwarze trifft. Wer h\u00e4tte das gedacht? Oder hatte der Mann die richtigen Visionen?<\/p>\n<p><img loading=\"lazy\" decoding=\"async\" src=\"https:\/\/windpilot.com\/blog\/wp-content\/uploads\/2018\/11\/Goofy-Pauke.jpg\" alt=\"\" width=\"2334\" height=\"1746\" class=\"aligncenter size-full wp-image-18816\" srcset=\"https:\/\/windpilot.com\/blog\/wp-content\/uploads\/2018\/11\/Goofy-Pauke.jpg 2334w, https:\/\/windpilot.com\/blog\/wp-content\/uploads\/2018\/11\/Goofy-Pauke-300x224.jpg 300w, https:\/\/windpilot.com\/blog\/wp-content\/uploads\/2018\/11\/Goofy-Pauke-768x575.jpg 768w, https:\/\/windpilot.com\/blog\/wp-content\/uploads\/2018\/11\/Goofy-Pauke-1024x766.jpg 1024w\" sizes=\"auto, (max-width: 2334px) 100vw, 2334px\" \/><\/p>\n<p>F\u00fcr mich birgt das Duett von Vorstand und Verlag, Parallelen zum Rattenf\u00e4nger von Hameln, allerdings ohne Tiere, die lieber ihrer eigenen Wege gehen, weil sie erkannt, dass der Mann, ausser der Fl\u00f6te in der Hand, weiter nix in den Taschen hat. <\/p>\n<p>Der Flurschaden in der Segelgemeinde mit blauen Tr\u00e4ume, ist hingegen nicht zu \u00fcbersehen, weil sie in den Regen geschoben wurden und werden &#8230; still geworden und sich eine andere Heimat zu suchen haben, weil einige Damen und Herren den Wald vor lauter B\u00e4umen zu sehen, weder bereit noch in der Lage sind, oder weil sie von der Magie eigener Verlautbarungen dahingerafft, berauscht oder meschugge geworden sind.<\/p>\n<p>Oder handelt es sich in Cuxhaven um eine Fata Morgana?<\/p>\n<p>Sinniert<br \/>\nPeter Foerthmann<br \/>\n06.11.2018<\/p>\n","protected":false},"excerpt":{"rendered":"<p>TRANS-OCEAN.E.V. &#8211; 50 JAHRE STILLSTAND Werter Martin Birkhoff, Wer h\u00e4tte denn gedacht, dass du sechs lange Jahre Unsinn machst? du nach konzertierter Machtergreifung immer noch den Sattel dr\u00fcckst, dir deine kleine Welt immer wieder hinger\u00fcckt, einer stattlichen Strecke missliebiger Vorstandshasen &hellip; <a href=\"https:\/\/windpilot.com\/blog\/trans-ocean-news\/50-jahre-stillstand\/\">Weiterlesen <span class=\"meta-nav\">&rarr;<\/span><\/a><\/p>\n","protected":false},"author":1,"featured_media":0,"parent":5076,"menu_order":21,"comment_status":"open","ping_status":"closed","template":"","meta":{"footnotes":""},"class_list":["post-18791","page","type-page","status-publish","hentry"],"_links":{"self":[{"href":"https:\/\/windpilot.com\/blog\/wp-json\/wp\/v2\/pages\/18791","targetHints":{"allow":["GET"]}}],"collection":[{"href":"https:\/\/windpilot.com\/blog\/wp-json\/wp\/v2\/pages"}],"about":[{"href":"https:\/\/windpilot.com\/blog\/wp-json\/wp\/v2\/types\/page"}],"author":[{"embeddable":true,"href":"https:\/\/windpilot.com\/blog\/wp-json\/wp\/v2\/users\/1"}],"replies":[{"embeddable":true,"href":"https:\/\/windpilot.com\/blog\/wp-json\/wp\/v2\/comments?post=18791"}],"version-history":[{"count":14,"href":"https:\/\/windpilot.com\/blog\/wp-json\/wp\/v2\/pages\/18791\/revisions"}],"predecessor-version":[{"id":33505,"href":"https:\/\/windpilot.com\/blog\/wp-json\/wp\/v2\/pages\/18791\/revisions\/33505"}],"up":[{"embeddable":true,"href":"https:\/\/windpilot.com\/blog\/wp-json\/wp\/v2\/pages\/5076"}],"wp:attachment":[{"href":"https:\/\/windpilot.com\/blog\/wp-json\/wp\/v2\/media?parent=18791"}],"curies":[{"name":"wp","href":"https:\/\/api.w.org\/{rel}","templated":true}]}}