{"id":19087,"date":"2018-12-26T01:17:37","date_gmt":"2018-12-26T08:17:37","guid":{"rendered":"https:\/\/windpilot.com\/blog\/?page_id=19087"},"modified":"2018-12-26T02:49:40","modified_gmt":"2018-12-26T09:49:40","slug":"servicewueste-deutschland","status":"publish","type":"page","link":"https:\/\/windpilot.com\/blog\/columns\/sozial-oder-nicht\/servicewueste-deutschland\/","title":{"rendered":"Servicew\u00fcste GER"},"content":{"rendered":"<p><strong>FREMDFIRMEN TAGESPAUSCHALE GETARNT ALS FALLE<\/strong><\/p>\n<p><img loading=\"lazy\" decoding=\"async\" src=\"https:\/\/windpilot.com\/blog\/wp-content\/uploads\/2018\/12\/4-P-kL.jpg\" alt=\"\" width=\"3224\" height=\"2046\" class=\"aligncenter size-full wp-image-19099\" srcset=\"https:\/\/windpilot.com\/blog\/wp-content\/uploads\/2018\/12\/4-P-kL.jpg 3224w, https:\/\/windpilot.com\/blog\/wp-content\/uploads\/2018\/12\/4-P-kL-300x190.jpg 300w, https:\/\/windpilot.com\/blog\/wp-content\/uploads\/2018\/12\/4-P-kL-768x487.jpg 768w, https:\/\/windpilot.com\/blog\/wp-content\/uploads\/2018\/12\/4-P-kL-1024x650.jpg 1024w\" sizes=\"auto, (max-width: 3224px) 100vw, 3224px\" \/><\/p>\n<p>Wenn ich nach 43 Jahren in meiner windigen Pilotenfurche, schon erheblich ergraut, nicht nur in den Haaren, sondern auch an Erfahrungen, im Verlauf der Jahre viele witzige, humorvolle Geschichten verdichtet und aufgeschrieben habe, mir dadurch Lebenserfahrungen Haufen weise zusammen gekehrt bzw. gesammelt habe, so sind es stets menschliche Geschichten, die als Mistverst\u00e4ndnisse getarnt, unterschiedliche Meinungen offenlegen, derweil sie als spitze Ellenbogen pl\u00f6tzlich vor der Nase liegen. Wer sich nicht wehrt, der lebt verkehrt, dieser Spruch ist Oma\u00b4s Kaffeesatz, wenn es mal wieder kracht und keiner lacht, weil der Humor wieder mal keine \u00dcberstunden macht.<\/p>\n<p>Bei Frauen werde ich schwach. Das war gestern, denn seit jener Schicksals vollen Begebenheit auf den Stegen in Las Palmas, als mich die englische Skipperin einer veritablen Yacht, mit dem Glas Champagner in Obacht, mich angelegentlich und in ssteiffem English distinguiert aufgefordert hatte, unter Deck doch bitte auch nochmal den Motor\u00f6lstand zu kontrollieren, derweil ich am Heck nur an der Heckverzierung schrauben wollte, hat es in meinem Kopf KRAWUMMM gemacht! Respektvoller Umgang r\u00fcckt seither zunehmend immer mehr in meine Lebensmitte, wird er verweigert, werde ich st\u00f6rrisch \u2026 ganz wie der Esel \u2026 ohne Worte. IAAAA!<\/p>\n<p><img loading=\"lazy\" decoding=\"async\" class=\"aligncenter size-full wp-image-19090\" src=\"https:\/\/windpilot.com\/blog\/wp-content\/uploads\/2018\/12\/IMG_1023.jpg\" alt=\"\" width=\"1512\" height=\"2016\" srcset=\"https:\/\/windpilot.com\/blog\/wp-content\/uploads\/2018\/12\/IMG_1023.jpg 1512w, https:\/\/windpilot.com\/blog\/wp-content\/uploads\/2018\/12\/IMG_1023-225x300.jpg 225w, https:\/\/windpilot.com\/blog\/wp-content\/uploads\/2018\/12\/IMG_1023-768x1024.jpg 768w\" sizes=\"auto, (max-width: 1512px) 100vw, 1512px\" \/><\/p>\n<p>Nein, ein Prinzipienreiter bin ich nicht, ich kenne meine Pflichten, versuche mein eigenes Regelwerk zu finden, ohne mich daran sklavisch zu binden, um mein schlingerndes Lebensschiff nicht auf das n\u00e4chste Menschen Riff zu setzen. Meine Kolumnen Peter und der Markt sind voller selbsterlebter Geschichten, die ich heute selber kaum glauben mag, obgleich ich sie erlebt, bezahlt und Analyse technisch verdaut und verarbeitet habe, ganz ohne in Stundens\u00e4tzen an der Kasse zu bezahlen. MERKE: In einer guten Partnerschaft \u2013 muss ja nicht gleich zwingend die Ehe sein \u2013 ist P\u00fcschoanal\u00fcse ein Kollateral Bonbon, den man als laufendes Autoupdate auf zwei entz\u00fcckenden Beinen immer an der Seite haben kann \u2013 zumindest wenn das Paar paarweise funktioniert. Der Blick wird dann zwingend stetig sch\u00e4rfer, ergo die Sicht auf den Horizont freier, weil nicht mehr so viele Menschen quer im Wege stehen. Eine Lebensweisheit, bei der falsche Freunde schnell im Regen stehen, weil sie gescannt, enttarnt, ihren Sand f\u00fcrderhin nur noch ins eigene Lebens Getriebe zu streuen, in der Lage sind. Lebensweisheit, selbst entdeckt!<\/p>\n<p><img loading=\"lazy\" decoding=\"async\" class=\"aligncenter size-full wp-image-19092\" src=\"https:\/\/windpilot.com\/blog\/wp-content\/uploads\/2018\/12\/IMG_0637-Kopie.jpeg\" alt=\"\" width=\"1280\" height=\"960\" srcset=\"https:\/\/windpilot.com\/blog\/wp-content\/uploads\/2018\/12\/IMG_0637-Kopie.jpeg 1280w, https:\/\/windpilot.com\/blog\/wp-content\/uploads\/2018\/12\/IMG_0637-Kopie-300x225.jpeg 300w, https:\/\/windpilot.com\/blog\/wp-content\/uploads\/2018\/12\/IMG_0637-Kopie-768x576.jpeg 768w, https:\/\/windpilot.com\/blog\/wp-content\/uploads\/2018\/12\/IMG_0637-Kopie-1024x768.jpeg 1024w\" sizes=\"auto, (max-width: 1280px) 100vw, 1280px\" \/><\/p>\n<p>Wobei meine Frau und ich gemeinsam jederzeit unsere Regeln \u00fcber den Haufen werfen, wenn uns danach ist. Zwei Beispiele kommen mir dabei sofort in den Sinn. Beide Male haben Damen unser System korrumpiert.<\/p>\n<p><img loading=\"lazy\" decoding=\"async\" class=\"aligncenter size-full wp-image-19091\" src=\"https:\/\/windpilot.com\/blog\/wp-content\/uploads\/2018\/12\/DSC03428.jpeg\" alt=\"\" width=\"1280\" height=\"853\" srcset=\"https:\/\/windpilot.com\/blog\/wp-content\/uploads\/2018\/12\/DSC03428.jpeg 1280w, https:\/\/windpilot.com\/blog\/wp-content\/uploads\/2018\/12\/DSC03428-300x200.jpeg 300w, https:\/\/windpilot.com\/blog\/wp-content\/uploads\/2018\/12\/DSC03428-768x512.jpeg 768w, https:\/\/windpilot.com\/blog\/wp-content\/uploads\/2018\/12\/DSC03428-1024x682.jpeg 1024w\" sizes=\"auto, (max-width: 1280px) 100vw, 1280px\" \/><\/p>\n<p>Die spannende Geschichte der rothaarigen Pistenlilli aus Tirol, Stephanie Seifert AT, die auf dem Wasser ganz besondere Erfahrung machen wollte, ist in diesem Blog nachzulesen. Stephanie kam zu uns, sah\u00b4 und besiegte unsere Herzen im Handumdrehen, wir haben am gleichen Tag das Heck ihrer Makaio zu Dritt perforiert. Ihre Erlebnisse wurden k\u00fcrzlich zu einem Bestseller verdichtet, der in Talkshows von der grossen Blonden mit den weit aufgerissenen Augen beworben wurde. Allerdings wurden Namen im Buch ganz konsequent ausgewechselt, nur der Name der Windsteueranlage nicht. Im Buch heisse ich darum J\u00f6rn und meine Frau Carlotta.<\/p>\n<p><img loading=\"lazy\" decoding=\"async\" class=\"aligncenter size-full wp-image-19093\" src=\"https:\/\/windpilot.com\/blog\/wp-content\/uploads\/2018\/12\/IMG_0582-Kopie.jpeg\" alt=\"\" width=\"1278\" height=\"960\" srcset=\"https:\/\/windpilot.com\/blog\/wp-content\/uploads\/2018\/12\/IMG_0582-Kopie.jpeg 1278w, https:\/\/windpilot.com\/blog\/wp-content\/uploads\/2018\/12\/IMG_0582-Kopie-300x225.jpeg 300w, https:\/\/windpilot.com\/blog\/wp-content\/uploads\/2018\/12\/IMG_0582-Kopie-768x577.jpeg 768w, https:\/\/windpilot.com\/blog\/wp-content\/uploads\/2018\/12\/IMG_0582-Kopie-1024x769.jpeg 1024w\" sizes=\"auto, (max-width: 1278px) 100vw, 1278px\" \/><\/p>\n<p>Mit Astrid Lingnau lag die Sache \u00e4hnlich, wenngleich ohne Bestseller, wobei der weitere Verlauf sich enorm unterscheiden sollte. Auch Astrid ist auf unseren Hof gefahren, hat unsere Menschlichkeit erobert und gekobert, sodass wir uns entschlossen haben, mit ihr gemeinsam die vier Angst erregenden L\u00f6cher in ihren Achtersteven zu bohren, den vom Schiff nat\u00fcrlich, falls hier jemand eingeschlafen sein sollte.<\/p>\n<p><img loading=\"lazy\" decoding=\"async\" class=\"aligncenter size-full wp-image-19095\" src=\"https:\/\/windpilot.com\/blog\/wp-content\/uploads\/2018\/12\/IMG_0555-Kopie.jpeg\" alt=\"\" width=\"1280\" height=\"960\" srcset=\"https:\/\/windpilot.com\/blog\/wp-content\/uploads\/2018\/12\/IMG_0555-Kopie.jpeg 1280w, https:\/\/windpilot.com\/blog\/wp-content\/uploads\/2018\/12\/IMG_0555-Kopie-300x225.jpeg 300w, https:\/\/windpilot.com\/blog\/wp-content\/uploads\/2018\/12\/IMG_0555-Kopie-768x576.jpeg 768w, https:\/\/windpilot.com\/blog\/wp-content\/uploads\/2018\/12\/IMG_0555-Kopie-1024x768.jpeg 1024w\" sizes=\"auto, (max-width: 1280px) 100vw, 1280px\" \/><\/p>\n<p>Ein kleiner Ausflug an die K\u00fcste ist Zucker f\u00fcr die Seele, vor allem, wenn man nach einem langen Winter die grausame See lange nicht mehr gesehen hat. Wer h\u00e4tte denn ahnen k\u00f6nnen, dass der Schnee waagerecht zwischen den Schiffen flitzen sollte? Zum Gl\u00fcck brauchte es nur wenige Minuten, um vier L\u00f6cher zu bohren und so konnten wir uns schnell wieder ins warme Auto fl\u00fcchten.<\/p>\n<p>Unser Freundschaftsdienst allerdings bekam eine besondere W\u00fcrze, als wir Tage sp\u00e4ter, eine Rechnung \u00fcber \u20ac 200,00 zzgl. Mwst erhielten, wir somit f\u00fcr das Bohren pro Loch \u20ac 50,00 als sog. Fremdfirmen Tagespauschale bezahlen sollten, wohlgemerkt f\u00fcr einen privaten Besuch, der dem Hafenmeister angek\u00fcndigt wurde.<\/p>\n<p>Es entwickelte sich ein vergn\u00fcglicher Schriftwechsel, dessen Inhalt aus Gr\u00fcnden der R\u00fccksichtnahme auf lebendige Homunkulusse hier anonymisiert wiedergegeben wird, was die Lekt\u00fcre hoffentlich nicht schm\u00e4lert.<\/p>\n<p><strong>AUS DER SERVICEW\u00dcSTE DEUTSCHE K\u00dcSTE<\/strong><\/p>\n<p>Peter Foerthmann:<\/p>\n<blockquote><p>Geehrte Werftleitung,<br \/>\nIhre Rechnung empfand ich bereits als verwunderlich, weil sie weder sachlich noch inhaltlich zutreffend ist. Ihre Mahnung empfinde ich gar als Chuzpe &#8230; und ist Grund f\u00fcr diese Zeilen.<\/p>\n<p>Zur Klarstellung: wenn Sie eine private freundschaftliche Geste als Grund zur Rechnung Stellung einer Fremdfirmen Tagespauschale verwenden, w\u00e4re ein entsprechender Hinweis Ihres Hafenmeister sinnvoll gewesen, zumal er vor Ort gewesen ist, um Ratschl\u00e4ge zu geben.<\/p>\n<p>So jedenfalls wird die Werbe Etikette von Segler\u00b4s Freunden zur Farce. Der Rechnung Stellung wird hiermit widersprochen.<\/p>\n<p>mit leicht irritiertem Gruss<br \/>\nPeter Foerthmann<\/p><\/blockquote>\n<p>Die Replik erfolgte stantepede:<\/p>\n<blockquote><p>Sehr geehrter Herr Foerthmann,<br \/>\nvielen Dank f\u00fcr Ihre freundlichen Zeilen.<br \/>\nSie haben unser privates Werft Gel\u00e4nde betreten und um dort arbeiten aus zu f\u00fchren. Wie es allgemein \u00fcblich ist, meldet man sich in solchen f\u00e4llen pers\u00f6nlich an.<br \/>\nWie Sie unserem Namen entnehmen k\u00f6nnen besch\u00e4ftigen wir uns als Werft mit allen Angelegenheiten rund ums Boot. So auch mit der Montage von Windfahnensteuerungen.<br \/>\nVerst\u00e4ndlicher Weise leben wir nicht von Fremdfirmen, die auf unserem Grund und Boden Montagen vor nehmen.<br \/>\nDa Ihnen vorher bewusst war, dass Sie zu uns kommen werden, w\u00e4re es Ihre Plicht gewesen uns in Kenntnis zu setzen und sich nach den \u00f6rtlichen Gepflogenheiten zu erkundigen. Dies ist unabh\u00e4ngig davon, ob Sie von einem meiner Mitarbeiter am Tag der Montage gesehen worden sind. Schon gar nicht entbindet Sie das von der Verpflichtung sich an zu melden.<br \/>\nWas w\u00fcrden Sie davon halten, wenn ich in Ihrem Vorgarten meinen Limonadenverkaufswagen aufstelle und Limonade verkaufe. Dann w\u00fcrden Sie mit Sicherheit das Argument, Ihre Frau hat doch gesehen, wie wir aufgebaut haben, wieso schreiben Sie mir jetzt eine Rechnung?<br \/>\nBitte verstehen Sie uns nicht falsch, aber wir m\u00fcssen die Arbeitspl\u00e4tze unserer Mitarbeiter sch\u00fctzen. Des Weiteren arbeiten wir in vielen Bereichen, sehr erfolgreich mit Fremdfirmen zusammen.<\/p>\n<p>Wenn wir zum Beispiel in der Ancora Marina oder in der Baltic Bay arbeiten, m\u00fcssen wir uns jedes Mal anmelden und auch dort eine Pauschale entrichten.<\/p>\n<p>Zur Farce wurde das Ganze, nach dem wir die Anlage bei Ihnen angefragt hatten und Sie dann anschlie\u00dfend die Windfahne direkt an den Endverbraucher verkauften.<\/p>\n<p>Da Ihnen diese branchen\u00fcblichen Umgangsformen nicht gel\u00e4ufig scheinen, sollten Sie sich hier besser vorab informieren. Sollten Sie wieder einmal die Absicht haben, auf unserem Gel\u00e4nde Montage vor zu nehmen, m\u00f6chte ich Sie bitten, sich pers\u00f6nlich mit ausreichend Vorlauf bei uns an zu melden.<\/p>\n<p>Die Rechnung hat Bestand und ist umgehend zu bezahlen. Ihnen einen sch\u00f6nen Wochenstart.<\/p>\n<p>Mit freundlichen Gr\u00fc\u00dfen<br \/>\nyours sincerely<br \/>\nWerftleitung Unterschrift<\/p><\/blockquote>\n<p>Die Korrespondenz entwickelte sich stetig weiter:<\/p>\n<blockquote><p>Moin Herr \u2026.,<br \/>\nich erkenne, dass wir auf unterschiedlichen Verst\u00e4ndnis Inseln leben, alternativ Ihr Schreibtisch zu weit entfernt ist von den Gegebenheiten auf Ihrem Hafengel\u00e4nde, darum in Stichworten:<\/p>\n<p>Frau L&#8230; hatte beim Hafenmeister das Kommen von Freunden angek\u00fcndigt &#8211; das waren meine Frau und ich.<\/p>\n<p>Ein Lieferanfrage f\u00fcr eine N&#8230;. haben wir nicht erhalten, statt einer Farce also eine Fata Morgana?<\/p>\n<p>Wenn Ihr Hafenchef uns dann aufkl\u00e4rt, dass er das System NEBEN die Badeleiter, anstatt mittig montiert h\u00e4tte &#8230;. kann man die Eignerin nur begl\u00fcckw\u00fcnschen, dass sie Freunde hatte, die dies verhindert haben.<\/p>\n<p>Das Ganze hat weder mit Limonade noch mit branchen\u00fcblichen Umgangsformen zu tun, es ist, mit Verlaub, ein Offenbarungseid den Seglern und Kunden gegen\u00fcber, die hier in die F\u00e4nge von Service Unternehmen geraten, die die Beze\u00edchnung von Seglers Freunden irgendwie Mist verstanden haben.<\/p>\n<p>mit freundlichem Gruss<br \/>\nPeter Foerthmann<\/p><\/blockquote>\n<p>Gefolgt von einem Hausverbot als drakonische Strafe:<\/p>\n<blockquote><p>Sehr geehrter Herr Foerthmann,<br \/>\nzwischen uns liegen Welten. Wir versuchen Ihnen sachlich zu erkl\u00e4ren, warum wir mit fremden Firmen (freunde haben wir auch \u00fcberall) so verfahren. Kommen Sie einfach nicht zu uns, dann m\u00fcssen Sie sich auch nicht an unsere Regeln halten. Sie sind zu uns gekommen.<br \/>\nIhre pers\u00f6nlichen und unqualifizierten Bemerkungen senken h\u00f6chsten Ihr Niveau \u00e4ndern aber nichts an den Tatschen.<\/p>\n<p>Sie k\u00f6nnen doch gern bei Ihrem Standpunkt bleiben und die Rechnung, die Sie ja nun zweifelsfrei erhalten haben, nicht bezahlen. Diese durchl\u00e4uft bei uns einen Automatismus und landet am Ende in der Rechtsabteilung.<\/p>\n<p>Wir m\u00f6chten Sie noch bitten davon Abstand zu nehmen unser Firmengel\u00e4nde erneut zu betreten. Ich erteile Ihnen hiermit Hausverbot.<\/p>\n<p>Mit freundlichen Gr\u00fc\u00dfen<br \/>\nyours sincerely<br \/>\nWerftleitung Unterschrift<\/p><\/blockquote>\n<p>Am Ende Ratlosigkeit, Resignation und Verzweiflung:<\/p>\n<blockquote><p>Verehrte Werftleitung,<br \/>\nein Schriftwechsel mit Unterhaltungswert, weil ein Werftinhaber sich hier coram publico blamiert und mit stolz geschwellter Brust &#8211; allerdings ohne es selbst zu merken &#8211; seinen Limonadenwagen auf\u00b4s Abstellgleis laviert &#8211; weil ihm Begriffe wie Nivau vermutlich fremd &#8211; Vorsicht: kein Schreibfehler! &#8211; er sich am Ende ohne Hemd, Hose oder Ehre, in seinem Hafen voller Leere, wieder findet, um zu erkennen, dass \u201eSeglers Freunde\u201c nur eine Camouflage gewesen ist, derweil kluge Segler reihenweise abgehauen sind, bevor sie infolge von Automatismus Ihrer Rechtsabteilung als Futter zum Fra\u00dfe vorgeworfen werden.<\/p>\n<p>Nee Herr &#8230;: so ward\u00b4 dat nix!<\/p>\n<p>Habe die Ehre &#8211; lieber nicht &#8211; so bleibt mir am Ende nur, Ihre Rechnung in der Anlage zur Entlastung zur\u00fcck zu senden, und in Zukunft ein toxisches Hafen Gel\u00e4nde zu umfahren &#8230;<\/p>\n<p>yours sincerely, allerdings nur, um Ihren Zynismus zu zitieren &#8230;<br \/>\nPeter Foerthmann<\/p><\/blockquote>\n<p>Nun bleibt mir am Ende nur, den Leuten von TOM TOM den dezenten Hinweis zu geben, das betreffende Hafengel\u00e4nde bitte als Sperrzone f\u00fcr freundliche Besuche unter Seglern zu schraffieren, weil man dort ansonsten nolens volens virtuell in Ketten gelegt oder von Rechnungen verfolgt wird, wenn man zuf\u00e4llig in der falschen Branche sein Geld verdient.<\/p>\n<p>Eine X-Mas Geschichte der besonderen Art, aufgeschrieben von<br \/>\nPeter Foerthmann<\/p>\n","protected":false},"excerpt":{"rendered":"<p>FREMDFIRMEN TAGESPAUSCHALE GETARNT ALS FALLE Wenn ich nach 43 Jahren in meiner windigen Pilotenfurche, schon erheblich ergraut, nicht nur in den Haaren, sondern auch an Erfahrungen, im Verlauf der Jahre viele witzige, humorvolle Geschichten verdichtet und aufgeschrieben habe, mir dadurch &hellip; <a href=\"https:\/\/windpilot.com\/blog\/columns\/sozial-oder-nicht\/servicewueste-deutschland\/\">Weiterlesen <span class=\"meta-nav\">&rarr;<\/span><\/a><\/p>\n","protected":false},"author":1,"featured_media":0,"parent":13656,"menu_order":17,"comment_status":"open","ping_status":"closed","template":"","meta":{"footnotes":""},"class_list":["post-19087","page","type-page","status-publish","hentry"],"_links":{"self":[{"href":"https:\/\/windpilot.com\/blog\/wp-json\/wp\/v2\/pages\/19087","targetHints":{"allow":["GET"]}}],"collection":[{"href":"https:\/\/windpilot.com\/blog\/wp-json\/wp\/v2\/pages"}],"about":[{"href":"https:\/\/windpilot.com\/blog\/wp-json\/wp\/v2\/types\/page"}],"author":[{"embeddable":true,"href":"https:\/\/windpilot.com\/blog\/wp-json\/wp\/v2\/users\/1"}],"replies":[{"embeddable":true,"href":"https:\/\/windpilot.com\/blog\/wp-json\/wp\/v2\/comments?post=19087"}],"version-history":[{"count":8,"href":"https:\/\/windpilot.com\/blog\/wp-json\/wp\/v2\/pages\/19087\/revisions"}],"predecessor-version":[{"id":19101,"href":"https:\/\/windpilot.com\/blog\/wp-json\/wp\/v2\/pages\/19087\/revisions\/19101"}],"up":[{"embeddable":true,"href":"https:\/\/windpilot.com\/blog\/wp-json\/wp\/v2\/pages\/13656"}],"wp:attachment":[{"href":"https:\/\/windpilot.com\/blog\/wp-json\/wp\/v2\/media?parent=19087"}],"curies":[{"name":"wp","href":"https:\/\/api.w.org\/{rel}","templated":true}]}}