{"id":19331,"date":"2019-01-30T08:19:32","date_gmt":"2019-01-30T15:19:32","guid":{"rendered":"https:\/\/windpilot.com\/blog\/?page_id=19331"},"modified":"2019-05-30T02:09:51","modified_gmt":"2019-05-30T09:09:51","slug":"sv-mammut-jean-luc-van-den-heede-fr","status":"publish","type":"page","link":"https:\/\/windpilot.com\/blog\/golden-globe-race\/die-segler\/sv-mammut-jean-luc-van-den-heede-fr\/","title":{"rendered":"Jean Luc VD Heede"},"content":{"rendered":"<p><strong>SV MATMUT &#8211; ANKUNFT LES SABLES IM JANUARREGEN<\/strong><\/p>\n<p><img loading=\"lazy\" decoding=\"async\" class=\"aligncenter size-full wp-image-19333\" src=\"https:\/\/windpilot.com\/blog\/wp-content\/uploads\/2019\/01\/IMG_2299-e1548860349604.jpg\" alt=\"\" width=\"1288\" height=\"966\" srcset=\"https:\/\/windpilot.com\/blog\/wp-content\/uploads\/2019\/01\/IMG_2299-e1548860349604.jpg 1288w, https:\/\/windpilot.com\/blog\/wp-content\/uploads\/2019\/01\/IMG_2299-e1548860349604-300x225.jpg 300w, https:\/\/windpilot.com\/blog\/wp-content\/uploads\/2019\/01\/IMG_2299-e1548860349604-768x576.jpg 768w, https:\/\/windpilot.com\/blog\/wp-content\/uploads\/2019\/01\/IMG_2299-e1548860349604-1024x768.jpg 1024w\" sizes=\"auto, (max-width: 1288px) 100vw, 1288px\" \/>Moin Moin Peter,<\/p>\n<div class=\"\">hier ist der Ben von den Sailing Conductors!<\/div>\n<div class=\"\">Da ich im Moment gespannt das Golden Globe Race verfolge und ja gerade sowieso in der Bretagne wohne, war es f\u00fcr mich nur eine halbt\u00e4gige, 54 Seemeilen Segelboot-Reise (Ok Mist, es war eine Stunde mit dem Auto\u2026) bis nach\u00a0Les Sables d\u2019Olonne. Ich hatte gehofft, dich da anzutreffen, aber ich verstehe\u2026 von Hamburg aus h\u00e4tte das mit dem Boot bestimmt eine gute Woche gedauert (bei gutem Wind!)\u2026 Trotzdem habe ich euch vermisst und m\u00f6chte Marzena und dir hiermit gerne ein paar kleine Eindr\u00fccke von diesem Event zuschicken \ud83d\ude42<\/div>\n<div class=\"\"><\/div>\n<div class=\"\">Ich habe schon zu oft \u201cDeep Water\u201d gesehen, den Dokumentarfilm \u00fcber das \u201cSunday Times Golden Globe Race\u201d von 1968. Eigentlich ist es der einzige Film, der eine lebenslange Aufenthaltsgenehmigung auf meinem Laptop besitzt. Es ist die wahnsinnige (und leider auch tragische) Geschichte \u00fcber das erste Einhand-Nonstop-Around the World-Rennen, wo auch Bernard Moitessier auf seiner ber\u00fchmten Joshua mitgemacht hat und auch gewonnen h\u00e4tte, w\u00e4re er nicht kurz vor dem Ziel falsch abgebogen und auf Tahiti gelandet\u2026 Gewonnen hat dann Robin Knox-Johnston mit seiner h\u00f6lzernen knapp 10m langen &#8222;Suhaili&#8220;.<\/div>\n<div class=\"\"><\/div>\n<div class=\"\"><img loading=\"lazy\" decoding=\"async\" class=\"aligncenter size-full wp-image-19335\" src=\"https:\/\/windpilot.com\/blog\/wp-content\/uploads\/2019\/01\/IMG_2119.jpg\" alt=\"\" width=\"2016\" height=\"1512\" srcset=\"https:\/\/windpilot.com\/blog\/wp-content\/uploads\/2019\/01\/IMG_2119.jpg 2016w, https:\/\/windpilot.com\/blog\/wp-content\/uploads\/2019\/01\/IMG_2119-300x225.jpg 300w, https:\/\/windpilot.com\/blog\/wp-content\/uploads\/2019\/01\/IMG_2119-768x576.jpg 768w, https:\/\/windpilot.com\/blog\/wp-content\/uploads\/2019\/01\/IMG_2119-1024x768.jpg 1024w\" sizes=\"auto, (max-width: 2016px) 100vw, 2016px\" \/>Jetzt, genau 50 Jahre sp\u00e4ter sollte das gleiche Spektakel noch mal stattfinden &#8211; das Golden Globe Race 2018. Gleiche Regeln wie damals: Zugelassen sind nur ein Sextant und ne Kiste mit Rum. Keine modernen elektronischen Navigationsger\u00e4te, kein GPS, nichts. Spannend, oder? Ich muss sagen, ich habe schon das ein oder andere Mal dr\u00fcber nachgedacht, ob ich nicht vielleicht auch\u2026 Naja.<\/div>\n<div class=\"\"><\/div>\n<div class=\"\"><img loading=\"lazy\" decoding=\"async\" class=\"aligncenter size-full wp-image-19339\" src=\"https:\/\/windpilot.com\/blog\/wp-content\/uploads\/2019\/01\/IMG_2286.jpeg\" alt=\"\" width=\"1280\" height=\"960\" srcset=\"https:\/\/windpilot.com\/blog\/wp-content\/uploads\/2019\/01\/IMG_2286.jpeg 1280w, https:\/\/windpilot.com\/blog\/wp-content\/uploads\/2019\/01\/IMG_2286-300x225.jpeg 300w, https:\/\/windpilot.com\/blog\/wp-content\/uploads\/2019\/01\/IMG_2286-768x576.jpeg 768w, https:\/\/windpilot.com\/blog\/wp-content\/uploads\/2019\/01\/IMG_2286-1024x768.jpeg 1024w\" sizes=\"auto, (max-width: 1280px) 100vw, 1280px\" \/>Gestern (20.01.19) um 9 Uhr sollte jetzt der diesj\u00e4hrige Gewinner, der Franzose Jean-Luc Van Den Heede in\u00a0Les Sables d\u2019Olonne einlaufen. Klar musste ich da dabei sein (und mir vielleicht schon mal ein paar Tipps f\u00fcr das n\u00e4chste Rennen in 50 Jahren sichern!). Leider war das Wetter eher mittelm\u00e4\u00dfig, nicht w\u00fcrdig einem Weltumsegler, der nach ziemlich genau 7 Monaten endlich wieder trockenen (oder nassen?) Boden unter den F\u00fc\u00dfen sp\u00fcren sollte. Ich war \u00fcberfr\u00fch da, hatte zum Gl\u00fcck dran gedacht mir eine Thermoskanne Kaffee mitzunehmen, und schlurfte damit so feucht-fr\u00f6hlich am Kai entlang, zwischen den anderen Zuschauern hindurch, die augenscheinlich noch fr\u00fcher aufgestanden waren als ich und es noch weniger aushalten konnten, endlich diesen Jean-Luc am Horizont ausfindig zu machen. Ihre eigene Thermoskanne mit Kaffee hatten sie allerdings wohl vergessen in der Eile herzukommen, gen\u00fc\u00dflich bemerkte ich, dass ich der einzige war mit was warmem braunen zwischen den H\u00e4nden und ein paar neidische Blicke auf mich fielen. Sonst bin ich immer derjenige mit den neidischen Blicken&#8230;<\/div>\n<div class=\"\"><\/div>\n<div class=\"\"><img loading=\"lazy\" decoding=\"async\" class=\"aligncenter size-full wp-image-19334\" src=\"https:\/\/windpilot.com\/blog\/wp-content\/uploads\/2019\/01\/IMG_2116.jpeg\" alt=\"\" width=\"1280\" height=\"960\" srcset=\"https:\/\/windpilot.com\/blog\/wp-content\/uploads\/2019\/01\/IMG_2116.jpeg 1280w, https:\/\/windpilot.com\/blog\/wp-content\/uploads\/2019\/01\/IMG_2116-300x225.jpeg 300w, https:\/\/windpilot.com\/blog\/wp-content\/uploads\/2019\/01\/IMG_2116-768x576.jpeg 768w, https:\/\/windpilot.com\/blog\/wp-content\/uploads\/2019\/01\/IMG_2116-1024x768.jpeg 1024w\" sizes=\"auto, (max-width: 1280px) 100vw, 1280px\" \/>Ich war kurz irritiert, als ich an einigen alten Kanonen vorbeilief (was hatten sie vor???), war dann aber beruhigt, da der Gewinner ja schlie\u00dflich Franzose war\u00a0und nicht Deutscher oder gar Engl\u00e4nder. Wo ist jetzt der beste Platz zum Winken? Je weiter ich Richtung Leuchtturm schlenderte, desto mehr Menschen standen mir im Weg. Ich goss mir gerade noch eine dritte Tasse Kaffee ein, als mein Blick auf eine Leiter fiel, die auf eine Mauer \u00fcberhalb der Menschenmassen f\u00fchrte. Mit dem Becher zwischen den Z\u00e4hnen nahm ich die rostigen Sprossen in die Hand und wagte den Aufstieg. Niemand schien mich dabei zu beobachten. Direkt vor mir dann der sch\u00f6ne Leuchtturm. Auf einem Schild stand irgendwas von \u201cInterdit\u201d\u2026 aber ich konnte die Bedeutung nicht ganz entziffern.. Also vorbei. Und jetzt stand ich ganz alleine auf dem Logenplatz, hatte besten Ausblick \u00fcber das Meer, den Horizont und den P\u00f6bel.<\/div>\n<div class=\"\"><b class=\"\">\u00a0<\/b><\/div>\n<div class=\"\"><img loading=\"lazy\" decoding=\"async\" class=\"aligncenter size-full wp-image-19336\" src=\"https:\/\/windpilot.com\/blog\/wp-content\/uploads\/2019\/01\/IMG_2152.jpg\" alt=\"\" width=\"2016\" height=\"1512\" srcset=\"https:\/\/windpilot.com\/blog\/wp-content\/uploads\/2019\/01\/IMG_2152.jpg 2016w, https:\/\/windpilot.com\/blog\/wp-content\/uploads\/2019\/01\/IMG_2152-300x225.jpg 300w, https:\/\/windpilot.com\/blog\/wp-content\/uploads\/2019\/01\/IMG_2152-768x576.jpg 768w, https:\/\/windpilot.com\/blog\/wp-content\/uploads\/2019\/01\/IMG_2152-1024x768.jpg 1024w\" sizes=\"auto, (max-width: 2016px) 100vw, 2016px\" \/>So eine Ankunftsfeier ist schon irgendwie eine z\u00e4he Sache. Ganz besonders bei Regen, Wind und K\u00e4lte. Von dem Zeitpunkt an, wenn man endlich freudig den Gewinner-Segler am Horizont ausmachen kann, bis zu dem Moment, an dem die gesamte Kolonne endlich an dir vorbei f\u00e4hrt, k\u00f6nnen schon gut 90 Minuten vergehen. Getr\u00f6te, Winken, Bravo-Schreie, dann ist sie auch schon vorbei. Und so richtig viel sehen ist dann auch nicht drin, trotz Logenplatz\u2026<\/div>\n<div class=\"\"><\/div>\n<div class=\"\"><img loading=\"lazy\" decoding=\"async\" class=\"aligncenter size-full wp-image-19337\" src=\"https:\/\/windpilot.com\/blog\/wp-content\/uploads\/2019\/01\/IMG_2271.jpeg\" alt=\"\" width=\"1280\" height=\"960\" srcset=\"https:\/\/windpilot.com\/blog\/wp-content\/uploads\/2019\/01\/IMG_2271.jpeg 1280w, https:\/\/windpilot.com\/blog\/wp-content\/uploads\/2019\/01\/IMG_2271-300x225.jpeg 300w, https:\/\/windpilot.com\/blog\/wp-content\/uploads\/2019\/01\/IMG_2271-768x576.jpeg 768w, https:\/\/windpilot.com\/blog\/wp-content\/uploads\/2019\/01\/IMG_2271-1024x768.jpeg 1024w\" sizes=\"auto, (max-width: 1280px) 100vw, 1280px\" \/>Dann geht die 20-min\u00fctige Pilgerreise in die Marina, wo\u00a0Jean-Luc Van Den Heede endlich das erste Mal von Bord steigen kann, wenn er denn vorbeigelassen wird von den vielen Reportern und der Menschentraube, die alle einen genauen Blick auf den Skipper und sein kleines, mit Seegras bewachsenes Boot \u201cMatmut&#8220;, eine Rustler 36, erhaschen wollen. Der starke Geruch von Seewasser aus allen Weltmeeren steigt einem in die Nase, der Beweis f\u00fcr seine Leistung &#8211; dieser Mann ist die definitiv um die Welt gesegelt. Kurz kommt mir noch in den Sinn, auch an der internationalen Auswahl von Barnacles zu lutschen, um die Echtheit der Weltumsegelung zu \u00fcberpr\u00fcfen, lasse aber dann doch von dem Gedanken ab\u2026 Wieder denke ich dr\u00fcber nach, wie es wohl sein muss, auf diesem Boot knapp 7 Monate am St\u00fcck ungem\u00fctlich leben zu m\u00fcssen, mit sehr wenig Schlaf, oft durchgefroren und dank starkem Wellengang nicht selten unf\u00e4hig einen Kaffee zu kochen, oder gar eine warme Malzeit. Ich wei\u00df etwa, wie sich das anf\u00fchlt, da ich ja gerade selber mit meiner \u201cMarianne\u201d (30 Fu\u00df Vollkieler von 1976) 9 Tage lang von Bergen, Norwegen nach Le Havre in Frankreich gesegelt bin. 6 Tage davon bei (nur) etwa 30 Knoten und nat\u00fcrlich wie immer gegenan. Ich will nicht wissen, wie sich das anf\u00fchlt bei 50 Knoten plus! Ich lag jedenfalls die 6 Tage nur d\u00f6send in der Koje, zu fertig, um zu lesen oder gro\u00df was zu essen. Also 9 Tage allein unterwegs war schon eine tolle Herausforderung, aber Lust auf noch mindestens 202 weitere Tage davon? (211 Tage hat Jean-Luc insgesamt gebraucht. Der letzte Segler trifft eventuell irgendwann im Mai ein) Mmmm, ich \u00fcberlege mir das noch mal\u2026<\/div>\n<div class=\"\"><\/div>\n<div class=\"\"><img loading=\"lazy\" decoding=\"async\" class=\"aligncenter size-full wp-image-19338\" src=\"https:\/\/windpilot.com\/blog\/wp-content\/uploads\/2019\/01\/IMG_2268.jpeg\" alt=\"\" width=\"1280\" height=\"960\" srcset=\"https:\/\/windpilot.com\/blog\/wp-content\/uploads\/2019\/01\/IMG_2268.jpeg 1280w, https:\/\/windpilot.com\/blog\/wp-content\/uploads\/2019\/01\/IMG_2268-300x225.jpeg 300w, https:\/\/windpilot.com\/blog\/wp-content\/uploads\/2019\/01\/IMG_2268-768x576.jpeg 768w, https:\/\/windpilot.com\/blog\/wp-content\/uploads\/2019\/01\/IMG_2268-1024x768.jpeg 1024w\" sizes=\"auto, (max-width: 1280px) 100vw, 1280px\" \/>Und jetzt ist er endlich auf der B\u00fchne und l\u00e4sst sich feiern! Der Franzose\u00a0Jean-Luc Van Den Heede hat als erster die Nonstop-Einhand-Weltumsegelung des Golden Globe Races geschafft. Und das mit 73 Jahren!!! Unglaublich. Respekt. Was ein Typ. Und jetzt steht er ganz l\u00e4ssig da oben auf der B\u00fchne und man sieht es ihm \u00fcberhaupt nicht an, was er gerade geleistet hat. Also ob er noch nie etwas anderes gemacht hat in seinem Leben. Na gut, er wackelt vielleicht etwas hin und her beim Gehen, aber ansonsten sieht er fit und frisch aus. Ein \u00dcbermensch. So will ich auch mal sein irgendwann. Aber ich h\u00e4tte wahrscheinlich heulend und stotternd vor Emotionen auf der B\u00fchne gestanden und w\u00e4re dann wahrscheinlich fr\u00fcher oder sp\u00e4ter zusammengebrochen\u2026 Jean-Luc ist aber nicht ganz allein da oben auf der B\u00fchne &#8211; ich bin ganz aufgeregt, als pl\u00f6tzlich auch Sir Robin Knox-Johnston auf die B\u00fchne gerufen wird! Waaas? Wahnsinn!!! Der Gewinner des \u201cSunday Times Golden Globe Race\u201d von 1968 ist auch da und erh\u00e4lt mindestens genau so viel Beifall wie der diesj\u00e4hrige Gewinner. Schon lustig &#8211; Robin Knox-Johnston ist jetzt 79 Jahre alt,\u00a0Jean-Luc Van Den Heede ist 73 Jahre. Also, eigentlich h\u00e4tte Robin doch dieses Rennen auch wieder mitmachen k\u00f6nnen, um seinen Titel zu verteidigen, oder? Naja, wir wollen es ihm nachsehen, ich wei\u00df auch gar nicht, ob seine h\u00f6lzerne \u201cSuhaili&#8220; noch viel Lust drauf gehabt h\u00e4tte. Und ohne die w\u00e4re er bestimmt nicht angetreten.<\/div>\n<div class=\"\"><\/div>\n<div class=\"\">Ach Peter, nass, kalt und windig war es gestern, aber ein echt sch\u00f6nes Erlebnis! Nur ihr habt gefehlt! Aber versprich mir\u2026 in 50 Jahren seid ihr dabei! \ud83d\ude42<\/div>\n<div class=\"\">Ahoi und ganz herzliche Gr\u00fc\u00dfe aus der sch\u00f6nen Bretagne sendet euch,<\/div>\n<div class=\"\">euer Ben<\/div>\n","protected":false},"excerpt":{"rendered":"<p>SV MATMUT &#8211; ANKUNFT LES SABLES IM JANUARREGEN Moin Moin Peter, hier ist der Ben von den Sailing Conductors! Da ich im Moment gespannt das Golden Globe Race verfolge und ja gerade sowieso in der Bretagne wohne, war es f\u00fcr &hellip; <a href=\"https:\/\/windpilot.com\/blog\/golden-globe-race\/die-segler\/sv-mammut-jean-luc-van-den-heede-fr\/\">Weiterlesen <span class=\"meta-nav\">&rarr;<\/span><\/a><\/p>\n","protected":false},"author":1,"featured_media":0,"parent":19837,"menu_order":1,"comment_status":"open","ping_status":"closed","template":"","meta":{"footnotes":""},"class_list":["post-19331","page","type-page","status-publish","hentry"],"_links":{"self":[{"href":"https:\/\/windpilot.com\/blog\/wp-json\/wp\/v2\/pages\/19331","targetHints":{"allow":["GET"]}}],"collection":[{"href":"https:\/\/windpilot.com\/blog\/wp-json\/wp\/v2\/pages"}],"about":[{"href":"https:\/\/windpilot.com\/blog\/wp-json\/wp\/v2\/types\/page"}],"author":[{"embeddable":true,"href":"https:\/\/windpilot.com\/blog\/wp-json\/wp\/v2\/users\/1"}],"replies":[{"embeddable":true,"href":"https:\/\/windpilot.com\/blog\/wp-json\/wp\/v2\/comments?post=19331"}],"version-history":[{"count":6,"href":"https:\/\/windpilot.com\/blog\/wp-json\/wp\/v2\/pages\/19331\/revisions"}],"predecessor-version":[{"id":19347,"href":"https:\/\/windpilot.com\/blog\/wp-json\/wp\/v2\/pages\/19331\/revisions\/19347"}],"up":[{"embeddable":true,"href":"https:\/\/windpilot.com\/blog\/wp-json\/wp\/v2\/pages\/19837"}],"wp:attachment":[{"href":"https:\/\/windpilot.com\/blog\/wp-json\/wp\/v2\/media?parent=19331"}],"curies":[{"name":"wp","href":"https:\/\/api.w.org\/{rel}","templated":true}]}}