{"id":19379,"date":"2019-02-02T06:13:09","date_gmt":"2019-02-02T13:13:09","guid":{"rendered":"https:\/\/windpilot.com\/blog\/?page_id=19379"},"modified":"2019-06-03T21:03:54","modified_gmt":"2019-06-04T04:03:54","slug":"tapio-lehtinen","status":"publish","type":"page","link":"https:\/\/windpilot.com\/blog\/golden-globe-race\/die-segler\/tapio-lehtinen-2\/tapio-lehtinen\/","title":{"rendered":"Tapio &#8211; Ham Radio"},"content":{"rendered":"<p><strong>HAM RADIO &#8211; ODER DAS NADEL\u00d6HR IN FINLAND<\/strong><\/p>\n<p>https:\/\/www.facebook.com\/venemessut\/videos\/374603283122665\/UzpfSTQyMzUyODE3MTQ1MzMzNDo1ODg0NzU4OTgyOTE4OTM\/<\/p>\n<p>Die Kommunikation mit Tapio hat sich eingespielt. Wann immer Tapio Fragen hat, werden diese \u00fcber Jari Jussila , den Ham Radio Operator in Finland \u00fcbermittelt, alle Antworten sodann an Tapio vorgelesen, der jedes Gespr\u00e4ch  mit seinem Kassettenrekorder speichert, um es anschliessend niederzuschreiben. Jari Jussila\u00b4s idyllischer Arbeitsplatz ist hier zu sehen:<\/p>\n<p>&#8212;&#8212;&#8212;&#8212;&#8212;&#8212;&#8211;<\/p>\n<p><strong>BARNACLES UPDATE 800 nm WEST OF CAPE HOORN<\/strong><\/p>\n<p><img loading=\"lazy\" decoding=\"async\" class=\"aligncenter size-full wp-image-19381\" src=\"https:\/\/windpilot.com\/blog\/wp-content\/uploads\/2019\/02\/IMG_1733-Kopie.jpeg\" alt=\"\" width=\"1280\" height=\"960\" srcset=\"https:\/\/windpilot.com\/blog\/wp-content\/uploads\/2019\/02\/IMG_1733-Kopie.jpeg 1280w, https:\/\/windpilot.com\/blog\/wp-content\/uploads\/2019\/02\/IMG_1733-Kopie-300x225.jpeg 300w, https:\/\/windpilot.com\/blog\/wp-content\/uploads\/2019\/02\/IMG_1733-Kopie-768x576.jpeg 768w, https:\/\/windpilot.com\/blog\/wp-content\/uploads\/2019\/02\/IMG_1733-Kopie-1024x768.jpeg 1024w\" sizes=\"auto, (max-width: 1280px) 100vw, 1280px\" \/><\/p>\n<p>Mein Kontakt zu Tapio war von Anfang an entspannt und freundlich, wenn man davon absieht, dass manche Mails beim Dinner geschrieben wurden und ihm b\u00f6se Blicke von der Tochter eingebracht haben, die sich vermutlich ein wenig vernachl\u00e4ssigt gef\u00fchlt &#8211; oder gar neidisch gewesen ist, weil sie eben nicht die ungeteilte Aufmerksamkeit des Vaters hatte haben k\u00f6nnen. \u00a0Das h\u00f6rte sich dann so an:<\/p>\n<blockquote><p>Hi Peter, I am getting angry looks reading your mail at the dinner table at my daughters home&#8230;<\/p><\/blockquote>\n<p>Die K0mplexit\u00e4t der Herausforderungen, innerhalb von insgesamt nur ca 7 Monaten quasi einen Neubau bis zum GGR Start auf die Beine zu stellen, liess Zeit und Raum im Zeitraffer fliegen. Wir haben ca 120 Mails gewechselt. Als wir uns dann im Juni 2018 in LSO zum ersten Mal in persona einander gegen\u00fcberstanden, waren wir schon fast alte Bekannte. So hatten wir an Bord eigentlich nur noch kleine Details abzukl\u00e4ren &#8230; vor den Augen einer um Aufmerksamkeit heischenden Familie allerdings, geriet selbst das manchmal zu einem kleiner Spiessrutenlauf. Die Hektik der Tage vor dem Start war \u00fcberall zu sp\u00fcren &#8211; nur bei Tapio nicht. Die diesem Mann erkennbar inneruhende stoische Gelassenheit hat uns tief beeindruckt, weil er sich durch nichts und niemanden aus derselben hat vertreiben lassen. Ein Finne eben!<\/p>\n<p><img loading=\"lazy\" decoding=\"async\" class=\"aligncenter size-full wp-image-19389\" src=\"https:\/\/windpilot.com\/blog\/wp-content\/uploads\/2019\/02\/IMG_2409.jpeg\" alt=\"\" width=\"960\" height=\"1280\" srcset=\"https:\/\/windpilot.com\/blog\/wp-content\/uploads\/2019\/02\/IMG_2409.jpeg 960w, https:\/\/windpilot.com\/blog\/wp-content\/uploads\/2019\/02\/IMG_2409-225x300.jpeg 225w, https:\/\/windpilot.com\/blog\/wp-content\/uploads\/2019\/02\/IMG_2409-768x1024.jpeg 768w\" sizes=\"auto, (max-width: 960px) 100vw, 960px\" \/>Als wir ihm am Tag vor der Abreise einen zweiten Windpiloten sowie Ersatzteile an Bord \u00fcbergeben wollten, zuckte er nur kurz &#8230; bat uns, dar\u00fcber nachdenken zu d\u00fcrfen, weil sein Schiff bereits ohnehin jenseits jeglicher Vernunft abgeladen sei &#8230; ob er weitere 20 kg noch zu verstauen in der Lage sei. Nun ja, er hat auch daf\u00fcr noch Platz gefunden. Bei Anrufen von Tapio meldete er sich stets als &#8222;the skipper of the half sunken ship&#8220;.<\/p>\n<p><img loading=\"lazy\" decoding=\"async\" class=\"aligncenter size-full wp-image-19390\" src=\"https:\/\/windpilot.com\/blog\/wp-content\/uploads\/2019\/02\/IMG_1408.jpeg\" alt=\"\" width=\"1280\" height=\"960\" srcset=\"https:\/\/windpilot.com\/blog\/wp-content\/uploads\/2019\/02\/IMG_1408.jpeg 1280w, https:\/\/windpilot.com\/blog\/wp-content\/uploads\/2019\/02\/IMG_1408-300x225.jpeg 300w, https:\/\/windpilot.com\/blog\/wp-content\/uploads\/2019\/02\/IMG_1408-768x576.jpeg 768w, https:\/\/windpilot.com\/blog\/wp-content\/uploads\/2019\/02\/IMG_1408-1024x768.jpeg 1024w\" sizes=\"auto, (max-width: 1280px) 100vw, 1280px\" \/>Tapio hatte bis dato keinerlei Erfahrungen mit einer Windsteueranlage. Seine Lernkurve h\u00e4tte steiler kaum sein k\u00f6nnen, wobei ich immer an meinen alten Spruch denke, dass ein mechanischer Steuermann seinem Chef schon das Segeln beizubringen in der Lager ist, wenn er denn weiss, wie Schiffs Trimm funktioniert. Bei Tapio hat&#8217;s schnell geklappt, auch wenn wir auf dem ersten Teil der Reise bis Cape Town hier und da Informationen \u00fcber seinen Ham Radio Operator in Finland ausgetauscht haben, was vollkommen unproblematisch gewesen ist.<\/p>\n<p>Wie Tapio im Podcast immer wieder betonte, hat der Praxistest seines Schiffes im Verlauf der ersten 8.000 nm stattgefunden, inklusive etlicher Reparaturen, weil seine Stromversorgung immer wieder einen Haken geschlagen, und die Batteriespannung teils bis unter 8 Volt gesunken ist, er sogar in Erw\u00e4gung gezogen hatte, als &#8222;dunkles&#8220; Schiff komplett ohne Strom weiter zu segeln. Zum Gl\u00fcck hat Tapio nach intensiver Suche am Ende dann ein erforderliches Ersatzteil zur Verschraubung f\u00fcr den <a href=\"https:\/\/sailnsea.1a-shops.eu\/\">SailingGen<\/a>\u00a0aufgefunden, es hatte sich im Reserve Propeller des Generators versteckt. Damit war f\u00fcr den weiteren Verlauf der Reise die Stromversorgung sichergestellt, nachdem die Solarzellen ihren Dienst eingestellt hatten.<\/p>\n<p><iframe loading=\"lazy\" src=\"https:\/\/www.youtube.com\/embed\/xGoMfQrqWGA\" width=\"560\" height=\"315\" frameborder=\"0\" allowfullscreen=\"allowfullscreen\"><\/iframe><\/p>\n<p><strong>BARNACLES \u00dcBERALL<\/strong><\/p>\n<p>Abgesehen von Jean-Luc\u00b4s Matmut haben offenbar s\u00e4mtliche Schiffe unter starkem Bewuchs gelitten, weshalb der Stopover in Hobart sehnsuchtsvoll erwartet wurde, um sich dort der bremsenden Unterwasserlast zu entledigen. Aus Gr\u00fcnde, die im vorigen Blog beschrieben wurden, wurde Tapio als Letzter Segler &#8220; von den Hunden gebissen&#8220;, er wurde aufgefordert, seine Reise ohne S\u00e4uberung des Unterwasserschiffes fortzusetzen.<\/p>\n<p>Von diesem Tag an konnte die Welt live auf dem Tracker verfolgen, wie der ganze Rest der Segler ihm davon gesegelt ist, wohingegen die Etmale der Asteria geradezu erschreckend geringe Ergebnisse verzeichneten. Wohlgemerkt f\u00fcr ein S&amp;S 36 Schiff, das im Grunde vielen der Konkurrenten &#8222;eigentlich&#8220; \u00fcberlegen gewesen ist.<\/p>\n<p>Ich denke ich bin nicht allein mit meiner Bewunderung gilt diesen Segler, der sich mit keinem Wort \u00fcber seine missliche Lage beschwert, hingegen die Tage in der Abgeschiedenheit des S\u00fcd Pacific geniesst, was in den Podcasts Ausdruck findet.<\/p>\n<p><strong>BARNACLES GROSS WIE EIN M\u00c4NNERKOPF<\/strong><\/p>\n<p>Diese Mitteilung vor 3 Tagen hat mein Blut gefrieren lassen, denn Tapio beschrieb lediglich die Situation am Ruderblatt seiner Windpilot Pacific Anlage. Das Ruder wurde am Ende abgerissen, weil es auf Dauer diesen zus\u00e4tzlichen Belastungen nicht gewachsen war. Die besondere Enge am eleganten Heck der Asteria verhinderte das ansonsten einfache Lift-Up des Pendelruders, der Grund, warum Bewuchs vorher auch niemals hatte beseitigt werden k\u00f6nnen.<\/p>\n<p><img loading=\"lazy\" decoding=\"async\" class=\"aligncenter size-full wp-image-19393\" src=\"https:\/\/windpilot.com\/blog\/wp-content\/uploads\/2019\/02\/IMG_2015.jpeg\" alt=\"\" width=\"1280\" height=\"960\" srcset=\"https:\/\/windpilot.com\/blog\/wp-content\/uploads\/2019\/02\/IMG_2015.jpeg 1280w, https:\/\/windpilot.com\/blog\/wp-content\/uploads\/2019\/02\/IMG_2015-300x225.jpeg 300w, https:\/\/windpilot.com\/blog\/wp-content\/uploads\/2019\/02\/IMG_2015-768x576.jpeg 768w, https:\/\/windpilot.com\/blog\/wp-content\/uploads\/2019\/02\/IMG_2015-1024x768.jpeg 1024w\" sizes=\"auto, (max-width: 1280px) 100vw, 1280px\" \/>Mein Ratschlag \u00fcber Ham Radio, die komplette Anlage samt Ruder an Deck zu nehmen bzw. gegen das Neusystem unter Deck auszutauschen, wurde von Tapio stoisch erwidert:<\/p>\n<blockquote><p>We read your message to him this morning. Tapio said that he would have taken him at least two hours to find the spare Windpilot, prepare it etc.<\/p>\n<p>Tapio had used six hours to repair the Windpilot. He had to take the hydro away first etc. Eventually everything went OK and he didn&#8217;t drop a single bolt ..<br \/>\nHe did all this yesterday, as soon as he could, to have everything fixed before the storm coming.<\/p>\n<p>Tapio sent his best regards<\/p>\n<p>Jari, OH2BU<\/p><\/blockquote>\n<p>Gottseidank hat Tapio insgesamt 2 Ersatzruder an Bord, sodass er ggf. f\u00fcr weitere glitschige Unterwasser Kameraden gewappnet ist. Die Asteria befindet sich noch ca 700 nm westlich den Cape Horn, und ist wieder im normalen Rhythmus unterwegs: Essen, Schlafen, Lesen, kurze Rundg\u00e4nge ums Schiff, Segel trimmen, wechsel &#8230; und seine Gedankenreise fortzusetzen.<\/p>\n<p>Wenn Tapio dereinst am Ziel eintreffen wird, bin ich mir sicher, dass diesem stillen Heroen ein ganz besonderer Empfang zuteil sein wird.<\/p>\n<p>sinniert<\/p>\n<p>Peter Foerthmann\u00a001.02.2019<\/p>\n<blockquote class=\"wp-embedded-content\" data-secret=\"qWSopMY8OT\"><p><a href=\"https:\/\/windpilot.com\/blog\/golden-globe-race\/ggr-windpilot\/\">Faktor Mensch<\/a><\/p><\/blockquote>\n<p><iframe loading=\"lazy\" class=\"wp-embedded-content\" sandbox=\"allow-scripts\" security=\"restricted\" style=\"position: absolute; clip: rect(1px, 1px, 1px, 1px);\" title=\"&#8222;Faktor Mensch&#8220; &#8212; Windpilot Blog\" src=\"https:\/\/windpilot.com\/blog\/golden-globe-race\/ggr-windpilot\/embed\/#?secret=Lwzji11wTi#?secret=qWSopMY8OT\" data-secret=\"qWSopMY8OT\" width=\"600\" height=\"338\" frameborder=\"0\" marginwidth=\"0\" marginheight=\"0\" scrolling=\"no\"><\/iframe><\/p>\n","protected":false},"excerpt":{"rendered":"<p>HAM RADIO &#8211; ODER DAS NADEL\u00d6HR IN FINLAND https:\/\/www.facebook.com\/venemessut\/videos\/374603283122665\/UzpfSTQyMzUyODE3MTQ1MzMzNDo1ODg0NzU4OTgyOTE4OTM\/ Die Kommunikation mit Tapio hat sich eingespielt. Wann immer Tapio Fragen hat, werden diese \u00fcber Jari Jussila , den Ham Radio Operator in Finland \u00fcbermittelt, alle Antworten sodann an Tapio vorgelesen, &hellip; <a href=\"https:\/\/windpilot.com\/blog\/golden-globe-race\/die-segler\/tapio-lehtinen-2\/tapio-lehtinen\/\">Weiterlesen <span class=\"meta-nav\">&rarr;<\/span><\/a><\/p>\n","protected":false},"author":1,"featured_media":0,"parent":19610,"menu_order":0,"comment_status":"open","ping_status":"closed","template":"","meta":{"footnotes":""},"class_list":["post-19379","page","type-page","status-publish","hentry"],"_links":{"self":[{"href":"https:\/\/windpilot.com\/blog\/wp-json\/wp\/v2\/pages\/19379","targetHints":{"allow":["GET"]}}],"collection":[{"href":"https:\/\/windpilot.com\/blog\/wp-json\/wp\/v2\/pages"}],"about":[{"href":"https:\/\/windpilot.com\/blog\/wp-json\/wp\/v2\/types\/page"}],"author":[{"embeddable":true,"href":"https:\/\/windpilot.com\/blog\/wp-json\/wp\/v2\/users\/1"}],"replies":[{"embeddable":true,"href":"https:\/\/windpilot.com\/blog\/wp-json\/wp\/v2\/comments?post=19379"}],"version-history":[{"count":18,"href":"https:\/\/windpilot.com\/blog\/wp-json\/wp\/v2\/pages\/19379\/revisions"}],"predecessor-version":[{"id":20027,"href":"https:\/\/windpilot.com\/blog\/wp-json\/wp\/v2\/pages\/19379\/revisions\/20027"}],"up":[{"embeddable":true,"href":"https:\/\/windpilot.com\/blog\/wp-json\/wp\/v2\/pages\/19610"}],"wp:attachment":[{"href":"https:\/\/windpilot.com\/blog\/wp-json\/wp\/v2\/media?parent=19379"}],"curies":[{"name":"wp","href":"https:\/\/api.w.org\/{rel}","templated":true}]}}