{"id":19517,"date":"2019-03-25T09:25:18","date_gmt":"2019-03-25T16:25:18","guid":{"rendered":"https:\/\/windpilot.com\/blog\/?page_id=19517"},"modified":"2019-06-03T20:58:50","modified_gmt":"2019-06-04T03:58:50","slug":"presse-mitteilung","status":"publish","type":"page","link":"https:\/\/windpilot.com\/blog\/golden-globe-race\/die-segler\/istvan-kopar\/presse-mitteilung\/","title":{"rendered":"Frage der Ehre"},"content":{"rendered":"<p><strong>EINE FRAGE DER EHRE<\/strong><\/p>\n<p><img loading=\"lazy\" decoding=\"async\" src=\"https:\/\/windpilot.com\/blog\/wp-content\/uploads\/2019\/03\/IMG_1512.jpeg\" alt=\"\" width=\"1280\" height=\"960\" class=\"aligncenter size-full wp-image-19518\" srcset=\"https:\/\/windpilot.com\/blog\/wp-content\/uploads\/2019\/03\/IMG_1512.jpeg 1280w, https:\/\/windpilot.com\/blog\/wp-content\/uploads\/2019\/03\/IMG_1512-300x225.jpeg 300w, https:\/\/windpilot.com\/blog\/wp-content\/uploads\/2019\/03\/IMG_1512-768x576.jpeg 768w, https:\/\/windpilot.com\/blog\/wp-content\/uploads\/2019\/03\/IMG_1512-1024x768.jpeg 1024w\" sizes=\"auto, (max-width: 1280px) 100vw, 1280px\" \/><\/p>\n<p>Good morning Istvan,<br \/>\nnach 263 Tagen des Nachdenkens auf See haben auch 48 Stunden nach Ankunft in Les Sables nicht ausgereicht, Dich mit Deinem Sponsor in Verbindung zu setzen! Diese Frist haben meine Anw\u00e4lte und ich Dir \u2013 stellvertretend Ian Gumprecht, Eva Kovacz und Robert Farrelly &#8211; mit Schreiben vom 5.3.2019 gesetzt, die Dir zur Verf\u00fcgung gestellte Ausr\u00fcstung an uns zu retournieren. Bei Facebook ist nachzulesen, dass Du es vorgezogen hast, Les Sables  \u201ein a hurry\u201c zu verlassen. Zeitgleich ist von Don McIntyre zu erfahren, dass dein Schiff nun zum Verkauf angeboten wird. <\/p>\n<p><img loading=\"lazy\" decoding=\"async\" src=\"https:\/\/windpilot.com\/blog\/wp-content\/uploads\/2019\/03\/IMG_2181.jpeg\" alt=\"\" width=\"1280\" height=\"960\" class=\"aligncenter size-full wp-image-19519\" srcset=\"https:\/\/windpilot.com\/blog\/wp-content\/uploads\/2019\/03\/IMG_2181.jpeg 1280w, https:\/\/windpilot.com\/blog\/wp-content\/uploads\/2019\/03\/IMG_2181-300x225.jpeg 300w, https:\/\/windpilot.com\/blog\/wp-content\/uploads\/2019\/03\/IMG_2181-768x576.jpeg 768w, https:\/\/windpilot.com\/blog\/wp-content\/uploads\/2019\/03\/IMG_2181-1024x768.jpeg 1024w\" sizes=\"auto, (max-width: 1280px) 100vw, 1280px\" \/><\/p>\n<p>Da Du den direkten Kontakt zu mir seit dem Start in LSO verweigerst, hier meine Gedanken als offene Adresse.<\/p>\n<p>Die technische Seite an Bord der Puffin habe ich verdeutlicht, siehe unten.<\/p>\n<p>Die menschliche Seite unseres Zusammentreffens werde ich als Erfahrung der unglaublichen Art unter Sunk Cost Fallacy aus meiner Erinnerung tilgen, zu entschuldigen ist Dein Verhalten keinesfalls, denn Du hast Grenzen \u00fcberschritten und Respekt vermissen lassen. Dein Psychogramm ist in unz\u00e4hligen Podcasts verewigt. <\/p>\n<p><img loading=\"lazy\" decoding=\"async\" src=\"https:\/\/windpilot.com\/blog\/wp-content\/uploads\/2019\/03\/IMG_2161.jpeg\" alt=\"\" width=\"1280\" height=\"960\" class=\"aligncenter size-full wp-image-19520\" srcset=\"https:\/\/windpilot.com\/blog\/wp-content\/uploads\/2019\/03\/IMG_2161.jpeg 1280w, https:\/\/windpilot.com\/blog\/wp-content\/uploads\/2019\/03\/IMG_2161-300x225.jpeg 300w, https:\/\/windpilot.com\/blog\/wp-content\/uploads\/2019\/03\/IMG_2161-768x576.jpeg 768w, https:\/\/windpilot.com\/blog\/wp-content\/uploads\/2019\/03\/IMG_2161-1024x768.jpeg 1024w\" sizes=\"auto, (max-width: 1280px) 100vw, 1280px\" \/><\/p>\n<p>Nun ist der Spuk vorbei!  Zur Kl\u00e4rung offen bleibt, was in Deiner Welt vermutlich einzig wichtig ist, denn Du hast auf der Pressekonferenz bereits offenbart:<strong> Money talks!<\/strong> Das sagt ein Mann, der offenbar nicht verstanden hat, dass es Wichtigeres gibt, als die Reduzierung auf den Schmierstoff, den er \u00fcber <a href=\"https:\/\/www.gofundme.com\/racetheworld\">eigenes Fundraising<\/a> von $ 25 040.00 selbst erhoben hat, um sich der Welt als Hero der Sonderklasse zu pr\u00e4sentieren.<\/p>\n<p><img loading=\"lazy\" decoding=\"async\" src=\"https:\/\/windpilot.com\/blog\/wp-content\/uploads\/2019\/03\/IMG_2176.jpeg\" alt=\"\" width=\"1280\" height=\"960\" class=\"aligncenter size-full wp-image-19521\" srcset=\"https:\/\/windpilot.com\/blog\/wp-content\/uploads\/2019\/03\/IMG_2176.jpeg 1280w, https:\/\/windpilot.com\/blog\/wp-content\/uploads\/2019\/03\/IMG_2176-300x225.jpeg 300w, https:\/\/windpilot.com\/blog\/wp-content\/uploads\/2019\/03\/IMG_2176-768x576.jpeg 768w, https:\/\/windpilot.com\/blog\/wp-content\/uploads\/2019\/03\/IMG_2176-1024x768.jpeg 1024w\" sizes=\"auto, (max-width: 1280px) 100vw, 1280px\" \/><\/p>\n<p>F\u00fcr mich ist es eine Frage der Ehre, meine Ausr\u00fcstung von Dir zur\u00fcck zu erhalten, denn Du hast daf\u00fcr weder bezahlt noch geleistet, hingegen einem Mann, der Dir weit \u00fcber jede Grenze Vertrauen entgegen gebracht hat, einen spektakul\u00e4r unsch\u00f6nen B\u00e4rendienst erwiesen, einen B\u00e4ren, dem Don und seine Presse Unterst\u00fctzer \u2013 wider besseren Wissen! &#8211; mit Wonne Fl\u00fcgel angeschraubt haben, um der Welt eine ganz eigent\u00fcmliche Sicht auf den Markt der \u201eFlip-Flop-Vane\u201c zu unterbreiten.<\/p>\n<p>Ich kann mir nur w\u00fcnschen, dass kritische Journalisten nun anfangen, auch kritische Fragen zu stellen, damit die Thematik der Windsteuer Systeme endlich von Mythen und Vorurteilen befreit, endlich wichtige Fakten auch zu Leserk\u00f6pfen weiter transportiert werden.<\/p>\n<p>Mein Blog vom <a href=\"https:\/\/windpilot.com\/blog\/golden-globe-race\/antoine-cousot-istvan-kopar\/\">Schwarzen Peter am 16.Juli 2018<\/a> ist deutlich. Ich hatte gehofft, dass Du oder Dein Team meine Botschaft verstehen w\u00fcrde. Du hast das Pferd weiter zu Tode geritten, anstatt aufzuwachen und die Verantwortung f\u00fcr Deine Planungsfehler selbst zu \u00fcbernehmen. Istvan, es ist Zeit, dies nun nachzuholen! So viel Ehre sollte Dir wichtig sein!<\/p>\n<p><img loading=\"lazy\" decoding=\"async\" src=\"https:\/\/windpilot.com\/blog\/wp-content\/uploads\/2019\/03\/IMG_2191.jpeg\" alt=\"\" width=\"1280\" height=\"960\" class=\"aligncenter size-full wp-image-19522\" srcset=\"https:\/\/windpilot.com\/blog\/wp-content\/uploads\/2019\/03\/IMG_2191.jpeg 1280w, https:\/\/windpilot.com\/blog\/wp-content\/uploads\/2019\/03\/IMG_2191-300x225.jpeg 300w, https:\/\/windpilot.com\/blog\/wp-content\/uploads\/2019\/03\/IMG_2191-768x576.jpeg 768w, https:\/\/windpilot.com\/blog\/wp-content\/uploads\/2019\/03\/IMG_2191-1024x768.jpeg 1024w\" sizes=\"auto, (max-width: 1280px) 100vw, 1280px\" \/><\/p>\n<p>Abgesehen von der in die USA gelieferten Windpilot Anlage, habe ich Dir in Les Sables &#8211; genau wie Abhilash, Igor, Antoine und Tapio \u2013 viele Ersatzteile inklusive einer kompletten Windpilot Anlage leihweise zur Verf\u00fcgung gestellt, just in case, um Dir, vier anderen GGR Kameraden und mir selbst zu ruhigem Schlaf zu verhelfen. Eine vertrauensvolle Geste ganz ohne Vertrag oder Unterschrift. Du vermittelst den Eindruck, dass Du neun Monate stets von Hand gesteuert hast! Ein Spagat, der nach Aufkl\u00e4rung verlangt, weil selbst ein ultra tougher US Amerikaner mit ungarischen Wurzeln und \u00fcbersinnlichen Kr\u00e4ften, zudem im Race Modus unterwegs, monatelang hat auf See schlafen m\u00fcssen \u2026 nur: wer hat denn dann gesteuert? Hast Du da nicht etwas vergessen? Am Heck der Puffin und auf dem Steg in LSO jedenfalls, sind zwei gesunde Windpilot Steuersklaven zu erkennen.<\/p>\n<p><img loading=\"lazy\" decoding=\"async\" src=\"https:\/\/windpilot.com\/blog\/wp-content\/uploads\/2019\/03\/IMG_2786.jpeg\" alt=\"\" width=\"1280\" height=\"960\" class=\"aligncenter size-full wp-image-19523\" srcset=\"https:\/\/windpilot.com\/blog\/wp-content\/uploads\/2019\/03\/IMG_2786.jpeg 1280w, https:\/\/windpilot.com\/blog\/wp-content\/uploads\/2019\/03\/IMG_2786-300x225.jpeg 300w, https:\/\/windpilot.com\/blog\/wp-content\/uploads\/2019\/03\/IMG_2786-768x576.jpeg 768w, https:\/\/windpilot.com\/blog\/wp-content\/uploads\/2019\/03\/IMG_2786-1024x768.jpeg 1024w\" sizes=\"auto, (max-width: 1280px) 100vw, 1280px\" \/><\/p>\n<p>Ein rechtlicher Hinweis sei hier gestattet: die Windpilot Ausr\u00fcstung auf der Puffin befindet sich in meinem Eigentum, das nicht an einen K\u00e4ufer des Schiffes \u00fcbergehen kann.<\/p>\n<p>Hamburg den 24.03.2019<br \/>\nPeter Foerthmann<\/p>\n<blockquote class=\"wp-embedded-content\" data-secret=\"YFoHS783QX\"><p><a href=\"https:\/\/windpilot.com\/blog\/golden-globe-race\/die-segler\/istvan-kopar\/istvan-psychogramm\/\">Istvan Psychogramm<\/a><\/p><\/blockquote>\n<p><iframe loading=\"lazy\" class=\"wp-embedded-content\" sandbox=\"allow-scripts\" security=\"restricted\" style=\"position: absolute; clip: rect(1px, 1px, 1px, 1px);\" title=\"&#8222;Istvan Psychogramm&#8220; &#8212; Windpilot Blog\" src=\"https:\/\/windpilot.com\/blog\/golden-globe-race\/die-segler\/istvan-kopar\/istvan-psychogramm\/embed\/#?secret=EbqFNtON5P#?secret=YFoHS783QX\" data-secret=\"YFoHS783QX\" width=\"600\" height=\"338\" frameborder=\"0\" marginwidth=\"0\" marginheight=\"0\" scrolling=\"no\"><\/iframe><\/p>\n<blockquote class=\"wp-embedded-content\" data-secret=\"8eiF0giv7W\"><p><a href=\"https:\/\/windpilot.com\/blog\/golden-globe-race\/windv-striptease\/don-mcintyre-ggr\/\">Windv. Striptease #1<\/a><\/p><\/blockquote>\n<p><iframe loading=\"lazy\" class=\"wp-embedded-content\" sandbox=\"allow-scripts\" security=\"restricted\" style=\"position: absolute; clip: rect(1px, 1px, 1px, 1px);\" title=\"&#8222;Windv. Striptease #1&#8220; &#8212; Windpilot Blog\" src=\"https:\/\/windpilot.com\/blog\/golden-globe-race\/windv-striptease\/don-mcintyre-ggr\/embed\/#?secret=TN8cyr265P#?secret=8eiF0giv7W\" data-secret=\"8eiF0giv7W\" width=\"600\" height=\"338\" frameborder=\"0\" marginwidth=\"0\" marginheight=\"0\" scrolling=\"no\"><\/iframe><\/p>\n","protected":false},"excerpt":{"rendered":"<p>EINE FRAGE DER EHRE Good morning Istvan, nach 263 Tagen des Nachdenkens auf See haben auch 48 Stunden nach Ankunft in Les Sables nicht ausgereicht, Dich mit Deinem Sponsor in Verbindung zu setzen! Diese Frist haben meine Anw\u00e4lte und ich &hellip; <a href=\"https:\/\/windpilot.com\/blog\/golden-globe-race\/die-segler\/istvan-kopar\/presse-mitteilung\/\">Weiterlesen <span class=\"meta-nav\">&rarr;<\/span><\/a><\/p>\n","protected":false},"author":1,"featured_media":0,"parent":20015,"menu_order":2,"comment_status":"open","ping_status":"closed","template":"","meta":{"footnotes":""},"class_list":["post-19517","page","type-page","status-publish","hentry"],"_links":{"self":[{"href":"https:\/\/windpilot.com\/blog\/wp-json\/wp\/v2\/pages\/19517","targetHints":{"allow":["GET"]}}],"collection":[{"href":"https:\/\/windpilot.com\/blog\/wp-json\/wp\/v2\/pages"}],"about":[{"href":"https:\/\/windpilot.com\/blog\/wp-json\/wp\/v2\/types\/page"}],"author":[{"embeddable":true,"href":"https:\/\/windpilot.com\/blog\/wp-json\/wp\/v2\/users\/1"}],"replies":[{"embeddable":true,"href":"https:\/\/windpilot.com\/blog\/wp-json\/wp\/v2\/comments?post=19517"}],"version-history":[{"count":5,"href":"https:\/\/windpilot.com\/blog\/wp-json\/wp\/v2\/pages\/19517\/revisions"}],"predecessor-version":[{"id":20025,"href":"https:\/\/windpilot.com\/blog\/wp-json\/wp\/v2\/pages\/19517\/revisions\/20025"}],"up":[{"embeddable":true,"href":"https:\/\/windpilot.com\/blog\/wp-json\/wp\/v2\/pages\/20015"}],"wp:attachment":[{"href":"https:\/\/windpilot.com\/blog\/wp-json\/wp\/v2\/media?parent=19517"}],"curies":[{"name":"wp","href":"https:\/\/api.w.org\/{rel}","templated":true}]}}