{"id":19571,"date":"2019-04-28T06:42:59","date_gmt":"2019-04-28T13:42:59","guid":{"rendered":"https:\/\/windpilot.com\/blog\/?page_id=19571"},"modified":"2019-09-10T02:01:00","modified_gmt":"2019-09-10T09:01:00","slug":"istvan-kopar-alias-pinocchio","status":"publish","type":"page","link":"https:\/\/windpilot.com\/blog\/golden-globe-race\/die-segler\/istvan-kopar\/istvan-kopar-alias-pinocchio\/","title":{"rendered":"Istvan \u2013 Pinocchio"},"content":{"rendered":"<p><strong>DIE LETZTE FINTE &#8211; UNTERHALB DER G\u00dcRTELLINIE<\/strong><br \/>\n<img loading=\"lazy\" decoding=\"async\" src=\"https:\/\/windpilot.com\/blog\/wp-content\/uploads\/2019\/09\/WU-Ankunft-Kopie-1-1024x702.jpg\" alt=\"\" width=\"640\" height=\"439\" class=\"aligncenter size-large wp-image-20305\" srcset=\"https:\/\/windpilot.com\/blog\/wp-content\/uploads\/2019\/09\/WU-Ankunft-Kopie-1-1024x702.jpg 1024w, https:\/\/windpilot.com\/blog\/wp-content\/uploads\/2019\/09\/WU-Ankunft-Kopie-1-300x206.jpg 300w, https:\/\/windpilot.com\/blog\/wp-content\/uploads\/2019\/09\/WU-Ankunft-Kopie-1-768x526.jpg 768w, https:\/\/windpilot.com\/blog\/wp-content\/uploads\/2019\/09\/WU-Ankunft-Kopie-1.jpg 1259w\" sizes=\"auto, (max-width: 640px) 100vw, 640px\" \/><\/p>\n<p>Wer h\u00e4tte denn wohl gedacht, dass Istvan nach 263 Tagen auf See, den Boden \u2013 der Tatsachen! &#8211; auch nach der Ankunft am 21.03.2019 nicht erreichen w\u00fcrde? Das Psychogramm dieses Mannes zeigt Verhaltensauff\u00e4lligkeiten, die schwer zu begreifen sind, weil ihm Respekt, Anstand, Moral und Ehre offenbar unbekannt, er zudem soziale Interaktion nur als Einbahnstrasse akzeptiert. Es war ein Fehler, mich hier einzulassen, weshalb ich fr\u00fch die Notbremse gezogen und meine Erfahrungen niedergeschrieben habe. Meine Botschaften m\u00fcssen den Mann erreicht, gest\u00f6rt, ersch\u00fcttert und w\u00fctend gemacht haben, was daran zu erkennen ist, dass die Attacken \u00fcber FB, Podcasts und Twitter stetig b\u00f6sartiger, mir am Ende sogar eine Generalschuld zugewiesen wurde. \u201eWindpilot killed my GGR\u201c. <\/p>\n<p>Fakt ist, dass ich seit dem 29.Juni 2018 bis zum heutigen Tage von Istvan keinerlei Nachrichten &#8211;  oder Hilfe-Ersuchen &#8211; erhalten habe. Im Gegenzug habe ich seinem Landteam sowie dem Veranstalter eine  Vielzahl von Verbesserungsvorschl\u00e4gen unterbreitet, die f\u00fcr jedermann in Blogs nachzulesen sind. Meine Ratschl\u00e4ge m\u00fcssen hilfreich gewesen sein, denn der Mann ist gesund und munter \u2013 mitsamt allen seinen Fingern\u00e4geln! &#8211; im Zielhafen angekommen.<\/p>\n<p><strong>DAS PUFFIN PUZZLE<\/strong><br \/>\n<img loading=\"lazy\" decoding=\"async\" src=\"https:\/\/windpilot.com\/blog\/wp-content\/uploads\/2019\/04\/Kapit\u00e4n-schwere-See.jpg\" alt=\"\" width=\"1274\" height=\"865\" class=\"aligncenter size-full wp-image-19578\" srcset=\"https:\/\/windpilot.com\/blog\/wp-content\/uploads\/2019\/04\/Kapit\u00e4n-schwere-See.jpg 1274w, https:\/\/windpilot.com\/blog\/wp-content\/uploads\/2019\/04\/Kapit\u00e4n-schwere-See-300x204.jpg 300w, https:\/\/windpilot.com\/blog\/wp-content\/uploads\/2019\/04\/Kapit\u00e4n-schwere-See-768x521.jpg 768w, https:\/\/windpilot.com\/blog\/wp-content\/uploads\/2019\/04\/Kapit\u00e4n-schwere-See-1024x695.jpg 1024w\" sizes=\"auto, (max-width: 1274px) 100vw, 1274px\" \/><\/p>\n<p>Mit dem zeitlichen Abstand von 9 Monaten und einer schier unendlichen Reihe an unsch\u00f6nen Erfahrungen, f\u00fcgt sich f\u00fcr mich das Puffin Puzzle zu einer logisch konsistenten \u2013 zeitgleich spannenden Geschichte, besser als Fernsehen, was mein Sarkasmus mir hier erlaubt. Auch wenn Istvan auf die Frage nach dem WARUM vermutlich niemals eine ehrliche Antwort geben wird, sind nun Handlungsstr\u00e4nge sichtbar, die bessere Antworten zu geben in der Lage sind. Mir scheint heute folgendes Szenario denkbar:<\/p>\n<p>W\u00e4hrend der \u00dcberf\u00fchrungsfahrt nach England \u2013 der ersten Testfahrt mit diesem Schiff \u2013 wird Istvan der Planungsfehler in Bezug auf die Besonderheiten &#8211; mangelnder Eignung wg. zu direkter \u00dcbersetzung &#8211; seiner Radsteueranlage auf PUFFIN schnell deutlich geworden sein. Zusammenh\u00e4nge, deren Konsequenzen f\u00fcr einen erfahrenen Segler keine komplizierte Denkarbeit erfordert. Guter Rat hingegen war damals teuer, das Geld zudem chronisch knapp, ein Umbau auf Pinne oder ein anderes Radsteuersystem vor dem Start w\u00e4re allein schon aus Zeitgr\u00fcnden nicht mehr m\u00f6glich gewesen. So galt es, eine L\u00f6sung zu finden, die die Leuchtkraft eigener Einzigartigkeit nicht zu besch\u00e4digen in der Lage ist, denn immerhin war der Mann mit der \u00dcberzeugung angetreten, das GGR zu gewinnen. Ein Plan musste also her &#8230; der Segler hat ihn offenbar schnell gefunden.<\/p>\n<p><img loading=\"lazy\" decoding=\"async\" src=\"https:\/\/windpilot.com\/blog\/wp-content\/uploads\/2019\/04\/Seemannsgarn-low.jpg\" alt=\"\" width=\"1282\" height=\"866\" class=\"aligncenter size-full wp-image-19579\" srcset=\"https:\/\/windpilot.com\/blog\/wp-content\/uploads\/2019\/04\/Seemannsgarn-low.jpg 1282w, https:\/\/windpilot.com\/blog\/wp-content\/uploads\/2019\/04\/Seemannsgarn-low-300x203.jpg 300w, https:\/\/windpilot.com\/blog\/wp-content\/uploads\/2019\/04\/Seemannsgarn-low-768x519.jpg 768w, https:\/\/windpilot.com\/blog\/wp-content\/uploads\/2019\/04\/Seemannsgarn-low-1024x692.jpg 1024w\" sizes=\"auto, (max-width: 1282px) 100vw, 1282px\" \/><\/p>\n<p>Istvan hat mich allerdings bis zum Start Topfschlagen lassen, sogar den Systemwechsel in Southampton angedroht, mir hingegen sein Detailwissen in Bezug auf seine Radsteuerung, wie ich es heute sehe, unter Vorsatz, vorenthalten. Den Paukenschlag offener Anschuldigungen im Podcast hatte er sich &#8211; \u00e4usserst medienwirksam &#8211; f\u00fcr die erste Etappe nach Lanzarote aufgehoben. Es hat mich wie der Blitz getroffen! W\u00e4hrend ich mich fieberhaft an die Arbeit machte, Hilfestellungen und L\u00f6sungsvorschl\u00e4ge zu erarbeiten, ist mir nicht der Gedanke gekommen, dass ich hier einem Plan aufgesessen bin. Zudem war ich perplex bis fast zum Herzstillstand, hatte der Mann doch im Verlauf vieler gemeinsamer Tage in LSO mir gegen\u00fcber keinerlei Vermutungen ge\u00e4ussert! <\/p>\n<p>Heute erscheint mir zwingend, dass Istvan \u2013 vermutlich irgendwo im Bermuda Dreieck? &#8211; den perfiden Plan gefasst haben muss, seinen Planungsfehler dem Sponsor seiner Windsteueranlage \u2013 mir! &#8211; mit Nachdruck in die Schuhe zu schieben. Die Androhung eines Systemwechsels brachte mein Blut in Wallung, heute erkenne ich dies als b\u00f6sartige Nebelkerze, zumal urpl\u00f6tzlich sogar finanzielle Gr\u00fcnde vorgeschoben wurden, dass man sich die \u201erichtige\u201c Windsteueranlage \u2013 eine Monitor &#8211; leider finanziell nicht habe leisten k\u00f6nnen. Ein Vorwurf, dem Fakten entgegen stehen, der gleichwohl Druck erzeugte, weil ich zun\u00e4chst glaubte, es handele sich um einen b\u00f6sen Scherz. War es aber nicht, denn es war mit Istvan\u00b4s Worten \u201epretty much\u201c das erkl\u00e4rte Ziel, sich selbst als US Hero der Sonderklasse zu stilisieren ( Istvan: &#8222;I have been elected&#8220; ) \u2013 und auf eine Stufe mit Joshua Slocum zu stellen, mit dem der Mann sich bei der Preisverleihung am 22.04.2019 h\u00f6chstselbst verglichen hat:<\/p>\n<p>https:\/\/www.facebook.com\/goldengloberace\/videos\/vb.1751709878415736\/346213766030344\/?type=2&#038;theater<\/p>\n<p>Zitat Istvan 29:00 min:<\/p>\n<blockquote><p>I feel very much close like Joshua Slocum ( he was American! ) \u2026 no radio, no wind vane \u2026 almost everything broke down \u2026 <\/p><\/blockquote>\n<p><img loading=\"lazy\" decoding=\"async\" src=\"https:\/\/windpilot.com\/blog\/wp-content\/uploads\/2019\/04\/schnuff-white-house-quer.jpg\" alt=\"\" width=\"1722\" height=\"1388\" class=\"aligncenter size-full wp-image-19587\" srcset=\"https:\/\/windpilot.com\/blog\/wp-content\/uploads\/2019\/04\/schnuff-white-house-quer.jpg 1722w, https:\/\/windpilot.com\/blog\/wp-content\/uploads\/2019\/04\/schnuff-white-house-quer-300x242.jpg 300w, https:\/\/windpilot.com\/blog\/wp-content\/uploads\/2019\/04\/schnuff-white-house-quer-768x619.jpg 768w, https:\/\/windpilot.com\/blog\/wp-content\/uploads\/2019\/04\/schnuff-white-house-quer-1024x825.jpg 1024w\" sizes=\"auto, (max-width: 1722px) 100vw, 1722px\" \/><\/p>\n<p>Sein zeitgleich ge\u00e4usserter Hinweis:<\/p>\n<blockquote><p>\u201eI just got a tweet from the <strong>WHITE HOUSE<\/strong> congratulating me a couple of minutes ago \u2026 \u201e<\/p><\/blockquote>\n<p>ist hingegen auf Twitter oder FB nicht zu finden, oder hat Istvan das am Ende selbst gel\u00f6scht, weil die lange Pinocchio Nase quer vor den Augen den Blick auf die Realit\u00e4ten versperrte oder seine Pferde mit ihm durchgegangen sind? Die Verantwortung f\u00fcr den \u201enur\u201c 4. Platz wurde mir  s.o. zugeschoben. <\/p>\n<p>Dieser Segler hat die Interessen seines Sponsors den seinen \u2013 vermutlich unter Vorsatz und mit beachtlicher Energie \u2013 untergeordnet, dabei offenbar wohl zu keiner Zeit mit der Gegenwehr seines Gegen\u00fcber\u00b4s gerechnet, der die Zusammenh\u00e4nge zu sortieren, verdichten und verdeutlichen in der Lage gewesen ist, zudem \u00fcber ein Forum sowie Pressekontakte verf\u00fcgt, all dies der interessierten \u00d6ffentlichkeit zu unterbreiten. Einem Mann, dessen Lebensk\u00e4mpfe online nachzulesen sind \u2026 die er meist hat f\u00fcr sich entscheiden k\u00f6nnen. <\/p>\n<p><strong>EIN WETTLAUF ZWISCHEN IGEL UND HASE?<\/strong><br \/>\n<img loading=\"lazy\" decoding=\"async\" src=\"https:\/\/windpilot.com\/blog\/wp-content\/uploads\/2019\/04\/Selfie-Karrussell.jpg\" alt=\"\" width=\"1270\" height=\"865\" class=\"aligncenter size-full wp-image-19580\" srcset=\"https:\/\/windpilot.com\/blog\/wp-content\/uploads\/2019\/04\/Selfie-Karrussell.jpg 1270w, https:\/\/windpilot.com\/blog\/wp-content\/uploads\/2019\/04\/Selfie-Karrussell-300x204.jpg 300w, https:\/\/windpilot.com\/blog\/wp-content\/uploads\/2019\/04\/Selfie-Karrussell-768x523.jpg 768w, https:\/\/windpilot.com\/blog\/wp-content\/uploads\/2019\/04\/Selfie-Karrussell-1024x697.jpg 1024w\" sizes=\"auto, (max-width: 1270px) 100vw, 1270px\" \/><\/p>\n<p>Mitnichten, eher ein unw\u00fcrdiges Spektakel, auf das ich allzu gern verzichtet h\u00e4tte, f\u00fcr das am Ende jemand die Konsequenzen zu tragen haben wird, weshalb diese Zeilen geschrieben werden. Wenn Twitter, Podcast, Facebook sowie ein gut geschmierter Media Apparat eines durch Sponsoren Deal in seiner Meinungs\u00e4usserung weniger freien Veranstalters, der Faktensammlung und Expertise eines einsamen Windsteuersystem Herstellers und Bloggers entgegenstehen, entsteht Reibung, was nicht ohne Folgen bleiben kann. Ich habe vom Tage Eins meines Engagements f\u00fcr die GGR Segler, seitens des Veranstalters eine sehr \u201ebesondere Verhaltensweise\u201c zu sp\u00fcren bekommen, der Begriff &#8222;Gegenwind&#8220; w\u00e4re dabei zu schwach. St\u00fcrmischer Gegenwind unter peitschendem Kanonenhagel, w\u00e4re die passendere Bezeichnung. Ich wurde zum &#8222;pain in the ass&#8220; f\u00fcr einen Mann, der zu jeder Zeit seine so offenbar ganz andere Vorstellung in Bezug auf &#8222;geeignete Heckverzierungen in seiner Veranstaltung&#8220; demonstrierte. Aber: wof\u00fcr h\u00e4tte ich mich entschuldigen sollen? <\/p>\n<p><strong>MEIN PERS\u00d6NLICHES WATERLOO<\/strong><br \/>\n<img loading=\"lazy\" decoding=\"async\" src=\"https:\/\/windpilot.com\/blog\/wp-content\/uploads\/2019\/04\/Gr\u00fcssaugust.jpg\" alt=\"\" width=\"1093\" height=\"777\" class=\"aligncenter size-full wp-image-19583\" srcset=\"https:\/\/windpilot.com\/blog\/wp-content\/uploads\/2019\/04\/Gr\u00fcssaugust.jpg 1093w, https:\/\/windpilot.com\/blog\/wp-content\/uploads\/2019\/04\/Gr\u00fcssaugust-300x213.jpg 300w, https:\/\/windpilot.com\/blog\/wp-content\/uploads\/2019\/04\/Gr\u00fcssaugust-768x546.jpg 768w, https:\/\/windpilot.com\/blog\/wp-content\/uploads\/2019\/04\/Gr\u00fcssaugust-1024x728.jpg 1024w\" sizes=\"auto, (max-width: 1093px) 100vw, 1093px\" \/><\/p>\n<p>Die unselige Liaison eines mir feindlich gesinnten Seglers mit einem Veranstalter, der von einem Marktbegleiter Sponsorengeld angenommen hatte, wurde zu einer gef\u00e4hrlichen Mischung, die monatelang meine Tage und N\u00e4chte beherrschte. F\u00fcr mich einzig wichtig: ich wollte meine Marke und meine Lebensleistung sch\u00fctzen. Daf\u00fcr habe ich in der GGR Causa bislang 23 Blogs verfasst, kollateral dem Veranstalter &#8211; erkennbar manchmal gegen seinen Willen! &#8211; zu besonderen Detailkenntnissen in Sachen Heckornamente verholfen, in <strong>Drei Striptease Blogs<\/strong> die Erfahrungen der GGR Matadore analysiert \u2026 und \u2013 ganz wie Don Quichotte \u2013 meine Erkenntnisse im weltweiten Umfeld verbreitet.<\/p>\n<p>Immerhin, ich hatte diesen Kampf verarbeitet, verdaut und resiliert, vertraute darauf, am Ende mein Windpilot Equipment unter Mithilfe des Veranstalters und eines geneigten Journalisten vollst\u00e4ndig in LSO zur\u00fcck zu erhalten. Ich sollte mich t\u00e4uschen! Pinocchio hatte noch einen ganz besonderen Salto Mortale f\u00fcr mich vorbereitet; ein kommunikatives Ping Pong Spiel, bei dem der Ball von Windpilot \u2013 Istvan\u00b4s Landteam \u2013 Puffin \u2013 bis zum Veranstalter gespielt, ich allerdings bis heute nicht ganz verstanden habe, wie Istvan seine Informationen bezogen haben k\u00f6nnte. Mir ist schon der abenteuerliche Gedanke gekommen, dass Istvan\u00b4s Frau beim Abschied vielleicht ihr Sat-Phone an Bord vergessen haben k\u00f6nnte. Aber vermutlich geht hier meine Phantasie mit mir durch. Jedenfalls ging die Geschichte so:<\/p>\n<p>Wenige Tage vor Istvan\u00b4s Ankunft hatte ich ein Rundschreiben an Istvan`s Team \/ Ehefrau Eva Kovacz \/ Manager Ian Gumprecht \/ Robert Farrelly \/ Don McIntyre und Barry Pickthall verfasst, in dem ich die Forderung nach R\u00fcckgabe meiner Ausr\u00fcstung bekr\u00e4ftigte. Wenig sp\u00e4ter &#8211; Puffin befand sich 24 Std vor dem Zielhafen \u2013 ist <a href=\"https:\/\/soundcloud.com\/goldengloberace\/istvan-kopar-special-satellite-call-with-wife-before-his-arrival-20032019\">im Podcast vom 20.03.2019<\/a> &#8211; ein aufschlussreicher Dialog dokumentiert: <\/p>\n<p>Don hatte sich gerade aufgemacht, das Gespr\u00e4ch zu beenden, als Istvan in Minute 08:55 noch einmal das Wort ergriff:<\/p>\n<p><strong>Istvan<\/strong>: <\/p>\n<blockquote><p>I definitely want to share an experience with Tapio when I get the chance \u2026 I am hoping \u2026 or if you want \u2026 just tell him ( Tapio ) to replace the windpilot with the spare one &#8230; when the weather is really good \u2026 because he doesn\u00b4t want to have that experience that I had because I needed to handsteer 24 hours straight to get the chance to replace it \u2026 <\/p><\/blockquote>\n<p><strong>Don<\/strong>: <\/p>\n<blockquote><p>is it the servo blade that shore off or the wind vane? \u2026<\/p><\/blockquote>\n<p><strong>Istvan<\/strong>: <\/p>\n<blockquote><p>oh, oh &#8230; this is the vane unit, its the wind vane. Okay &#8230; I started in New York some 30.000 nm ago &#8230; I think the best thing is to advise Tapio he should replace the ( Windpilot ) unit with the spare one \u2026 everyone got a spare unit \u2026 there is no way to repair the unit because its the same as like the steering ( pedestal ), it has \u201ecog wheels\u201c inside the tube and you can&#8217;t repair it \u2026 that\u00b4s the reason why Peter gave us a spare one, because seemingly he ( Peter ) knew that the cog wheels will not last &#8230;<\/p><\/blockquote>\n<p><img loading=\"lazy\" decoding=\"async\" src=\"https:\/\/windpilot.com\/blog\/wp-content\/uploads\/2019\/04\/Kap-Hoorn-low.jpg\" alt=\"\" width=\"3138\" height=\"2136\" class=\"aligncenter size-full wp-image-19577\" srcset=\"https:\/\/windpilot.com\/blog\/wp-content\/uploads\/2019\/04\/Kap-Hoorn-low.jpg 3138w, https:\/\/windpilot.com\/blog\/wp-content\/uploads\/2019\/04\/Kap-Hoorn-low-300x204.jpg 300w, https:\/\/windpilot.com\/blog\/wp-content\/uploads\/2019\/04\/Kap-Hoorn-low-768x523.jpg 768w, https:\/\/windpilot.com\/blog\/wp-content\/uploads\/2019\/04\/Kap-Hoorn-low-1024x697.jpg 1024w\" sizes=\"auto, (max-width: 3138px) 100vw, 3138px\" \/><\/p>\n<p>Eine Bemerkung, die mich elektrisierte, denn hier wurde, mit leichter Hand und, wie ich es empfinde, krimineller Energie \u2013 eine gewagte Unterstellung \u00f6ffentlichkeitswirksam formuliert, die die  Seriosit\u00e4t eines Produktes insgesamt in Frage stellte: neben konstruktiver Schw\u00e4che wurde dem Konstrukteur zeitgleich der Vorsatz unterstellt, genau darum ein Reservesystem zur Verf\u00fcgung gestellt zu haben. Der Fortgang der Geschichte ist anhand von Fakten schnell berichtet:<\/p>\n<p>Puffin wurde innerhalb 24 Std nach Ankunft leer ger\u00e4umt, gereinigt und zum Verkauf vorbereitet, vermutlich der Grund f\u00fcr Don\u00b4s Video, Schiff und Ausr\u00fcstung penibel zu dokumentieren.<br \/>\nhttps:\/\/www.facebook.com\/goldengloberace\/videos\/vb.1751709878415736\/365575510965038\/?type=2&#038;theater<br \/>\nDie \u201eangeblich\u201c gebrochene Pacific ist vollst\u00e4ndig und erkennbar ohne Sch\u00e4den m\u00fchelos zu erkennen, derweil das Reserve System am Heck zu sehen ist.<\/p>\n<p><strong>EINE FATA MORGANA?<\/strong><br \/>\n<img loading=\"lazy\" decoding=\"async\" src=\"https:\/\/windpilot.com\/blog\/wp-content\/uploads\/2019\/04\/kamel.jpeg\" alt=\"\" width=\"842\" height=\"596\" class=\"aligncenter size-full wp-image-19594\" srcset=\"https:\/\/windpilot.com\/blog\/wp-content\/uploads\/2019\/04\/kamel.jpeg 842w, https:\/\/windpilot.com\/blog\/wp-content\/uploads\/2019\/04\/kamel-300x212.jpeg 300w, https:\/\/windpilot.com\/blog\/wp-content\/uploads\/2019\/04\/kamel-768x544.jpeg 768w\" sizes=\"auto, (max-width: 842px) 100vw, 842px\" \/><\/p>\n<p>Nach unz\u00e4hligen weltweit verbreiteten Horror Geschichten von einer Windpilot Anlage, die eine Whitlock Cobra \u201eauf dem Gewissen hat\u201c, waren bei Ankunft in LSO im Cockpit der Puffin keinerlei Besch\u00e4digungen an Pedestal der Whitlock Cobra sowie Bodenplatte zu erkennen. Es erscheint bemerkenswert, dass dem interessierten FB Betrachter zwar eine Question und Answer Session versprochen, hingegen bis heute keinerlei Details zu erfahren sind. Vermutlich wurden die wichtigen Fragen weder von fachlich interessierten Journalisten noch Veranstalter bis heute \u00fcberhaupt gestellt! Fast k\u00f6nnte man meinen, hier w\u00e4ren monatelang M\u00e4rchen erz\u00e4hlt worden, denn das Schiff hat zwischenzeitlich ger\u00e4uschlos einen neuen Eigner gefunden, es wird berichtet, dass er eine Hydrovane zu installieren plane. <\/p>\n<p><strong>PINOCCHIOS FINTE<\/strong><br \/>\n<img loading=\"lazy\" decoding=\"async\" src=\"https:\/\/windpilot.com\/blog\/wp-content\/uploads\/2019\/04\/Megayacht.jpg\" alt=\"\" width=\"1078\" height=\"764\" class=\"aligncenter size-full wp-image-19584\" srcset=\"https:\/\/windpilot.com\/blog\/wp-content\/uploads\/2019\/04\/Megayacht.jpg 1078w, https:\/\/windpilot.com\/blog\/wp-content\/uploads\/2019\/04\/Megayacht-300x213.jpg 300w, https:\/\/windpilot.com\/blog\/wp-content\/uploads\/2019\/04\/Megayacht-768x544.jpg 768w, https:\/\/windpilot.com\/blog\/wp-content\/uploads\/2019\/04\/Megayacht-1024x726.jpg 1024w\" sizes=\"auto, (max-width: 1078px) 100vw, 1078px\" \/><\/p>\n<p>Im Zweifelsfall sind Fakten gemeinhin hilfreich, um offene Fragen zu kl\u00e4ren und Unstimmigkeiten \u2013 oder Streitigkeiten? &#8211; zu bereinigen. Eine Windpilot Anlage mit \u201ebroken\u201c &#8211; Kegelr\u00e4dern w\u00e4re ein Beweis, den jeder Betrachter sogar wortlos akzeptiert \u2013 mich eingeschlossen! <\/p>\n<p><img loading=\"lazy\" decoding=\"async\" src=\"https:\/\/windpilot.com\/blog\/wp-content\/uploads\/2019\/04\/return-low.jpg\" alt=\"\" width=\"2144\" height=\"1800\" class=\"aligncenter size-full wp-image-19598\" srcset=\"https:\/\/windpilot.com\/blog\/wp-content\/uploads\/2019\/04\/return-low.jpg 2144w, https:\/\/windpilot.com\/blog\/wp-content\/uploads\/2019\/04\/return-low-300x252.jpg 300w, https:\/\/windpilot.com\/blog\/wp-content\/uploads\/2019\/04\/return-low-768x645.jpg 768w, https:\/\/windpilot.com\/blog\/wp-content\/uploads\/2019\/04\/return-low-1024x860.jpg 1024w\" sizes=\"auto, (max-width: 2144px) 100vw, 2144px\" \/><\/p>\n<p>Istvan allerdings, hat sich anders entschieden: Bei der \u00dcbergabe der Windpilot Ausr\u00fcstung am 19.04.2019 hat er die R\u00fcckgabe der \u201ebroken\u201c Pacific verweigert, weil er sie als \u201epersonal evidence\u201c  behalten m\u00f6chte. Selbst das Vorzeigen des \u201eBeweises\u201c hat er strikt verweigert &#8230; <\/p>\n<p>Mein Kopf weigert sich, hier dumme Folgerungen zu ziehen auch wenn mir die F\u00fclle an Erfahrungen mit diesem Menschen, genau solche Gedanken nahe zu legen suchen.<\/p>\n<p><img loading=\"lazy\" decoding=\"async\" src=\"https:\/\/windpilot.com\/blog\/wp-content\/uploads\/2019\/04\/Im-Eis.jpg\" alt=\"\" width=\"1066\" height=\"762\" class=\"aligncenter size-full wp-image-19586\" srcset=\"https:\/\/windpilot.com\/blog\/wp-content\/uploads\/2019\/04\/Im-Eis.jpg 1066w, https:\/\/windpilot.com\/blog\/wp-content\/uploads\/2019\/04\/Im-Eis-300x214.jpg 300w, https:\/\/windpilot.com\/blog\/wp-content\/uploads\/2019\/04\/Im-Eis-768x549.jpg 768w, https:\/\/windpilot.com\/blog\/wp-content\/uploads\/2019\/04\/Im-Eis-1024x732.jpg 1024w\" sizes=\"auto, (max-width: 1066px) 100vw, 1066px\" \/><\/p>\n<p>Ich fasse zusammen: Meine Windpilot Pacific hat Puffin samt Skipper 30.000 nm klaglos gesteuert, dabei 12 schwere St\u00fcrme >50 kn und 3 Kenterungen \u00fcberstanden, wie in Robin Knox-Johnston\u00b4s Bericht nachzulesen ist. Alle dem Skipper \u201ejust in case\u201c \u00fcberlassenen Ersatzteile wurden unbenutzt an mich retourniert. Das Corpus Delicti \u2013 eine Pacific mit <strong>\u201ebroken cog wheels\u201c<\/strong> wird mir bis heute vorenthalten.<\/p>\n<p>Ein Dankesch\u00f6n werde ich von diesem Segler vermutlich ebenso wenig erhalten, wie eine Entschuldigung, wie sie unter Erwachsenen eigentlich selbstverst\u00e4ndlich ist. Mir bleibt nur zu hoffen, dass gen\u00fcgend kluge Menschen durch meine Ausf\u00fchrungen erkennen m\u00f6gen, welch gewaltiger Schaden im sensiblen Bereich des Segel Sponsorings hier angerichtet wurde, zumal  diese GGR Veranstaltung von Anfang an bis heute durch einen Mangel an Sponsoren gekennzeichnet gewesen ist.<\/p>\n<p>Ich halte die hier durchlebten Erfahrungen f\u00fcr aussergew\u00f6hnlich, wundere mich gleichwohl \u00fcber das Verhalten einiger Journalisten, die sich erkennbar im Tiefschlaf befinden, oder aber \u2013 aus Kostengr\u00fcnden \u2013 lediglich mit \u201ecopy and paste\u201c, von einem Media Agenten vorbereitete Berichte repetieren. <\/p>\n<p>Ich versp\u00fcre gerade leichten Druck in meiner Magengegend, dem ich vermutlich nachzugehen haben werde, um in n\u00e4chster Zeit einmal Ross und Reiter meiner Beobachtungen aufs Korn zu nehmen \u2026 um eine neue T\u00fcr zu \u00f6ffnen, hinter der sich seit Jahren einiges angestaut hat.<\/p>\n<p>Ein \u00fcberaus reizvoller Gedanke!<\/p>\n<p>Hamburg 28.04.2019<br \/>\nPeter Foerthmann<\/p>\n<p><strong>PROLOG:<\/strong><br \/>\nWindpilot verwendet Getriebe Teile aus GK-CuAl10Ni benannter Mehrstoff Aluminium Bronce, einem Werkstoff, der zeitgleich z\u00e4h und nahezu unzerst\u00f6rbar ist, zudem erheblichen Aufwand bei der Bearbeitung erfordert. Im Verlauf von 23 Jahren, dem Lebenszyklus der heutigen System Familie, hat es auf tausenden Blauwasser Yachten mit unz\u00e4hligen Millionen Meilen im Kielwasser keinerlei Sch\u00e4den an Getriebeteilen gegeben.<\/p>\n<blockquote class=\"wp-embedded-content\" data-secret=\"O0PgJlefGI\"><p><a href=\"https:\/\/windpilot.com\/blog\/golden-globe-race\/windv-striptease\/don-mcintyre-ggr\/\">Windv. Striptease #1<\/a><\/p><\/blockquote>\n<p><iframe loading=\"lazy\" class=\"wp-embedded-content\" sandbox=\"allow-scripts\" security=\"restricted\" style=\"position: absolute; clip: rect(1px, 1px, 1px, 1px);\" title=\"&#8222;Windv. Striptease #1&#8220; &#8212; Windpilot Blog\" src=\"https:\/\/windpilot.com\/blog\/golden-globe-race\/windv-striptease\/don-mcintyre-ggr\/embed\/#?secret=TYj8FtnVz5#?secret=O0PgJlefGI\" data-secret=\"O0PgJlefGI\" width=\"600\" height=\"338\" frameborder=\"0\" marginwidth=\"0\" marginheight=\"0\" scrolling=\"no\"><\/iframe><\/p>\n<blockquote class=\"wp-embedded-content\" data-secret=\"w6wHUveFVo\"><p><a href=\"https:\/\/windpilot.com\/blog\/golden-globe-race\/windv-striptease\/windv-striptease-2\/\">Windv. Striptease #2<\/a><\/p><\/blockquote>\n<p><iframe loading=\"lazy\" class=\"wp-embedded-content\" sandbox=\"allow-scripts\" security=\"restricted\" style=\"position: absolute; clip: rect(1px, 1px, 1px, 1px);\" title=\"&#8222;Windv. Striptease #2&#8220; &#8212; Windpilot Blog\" src=\"https:\/\/windpilot.com\/blog\/golden-globe-race\/windv-striptease\/windv-striptease-2\/embed\/#?secret=O7yHDXgp5c#?secret=w6wHUveFVo\" data-secret=\"w6wHUveFVo\" width=\"600\" height=\"338\" frameborder=\"0\" marginwidth=\"0\" marginheight=\"0\" scrolling=\"no\"><\/iframe><\/p>\n<blockquote class=\"wp-embedded-content\" data-secret=\"k4JohTZG4Z\"><p><a href=\"https:\/\/windpilot.com\/blog\/golden-globe-race\/windv-striptease\/windv-striptease-3\/\">Windv. Striptease #3<\/a><\/p><\/blockquote>\n<p><iframe loading=\"lazy\" class=\"wp-embedded-content\" sandbox=\"allow-scripts\" security=\"restricted\" style=\"position: absolute; clip: rect(1px, 1px, 1px, 1px);\" title=\"&#8222;Windv. Striptease #3&#8220; &#8212; Windpilot Blog\" src=\"https:\/\/windpilot.com\/blog\/golden-globe-race\/windv-striptease\/windv-striptease-3\/embed\/#?secret=plBJ9s6Xr6#?secret=k4JohTZG4Z\" data-secret=\"k4JohTZG4Z\" width=\"600\" height=\"338\" frameborder=\"0\" marginwidth=\"0\" marginheight=\"0\" scrolling=\"no\"><\/iframe><\/p>\n","protected":false},"excerpt":{"rendered":"<p>DIE LETZTE FINTE &#8211; UNTERHALB DER G\u00dcRTELLINIE Wer h\u00e4tte denn wohl gedacht, dass Istvan nach 263 Tagen auf See, den Boden \u2013 der Tatsachen! &#8211; auch nach der Ankunft am 21.03.2019 nicht erreichen w\u00fcrde? Das Psychogramm dieses Mannes zeigt Verhaltensauff\u00e4lligkeiten, &hellip; <a href=\"https:\/\/windpilot.com\/blog\/golden-globe-race\/die-segler\/istvan-kopar\/istvan-kopar-alias-pinocchio\/\">Weiterlesen <span class=\"meta-nav\">&rarr;<\/span><\/a><\/p>\n","protected":false},"author":1,"featured_media":0,"parent":20015,"menu_order":4,"comment_status":"open","ping_status":"closed","template":"","meta":{"footnotes":""},"class_list":["post-19571","page","type-page","status-publish","hentry"],"_links":{"self":[{"href":"https:\/\/windpilot.com\/blog\/wp-json\/wp\/v2\/pages\/19571","targetHints":{"allow":["GET"]}}],"collection":[{"href":"https:\/\/windpilot.com\/blog\/wp-json\/wp\/v2\/pages"}],"about":[{"href":"https:\/\/windpilot.com\/blog\/wp-json\/wp\/v2\/types\/page"}],"author":[{"embeddable":true,"href":"https:\/\/windpilot.com\/blog\/wp-json\/wp\/v2\/users\/1"}],"replies":[{"embeddable":true,"href":"https:\/\/windpilot.com\/blog\/wp-json\/wp\/v2\/comments?post=19571"}],"version-history":[{"count":23,"href":"https:\/\/windpilot.com\/blog\/wp-json\/wp\/v2\/pages\/19571\/revisions"}],"predecessor-version":[{"id":20306,"href":"https:\/\/windpilot.com\/blog\/wp-json\/wp\/v2\/pages\/19571\/revisions\/20306"}],"up":[{"embeddable":true,"href":"https:\/\/windpilot.com\/blog\/wp-json\/wp\/v2\/pages\/20015"}],"wp:attachment":[{"href":"https:\/\/windpilot.com\/blog\/wp-json\/wp\/v2\/media?parent=19571"}],"curies":[{"name":"wp","href":"https:\/\/api.w.org\/{rel}","templated":true}]}}